{"id":372,"date":"2024-06-11T22:45:20","date_gmt":"2024-06-11T15:45:20","guid":{"rendered":"https:\/\/omanivietnam.com\/?page_id=372"},"modified":"2024-11-29T12:02:29","modified_gmt":"2024-11-29T05:02:29","slug":"gioi-thieu","status":"publish","type":"page","link":"https:\/\/omanivietnam.com\/index.php\/gioi-thieu\/","title":{"rendered":"GI\u1edaI THI\u1ec6U"},"content":{"rendered":"\t\t<div data-elementor-type=\"wp-page\" data-elementor-id=\"372\" class=\"elementor elementor-372\">\n\t\t\t\t<div class=\"elementor-element elementor-element-a275743 e-flex e-con-boxed e-con e-parent\" data-id=\"a275743\" data-element_type=\"container\">\n\t\t\t\t\t<div class=\"e-con-inner\">\n\t\t<div class=\"elementor-element elementor-element-6c5c7a4 e-con-full e-flex e-con e-child\" data-id=\"6c5c7a4\" data-element_type=\"container\">\n\t\t\t\t<div class=\"elementor-element elementor-element-51a998f elementor-widget elementor-widget-image\" data-id=\"51a998f\" data-element_type=\"widget\" data-widget_type=\"image.default\">\n\t\t\t\t<div class=\"elementor-widget-container\">\n\t\t\t<style>\/*! elementor - v3.21.0 - 26-05-2024 *\/\n.elementor-widget-image{text-align:center}.elementor-widget-image a{display:inline-block}.elementor-widget-image a img[src$=\".svg\"]{width:48px}.elementor-widget-image img{vertical-align:middle;display:inline-block}<\/style>\t\t\t\t\t\t\t\t\t\t<img decoding=\"async\" width=\"150\" height=\"150\" src=\"https:\/\/omanivietnam.com\/wp-content\/uploads\/2024\/06\/logo-150x150.png\" class=\"attachment-thumbnail size-thumbnail wp-image-246\" alt=\"\" srcset=\"https:\/\/omanivietnam.com\/wp-content\/uploads\/2024\/06\/logo-150x150.png 150w, https:\/\/omanivietnam.com\/wp-content\/uploads\/2024\/06\/logo-300x300.png 300w, https:\/\/omanivietnam.com\/wp-content\/uploads\/2024\/06\/logo-100x100.png 100w, https:\/\/omanivietnam.com\/wp-content\/uploads\/2024\/06\/logo-600x600.png 600w, https:\/\/omanivietnam.com\/wp-content\/uploads\/2024\/06\/logo-1024x1024.png 1024w, https:\/\/omanivietnam.com\/wp-content\/uploads\/2024\/06\/logo-768x768.png 768w, https:\/\/omanivietnam.com\/wp-content\/uploads\/2024\/06\/logo-1536x1536.png 1536w, https:\/\/omanivietnam.com\/wp-content\/uploads\/2024\/06\/logo-2048x2048.png 2048w, https:\/\/omanivietnam.com\/wp-content\/uploads\/2024\/06\/logo-512x512.png 512w, https:\/\/omanivietnam.com\/wp-content\/uploads\/2024\/06\/logo-420x420.png 420w, https:\/\/omanivietnam.com\/wp-content\/uploads\/2024\/06\/logo-75x75.png 75w\" sizes=\"(max-width: 150px) 100vw, 150px\" \/>\t\t\t\t\t\t\t\t\t\t\t\t\t<\/div>\n\t\t\t\t<\/div>\n\t\t\t\t<\/div>\n\t\t<div class=\"elementor-element elementor-element-516d653 e-con-full e-flex e-con e-child\" data-id=\"516d653\" data-element_type=\"container\">\n\t\t\t\t<div class=\"elementor-element elementor-element-a72906d elementor-widget elementor-widget-heading\" data-id=\"a72906d\" data-element_type=\"widget\" data-widget_type=\"heading.default\">\n\t\t\t\t<div class=\"elementor-widget-container\">\n\t\t\t<style>\/*! elementor - v3.21.0 - 26-05-2024 *\/\n.elementor-heading-title{padding:0;margin:0;line-height:1}.elementor-widget-heading .elementor-heading-title[class*=elementor-size-]>a{color:inherit;font-size:inherit;line-height:inherit}.elementor-widget-heading .elementor-heading-title.elementor-size-small{font-size:15px}.elementor-widget-heading .elementor-heading-title.elementor-size-medium{font-size:19px}.elementor-widget-heading .elementor-heading-title.elementor-size-large{font-size:29px}.elementor-widget-heading .elementor-heading-title.elementor-size-xl{font-size:39px}.elementor-widget-heading .elementor-heading-title.elementor-size-xxl{font-size:59px}<\/style><h2 class=\"elementor-heading-title elementor-size-default\">C\u00f4ng Ty TNHH OMANI Vi\u1ec7t Nam xin g\u1eedi l\u1eddi ch\u00e0o th\u00e2n \u00e1i \u0111\u1ebfn qu\u00fd kh\u00e1ch h\u00e0ng !<\/h2>\t\t<\/div>\n\t\t\t\t<\/div>\n\t\t\t\t<div class=\"elementor-element elementor-element-48df7eb elementor-widget elementor-widget-heading\" data-id=\"48df7eb\" data-element_type=\"widget\" data-widget_type=\"heading.default\">\n\t\t\t\t<div class=\"elementor-widget-container\">\n\t\t\t<h3 class=\"elementor-heading-title elementor-size-default\">\u201cGi\u1ea3i ph\u00e1p c\u1ee7a ch\u00fang t\u00f4i, l\u1ee3i \u00edch c\u1ee7a kh\u00e1ch h\u00e0ng\u201d <\/h3>\t\t<\/div>\n\t\t\t\t<\/div>\n\t\t\t\t<\/div>\n\t\t\t\t\t<\/div>\n\t\t\t\t<\/div>\n\t\t<div class=\"elementor-element elementor-element-227e1da e-flex e-con-boxed e-con e-parent\" data-id=\"227e1da\" data-element_type=\"container\">\n\t\t\t\t\t<div class=\"e-con-inner\">\n\t\t\t\t<div class=\"elementor-element elementor-element-d91ab65 elementor-widget elementor-widget-text-editor\" data-id=\"d91ab65\" data-element_type=\"widget\" data-widget_type=\"text-editor.default\">\n\t\t\t\t<div class=\"elementor-widget-container\">\n\t\t\t<style>\/*! elementor - v3.21.0 - 26-05-2024 *\/\n.elementor-widget-text-editor.elementor-drop-cap-view-stacked .elementor-drop-cap{background-color:#69727d;color:#fff}.elementor-widget-text-editor.elementor-drop-cap-view-framed .elementor-drop-cap{color:#69727d;border:3px solid;background-color:transparent}.elementor-widget-text-editor:not(.elementor-drop-cap-view-default) .elementor-drop-cap{margin-top:8px}.elementor-widget-text-editor:not(.elementor-drop-cap-view-default) .elementor-drop-cap-letter{width:1em;height:1em}.elementor-widget-text-editor .elementor-drop-cap{float:left;text-align:center;line-height:1;font-size:50px}.elementor-widget-text-editor .elementor-drop-cap-letter{display:inline-block}<\/style>\t\t\t\t<p>C\u00f4ng ty OMANI Vi\u1ec7t Nam ( Omani Viet Nam Co., Ltd ) chuy\u00ean cung c\u1ea5p thi\u1ebft b\u1ecb xy lanh kh\u00ed n\u00e9n, t\u1ef1 \u0111\u1ed9ng h\u00f3a nh\u1eadp kh\u1ea9u t\u1eeb Trung Qu\u1ed1c , \u0110\u00e0i Loan, Nh\u1eadt B\u1ea3n.<\/p><p>S\u1ea3n ph\u1ea9m ch\u00fang t\u00f4i cung c\u1ea5p mang th\u01b0\u01a1ng hi\u1ec7u n\u1ed5i ti\u1ebfng nh\u01b0: <b>SMC, CKD, FESTO , OMRON, MITSUBUSHI, FUJI, PANASONIC, THK, HIWIN<\/b>\u2026. Nh\u1eb1m th\u00fac \u0111\u1ea9y nghi\u00ean c\u1ee9u, ph\u00e1t tri\u1ec3n, chuy\u1ec3n giao v\u00e0 \u1ee9ng d\u1ee5ng c\u00e1c c\u00f4ng ngh\u1ec7 ch\u00ednh c\u1ee7a c\u00f4ng ngh\u1ec7 4.0 \u0111\u1ec3 t\u1ea1o ra c\u00e1c s\u1ea3n ph\u1ea9m trong s\u1ea3n xu\u1ea5t &#8211; kinh doanh v\u00e0 d\u1ecbch v\u1ee5, h\u1ed7 tr\u1ee3 \u0111\u1ed5i m\u1edbi v\u00e0 tri\u1ec3n khai m\u00f4 h\u00ecnh qu\u1ea3n tr\u1ecb, s\u1ea3n xu\u1ea5t kinh doanh. Ng\u00e0nh c\u00f4ng nghi\u1ec7p ki\u1ec3m so\u00e1t c\u00f3 n\u1ec1n t\u1ea3ng khoa h\u1ecdc v\u1eefng ch\u1eafc, \u0111\u1ea3m b\u1ea3o ki\u1ec3m so\u00e1t nhanh ch\u00f3ng, ch\u00ednh x\u00e1c hi\u1ec7u su\u1ea5t cao v\u1edbi d\u00e2y chuy\u1ec1n s\u1ea3n xu\u1ea5t ph\u1ee9c t\u1ea1p, \u0111i\u1ec1u khi\u1ec3n \u0111i\u1ec7n t\u1eed, c\u1ea3m bi\u1ebfn t\u1ef1 \u0111\u1ed9ng, kh\u00ed n\u00e9n &#8230; v\u1edbi m\u1ee5c ti\u00eau \u0111\u1ea1t \u0111\u01b0\u1ee3c s\u1ef1 ki\u1ec3m so\u00e1t t\u1ed1i \u01b0u, \u1ed5n \u0111\u1ecbnh v\u00e0 th\u00f4ng minh c\u1ee7a h\u1ec7 th\u1ed1ng. Omani Vi\u1ec7t Nam cam k\u1ebft cung c\u1ea5p c\u00e1c gi\u1ea3i ph\u00e1p t\u1ed1i \u01b0u nh\u01b0 v\u1eady v\u00e0 &#8220;t\u1ea1o ra c\u00e1c gi\u00e1 tr\u1ecb b\u1ec1n v\u1eefng&#8221; cho kh\u00e1ch h\u00e0ng c\u1ee7a ch\u00fang t\u00f4i.<br \/><b>S\u1ea3n ph\u1ea9m v\u00e0 d\u1ecbch v\u1ee5 ch\u00ednh c\u1ee7a ch\u00fang t\u00f4i:<\/b><br \/>Thi\u1ebft b\u1ecb kh\u00ed n\u00e9n v\u00e0 thi\u1ebft b\u1ecb \u0111i\u1ec7n cho d\u00e2y chuy\u1ec1n s\u1ea3n xu\u1ea5t t\u1ef1 \u0111\u1ed9ng h\u00f3a: C\u00f4ng nghi\u1ec7p th\u1ef1c ph\u1ea9m, c\u00f4ng nghi\u1ec7p n\u01b0\u1edbc gi\u1ea3i kh\u00e1t, c\u00f4ng nghi\u1ec7p gi\u1ea5y, c\u00f4ng nghi\u1ec7p nh\u1ef1a, v.v<\/p><div id=\"eJOY__extension_root\" class=\"eJOY__extension_root_class\" style=\"all: unset;\">\u00a0<\/div>\t\t\t\t\t\t<\/div>\n\t\t\t\t<\/div>\n\t\t\t\t\t<\/div>\n\t\t\t\t<\/div>\n\t\t<div class=\"elementor-element elementor-element-a8b6f54 e-flex e-con-boxed e-con e-parent\" data-id=\"a8b6f54\" data-element_type=\"container\">\n\t\t\t\t\t<div class=\"e-con-inner\">\n\t\t\t\t<div class=\"elementor-element elementor-element-48fa875 elementor-widget elementor-widget-text-editor\" data-id=\"48fa875\" data-element_type=\"widget\" data-widget_type=\"text-editor.default\">\n\t\t\t\t<div class=\"elementor-widget-container\">\n\t\t\t\t\t\t\t<p>Thi\u1ebft b\u1ecb kh\u00ed n\u00e9n v\u00e0 thi\u1ebft b\u1ecb \u0111i\u1ec1u khi\u1ec3n t\u1ef1 \u0111\u1ed9ng, thi\u1ebft b\u1ecb \u0111i\u1ec7n c\u00f4ng nghi\u1ec7p &#8230; <b>SMC, SICK, PIAB, VMECA, ORIENTAL, PANASONIC, OMRON, KEYENCE, EBMPAST, FESTO, CKD, CAMOZZ<\/b>, &#8230; V.v<\/p><div id=\"eJOY__extension_root\" class=\"eJOY__extension_root_class\" style=\"all: unset;\">\u00a0<\/div>\t\t\t\t\t\t<\/div>\n\t\t\t\t<\/div>\n\t\t\t\t\t<\/div>\n\t\t\t\t<\/div>\n\t\t<div class=\"elementor-element elementor-element-98ced53 e-flex e-con-boxed e-con e-parent\" data-id=\"98ced53\" data-element_type=\"container\">\n\t\t\t\t\t<div class=\"e-con-inner\">\n\t\t\t\t<div class=\"elementor-element elementor-element-eefc3ad elementor-widget elementor-widget-text-editor\" data-id=\"eefc3ad\" data-element_type=\"widget\" data-widget_type=\"text-editor.default\">\n\t\t\t\t<div class=\"elementor-widget-container\">\n\t\t\t\t\t\t\t<p>Hi\u1ec7n t\u1ea1i, Omani Vi\u1ec7t Nam c\u00f3 \u0111\u1ed9i ng\u0169 \u0111\u1ed9i ng\u0169 k\u1ef9 s\u01b0 nhi\u1ec1u kinh nghi\u1ec7m, c\u00f3 kh\u1ea3 n\u0103ng t\u01b0 v\u1ea5n, ch\u1ecdn s\u1ea3n ph\u1ea9m c\u00f3 l\u1ee3i nh\u1ea5t cho kh\u00e1ch h\u00e0ng. T\u1ea5t c\u1ea3 nh\u1eefng s\u1ea3n ph\u1ea9m c\u1ee7a chung t\u00f4i \u0111\u1ec1u c\u00f3 ngu\u1ed3n g\u1ed1c r\u00f5 r\u00e0ng t\u1eeb nh\u1eefng \u0111\u1ed1i t\u00e1c v\u00e0 nh\u00e0 s\u1ea3n xu\u1ea5t t\u00ean tu\u1ed5i tr\u00ean th\u1ebf gi\u1edbi, k\u1ebft h\u1ee3p v\u1edbi \u0111\u1ed9i ng\u0169 nh\u00e2n s\u1ef1 c\u00f3 tr\u00ecnh \u0111\u1ed9 tay ngh\u1ec1 cao v\u1edbi nhi\u1ec1u n\u0103m kinh nghi\u1ec7m trong l\u0129nh v\u1ef1c kinh doanh d\u1ecbch v\u1ee5 cung \u1ee9ng. Ch\u00fang t\u00f4i cam k\u1ebft s\u1ebd cung c\u1ea5p nh\u1eefng s\u1ea3n ph\u1ea9m v\u00e0 d\u1ecbch v\u1ee5 t\u1ed1t, ch\u1ea5t l\u01b0\u1ee3ng cao \u0111\u1ebfn qu\u00fd kh\u00e1ch h\u00e0ng v\u00e0 \u0111\u1ed1i t\u00e1c v\u1edbi ph\u01b0\u01a1ng ch\u00e2m &#8221; \u0110\u00e1p \u1ee9ng s\u1ef1 k\u1ef3 v\u1ecdng c\u1ee7a kh\u00e1ch h\u00e0ng l\u00e0 s\u1ef1 th\u00e0nh c\u00f4ng c\u1ee7a ch\u00fang t\u00f4i&#8221;. Gi\u00e1 tr\u1ecb c\u1ed1t l\u00f5i: \u201cUy t\u00edn l\u00e0 s\u1ef1 t\u1ed3n t\u1ea1i c\u1ee7a ch\u00fang t\u00f4i\u201d S\u1ef1 tin t\u01b0\u1edfng v\u00e0 \u0111\u1ed3ng h\u00e0nh c\u1ee7a kh\u00e1ch h\u00e0ng l\u00e0 \u0111\u1ed9ng l\u1ef1c \u0111\u1ec3 Omani Vi\u1ec7t Nam ph\u00e1t tri\u1ec3n cao h\u01a1n v\u00e0 xa h\u01a1n.<\/p>\t\t\t\t\t\t<\/div>\n\t\t\t\t<\/div>\n\t\t\t\t\t<\/div>\n\t\t\t\t<\/div>\n\t\t<div class=\"elementor-element elementor-element-c907f4c e-flex e-con-boxed e-con e-parent\" data-id=\"c907f4c\" data-element_type=\"container\">\n\t\t\t\t\t<div class=\"e-con-inner\">\n\t\t\t\t<div class=\"elementor-element elementor-element-63f78ef elementor-widget elementor-widget-image\" data-id=\"63f78ef\" data-element_type=\"widget\" data-widget_type=\"image.default\">\n\t\t\t\t<div class=\"elementor-widget-container\">\n\t\t\t\t\t\t\t\t\t\t\t\t\t<img fetchpriority=\"high\" decoding=\"async\" width=\"1024\" height=\"823\" src=\"https:\/\/omanivietnam.com\/wp-content\/uploads\/2024\/06\/doi-tac-1024x823-1.jpeg\" class=\"attachment-large size-large wp-image-377\" alt=\"\" srcset=\"https:\/\/omanivietnam.com\/wp-content\/uploads\/2024\/06\/doi-tac-1024x823-1.jpeg 1024w, https:\/\/omanivietnam.com\/wp-content\/uploads\/2024\/06\/doi-tac-1024x823-1-300x241.jpeg 300w, https:\/\/omanivietnam.com\/wp-content\/uploads\/2024\/06\/doi-tac-1024x823-1-768x617.jpeg 768w, https:\/\/omanivietnam.com\/wp-content\/uploads\/2024\/06\/doi-tac-1024x823-1-600x482.jpeg 600w\" sizes=\"(max-width: 1024px) 100vw, 1024px\" \/>\t\t\t\t\t\t\t\t\t\t\t\t\t<\/div>\n\t\t\t\t<\/div>\n\t\t\t\t\t<\/div>\n\t\t\t\t<\/div>\n\t\t<div class=\"elementor-element elementor-element-ee98f46 e-flex e-con-boxed e-con e-parent\" data-id=\"ee98f46\" data-element_type=\"container\">\n\t\t\t\t\t<div class=\"e-con-inner\">\n\t\t\t\t<div class=\"elementor-element elementor-element-a5a5329 elementor-arrows-position-inside elementor-pagination-position-outside elementor-widget elementor-widget-image-carousel\" data-id=\"a5a5329\" data-element_type=\"widget\" data-settings=\"{&quot;image_spacing_custom&quot;:{&quot;unit&quot;:&quot;px&quot;,&quot;size&quot;:10,&quot;sizes&quot;:[]},&quot;navigation&quot;:&quot;both&quot;,&quot;autoplay&quot;:&quot;yes&quot;,&quot;pause_on_hover&quot;:&quot;yes&quot;,&quot;pause_on_interaction&quot;:&quot;yes&quot;,&quot;autoplay_speed&quot;:5000,&quot;infinite&quot;:&quot;yes&quot;,&quot;speed&quot;:500,&quot;image_spacing_custom_tablet&quot;:{&quot;unit&quot;:&quot;px&quot;,&quot;size&quot;:&quot;&quot;,&quot;sizes&quot;:[]},&quot;image_spacing_custom_mobile&quot;:{&quot;unit&quot;:&quot;px&quot;,&quot;size&quot;:&quot;&quot;,&quot;sizes&quot;:[]}}\" data-widget_type=\"image-carousel.default\">\n\t\t\t\t<div class=\"elementor-widget-container\">\n\t\t\t<style>\/*! elementor - v3.21.0 - 26-05-2024 *\/\n.elementor-widget-image-carousel .swiper,.elementor-widget-image-carousel .swiper-container{position:static}.elementor-widget-image-carousel .swiper-container .swiper-slide figure,.elementor-widget-image-carousel .swiper .swiper-slide figure{line-height:inherit}.elementor-widget-image-carousel .swiper-slide{text-align:center}.elementor-image-carousel-wrapper:not(.swiper-container-initialized):not(.swiper-initialized) .swiper-slide{max-width:calc(100% \/ var(--e-image-carousel-slides-to-show, 3))}<\/style>\t\t<div class=\"elementor-image-carousel-wrapper swiper\" dir=\"ltr\">\n\t\t\t<div class=\"elementor-image-carousel swiper-wrapper\" aria-live=\"off\">\n\t\t\t\t\t\t\t\t<div class=\"swiper-slide\" role=\"group\" aria-roledescription=\"slide\" aria-label=\"1 tr\u00ean 5\"><figure class=\"swiper-slide-inner\"><img decoding=\"async\" class=\"swiper-slide-image\" src=\"https:\/\/omanivietnam.com\/wp-content\/uploads\/2024\/06\/3.png\" alt=\"3\" \/><\/figure><\/div><div class=\"swiper-slide\" role=\"group\" aria-roledescription=\"slide\" aria-label=\"2 tr\u00ean 5\"><figure class=\"swiper-slide-inner\"><img decoding=\"async\" class=\"swiper-slide-image\" src=\"https:\/\/omanivietnam.com\/wp-content\/uploads\/2024\/06\/4.png\" alt=\"4\" \/><\/figure><\/div><div class=\"swiper-slide\" role=\"group\" aria-roledescription=\"slide\" aria-label=\"3 tr\u00ean 5\"><figure class=\"swiper-slide-inner\"><img decoding=\"async\" class=\"swiper-slide-image\" src=\"https:\/\/omanivietnam.com\/wp-content\/uploads\/2024\/06\/5.png\" alt=\"5\" \/><\/figure><\/div><div class=\"swiper-slide\" role=\"group\" aria-roledescription=\"slide\" aria-label=\"4 tr\u00ean 5\"><figure class=\"swiper-slide-inner\"><img decoding=\"async\" class=\"swiper-slide-image\" src=\"https:\/\/omanivietnam.com\/wp-content\/uploads\/2024\/06\/6.png\" alt=\"6\" \/><\/figure><\/div><div class=\"swiper-slide\" role=\"group\" aria-roledescription=\"slide\" aria-label=\"5 tr\u00ean 5\"><figure class=\"swiper-slide-inner\"><img decoding=\"async\" class=\"swiper-slide-image\" src=\"https:\/\/omanivietnam.com\/wp-content\/uploads\/2024\/06\/2-e1718258310130.png\" alt=\"2\" \/><\/figure><\/div>\t\t\t<\/div>\n\t\t\t\t\t\t\t\t\t\t\t\t<div class=\"elementor-swiper-button elementor-swiper-button-prev\" role=\"button\" tabindex=\"0\">\n\t\t\t\t\t\t<svg aria-hidden=\"true\" class=\"e-font-icon-svg e-eicon-chevron-left\" viewBox=\"0 0 1000 1000\" xmlns=\"http:\/\/www.w3.org\/2000\/svg\"><path d=\"M646 125C629 125 613 133 604 142L308 442C296 454 292 471 292 487 292 504 296 521 308 533L604 854C617 867 629 875 646 875 663 875 679 871 692 858 704 846 713 829 713 812 713 796 708 779 692 767L438 487 692 225C700 217 708 204 708 187 708 171 704 154 692 142 675 129 663 125 646 125Z\"><\/path><\/svg>\t\t\t\t\t<\/div>\n\t\t\t\t\t<div class=\"elementor-swiper-button elementor-swiper-button-next\" role=\"button\" tabindex=\"0\">\n\t\t\t\t\t\t<svg aria-hidden=\"true\" class=\"e-font-icon-svg e-eicon-chevron-right\" viewBox=\"0 0 1000 1000\" xmlns=\"http:\/\/www.w3.org\/2000\/svg\"><path d=\"M696 533C708 521 713 504 713 487 713 471 708 454 696 446L400 146C388 133 375 125 354 125 338 125 325 129 313 142 300 154 292 171 292 187 292 204 296 221 308 233L563 492 304 771C292 783 288 800 288 817 288 833 296 850 308 863 321 871 338 875 354 875 371 875 388 867 400 854L696 533Z\"><\/path><\/svg>\t\t\t\t\t<\/div>\n\t\t\t\t\n\t\t\t\t\t\t\t\t\t<div class=\"swiper-pagination\"><\/div>\n\t\t\t\t\t\t\t\t\t<\/div>\n\t\t\t\t<\/div>\n\t\t\t\t<\/div>\n\t\t\t\t\t<\/div>\n\t\t\t\t<\/div>\n\t\t\t\t<\/div>\n\t\t","protected":false},"excerpt":{"rendered":"<p>C\u00f4ng Ty TNHH OMANI Vi\u1ec7t Nam xin g\u1eedi l\u1eddi ch\u00e0o th\u00e2n \u00e1i \u0111\u1ebfn qu\u00fd kh\u00e1ch h\u00e0ng ! \u201cGi\u1ea3i ph\u00e1p c\u1ee7a ch\u00fang t\u00f4i, l\u1ee3i \u00edch c\u1ee7a kh\u00e1ch h\u00e0ng\u201d C\u00f4ng ty OMANI Vi\u1ec7t Nam ( Omani Viet Nam Co., Ltd ) chuy\u00ean cung c\u1ea5p thi\u1ebft b\u1ecb xy lanh kh\u00ed n\u00e9n, t\u1ef1 \u0111\u1ed9ng&hellip; <\/p>\n","protected":false},"author":1,"featured_media":0,"parent":0,"menu_order":0,"comment_status":"closed","ping_status":"closed","template":"","meta":{"footnotes":""},"class_list":["post-372","page","type-page","status-publish","hentry"],"yoast_head":"<!-- This site is optimized with the Yoast SEO plugin v22.8 - https:\/\/yoast.com\/wordpress\/plugins\/seo\/ -->\n<title>GI\u1edaI THI\u1ec6U - OMANI VI\u1ec6T NAM<\/title>\n<meta name=\"robots\" content=\"index, follow, max-snippet:-1, max-image-preview:large, max-video-preview:-1\" \/>\n<link rel=\"canonical\" href=\"https:\/\/omanivietnam.com\/index.php\/gioi-thieu\/\" \/>\n<meta property=\"og:locale\" content=\"vi_VN\" \/>\n<meta property=\"og:type\" content=\"article\" \/>\n<meta property=\"og:title\" content=\"GI\u1edaI THI\u1ec6U - OMANI VI\u1ec6T NAM\" \/>\n<meta property=\"og:description\" content=\"C\u00f4ng Ty TNHH OMANI Vi\u1ec7t Nam xin g\u1eedi l\u1eddi ch\u00e0o th\u00e2n \u00e1i \u0111\u1ebfn qu\u00fd kh\u00e1ch h\u00e0ng ! \u201cGi\u1ea3i ph\u00e1p c\u1ee7a ch\u00fang t\u00f4i, l\u1ee3i \u00edch c\u1ee7a kh\u00e1ch h\u00e0ng\u201d C\u00f4ng ty OMANI Vi\u1ec7t Nam ( Omani Viet Nam Co., Ltd ) chuy\u00ean cung c\u1ea5p thi\u1ebft b\u1ecb xy lanh kh\u00ed n\u00e9n, t\u1ef1 \u0111\u1ed9ng&hellip;\" \/>\n<meta property=\"og:url\" content=\"https:\/\/omanivietnam.com\/index.php\/gioi-thieu\/\" \/>\n<meta property=\"og:site_name\" content=\"OMANI VI\u1ec6T NAM\" \/>\n<meta property=\"article:modified_time\" content=\"2024-11-29T05:02:29+00:00\" \/>\n<meta property=\"og:image\" content=\"https:\/\/omanivietnam.com\/wp-content\/uploads\/2024\/06\/logo-150x150.png\" \/>\n<meta name=\"twitter:card\" content=\"summary_large_image\" \/>\n<meta name=\"twitter:label1\" content=\"\u01af\u1edbc t\u00ednh th\u1eddi gian \u0111\u1ecdc\" \/>\n\t<meta name=\"twitter:data1\" content=\"6 ph\u00fat\" \/>\n<script type=\"application\/ld+json\" class=\"yoast-schema-graph\">{\"@context\":\"https:\/\/schema.org\",\"@graph\":[{\"@type\":\"WebPage\",\"@id\":\"https:\/\/omanivietnam.com\/index.php\/gioi-thieu\/\",\"url\":\"https:\/\/omanivietnam.com\/index.php\/gioi-thieu\/\",\"name\":\"GI\u1edaI THI\u1ec6U - OMANI VI\u1ec6T NAM\",\"isPartOf\":{\"@id\":\"https:\/\/omanivietnam.com\/#website\"},\"primaryImageOfPage\":{\"@id\":\"https:\/\/omanivietnam.com\/index.php\/gioi-thieu\/#primaryimage\"},\"image\":{\"@id\":\"https:\/\/omanivietnam.com\/index.php\/gioi-thieu\/#primaryimage\"},\"thumbnailUrl\":\"https:\/\/omanivietnam.com\/wp-content\/uploads\/2024\/06\/logo-150x150.png\",\"datePublished\":\"2024-06-11T15:45:20+00:00\",\"dateModified\":\"2024-11-29T05:02:29+00:00\",\"breadcrumb\":{\"@id\":\"https:\/\/omanivietnam.com\/index.php\/gioi-thieu\/#breadcrumb\"},\"inLanguage\":\"vi\",\"potentialAction\":[{\"@type\":\"ReadAction\",\"target\":[\"https:\/\/omanivietnam.com\/index.php\/gioi-thieu\/\"]}]},{\"@type\":\"ImageObject\",\"inLanguage\":\"vi\",\"@id\":\"https:\/\/omanivietnam.com\/index.php\/gioi-thieu\/#primaryimage\",\"url\":\"https:\/\/omanivietnam.com\/wp-content\/uploads\/2024\/06\/logo.png\",\"contentUrl\":\"https:\/\/omanivietnam.com\/wp-content\/uploads\/2024\/06\/logo.png\",\"width\":4040,\"height\":4040},{\"@type\":\"BreadcrumbList\",\"@id\":\"https:\/\/omanivietnam.com\/index.php\/gioi-thieu\/#breadcrumb\",\"itemListElement\":[{\"@type\":\"ListItem\",\"position\":1,\"name\":\"Home\",\"item\":\"https:\/\/omanivietnam.com\/\"},{\"@type\":\"ListItem\",\"position\":2,\"name\":\"GI\u1edaI THI\u1ec6U\"}]},{\"@type\":\"WebSite\",\"@id\":\"https:\/\/omanivietnam.com\/#website\",\"url\":\"https:\/\/omanivietnam.com\/\",\"name\":\"OMANI VI\u1ec6T NAM\",\"description\":\"Nh\u00e0 ph\u00e2n ph\u1ed1i thi\u1ebft b\u1ecb kh\u00ed n\u00e9n v\u00e0 thi\u1ebft b\u1ecb t\u1ef1 \u0111\u1ed9ng h\u00f3a trong c\u00f4ng nghi\u1ec7p\",\"publisher\":{\"@id\":\"https:\/\/omanivietnam.com\/#\/schema\/person\/0ad398a980dc3fd696111c2c5c8fa897\"},\"potentialAction\":[{\"@type\":\"SearchAction\",\"target\":{\"@type\":\"EntryPoint\",\"urlTemplate\":\"https:\/\/omanivietnam.com\/?s={search_term_string}\"},\"query-input\":\"required name=search_term_string\"}],\"inLanguage\":\"vi\"},{\"@type\":[\"Person\",\"Organization\"],\"@id\":\"https:\/\/omanivietnam.com\/#\/schema\/person\/0ad398a980dc3fd696111c2c5c8fa897\",\"name\":\"Nguy\u1ec5n V\u0103n Kh\u00e1nh\",\"image\":{\"@type\":\"ImageObject\",\"inLanguage\":\"vi\",\"@id\":\"https:\/\/omanivietnam.com\/#\/schema\/person\/image\/\",\"url\":\"https:\/\/omanivietnam.com\/wp-content\/uploads\/2024\/06\/logo-1024x1024.png\",\"contentUrl\":\"https:\/\/omanivietnam.com\/wp-content\/uploads\/2024\/06\/logo-1024x1024.png\",\"width\":1024,\"height\":1024,\"caption\":\"Nguy\u1ec5n V\u0103n Kh\u00e1nh\"},\"logo\":{\"@id\":\"https:\/\/omanivietnam.com\/#\/schema\/person\/image\/\"},\"sameAs\":[\"https:\/\/omanivietnam.com\"]}]}<\/script>\n<!-- \/ Yoast SEO plugin. -->","yoast_head_json":{"title":"GI\u1edaI THI\u1ec6U - OMANI VI\u1ec6T NAM","robots":{"index":"index","follow":"follow","max-snippet":"max-snippet:-1","max-image-preview":"max-image-preview:large","max-video-preview":"max-video-preview:-1"},"canonical":"https:\/\/omanivietnam.com\/index.php\/gioi-thieu\/","og_locale":"vi_VN","og_type":"article","og_title":"GI\u1edaI THI\u1ec6U - OMANI VI\u1ec6T NAM","og_description":"C\u00f4ng Ty TNHH OMANI Vi\u1ec7t Nam xin g\u1eedi l\u1eddi ch\u00e0o th\u00e2n \u00e1i \u0111\u1ebfn qu\u00fd kh\u00e1ch h\u00e0ng ! \u201cGi\u1ea3i ph\u00e1p c\u1ee7a ch\u00fang t\u00f4i, l\u1ee3i \u00edch c\u1ee7a kh\u00e1ch h\u00e0ng\u201d C\u00f4ng ty OMANI Vi\u1ec7t Nam ( Omani Viet Nam Co., Ltd ) chuy\u00ean cung c\u1ea5p thi\u1ebft b\u1ecb xy lanh kh\u00ed n\u00e9n, t\u1ef1 \u0111\u1ed9ng&hellip;","og_url":"https:\/\/omanivietnam.com\/index.php\/gioi-thieu\/","og_site_name":"OMANI VI\u1ec6T NAM","article_modified_time":"2024-11-29T05:02:29+00:00","og_image":[{"url":"https:\/\/omanivietnam.com\/wp-content\/uploads\/2024\/06\/logo-150x150.png"}],"twitter_card":"summary_large_image","twitter_misc":{"\u01af\u1edbc t\u00ednh th\u1eddi gian \u0111\u1ecdc":"6 ph\u00fat"},"schema":{"@context":"https:\/\/schema.org","@graph":[{"@type":"WebPage","@id":"https:\/\/omanivietnam.com\/index.php\/gioi-thieu\/","url":"https:\/\/omanivietnam.com\/index.php\/gioi-thieu\/","name":"GI\u1edaI THI\u1ec6U - OMANI VI\u1ec6T NAM","isPartOf":{"@id":"https:\/\/omanivietnam.com\/#website"},"primaryImageOfPage":{"@id":"https:\/\/omanivietnam.com\/index.php\/gioi-thieu\/#primaryimage"},"image":{"@id":"https:\/\/omanivietnam.com\/index.php\/gioi-thieu\/#primaryimage"},"thumbnailUrl":"https:\/\/omanivietnam.com\/wp-content\/uploads\/2024\/06\/logo-150x150.png","datePublished":"2024-06-11T15:45:20+00:00","dateModified":"2024-11-29T05:02:29+00:00","breadcrumb":{"@id":"https:\/\/omanivietnam.com\/index.php\/gioi-thieu\/#breadcrumb"},"inLanguage":"vi","potentialAction":[{"@type":"ReadAction","target":["https:\/\/omanivietnam.com\/index.php\/gioi-thieu\/"]}]},{"@type":"ImageObject","inLanguage":"vi","@id":"https:\/\/omanivietnam.com\/index.php\/gioi-thieu\/#primaryimage","url":"https:\/\/omanivietnam.com\/wp-content\/uploads\/2024\/06\/logo.png","contentUrl":"https:\/\/omanivietnam.com\/wp-content\/uploads\/2024\/06\/logo.png","width":4040,"height":4040},{"@type":"BreadcrumbList","@id":"https:\/\/omanivietnam.com\/index.php\/gioi-thieu\/#breadcrumb","itemListElement":[{"@type":"ListItem","position":1,"name":"Home","item":"https:\/\/omanivietnam.com\/"},{"@type":"ListItem","position":2,"name":"GI\u1edaI THI\u1ec6U"}]},{"@type":"WebSite","@id":"https:\/\/omanivietnam.com\/#website","url":"https:\/\/omanivietnam.com\/","name":"OMANI VI\u1ec6T NAM","description":"Nh\u00e0 ph\u00e2n ph\u1ed1i thi\u1ebft b\u1ecb kh\u00ed n\u00e9n v\u00e0 thi\u1ebft b\u1ecb t\u1ef1 \u0111\u1ed9ng h\u00f3a trong c\u00f4ng nghi\u1ec7p","publisher":{"@id":"https:\/\/omanivietnam.com\/#\/schema\/person\/0ad398a980dc3fd696111c2c5c8fa897"},"potentialAction":[{"@type":"SearchAction","target":{"@type":"EntryPoint","urlTemplate":"https:\/\/omanivietnam.com\/?s={search_term_string}"},"query-input":"required name=search_term_string"}],"inLanguage":"vi"},{"@type":["Person","Organization"],"@id":"https:\/\/omanivietnam.com\/#\/schema\/person\/0ad398a980dc3fd696111c2c5c8fa897","name":"Nguy\u1ec5n V\u0103n Kh\u00e1nh","image":{"@type":"ImageObject","inLanguage":"vi","@id":"https:\/\/omanivietnam.com\/#\/schema\/person\/image\/","url":"https:\/\/omanivietnam.com\/wp-content\/uploads\/2024\/06\/logo-1024x1024.png","contentUrl":"https:\/\/omanivietnam.com\/wp-content\/uploads\/2024\/06\/logo-1024x1024.png","width":1024,"height":1024,"caption":"Nguy\u1ec5n V\u0103n Kh\u00e1nh"},"logo":{"@id":"https:\/\/omanivietnam.com\/#\/schema\/person\/image\/"},"sameAs":["https:\/\/omanivietnam.com"]}]}},"_links":{"self":[{"href":"https:\/\/omanivietnam.com\/index.php\/wp-json\/wp\/v2\/pages\/372","targetHints":{"allow":["GET"]}}],"collection":[{"href":"https:\/\/omanivietnam.com\/index.php\/wp-json\/wp\/v2\/pages"}],"about":[{"href":"https:\/\/omanivietnam.com\/index.php\/wp-json\/wp\/v2\/types\/page"}],"author":[{"embeddable":true,"href":"https:\/\/omanivietnam.com\/index.php\/wp-json\/wp\/v2\/users\/1"}],"replies":[{"embeddable":true,"href":"https:\/\/omanivietnam.com\/index.php\/wp-json\/wp\/v2\/comments?post=372"}],"version-history":[{"count":25,"href":"https:\/\/omanivietnam.com\/index.php\/wp-json\/wp\/v2\/pages\/372\/revisions"}],"predecessor-version":[{"id":2966,"href":"https:\/\/omanivietnam.com\/index.php\/wp-json\/wp\/v2\/pages\/372\/revisions\/2966"}],"wp:attachment":[{"href":"https:\/\/omanivietnam.com\/index.php\/wp-json\/wp\/v2\/media?parent=372"}],"curies":[{"name":"wp","href":"https:\/\/api.w.org\/{rel}","templated":true}]}}