{"id":1001,"date":"2024-07-04T05:40:50","date_gmt":"2024-07-03T22:40:50","guid":{"rendered":"https:\/\/omanivietnam.com\/?post_type=product&#038;p=1001"},"modified":"2024-07-28T21:02:21","modified_gmt":"2024-07-28T14:02:21","slug":"ifm-igt200","status":"publish","type":"product","link":"https:\/\/omanivietnam.com\/index.php\/san-pham\/ifm-igt200\/","title":{"rendered":"IFM IGT200"},"content":{"rendered":"<p>IFM IGT200<\/p>\n<p>C\u1ea3m bi\u1ebfn IFM IGT200, 12mm, DC PNP<\/p>\n<p>SKU: IGT200<br \/>\nPh\u1ea1m vi c\u1ea3m bi\u1ebfn: 12 mm non-flush mountable<br \/>\nT\u1ea7n s\u1ed1: 300 Hz<br \/>\nCh\u1ebf \u0111\u1ed9 ho\u1ea1t \u0111\u1ed9ng: th\u01b0\u1eddng m\u1edf<br \/>\nNg\u00f5 ra: DC PNP<br \/>\nK\u00edch th\u01b0\u1edbc: M18 x 1 \/ L = 51 mm<br \/>\nPh\u1ea1m vi nhi\u1ec7t \u0111\u1ed9 ho\u1ea1t \u0111\u1ed9ng r\u1ed9ng<br \/>\n\u0110\u00e1nh gi\u00e1 b\u1ea3o v\u1ec7 cao cho c\u00e1c y\u00eau c\u1ea7u c\u1ee7a m\u00f4i tr\u01b0\u1eddng c\u00f4ng nghi\u1ec7p kh\u1eafc nghi\u1ec7t<br \/>\nPh\u00e1t hi\u1ec7n \u0111\u00e1ng tin c\u1eady do dung sai c\u1ea3m bi\u1ebfn th\u1ea5p<br \/>\nGi\u1ea3m dung l\u01b0\u1ee3ng do c\u00f3 nhi\u1ec1u \u1ee9ng d\u1ee5ng<\/p>\n<div class=\"product-header product-header--desktop\">\n<p class=\"product-header__category\">Inductive sensor<\/p>\n<div class=\"product-header__wrapper\">\n<p class=\"product-header__article\">IGT200<\/p>\n<p class=\"product-header__typekey\">IGB3012-BPKG\/V4A\/US-104<\/p>\n<\/div>\n<\/div>\n<div class=\"bulletpoint-list\">\n<ul class=\"bulletpoint-list__entries\">\n<li>Wide operating temperature range<\/li>\n<li>High protection rating for the requirements of harsh industrial environments<\/li>\n<li>Resistant to high-pressure cleaning with aggressive cleaning agents<\/li>\n<li>Robust stainless steel housing for use in the food and beverage industry<\/li>\n<li>Temperature shock resistant even in case of frequent temperature fluctuations<\/li>\n<\/ul>\n<div class=\"datasheet-section\">\n<div class=\"datasheet-section__headline heading-lined\">Product characteristics<\/div>\n<table class=\"datasheet-section__table datasheet-table\" aria-label=\"datasheet section table\">\n<tbody>\n<tr class=\"datasheet-table__row\">\n<th class=\"datasheet-table__label\">Electrical design<\/th>\n<td class=\"datasheet-table__value\">PNP<\/td>\n<\/tr>\n<tr class=\"datasheet-table__row\">\n<th class=\"datasheet-table__label\">Output function<\/th>\n<td class=\"datasheet-table__value\">normally open<\/td>\n<\/tr>\n<tr class=\"datasheet-table__row\">\n<th class=\"datasheet-table__label\">Sensing range [mm]<\/th>\n<td class=\"datasheet-table__value\">12<\/td>\n<\/tr>\n<tr class=\"datasheet-table__row\">\n<th class=\"datasheet-table__label\">Housing<\/th>\n<td class=\"datasheet-table__value\">threaded type<\/td>\n<\/tr>\n<tr class=\"datasheet-table__row\">\n<th class=\"datasheet-table__label\">Dimensions [mm]<\/th>\n<td class=\"datasheet-table__value\">M18 x 1 \/ L = 50<\/td>\n<\/tr>\n<\/tbody>\n<\/table>\n<\/div>\n<div class=\"datasheet-section\">\n<div class=\"datasheet-section__headline heading-lined\">Application<\/div>\n<table class=\"datasheet-section__table datasheet-table\" aria-label=\"datasheet section table\">\n<tbody>\n<tr class=\"datasheet-table__row\">\n<th class=\"datasheet-table__label\">Special feature<\/th>\n<td class=\"datasheet-table__value\">Gold-plated contacts<\/td>\n<\/tr>\n<tr class=\"datasheet-table__row\">\n<th class=\"datasheet-table__label\">Application<\/th>\n<td class=\"datasheet-table__value\">regular cleaning processes<\/td>\n<\/tr>\n<\/tbody>\n<\/table>\n<\/div>\n<div class=\"datasheet-section\">\n<div class=\"datasheet-section__headline heading-lined\">Electrical data<\/div>\n<table class=\"datasheet-section__table datasheet-table\" aria-label=\"datasheet section table\">\n<tbody>\n<tr class=\"datasheet-table__row\">\n<th class=\"datasheet-table__label\">Operating voltage [V]<\/th>\n<td class=\"datasheet-table__value\">10&#8230;30 DC<\/td>\n<\/tr>\n<tr class=\"datasheet-table__row\">\n<th class=\"datasheet-table__label\">Current consumption [mA]<\/th>\n<td class=\"datasheet-table__value\">&lt; 10<\/td>\n<\/tr>\n<tr class=\"datasheet-table__row\">\n<th class=\"datasheet-table__label\">Protection class<\/th>\n<td class=\"datasheet-table__value\">II<\/td>\n<\/tr>\n<tr class=\"datasheet-table__row\">\n<th class=\"datasheet-table__label\">Reverse polarity protection<\/th>\n<td class=\"datasheet-table__value\">yes<\/td>\n<\/tr>\n<\/tbody>\n<\/table>\n<\/div>\n<div class=\"datasheet-section\">\n<div class=\"datasheet-section__headline heading-lined\">Outputs<\/div>\n<table class=\"datasheet-section__table datasheet-table\" aria-label=\"datasheet section table\">\n<tbody>\n<tr class=\"datasheet-table__row\">\n<th class=\"datasheet-table__label\">Electrical design<\/th>\n<td class=\"datasheet-table__value\">PNP<\/td>\n<\/tr>\n<tr class=\"datasheet-table__row\">\n<th class=\"datasheet-table__label\">Output function<\/th>\n<td class=\"datasheet-table__value\">normally open<\/td>\n<\/tr>\n<tr class=\"datasheet-table__row\">\n<th class=\"datasheet-table__label\">Max. voltage drop switching output DC [V]<\/th>\n<td class=\"datasheet-table__value\">2.5<\/td>\n<\/tr>\n<tr class=\"datasheet-table__row\">\n<th class=\"datasheet-table__label\">Permanent current rating of switching output DC [mA]<\/th>\n<td class=\"datasheet-table__value\">100<\/td>\n<\/tr>\n<tr class=\"datasheet-table__row\">\n<th class=\"datasheet-table__label\">Switching frequency DC [Hz]<\/th>\n<td class=\"datasheet-table__value\">300<\/td>\n<\/tr>\n<tr class=\"datasheet-table__row\">\n<th class=\"datasheet-table__label\">Short-circuit protection<\/th>\n<td class=\"datasheet-table__value\">yes<\/td>\n<\/tr>\n<tr class=\"datasheet-table__row\">\n<th class=\"datasheet-table__label\">Type of short-circuit protection<\/th>\n<td class=\"datasheet-table__value\">pulsed<\/td>\n<\/tr>\n<tr class=\"datasheet-table__row\">\n<th class=\"datasheet-table__label\">Overload protection<\/th>\n<td class=\"datasheet-table__value\">yes<\/td>\n<\/tr>\n<\/tbody>\n<\/table>\n<\/div>\n<div class=\"datasheet-section\">\n<div class=\"datasheet-section__headline heading-lined\">Detection zone<\/div>\n<table class=\"datasheet-section__table datasheet-table\" aria-label=\"datasheet section table\">\n<tbody>\n<tr class=\"datasheet-table__row\">\n<th class=\"datasheet-table__label\">Sensing range [mm]<\/th>\n<td class=\"datasheet-table__value\">12<\/td>\n<\/tr>\n<tr class=\"datasheet-table__row\">\n<th class=\"datasheet-table__label\">Real sensing range Sr [mm]<\/th>\n<td class=\"datasheet-table__value\">12 \u00b1 10 %<\/td>\n<\/tr>\n<tr class=\"datasheet-table__row\">\n<th class=\"datasheet-table__label\">Operating distance [mm]<\/th>\n<td class=\"datasheet-table__value\">0&#8230;9.72<\/td>\n<\/tr>\n<\/tbody>\n<\/table>\n<\/div>\n<div class=\"datasheet-section\">\n<div class=\"datasheet-section__headline heading-lined\">Accuracy \/ deviations<\/div>\n<table class=\"datasheet-section__table datasheet-table\" aria-label=\"datasheet section table\">\n<tbody>\n<tr class=\"datasheet-table__row\">\n<th class=\"datasheet-table__label\">Correction factor<\/th>\n<td class=\"datasheet-table__value\">steel: 1 \/ stainless steel: 0.7 \/ brass: 0.5 \/ aluminium: 0.4 \/ copper: 0.3<\/td>\n<\/tr>\n<tr class=\"datasheet-table__row\">\n<th class=\"datasheet-table__label\">Hysteresis [% of Sr]<\/th>\n<td class=\"datasheet-table__value\">1&#8230;20<\/td>\n<\/tr>\n<tr class=\"datasheet-table__row\">\n<th class=\"datasheet-table__label\">Switch point drift [% of Sr]<\/th>\n<td class=\"datasheet-table__value\">-10&#8230;10<\/td>\n<\/tr>\n<\/tbody>\n<\/table>\n<\/div>\n<div class=\"datasheet-section\">\n<div class=\"datasheet-section__headline heading-lined\">Operating conditions<\/div>\n<table class=\"datasheet-section__table datasheet-table\" aria-label=\"datasheet section table\">\n<tbody>\n<tr class=\"datasheet-table__row\">\n<th class=\"datasheet-table__label\">Ambient temperature [\u00b0C]<\/th>\n<td class=\"datasheet-table__value\">0&#8230;100<\/td>\n<\/tr>\n<tr class=\"datasheet-table__row\">\n<th class=\"datasheet-table__label\">Protection<\/th>\n<td class=\"datasheet-table__value\">IP 68; IP 69K<\/td>\n<\/tr>\n<\/tbody>\n<\/table>\n<\/div>\n<div class=\"datasheet-section\">\n<div class=\"datasheet-section__headline heading-lined\">Tests \/ approvals<\/div>\n<table class=\"datasheet-section__table datasheet-table\" aria-label=\"datasheet section table\">\n<tbody>\n<tr class=\"datasheet-table__row\">\n<th class=\"datasheet-table__label\">EMC<\/th>\n<td class=\"datasheet-table__value\">\n<table>\n<colgroup class=\"pd-table-cols-2\">\n<col class=\"pd-table-col-1\" \/>\n<col class=\"pd-table-col-2\" \/><\/colgroup>\n<tbody class=\"datasheet-sub-table\">\n<tr class=\"datasheet-sub-table__row\">\n<td class=\"datasheet-sub-table__value\">EN 61000-4-2 ESD<\/td>\n<td class=\"datasheet-sub-table__value\">4 kV CD \/ 8 kV AD<\/td>\n<\/tr>\n<tr class=\"datasheet-sub-table__row\">\n<td class=\"datasheet-sub-table__value\">EN 61000-4-3 HF radiated<\/td>\n<td class=\"datasheet-sub-table__value\">10 V\/m<\/td>\n<\/tr>\n<tr class=\"datasheet-sub-table__row\">\n<td class=\"datasheet-sub-table__value\">EN 61000-4-4 Burst<\/td>\n<td class=\"datasheet-sub-table__value\">2 kV<\/td>\n<\/tr>\n<tr class=\"datasheet-sub-table__row\">\n<td class=\"datasheet-sub-table__value\">EN 61000-4-6 HF conducted<\/td>\n<td class=\"datasheet-sub-table__value\">10 V<\/td>\n<\/tr>\n<tr class=\"datasheet-sub-table__row\">\n<td class=\"datasheet-sub-table__value\">EN 55011<\/td>\n<td class=\"datasheet-sub-table__value\">class B<\/td>\n<\/tr>\n<\/tbody>\n<\/table>\n<\/td>\n<\/tr>\n<tr class=\"datasheet-table__row\">\n<th class=\"datasheet-table__label\">MTTF [years]<\/th>\n<td class=\"datasheet-table__value\">1134<\/td>\n<\/tr>\n<tr class=\"datasheet-table__row\">\n<th class=\"datasheet-table__label\">UL approval<\/th>\n<td class=\"datasheet-table__value\">\n<table>\n<colgroup class=\"pd-table-cols-2\">\n<col class=\"pd-table-col-1\" \/>\n<col class=\"pd-table-col-2\" \/><\/colgroup>\n<tbody class=\"datasheet-sub-table\">\n<tr class=\"datasheet-sub-table__row\">\n<td class=\"datasheet-sub-table__value\">Ta<\/td>\n<td class=\"datasheet-sub-table__value\">0&#8230;40 \u00b0C<\/td>\n<\/tr>\n<tr class=\"datasheet-sub-table__row\">\n<td class=\"datasheet-sub-table__value\">Enclosure type<\/td>\n<td class=\"datasheet-sub-table__value\">Type 1<\/td>\n<\/tr>\n<tr class=\"datasheet-sub-table__row\">\n<td class=\"datasheet-sub-table__value\">power supply<\/td>\n<td class=\"datasheet-sub-table__value\">Limited Voltage\/Current<\/td>\n<\/tr>\n<tr class=\"datasheet-sub-table__row\">\n<td class=\"datasheet-sub-table__value\">UL Approval no.<\/td>\n<td class=\"datasheet-sub-table__value\">A001<\/td>\n<\/tr>\n<tr class=\"datasheet-sub-table__row\">\n<td class=\"datasheet-sub-table__value\">File number UL<\/td>\n<td class=\"datasheet-sub-table__value\">E174191<\/td>\n<\/tr>\n<\/tbody>\n<\/table>\n<\/td>\n<\/tr>\n<\/tbody>\n<\/table>\n<\/div>\n<div class=\"datasheet-section\">\n<div class=\"datasheet-section__headline heading-lined\">Mechanical data<\/div>\n<table class=\"datasheet-section__table datasheet-table\" aria-label=\"datasheet section table\">\n<tbody>\n<tr class=\"datasheet-table__row\">\n<th class=\"datasheet-table__label\">Weight [g]<\/th>\n<td class=\"datasheet-table__value\">44.2<\/td>\n<\/tr>\n<tr class=\"datasheet-table__row\">\n<th class=\"datasheet-table__label\">Housing<\/th>\n<td class=\"datasheet-table__value\">threaded type<\/td>\n<\/tr>\n<tr class=\"datasheet-table__row\">\n<th class=\"datasheet-table__label\">Mounting<\/th>\n<td class=\"datasheet-table__value\">non-flush mountable<\/td>\n<\/tr>\n<tr class=\"datasheet-table__row\">\n<th class=\"datasheet-table__label\">Dimensions [mm]<\/th>\n<td class=\"datasheet-table__value\">M18 x 1 \/ L = 50<\/td>\n<\/tr>\n<tr class=\"datasheet-table__row\">\n<th class=\"datasheet-table__label\">Thread designation<\/th>\n<td class=\"datasheet-table__value\">M18 x 1<\/td>\n<\/tr>\n<tr class=\"datasheet-table__row\">\n<th class=\"datasheet-table__label\">Materials<\/th>\n<td class=\"datasheet-table__value\">housing: stainless steel (316L\/1.4404); sensing face: PEEK natural; LED window: PEI; lock nuts: stainless steel (316L\/1.4404)<\/td>\n<\/tr>\n<tr class=\"datasheet-table__row\">\n<th class=\"datasheet-table__label\">Tightening torque [Nm]<\/th>\n<td class=\"datasheet-table__value\">50<\/td>\n<\/tr>\n<\/tbody>\n<\/table>\n<\/div>\n<div class=\"datasheet-section\">\n<div class=\"datasheet-section__headline heading-lined\">Displays \/ operating elements<\/div>\n<table class=\"datasheet-section__table datasheet-table\" aria-label=\"datasheet section table\">\n<tbody>\n<tr class=\"datasheet-table__row\">\n<th class=\"datasheet-table__label\">Display<\/th>\n<td class=\"datasheet-table__value\">\n<table>\n<colgroup class=\"pd-table-cols-2\">\n<col class=\"pd-table-col-1\" \/>\n<col class=\"pd-table-col-2\" \/><\/colgroup>\n<tbody class=\"datasheet-sub-table\">\n<tr class=\"datasheet-sub-table__row\">\n<td class=\"datasheet-sub-table__value\">switching status<\/td>\n<td class=\"datasheet-sub-table__value\">4 x LED, yellow<\/td>\n<\/tr>\n<\/tbody>\n<\/table>\n<\/td>\n<\/tr>\n<\/tbody>\n<\/table>\n<\/div>\n<div class=\"datasheet-section\">\n<div class=\"datasheet-section__headline heading-lined\">Accessories<\/div>\n<table class=\"datasheet-section__table datasheet-table\" aria-label=\"datasheet section table\">\n<tbody>\n<tr class=\"datasheet-table__row\">\n<th class=\"datasheet-table__label\">Items supplied<\/th>\n<td class=\"datasheet-table__value\">\n<table>\n<colgroup class=\"pd-table-cols-1\">\n<col class=\"pd-table-col-1\" \/><\/colgroup>\n<tbody class=\"datasheet-sub-table\">\n<tr class=\"datasheet-sub-table__row\">\n<td class=\"datasheet-sub-table__value\">lock nuts: 2<\/td>\n<\/tr>\n<\/tbody>\n<\/table>\n<\/td>\n<\/tr>\n<\/tbody>\n<\/table>\n<\/div>\n<div class=\"datasheet-section\">\n<div class=\"datasheet-section__headline heading-lined\">Remarks<\/div>\n<table class=\"datasheet-section__table datasheet-table\" aria-label=\"datasheet section table\">\n<tbody>\n<tr class=\"datasheet-table__row\">\n<th class=\"datasheet-table__label\">Pack quantity<\/th>\n<td class=\"datasheet-table__value\">1 pcs.<\/td>\n<\/tr>\n<\/tbody>\n<\/table>\n<\/div>\n<div class=\"datasheet-section\">\n<div class=\"datasheet-section__headline heading-lined\">Electrical connection &#8211; plug<\/div>\n<table class=\"datasheet-section__table datasheet-table\" aria-label=\"datasheet section table\">\n<tbody>\n<tr class=\"datasheet-table__row\">\n<th class=\"datasheet-table__label\">Connection<\/th>\n<td class=\"datasheet-table__value\">Connector: 1 x M12; coding: A; Contacts: gold-plated<\/td>\n<\/tr>\n<\/tbody>\n<\/table>\n<\/div>\n<p>\u0110\u1ea1i l\u00fd IFM vietnam, IFM viet nam, IFM vietnam distributor, Ph\u00e2n ph\u1ed1i IFM t\u1ea1i vi\u1ec7t nam<\/p>\n<p>\u0110\u1ea1i l\u00fd IFM vietnam, IFM viet nam, IFM vietnam distributor, Ph\u00e2n ph\u1ed1i IFM t\u1ea1i vi\u1ec7t nam<\/p>\n<p>\u0110\u1ea1i l\u00fd IFM vietnam, IFM viet nam, IFM vietnam distributor, Ph\u00e2n ph\u1ed1i IFM t\u1ea1i vi\u1ec7t nam<\/p>\n<p>\u0110\u1ea1i l\u00fd IFM vietnam, IFM viet nam, IFM vietnam distributor, Ph\u00e2n ph\u1ed1i IFM t\u1ea1i vi\u1ec7t nam<\/p>\n<p>\u0110\u1ea1i l\u00fd IFM vietnam, IFM viet nam, IFM vietnam distributor, Ph\u00e2n ph\u1ed1i IFM t\u1ea1i vi\u1ec7t nam<\/p>\n<\/div>\n","protected":false},"excerpt":{"rendered":"<p>IFM IGT200 C\u1ea3m bi\u1ebfn IFM IGT200, 12mm, DC PNP SKU: IGT200 Ph\u1ea1m vi c\u1ea3m bi\u1ebfn: 12 mm non-flush mountable T\u1ea7n s\u1ed1: 300 Hz Ch\u1ebf \u0111\u1ed9 ho\u1ea1t \u0111\u1ed9ng: th\u01b0\u1eddng m\u1edf Ng\u00f5 ra: DC PNP K\u00edch th\u01b0\u1edbc: M18 x 1 \/ L = 51 mm Ph\u1ea1m vi nhi\u1ec7t \u0111\u1ed9 ho\u1ea1t \u0111\u1ed9ng r\u1ed9ng&hellip; <\/p>\n","protected":false},"featured_media":1002,"comment_status":"open","ping_status":"closed","template":"","meta":[],"product_cat":[300],"product_tag":[88,166,165],"class_list":{"0":"post-1001","1":"product","2":"type-product","3":"status-publish","4":"has-post-thumbnail","6":"product_cat-ifm","7":"product_tag-cam-bien","8":"product_tag-dai-ly-ifm-viet-nam","9":"product_tag-ifm-viet-nam","11":"first","12":"instock","13":"shipping-taxable","14":"product-type-simple"},"yoast_head":"<!-- This site is optimized with the Yoast SEO plugin v22.8 - https:\/\/yoast.com\/wordpress\/plugins\/seo\/ -->\n<title>IFM IGT200 - OMANI VI\u1ec6T NAM<\/title>\n<meta name=\"robots\" content=\"index, follow, max-snippet:-1, max-image-preview:large, max-video-preview:-1\" \/>\n<link rel=\"canonical\" href=\"https:\/\/omanivietnam.com\/index.php\/san-pham\/ifm-igt200\/\" \/>\n<meta property=\"og:locale\" content=\"vi_VN\" \/>\n<meta property=\"og:type\" content=\"article\" \/>\n<meta property=\"og:title\" content=\"IFM IGT200 - OMANI VI\u1ec6T NAM\" \/>\n<meta property=\"og:description\" content=\"IFM IGT200 C\u1ea3m bi\u1ebfn IFM IGT200, 12mm, DC PNP SKU: IGT200 Ph\u1ea1m vi c\u1ea3m bi\u1ebfn: 12 mm non-flush mountable T\u1ea7n s\u1ed1: 300 Hz Ch\u1ebf \u0111\u1ed9 ho\u1ea1t \u0111\u1ed9ng: th\u01b0\u1eddng m\u1edf Ng\u00f5 ra: DC PNP K\u00edch th\u01b0\u1edbc: M18 x 1 \/ L = 51 mm Ph\u1ea1m vi nhi\u1ec7t \u0111\u1ed9 ho\u1ea1t \u0111\u1ed9ng r\u1ed9ng&hellip;\" \/>\n<meta property=\"og:url\" content=\"https:\/\/omanivietnam.com\/index.php\/san-pham\/ifm-igt200\/\" \/>\n<meta property=\"og:site_name\" content=\"OMANI VI\u1ec6T NAM\" \/>\n<meta property=\"article:modified_time\" content=\"2024-07-28T14:02:21+00:00\" \/>\n<meta property=\"og:image\" content=\"https:\/\/omanivietnam.com\/wp-content\/uploads\/2024\/07\/IGT200.png\" \/>\n\t<meta property=\"og:image:width\" content=\"328\" \/>\n\t<meta property=\"og:image:height\" content=\"432\" \/>\n\t<meta property=\"og:image:type\" content=\"image\/png\" \/>\n<meta name=\"twitter:card\" content=\"summary_large_image\" \/>\n<meta name=\"twitter:label1\" content=\"\u01af\u1edbc t\u00ednh th\u1eddi gian \u0111\u1ecdc\" \/>\n\t<meta name=\"twitter:data1\" content=\"3 ph\u00fat\" \/>\n<script type=\"application\/ld+json\" class=\"yoast-schema-graph\">{\"@context\":\"https:\/\/schema.org\",\"@graph\":[{\"@type\":\"WebPage\",\"@id\":\"https:\/\/omanivietnam.com\/index.php\/san-pham\/ifm-igt200\/\",\"url\":\"https:\/\/omanivietnam.com\/index.php\/san-pham\/ifm-igt200\/\",\"name\":\"IFM IGT200 - OMANI VI\u1ec6T NAM\",\"isPartOf\":{\"@id\":\"https:\/\/omanivietnam.com\/#website\"},\"primaryImageOfPage\":{\"@id\":\"https:\/\/omanivietnam.com\/index.php\/san-pham\/ifm-igt200\/#primaryimage\"},\"image\":{\"@id\":\"https:\/\/omanivietnam.com\/index.php\/san-pham\/ifm-igt200\/#primaryimage\"},\"thumbnailUrl\":\"https:\/\/omanivietnam.com\/wp-content\/uploads\/2024\/07\/IGT200.png\",\"datePublished\":\"2024-07-03T22:40:50+00:00\",\"dateModified\":\"2024-07-28T14:02:21+00:00\",\"breadcrumb\":{\"@id\":\"https:\/\/omanivietnam.com\/index.php\/san-pham\/ifm-igt200\/#breadcrumb\"},\"inLanguage\":\"vi\",\"potentialAction\":[{\"@type\":\"ReadAction\",\"target\":[\"https:\/\/omanivietnam.com\/index.php\/san-pham\/ifm-igt200\/\"]}]},{\"@type\":\"ImageObject\",\"inLanguage\":\"vi\",\"@id\":\"https:\/\/omanivietnam.com\/index.php\/san-pham\/ifm-igt200\/#primaryimage\",\"url\":\"https:\/\/omanivietnam.com\/wp-content\/uploads\/2024\/07\/IGT200.png\",\"contentUrl\":\"https:\/\/omanivietnam.com\/wp-content\/uploads\/2024\/07\/IGT200.png\",\"width\":328,\"height\":432},{\"@type\":\"BreadcrumbList\",\"@id\":\"https:\/\/omanivietnam.com\/index.php\/san-pham\/ifm-igt200\/#breadcrumb\",\"itemListElement\":[{\"@type\":\"ListItem\",\"position\":1,\"name\":\"Home\",\"item\":\"https:\/\/omanivietnam.com\/\"},{\"@type\":\"ListItem\",\"position\":2,\"name\":\"S\u1ea2N PH\u1ea8M\",\"item\":\"https:\/\/omanivietnam.com\/index.php\/cua-hang\/\"},{\"@type\":\"ListItem\",\"position\":3,\"name\":\"IFM IGT200\"}]},{\"@type\":\"WebSite\",\"@id\":\"https:\/\/omanivietnam.com\/#website\",\"url\":\"https:\/\/omanivietnam.com\/\",\"name\":\"OMANI VI\u1ec6T NAM\",\"description\":\"Nh\u00e0 ph\u00e2n ph\u1ed1i thi\u1ebft b\u1ecb kh\u00ed n\u00e9n v\u00e0 thi\u1ebft b\u1ecb t\u1ef1 \u0111\u1ed9ng h\u00f3a trong c\u00f4ng nghi\u1ec7p\",\"publisher\":{\"@id\":\"https:\/\/omanivietnam.com\/#\/schema\/person\/0ad398a980dc3fd696111c2c5c8fa897\"},\"potentialAction\":[{\"@type\":\"SearchAction\",\"target\":{\"@type\":\"EntryPoint\",\"urlTemplate\":\"https:\/\/omanivietnam.com\/?s={search_term_string}\"},\"query-input\":\"required name=search_term_string\"}],\"inLanguage\":\"vi\"},{\"@type\":[\"Person\",\"Organization\"],\"@id\":\"https:\/\/omanivietnam.com\/#\/schema\/person\/0ad398a980dc3fd696111c2c5c8fa897\",\"name\":\"Nguy\u1ec5n V\u0103n Kh\u00e1nh\",\"image\":{\"@type\":\"ImageObject\",\"inLanguage\":\"vi\",\"@id\":\"https:\/\/omanivietnam.com\/#\/schema\/person\/image\/\",\"url\":\"https:\/\/omanivietnam.com\/wp-content\/uploads\/2024\/06\/logo-1024x1024.png\",\"contentUrl\":\"https:\/\/omanivietnam.com\/wp-content\/uploads\/2024\/06\/logo-1024x1024.png\",\"width\":1024,\"height\":1024,\"caption\":\"Nguy\u1ec5n V\u0103n Kh\u00e1nh\"},\"logo\":{\"@id\":\"https:\/\/omanivietnam.com\/#\/schema\/person\/image\/\"},\"sameAs\":[\"https:\/\/omanivietnam.com\"]}]}<\/script>\n<!-- \/ Yoast SEO plugin. -->","yoast_head_json":{"title":"IFM IGT200 - OMANI VI\u1ec6T NAM","robots":{"index":"index","follow":"follow","max-snippet":"max-snippet:-1","max-image-preview":"max-image-preview:large","max-video-preview":"max-video-preview:-1"},"canonical":"https:\/\/omanivietnam.com\/index.php\/san-pham\/ifm-igt200\/","og_locale":"vi_VN","og_type":"article","og_title":"IFM IGT200 - OMANI VI\u1ec6T NAM","og_description":"IFM IGT200 C\u1ea3m bi\u1ebfn IFM IGT200, 12mm, DC PNP SKU: IGT200 Ph\u1ea1m vi c\u1ea3m bi\u1ebfn: 12 mm non-flush mountable T\u1ea7n s\u1ed1: 300 Hz Ch\u1ebf \u0111\u1ed9 ho\u1ea1t \u0111\u1ed9ng: th\u01b0\u1eddng m\u1edf Ng\u00f5 ra: DC PNP K\u00edch th\u01b0\u1edbc: M18 x 1 \/ L = 51 mm Ph\u1ea1m vi nhi\u1ec7t \u0111\u1ed9 ho\u1ea1t \u0111\u1ed9ng r\u1ed9ng&hellip;","og_url":"https:\/\/omanivietnam.com\/index.php\/san-pham\/ifm-igt200\/","og_site_name":"OMANI VI\u1ec6T NAM","article_modified_time":"2024-07-28T14:02:21+00:00","og_image":[{"width":328,"height":432,"url":"https:\/\/omanivietnam.com\/wp-content\/uploads\/2024\/07\/IGT200.png","type":"image\/png"}],"twitter_card":"summary_large_image","twitter_misc":{"\u01af\u1edbc t\u00ednh th\u1eddi gian \u0111\u1ecdc":"3 ph\u00fat"},"schema":{"@context":"https:\/\/schema.org","@graph":[{"@type":"WebPage","@id":"https:\/\/omanivietnam.com\/index.php\/san-pham\/ifm-igt200\/","url":"https:\/\/omanivietnam.com\/index.php\/san-pham\/ifm-igt200\/","name":"IFM IGT200 - OMANI VI\u1ec6T NAM","isPartOf":{"@id":"https:\/\/omanivietnam.com\/#website"},"primaryImageOfPage":{"@id":"https:\/\/omanivietnam.com\/index.php\/san-pham\/ifm-igt200\/#primaryimage"},"image":{"@id":"https:\/\/omanivietnam.com\/index.php\/san-pham\/ifm-igt200\/#primaryimage"},"thumbnailUrl":"https:\/\/omanivietnam.com\/wp-content\/uploads\/2024\/07\/IGT200.png","datePublished":"2024-07-03T22:40:50+00:00","dateModified":"2024-07-28T14:02:21+00:00","breadcrumb":{"@id":"https:\/\/omanivietnam.com\/index.php\/san-pham\/ifm-igt200\/#breadcrumb"},"inLanguage":"vi","potentialAction":[{"@type":"ReadAction","target":["https:\/\/omanivietnam.com\/index.php\/san-pham\/ifm-igt200\/"]}]},{"@type":"ImageObject","inLanguage":"vi","@id":"https:\/\/omanivietnam.com\/index.php\/san-pham\/ifm-igt200\/#primaryimage","url":"https:\/\/omanivietnam.com\/wp-content\/uploads\/2024\/07\/IGT200.png","contentUrl":"https:\/\/omanivietnam.com\/wp-content\/uploads\/2024\/07\/IGT200.png","width":328,"height":432},{"@type":"BreadcrumbList","@id":"https:\/\/omanivietnam.com\/index.php\/san-pham\/ifm-igt200\/#breadcrumb","itemListElement":[{"@type":"ListItem","position":1,"name":"Home","item":"https:\/\/omanivietnam.com\/"},{"@type":"ListItem","position":2,"name":"S\u1ea2N PH\u1ea8M","item":"https:\/\/omanivietnam.com\/index.php\/cua-hang\/"},{"@type":"ListItem","position":3,"name":"IFM IGT200"}]},{"@type":"WebSite","@id":"https:\/\/omanivietnam.com\/#website","url":"https:\/\/omanivietnam.com\/","name":"OMANI VI\u1ec6T NAM","description":"Nh\u00e0 ph\u00e2n ph\u1ed1i thi\u1ebft b\u1ecb kh\u00ed n\u00e9n v\u00e0 thi\u1ebft b\u1ecb t\u1ef1 \u0111\u1ed9ng h\u00f3a trong c\u00f4ng nghi\u1ec7p","publisher":{"@id":"https:\/\/omanivietnam.com\/#\/schema\/person\/0ad398a980dc3fd696111c2c5c8fa897"},"potentialAction":[{"@type":"SearchAction","target":{"@type":"EntryPoint","urlTemplate":"https:\/\/omanivietnam.com\/?s={search_term_string}"},"query-input":"required name=search_term_string"}],"inLanguage":"vi"},{"@type":["Person","Organization"],"@id":"https:\/\/omanivietnam.com\/#\/schema\/person\/0ad398a980dc3fd696111c2c5c8fa897","name":"Nguy\u1ec5n V\u0103n Kh\u00e1nh","image":{"@type":"ImageObject","inLanguage":"vi","@id":"https:\/\/omanivietnam.com\/#\/schema\/person\/image\/","url":"https:\/\/omanivietnam.com\/wp-content\/uploads\/2024\/06\/logo-1024x1024.png","contentUrl":"https:\/\/omanivietnam.com\/wp-content\/uploads\/2024\/06\/logo-1024x1024.png","width":1024,"height":1024,"caption":"Nguy\u1ec5n V\u0103n Kh\u00e1nh"},"logo":{"@id":"https:\/\/omanivietnam.com\/#\/schema\/person\/image\/"},"sameAs":["https:\/\/omanivietnam.com"]}]}},"_links":{"self":[{"href":"https:\/\/omanivietnam.com\/index.php\/wp-json\/wp\/v2\/product\/1001","targetHints":{"allow":["GET"]}}],"collection":[{"href":"https:\/\/omanivietnam.com\/index.php\/wp-json\/wp\/v2\/product"}],"about":[{"href":"https:\/\/omanivietnam.com\/index.php\/wp-json\/wp\/v2\/types\/product"}],"replies":[{"embeddable":true,"href":"https:\/\/omanivietnam.com\/index.php\/wp-json\/wp\/v2\/comments?post=1001"}],"wp:featuredmedia":[{"embeddable":true,"href":"https:\/\/omanivietnam.com\/index.php\/wp-json\/wp\/v2\/media\/1002"}],"wp:attachment":[{"href":"https:\/\/omanivietnam.com\/index.php\/wp-json\/wp\/v2\/media?parent=1001"}],"wp:term":[{"taxonomy":"product_cat","embeddable":true,"href":"https:\/\/omanivietnam.com\/index.php\/wp-json\/wp\/v2\/product_cat?post=1001"},{"taxonomy":"product_tag","embeddable":true,"href":"https:\/\/omanivietnam.com\/index.php\/wp-json\/wp\/v2\/product_tag?post=1001"}],"curies":[{"name":"wp","href":"https:\/\/api.w.org\/{rel}","templated":true}]}}