{"id":1007,"date":"2024-07-05T04:49:36","date_gmt":"2024-07-04T21:49:36","guid":{"rendered":"https:\/\/omanivietnam.com\/?post_type=product&#038;p=1007"},"modified":"2024-07-15T05:21:14","modified_gmt":"2024-07-14T22:21:14","slug":"vmeca-vp20v-03-f1-c","status":"publish","type":"product","link":"https:\/\/omanivietnam.com\/index.php\/san-pham\/vmeca-vp20v-03-f1-c\/","title":{"rendered":"VMECA VP20V-03-F1-C"},"content":{"rendered":"<p>VMECA VP20V-03-F1-C<\/p>\n<p>VMECA VP20V-03-F1-C-A<\/p>\n<p>VMECA VP20V-03-F1<\/p>\n<p class=\"product_title entry-title fusion-responsive-typography-calculated\" data-fontsize=\"24\" data-lineheight=\"27.12px\">VP20<\/p>\n<p class=\"product-border fusion-separator sep-double sep-solid\"><strong>Digital Vacuum Switch<\/strong><\/p>\n<div class=\"post-content woocommerce-product-details__short-description\">\n<ul>\n<li>Pressure Range: -101.3 ~ 1,000 kPa, 0 ~ 1 MPa<\/li>\n<li><a>Display: LCD 4-digit<\/a><\/li>\n<li><a>Sensor Outputs: 2 NPN or PNP open collector<\/a><\/li>\n<li><a>Weight: 135 g<\/a><\/li>\n<\/ul>\n<p>Vacuum switches are a type of pressure switch that functions in the vacuum end of the pressure.\u00a0 Their primary purpose is to monitor vacuum status and open or close a connection when there is a change in the vacuum level.<\/p>\n<ul>\n<li>Pressure Range: -101.3 ~ 1,000 kPa, 0 ~ 1 MPa<\/li>\n<li><a>Display: LCD 4-digit<\/a><\/li>\n<li><a>Sensor Outputs: 2 NPN or PNP open collector<\/a><\/li>\n<li><a>Weight: 135 g<\/a><\/li>\n<\/ul>\n<p><strong>General Specifications<\/strong><\/p>\n<table class=\"vmeca-table-1\" border=\"0\" width=\"100%\" cellspacing=\"0\" cellpadding=\"0\">\n<tbody>\n<tr>\n<td colspan=\"2\" width=\"23%\"><strong>Model<\/strong><\/td>\n<td width=\"20%\"><strong>VP20C<\/strong><\/td>\n<td width=\"20%\"><strong>VP20V<\/strong><\/td>\n<td width=\"20%\"><strong>VP20P<\/strong><\/td>\n<\/tr>\n<tr>\n<td colspan=\"2\">Pressure range<\/td>\n<td>-100 ~ 100 kPa<\/td>\n<td>0 ~ 101.3 kPa<\/td>\n<td>0 ~ 1000 kPa<\/td>\n<\/tr>\n<tr>\n<td colspan=\"2\">Fluid<\/td>\n<td colspan=\"3\">Filtered air, Non-corrosive, Non-flammable gas<\/td>\n<\/tr>\n<tr>\n<td colspan=\"2\">Pressure proof force<\/td>\n<td colspan=\"3\">3-time of<\/td>\n<\/tr>\n<tr>\n<td colspan=\"2\">Indicator resolution<\/td>\n<td>0.1 kPa<\/td>\n<td>0.1 kPa<\/td>\n<td>0.01 kPa<\/td>\n<\/tr>\n<tr>\n<td colspan=\"2\">Power supply voltage<\/td>\n<td colspan=\"3\">12 to 24V DC\u00b110%, Ripple (P-P) 10% or less<\/td>\n<\/tr>\n<tr>\n<td colspan=\"2\">Power consumption<\/td>\n<td colspan=\"3\">55 mA or less<\/td>\n<\/tr>\n<tr>\n<td colspan=\"2\">Output<\/td>\n<td colspan=\"3\">2-NPN or 2-PNP open collector, Max 80 mA<\/td>\n<\/tr>\n<tr>\n<td rowspan=\"2\">Analog output<\/td>\n<td width=\"23%\">Voltage output<\/td>\n<td>1 ~ 5 V (\u00b15%)<\/td>\n<td colspan=\"2\">1 ~ 5 V (\u00b12.5%)<\/td>\n<\/tr>\n<tr>\n<td>Linearity<\/td>\n<td>\u00b11% F.S.<\/td>\n<td colspan=\"2\">\u00b11% F.S.<\/td>\n<\/tr>\n<tr>\n<td colspan=\"2\">Repeatability<\/td>\n<td colspan=\"3\">\u00b10.2% F.S. \u00b11 digit<\/td>\n<\/tr>\n<tr>\n<td colspan=\"2\">Response time<\/td>\n<td colspan=\"3\">\u22642.5 ms (Chattering-proof function: 24, 192, 768 ms selections)<\/td>\n<\/tr>\n<tr>\n<td colspan=\"2\">Protection Structure<\/td>\n<td colspan=\"3\">IP65<\/td>\n<\/tr>\n<tr>\n<td colspan=\"2\">Operation temp.<\/td>\n<td colspan=\"3\">0 ~ 50\u2103<\/td>\n<\/tr>\n<tr>\n<td colspan=\"2\">Operation humidity<\/td>\n<td colspan=\"3\">35 ~ 85% RH (No condensation)<\/td>\n<\/tr>\n<tr>\n<td colspan=\"2\">Temperature characteristic<\/td>\n<td colspan=\"3\">\u00b12% F.S. of detected pressure (25\u2103) at temp. range of 0 ~ 50\u2103<\/td>\n<\/tr>\n<tr>\n<td colspan=\"2\">Vibration<\/td>\n<td colspan=\"3\">Total amplitude 1.5mm or 10G, 10~55 Hz scan for 1-min, 2-hour each direction of X, Y, and Z<\/td>\n<\/tr>\n<tr>\n<td colspan=\"2\">Shock<\/td>\n<td colspan=\"3\">980 m\/s\u00b2 (10G), 3-time each in direction of X, Y, and Z<\/td>\n<\/tr>\n<tr>\n<td rowspan=\"2\">Hysteresis<\/td>\n<td>Hysteresis mode<\/td>\n<td colspan=\"3\">Adjustable<\/td>\n<\/tr>\n<tr>\n<td>Window comparator<\/td>\n<td colspan=\"3\">Fixed (3-digit)<\/td>\n<\/tr>\n<tr>\n<td colspan=\"2\">Indicator accuracy<\/td>\n<td colspan=\"3\">\u00b12% F.S. \u00b11 digit (ambient temperature: 25\u00b13\u2103)<\/td>\n<\/tr>\n<tr>\n<td colspan=\"2\">Lead wire<\/td>\n<td colspan=\"3\">Oil-resistance cable (0.15 mm\u00b2)<\/td>\n<\/tr>\n<tr>\n<td colspan=\"2\">Weight<\/td>\n<td colspan=\"3\">135 g (with 2-meter lead wire)<\/td>\n<\/tr>\n<\/tbody>\n<\/table>\n<\/div>\n<p>&nbsp;<\/p>\n<p><strong>VP20 series switches<\/strong><\/p>\n<table class=\"vmeca-table-1\" style=\"height: 1326px\" border=\"0\" width=\"811\" cellspacing=\"0\" cellpadding=\"0\">\n<tbody>\n<tr>\n<td width=\"20%\"><strong>Part Number<\/strong><\/td>\n<td width=\"80%\"><strong>Description<\/strong><\/td>\n<\/tr>\n<tr>\n<td>VP20C-01-F1<\/td>\n<td>Vacuum switch, LED-display, NPN 2-output, No analog supply, 2mlead-wire<\/td>\n<\/tr>\n<tr>\n<td>VP20C-01-F1-C<\/td>\n<td>Vacuum switch, LED-display, NPN 2-output, No analog supply, M8 4-pin male<\/td>\n<\/tr>\n<tr>\n<td>VP20C-01-F1-A<\/td>\n<td>Vacuum switch, LED-display, NPN 2-output, Analog supply, 2mlead-wire<\/td>\n<\/tr>\n<tr>\n<td>VP20C-03-F1<\/td>\n<td>Vacuum switch, LED-display, PNP 2-output, No analog supply, 2mlead-wire<\/td>\n<\/tr>\n<tr>\n<td>VP20C-03-F1-C<\/td>\n<td>Vacuum switch, LED-display, PNP 2-output, No analog supply, M8 4-pin male<\/td>\n<\/tr>\n<tr>\n<td>VP20C-03-F1-A<\/td>\n<td>Vacuum switch, LED-display, PNP 2-output, Analog supply, 2mlead-wire<\/td>\n<\/tr>\n<tr>\n<td>VP20V-01-F1<\/td>\n<td>Vacuum switch, LED-display, NPN 2-output, No analog supply, 2mlead-wire<\/td>\n<\/tr>\n<tr>\n<td>VP20V-01-F1-C<\/td>\n<td>Vacuum switch, LED-display, NPN 2-output, No analog supply, M8 4-pin male<\/td>\n<\/tr>\n<tr>\n<td>VP20V-01-F1-A<\/td>\n<td>Vacuum switch, LED-display, NPN 2-output, Analog supply, 2mlead-wire<\/td>\n<\/tr>\n<tr>\n<td>VP20V-03-F1<\/td>\n<td>Vacuum switch, LED-display, PNP 2-output, No analog supply, 2mlead-wire<\/td>\n<\/tr>\n<tr>\n<td>VP20V-03-F1-C<\/td>\n<td>Vacuum switch, LED-display, PNP 2-output, No analog supply, M8 4-pin male<\/td>\n<\/tr>\n<tr>\n<td>VP20V-03-F1-A<\/td>\n<td>Vacuum switch, LED-display, PNP 2-output, Analog supply, 2mlead-wire<\/td>\n<\/tr>\n<tr>\n<td>VP20P-01-F1<\/td>\n<td>Vacuum switch, LED-display, NPN 2-output, No analog supply, 2mlead-wire<\/td>\n<\/tr>\n<tr>\n<td>VP20P-01-F1-C<\/td>\n<td>Vacuum switch, LED-display, NPN 2-output, No analog supply, M8 4-pin male<\/td>\n<\/tr>\n<tr>\n<td>VP20P-01-F1-A<\/td>\n<td>Vacuum switch, LED-display, NPN 2-output, Analog supply, 2mlead-wire<\/td>\n<\/tr>\n<tr>\n<td>VP20P-03-F1<\/td>\n<td>Vacuum switch, LED-display, PNP 2-output, No analog supply, 2mlead-wire<\/td>\n<\/tr>\n<tr>\n<td>VP20P-03-F1-C<\/td>\n<td>Vacuum switch, LED-display, PNP 2-output, No analog supply, M8 4-pin male<\/td>\n<\/tr>\n<tr>\n<td>VP20P-03-F1-A<\/td>\n<td>Vacuum switch, LED-display, PNP 2-output, Analog supply, 2mlead-wire<\/td>\n<\/tr>\n<tr>\n<td>VCM8-4-2<\/td>\n<td>M8-Female Connector, 4-pin &amp; 2mlead-wire<\/td>\n<\/tr>\n<tr>\n<td>Bracket A<\/td>\n<td>Mounting bracket kit, for direct installtion, BT-1 &amp; BT-2<\/td>\n<\/tr>\n<tr>\n<td>Bracket C<\/td>\n<td>Mounting bracket kit, for panel Installation, FPC-1, PA-1, &amp; PA-2<\/td>\n<\/tr>\n<\/tbody>\n<\/table>\n<p>&nbsp;<\/p>\n<p>\u0110\u1ea1i l\u00fd VMECA vietnam, VMECA viet nam, VMECA vietnam distributor, Ph\u00e2n ph\u1ed1i VMECA t\u1ea1i vi\u1ec7t nam<\/p>\n<p>\u0110\u1ea1i l\u00fd VMECA vietnam, VMECA viet nam, VMECA vietnam distributor, Ph\u00e2n ph\u1ed1i VMECA t\u1ea1i vi\u1ec7t nam<\/p>\n<p>\u0110\u1ea1i l\u00fd VMECA vietnam, VMECA viet nam, VMECA vietnam distributor, Ph\u00e2n ph\u1ed1i VMECA t\u1ea1i vi\u1ec7t nam<\/p>\n<p>\u0110\u1ea1i l\u00fd VMECA vietnam, VMECA viet nam, VMECA vietnam distributor, Ph\u00e2n ph\u1ed1i VMECA t\u1ea1i vi\u1ec7t nam<\/p>\n<p>\u0110\u1ea1i l\u00fd VMECA vietnam, VMECA viet nam, VMECA vietnam distributor, Ph\u00e2n ph\u1ed1i VMECA t\u1ea1i vi\u1ec7t nam<\/p>\n<p>&nbsp;<\/p>\n","protected":false},"excerpt":{"rendered":"<p>VMECA VP20V-03-F1-C VMECA VP20V-03-F1-C-A VMECA VP20V-03-F1 VP20 Digital Vacuum Switch Pressure Range: -101.3 ~ 1,000 kPa, 0 ~ 1 MPa Display: LCD 4-digit Sensor Outputs: 2 NPN or PNP open collector Weight: 135 g Vacuum switches are a type of pressure switch that functions in the vacuum end of the&hellip; <\/p>\n","protected":false},"featured_media":1008,"comment_status":"open","ping_status":"closed","template":"","meta":[],"product_cat":[309],"product_tag":[88,231,230],"class_list":{"0":"post-1007","1":"product","2":"type-product","3":"status-publish","4":"has-post-thumbnail","6":"product_cat-vmeca","7":"product_tag-cam-bien","8":"product_tag-dai-ly-vmeca-viet-nam","9":"product_tag-vmeca-viet-nam","11":"first","12":"instock","13":"shipping-taxable","14":"product-type-simple"},"yoast_head":"<!-- This site is optimized with the Yoast SEO plugin v22.8 - https:\/\/yoast.com\/wordpress\/plugins\/seo\/ -->\n<title>VMECA VP20V-03-F1-C - OMANI VI\u1ec6T NAM<\/title>\n<meta name=\"robots\" content=\"index, follow, max-snippet:-1, max-image-preview:large, max-video-preview:-1\" \/>\n<link rel=\"canonical\" href=\"https:\/\/omanivietnam.com\/index.php\/san-pham\/vmeca-vp20v-03-f1-c\/\" \/>\n<meta property=\"og:locale\" content=\"vi_VN\" \/>\n<meta property=\"og:type\" content=\"article\" \/>\n<meta property=\"og:title\" content=\"VMECA VP20V-03-F1-C - OMANI VI\u1ec6T NAM\" \/>\n<meta property=\"og:description\" content=\"VMECA VP20V-03-F1-C VMECA VP20V-03-F1-C-A VMECA VP20V-03-F1 VP20 Digital Vacuum Switch Pressure Range: -101.3 ~ 1,000 kPa, 0 ~ 1 MPa Display: LCD 4-digit Sensor Outputs: 2 NPN or PNP open collector Weight: 135 g Vacuum switches are a type of pressure switch that functions in the vacuum end of the&hellip;\" \/>\n<meta property=\"og:url\" content=\"https:\/\/omanivietnam.com\/index.php\/san-pham\/vmeca-vp20v-03-f1-c\/\" \/>\n<meta property=\"og:site_name\" content=\"OMANI VI\u1ec6T NAM\" \/>\n<meta property=\"article:modified_time\" content=\"2024-07-14T22:21:14+00:00\" \/>\n<meta property=\"og:image\" content=\"https:\/\/omanivietnam.com\/wp-content\/uploads\/2024\/07\/VP20V-03-F1-C.png\" \/>\n\t<meta property=\"og:image:width\" content=\"488\" \/>\n\t<meta property=\"og:image:height\" content=\"519\" \/>\n\t<meta property=\"og:image:type\" content=\"image\/png\" \/>\n<meta name=\"twitter:card\" content=\"summary_large_image\" \/>\n<meta name=\"twitter:label1\" content=\"\u01af\u1edbc t\u00ednh th\u1eddi gian \u0111\u1ecdc\" \/>\n\t<meta name=\"twitter:data1\" content=\"4 ph\u00fat\" \/>\n<script type=\"application\/ld+json\" class=\"yoast-schema-graph\">{\"@context\":\"https:\/\/schema.org\",\"@graph\":[{\"@type\":\"WebPage\",\"@id\":\"https:\/\/omanivietnam.com\/index.php\/san-pham\/vmeca-vp20v-03-f1-c\/\",\"url\":\"https:\/\/omanivietnam.com\/index.php\/san-pham\/vmeca-vp20v-03-f1-c\/\",\"name\":\"VMECA VP20V-03-F1-C - OMANI VI\u1ec6T NAM\",\"isPartOf\":{\"@id\":\"https:\/\/omanivietnam.com\/#website\"},\"primaryImageOfPage\":{\"@id\":\"https:\/\/omanivietnam.com\/index.php\/san-pham\/vmeca-vp20v-03-f1-c\/#primaryimage\"},\"image\":{\"@id\":\"https:\/\/omanivietnam.com\/index.php\/san-pham\/vmeca-vp20v-03-f1-c\/#primaryimage\"},\"thumbnailUrl\":\"https:\/\/omanivietnam.com\/wp-content\/uploads\/2024\/07\/VP20V-03-F1-C.png\",\"datePublished\":\"2024-07-04T21:49:36+00:00\",\"dateModified\":\"2024-07-14T22:21:14+00:00\",\"breadcrumb\":{\"@id\":\"https:\/\/omanivietnam.com\/index.php\/san-pham\/vmeca-vp20v-03-f1-c\/#breadcrumb\"},\"inLanguage\":\"vi\",\"potentialAction\":[{\"@type\":\"ReadAction\",\"target\":[\"https:\/\/omanivietnam.com\/index.php\/san-pham\/vmeca-vp20v-03-f1-c\/\"]}]},{\"@type\":\"ImageObject\",\"inLanguage\":\"vi\",\"@id\":\"https:\/\/omanivietnam.com\/index.php\/san-pham\/vmeca-vp20v-03-f1-c\/#primaryimage\",\"url\":\"https:\/\/omanivietnam.com\/wp-content\/uploads\/2024\/07\/VP20V-03-F1-C.png\",\"contentUrl\":\"https:\/\/omanivietnam.com\/wp-content\/uploads\/2024\/07\/VP20V-03-F1-C.png\",\"width\":488,\"height\":519},{\"@type\":\"BreadcrumbList\",\"@id\":\"https:\/\/omanivietnam.com\/index.php\/san-pham\/vmeca-vp20v-03-f1-c\/#breadcrumb\",\"itemListElement\":[{\"@type\":\"ListItem\",\"position\":1,\"name\":\"Home\",\"item\":\"https:\/\/omanivietnam.com\/\"},{\"@type\":\"ListItem\",\"position\":2,\"name\":\"S\u1ea2N PH\u1ea8M\",\"item\":\"https:\/\/omanivietnam.com\/index.php\/cua-hang\/\"},{\"@type\":\"ListItem\",\"position\":3,\"name\":\"VMECA VP20V-03-F1-C\"}]},{\"@type\":\"WebSite\",\"@id\":\"https:\/\/omanivietnam.com\/#website\",\"url\":\"https:\/\/omanivietnam.com\/\",\"name\":\"OMANI VI\u1ec6T NAM\",\"description\":\"Nh\u00e0 ph\u00e2n ph\u1ed1i thi\u1ebft b\u1ecb kh\u00ed n\u00e9n v\u00e0 thi\u1ebft b\u1ecb t\u1ef1 \u0111\u1ed9ng h\u00f3a trong c\u00f4ng nghi\u1ec7p\",\"publisher\":{\"@id\":\"https:\/\/omanivietnam.com\/#\/schema\/person\/0ad398a980dc3fd696111c2c5c8fa897\"},\"potentialAction\":[{\"@type\":\"SearchAction\",\"target\":{\"@type\":\"EntryPoint\",\"urlTemplate\":\"https:\/\/omanivietnam.com\/?s={search_term_string}\"},\"query-input\":\"required name=search_term_string\"}],\"inLanguage\":\"vi\"},{\"@type\":[\"Person\",\"Organization\"],\"@id\":\"https:\/\/omanivietnam.com\/#\/schema\/person\/0ad398a980dc3fd696111c2c5c8fa897\",\"name\":\"Nguy\u1ec5n V\u0103n Kh\u00e1nh\",\"image\":{\"@type\":\"ImageObject\",\"inLanguage\":\"vi\",\"@id\":\"https:\/\/omanivietnam.com\/#\/schema\/person\/image\/\",\"url\":\"https:\/\/omanivietnam.com\/wp-content\/uploads\/2024\/06\/logo-1024x1024.png\",\"contentUrl\":\"https:\/\/omanivietnam.com\/wp-content\/uploads\/2024\/06\/logo-1024x1024.png\",\"width\":1024,\"height\":1024,\"caption\":\"Nguy\u1ec5n V\u0103n Kh\u00e1nh\"},\"logo\":{\"@id\":\"https:\/\/omanivietnam.com\/#\/schema\/person\/image\/\"},\"sameAs\":[\"https:\/\/omanivietnam.com\"]}]}<\/script>\n<!-- \/ Yoast SEO plugin. -->","yoast_head_json":{"title":"VMECA VP20V-03-F1-C - OMANI VI\u1ec6T NAM","robots":{"index":"index","follow":"follow","max-snippet":"max-snippet:-1","max-image-preview":"max-image-preview:large","max-video-preview":"max-video-preview:-1"},"canonical":"https:\/\/omanivietnam.com\/index.php\/san-pham\/vmeca-vp20v-03-f1-c\/","og_locale":"vi_VN","og_type":"article","og_title":"VMECA VP20V-03-F1-C - OMANI VI\u1ec6T NAM","og_description":"VMECA VP20V-03-F1-C VMECA VP20V-03-F1-C-A VMECA VP20V-03-F1 VP20 Digital Vacuum Switch Pressure Range: -101.3 ~ 1,000 kPa, 0 ~ 1 MPa Display: LCD 4-digit Sensor Outputs: 2 NPN or PNP open collector Weight: 135 g Vacuum switches are a type of pressure switch that functions in the vacuum end of the&hellip;","og_url":"https:\/\/omanivietnam.com\/index.php\/san-pham\/vmeca-vp20v-03-f1-c\/","og_site_name":"OMANI VI\u1ec6T NAM","article_modified_time":"2024-07-14T22:21:14+00:00","og_image":[{"width":488,"height":519,"url":"https:\/\/omanivietnam.com\/wp-content\/uploads\/2024\/07\/VP20V-03-F1-C.png","type":"image\/png"}],"twitter_card":"summary_large_image","twitter_misc":{"\u01af\u1edbc t\u00ednh th\u1eddi gian \u0111\u1ecdc":"4 ph\u00fat"},"schema":{"@context":"https:\/\/schema.org","@graph":[{"@type":"WebPage","@id":"https:\/\/omanivietnam.com\/index.php\/san-pham\/vmeca-vp20v-03-f1-c\/","url":"https:\/\/omanivietnam.com\/index.php\/san-pham\/vmeca-vp20v-03-f1-c\/","name":"VMECA VP20V-03-F1-C - OMANI VI\u1ec6T NAM","isPartOf":{"@id":"https:\/\/omanivietnam.com\/#website"},"primaryImageOfPage":{"@id":"https:\/\/omanivietnam.com\/index.php\/san-pham\/vmeca-vp20v-03-f1-c\/#primaryimage"},"image":{"@id":"https:\/\/omanivietnam.com\/index.php\/san-pham\/vmeca-vp20v-03-f1-c\/#primaryimage"},"thumbnailUrl":"https:\/\/omanivietnam.com\/wp-content\/uploads\/2024\/07\/VP20V-03-F1-C.png","datePublished":"2024-07-04T21:49:36+00:00","dateModified":"2024-07-14T22:21:14+00:00","breadcrumb":{"@id":"https:\/\/omanivietnam.com\/index.php\/san-pham\/vmeca-vp20v-03-f1-c\/#breadcrumb"},"inLanguage":"vi","potentialAction":[{"@type":"ReadAction","target":["https:\/\/omanivietnam.com\/index.php\/san-pham\/vmeca-vp20v-03-f1-c\/"]}]},{"@type":"ImageObject","inLanguage":"vi","@id":"https:\/\/omanivietnam.com\/index.php\/san-pham\/vmeca-vp20v-03-f1-c\/#primaryimage","url":"https:\/\/omanivietnam.com\/wp-content\/uploads\/2024\/07\/VP20V-03-F1-C.png","contentUrl":"https:\/\/omanivietnam.com\/wp-content\/uploads\/2024\/07\/VP20V-03-F1-C.png","width":488,"height":519},{"@type":"BreadcrumbList","@id":"https:\/\/omanivietnam.com\/index.php\/san-pham\/vmeca-vp20v-03-f1-c\/#breadcrumb","itemListElement":[{"@type":"ListItem","position":1,"name":"Home","item":"https:\/\/omanivietnam.com\/"},{"@type":"ListItem","position":2,"name":"S\u1ea2N PH\u1ea8M","item":"https:\/\/omanivietnam.com\/index.php\/cua-hang\/"},{"@type":"ListItem","position":3,"name":"VMECA VP20V-03-F1-C"}]},{"@type":"WebSite","@id":"https:\/\/omanivietnam.com\/#website","url":"https:\/\/omanivietnam.com\/","name":"OMANI VI\u1ec6T NAM","description":"Nh\u00e0 ph\u00e2n ph\u1ed1i thi\u1ebft b\u1ecb kh\u00ed n\u00e9n v\u00e0 thi\u1ebft b\u1ecb t\u1ef1 \u0111\u1ed9ng h\u00f3a trong c\u00f4ng nghi\u1ec7p","publisher":{"@id":"https:\/\/omanivietnam.com\/#\/schema\/person\/0ad398a980dc3fd696111c2c5c8fa897"},"potentialAction":[{"@type":"SearchAction","target":{"@type":"EntryPoint","urlTemplate":"https:\/\/omanivietnam.com\/?s={search_term_string}"},"query-input":"required name=search_term_string"}],"inLanguage":"vi"},{"@type":["Person","Organization"],"@id":"https:\/\/omanivietnam.com\/#\/schema\/person\/0ad398a980dc3fd696111c2c5c8fa897","name":"Nguy\u1ec5n V\u0103n Kh\u00e1nh","image":{"@type":"ImageObject","inLanguage":"vi","@id":"https:\/\/omanivietnam.com\/#\/schema\/person\/image\/","url":"https:\/\/omanivietnam.com\/wp-content\/uploads\/2024\/06\/logo-1024x1024.png","contentUrl":"https:\/\/omanivietnam.com\/wp-content\/uploads\/2024\/06\/logo-1024x1024.png","width":1024,"height":1024,"caption":"Nguy\u1ec5n V\u0103n Kh\u00e1nh"},"logo":{"@id":"https:\/\/omanivietnam.com\/#\/schema\/person\/image\/"},"sameAs":["https:\/\/omanivietnam.com"]}]}},"_links":{"self":[{"href":"https:\/\/omanivietnam.com\/index.php\/wp-json\/wp\/v2\/product\/1007","targetHints":{"allow":["GET"]}}],"collection":[{"href":"https:\/\/omanivietnam.com\/index.php\/wp-json\/wp\/v2\/product"}],"about":[{"href":"https:\/\/omanivietnam.com\/index.php\/wp-json\/wp\/v2\/types\/product"}],"replies":[{"embeddable":true,"href":"https:\/\/omanivietnam.com\/index.php\/wp-json\/wp\/v2\/comments?post=1007"}],"wp:featuredmedia":[{"embeddable":true,"href":"https:\/\/omanivietnam.com\/index.php\/wp-json\/wp\/v2\/media\/1008"}],"wp:attachment":[{"href":"https:\/\/omanivietnam.com\/index.php\/wp-json\/wp\/v2\/media?parent=1007"}],"wp:term":[{"taxonomy":"product_cat","embeddable":true,"href":"https:\/\/omanivietnam.com\/index.php\/wp-json\/wp\/v2\/product_cat?post=1007"},{"taxonomy":"product_tag","embeddable":true,"href":"https:\/\/omanivietnam.com\/index.php\/wp-json\/wp\/v2\/product_tag?post=1007"}],"curies":[{"name":"wp","href":"https:\/\/api.w.org\/{rel}","templated":true}]}}