{"id":1019,"date":"2024-07-06T05:48:27","date_gmt":"2024-07-05T22:48:27","guid":{"rendered":"https:\/\/omanivietnam.com\/?post_type=product&#038;p=1019"},"modified":"2025-02-27T20:16:58","modified_gmt":"2025-02-27T13:16:58","slug":"keyence-lr-w500","status":"publish","type":"product","link":"https:\/\/omanivietnam.com\/index.php\/san-pham\/keyence-lr-w500\/","title":{"rendered":"KEYENCE LR-W500"},"content":{"rendered":"<p>KEYENCE LR-W500<\/p>\n<p>LR-W500C, LR-W70, LR-W70C, LR-WF10, LR-WF10C<\/p>\n<p class=\"prd-utility-heading-3 prd-utility-marginBottom-7\">Th\u00f4ng s\u1ed1 k\u1ef9 thu\u1eadt<\/p>\n<div class=\"prd-specsTable prd-utility-focusRing\" style=\"padding: 0px;margin: 0px;color: #484b4c;font-family: myriad-pro, helvetica, Arial, meiryo, sans-serif;font-size: 17px;font-style: normal;font-weight: 400;letter-spacing: normal;text-align: left;text-indent: 0px;text-transform: none;background-color: #fafafa\" data-controller=\"horizontal-scroll-state scroll-to-coord\" data-action=\"resize@window-&gt;horizontal-scroll-state#setOverflowing scroll-&gt;horizontal-scroll-state#setScrolled\" data-horizontal-scroll-state-target=\"container\" data-horizontal-scroll-state-overflowing-class=\"is-overflowing\" data-horizontal-scroll-state-has-scrolled-class=\"is-hasScrolled\" data-scroll-to-coord-target=\"container\">\n<div class=\"prd-utility-body-small\">\n<div class=\"specTable-block\">\n<table class=\"specTable-stibo-3282397\">\n<tbody>\n<tr class=\"specTable-row\">\n<td class=\"specTable-clm-0\" colspan=\"4\">M\u1eabu<\/td>\n<td class=\"specTable-clm-4\">LR-W500<\/td>\n<\/tr>\n<tr class=\"specTable-row\">\n<td class=\"specTable-clm-0\" colspan=\"4\">Lo\u1ea1i<\/td>\n<td class=\"specTable-clm-4\">lo\u1ea1i c\u00e1p 2 m<\/td>\n<\/tr>\n<tr class=\"specTable-row\">\n<td class=\"specTable-clm-0\" colspan=\"4\">Kho\u1ea3ng c\u00e1ch ph\u00e1t hi\u1ec7n \u0111\u01b0\u1ee3c<\/td>\n<td class=\"specTable-clm-4\">30 \u0111\u1ebfn 500 mm<\/td>\n<\/tr>\n<tr class=\"specTable-row\">\n<td class=\"specTable-clm-0\" colspan=\"4\">\u0110\u01b0\u1eddng k\u00ednh \u0111i\u1ec3m t\u1ed1i thi\u1ec3u<\/td>\n<td class=\"specTable-clm-4\">\u0110i\u1ec3m \u0111i\u1ec1u ch\u1ec9nh \u0111\u01b0\u1ee3c<br \/>\nKho\u1ea3ng 3,5 mm \u1edf 100 mm<br \/>\nKho\u1ea3ng 9 mm \u1edf 250 mm<br \/>\nKho\u1ea3ng 18 mm \u1edf 500 mm<\/td>\n<\/tr>\n<tr class=\"specTable-row\">\n<td class=\"specTable-clm-0\" colspan=\"4\">Ngu\u1ed3n s\u00e1ng<\/td>\n<td class=\"specTable-clm-4\">\u0110\u00e8n LED m\u00e0u tr\u1eafng<\/td>\n<\/tr>\n<tr class=\"specTable-row\">\n<td class=\"specTable-clm-0\" colspan=\"4\">Ch\u1ee9c n\u0103ng gi\u1ea3m can<br \/>\nnhi\u1ec5u l\u1eabn nhau<\/td>\n<td class=\"specTable-clm-4\">L\u00ean \u0111\u1ebfn 2 thi\u1ebft b\u1ecb khi b\u1ed9 t\u1ea7n s\u1ed1 lu\u00e2n phi\u00ean<\/td>\n<\/tr>\n<tr class=\"specTable-row\">\n<td class=\"specTable-clm-0\" colspan=\"4\">Ch\u1ee9c n\u0103ng h\u1eb9n gi\u1edd<\/td>\n<td class=\"specTable-clm-4\">T\u1eaeT\/B\u1eacT tr\u00ec ho\u00e3n\/T\u1eaeT tr\u00ec ho\u00e3n\/M\u1ed9t xung<\/td>\n<\/tr>\n<tr class=\"specTable-row\">\n<td class=\"specTable-clm-0\" colspan=\"4\">Th\u1eddi gian \u0111\u00e1p \u1ee9ng<\/td>\n<td class=\"specTable-clm-4\">200 \u00b5s\/1 ms\/10 ms\/100 ms\/500 ms ch\u1ecdn \u0111\u01b0\u1ee3c<sup>*1<\/sup><\/td>\n<\/tr>\n<tr class=\"specTable-row\">\n<td class=\"specTable-clm-0\" rowspan=\"2\">I\/O<\/td>\n<td class=\"specTable-clm-1\" colspan=\"3\">Ng\u00f5 ra \u0111i\u1ec1u khi\u1ec3n<\/td>\n<td class=\"specTable-clm-4\">C\u00f3 th\u1ec3 l\u1ef1a ch\u1ecdn NPN c\u1ef1c thu \u0111\u1ec3 h\u1edf\/PNP c\u1ef1c thu \u0111\u1ec3 h\u1edf, 30 VDC tr\u1edf xu\u1ed1ng, 50 mA tr\u1edf xu\u1ed1ng, \u0111i\u1ec7n \u00e1p c\u00f2n l\u1ea1i: 2 V tr\u1edf xu\u1ed1ng,c\u00f3 th\u1ec3 l\u1ef1a ch\u1ecdn Th\u01b0\u1eddng m\u1edf\/Th\u01b0\u1eddng \u0111\u00f3ng<sup>*2<\/sup><\/td>\n<\/tr>\n<tr class=\"specTable-row\">\n<td class=\"specTable-clm-1\" colspan=\"3\">Ng\u00f5 v\u00e0o b\u00ean ngo\u00e0i<\/td>\n<td class=\"specTable-clm-4\">C\u00f3 th\u1ec3 l\u1ef1a ch\u1ecdn \u0111i\u1ec1u ch\u1ec9nh\/ng\u1eebng ph\u00e1t laser, D\u00f2ng \u0111i\u1ec7n \u0111o\u1ea3n m\u1ea1ch: 1 mA tr\u1edf xu\u1ed1ng cho NPN\/2 mA tr\u1edf xu\u1ed1ng cho PNP<br \/>\n\u0110\u1ec3 bi\u1ebft \u0111\u01b0\u1ee3c m\u1ee9c \u0111i\u1ec7n \u00e1p \u00e1p d\u1ee5ng, vui l\u00f2ng tham kh\u1ea3o s\u01a1 \u0111\u1ed3 n\u1ed1i d\u00e2y trong s\u1ed5 tay h\u01b0\u1edbng d\u1eabn. \u0110\u1ec3 bi\u1ebft \u0111\u01b0\u1ee3c s\u1ed1 l\u1ea7n ng\u00f5 v\u00e0o, vui l\u00f2ng tham kh\u1ea3o b\u1ea3n \u0111\u1ed3 th\u1eddi gian trong s\u1ed5 tay h\u01b0\u1edbng d\u1eabn.<sup>*2<\/sup><\/td>\n<\/tr>\n<tr class=\"specTable-row\">\n<td class=\"specTable-clm-0\" colspan=\"4\">M\u1ea1ch b\u1ea3o v\u1ec7<\/td>\n<td class=\"specTable-clm-4\">B\u1ea3o v\u1ec7 ch\u1ed1ng k\u1ebft n\u1ed1i c\u00f4ng su\u1ea5t ng\u01b0\u1ee3c, \u0111\u1ed9t bi\u1ebfn ngu\u1ed3n \u0111i\u1ec7n cung c\u1ea5p, qu\u00e1 d\u00f2ng ng\u00f5 ra, \u0111\u1ed9t bi\u1ebfn ng\u00f5 ra, v\u00e0 k\u1ebft n\u1ed1i ng\u00f5 ra ng\u01b0\u1ee3c<\/td>\n<\/tr>\n<tr class=\"specTable-row\">\n<td class=\"specTable-clm-0\" rowspan=\"2\">C\u1ea5p ngu\u1ed3n<\/td>\n<td class=\"specTable-clm-1\" colspan=\"3\">\u0110i\u1ec7n \u00e1p ngu\u1ed3n<br \/>\nc\u1ea5p<\/td>\n<td class=\"specTable-clm-4\">10 \u0111\u1ebfn 30 VDC, bao g\u1ed3m \u0111\u1ed9 g\u1ee3n (P-P) 10%, Class 2 ho\u1eb7c LPS<\/td>\n<\/tr>\n<tr class=\"specTable-row\">\n<td class=\"specTable-clm-1\" colspan=\"3\">D\u00f2ng ti\u00eau th\u1ee5<\/td>\n<td class=\"specTable-clm-4\">65 mA tr\u1edf xu\u1ed1ng (kh\u00f4ng t\u1ea3i) \u1edf 24 VDC;<br \/>\n120 mA tr\u1edf xu\u1ed1ng (kh\u00f4ng t\u1ea3i) \u1edf 12 VDC<sup>*3<\/sup><\/td>\n<\/tr>\n<tr class=\"specTable-row\">\n<td class=\"specTable-clm-0\" rowspan=\"6\">Kh\u1ea3 n\u0103ng ch\u1ed1ng ch\u1ecbu v\u1edbi m\u00f4i tr\u01b0\u1eddng<\/td>\n<td class=\"specTable-clm-1\" colspan=\"3\">Ch\u1ec9 s\u1ed1 ch\u1ed1ng ch\u1ecbu th\u1eddi ti\u1ebft cho v\u1ecf b\u1ecdc<\/td>\n<td class=\"specTable-clm-4\">IP65\/IP67 (IEC60529)<\/td>\n<\/tr>\n<tr class=\"specTable-row\">\n<td class=\"specTable-clm-1\" colspan=\"3\">\u00c1nh s\u00e1ng m\u00f4i tr\u01b0\u1eddng xung quanh<\/td>\n<td class=\"specTable-clm-4\">\u0110\u00e8n b\u00f3ng tr\u00f2n: 10000 lux tr\u1edf xu\u1ed1ng, \u00c1nh s\u00e1ng m\u1eb7t tr\u1eddi: 20000 lux tr\u1edf xu\u1ed1ng<\/td>\n<\/tr>\n<tr class=\"specTable-row\">\n<td class=\"specTable-clm-1\" colspan=\"3\">Nhi\u1ec7t \u0111\u1ed9 m\u00f4i tr\u01b0\u1eddng xung quanh<\/td>\n<td class=\"specTable-clm-4\">-20 \u0111\u1ebfn +50\u00b0C (kh\u00f4ng \u0111\u00f3ng b\u0103ng)<\/td>\n<\/tr>\n<tr class=\"specTable-row\">\n<td class=\"specTable-clm-1\" colspan=\"3\">\u0110\u1ed9 \u1ea9m m\u00f4i tr\u01b0\u1eddng xung quanh<\/td>\n<td class=\"specTable-clm-4\">35 \u0111\u1ebfn 85% RH (kh\u00f4ng ng\u01b0ng t\u1ee5)<\/td>\n<\/tr>\n<tr class=\"specTable-row\">\n<td class=\"specTable-clm-1\" colspan=\"3\">Ch\u1ed1ng ch\u1ecbu rung<\/td>\n<td class=\"specTable-clm-4\">10 \u0111\u1ebfn 55 Hz Bi\u00ean \u0111\u1ed9 k\u00e9p 1,5 mm theo c\u00e1c h\u01b0\u1edbng X, Y, Z t\u01b0\u01a1ng \u1ee9ng, 2 gi\u1edd<\/td>\n<\/tr>\n<tr class=\"specTable-row\">\n<td class=\"specTable-clm-1\" colspan=\"3\">Ch\u1ed1ng ch\u1ecbu va \u0111\u1eadp<\/td>\n<td class=\"specTable-clm-4\">1000 m\/s<sup>2<\/sup>\u00a0theo c\u00e1c h\u01b0\u1edbng X, Y, v\u00e0 Z, v\u1edbi 6 l\u1ea7n t\u01b0\u01a1ng \u1ee9n<\/td>\n<\/tr>\n<tr class=\"specTable-row\">\n<td class=\"specTable-clm-0\" colspan=\"4\">V\u1eadt li\u1ec7u<\/td>\n<td class=\"specTable-clm-4\">V\u1ecf: K\u1ebdm \u0111\u00fac (m\u1ea1 Chrome Nickel)<br \/>\nN\u1eafp ch\u1ec9 b\u00e1o: PPSU, C\u00e1c n\u00fat: PES<br \/>\nN\u1eafp k\u00ednh v\u00e0 m\u00e0n h\u00ecnh hi\u1ec3n th\u1ecb: PMMA (l\u1edbp ph\u1ee7 ch\u1ed1ng x\u01b0\u1edbc)<br \/>\nN\u00fat quay \u0111i\u1ec1u ch\u1ec9nh \u0111i\u1ec3m: Th\u00e9p (l\u1edbp ho\u00e0n thi\u1ec7n oxide \u0111en)<br \/>\n\u1ed0ng l\u00f3t c\u00e1p: PBT, C\u00e1p: PVC<\/td>\n<\/tr>\n<tr class=\"specTable-row\">\n<td class=\"specTable-clm-0\" colspan=\"4\">Kh\u1ed1i l\u01b0\u1ee3ng<\/td>\n<td class=\"specTable-clm-4\">X\u1ea5p x\u1ec9 170 g (bao g\u1ed3m c\u00e1p)<\/td>\n<\/tr>\n<tr class=\"specTable-foot\">\n<td class=\"specTable-clm-0\" colspan=\"5\"><sup>*1<\/sup>\u00a0Khi l\u1eafp \u0111\u1eb7t b\u1ed9 t\u1ea7n s\u1ed1 lu\u00e2n phi\u00ean, th\u1eddi gian \u0111\u00e1p \u1ee9ng s\u1ebd t\u0103ng l\u00ean kho\u1ea3ng 20%.<br \/>\n<sup>*2<\/sup>\u00a0IO-Link: H\u1ed7 tr\u1ee3 th\u00f4ng s\u1ed1 k\u1ef9 thu\u1eadt v.1.1\/COM2 (38,4 kbps). C\u00f3 th\u1ec3 t\u1ea3i v\u1ec1 t\u1eadp tin c\u00e0i \u0111\u1eb7t t\u1eeb trang web KEYENCE (http:\/\/www.keyence.com). N\u1ebfu b\u1ea1n \u0111ang s\u1eed d\u1ee5ng s\u1ea3n ph\u1ea9m trong m\u00f4i tr\u01b0\u1eddng kh\u00f4ng cho ph\u00e9p t\u1ea3i v\u1ec1 c\u00e1c t\u1eadp tin t\u1eeb Internet, vui l\u00f2ng li\u00ean h\u1ec7 v\u1edbi v\u0103n ph\u00f2ng KEYENCE g\u1ea7n nh\u1ea5t.<br \/>\n<sup>*3<\/sup>\u00a0Lo\u1ea1i ti\u00eau chu\u1ea9n: 195 mA tr\u1edf xu\u1ed1ng (t\u1ea1i 10 V, c\u00f3 t\u1ea3i), Lo\u1ea1i v\u1ec7t nh\u1ecf\/k\u00e9p: 180 mA tr\u1edf xu\u1ed1ng (t\u1ea1i 10 V, c\u00f3 t\u1ea3i), Lo\u1ea1i s\u1ee3i quang: 160 mA tr\u1edf xu\u1ed1ng (t\u1ea1i 10 V, c\u00f3 t\u1ea3i)<\/td>\n<\/tr>\n<\/tbody>\n<\/table>\n<\/div>\n<p>C\u00e1c m\u00e3 h\u00e0ng t\u01b0\u01a1ng \u0111\u01b0\u01a1ng C\u1ea3m bi\u1ebfn quang\u00a0<a href=\"https:\/\/thietbidienso1.com\/danh-muc\/keyence\/\">Keyence<\/a>\u00a0LR-W500:<\/p>\n<p>LK-G30<\/p>\n<p>LK-G30<\/p>\n<p>LK-G3000<\/p>\n<p>LK-G3000P<\/p>\n<p>LK-G3000PV<\/p>\n<p>LK-G3000V<\/p>\n<p>LK-G3001<\/p>\n<p>LK-G3001P<\/p>\n<p>LK-G3001PV<\/p>\n<p>LK-G3001V<\/p>\n<p>LK-G30H<\/p>\n<p>LK-G32<\/p>\n<p>LK-G35<\/p>\n<p>LK-G35H<\/p>\n<p>LK-G37<\/p>\n<p>LK-G400<\/p>\n<p>LK-G402<\/p>\n<p>LK-G405<\/p>\n<p>LK-G407<\/p>\n<\/div>\n<p>\u0110\u1ea1i l\u00fd Keyence vietnam, Keyence viet nam, Keyence vietnam distributor, Ph\u00e2n ph\u1ed1i Keyence t\u1ea1i vi\u1ec7t nam<\/p>\n<p>\u0110\u1ea1i l\u00fd Keyence vietnam, Keyence viet nam, Keyence vietnam distributor, Ph\u00e2n ph\u1ed1i Keyence t\u1ea1i vi\u1ec7t nam<\/p>\n<p>\u0110\u1ea1i l\u00fd Keyence vietnam, Keyence viet nam, Keyence vietnam distributor, Ph\u00e2n ph\u1ed1i Keyence t\u1ea1i vi\u1ec7t nam<\/p>\n<p>\u0110\u1ea1i l\u00fd Keyence vietnam, Keyence viet nam, Keyence vietnam distributor, Ph\u00e2n ph\u1ed1i Keyence t\u1ea1i vi\u1ec7t nam<\/p>\n<p>\u0110\u1ea1i l\u00fd Keyence vietnam, Keyence viet nam, Keyence vietnam distributor, Ph\u00e2n ph\u1ed1i Keyence t\u1ea1i vi\u1ec7t nam<\/p>\n<\/div>\n","protected":false},"excerpt":{"rendered":"<p>KEYENCE LR-W500 LR-W500C, LR-W70, LR-W70C, LR-WF10, LR-WF10C Th\u00f4ng s\u1ed1 k\u1ef9 thu\u1eadt M\u1eabu LR-W500 Lo\u1ea1i lo\u1ea1i c\u00e1p 2 m Kho\u1ea3ng c\u00e1ch ph\u00e1t hi\u1ec7n \u0111\u01b0\u1ee3c 30 \u0111\u1ebfn 500 mm \u0110\u01b0\u1eddng k\u00ednh \u0111i\u1ec3m t\u1ed1i thi\u1ec3u \u0110i\u1ec3m \u0111i\u1ec1u ch\u1ec9nh \u0111\u01b0\u1ee3c Kho\u1ea3ng 3,5 mm \u1edf 100 mm Kho\u1ea3ng 9 mm \u1edf 250 mm Kho\u1ea3ng 18&hellip; <\/p>\n","protected":false},"featured_media":1020,"comment_status":"open","ping_status":"closed","template":"","meta":[],"product_cat":[292],"product_tag":[88,114,113],"class_list":{"0":"post-1019","1":"product","2":"type-product","3":"status-publish","4":"has-post-thumbnail","6":"product_cat-keyence","7":"product_tag-cam-bien","8":"product_tag-dai-ly-keyence-viet-nam","9":"product_tag-keyence-viet-nam","11":"first","12":"instock","13":"shipping-taxable","14":"product-type-simple"},"yoast_head":"<!-- This site is optimized with the Yoast SEO plugin v22.8 - https:\/\/yoast.com\/wordpress\/plugins\/seo\/ -->\n<title>KEYENCE LR-W500 - OMANI VI\u1ec6T NAM<\/title>\n<meta name=\"description\" content=\"Keyence LR-W500 sensor\" \/>\n<meta name=\"robots\" content=\"index, follow, max-snippet:-1, max-image-preview:large, max-video-preview:-1\" \/>\n<link rel=\"canonical\" href=\"https:\/\/omanivietnam.com\/index.php\/san-pham\/keyence-lr-w500\/\" \/>\n<meta property=\"og:locale\" content=\"vi_VN\" \/>\n<meta property=\"og:type\" content=\"article\" \/>\n<meta property=\"og:title\" content=\"KEYENCE LR-W500 - OMANI VI\u1ec6T NAM\" \/>\n<meta property=\"og:description\" content=\"Keyence LR-W500 sensor\" \/>\n<meta property=\"og:url\" content=\"https:\/\/omanivietnam.com\/index.php\/san-pham\/keyence-lr-w500\/\" \/>\n<meta property=\"og:site_name\" content=\"OMANI VI\u1ec6T NAM\" \/>\n<meta property=\"article:modified_time\" content=\"2025-02-27T13:16:58+00:00\" \/>\n<meta property=\"og:image\" content=\"https:\/\/omanivietnam.com\/wp-content\/uploads\/2024\/07\/LR-W500.png\" \/>\n\t<meta property=\"og:image:width\" content=\"429\" \/>\n\t<meta property=\"og:image:height\" content=\"483\" \/>\n\t<meta property=\"og:image:type\" content=\"image\/png\" \/>\n<meta name=\"twitter:card\" content=\"summary_large_image\" \/>\n<meta name=\"twitter:label1\" content=\"\u01af\u1edbc t\u00ednh th\u1eddi gian \u0111\u1ecdc\" \/>\n\t<meta name=\"twitter:data1\" content=\"4 ph\u00fat\" \/>\n<script type=\"application\/ld+json\" class=\"yoast-schema-graph\">{\"@context\":\"https:\/\/schema.org\",\"@graph\":[{\"@type\":\"WebPage\",\"@id\":\"https:\/\/omanivietnam.com\/index.php\/san-pham\/keyence-lr-w500\/\",\"url\":\"https:\/\/omanivietnam.com\/index.php\/san-pham\/keyence-lr-w500\/\",\"name\":\"KEYENCE LR-W500 - OMANI VI\u1ec6T NAM\",\"isPartOf\":{\"@id\":\"https:\/\/omanivietnam.com\/#website\"},\"primaryImageOfPage\":{\"@id\":\"https:\/\/omanivietnam.com\/index.php\/san-pham\/keyence-lr-w500\/#primaryimage\"},\"image\":{\"@id\":\"https:\/\/omanivietnam.com\/index.php\/san-pham\/keyence-lr-w500\/#primaryimage\"},\"thumbnailUrl\":\"https:\/\/omanivietnam.com\/wp-content\/uploads\/2024\/07\/LR-W500.png\",\"datePublished\":\"2024-07-05T22:48:27+00:00\",\"dateModified\":\"2025-02-27T13:16:58+00:00\",\"description\":\"Keyence LR-W500 sensor\",\"breadcrumb\":{\"@id\":\"https:\/\/omanivietnam.com\/index.php\/san-pham\/keyence-lr-w500\/#breadcrumb\"},\"inLanguage\":\"vi\",\"potentialAction\":[{\"@type\":\"ReadAction\",\"target\":[\"https:\/\/omanivietnam.com\/index.php\/san-pham\/keyence-lr-w500\/\"]}]},{\"@type\":\"ImageObject\",\"inLanguage\":\"vi\",\"@id\":\"https:\/\/omanivietnam.com\/index.php\/san-pham\/keyence-lr-w500\/#primaryimage\",\"url\":\"https:\/\/omanivietnam.com\/wp-content\/uploads\/2024\/07\/LR-W500.png\",\"contentUrl\":\"https:\/\/omanivietnam.com\/wp-content\/uploads\/2024\/07\/LR-W500.png\",\"width\":429,\"height\":483},{\"@type\":\"BreadcrumbList\",\"@id\":\"https:\/\/omanivietnam.com\/index.php\/san-pham\/keyence-lr-w500\/#breadcrumb\",\"itemListElement\":[{\"@type\":\"ListItem\",\"position\":1,\"name\":\"Home\",\"item\":\"https:\/\/omanivietnam.com\/\"},{\"@type\":\"ListItem\",\"position\":2,\"name\":\"S\u1ea2N PH\u1ea8M\",\"item\":\"https:\/\/omanivietnam.com\/index.php\/cua-hang\/\"},{\"@type\":\"ListItem\",\"position\":3,\"name\":\"KEYENCE LR-W500\"}]},{\"@type\":\"WebSite\",\"@id\":\"https:\/\/omanivietnam.com\/#website\",\"url\":\"https:\/\/omanivietnam.com\/\",\"name\":\"OMANI VI\u1ec6T NAM\",\"description\":\"Nh\u00e0 ph\u00e2n ph\u1ed1i thi\u1ebft b\u1ecb kh\u00ed n\u00e9n v\u00e0 thi\u1ebft b\u1ecb t\u1ef1 \u0111\u1ed9ng h\u00f3a trong c\u00f4ng nghi\u1ec7p\",\"publisher\":{\"@id\":\"https:\/\/omanivietnam.com\/#\/schema\/person\/0ad398a980dc3fd696111c2c5c8fa897\"},\"potentialAction\":[{\"@type\":\"SearchAction\",\"target\":{\"@type\":\"EntryPoint\",\"urlTemplate\":\"https:\/\/omanivietnam.com\/?s={search_term_string}\"},\"query-input\":\"required name=search_term_string\"}],\"inLanguage\":\"vi\"},{\"@type\":[\"Person\",\"Organization\"],\"@id\":\"https:\/\/omanivietnam.com\/#\/schema\/person\/0ad398a980dc3fd696111c2c5c8fa897\",\"name\":\"Nguy\u1ec5n V\u0103n Kh\u00e1nh\",\"image\":{\"@type\":\"ImageObject\",\"inLanguage\":\"vi\",\"@id\":\"https:\/\/omanivietnam.com\/#\/schema\/person\/image\/\",\"url\":\"https:\/\/omanivietnam.com\/wp-content\/uploads\/2024\/06\/logo-1024x1024.png\",\"contentUrl\":\"https:\/\/omanivietnam.com\/wp-content\/uploads\/2024\/06\/logo-1024x1024.png\",\"width\":1024,\"height\":1024,\"caption\":\"Nguy\u1ec5n V\u0103n Kh\u00e1nh\"},\"logo\":{\"@id\":\"https:\/\/omanivietnam.com\/#\/schema\/person\/image\/\"},\"sameAs\":[\"https:\/\/omanivietnam.com\"]}]}<\/script>\n<!-- \/ Yoast SEO plugin. -->","yoast_head_json":{"title":"KEYENCE LR-W500 - OMANI VI\u1ec6T NAM","description":"Keyence LR-W500 sensor","robots":{"index":"index","follow":"follow","max-snippet":"max-snippet:-1","max-image-preview":"max-image-preview:large","max-video-preview":"max-video-preview:-1"},"canonical":"https:\/\/omanivietnam.com\/index.php\/san-pham\/keyence-lr-w500\/","og_locale":"vi_VN","og_type":"article","og_title":"KEYENCE LR-W500 - OMANI VI\u1ec6T NAM","og_description":"Keyence LR-W500 sensor","og_url":"https:\/\/omanivietnam.com\/index.php\/san-pham\/keyence-lr-w500\/","og_site_name":"OMANI VI\u1ec6T NAM","article_modified_time":"2025-02-27T13:16:58+00:00","og_image":[{"width":429,"height":483,"url":"https:\/\/omanivietnam.com\/wp-content\/uploads\/2024\/07\/LR-W500.png","type":"image\/png"}],"twitter_card":"summary_large_image","twitter_misc":{"\u01af\u1edbc t\u00ednh th\u1eddi gian \u0111\u1ecdc":"4 ph\u00fat"},"schema":{"@context":"https:\/\/schema.org","@graph":[{"@type":"WebPage","@id":"https:\/\/omanivietnam.com\/index.php\/san-pham\/keyence-lr-w500\/","url":"https:\/\/omanivietnam.com\/index.php\/san-pham\/keyence-lr-w500\/","name":"KEYENCE LR-W500 - OMANI VI\u1ec6T NAM","isPartOf":{"@id":"https:\/\/omanivietnam.com\/#website"},"primaryImageOfPage":{"@id":"https:\/\/omanivietnam.com\/index.php\/san-pham\/keyence-lr-w500\/#primaryimage"},"image":{"@id":"https:\/\/omanivietnam.com\/index.php\/san-pham\/keyence-lr-w500\/#primaryimage"},"thumbnailUrl":"https:\/\/omanivietnam.com\/wp-content\/uploads\/2024\/07\/LR-W500.png","datePublished":"2024-07-05T22:48:27+00:00","dateModified":"2025-02-27T13:16:58+00:00","description":"Keyence LR-W500 sensor","breadcrumb":{"@id":"https:\/\/omanivietnam.com\/index.php\/san-pham\/keyence-lr-w500\/#breadcrumb"},"inLanguage":"vi","potentialAction":[{"@type":"ReadAction","target":["https:\/\/omanivietnam.com\/index.php\/san-pham\/keyence-lr-w500\/"]}]},{"@type":"ImageObject","inLanguage":"vi","@id":"https:\/\/omanivietnam.com\/index.php\/san-pham\/keyence-lr-w500\/#primaryimage","url":"https:\/\/omanivietnam.com\/wp-content\/uploads\/2024\/07\/LR-W500.png","contentUrl":"https:\/\/omanivietnam.com\/wp-content\/uploads\/2024\/07\/LR-W500.png","width":429,"height":483},{"@type":"BreadcrumbList","@id":"https:\/\/omanivietnam.com\/index.php\/san-pham\/keyence-lr-w500\/#breadcrumb","itemListElement":[{"@type":"ListItem","position":1,"name":"Home","item":"https:\/\/omanivietnam.com\/"},{"@type":"ListItem","position":2,"name":"S\u1ea2N PH\u1ea8M","item":"https:\/\/omanivietnam.com\/index.php\/cua-hang\/"},{"@type":"ListItem","position":3,"name":"KEYENCE LR-W500"}]},{"@type":"WebSite","@id":"https:\/\/omanivietnam.com\/#website","url":"https:\/\/omanivietnam.com\/","name":"OMANI VI\u1ec6T NAM","description":"Nh\u00e0 ph\u00e2n ph\u1ed1i thi\u1ebft b\u1ecb kh\u00ed n\u00e9n v\u00e0 thi\u1ebft b\u1ecb t\u1ef1 \u0111\u1ed9ng h\u00f3a trong c\u00f4ng nghi\u1ec7p","publisher":{"@id":"https:\/\/omanivietnam.com\/#\/schema\/person\/0ad398a980dc3fd696111c2c5c8fa897"},"potentialAction":[{"@type":"SearchAction","target":{"@type":"EntryPoint","urlTemplate":"https:\/\/omanivietnam.com\/?s={search_term_string}"},"query-input":"required name=search_term_string"}],"inLanguage":"vi"},{"@type":["Person","Organization"],"@id":"https:\/\/omanivietnam.com\/#\/schema\/person\/0ad398a980dc3fd696111c2c5c8fa897","name":"Nguy\u1ec5n V\u0103n Kh\u00e1nh","image":{"@type":"ImageObject","inLanguage":"vi","@id":"https:\/\/omanivietnam.com\/#\/schema\/person\/image\/","url":"https:\/\/omanivietnam.com\/wp-content\/uploads\/2024\/06\/logo-1024x1024.png","contentUrl":"https:\/\/omanivietnam.com\/wp-content\/uploads\/2024\/06\/logo-1024x1024.png","width":1024,"height":1024,"caption":"Nguy\u1ec5n V\u0103n Kh\u00e1nh"},"logo":{"@id":"https:\/\/omanivietnam.com\/#\/schema\/person\/image\/"},"sameAs":["https:\/\/omanivietnam.com"]}]}},"_links":{"self":[{"href":"https:\/\/omanivietnam.com\/index.php\/wp-json\/wp\/v2\/product\/1019","targetHints":{"allow":["GET"]}}],"collection":[{"href":"https:\/\/omanivietnam.com\/index.php\/wp-json\/wp\/v2\/product"}],"about":[{"href":"https:\/\/omanivietnam.com\/index.php\/wp-json\/wp\/v2\/types\/product"}],"replies":[{"embeddable":true,"href":"https:\/\/omanivietnam.com\/index.php\/wp-json\/wp\/v2\/comments?post=1019"}],"wp:featuredmedia":[{"embeddable":true,"href":"https:\/\/omanivietnam.com\/index.php\/wp-json\/wp\/v2\/media\/1020"}],"wp:attachment":[{"href":"https:\/\/omanivietnam.com\/index.php\/wp-json\/wp\/v2\/media?parent=1019"}],"wp:term":[{"taxonomy":"product_cat","embeddable":true,"href":"https:\/\/omanivietnam.com\/index.php\/wp-json\/wp\/v2\/product_cat?post=1019"},{"taxonomy":"product_tag","embeddable":true,"href":"https:\/\/omanivietnam.com\/index.php\/wp-json\/wp\/v2\/product_tag?post=1019"}],"curies":[{"name":"wp","href":"https:\/\/api.w.org\/{rel}","templated":true}]}}