{"id":1021,"date":"2024-07-06T05:56:46","date_gmt":"2024-07-05T22:56:46","guid":{"rendered":"https:\/\/omanivietnam.com\/?post_type=product&#038;p=1021"},"modified":"2025-12-21T14:45:17","modified_gmt":"2025-12-21T07:45:17","slug":"panasonic-na1-5","status":"publish","type":"product","link":"https:\/\/omanivietnam.com\/index.php\/san-pham\/panasonic-na1-5\/","title":{"rendered":"PANASONIC NA1-5"},"content":{"rendered":"<p>PANASONIC NA1-5<\/p>\n<p>PANASONIC NA1-5-PN<\/p>\n<div class=\"list-wrapper__header\">\n<p class=\"ng-tns-c195-5\">SPECIFICATION<\/p>\n<\/div>\n<div class=\"list-wrapper__content\">\n<div class=\"responsive-table\">\n<div class=\"responsive-table__wrapper\">\n<div class=\"scrollable\">\n<table class=\"ng-tns-c195-5 ng-star-inserted\">\n<caption class=\"accessible-hide ng-tns-c195-5\">Specifications table for model NA1-5<\/caption>\n<thead class=\"ng-tns-c195-5\">\n<tr class=\"ng-tns-c195-5\">\n<th class=\"align-right ng-tns-c195-5\">Item<\/th>\n<th class=\"ng-tns-c195-5\">Performance characteristics<\/th>\n<\/tr>\n<\/thead>\n<tbody class=\"ng-tns-c195-5\">\n<tr class=\"ng-tns-c195-5 ng-star-inserted\">\n<td class=\"align-right ng-tns-c195-5\">CE Marking Directive Compliance<\/td>\n<td class=\"ng-tns-c195-5\">EMC Directive, RoHS Directive<\/td>\n<\/tr>\n<tr class=\"ng-tns-c195-5 ng-star-inserted\">\n<td class=\"align-right ng-tns-c195-5\">Sensing Height<\/td>\n<td class=\"ng-tns-c195-5\">100 mm\u00a0<span class=\"inch\">3.937 in<\/span><\/td>\n<\/tr>\n<tr class=\"ng-tns-c195-5 ng-star-inserted\">\n<td class=\"align-right ng-tns-c195-5\">Sensing Range<\/td>\n<td class=\"ng-tns-c195-5\">0.2 to 3 m\u00a0<span class=\"inch\">0.656 to 9.843 ft<\/span><br \/>\n(0.05 to 1 m\u00a0<span class=\"inch\">0.164 to 3.281 ft\u00a0<\/span>when set to SHORT)<br \/>\n(Note) The sensing range is the possible setting distance between the emitter and the receiver.<\/td>\n<\/tr>\n<tr class=\"ng-tns-c195-5 ng-star-inserted\">\n<td class=\"align-right ng-tns-c195-5\">Beam Pitch<\/td>\n<td class=\"ng-tns-c195-5\">25 mm\u00a0<span class=\"inch\">0.984 in<\/span><\/td>\n<\/tr>\n<tr class=\"ng-tns-c195-5 ng-star-inserted\">\n<td class=\"align-right ng-tns-c195-5\">Number of Beam Channels<\/td>\n<td class=\"ng-tns-c195-5\">5 beam channels<\/td>\n<\/tr>\n<tr class=\"ng-tns-c195-5 ng-star-inserted\">\n<td class=\"align-right ng-tns-c195-5\">Sensing Object<\/td>\n<td class=\"ng-tns-c195-5\">\u00f835 mm\u00a0<span class=\"inch\">\u00f81.378 in<\/span>\u00a0or more opaque object<br \/>\n(completely beam interrupted object)<\/td>\n<\/tr>\n<tr class=\"ng-tns-c195-5 ng-star-inserted\">\n<td class=\"align-right ng-tns-c195-5\">Supply Voltage<\/td>\n<td class=\"ng-tns-c195-5\">12 to 24 V DC plus or minus 10 % Ripple P-P 10 % or less<\/td>\n<\/tr>\n<tr class=\"ng-tns-c195-5 ng-star-inserted\">\n<td class=\"align-right ng-tns-c195-5\">Power Consumption<\/td>\n<td class=\"ng-tns-c195-5\">Emitter: 0.5 W or less<br \/>\nReceiver: 0.8 W or less<br \/>\n(Note) Obtain the current consumption by the following equation.<br \/>\nCurrent consumption = Power consumption \/ Supply voltage<br \/>\n(e.g.) When the supply voltage is 12 V, the current consumption of the emitter is<br \/>\n0.5 W \/ 12 V \u2248 0.042 A = 42 mA<\/td>\n<\/tr>\n<tr class=\"ng-tns-c195-5 ng-star-inserted\">\n<td class=\"align-right ng-tns-c195-5\">Output<\/td>\n<td class=\"ng-tns-c195-5\">NPN open-collector transistor<br \/>\n&#8211; Maximum sink current: 100 mA<br \/>\n&#8211; Applied voltage: 30 V DC or less (between output and 0 V)<br \/>\n&#8211; Residual voltage: 1 V or less (at 100 mA sink current), 0.4 V or less (at 16 mA sink current)<\/td>\n<\/tr>\n<tr class=\"ng-tns-c195-5 ng-star-inserted\">\n<td class=\"align-right ng-tns-c195-5\">Output: Utilization Category<\/td>\n<td class=\"ng-tns-c195-5\">DC-12 or DC-13<\/td>\n<\/tr>\n<tr class=\"ng-tns-c195-5 ng-star-inserted\">\n<td class=\"align-right ng-tns-c195-5\">Output: Output Operation<\/td>\n<td class=\"ng-tns-c195-5\">ON or OFF when one or more beam channels are interrupted \/ ON or OFF when two or more beam channels are interrupted, selectable by operation mode switch<\/td>\n<\/tr>\n<tr class=\"ng-tns-c195-5 ng-star-inserted\">\n<td class=\"align-right ng-tns-c195-5\">Output: Short-Circuit Protection<\/td>\n<td class=\"ng-tns-c195-5\">Incorporated<\/td>\n<\/tr>\n<tr class=\"ng-tns-c195-5 ng-star-inserted\">\n<td class=\"align-right ng-tns-c195-5\">Response Time<\/td>\n<td class=\"ng-tns-c195-5\">10 ms or less (when the interference prevention is used, in Light state: 30 ms or less, in Dark state: 13 ms or less)<\/td>\n<\/tr>\n<tr class=\"ng-tns-c195-5 ng-star-inserted\">\n<td class=\"align-right ng-tns-c195-5\">Indicators: Emitter<\/td>\n<td class=\"ng-tns-c195-5\">Power indicator: Green LED (lights up when the power is ON)<br \/>\nJob indicator: Orange LED (lights up or blinks when the job indicator input is Low, lighting pattern is selected by operation mode switch)<\/td>\n<\/tr>\n<tr class=\"ng-tns-c195-5 ng-star-inserted\">\n<td class=\"align-right ng-tns-c195-5\">Indicators: Receiver<\/td>\n<td class=\"ng-tns-c195-5\">Operation indicator: Red LED (lights up when one or more beam channels are interrupted, but lights up when two beam channels or more are interrupted in the double-beaminterruption mode)<br \/>\nStable incident beam indicator: Green LED (lights up when all beam channels are stably received)<br \/>\nJob indicator: Orange LED (lights up or blinks when the job indicator input is Low, lighting pattern is selected by operation mode switch)<\/td>\n<\/tr>\n<tr class=\"ng-tns-c195-5 ng-star-inserted\">\n<td class=\"align-right ng-tns-c195-5\">Interference Prevention Function<\/td>\n<td class=\"ng-tns-c195-5\">Incorporated<\/td>\n<\/tr>\n<tr class=\"ng-tns-c195-5 ng-star-inserted\">\n<td class=\"align-right ng-tns-c195-5\">Pollution Degree<\/td>\n<td class=\"ng-tns-c195-5\">3 (Industrial environment)<\/td>\n<\/tr>\n<tr class=\"ng-tns-c195-5 ng-star-inserted\">\n<td class=\"align-right ng-tns-c195-5\">Protection<\/td>\n<td class=\"ng-tns-c195-5\">IP62 (IEC)<\/td>\n<\/tr>\n<tr class=\"ng-tns-c195-5 ng-star-inserted\">\n<td class=\"align-right ng-tns-c195-5\">Ambient Temperature<\/td>\n<td class=\"ng-tns-c195-5\">-10 to +55 \u2103\u00a0<span class=\"inch\">+14 to +131 \u2109<\/span><br \/>\n(No dew condensation or icing allowed),<br \/>\nStorage: -20 to +70 \u2103\u00a0<span class=\"inch\">-4 to +158 \u2109<\/span><\/td>\n<\/tr>\n<tr class=\"ng-tns-c195-5 ng-star-inserted\">\n<td class=\"align-right ng-tns-c195-5\">Ambient Humidity<\/td>\n<td class=\"ng-tns-c195-5\">35 to 85 % RH, Storage: 35 to 85 % RH<\/td>\n<\/tr>\n<tr class=\"ng-tns-c195-5 ng-star-inserted\">\n<td class=\"align-right ng-tns-c195-5\">Ambient Illuminance<\/td>\n<td class=\"ng-tns-c195-5\">Incandescent light: 3,000 lx or less at the light-receiving face<\/td>\n<\/tr>\n<tr class=\"ng-tns-c195-5 ng-star-inserted\">\n<td class=\"align-right ng-tns-c195-5\">Voltage Withstandability<\/td>\n<td class=\"ng-tns-c195-5\">1,000 V AC for one min. between all supply terminals connected together and enclosure<\/td>\n<\/tr>\n<tr class=\"ng-tns-c195-5 ng-star-inserted\">\n<td class=\"align-right ng-tns-c195-5\">Insulation Resistance<\/td>\n<td class=\"ng-tns-c195-5\">20 MOhm , or more, with 250 V DC megger between all supply terminals connected together and enclosure<\/td>\n<\/tr>\n<tr class=\"ng-tns-c195-5 ng-star-inserted\">\n<td class=\"align-right ng-tns-c195-5\">Vibration Resistance<\/td>\n<td class=\"ng-tns-c195-5\">10 to 150 Hz frequency, 0.75 mm\u00a0<span class=\"inch\">0.030 in\u00a0<\/span>double amplitude in X, Y and Z directions for two hours each<\/td>\n<\/tr>\n<tr class=\"ng-tns-c195-5 ng-star-inserted\">\n<td class=\"align-right ng-tns-c195-5\">Shock Resistance<\/td>\n<td class=\"ng-tns-c195-5\">490 m\/s2 acceleration (50 G approx.) in X, Y and Z directions three times each<\/td>\n<\/tr>\n<tr class=\"ng-tns-c195-5 ng-star-inserted\">\n<td class=\"align-right ng-tns-c195-5\">Emitting Element<\/td>\n<td class=\"ng-tns-c195-5\">Infrared LED<br \/>\n(Peak emission wavelength: 950 nm\u00a0<span class=\"inch\">0.037 mil<\/span>, synchronized scanning system)<\/td>\n<\/tr>\n<tr class=\"ng-tns-c195-5 ng-star-inserted\">\n<td class=\"align-right ng-tns-c195-5\">Material<\/td>\n<td class=\"ng-tns-c195-5\">Enclosure: Heat-resistant ABS<br \/>\nLens cover: Acrylic<br \/>\nIndicator cover: Acrylic<\/td>\n<\/tr>\n<tr class=\"ng-tns-c195-5 ng-star-inserted\">\n<td class=\"align-right ng-tns-c195-5\">Cable<\/td>\n<td class=\"ng-tns-c195-5\">0.3 mm<sup>2<\/sup>\u00a04-core (emitter: 3-core) oil resistant cabtyre cable, 2 m\u00a0<span class=\"inch\">6.562 ft<\/span>\u00a0long<\/td>\n<\/tr>\n<tr class=\"ng-tns-c195-5 ng-star-inserted\">\n<td class=\"align-right ng-tns-c195-5\">Cable Extension<\/td>\n<td class=\"ng-tns-c195-5\">Extension up to total 100 m\u00a0<span class=\"inch\">328.084 ft<\/span>\u00a0is possible for both emitter and receiver with 0.3 mm<sup>2<\/sup>, or more, cable.<\/td>\n<\/tr>\n<tr class=\"ng-tns-c195-5 ng-star-inserted\">\n<td class=\"align-right ng-tns-c195-5\">Weight (Typ.)<\/td>\n<td class=\"ng-tns-c195-5\">Net weight: Emitter 70 g approx., Receiver 80 g approx.<br \/>\nGross weight: 270 g approx.<\/td>\n<\/tr>\n<\/tbody>\n<\/table>\n<\/div>\n<\/div>\n<\/div>\n<\/div>\n<p>&nbsp;<\/p>\n<p>C\u1ea3m bi\u1ebfn an to\u00e0n NA1-5 ( NA1-5D, NA1-5P )<\/p>\n<p>C\u00e1c s\u1ea3n ph\u1ea9m th\u00f4ng d\u1ee5ng c\u00f9ng lo\u1ea1i:<br \/>\nC\u1ea3m bi\u1ebfn an to\u00e0n NA1-PK5 ( NA1-PK5D, NA1-PK5P )<br \/>\nC\u1ea3m bi\u1ebfn an to\u00e0n NA1-11 ( NA1-11D, NA1-11P )<br \/>\nC\u1ea3m bi\u1ebfn an to\u00e0n NA2-N8 ( NA2-N8D, NA2-N8P )<br \/>\nC\u1ea3m bi\u1ebfn an to\u00e0n NA2-N12 ( NA2-N12D, NA2-N12P )<br \/>\nC\u1ea3m bi\u1ebfn an to\u00e0n NA2-N16 ( NA2-N16D, NA2-N15P )<br \/>\nC\u1ea3m bi\u1ebfn an to\u00e0n NA2-N20 ( NA2-N20D, NA2-N20P )<br \/>\nC\u1ea3m bi\u1ebfn an to\u00e0n NA2-N24 ( NA2-N24D, NA2-N24P )<\/p>\n<p>&nbsp;<\/p>\n<p>\u0110\u1ea1i l\u00fd PANASONIC vietnam, PANASONIC viet nam, PANASONIC vietnam distributor, Ph\u00e2n ph\u1ed1i PANASONIC t\u1ea1i vi\u1ec7t nam<\/p>\n<p>\u0110\u1ea1i l\u00fd PANASONIC vietnam, PANASONIC viet nam, PANASONIC vietnam distributor, Ph\u00e2n ph\u1ed1i PANASONIC t\u1ea1i vi\u1ec7t nam<\/p>\n<p>\u0110\u1ea1i l\u00fd PANASONIC vietnam, PANASONIC viet nam, PANASONIC vietnam distributor, Ph\u00e2n ph\u1ed1i PANASONIC t\u1ea1i vi\u1ec7t nam<\/p>\n<p>\u0110\u1ea1i l\u00fd PANASONIC vietnam, PANASONIC viet nam, PANASONIC vietnam distributor, Ph\u00e2n ph\u1ed1i PANASONIC t\u1ea1i vi\u1ec7t nam<\/p>\n<p>\u0110\u1ea1i l\u00fd PANASONIC vietnam, PANASONIC viet nam, PANASONIC vietnam distributor, Ph\u00e2n ph\u1ed1i PANASONIC t\u1ea1i vi\u1ec7t nam<\/p>\n<p>&nbsp;<\/p>\n","protected":false},"excerpt":{"rendered":"<p>PANASONIC NA1-5 PANASONIC NA1-5-PN SPECIFICATION Specifications table for model NA1-5 Item Performance characteristics CE Marking Directive Compliance EMC Directive, RoHS Directive Sensing Height 100 mm\u00a03.937 in Sensing Range 0.2 to 3 m\u00a00.656 to 9.843 ft (0.05 to 1 m\u00a00.164 to 3.281 ft\u00a0when set to SHORT) (Note) The sensing range is&hellip; <\/p>\n","protected":false},"featured_media":1022,"comment_status":"open","ping_status":"closed","template":"","meta":[],"product_cat":[298],"product_tag":[88,86,87],"class_list":{"0":"post-1021","1":"product","2":"type-product","3":"status-publish","4":"has-post-thumbnail","6":"product_cat-panasonic","7":"product_tag-cam-bien","8":"product_tag-dai-ly-panasonic-viet-nam","9":"product_tag-panasonic-viet-nam","11":"first","12":"instock","13":"shipping-taxable","14":"product-type-simple"},"yoast_head":"<!-- This site is optimized with the Yoast SEO plugin v22.8 - https:\/\/yoast.com\/wordpress\/plugins\/seo\/ -->\n<title>PANASONIC NA1-5 - OMANI VI\u1ec6T NAM<\/title>\n<meta name=\"description\" content=\"PANASONIC NA1-5 Sensor\" \/>\n<meta name=\"robots\" content=\"index, follow, max-snippet:-1, max-image-preview:large, max-video-preview:-1\" \/>\n<link rel=\"canonical\" href=\"https:\/\/omanivietnam.com\/index.php\/san-pham\/panasonic-na1-5\/\" \/>\n<meta property=\"og:locale\" content=\"vi_VN\" \/>\n<meta property=\"og:type\" content=\"article\" \/>\n<meta property=\"og:title\" content=\"PANASONIC NA1-5 - OMANI VI\u1ec6T NAM\" \/>\n<meta property=\"og:description\" content=\"PANASONIC NA1-5 Sensor\" \/>\n<meta property=\"og:url\" content=\"https:\/\/omanivietnam.com\/index.php\/san-pham\/panasonic-na1-5\/\" \/>\n<meta property=\"og:site_name\" content=\"OMANI VI\u1ec6T NAM\" \/>\n<meta property=\"article:modified_time\" content=\"2025-12-21T07:45:17+00:00\" \/>\n<meta property=\"og:image\" content=\"https:\/\/omanivietnam.com\/wp-content\/uploads\/2024\/07\/NA1-5.png\" \/>\n\t<meta property=\"og:image:width\" content=\"652\" \/>\n\t<meta property=\"og:image:height\" content=\"465\" \/>\n\t<meta property=\"og:image:type\" content=\"image\/png\" \/>\n<meta name=\"twitter:card\" content=\"summary_large_image\" \/>\n<meta name=\"twitter:label1\" content=\"\u01af\u1edbc t\u00ednh th\u1eddi gian \u0111\u1ecdc\" \/>\n\t<meta name=\"twitter:data1\" content=\"5 ph\u00fat\" \/>\n<script type=\"application\/ld+json\" class=\"yoast-schema-graph\">{\"@context\":\"https:\/\/schema.org\",\"@graph\":[{\"@type\":\"WebPage\",\"@id\":\"https:\/\/omanivietnam.com\/index.php\/san-pham\/panasonic-na1-5\/\",\"url\":\"https:\/\/omanivietnam.com\/index.php\/san-pham\/panasonic-na1-5\/\",\"name\":\"PANASONIC NA1-5 - OMANI VI\u1ec6T NAM\",\"isPartOf\":{\"@id\":\"https:\/\/omanivietnam.com\/#website\"},\"primaryImageOfPage\":{\"@id\":\"https:\/\/omanivietnam.com\/index.php\/san-pham\/panasonic-na1-5\/#primaryimage\"},\"image\":{\"@id\":\"https:\/\/omanivietnam.com\/index.php\/san-pham\/panasonic-na1-5\/#primaryimage\"},\"thumbnailUrl\":\"https:\/\/omanivietnam.com\/wp-content\/uploads\/2024\/07\/NA1-5.png\",\"datePublished\":\"2024-07-05T22:56:46+00:00\",\"dateModified\":\"2025-12-21T07:45:17+00:00\",\"description\":\"PANASONIC NA1-5 Sensor\",\"breadcrumb\":{\"@id\":\"https:\/\/omanivietnam.com\/index.php\/san-pham\/panasonic-na1-5\/#breadcrumb\"},\"inLanguage\":\"vi\",\"potentialAction\":[{\"@type\":\"ReadAction\",\"target\":[\"https:\/\/omanivietnam.com\/index.php\/san-pham\/panasonic-na1-5\/\"]}]},{\"@type\":\"ImageObject\",\"inLanguage\":\"vi\",\"@id\":\"https:\/\/omanivietnam.com\/index.php\/san-pham\/panasonic-na1-5\/#primaryimage\",\"url\":\"https:\/\/omanivietnam.com\/wp-content\/uploads\/2024\/07\/NA1-5.png\",\"contentUrl\":\"https:\/\/omanivietnam.com\/wp-content\/uploads\/2024\/07\/NA1-5.png\",\"width\":652,\"height\":465},{\"@type\":\"BreadcrumbList\",\"@id\":\"https:\/\/omanivietnam.com\/index.php\/san-pham\/panasonic-na1-5\/#breadcrumb\",\"itemListElement\":[{\"@type\":\"ListItem\",\"position\":1,\"name\":\"Home\",\"item\":\"https:\/\/omanivietnam.com\/\"},{\"@type\":\"ListItem\",\"position\":2,\"name\":\"S\u1ea2N PH\u1ea8M\",\"item\":\"https:\/\/omanivietnam.com\/index.php\/cua-hang\/\"},{\"@type\":\"ListItem\",\"position\":3,\"name\":\"PANASONIC NA1-5\"}]},{\"@type\":\"WebSite\",\"@id\":\"https:\/\/omanivietnam.com\/#website\",\"url\":\"https:\/\/omanivietnam.com\/\",\"name\":\"OMANI VI\u1ec6T NAM\",\"description\":\"Nh\u00e0 ph\u00e2n ph\u1ed1i thi\u1ebft b\u1ecb kh\u00ed n\u00e9n v\u00e0 thi\u1ebft b\u1ecb t\u1ef1 \u0111\u1ed9ng h\u00f3a trong c\u00f4ng nghi\u1ec7p\",\"publisher\":{\"@id\":\"https:\/\/omanivietnam.com\/#\/schema\/person\/0ad398a980dc3fd696111c2c5c8fa897\"},\"potentialAction\":[{\"@type\":\"SearchAction\",\"target\":{\"@type\":\"EntryPoint\",\"urlTemplate\":\"https:\/\/omanivietnam.com\/?s={search_term_string}\"},\"query-input\":\"required name=search_term_string\"}],\"inLanguage\":\"vi\"},{\"@type\":[\"Person\",\"Organization\"],\"@id\":\"https:\/\/omanivietnam.com\/#\/schema\/person\/0ad398a980dc3fd696111c2c5c8fa897\",\"name\":\"Nguy\u1ec5n V\u0103n Kh\u00e1nh\",\"image\":{\"@type\":\"ImageObject\",\"inLanguage\":\"vi\",\"@id\":\"https:\/\/omanivietnam.com\/#\/schema\/person\/image\/\",\"url\":\"https:\/\/omanivietnam.com\/wp-content\/uploads\/2024\/06\/logo-1024x1024.png\",\"contentUrl\":\"https:\/\/omanivietnam.com\/wp-content\/uploads\/2024\/06\/logo-1024x1024.png\",\"width\":1024,\"height\":1024,\"caption\":\"Nguy\u1ec5n V\u0103n Kh\u00e1nh\"},\"logo\":{\"@id\":\"https:\/\/omanivietnam.com\/#\/schema\/person\/image\/\"},\"sameAs\":[\"https:\/\/omanivietnam.com\"]}]}<\/script>\n<!-- \/ Yoast SEO plugin. -->","yoast_head_json":{"title":"PANASONIC NA1-5 - OMANI VI\u1ec6T NAM","description":"PANASONIC NA1-5 Sensor","robots":{"index":"index","follow":"follow","max-snippet":"max-snippet:-1","max-image-preview":"max-image-preview:large","max-video-preview":"max-video-preview:-1"},"canonical":"https:\/\/omanivietnam.com\/index.php\/san-pham\/panasonic-na1-5\/","og_locale":"vi_VN","og_type":"article","og_title":"PANASONIC NA1-5 - OMANI VI\u1ec6T NAM","og_description":"PANASONIC NA1-5 Sensor","og_url":"https:\/\/omanivietnam.com\/index.php\/san-pham\/panasonic-na1-5\/","og_site_name":"OMANI VI\u1ec6T NAM","article_modified_time":"2025-12-21T07:45:17+00:00","og_image":[{"width":652,"height":465,"url":"https:\/\/omanivietnam.com\/wp-content\/uploads\/2024\/07\/NA1-5.png","type":"image\/png"}],"twitter_card":"summary_large_image","twitter_misc":{"\u01af\u1edbc t\u00ednh th\u1eddi gian \u0111\u1ecdc":"5 ph\u00fat"},"schema":{"@context":"https:\/\/schema.org","@graph":[{"@type":"WebPage","@id":"https:\/\/omanivietnam.com\/index.php\/san-pham\/panasonic-na1-5\/","url":"https:\/\/omanivietnam.com\/index.php\/san-pham\/panasonic-na1-5\/","name":"PANASONIC NA1-5 - OMANI VI\u1ec6T NAM","isPartOf":{"@id":"https:\/\/omanivietnam.com\/#website"},"primaryImageOfPage":{"@id":"https:\/\/omanivietnam.com\/index.php\/san-pham\/panasonic-na1-5\/#primaryimage"},"image":{"@id":"https:\/\/omanivietnam.com\/index.php\/san-pham\/panasonic-na1-5\/#primaryimage"},"thumbnailUrl":"https:\/\/omanivietnam.com\/wp-content\/uploads\/2024\/07\/NA1-5.png","datePublished":"2024-07-05T22:56:46+00:00","dateModified":"2025-12-21T07:45:17+00:00","description":"PANASONIC NA1-5 Sensor","breadcrumb":{"@id":"https:\/\/omanivietnam.com\/index.php\/san-pham\/panasonic-na1-5\/#breadcrumb"},"inLanguage":"vi","potentialAction":[{"@type":"ReadAction","target":["https:\/\/omanivietnam.com\/index.php\/san-pham\/panasonic-na1-5\/"]}]},{"@type":"ImageObject","inLanguage":"vi","@id":"https:\/\/omanivietnam.com\/index.php\/san-pham\/panasonic-na1-5\/#primaryimage","url":"https:\/\/omanivietnam.com\/wp-content\/uploads\/2024\/07\/NA1-5.png","contentUrl":"https:\/\/omanivietnam.com\/wp-content\/uploads\/2024\/07\/NA1-5.png","width":652,"height":465},{"@type":"BreadcrumbList","@id":"https:\/\/omanivietnam.com\/index.php\/san-pham\/panasonic-na1-5\/#breadcrumb","itemListElement":[{"@type":"ListItem","position":1,"name":"Home","item":"https:\/\/omanivietnam.com\/"},{"@type":"ListItem","position":2,"name":"S\u1ea2N PH\u1ea8M","item":"https:\/\/omanivietnam.com\/index.php\/cua-hang\/"},{"@type":"ListItem","position":3,"name":"PANASONIC NA1-5"}]},{"@type":"WebSite","@id":"https:\/\/omanivietnam.com\/#website","url":"https:\/\/omanivietnam.com\/","name":"OMANI VI\u1ec6T NAM","description":"Nh\u00e0 ph\u00e2n ph\u1ed1i thi\u1ebft b\u1ecb kh\u00ed n\u00e9n v\u00e0 thi\u1ebft b\u1ecb t\u1ef1 \u0111\u1ed9ng h\u00f3a trong c\u00f4ng nghi\u1ec7p","publisher":{"@id":"https:\/\/omanivietnam.com\/#\/schema\/person\/0ad398a980dc3fd696111c2c5c8fa897"},"potentialAction":[{"@type":"SearchAction","target":{"@type":"EntryPoint","urlTemplate":"https:\/\/omanivietnam.com\/?s={search_term_string}"},"query-input":"required name=search_term_string"}],"inLanguage":"vi"},{"@type":["Person","Organization"],"@id":"https:\/\/omanivietnam.com\/#\/schema\/person\/0ad398a980dc3fd696111c2c5c8fa897","name":"Nguy\u1ec5n V\u0103n Kh\u00e1nh","image":{"@type":"ImageObject","inLanguage":"vi","@id":"https:\/\/omanivietnam.com\/#\/schema\/person\/image\/","url":"https:\/\/omanivietnam.com\/wp-content\/uploads\/2024\/06\/logo-1024x1024.png","contentUrl":"https:\/\/omanivietnam.com\/wp-content\/uploads\/2024\/06\/logo-1024x1024.png","width":1024,"height":1024,"caption":"Nguy\u1ec5n V\u0103n Kh\u00e1nh"},"logo":{"@id":"https:\/\/omanivietnam.com\/#\/schema\/person\/image\/"},"sameAs":["https:\/\/omanivietnam.com"]}]}},"_links":{"self":[{"href":"https:\/\/omanivietnam.com\/index.php\/wp-json\/wp\/v2\/product\/1021","targetHints":{"allow":["GET"]}}],"collection":[{"href":"https:\/\/omanivietnam.com\/index.php\/wp-json\/wp\/v2\/product"}],"about":[{"href":"https:\/\/omanivietnam.com\/index.php\/wp-json\/wp\/v2\/types\/product"}],"replies":[{"embeddable":true,"href":"https:\/\/omanivietnam.com\/index.php\/wp-json\/wp\/v2\/comments?post=1021"}],"wp:featuredmedia":[{"embeddable":true,"href":"https:\/\/omanivietnam.com\/index.php\/wp-json\/wp\/v2\/media\/1022"}],"wp:attachment":[{"href":"https:\/\/omanivietnam.com\/index.php\/wp-json\/wp\/v2\/media?parent=1021"}],"wp:term":[{"taxonomy":"product_cat","embeddable":true,"href":"https:\/\/omanivietnam.com\/index.php\/wp-json\/wp\/v2\/product_cat?post=1021"},{"taxonomy":"product_tag","embeddable":true,"href":"https:\/\/omanivietnam.com\/index.php\/wp-json\/wp\/v2\/product_tag?post=1021"}],"curies":[{"name":"wp","href":"https:\/\/api.w.org\/{rel}","templated":true}]}}