{"id":1064,"date":"2024-07-11T08:47:40","date_gmt":"2024-07-11T01:47:40","guid":{"rendered":"https:\/\/omanivietnam.com\/?post_type=product&#038;p=1064"},"modified":"2024-07-13T16:34:58","modified_gmt":"2024-07-13T09:34:58","slug":"takex-us-7962an","status":"publish","type":"product","link":"https:\/\/omanivietnam.com\/index.php\/san-pham\/takex-us-7962an\/","title":{"rendered":"TAKEX US-7962AN"},"content":{"rendered":"<p>TAKEX US-7962AN<\/p>\n<p class=\"content__heading content__heading--line\">US-S25AN<\/p>\n<div class=\"row content__body\">\n<div class=\"col-12 col-md-8 pl-xl-6\">\n<div>\n<p class=\"content__heading content__heading--line\">US SERIES<\/p>\n<\/div>\n<div class=\"mb-3 mb-md-4\">\n<ul>\n<li>Ultrasonic sensor embedded with amplifier and comparator<\/li>\n<li>Hybrid type, which can generate analogue output and comparator output at the same time<\/li>\n<li>Easy to aim at the object due to narrow operation area<\/li>\n<li>Realizing high resolution (1mm=10mV) with original circuirt<\/li>\n<\/ul>\n<ul>\n<li>Handy M18 cylinder<\/li>\n<li>Integrated amplifier for easy adjustment<\/li>\n<li>Easy alignment with sharp narrow view<\/li>\n<li>Low cost and versatile miniature ultrasonic sensor with analog output<\/li>\n<\/ul>\n<p>US-S25AN<\/p>\n<p><strong>Th\u00f4ng s\u1ed1 k\u1ef9 thu\u1eadt :\u00a0<\/strong><\/p>\n<table border=\"1\" cellspacing=\"0\" cellpadding=\"0\">\n<tbody>\n<tr>\n<td>Detection method<\/td>\n<td>Ultrasonic reflective<\/td>\n<\/tr>\n<tr>\n<td>Detecting distance<\/td>\n<td>60 &#8211; 250mm<\/td>\n<\/tr>\n<tr>\n<td>Detection object<\/td>\n<td>30 x 30 (sample object: 1 thick aluminum plate)<\/td>\n<\/tr>\n<tr>\n<td>Power supply<\/td>\n<td>24V DC \u00b110% \/ Ripple 10% or less<\/td>\n<\/tr>\n<tr>\n<td>Current consumption<\/td>\n<td>25mA or less<\/td>\n<\/tr>\n<tr>\n<td>Response time<\/td>\n<td>10 \u2192 2 V: 30 ms or less \/ 2 \u2192 10 V: 300 ms or less<\/td>\n<\/tr>\n<tr>\n<td>Output mode<\/td>\n<td>Voltage output in proportion to distance,<br \/>\n60mm:2.4V\u00b10.5V, 250mm:10.0V\u00b10.5V<\/td>\n<\/tr>\n<tr>\n<td>Minimum resolution<\/td>\n<td>2 mm (with 80 mV ripple) *<\/td>\n<\/tr>\n<tr>\n<td>Linearity<\/td>\n<td>\u00b15% of F.S. or less<\/td>\n<\/tr>\n<tr>\n<td>Temperature characteristics<\/td>\n<td>0.09% of F.S.\/ C<\/td>\n<\/tr>\n<tr>\n<td>Ultrasonic frequency<\/td>\n<td>380kHz \u00b115kHz<\/td>\n<\/tr>\n<tr>\n<td>Indicator<\/td>\n<td>Not provided<\/td>\n<\/tr>\n<tr>\n<td>Material<\/td>\n<td>Case\/nut : Polycarbonate<\/td>\n<\/tr>\n<\/tbody>\n<\/table>\n<\/div>\n<\/div>\n<\/div>\n<div class=\"heading p-4\">\n<p>\u0110\u1ea1i l\u00fd TAKEX vietnam, TAKEX viet nam, TAKEX vietnam distributor, Ph\u00e2n ph\u1ed1i TAKEX t\u1ea1i vi\u1ec7t nam<\/p>\n<p>\u0110\u1ea1i l\u00fd TAKEX vietnam, TAKEX viet nam,TAKEX vietnam distributor, Ph\u00e2n ph\u1ed1i TAKEX t\u1ea1i vi\u1ec7t nam<\/p>\n<p>\u0110\u1ea1i l\u00fd TAKEX vietnam, TAKEX viet nam, TAKEX vietnam distributor, Ph\u00e2n ph\u1ed1i TAKEX t\u1ea1i vi\u1ec7t nam<\/p>\n<p>\u0110\u1ea1i l\u00fd TAKEX vietnam, TAKEX viet nam, TAKEX vietnam distributor, Ph\u00e2n ph\u1ed1i TAKEX t\u1ea1i vi\u1ec7t nam<\/p>\n<p>\u0110\u1ea1i l\u00fd TAKEX vietnam, TAKEX viet nam, TAKEX vietnam distributor, Ph\u00e2n ph\u1ed1i TAKEX t\u1ea1i vi\u1ec7t nam<\/p>\n<\/div>\n","protected":false},"excerpt":{"rendered":"<p>TAKEX US-7962AN US-S25AN US SERIES Ultrasonic sensor embedded with amplifier and comparator Hybrid type, which can generate analogue output and comparator output at the same time Easy to aim at the object due to narrow operation area Realizing high resolution (1mm=10mV) with original circuirt Handy M18 cylinder Integrated amplifier for&hellip; <\/p>\n","protected":false},"featured_media":1065,"comment_status":"open","ping_status":"closed","template":"","meta":[],"product_cat":[285],"product_tag":[88,192,191],"class_list":{"0":"post-1064","1":"product","2":"type-product","3":"status-publish","4":"has-post-thumbnail","6":"product_cat-takex","7":"product_tag-cam-bien","8":"product_tag-dai-ly-takex-viet-nam","9":"product_tag-takex-viet-nam","11":"first","12":"instock","13":"shipping-taxable","14":"product-type-simple"},"yoast_head":"<!-- This site is optimized with the Yoast SEO plugin v22.8 - https:\/\/yoast.com\/wordpress\/plugins\/seo\/ -->\n<title>TAKEX US-7962AN - OMANI VI\u1ec6T NAM<\/title>\n<meta name=\"robots\" content=\"index, follow, max-snippet:-1, max-image-preview:large, max-video-preview:-1\" \/>\n<link rel=\"canonical\" href=\"https:\/\/omanivietnam.com\/index.php\/san-pham\/takex-us-7962an\/\" \/>\n<meta property=\"og:locale\" content=\"vi_VN\" \/>\n<meta property=\"og:type\" content=\"article\" \/>\n<meta property=\"og:title\" content=\"TAKEX US-7962AN - OMANI VI\u1ec6T NAM\" \/>\n<meta property=\"og:description\" content=\"TAKEX US-7962AN US-S25AN US SERIES Ultrasonic sensor embedded with amplifier and comparator Hybrid type, which can generate analogue output and comparator output at the same time Easy to aim at the object due to narrow operation area Realizing high resolution (1mm=10mV) with original circuirt Handy M18 cylinder Integrated amplifier for&hellip;\" \/>\n<meta property=\"og:url\" content=\"https:\/\/omanivietnam.com\/index.php\/san-pham\/takex-us-7962an\/\" \/>\n<meta property=\"og:site_name\" content=\"OMANI VI\u1ec6T NAM\" \/>\n<meta property=\"article:modified_time\" content=\"2024-07-13T09:34:58+00:00\" \/>\n<meta property=\"og:image\" content=\"https:\/\/omanivietnam.com\/wp-content\/uploads\/2024\/07\/US-7962AN.png\" \/>\n\t<meta property=\"og:image:width\" content=\"318\" \/>\n\t<meta property=\"og:image:height\" content=\"302\" \/>\n\t<meta property=\"og:image:type\" content=\"image\/png\" \/>\n<meta name=\"twitter:card\" content=\"summary_large_image\" \/>\n<meta name=\"twitter:label1\" content=\"\u01af\u1edbc t\u00ednh th\u1eddi gian \u0111\u1ecdc\" \/>\n\t<meta name=\"twitter:data1\" content=\"2 ph\u00fat\" \/>\n<script type=\"application\/ld+json\" class=\"yoast-schema-graph\">{\"@context\":\"https:\/\/schema.org\",\"@graph\":[{\"@type\":\"WebPage\",\"@id\":\"https:\/\/omanivietnam.com\/index.php\/san-pham\/takex-us-7962an\/\",\"url\":\"https:\/\/omanivietnam.com\/index.php\/san-pham\/takex-us-7962an\/\",\"name\":\"TAKEX US-7962AN - OMANI VI\u1ec6T NAM\",\"isPartOf\":{\"@id\":\"https:\/\/omanivietnam.com\/#website\"},\"primaryImageOfPage\":{\"@id\":\"https:\/\/omanivietnam.com\/index.php\/san-pham\/takex-us-7962an\/#primaryimage\"},\"image\":{\"@id\":\"https:\/\/omanivietnam.com\/index.php\/san-pham\/takex-us-7962an\/#primaryimage\"},\"thumbnailUrl\":\"https:\/\/omanivietnam.com\/wp-content\/uploads\/2024\/07\/US-7962AN.png\",\"datePublished\":\"2024-07-11T01:47:40+00:00\",\"dateModified\":\"2024-07-13T09:34:58+00:00\",\"breadcrumb\":{\"@id\":\"https:\/\/omanivietnam.com\/index.php\/san-pham\/takex-us-7962an\/#breadcrumb\"},\"inLanguage\":\"vi\",\"potentialAction\":[{\"@type\":\"ReadAction\",\"target\":[\"https:\/\/omanivietnam.com\/index.php\/san-pham\/takex-us-7962an\/\"]}]},{\"@type\":\"ImageObject\",\"inLanguage\":\"vi\",\"@id\":\"https:\/\/omanivietnam.com\/index.php\/san-pham\/takex-us-7962an\/#primaryimage\",\"url\":\"https:\/\/omanivietnam.com\/wp-content\/uploads\/2024\/07\/US-7962AN.png\",\"contentUrl\":\"https:\/\/omanivietnam.com\/wp-content\/uploads\/2024\/07\/US-7962AN.png\",\"width\":318,\"height\":302},{\"@type\":\"BreadcrumbList\",\"@id\":\"https:\/\/omanivietnam.com\/index.php\/san-pham\/takex-us-7962an\/#breadcrumb\",\"itemListElement\":[{\"@type\":\"ListItem\",\"position\":1,\"name\":\"Home\",\"item\":\"https:\/\/omanivietnam.com\/\"},{\"@type\":\"ListItem\",\"position\":2,\"name\":\"S\u1ea2N PH\u1ea8M\",\"item\":\"https:\/\/omanivietnam.com\/index.php\/cua-hang\/\"},{\"@type\":\"ListItem\",\"position\":3,\"name\":\"TAKEX US-7962AN\"}]},{\"@type\":\"WebSite\",\"@id\":\"https:\/\/omanivietnam.com\/#website\",\"url\":\"https:\/\/omanivietnam.com\/\",\"name\":\"OMANI VI\u1ec6T NAM\",\"description\":\"Nh\u00e0 ph\u00e2n ph\u1ed1i thi\u1ebft b\u1ecb kh\u00ed n\u00e9n v\u00e0 thi\u1ebft b\u1ecb t\u1ef1 \u0111\u1ed9ng h\u00f3a trong c\u00f4ng nghi\u1ec7p\",\"publisher\":{\"@id\":\"https:\/\/omanivietnam.com\/#\/schema\/person\/0ad398a980dc3fd696111c2c5c8fa897\"},\"potentialAction\":[{\"@type\":\"SearchAction\",\"target\":{\"@type\":\"EntryPoint\",\"urlTemplate\":\"https:\/\/omanivietnam.com\/?s={search_term_string}\"},\"query-input\":\"required name=search_term_string\"}],\"inLanguage\":\"vi\"},{\"@type\":[\"Person\",\"Organization\"],\"@id\":\"https:\/\/omanivietnam.com\/#\/schema\/person\/0ad398a980dc3fd696111c2c5c8fa897\",\"name\":\"Nguy\u1ec5n V\u0103n Kh\u00e1nh\",\"image\":{\"@type\":\"ImageObject\",\"inLanguage\":\"vi\",\"@id\":\"https:\/\/omanivietnam.com\/#\/schema\/person\/image\/\",\"url\":\"https:\/\/omanivietnam.com\/wp-content\/uploads\/2024\/06\/logo-1024x1024.png\",\"contentUrl\":\"https:\/\/omanivietnam.com\/wp-content\/uploads\/2024\/06\/logo-1024x1024.png\",\"width\":1024,\"height\":1024,\"caption\":\"Nguy\u1ec5n V\u0103n Kh\u00e1nh\"},\"logo\":{\"@id\":\"https:\/\/omanivietnam.com\/#\/schema\/person\/image\/\"},\"sameAs\":[\"https:\/\/omanivietnam.com\"]}]}<\/script>\n<!-- \/ Yoast SEO plugin. -->","yoast_head_json":{"title":"TAKEX US-7962AN - OMANI VI\u1ec6T NAM","robots":{"index":"index","follow":"follow","max-snippet":"max-snippet:-1","max-image-preview":"max-image-preview:large","max-video-preview":"max-video-preview:-1"},"canonical":"https:\/\/omanivietnam.com\/index.php\/san-pham\/takex-us-7962an\/","og_locale":"vi_VN","og_type":"article","og_title":"TAKEX US-7962AN - OMANI VI\u1ec6T NAM","og_description":"TAKEX US-7962AN US-S25AN US SERIES Ultrasonic sensor embedded with amplifier and comparator Hybrid type, which can generate analogue output and comparator output at the same time Easy to aim at the object due to narrow operation area Realizing high resolution (1mm=10mV) with original circuirt Handy M18 cylinder Integrated amplifier for&hellip;","og_url":"https:\/\/omanivietnam.com\/index.php\/san-pham\/takex-us-7962an\/","og_site_name":"OMANI VI\u1ec6T NAM","article_modified_time":"2024-07-13T09:34:58+00:00","og_image":[{"width":318,"height":302,"url":"https:\/\/omanivietnam.com\/wp-content\/uploads\/2024\/07\/US-7962AN.png","type":"image\/png"}],"twitter_card":"summary_large_image","twitter_misc":{"\u01af\u1edbc t\u00ednh th\u1eddi gian \u0111\u1ecdc":"2 ph\u00fat"},"schema":{"@context":"https:\/\/schema.org","@graph":[{"@type":"WebPage","@id":"https:\/\/omanivietnam.com\/index.php\/san-pham\/takex-us-7962an\/","url":"https:\/\/omanivietnam.com\/index.php\/san-pham\/takex-us-7962an\/","name":"TAKEX US-7962AN - OMANI VI\u1ec6T NAM","isPartOf":{"@id":"https:\/\/omanivietnam.com\/#website"},"primaryImageOfPage":{"@id":"https:\/\/omanivietnam.com\/index.php\/san-pham\/takex-us-7962an\/#primaryimage"},"image":{"@id":"https:\/\/omanivietnam.com\/index.php\/san-pham\/takex-us-7962an\/#primaryimage"},"thumbnailUrl":"https:\/\/omanivietnam.com\/wp-content\/uploads\/2024\/07\/US-7962AN.png","datePublished":"2024-07-11T01:47:40+00:00","dateModified":"2024-07-13T09:34:58+00:00","breadcrumb":{"@id":"https:\/\/omanivietnam.com\/index.php\/san-pham\/takex-us-7962an\/#breadcrumb"},"inLanguage":"vi","potentialAction":[{"@type":"ReadAction","target":["https:\/\/omanivietnam.com\/index.php\/san-pham\/takex-us-7962an\/"]}]},{"@type":"ImageObject","inLanguage":"vi","@id":"https:\/\/omanivietnam.com\/index.php\/san-pham\/takex-us-7962an\/#primaryimage","url":"https:\/\/omanivietnam.com\/wp-content\/uploads\/2024\/07\/US-7962AN.png","contentUrl":"https:\/\/omanivietnam.com\/wp-content\/uploads\/2024\/07\/US-7962AN.png","width":318,"height":302},{"@type":"BreadcrumbList","@id":"https:\/\/omanivietnam.com\/index.php\/san-pham\/takex-us-7962an\/#breadcrumb","itemListElement":[{"@type":"ListItem","position":1,"name":"Home","item":"https:\/\/omanivietnam.com\/"},{"@type":"ListItem","position":2,"name":"S\u1ea2N PH\u1ea8M","item":"https:\/\/omanivietnam.com\/index.php\/cua-hang\/"},{"@type":"ListItem","position":3,"name":"TAKEX US-7962AN"}]},{"@type":"WebSite","@id":"https:\/\/omanivietnam.com\/#website","url":"https:\/\/omanivietnam.com\/","name":"OMANI VI\u1ec6T NAM","description":"Nh\u00e0 ph\u00e2n ph\u1ed1i thi\u1ebft b\u1ecb kh\u00ed n\u00e9n v\u00e0 thi\u1ebft b\u1ecb t\u1ef1 \u0111\u1ed9ng h\u00f3a trong c\u00f4ng nghi\u1ec7p","publisher":{"@id":"https:\/\/omanivietnam.com\/#\/schema\/person\/0ad398a980dc3fd696111c2c5c8fa897"},"potentialAction":[{"@type":"SearchAction","target":{"@type":"EntryPoint","urlTemplate":"https:\/\/omanivietnam.com\/?s={search_term_string}"},"query-input":"required name=search_term_string"}],"inLanguage":"vi"},{"@type":["Person","Organization"],"@id":"https:\/\/omanivietnam.com\/#\/schema\/person\/0ad398a980dc3fd696111c2c5c8fa897","name":"Nguy\u1ec5n V\u0103n Kh\u00e1nh","image":{"@type":"ImageObject","inLanguage":"vi","@id":"https:\/\/omanivietnam.com\/#\/schema\/person\/image\/","url":"https:\/\/omanivietnam.com\/wp-content\/uploads\/2024\/06\/logo-1024x1024.png","contentUrl":"https:\/\/omanivietnam.com\/wp-content\/uploads\/2024\/06\/logo-1024x1024.png","width":1024,"height":1024,"caption":"Nguy\u1ec5n V\u0103n Kh\u00e1nh"},"logo":{"@id":"https:\/\/omanivietnam.com\/#\/schema\/person\/image\/"},"sameAs":["https:\/\/omanivietnam.com"]}]}},"_links":{"self":[{"href":"https:\/\/omanivietnam.com\/index.php\/wp-json\/wp\/v2\/product\/1064","targetHints":{"allow":["GET"]}}],"collection":[{"href":"https:\/\/omanivietnam.com\/index.php\/wp-json\/wp\/v2\/product"}],"about":[{"href":"https:\/\/omanivietnam.com\/index.php\/wp-json\/wp\/v2\/types\/product"}],"replies":[{"embeddable":true,"href":"https:\/\/omanivietnam.com\/index.php\/wp-json\/wp\/v2\/comments?post=1064"}],"wp:featuredmedia":[{"embeddable":true,"href":"https:\/\/omanivietnam.com\/index.php\/wp-json\/wp\/v2\/media\/1065"}],"wp:attachment":[{"href":"https:\/\/omanivietnam.com\/index.php\/wp-json\/wp\/v2\/media?parent=1064"}],"wp:term":[{"taxonomy":"product_cat","embeddable":true,"href":"https:\/\/omanivietnam.com\/index.php\/wp-json\/wp\/v2\/product_cat?post=1064"},{"taxonomy":"product_tag","embeddable":true,"href":"https:\/\/omanivietnam.com\/index.php\/wp-json\/wp\/v2\/product_tag?post=1064"}],"curies":[{"name":"wp","href":"https:\/\/api.w.org\/{rel}","templated":true}]}}