{"id":1069,"date":"2024-07-13T05:13:38","date_gmt":"2024-07-12T22:13:38","guid":{"rendered":"https:\/\/omanivietnam.com\/?post_type=product&#038;p=1069"},"modified":"2025-07-23T21:10:25","modified_gmt":"2025-07-23T14:10:25","slug":"allen-bradley-1746-no4i","status":"publish","type":"product","link":"https:\/\/omanivietnam.com\/index.php\/san-pham\/allen-bradley-1746-no4i\/","title":{"rendered":"ALLEN BRADLEY 1746-NO4I"},"content":{"rendered":"<p>ALLEN BRADLEY 1746-NO4I<\/p>\n<p class=\"title-product item_name\">Module Allen Bradley 1746-NO4I<\/p>\n<p>1. Module 1746-NO4I:<\/p>\n<div>\n<div>Nh\u00e0 ch\u1ebf t\u1ea1o T\u1ef1 \u0111\u1ed9ng h\u00f3a Rockwell<\/div>\n<div>Nh\u00e3n hi\u1ec7u Allen-Bradley<\/div>\n<div>S\u1ed1 b\u1ed9 ph\u1eadn \/ S\u1ed1 danh m\u1ee5c 1746-NO4I<\/div>\n<div>H\u00e0ng lo\u1ea1t SLC 500<\/div>\n<div>Lo\u1ea1i m\u00f4-\u0111un M\u00f4-\u0111un \u0111\u1ea7u ra t\u01b0\u01a1ng t\u1ef1<\/div>\n<div>B\u1ea3ng n\u1ed1i \u0111a n\u0103ng hi\u1ec7n t\u1ea1i (5 Volts) 55 miliampe<\/div>\n<div>K\u1ebft qu\u1ea3 \u0111\u1ea7u ra B\u1ed1n (4)<\/div>\n<div>B\u1ea3ng n\u1ed1i \u0111a n\u0103ng hi\u1ec7n t\u1ea1i (24 Volts DC) 195 miliampe<\/div>\n<div>\u0110\u1ea7u ra ph\u1ea1m vi hi\u1ec7n t\u1ea1i 0 \u0111\u1ebfn +20 mA<\/div>\n<div>\u0110\u1ea7u ra quy m\u00f4 \u0111\u1ea7y \u0111\u1ee7 21 mA<\/div>\n<div>S\u1eafp x\u1ebfp l\u1ea1i kh\u1ea3 n\u0103ng 5% (0 \u0111\u1ebfn +21 mA \u2013 1 LSB)<\/div>\n<div>M\u00e3 h\u00f3a \u0111\u1ea7u ra hi\u1ec7n t\u1ea1i 0 \u0111\u1ebfn +32764<\/div>\n<div>C\u1eadp nh\u1eadt th\u1eddi gian 512 micro gi\u00e2y<\/div>\n<div>B\u1ea3ng n\u1ed1i \u0111a n\u0103ng hi\u1ec7n t\u1ea1i (5 V\u00f4n) 55 miliampe; (24 v\u00f4n DC) 195 miliampe<\/div>\n<div>Ngh\u1ecb quy\u1ebft 14 bit<\/div>\n<div>Ngh\u1ecb quy\u1ebft 14 bit<\/div>\n<div>B\u01b0\u1edbc \u0111\u00e1p \u1ee9ng 2,5 mili gi\u00e2y<\/div>\n<div>B\u01b0\u1edbc \u0111\u00e1p \u1ee9ng 2,5 mili gi\u00e2y<\/div>\n<div>UPC 10662073735912<\/div>\n<div>Nhi\u1ec7t \u0111\u1ed9 m\u00f4i tr\u01b0\u1eddng xung quanh 0 \u0111\u1ebfn 60 \u0111\u1ed9 C<\/div>\n<p>2. C\u00e1c m\u00e3 h\u00e0ng t\u01b0\u01a1ng \u0111\u01b0\u01a1ng Module 1746-NO4I:<\/p>\n<p>1746-IA16<br \/>\n1746-NO4I<br \/>\n1747-L553<br \/>\n1756-BA2<br \/>\n1756-CNB\/D<br \/>\n1756-EN2T<br \/>\n1756-IB32<br \/>\n1756-IB32\/B<br \/>\n1756-IF16<br \/>\n1756-L61<br \/>\n1756-L61S<br \/>\n1756-L72<br \/>\n1756-M03SE<br \/>\n1756-M08SE<br \/>\n1756-M16SE<br \/>\n1756-MDD30<\/p>\n<\/div>\n<p>\u0110\u1ea1i l\u00fd Allen-Bradley vietnam, Allen-Bradley viet nam, Allen-Bradley vietnam distributor, Ph\u00e2n ph\u1ed1i Panasonic t\u1ea1i vi\u1ec7t nam<\/p>\n<p>\u0110\u1ea1i l\u00fd Allen-Bradley vietnam, Allen-Bradley viet nam, Allen-Bradley vietnam distributor, Ph\u00e2n ph\u1ed1i Panasonic t\u1ea1i vi\u1ec7t nam<\/p>\n<p>\u0110\u1ea1i l\u00fd Allen-Bradley vietnam, Allen-Bradley viet nam, Allen-Bradley vietnam distributor, Ph\u00e2n ph\u1ed1i Panasonic t\u1ea1i vi\u1ec7t nam<\/p>\n<p>\u0110\u1ea1i l\u00fd Allen-Bradley vietnam, Allen-Bradley viet nam, Allen-Bradley vietnam distributor, Ph\u00e2n ph\u1ed1i Panasonic t\u1ea1i vi\u1ec7t nam<\/p>\n<p>\u0110\u1ea1i l\u00fd Allen-Bradley vietnam, Allen-Bradley viet nam, Allen-Bradley vietnam distributor, Ph\u00e2n ph\u1ed1i Panasonic t\u1ea1i vi\u1ec7t nam<\/p>\n","protected":false},"excerpt":{"rendered":"<p>ALLEN BRADLEY 1746-NO4I Module Allen Bradley 1746-NO4I 1. Module 1746-NO4I: Nh\u00e0 ch\u1ebf t\u1ea1o T\u1ef1 \u0111\u1ed9ng h\u00f3a Rockwell Nh\u00e3n hi\u1ec7u Allen-Bradley S\u1ed1 b\u1ed9 ph\u1eadn \/ S\u1ed1 danh m\u1ee5c 1746-NO4I H\u00e0ng lo\u1ea1t SLC 500 Lo\u1ea1i m\u00f4-\u0111un M\u00f4-\u0111un \u0111\u1ea7u ra t\u01b0\u01a1ng t\u1ef1 B\u1ea3ng n\u1ed1i \u0111a n\u0103ng hi\u1ec7n t\u1ea1i (5 Volts) 55 miliampe K\u1ebft&hellip; <\/p>\n","protected":false},"featured_media":1070,"comment_status":"open","ping_status":"closed","template":"","meta":[],"product_cat":[295],"product_tag":[178,179,159],"class_list":{"0":"post-1069","1":"product","2":"type-product","3":"status-publish","4":"has-post-thumbnail","6":"product_cat-allen-bradley","7":"product_tag-allen-bradley-viet-nam","8":"product_tag-dai-ly-allen-bradley-viet-nam","9":"product_tag-mo-dun","11":"first","12":"instock","13":"shipping-taxable","14":"product-type-simple"},"yoast_head":"<!-- This site is optimized with the Yoast SEO plugin v22.8 - https:\/\/yoast.com\/wordpress\/plugins\/seo\/ -->\n<title>ALLEN BRADLEY 1746-NO4I - OMANI VI\u1ec6T NAM<\/title>\n<meta name=\"description\" content=\"ALLEN BRADLEY 1746-NO4I 4-Channel Analog I\/O Modules\" \/>\n<meta name=\"robots\" content=\"index, follow, max-snippet:-1, max-image-preview:large, max-video-preview:-1\" \/>\n<link rel=\"canonical\" href=\"https:\/\/omanivietnam.com\/index.php\/san-pham\/allen-bradley-1746-no4i\/\" \/>\n<meta property=\"og:locale\" content=\"vi_VN\" \/>\n<meta property=\"og:type\" content=\"article\" \/>\n<meta property=\"og:title\" content=\"ALLEN BRADLEY 1746-NO4I - OMANI VI\u1ec6T NAM\" \/>\n<meta property=\"og:description\" content=\"ALLEN BRADLEY 1746-NO4I 4-Channel Analog I\/O Modules\" \/>\n<meta property=\"og:url\" content=\"https:\/\/omanivietnam.com\/index.php\/san-pham\/allen-bradley-1746-no4i\/\" \/>\n<meta property=\"og:site_name\" content=\"OMANI VI\u1ec6T NAM\" \/>\n<meta property=\"article:modified_time\" content=\"2025-07-23T14:10:25+00:00\" \/>\n<meta property=\"og:image\" content=\"https:\/\/omanivietnam.com\/wp-content\/uploads\/2024\/07\/1746-NO4I.png\" \/>\n\t<meta property=\"og:image:width\" content=\"698\" \/>\n\t<meta property=\"og:image:height\" content=\"447\" \/>\n\t<meta property=\"og:image:type\" content=\"image\/png\" \/>\n<meta name=\"twitter:card\" content=\"summary_large_image\" \/>\n<meta name=\"twitter:label1\" content=\"\u01af\u1edbc t\u00ednh th\u1eddi gian \u0111\u1ecdc\" \/>\n\t<meta name=\"twitter:data1\" content=\"2 ph\u00fat\" \/>\n<script type=\"application\/ld+json\" class=\"yoast-schema-graph\">{\"@context\":\"https:\/\/schema.org\",\"@graph\":[{\"@type\":\"WebPage\",\"@id\":\"https:\/\/omanivietnam.com\/index.php\/san-pham\/allen-bradley-1746-no4i\/\",\"url\":\"https:\/\/omanivietnam.com\/index.php\/san-pham\/allen-bradley-1746-no4i\/\",\"name\":\"ALLEN BRADLEY 1746-NO4I - OMANI VI\u1ec6T NAM\",\"isPartOf\":{\"@id\":\"https:\/\/omanivietnam.com\/#website\"},\"primaryImageOfPage\":{\"@id\":\"https:\/\/omanivietnam.com\/index.php\/san-pham\/allen-bradley-1746-no4i\/#primaryimage\"},\"image\":{\"@id\":\"https:\/\/omanivietnam.com\/index.php\/san-pham\/allen-bradley-1746-no4i\/#primaryimage\"},\"thumbnailUrl\":\"https:\/\/omanivietnam.com\/wp-content\/uploads\/2024\/07\/1746-NO4I.png\",\"datePublished\":\"2024-07-12T22:13:38+00:00\",\"dateModified\":\"2025-07-23T14:10:25+00:00\",\"description\":\"ALLEN BRADLEY 1746-NO4I 4-Channel Analog I\/O Modules\",\"breadcrumb\":{\"@id\":\"https:\/\/omanivietnam.com\/index.php\/san-pham\/allen-bradley-1746-no4i\/#breadcrumb\"},\"inLanguage\":\"vi\",\"potentialAction\":[{\"@type\":\"ReadAction\",\"target\":[\"https:\/\/omanivietnam.com\/index.php\/san-pham\/allen-bradley-1746-no4i\/\"]}]},{\"@type\":\"ImageObject\",\"inLanguage\":\"vi\",\"@id\":\"https:\/\/omanivietnam.com\/index.php\/san-pham\/allen-bradley-1746-no4i\/#primaryimage\",\"url\":\"https:\/\/omanivietnam.com\/wp-content\/uploads\/2024\/07\/1746-NO4I.png\",\"contentUrl\":\"https:\/\/omanivietnam.com\/wp-content\/uploads\/2024\/07\/1746-NO4I.png\",\"width\":698,\"height\":447},{\"@type\":\"BreadcrumbList\",\"@id\":\"https:\/\/omanivietnam.com\/index.php\/san-pham\/allen-bradley-1746-no4i\/#breadcrumb\",\"itemListElement\":[{\"@type\":\"ListItem\",\"position\":1,\"name\":\"Home\",\"item\":\"https:\/\/omanivietnam.com\/\"},{\"@type\":\"ListItem\",\"position\":2,\"name\":\"S\u1ea2N PH\u1ea8M\",\"item\":\"https:\/\/omanivietnam.com\/index.php\/cua-hang\/\"},{\"@type\":\"ListItem\",\"position\":3,\"name\":\"ALLEN BRADLEY 1746-NO4I\"}]},{\"@type\":\"WebSite\",\"@id\":\"https:\/\/omanivietnam.com\/#website\",\"url\":\"https:\/\/omanivietnam.com\/\",\"name\":\"OMANI VI\u1ec6T NAM\",\"description\":\"Nh\u00e0 ph\u00e2n ph\u1ed1i thi\u1ebft b\u1ecb kh\u00ed n\u00e9n v\u00e0 thi\u1ebft b\u1ecb t\u1ef1 \u0111\u1ed9ng h\u00f3a trong c\u00f4ng nghi\u1ec7p\",\"publisher\":{\"@id\":\"https:\/\/omanivietnam.com\/#\/schema\/person\/0ad398a980dc3fd696111c2c5c8fa897\"},\"potentialAction\":[{\"@type\":\"SearchAction\",\"target\":{\"@type\":\"EntryPoint\",\"urlTemplate\":\"https:\/\/omanivietnam.com\/?s={search_term_string}\"},\"query-input\":\"required name=search_term_string\"}],\"inLanguage\":\"vi\"},{\"@type\":[\"Person\",\"Organization\"],\"@id\":\"https:\/\/omanivietnam.com\/#\/schema\/person\/0ad398a980dc3fd696111c2c5c8fa897\",\"name\":\"Nguy\u1ec5n V\u0103n Kh\u00e1nh\",\"image\":{\"@type\":\"ImageObject\",\"inLanguage\":\"vi\",\"@id\":\"https:\/\/omanivietnam.com\/#\/schema\/person\/image\/\",\"url\":\"https:\/\/omanivietnam.com\/wp-content\/uploads\/2024\/06\/logo-1024x1024.png\",\"contentUrl\":\"https:\/\/omanivietnam.com\/wp-content\/uploads\/2024\/06\/logo-1024x1024.png\",\"width\":1024,\"height\":1024,\"caption\":\"Nguy\u1ec5n V\u0103n Kh\u00e1nh\"},\"logo\":{\"@id\":\"https:\/\/omanivietnam.com\/#\/schema\/person\/image\/\"},\"sameAs\":[\"https:\/\/omanivietnam.com\"]}]}<\/script>\n<!-- \/ Yoast SEO plugin. -->","yoast_head_json":{"title":"ALLEN BRADLEY 1746-NO4I - OMANI VI\u1ec6T NAM","description":"ALLEN BRADLEY 1746-NO4I 4-Channel Analog I\/O Modules","robots":{"index":"index","follow":"follow","max-snippet":"max-snippet:-1","max-image-preview":"max-image-preview:large","max-video-preview":"max-video-preview:-1"},"canonical":"https:\/\/omanivietnam.com\/index.php\/san-pham\/allen-bradley-1746-no4i\/","og_locale":"vi_VN","og_type":"article","og_title":"ALLEN BRADLEY 1746-NO4I - OMANI VI\u1ec6T NAM","og_description":"ALLEN BRADLEY 1746-NO4I 4-Channel Analog I\/O Modules","og_url":"https:\/\/omanivietnam.com\/index.php\/san-pham\/allen-bradley-1746-no4i\/","og_site_name":"OMANI VI\u1ec6T NAM","article_modified_time":"2025-07-23T14:10:25+00:00","og_image":[{"width":698,"height":447,"url":"https:\/\/omanivietnam.com\/wp-content\/uploads\/2024\/07\/1746-NO4I.png","type":"image\/png"}],"twitter_card":"summary_large_image","twitter_misc":{"\u01af\u1edbc t\u00ednh th\u1eddi gian \u0111\u1ecdc":"2 ph\u00fat"},"schema":{"@context":"https:\/\/schema.org","@graph":[{"@type":"WebPage","@id":"https:\/\/omanivietnam.com\/index.php\/san-pham\/allen-bradley-1746-no4i\/","url":"https:\/\/omanivietnam.com\/index.php\/san-pham\/allen-bradley-1746-no4i\/","name":"ALLEN BRADLEY 1746-NO4I - OMANI VI\u1ec6T NAM","isPartOf":{"@id":"https:\/\/omanivietnam.com\/#website"},"primaryImageOfPage":{"@id":"https:\/\/omanivietnam.com\/index.php\/san-pham\/allen-bradley-1746-no4i\/#primaryimage"},"image":{"@id":"https:\/\/omanivietnam.com\/index.php\/san-pham\/allen-bradley-1746-no4i\/#primaryimage"},"thumbnailUrl":"https:\/\/omanivietnam.com\/wp-content\/uploads\/2024\/07\/1746-NO4I.png","datePublished":"2024-07-12T22:13:38+00:00","dateModified":"2025-07-23T14:10:25+00:00","description":"ALLEN BRADLEY 1746-NO4I 4-Channel Analog I\/O Modules","breadcrumb":{"@id":"https:\/\/omanivietnam.com\/index.php\/san-pham\/allen-bradley-1746-no4i\/#breadcrumb"},"inLanguage":"vi","potentialAction":[{"@type":"ReadAction","target":["https:\/\/omanivietnam.com\/index.php\/san-pham\/allen-bradley-1746-no4i\/"]}]},{"@type":"ImageObject","inLanguage":"vi","@id":"https:\/\/omanivietnam.com\/index.php\/san-pham\/allen-bradley-1746-no4i\/#primaryimage","url":"https:\/\/omanivietnam.com\/wp-content\/uploads\/2024\/07\/1746-NO4I.png","contentUrl":"https:\/\/omanivietnam.com\/wp-content\/uploads\/2024\/07\/1746-NO4I.png","width":698,"height":447},{"@type":"BreadcrumbList","@id":"https:\/\/omanivietnam.com\/index.php\/san-pham\/allen-bradley-1746-no4i\/#breadcrumb","itemListElement":[{"@type":"ListItem","position":1,"name":"Home","item":"https:\/\/omanivietnam.com\/"},{"@type":"ListItem","position":2,"name":"S\u1ea2N PH\u1ea8M","item":"https:\/\/omanivietnam.com\/index.php\/cua-hang\/"},{"@type":"ListItem","position":3,"name":"ALLEN BRADLEY 1746-NO4I"}]},{"@type":"WebSite","@id":"https:\/\/omanivietnam.com\/#website","url":"https:\/\/omanivietnam.com\/","name":"OMANI VI\u1ec6T NAM","description":"Nh\u00e0 ph\u00e2n ph\u1ed1i thi\u1ebft b\u1ecb kh\u00ed n\u00e9n v\u00e0 thi\u1ebft b\u1ecb t\u1ef1 \u0111\u1ed9ng h\u00f3a trong c\u00f4ng nghi\u1ec7p","publisher":{"@id":"https:\/\/omanivietnam.com\/#\/schema\/person\/0ad398a980dc3fd696111c2c5c8fa897"},"potentialAction":[{"@type":"SearchAction","target":{"@type":"EntryPoint","urlTemplate":"https:\/\/omanivietnam.com\/?s={search_term_string}"},"query-input":"required name=search_term_string"}],"inLanguage":"vi"},{"@type":["Person","Organization"],"@id":"https:\/\/omanivietnam.com\/#\/schema\/person\/0ad398a980dc3fd696111c2c5c8fa897","name":"Nguy\u1ec5n V\u0103n Kh\u00e1nh","image":{"@type":"ImageObject","inLanguage":"vi","@id":"https:\/\/omanivietnam.com\/#\/schema\/person\/image\/","url":"https:\/\/omanivietnam.com\/wp-content\/uploads\/2024\/06\/logo-1024x1024.png","contentUrl":"https:\/\/omanivietnam.com\/wp-content\/uploads\/2024\/06\/logo-1024x1024.png","width":1024,"height":1024,"caption":"Nguy\u1ec5n V\u0103n Kh\u00e1nh"},"logo":{"@id":"https:\/\/omanivietnam.com\/#\/schema\/person\/image\/"},"sameAs":["https:\/\/omanivietnam.com"]}]}},"_links":{"self":[{"href":"https:\/\/omanivietnam.com\/index.php\/wp-json\/wp\/v2\/product\/1069","targetHints":{"allow":["GET"]}}],"collection":[{"href":"https:\/\/omanivietnam.com\/index.php\/wp-json\/wp\/v2\/product"}],"about":[{"href":"https:\/\/omanivietnam.com\/index.php\/wp-json\/wp\/v2\/types\/product"}],"replies":[{"embeddable":true,"href":"https:\/\/omanivietnam.com\/index.php\/wp-json\/wp\/v2\/comments?post=1069"}],"wp:featuredmedia":[{"embeddable":true,"href":"https:\/\/omanivietnam.com\/index.php\/wp-json\/wp\/v2\/media\/1070"}],"wp:attachment":[{"href":"https:\/\/omanivietnam.com\/index.php\/wp-json\/wp\/v2\/media?parent=1069"}],"wp:term":[{"taxonomy":"product_cat","embeddable":true,"href":"https:\/\/omanivietnam.com\/index.php\/wp-json\/wp\/v2\/product_cat?post=1069"},{"taxonomy":"product_tag","embeddable":true,"href":"https:\/\/omanivietnam.com\/index.php\/wp-json\/wp\/v2\/product_tag?post=1069"}],"curies":[{"name":"wp","href":"https:\/\/api.w.org\/{rel}","templated":true}]}}