{"id":1073,"date":"2024-07-13T05:23:27","date_gmt":"2024-07-12T22:23:27","guid":{"rendered":"https:\/\/omanivietnam.com\/?post_type=product&#038;p=1073"},"modified":"2024-07-13T16:30:25","modified_gmt":"2024-07-13T09:30:25","slug":"allen-bradley-1746-ob16","status":"publish","type":"product","link":"https:\/\/omanivietnam.com\/index.php\/san-pham\/allen-bradley-1746-ob16\/","title":{"rendered":"ALLEN BRADLEY 1746-OB16"},"content":{"rendered":"<p>ALLEN BRADLEY 1746-OB16<\/p>\n<p>M\u00f4 \u0111un t\u00edn hi\u1ec7u output Allen-Bradley\u00a01746-OB16<\/p>\n<p>1.Th\u00f4ng tin s\u1ea3n ph\u1ea9m Allen-Bradley 1746-OB16<\/p>\n<p>T\u00ean: M\u00f4 \u0111un t\u00edn hi\u1ec7u output<\/p>\n<p>Model: 1746-OB16<\/p>\n<p>Th\u00f4ng s\u1ed1: SLC 16 Point DC output Module<\/p>\n<p>H\u00e3ng s\u1ea3n xu\u1ea5t: Allen-Bradley<\/p>\n<p>H\u00e0ng m\u1edbi 100%, th\u1eddi gian b\u1ea3o h\u00e0nh theo ti\u00eau chu\u1ea9n nh\u00e0 s\u1ea3n xu\u1ea5t.<\/p>\n<p>2. C\u00e1c s\u1ea3n ph\u1ea9m Allen-Bradley 1746-OB16<\/p>\n<p>1746-OB16<\/p>\n<p>1746-IB16<\/p>\n<p>1746-IA16<\/p>\n<p>1769-L35CR<\/p>\n<p>1769-L20<\/p>\n<p>1769-L23-QBFC1B<\/p>\n<p>1769-MGA256<\/p>\n<p>1768-L45S<\/p>\n<p>1769-NGA16K<\/p>\n<p>1769-L31<\/p>\n<p>1769-L30<\/p>\n<p>1746-NI8<\/p>\n<p>1746-NI4<\/p>\n<p>1746-NIO4I<\/p>\n<p>1746-NIO4V<\/p>\n<p>1746-NO4<\/p>\n<p>1746-NO4V<\/p>\n<p>1746-IV16<\/p>\n<p>&nbsp;<\/p>\n<p>\u0110\u1ea1i l\u00fd Allen-Bradley vietnam, Allen-Bradley viet nam, Allen-Bradley vietnam distributor, Ph\u00e2n ph\u1ed1i Panasonic t\u1ea1i vi\u1ec7t nam<\/p>\n<p>\u0110\u1ea1i l\u00fd Allen-Bradley vietnam, Allen-Bradley viet nam, Allen-Bradley vietnam distributor, Ph\u00e2n ph\u1ed1i Panasonic t\u1ea1i vi\u1ec7t nam<\/p>\n<p>\u0110\u1ea1i l\u00fd Allen-Bradley vietnam, Allen-Bradley viet nam, Allen-Bradley vietnam distributor, Ph\u00e2n ph\u1ed1i Panasonic t\u1ea1i vi\u1ec7t nam<\/p>\n<p>\u0110\u1ea1i l\u00fd Allen-Bradley vietnam, Allen-Bradley viet nam, Allen-Bradley vietnam distributor, Ph\u00e2n ph\u1ed1i Panasonic t\u1ea1i vi\u1ec7t nam<\/p>\n<p>\u0110\u1ea1i l\u00fd Allen-Bradley vietnam, Allen-Bradley viet nam, Allen-Bradley vietnam distributor, Ph\u00e2n ph\u1ed1i Panasonic t\u1ea1i vi\u1ec7t nam<\/p>\n","protected":false},"excerpt":{"rendered":"<p>ALLEN BRADLEY 1746-OB16 M\u00f4 \u0111un t\u00edn hi\u1ec7u output Allen-Bradley\u00a01746-OB16 1.Th\u00f4ng tin s\u1ea3n ph\u1ea9m Allen-Bradley 1746-OB16 T\u00ean: M\u00f4 \u0111un t\u00edn hi\u1ec7u output Model: 1746-OB16 Th\u00f4ng s\u1ed1: SLC 16 Point DC output Module H\u00e3ng s\u1ea3n xu\u1ea5t: Allen-Bradley H\u00e0ng m\u1edbi 100%, th\u1eddi gian b\u1ea3o h\u00e0nh theo ti\u00eau chu\u1ea9n nh\u00e0 s\u1ea3n xu\u1ea5t. 2. C\u00e1c&hellip; <\/p>\n","protected":false},"featured_media":1074,"comment_status":"open","ping_status":"closed","template":"","meta":[],"product_cat":[295],"product_tag":[178,179,159],"class_list":{"0":"post-1073","1":"product","2":"type-product","3":"status-publish","4":"has-post-thumbnail","6":"product_cat-allen-bradley","7":"product_tag-allen-bradley-viet-nam","8":"product_tag-dai-ly-allen-bradley-viet-nam","9":"product_tag-mo-dun","11":"first","12":"instock","13":"shipping-taxable","14":"product-type-simple"},"yoast_head":"<!-- This site is optimized with the Yoast SEO plugin v22.8 - https:\/\/yoast.com\/wordpress\/plugins\/seo\/ -->\n<title>ALLEN BRADLEY 1746-OB16 - OMANI VI\u1ec6T NAM<\/title>\n<meta name=\"robots\" content=\"index, follow, max-snippet:-1, max-image-preview:large, max-video-preview:-1\" \/>\n<link rel=\"canonical\" href=\"https:\/\/omanivietnam.com\/index.php\/san-pham\/allen-bradley-1746-ob16\/\" \/>\n<meta property=\"og:locale\" content=\"vi_VN\" \/>\n<meta property=\"og:type\" content=\"article\" \/>\n<meta property=\"og:title\" content=\"ALLEN BRADLEY 1746-OB16 - OMANI VI\u1ec6T NAM\" \/>\n<meta property=\"og:description\" content=\"ALLEN BRADLEY 1746-OB16 M\u00f4 \u0111un t\u00edn hi\u1ec7u output Allen-Bradley\u00a01746-OB16 1.Th\u00f4ng tin s\u1ea3n ph\u1ea9m Allen-Bradley 1746-OB16 T\u00ean: M\u00f4 \u0111un t\u00edn hi\u1ec7u output Model: 1746-OB16 Th\u00f4ng s\u1ed1: SLC 16 Point DC output Module H\u00e3ng s\u1ea3n xu\u1ea5t: Allen-Bradley H\u00e0ng m\u1edbi 100%, th\u1eddi gian b\u1ea3o h\u00e0nh theo ti\u00eau chu\u1ea9n nh\u00e0 s\u1ea3n xu\u1ea5t. 2. C\u00e1c&hellip;\" \/>\n<meta property=\"og:url\" content=\"https:\/\/omanivietnam.com\/index.php\/san-pham\/allen-bradley-1746-ob16\/\" \/>\n<meta property=\"og:site_name\" content=\"OMANI VI\u1ec6T NAM\" \/>\n<meta property=\"article:modified_time\" content=\"2024-07-13T09:30:25+00:00\" \/>\n<meta property=\"og:image\" content=\"https:\/\/omanivietnam.com\/wp-content\/uploads\/2024\/07\/1746-OB16.png\" \/>\n\t<meta property=\"og:image:width\" content=\"566\" \/>\n\t<meta property=\"og:image:height\" content=\"564\" \/>\n\t<meta property=\"og:image:type\" content=\"image\/png\" \/>\n<meta name=\"twitter:card\" content=\"summary_large_image\" \/>\n<meta name=\"twitter:label1\" content=\"\u01af\u1edbc t\u00ednh th\u1eddi gian \u0111\u1ecdc\" \/>\n\t<meta name=\"twitter:data1\" content=\"2 ph\u00fat\" \/>\n<script type=\"application\/ld+json\" class=\"yoast-schema-graph\">{\"@context\":\"https:\/\/schema.org\",\"@graph\":[{\"@type\":\"WebPage\",\"@id\":\"https:\/\/omanivietnam.com\/index.php\/san-pham\/allen-bradley-1746-ob16\/\",\"url\":\"https:\/\/omanivietnam.com\/index.php\/san-pham\/allen-bradley-1746-ob16\/\",\"name\":\"ALLEN BRADLEY 1746-OB16 - OMANI VI\u1ec6T NAM\",\"isPartOf\":{\"@id\":\"https:\/\/omanivietnam.com\/#website\"},\"primaryImageOfPage\":{\"@id\":\"https:\/\/omanivietnam.com\/index.php\/san-pham\/allen-bradley-1746-ob16\/#primaryimage\"},\"image\":{\"@id\":\"https:\/\/omanivietnam.com\/index.php\/san-pham\/allen-bradley-1746-ob16\/#primaryimage\"},\"thumbnailUrl\":\"https:\/\/omanivietnam.com\/wp-content\/uploads\/2024\/07\/1746-OB16.png\",\"datePublished\":\"2024-07-12T22:23:27+00:00\",\"dateModified\":\"2024-07-13T09:30:25+00:00\",\"breadcrumb\":{\"@id\":\"https:\/\/omanivietnam.com\/index.php\/san-pham\/allen-bradley-1746-ob16\/#breadcrumb\"},\"inLanguage\":\"vi\",\"potentialAction\":[{\"@type\":\"ReadAction\",\"target\":[\"https:\/\/omanivietnam.com\/index.php\/san-pham\/allen-bradley-1746-ob16\/\"]}]},{\"@type\":\"ImageObject\",\"inLanguage\":\"vi\",\"@id\":\"https:\/\/omanivietnam.com\/index.php\/san-pham\/allen-bradley-1746-ob16\/#primaryimage\",\"url\":\"https:\/\/omanivietnam.com\/wp-content\/uploads\/2024\/07\/1746-OB16.png\",\"contentUrl\":\"https:\/\/omanivietnam.com\/wp-content\/uploads\/2024\/07\/1746-OB16.png\",\"width\":566,\"height\":564},{\"@type\":\"BreadcrumbList\",\"@id\":\"https:\/\/omanivietnam.com\/index.php\/san-pham\/allen-bradley-1746-ob16\/#breadcrumb\",\"itemListElement\":[{\"@type\":\"ListItem\",\"position\":1,\"name\":\"Home\",\"item\":\"https:\/\/omanivietnam.com\/\"},{\"@type\":\"ListItem\",\"position\":2,\"name\":\"S\u1ea2N PH\u1ea8M\",\"item\":\"https:\/\/omanivietnam.com\/index.php\/cua-hang\/\"},{\"@type\":\"ListItem\",\"position\":3,\"name\":\"ALLEN BRADLEY 1746-OB16\"}]},{\"@type\":\"WebSite\",\"@id\":\"https:\/\/omanivietnam.com\/#website\",\"url\":\"https:\/\/omanivietnam.com\/\",\"name\":\"OMANI VI\u1ec6T NAM\",\"description\":\"Nh\u00e0 ph\u00e2n ph\u1ed1i thi\u1ebft b\u1ecb kh\u00ed n\u00e9n v\u00e0 thi\u1ebft b\u1ecb t\u1ef1 \u0111\u1ed9ng h\u00f3a trong c\u00f4ng nghi\u1ec7p\",\"publisher\":{\"@id\":\"https:\/\/omanivietnam.com\/#\/schema\/person\/0ad398a980dc3fd696111c2c5c8fa897\"},\"potentialAction\":[{\"@type\":\"SearchAction\",\"target\":{\"@type\":\"EntryPoint\",\"urlTemplate\":\"https:\/\/omanivietnam.com\/?s={search_term_string}\"},\"query-input\":\"required name=search_term_string\"}],\"inLanguage\":\"vi\"},{\"@type\":[\"Person\",\"Organization\"],\"@id\":\"https:\/\/omanivietnam.com\/#\/schema\/person\/0ad398a980dc3fd696111c2c5c8fa897\",\"name\":\"Nguy\u1ec5n V\u0103n Kh\u00e1nh\",\"image\":{\"@type\":\"ImageObject\",\"inLanguage\":\"vi\",\"@id\":\"https:\/\/omanivietnam.com\/#\/schema\/person\/image\/\",\"url\":\"https:\/\/omanivietnam.com\/wp-content\/uploads\/2024\/06\/logo-1024x1024.png\",\"contentUrl\":\"https:\/\/omanivietnam.com\/wp-content\/uploads\/2024\/06\/logo-1024x1024.png\",\"width\":1024,\"height\":1024,\"caption\":\"Nguy\u1ec5n V\u0103n Kh\u00e1nh\"},\"logo\":{\"@id\":\"https:\/\/omanivietnam.com\/#\/schema\/person\/image\/\"},\"sameAs\":[\"https:\/\/omanivietnam.com\"]}]}<\/script>\n<!-- \/ Yoast SEO plugin. -->","yoast_head_json":{"title":"ALLEN BRADLEY 1746-OB16 - OMANI VI\u1ec6T NAM","robots":{"index":"index","follow":"follow","max-snippet":"max-snippet:-1","max-image-preview":"max-image-preview:large","max-video-preview":"max-video-preview:-1"},"canonical":"https:\/\/omanivietnam.com\/index.php\/san-pham\/allen-bradley-1746-ob16\/","og_locale":"vi_VN","og_type":"article","og_title":"ALLEN BRADLEY 1746-OB16 - OMANI VI\u1ec6T NAM","og_description":"ALLEN BRADLEY 1746-OB16 M\u00f4 \u0111un t\u00edn hi\u1ec7u output Allen-Bradley\u00a01746-OB16 1.Th\u00f4ng tin s\u1ea3n ph\u1ea9m Allen-Bradley 1746-OB16 T\u00ean: M\u00f4 \u0111un t\u00edn hi\u1ec7u output Model: 1746-OB16 Th\u00f4ng s\u1ed1: SLC 16 Point DC output Module H\u00e3ng s\u1ea3n xu\u1ea5t: Allen-Bradley H\u00e0ng m\u1edbi 100%, th\u1eddi gian b\u1ea3o h\u00e0nh theo ti\u00eau chu\u1ea9n nh\u00e0 s\u1ea3n xu\u1ea5t. 2. C\u00e1c&hellip;","og_url":"https:\/\/omanivietnam.com\/index.php\/san-pham\/allen-bradley-1746-ob16\/","og_site_name":"OMANI VI\u1ec6T NAM","article_modified_time":"2024-07-13T09:30:25+00:00","og_image":[{"width":566,"height":564,"url":"https:\/\/omanivietnam.com\/wp-content\/uploads\/2024\/07\/1746-OB16.png","type":"image\/png"}],"twitter_card":"summary_large_image","twitter_misc":{"\u01af\u1edbc t\u00ednh th\u1eddi gian \u0111\u1ecdc":"2 ph\u00fat"},"schema":{"@context":"https:\/\/schema.org","@graph":[{"@type":"WebPage","@id":"https:\/\/omanivietnam.com\/index.php\/san-pham\/allen-bradley-1746-ob16\/","url":"https:\/\/omanivietnam.com\/index.php\/san-pham\/allen-bradley-1746-ob16\/","name":"ALLEN BRADLEY 1746-OB16 - OMANI VI\u1ec6T NAM","isPartOf":{"@id":"https:\/\/omanivietnam.com\/#website"},"primaryImageOfPage":{"@id":"https:\/\/omanivietnam.com\/index.php\/san-pham\/allen-bradley-1746-ob16\/#primaryimage"},"image":{"@id":"https:\/\/omanivietnam.com\/index.php\/san-pham\/allen-bradley-1746-ob16\/#primaryimage"},"thumbnailUrl":"https:\/\/omanivietnam.com\/wp-content\/uploads\/2024\/07\/1746-OB16.png","datePublished":"2024-07-12T22:23:27+00:00","dateModified":"2024-07-13T09:30:25+00:00","breadcrumb":{"@id":"https:\/\/omanivietnam.com\/index.php\/san-pham\/allen-bradley-1746-ob16\/#breadcrumb"},"inLanguage":"vi","potentialAction":[{"@type":"ReadAction","target":["https:\/\/omanivietnam.com\/index.php\/san-pham\/allen-bradley-1746-ob16\/"]}]},{"@type":"ImageObject","inLanguage":"vi","@id":"https:\/\/omanivietnam.com\/index.php\/san-pham\/allen-bradley-1746-ob16\/#primaryimage","url":"https:\/\/omanivietnam.com\/wp-content\/uploads\/2024\/07\/1746-OB16.png","contentUrl":"https:\/\/omanivietnam.com\/wp-content\/uploads\/2024\/07\/1746-OB16.png","width":566,"height":564},{"@type":"BreadcrumbList","@id":"https:\/\/omanivietnam.com\/index.php\/san-pham\/allen-bradley-1746-ob16\/#breadcrumb","itemListElement":[{"@type":"ListItem","position":1,"name":"Home","item":"https:\/\/omanivietnam.com\/"},{"@type":"ListItem","position":2,"name":"S\u1ea2N PH\u1ea8M","item":"https:\/\/omanivietnam.com\/index.php\/cua-hang\/"},{"@type":"ListItem","position":3,"name":"ALLEN BRADLEY 1746-OB16"}]},{"@type":"WebSite","@id":"https:\/\/omanivietnam.com\/#website","url":"https:\/\/omanivietnam.com\/","name":"OMANI VI\u1ec6T NAM","description":"Nh\u00e0 ph\u00e2n ph\u1ed1i thi\u1ebft b\u1ecb kh\u00ed n\u00e9n v\u00e0 thi\u1ebft b\u1ecb t\u1ef1 \u0111\u1ed9ng h\u00f3a trong c\u00f4ng nghi\u1ec7p","publisher":{"@id":"https:\/\/omanivietnam.com\/#\/schema\/person\/0ad398a980dc3fd696111c2c5c8fa897"},"potentialAction":[{"@type":"SearchAction","target":{"@type":"EntryPoint","urlTemplate":"https:\/\/omanivietnam.com\/?s={search_term_string}"},"query-input":"required name=search_term_string"}],"inLanguage":"vi"},{"@type":["Person","Organization"],"@id":"https:\/\/omanivietnam.com\/#\/schema\/person\/0ad398a980dc3fd696111c2c5c8fa897","name":"Nguy\u1ec5n V\u0103n Kh\u00e1nh","image":{"@type":"ImageObject","inLanguage":"vi","@id":"https:\/\/omanivietnam.com\/#\/schema\/person\/image\/","url":"https:\/\/omanivietnam.com\/wp-content\/uploads\/2024\/06\/logo-1024x1024.png","contentUrl":"https:\/\/omanivietnam.com\/wp-content\/uploads\/2024\/06\/logo-1024x1024.png","width":1024,"height":1024,"caption":"Nguy\u1ec5n V\u0103n Kh\u00e1nh"},"logo":{"@id":"https:\/\/omanivietnam.com\/#\/schema\/person\/image\/"},"sameAs":["https:\/\/omanivietnam.com"]}]}},"_links":{"self":[{"href":"https:\/\/omanivietnam.com\/index.php\/wp-json\/wp\/v2\/product\/1073","targetHints":{"allow":["GET"]}}],"collection":[{"href":"https:\/\/omanivietnam.com\/index.php\/wp-json\/wp\/v2\/product"}],"about":[{"href":"https:\/\/omanivietnam.com\/index.php\/wp-json\/wp\/v2\/types\/product"}],"replies":[{"embeddable":true,"href":"https:\/\/omanivietnam.com\/index.php\/wp-json\/wp\/v2\/comments?post=1073"}],"wp:featuredmedia":[{"embeddable":true,"href":"https:\/\/omanivietnam.com\/index.php\/wp-json\/wp\/v2\/media\/1074"}],"wp:attachment":[{"href":"https:\/\/omanivietnam.com\/index.php\/wp-json\/wp\/v2\/media?parent=1073"}],"wp:term":[{"taxonomy":"product_cat","embeddable":true,"href":"https:\/\/omanivietnam.com\/index.php\/wp-json\/wp\/v2\/product_cat?post=1073"},{"taxonomy":"product_tag","embeddable":true,"href":"https:\/\/omanivietnam.com\/index.php\/wp-json\/wp\/v2\/product_tag?post=1073"}],"curies":[{"name":"wp","href":"https:\/\/api.w.org\/{rel}","templated":true}]}}