{"id":1135,"date":"2024-07-14T21:49:40","date_gmt":"2024-07-14T14:49:40","guid":{"rendered":"https:\/\/omanivietnam.com\/?post_type=product&#038;p=1135"},"modified":"2024-07-15T15:59:44","modified_gmt":"2024-07-15T08:59:44","slug":"sick-wl100l-f2131-6030709","status":"publish","type":"product","link":"https:\/\/omanivietnam.com\/index.php\/san-pham\/sick-wl100l-f2131-6030709\/","title":{"rendered":"SICK WL100L-F2131 6030709"},"content":{"rendered":"<p>SICK WL100L-F2131 6030709<\/p>\n<div class=\"productSummaryBoxTitle\">\n<p>Product Summary<\/p>\n<\/div>\n<div class=\"productSummaryBox\">\n<div class=\"short-description\">Photoelectric reflex switch WL100L-F2131 Laser redlight, PNP, M8-3pin, incl. mounting bracket and reflector<\/div>\n<div class=\"manufacturers\"><span class=\"label\">Manufacturer:<\/span> SICK<\/div>\n<div class=\"additional-details\">\n<div class=\"manufacturer-part-number\"><span class=\"label\">Manufacturer part number:<\/span>\u00a0<span id=\"mpn-52366\" class=\"value\">6030709<\/span><\/div>\n<div class=\"sku\"><span class=\"label\">SKU:<\/span>\u00a0<span id=\"sku-52366\" class=\"value\">89040<\/span><\/div>\n<\/div>\n<div class=\"weight\"><span class=\"label\">Weight(kg):<\/span>\u00a0<span id=\"weight-52366\" class=\"value\">0.0609<\/span><\/div>\n<\/div>\n<div>\n<ul>\n<li style=\"list-style-type: none\">\n<ul>\n<li>Standard miniature housing with M3 threaded mounting holes<\/li>\n<li>Laser emitter LED, class 1<\/li>\n<li>Standard optics<\/li>\n<li>Light\/dark switching via rotary switch<\/li>\n<li>Switching frequency of 2000 Hz<\/li>\n<li>Polarizing filter used<\/li>\n<\/ul>\n<\/li>\n<\/ul>\n<p>Your benefits<\/p>\n<ul>\n<li>Laser light spot combined with 2 kHz switching frequency ensures reliable detection of small objects, even at fast detection speeds<\/li>\n<li>Less contamination due to high optical operating reserve<\/li>\n<li>M3 threaded mounting holes provide easy installation<\/li>\n<li>Polarization filter and consequently reliable detection of objects with shiny surfaces and prevents false switching<\/li>\n<\/ul>\n<div class=\"product-essential\">\n<div class=\"full-description\">\n<p>Features<\/p>\n<table class=\"technicalinfo\">\n<tbody>\n<tr>\n<td class=\"label\">Sensor\/detection principle:<\/td>\n<td>Photoelectric retro-reflective sensor, Standard optics<\/td>\n<\/tr>\n<tr>\n<td class=\"label\">Dimensions (W x H x D):<\/td>\n<td>11 mm x 31 mm x 20 mm<\/td>\n<\/tr>\n<tr>\n<td class=\"label\">Housing design (light emission):<\/td>\n<td>Rectangular, Slim<\/td>\n<\/tr>\n<tr>\n<td class=\"label\">Sensing range max.:<\/td>\n<td>0.08 m &#8230; 12 m\u00a0<sup>1)<\/sup><\/td>\n<\/tr>\n<tr>\n<td class=\"label\">Sensing range:<\/td>\n<td>0.08 m &#8230; 10 m\u00a0<sup>2)<\/sup><\/td>\n<\/tr>\n<tr>\n<td class=\"label\">Type of light:<\/td>\n<td>Visible red light<\/td>\n<\/tr>\n<tr>\n<td class=\"label\">Light source:<\/td>\n<td>Laser\u00a0<sup>3)<\/sup><\/td>\n<\/tr>\n<tr>\n<td class=\"label\">Laser class:<\/td>\n<td>1<\/td>\n<\/tr>\n<tr>\n<td class=\"label\">Wave length:<\/td>\n<td>650 nm<\/td>\n<\/tr>\n<tr>\n<td class=\"label\">Light spot diameter (distance):<\/td>\n<td>\u00d8 12 mm (10 m)<\/td>\n<\/tr>\n<tr>\n<td class=\"label\">Sensitivity adjustment:<\/td>\n<td>Potentiometer, 270\u00b0<\/td>\n<\/tr>\n<tr>\n<td class=\"label\">Focus adjustable:<\/td>\n<td>&#8211;<\/td>\n<\/tr>\n<tr>\n<td class=\"footnote\" colspan=\"2\"><sup>1)<\/sup>\u00a0<sup>2)<\/sup>\u00a0P250F\u00a0\u00a0<sup>3)<\/sup>\u00a0Average service life 50,000 h at T<sub>A<\/sub>\u00a0= +25 \u00b0C<\/td>\n<\/tr>\n<tr>\n<td class=\"labelgroup\" colspan=\"2\">Mechanics\/electronics<\/td>\n<\/tr>\n<tr>\n<td class=\"label\">Supply voltage:<\/td>\n<td>10 V DC &#8230; 30 V DC\u00a0<sup>1)<\/sup><\/td>\n<\/tr>\n<tr>\n<td class=\"label\">Ripple:<\/td>\n<td>\u00b1 10 %\u00a0<sup>2)<\/sup><\/td>\n<\/tr>\n<tr>\n<td class=\"label\">Power consumption:<\/td>\n<td>\u2264 30 mA\u00a0<sup>3)<\/sup><\/td>\n<\/tr>\n<tr>\n<td class=\"label\">Switching output:<\/td>\n<td>PNP, Light\/dark-switching, manually selectable, open collector<\/td>\n<\/tr>\n<tr>\n<td class=\"label\">Signal voltage PNP HIGH \/ LOW:<\/td>\n<td>UV &#8211; 1,8 V \/ ca. 0 V<\/td>\n<\/tr>\n<tr>\n<td class=\"label\">Output current Imax.:<\/td>\n<td>100<\/td>\n<\/tr>\n<tr>\n<td class=\"label\">Response time:<\/td>\n<td>&lt; 0.25 ms\u00a0<sup>4)<\/sup><\/td>\n<\/tr>\n<tr>\n<td class=\"label\">Switching frequency:<\/td>\n<td>2,000\u00a0<sup>5)<\/sup><\/td>\n<\/tr>\n<tr>\n<td class=\"label\">Connection type:<\/td>\n<td>Connector M8, 3-pin<\/td>\n<\/tr>\n<tr>\n<td class=\"label\">Circuit protection:<\/td>\n<td>A, B, D\u00a0<sup>6)<\/sup>\u00a0<sup>7)<\/sup>\u00a0<sup>8)<\/sup><\/td>\n<\/tr>\n<tr>\n<td class=\"label\">Weight:<\/td>\n<td>10 g<\/td>\n<\/tr>\n<tr>\n<td class=\"label\">Polarisation filter:<\/td>\n<td><img decoding=\"async\" src=\"https:\/\/eu.vision-supplies.com\/images\/hook2.gif\" alt=\"\" \/><\/td>\n<\/tr>\n<tr>\n<td class=\"label\">Housing material:<\/td>\n<td>ABS\/PC\/POM<\/td>\n<\/tr>\n<tr>\n<td class=\"label\">Optics material:<\/td>\n<td>PMMA<\/td>\n<\/tr>\n<tr>\n<td class=\"label\">Enclosure rating:<\/td>\n<td>IP 65<\/td>\n<\/tr>\n<tr>\n<td class=\"label\">Items supplied:<\/td>\n<td>Stainless steel mounting bracket (1.4301\/304) BEF-W100-A, Reflector P250F<\/td>\n<\/tr>\n<tr>\n<td class=\"label\">Ambient operating temperature:<\/td>\n<td>-10 \u00b0C &#8230; 50 \u00b0C<\/td>\n<\/tr>\n<tr>\n<td class=\"label\">Ambient storage temperature:<\/td>\n<td>-40 \u00b0C &#8230; 70 \u00b0C<\/td>\n<\/tr>\n<tr>\n<td class=\"label\">UL File-No.:<\/td>\n<td>CDRH-conform<\/td>\n<\/tr>\n<tr>\n<td class=\"footnote\" colspan=\"2\"><sup>1)<\/sup>\u00a0Limit values, operation in short-circuit protected network max. 8 A\u00a0\u00a0<sup>2)<\/sup>\u00a0May not exceed or fall short of V<sub>S<\/sub>\u00a0tolerances\u00a0\u00a0<sup>3)<\/sup>\u00a0Without load\u00a0\u00a0<sup>4)<\/sup>\u00a0Signal transit time with resistive load\u00a0\u00a0<sup>5)<\/sup>\u00a0With light\/dark ratio 1:1\u00a0\u00a0<sup>6)<\/sup>\u00a0A = V<sub>S<\/sub>\u00a0connections reverse-polarity protected\u00a0\u00a0<sup>7)<\/sup>\u00a0B = inputs and output reverse-polarity protected\u00a0\u00a0<sup>8)<\/sup>\u00a0D = outputs overcurrent and short-circuit protected<\/td>\n<\/tr>\n<\/tbody>\n<\/table>\n<\/div>\n<\/div>\n<div class=\"product-collateral\">\n<div class=\"product-specs-box\">\n<div class=\"title\"><strong>Products specifications<\/strong><\/div>\n<div class=\"table-wrapper\">\n<table class=\"data-table\">\n<colgroup>\n<col width=\"25%\" \/>\n<col \/><\/colgroup>\n<tbody>\n<tr class=\"odd\">\n<td class=\"spec-name\">Sensor Shape<\/td>\n<td class=\"spec-value\">Box<\/td>\n<\/tr>\n<tr class=\"even\">\n<td class=\"spec-name\">Sensor Size<\/td>\n<td class=\"spec-value\">Miniature<\/td>\n<\/tr>\n<tr class=\"odd\">\n<td class=\"spec-name\">Manufacturer category<\/td>\n<td class=\"spec-value\">Sick W100L<\/td>\n<\/tr>\n<tr class=\"even\">\n<td class=\"spec-name\">Manufacturer<\/td>\n<td class=\"spec-value\">Sick<\/td>\n<\/tr>\n<\/tbody>\n<\/table>\n<\/div>\n<\/div>\n<\/div>\n<div class=\"related-products-grid product-grid\">\n<div class=\"title\"><\/div>\n<div>\n<p>\u0110\u1ea1i l\u00fd SICK vietnam, SICK viet nam, SICK vietnam distributor, Ph\u00e2n ph\u1ed1i SICK t\u1ea1i vi\u1ec7t nam<\/p>\n<p>\u0110\u1ea1i l\u00fd SICK vietnam, SICK viet nam, SICK vietnam distributor, Ph\u00e2n ph\u1ed1i SICK t\u1ea1i vi\u1ec7t nam<\/p>\n<p>\u0110\u1ea1i l\u00fd SICK vietnam, SICK viet nam, SICK vietnam distributor, Ph\u00e2n ph\u1ed1i SICK t\u1ea1i vi\u1ec7t nam<\/p>\n<p>\u0110\u1ea1i l\u00fd SICK vietnam, SICK viet nam, SICK vietnam distributor, Ph\u00e2n ph\u1ed1i SICK t\u1ea1i vi\u1ec7t nam<\/p>\n<p>\u0110\u1ea1i l\u00fd SICK vietnam, SICK viet nam, SICK vietnam distributor, Ph\u00e2n ph\u1ed1i SICK t\u1ea1i vi\u1ec7t nam<\/p>\n<\/div>\n<\/div>\n<\/div>\n<div><\/div>\n","protected":false},"excerpt":{"rendered":"<p>SICK WL100L-F2131 6030709 Product Summary Photoelectric reflex switch WL100L-F2131 Laser redlight, PNP, M8-3pin, incl. mounting bracket and reflector Manufacturer: SICK Manufacturer part number:\u00a06030709 SKU:\u00a089040 Weight(kg):\u00a00.0609 Standard miniature housing with M3 threaded mounting holes Laser emitter LED, class 1 Standard optics Light\/dark switching via rotary switch Switching frequency of 2000 Hz&hellip; <\/p>\n","protected":false},"featured_media":1140,"comment_status":"open","ping_status":"closed","template":"","meta":[],"product_cat":[297],"product_tag":[88,89,90],"class_list":{"0":"post-1135","1":"product","2":"type-product","3":"status-publish","4":"has-post-thumbnail","6":"product_cat-sick","7":"product_tag-cam-bien","8":"product_tag-dai-ly-sick-viet-nam","9":"product_tag-sick-viet-nam","11":"first","12":"instock","13":"shipping-taxable","14":"product-type-simple"},"yoast_head":"<!-- This site is optimized with the Yoast SEO plugin v22.8 - https:\/\/yoast.com\/wordpress\/plugins\/seo\/ -->\n<title>SICK WL100L-F2131 6030709 - OMANI VI\u1ec6T NAM<\/title>\n<meta name=\"robots\" content=\"index, follow, max-snippet:-1, max-image-preview:large, max-video-preview:-1\" \/>\n<link rel=\"canonical\" href=\"https:\/\/omanivietnam.com\/index.php\/san-pham\/sick-wl100l-f2131-6030709\/\" \/>\n<meta property=\"og:locale\" content=\"vi_VN\" \/>\n<meta property=\"og:type\" content=\"article\" \/>\n<meta property=\"og:title\" content=\"SICK WL100L-F2131 6030709 - OMANI VI\u1ec6T NAM\" \/>\n<meta property=\"og:description\" content=\"SICK WL100L-F2131 6030709 Product Summary Photoelectric reflex switch WL100L-F2131 Laser redlight, PNP, M8-3pin, incl. mounting bracket and reflector Manufacturer: SICK Manufacturer part number:\u00a06030709 SKU:\u00a089040 Weight(kg):\u00a00.0609 Standard miniature housing with M3 threaded mounting holes Laser emitter LED, class 1 Standard optics Light\/dark switching via rotary switch Switching frequency of 2000 Hz&hellip;\" \/>\n<meta property=\"og:url\" content=\"https:\/\/omanivietnam.com\/index.php\/san-pham\/sick-wl100l-f2131-6030709\/\" \/>\n<meta property=\"og:site_name\" content=\"OMANI VI\u1ec6T NAM\" \/>\n<meta property=\"article:modified_time\" content=\"2024-07-15T08:59:44+00:00\" \/>\n<meta property=\"og:image\" content=\"https:\/\/omanivietnam.com\/wp-content\/uploads\/2024\/07\/WL100L-F2131-1.png\" \/>\n\t<meta property=\"og:image:width\" content=\"635\" \/>\n\t<meta property=\"og:image:height\" content=\"453\" \/>\n\t<meta property=\"og:image:type\" content=\"image\/png\" \/>\n<meta name=\"twitter:card\" content=\"summary_large_image\" \/>\n<meta name=\"twitter:label1\" content=\"\u01af\u1edbc t\u00ednh th\u1eddi gian \u0111\u1ecdc\" \/>\n\t<meta name=\"twitter:data1\" content=\"3 ph\u00fat\" \/>\n<script type=\"application\/ld+json\" class=\"yoast-schema-graph\">{\"@context\":\"https:\/\/schema.org\",\"@graph\":[{\"@type\":\"WebPage\",\"@id\":\"https:\/\/omanivietnam.com\/index.php\/san-pham\/sick-wl100l-f2131-6030709\/\",\"url\":\"https:\/\/omanivietnam.com\/index.php\/san-pham\/sick-wl100l-f2131-6030709\/\",\"name\":\"SICK WL100L-F2131 6030709 - OMANI VI\u1ec6T NAM\",\"isPartOf\":{\"@id\":\"https:\/\/omanivietnam.com\/#website\"},\"primaryImageOfPage\":{\"@id\":\"https:\/\/omanivietnam.com\/index.php\/san-pham\/sick-wl100l-f2131-6030709\/#primaryimage\"},\"image\":{\"@id\":\"https:\/\/omanivietnam.com\/index.php\/san-pham\/sick-wl100l-f2131-6030709\/#primaryimage\"},\"thumbnailUrl\":\"https:\/\/omanivietnam.com\/wp-content\/uploads\/2024\/07\/WL100L-F2131-1.png\",\"datePublished\":\"2024-07-14T14:49:40+00:00\",\"dateModified\":\"2024-07-15T08:59:44+00:00\",\"breadcrumb\":{\"@id\":\"https:\/\/omanivietnam.com\/index.php\/san-pham\/sick-wl100l-f2131-6030709\/#breadcrumb\"},\"inLanguage\":\"vi\",\"potentialAction\":[{\"@type\":\"ReadAction\",\"target\":[\"https:\/\/omanivietnam.com\/index.php\/san-pham\/sick-wl100l-f2131-6030709\/\"]}]},{\"@type\":\"ImageObject\",\"inLanguage\":\"vi\",\"@id\":\"https:\/\/omanivietnam.com\/index.php\/san-pham\/sick-wl100l-f2131-6030709\/#primaryimage\",\"url\":\"https:\/\/omanivietnam.com\/wp-content\/uploads\/2024\/07\/WL100L-F2131-1.png\",\"contentUrl\":\"https:\/\/omanivietnam.com\/wp-content\/uploads\/2024\/07\/WL100L-F2131-1.png\",\"width\":635,\"height\":453},{\"@type\":\"BreadcrumbList\",\"@id\":\"https:\/\/omanivietnam.com\/index.php\/san-pham\/sick-wl100l-f2131-6030709\/#breadcrumb\",\"itemListElement\":[{\"@type\":\"ListItem\",\"position\":1,\"name\":\"Home\",\"item\":\"https:\/\/omanivietnam.com\/\"},{\"@type\":\"ListItem\",\"position\":2,\"name\":\"S\u1ea2N PH\u1ea8M\",\"item\":\"https:\/\/omanivietnam.com\/index.php\/cua-hang\/\"},{\"@type\":\"ListItem\",\"position\":3,\"name\":\"SICK WL100L-F2131 6030709\"}]},{\"@type\":\"WebSite\",\"@id\":\"https:\/\/omanivietnam.com\/#website\",\"url\":\"https:\/\/omanivietnam.com\/\",\"name\":\"OMANI VI\u1ec6T NAM\",\"description\":\"Nh\u00e0 ph\u00e2n ph\u1ed1i thi\u1ebft b\u1ecb kh\u00ed n\u00e9n v\u00e0 thi\u1ebft b\u1ecb t\u1ef1 \u0111\u1ed9ng h\u00f3a trong c\u00f4ng nghi\u1ec7p\",\"publisher\":{\"@id\":\"https:\/\/omanivietnam.com\/#\/schema\/person\/0ad398a980dc3fd696111c2c5c8fa897\"},\"potentialAction\":[{\"@type\":\"SearchAction\",\"target\":{\"@type\":\"EntryPoint\",\"urlTemplate\":\"https:\/\/omanivietnam.com\/?s={search_term_string}\"},\"query-input\":\"required name=search_term_string\"}],\"inLanguage\":\"vi\"},{\"@type\":[\"Person\",\"Organization\"],\"@id\":\"https:\/\/omanivietnam.com\/#\/schema\/person\/0ad398a980dc3fd696111c2c5c8fa897\",\"name\":\"Nguy\u1ec5n V\u0103n Kh\u00e1nh\",\"image\":{\"@type\":\"ImageObject\",\"inLanguage\":\"vi\",\"@id\":\"https:\/\/omanivietnam.com\/#\/schema\/person\/image\/\",\"url\":\"https:\/\/omanivietnam.com\/wp-content\/uploads\/2024\/06\/logo-1024x1024.png\",\"contentUrl\":\"https:\/\/omanivietnam.com\/wp-content\/uploads\/2024\/06\/logo-1024x1024.png\",\"width\":1024,\"height\":1024,\"caption\":\"Nguy\u1ec5n V\u0103n Kh\u00e1nh\"},\"logo\":{\"@id\":\"https:\/\/omanivietnam.com\/#\/schema\/person\/image\/\"},\"sameAs\":[\"https:\/\/omanivietnam.com\"]}]}<\/script>\n<!-- \/ Yoast SEO plugin. -->","yoast_head_json":{"title":"SICK WL100L-F2131 6030709 - OMANI VI\u1ec6T NAM","robots":{"index":"index","follow":"follow","max-snippet":"max-snippet:-1","max-image-preview":"max-image-preview:large","max-video-preview":"max-video-preview:-1"},"canonical":"https:\/\/omanivietnam.com\/index.php\/san-pham\/sick-wl100l-f2131-6030709\/","og_locale":"vi_VN","og_type":"article","og_title":"SICK WL100L-F2131 6030709 - OMANI VI\u1ec6T NAM","og_description":"SICK WL100L-F2131 6030709 Product Summary Photoelectric reflex switch WL100L-F2131 Laser redlight, PNP, M8-3pin, incl. mounting bracket and reflector Manufacturer: SICK Manufacturer part number:\u00a06030709 SKU:\u00a089040 Weight(kg):\u00a00.0609 Standard miniature housing with M3 threaded mounting holes Laser emitter LED, class 1 Standard optics Light\/dark switching via rotary switch Switching frequency of 2000 Hz&hellip;","og_url":"https:\/\/omanivietnam.com\/index.php\/san-pham\/sick-wl100l-f2131-6030709\/","og_site_name":"OMANI VI\u1ec6T NAM","article_modified_time":"2024-07-15T08:59:44+00:00","og_image":[{"width":635,"height":453,"url":"https:\/\/omanivietnam.com\/wp-content\/uploads\/2024\/07\/WL100L-F2131-1.png","type":"image\/png"}],"twitter_card":"summary_large_image","twitter_misc":{"\u01af\u1edbc t\u00ednh th\u1eddi gian \u0111\u1ecdc":"3 ph\u00fat"},"schema":{"@context":"https:\/\/schema.org","@graph":[{"@type":"WebPage","@id":"https:\/\/omanivietnam.com\/index.php\/san-pham\/sick-wl100l-f2131-6030709\/","url":"https:\/\/omanivietnam.com\/index.php\/san-pham\/sick-wl100l-f2131-6030709\/","name":"SICK WL100L-F2131 6030709 - OMANI VI\u1ec6T NAM","isPartOf":{"@id":"https:\/\/omanivietnam.com\/#website"},"primaryImageOfPage":{"@id":"https:\/\/omanivietnam.com\/index.php\/san-pham\/sick-wl100l-f2131-6030709\/#primaryimage"},"image":{"@id":"https:\/\/omanivietnam.com\/index.php\/san-pham\/sick-wl100l-f2131-6030709\/#primaryimage"},"thumbnailUrl":"https:\/\/omanivietnam.com\/wp-content\/uploads\/2024\/07\/WL100L-F2131-1.png","datePublished":"2024-07-14T14:49:40+00:00","dateModified":"2024-07-15T08:59:44+00:00","breadcrumb":{"@id":"https:\/\/omanivietnam.com\/index.php\/san-pham\/sick-wl100l-f2131-6030709\/#breadcrumb"},"inLanguage":"vi","potentialAction":[{"@type":"ReadAction","target":["https:\/\/omanivietnam.com\/index.php\/san-pham\/sick-wl100l-f2131-6030709\/"]}]},{"@type":"ImageObject","inLanguage":"vi","@id":"https:\/\/omanivietnam.com\/index.php\/san-pham\/sick-wl100l-f2131-6030709\/#primaryimage","url":"https:\/\/omanivietnam.com\/wp-content\/uploads\/2024\/07\/WL100L-F2131-1.png","contentUrl":"https:\/\/omanivietnam.com\/wp-content\/uploads\/2024\/07\/WL100L-F2131-1.png","width":635,"height":453},{"@type":"BreadcrumbList","@id":"https:\/\/omanivietnam.com\/index.php\/san-pham\/sick-wl100l-f2131-6030709\/#breadcrumb","itemListElement":[{"@type":"ListItem","position":1,"name":"Home","item":"https:\/\/omanivietnam.com\/"},{"@type":"ListItem","position":2,"name":"S\u1ea2N PH\u1ea8M","item":"https:\/\/omanivietnam.com\/index.php\/cua-hang\/"},{"@type":"ListItem","position":3,"name":"SICK WL100L-F2131 6030709"}]},{"@type":"WebSite","@id":"https:\/\/omanivietnam.com\/#website","url":"https:\/\/omanivietnam.com\/","name":"OMANI VI\u1ec6T NAM","description":"Nh\u00e0 ph\u00e2n ph\u1ed1i thi\u1ebft b\u1ecb kh\u00ed n\u00e9n v\u00e0 thi\u1ebft b\u1ecb t\u1ef1 \u0111\u1ed9ng h\u00f3a trong c\u00f4ng nghi\u1ec7p","publisher":{"@id":"https:\/\/omanivietnam.com\/#\/schema\/person\/0ad398a980dc3fd696111c2c5c8fa897"},"potentialAction":[{"@type":"SearchAction","target":{"@type":"EntryPoint","urlTemplate":"https:\/\/omanivietnam.com\/?s={search_term_string}"},"query-input":"required name=search_term_string"}],"inLanguage":"vi"},{"@type":["Person","Organization"],"@id":"https:\/\/omanivietnam.com\/#\/schema\/person\/0ad398a980dc3fd696111c2c5c8fa897","name":"Nguy\u1ec5n V\u0103n Kh\u00e1nh","image":{"@type":"ImageObject","inLanguage":"vi","@id":"https:\/\/omanivietnam.com\/#\/schema\/person\/image\/","url":"https:\/\/omanivietnam.com\/wp-content\/uploads\/2024\/06\/logo-1024x1024.png","contentUrl":"https:\/\/omanivietnam.com\/wp-content\/uploads\/2024\/06\/logo-1024x1024.png","width":1024,"height":1024,"caption":"Nguy\u1ec5n V\u0103n Kh\u00e1nh"},"logo":{"@id":"https:\/\/omanivietnam.com\/#\/schema\/person\/image\/"},"sameAs":["https:\/\/omanivietnam.com"]}]}},"_links":{"self":[{"href":"https:\/\/omanivietnam.com\/index.php\/wp-json\/wp\/v2\/product\/1135","targetHints":{"allow":["GET"]}}],"collection":[{"href":"https:\/\/omanivietnam.com\/index.php\/wp-json\/wp\/v2\/product"}],"about":[{"href":"https:\/\/omanivietnam.com\/index.php\/wp-json\/wp\/v2\/types\/product"}],"replies":[{"embeddable":true,"href":"https:\/\/omanivietnam.com\/index.php\/wp-json\/wp\/v2\/comments?post=1135"}],"wp:featuredmedia":[{"embeddable":true,"href":"https:\/\/omanivietnam.com\/index.php\/wp-json\/wp\/v2\/media\/1140"}],"wp:attachment":[{"href":"https:\/\/omanivietnam.com\/index.php\/wp-json\/wp\/v2\/media?parent=1135"}],"wp:term":[{"taxonomy":"product_cat","embeddable":true,"href":"https:\/\/omanivietnam.com\/index.php\/wp-json\/wp\/v2\/product_cat?post=1135"},{"taxonomy":"product_tag","embeddable":true,"href":"https:\/\/omanivietnam.com\/index.php\/wp-json\/wp\/v2\/product_tag?post=1135"}],"curies":[{"name":"wp","href":"https:\/\/api.w.org\/{rel}","templated":true}]}}