{"id":1155,"date":"2024-07-16T05:39:11","date_gmt":"2024-07-15T22:39:11","guid":{"rendered":"https:\/\/omanivietnam.com\/?post_type=product&#038;p=1155"},"modified":"2024-07-16T05:39:11","modified_gmt":"2024-07-15T22:39:11","slug":"takex-um-t50dtv","status":"publish","type":"product","link":"https:\/\/omanivietnam.com\/index.php\/san-pham\/takex-um-t50dtv\/","title":{"rendered":"TAKEX UM-T50DTV"},"content":{"rendered":"<p>TAKEX UM-T50DNSV, UM-T50DTV<\/p>\n<p><strong>D\u00f2ng c\u1ea3m bi\u1ebfn Takex UM-Ultra Miniature<\/strong>\u00a0l\u00e0 s\u1ea3n ph\u1ea9m \u0111\u01b0\u1ee3c nhi\u1ec1u c\u00f4ng ty, nh\u00e0 m\u00e1y l\u1ef1a ch\u1ecdn v\u00ec s\u1ef1 \u0111a d\u1ea1ng c\u00f9ng v\u1edbi \u0111\u00f3 l\u00e0 thi\u1ebft k\u1ebf nh\u1ecf g\u1ecdn, c\u00f3 th\u1ec3 \u0111i\u1ec1u ch\u1ec9nh \u0111\u1ed9 nhay\u2026. \u0110\u1eb7c bi\u1ec7t ch\u1ea5t l\u01b0\u1ee3ng \u0111\u1ea3m b\u1ea3o theo chu\u1ea9n ISO9001.<\/p>\n<p><strong>\u0110\u1eb7c tr\u01b0ng c\u1ee7a c\u1ea3m bi\u1ebfn Takex Um b\u1eadt\/t\u1eaft c\u1ee1 nh\u1ecf<\/strong><\/p>\n<ul>\n<li>K\u00edch th\u01b0\u1edbc c\u1ef1c k\u00ec nh\u1ecf v\u00e0 m\u1ecfng.<\/li>\n<li>T\u00edch h\u1ee3p b\u1ed9 khu\u1ebfch \u0111\u1ea1i si\u00eau m\u1ecfng ch\u1ec9 v\u1edbi \u0111\u1ed9 d\u00e0y 3,5mm<\/li>\n<li>C\u00f4ng su\u1ea5t ho\u1ea1t \u0111\u1ed9ng max:0,8 cm3<\/li>\n<li>Gi\u00e1 b\u00e1n r\u1ebb so v\u1edbi nhi\u1ec1u d\u00f2ng s\u1ea3n ph\u1ea9m c\u00f9ng ph\u00e2n kh\u00fac.<\/li>\n<li>M\u00e0n h\u00ecnh c\u00f3 \u0111\u00e8n led gi\u00fap \u0111\u01a1n gi\u1ea3n h\u01a1n trong vi\u1ec7c ki\u1ec3m tra \u0111\u1ea7u ra.<\/li>\n<\/ul>\n<p><strong>C\u00e1c d\u00f2ng s\u1ea3n ph\u1ea9m Takex UM Series v\u00e0 th\u00f4ng s\u1ed1 k\u1ef9 thu\u1eadt<\/strong><\/p>\n<p><strong>Th\u00f4ng s\u1ed1 k\u1ef9 thu\u1eadt c\u1ee7a Takex UM<\/strong><\/p>\n<ul>\n<li>\u0110i\u1ec7n \u00e1p \u0111\u1ea7u v\u00e0o: 12 -24VDC<\/li>\n<li>\u0110\u1ea7u ra: 80mA \/ 30VDC<\/li>\n<\/ul>\n<p><strong>Danh s\u00e1ch c\u00e1c model d\u00f2ng UM Series<\/strong><\/p>\n<p>C\u00e1c model \u1edf d\u01b0\u1edbi \u0111\u1ec1u g\u1ed3m c\u00f3 c\u1ee7a d\u00f2ng UM NPN v\u00e0 UPNP. B\u1ea1n tham kh\u1ea3o d\u01b0\u1edbi \u0111\u00e2y \u0111\u1ec3 xem c\u00f3 model n\u00e0o ph\u00f9 h\u1ee3p kh\u00f4ng nh\u00e9.<\/p>\n<ul>\n<li>UM-T15DT\/P<\/li>\n<li>UM-T15DTV\/P<\/li>\n<li>UM-T50DT\/P<\/li>\n<li>UM-T50DTV\/P<\/li>\n<li>UM-T50DS\/P<\/li>\n<li>UM-T50DSV\/P<\/li>\n<li>UM-T100DT\/P<\/li>\n<li>UM-T100DS\/P<\/li>\n<li>UM-R3T\/P<\/li>\n<li>UM-R3TV\/P<\/li>\n<li>UM-R5T\/P<\/li>\n<li>UM-R5TV\/P<\/li>\n<li>UM-Z3SV\/P<\/li>\n<\/ul>\n<p>UM-T50DTV<\/p>\n<div class=\"specificationGroup\">\n<p>Rating\/Performance\/Specification<\/p>\n<table class=\"spec_table\">\n<tbody>\n<tr>\n<th>Detection method<\/th>\n<td>Through beam<\/td>\n<\/tr>\n<tr>\n<th>Detecting distance<\/th>\n<td>500 mm<\/td>\n<\/tr>\n<tr>\n<th>Detection object<\/th>\n<td>dia.3mm (or more) Opaque<\/td>\n<\/tr>\n<tr>\n<th>Power supply<\/th>\n<td>24VDC\u00b110% \/ Ripple 10% or less<\/td>\n<\/tr>\n<tr>\n<th>Current consumption<\/th>\n<td>Transmitter : 15mA or less<br \/>\nReceiver : 22mA or less<\/td>\n<\/tr>\n<tr>\n<th>Output mode<\/th>\n<td>NPN open collector<br \/>\nRating: sink current 80mA (30 VDC) or less<\/td>\n<\/tr>\n<tr>\n<th>Operation mode<\/th>\n<td>(See the Type table in the previous page)<\/td>\n<\/tr>\n<tr>\n<th>Response time<\/th>\n<td>0.5ms or less<\/td>\n<\/tr>\n<tr>\n<th>Light source<\/th>\n<td>Red LED<\/td>\n<\/tr>\n<tr>\n<th>Indicator<\/th>\n<td>Transmitter: &#8211;<br \/>\nReceiver: Operation indicator (red LED), Stability indicator (green LED)<\/td>\n<\/tr>\n<tr>\n<th>Sensitivity adjustment *<\/th>\n<td>in-line volume<\/td>\n<\/tr>\n<tr>\n<th>Material<\/th>\n<td>Case : Liquid crystalline polyester (filler: polypropylene)<br \/>\nLens : PMMA<\/td>\n<\/tr>\n<tr>\n<th>Connection<\/th>\n<td>Attached cable 2m Transmitter\uff1a0.15mm<sup>2<\/sup>\u00d72 core (Gray), dia \u03c62.5mm<br \/>\nReceiver\uff1a0.15mm<sup>2<\/sup>\u00d73core (Black), dia \u03c62.7mm<\/td>\n<\/tr>\n<tr>\n<th>Weight<\/th>\n<td>Transmitter : Approx. 30g<br \/>\nReceiver : Approx. 40g<\/td>\n<\/tr>\n<tr>\n<th>Notes<\/th>\n<td>* The distance between the sensor and the in-line volume for sensitivity adjustment is fixed to 300mm.<\/td>\n<\/tr>\n<tr>\n<th>Accessory<\/th>\n<td>Instruction manual, screws(M12\u00d710mm), nuts, washers and a screwdriver for adjustment (for models which model number ends with &#8220;V&#8221;)<\/td>\n<\/tr>\n<\/tbody>\n<\/table>\n<\/div>\n<div class=\"specificationGroup\">\n<p>Environmental Specification<\/p>\n<table class=\"spec_table\">\n<tbody>\n<tr>\n<th>Ambient light<\/th>\n<td>3,000 lx or less<\/td>\n<\/tr>\n<tr>\n<th>Ambient temperature<\/th>\n<td>-25 &#8211; +55 \u2103 (non-freezing)<\/td>\n<\/tr>\n<tr>\n<th>Ambient humidity<\/th>\n<td>35-85%RH (non-condensing)<\/td>\n<\/tr>\n<tr>\n<th>Protective structure<\/th>\n<td>IP64<\/td>\n<\/tr>\n<tr>\n<th>Vibration<\/th>\n<td>10 &#8211; 55 Hz \/ 1.5 mm double amplitude \/ 2 hours each in 3 direction<\/td>\n<\/tr>\n<tr>\n<th>Sock<\/th>\n<td>500m\/S<sup>2<\/sup>\u00a03 times each in 3 directions<\/td>\n<\/tr>\n<tr>\n<th>Dielectric withstanding<\/th>\n<td>1000VAC 1minuts<\/td>\n<\/tr>\n<tr>\n<th>Insulation resistance<\/th>\n<td>DC500V Megger 20M\u03a9 or higher<\/td>\n<\/tr>\n<\/tbody>\n<\/table>\n<\/div>\n<p>\u0110\u1ea1i l\u00fd TAKEX vietnam, TAKEX viet nam, TAKEX vietnam distributor, Ph\u00e2n ph\u1ed1i TAKEX t\u1ea1i vi\u1ec7t nam<\/p>\n<p>\u0110\u1ea1i l\u00fd TAKEX vietnam, TAKEX viet nam,TAKEX vietnam distributor, Ph\u00e2n ph\u1ed1i TAKEX t\u1ea1i vi\u1ec7t nam<\/p>\n<p>\u0110\u1ea1i l\u00fd TAKEX vietnam, TAKEX viet nam, TAKEX vietnam distributor, Ph\u00e2n ph\u1ed1i TAKEX t\u1ea1i vi\u1ec7t nam<\/p>\n<p>\u0110\u1ea1i l\u00fd TAKEX vietnam, TAKEX viet nam, TAKEX vietnam distributor, Ph\u00e2n ph\u1ed1i TAKEX t\u1ea1i vi\u1ec7t nam<\/p>\n<p>\u0110\u1ea1i l\u00fd TAKEX vietnam, TAKEX viet nam, TAKEX vietnam distributor, Ph\u00e2n ph\u1ed1i TAKEX t\u1ea1i vi\u1ec7t nam<\/p>\n","protected":false},"excerpt":{"rendered":"<p>TAKEX UM-T50DNSV, UM-T50DTV D\u00f2ng c\u1ea3m bi\u1ebfn Takex UM-Ultra Miniature\u00a0l\u00e0 s\u1ea3n ph\u1ea9m \u0111\u01b0\u1ee3c nhi\u1ec1u c\u00f4ng ty, nh\u00e0 m\u00e1y l\u1ef1a ch\u1ecdn v\u00ec s\u1ef1 \u0111a d\u1ea1ng c\u00f9ng v\u1edbi \u0111\u00f3 l\u00e0 thi\u1ebft k\u1ebf nh\u1ecf g\u1ecdn, c\u00f3 th\u1ec3 \u0111i\u1ec1u ch\u1ec9nh \u0111\u1ed9 nhay\u2026. \u0110\u1eb7c bi\u1ec7t ch\u1ea5t l\u01b0\u1ee3ng \u0111\u1ea3m b\u1ea3o theo chu\u1ea9n ISO9001. \u0110\u1eb7c tr\u01b0ng c\u1ee7a c\u1ea3m&hellip; <\/p>\n","protected":false},"featured_media":1156,"comment_status":"open","ping_status":"closed","template":"","meta":[],"product_cat":[285],"product_tag":[88,192,191],"class_list":{"0":"post-1155","1":"product","2":"type-product","3":"status-publish","4":"has-post-thumbnail","6":"product_cat-takex","7":"product_tag-cam-bien","8":"product_tag-dai-ly-takex-viet-nam","9":"product_tag-takex-viet-nam","11":"first","12":"instock","13":"shipping-taxable","14":"product-type-simple"},"yoast_head":"<!-- This site is optimized with the Yoast SEO plugin v22.8 - https:\/\/yoast.com\/wordpress\/plugins\/seo\/ -->\n<title>TAKEX UM-T50DTV - OMANI VI\u1ec6T NAM<\/title>\n<meta name=\"robots\" content=\"index, follow, max-snippet:-1, max-image-preview:large, max-video-preview:-1\" \/>\n<link rel=\"canonical\" href=\"https:\/\/omanivietnam.com\/index.php\/san-pham\/takex-um-t50dtv\/\" \/>\n<meta property=\"og:locale\" content=\"vi_VN\" \/>\n<meta property=\"og:type\" content=\"article\" \/>\n<meta property=\"og:title\" content=\"TAKEX UM-T50DTV - OMANI VI\u1ec6T NAM\" \/>\n<meta property=\"og:description\" content=\"TAKEX UM-T50DNSV, UM-T50DTV D\u00f2ng c\u1ea3m bi\u1ebfn Takex UM-Ultra Miniature\u00a0l\u00e0 s\u1ea3n ph\u1ea9m \u0111\u01b0\u1ee3c nhi\u1ec1u c\u00f4ng ty, nh\u00e0 m\u00e1y l\u1ef1a ch\u1ecdn v\u00ec s\u1ef1 \u0111a d\u1ea1ng c\u00f9ng v\u1edbi \u0111\u00f3 l\u00e0 thi\u1ebft k\u1ebf nh\u1ecf g\u1ecdn, c\u00f3 th\u1ec3 \u0111i\u1ec1u ch\u1ec9nh \u0111\u1ed9 nhay\u2026. \u0110\u1eb7c bi\u1ec7t ch\u1ea5t l\u01b0\u1ee3ng \u0111\u1ea3m b\u1ea3o theo chu\u1ea9n ISO9001. \u0110\u1eb7c tr\u01b0ng c\u1ee7a c\u1ea3m&hellip;\" \/>\n<meta property=\"og:url\" content=\"https:\/\/omanivietnam.com\/index.php\/san-pham\/takex-um-t50dtv\/\" \/>\n<meta property=\"og:site_name\" content=\"OMANI VI\u1ec6T NAM\" \/>\n<meta property=\"og:image\" content=\"https:\/\/omanivietnam.com\/wp-content\/uploads\/2024\/07\/UM-T50DNSV.png\" \/>\n\t<meta property=\"og:image:width\" content=\"562\" \/>\n\t<meta property=\"og:image:height\" content=\"407\" \/>\n\t<meta property=\"og:image:type\" content=\"image\/png\" \/>\n<meta name=\"twitter:card\" content=\"summary_large_image\" \/>\n<meta name=\"twitter:label1\" content=\"\u01af\u1edbc t\u00ednh th\u1eddi gian \u0111\u1ecdc\" \/>\n\t<meta name=\"twitter:data1\" content=\"3 ph\u00fat\" \/>\n<script type=\"application\/ld+json\" class=\"yoast-schema-graph\">{\"@context\":\"https:\/\/schema.org\",\"@graph\":[{\"@type\":\"WebPage\",\"@id\":\"https:\/\/omanivietnam.com\/index.php\/san-pham\/takex-um-t50dtv\/\",\"url\":\"https:\/\/omanivietnam.com\/index.php\/san-pham\/takex-um-t50dtv\/\",\"name\":\"TAKEX UM-T50DTV - OMANI VI\u1ec6T NAM\",\"isPartOf\":{\"@id\":\"https:\/\/omanivietnam.com\/#website\"},\"primaryImageOfPage\":{\"@id\":\"https:\/\/omanivietnam.com\/index.php\/san-pham\/takex-um-t50dtv\/#primaryimage\"},\"image\":{\"@id\":\"https:\/\/omanivietnam.com\/index.php\/san-pham\/takex-um-t50dtv\/#primaryimage\"},\"thumbnailUrl\":\"https:\/\/omanivietnam.com\/wp-content\/uploads\/2024\/07\/UM-T50DNSV.png\",\"datePublished\":\"2024-07-15T22:39:11+00:00\",\"dateModified\":\"2024-07-15T22:39:11+00:00\",\"breadcrumb\":{\"@id\":\"https:\/\/omanivietnam.com\/index.php\/san-pham\/takex-um-t50dtv\/#breadcrumb\"},\"inLanguage\":\"vi\",\"potentialAction\":[{\"@type\":\"ReadAction\",\"target\":[\"https:\/\/omanivietnam.com\/index.php\/san-pham\/takex-um-t50dtv\/\"]}]},{\"@type\":\"ImageObject\",\"inLanguage\":\"vi\",\"@id\":\"https:\/\/omanivietnam.com\/index.php\/san-pham\/takex-um-t50dtv\/#primaryimage\",\"url\":\"https:\/\/omanivietnam.com\/wp-content\/uploads\/2024\/07\/UM-T50DNSV.png\",\"contentUrl\":\"https:\/\/omanivietnam.com\/wp-content\/uploads\/2024\/07\/UM-T50DNSV.png\",\"width\":562,\"height\":407},{\"@type\":\"BreadcrumbList\",\"@id\":\"https:\/\/omanivietnam.com\/index.php\/san-pham\/takex-um-t50dtv\/#breadcrumb\",\"itemListElement\":[{\"@type\":\"ListItem\",\"position\":1,\"name\":\"Home\",\"item\":\"https:\/\/omanivietnam.com\/\"},{\"@type\":\"ListItem\",\"position\":2,\"name\":\"S\u1ea2N PH\u1ea8M\",\"item\":\"https:\/\/omanivietnam.com\/index.php\/cua-hang\/\"},{\"@type\":\"ListItem\",\"position\":3,\"name\":\"TAKEX UM-T50DTV\"}]},{\"@type\":\"WebSite\",\"@id\":\"https:\/\/omanivietnam.com\/#website\",\"url\":\"https:\/\/omanivietnam.com\/\",\"name\":\"OMANI VI\u1ec6T NAM\",\"description\":\"Nh\u00e0 ph\u00e2n ph\u1ed1i thi\u1ebft b\u1ecb kh\u00ed n\u00e9n v\u00e0 thi\u1ebft b\u1ecb t\u1ef1 \u0111\u1ed9ng h\u00f3a trong c\u00f4ng nghi\u1ec7p\",\"publisher\":{\"@id\":\"https:\/\/omanivietnam.com\/#\/schema\/person\/0ad398a980dc3fd696111c2c5c8fa897\"},\"potentialAction\":[{\"@type\":\"SearchAction\",\"target\":{\"@type\":\"EntryPoint\",\"urlTemplate\":\"https:\/\/omanivietnam.com\/?s={search_term_string}\"},\"query-input\":\"required name=search_term_string\"}],\"inLanguage\":\"vi\"},{\"@type\":[\"Person\",\"Organization\"],\"@id\":\"https:\/\/omanivietnam.com\/#\/schema\/person\/0ad398a980dc3fd696111c2c5c8fa897\",\"name\":\"Nguy\u1ec5n V\u0103n Kh\u00e1nh\",\"image\":{\"@type\":\"ImageObject\",\"inLanguage\":\"vi\",\"@id\":\"https:\/\/omanivietnam.com\/#\/schema\/person\/image\/\",\"url\":\"https:\/\/omanivietnam.com\/wp-content\/uploads\/2024\/06\/logo-1024x1024.png\",\"contentUrl\":\"https:\/\/omanivietnam.com\/wp-content\/uploads\/2024\/06\/logo-1024x1024.png\",\"width\":1024,\"height\":1024,\"caption\":\"Nguy\u1ec5n V\u0103n Kh\u00e1nh\"},\"logo\":{\"@id\":\"https:\/\/omanivietnam.com\/#\/schema\/person\/image\/\"},\"sameAs\":[\"https:\/\/omanivietnam.com\"]}]}<\/script>\n<!-- \/ Yoast SEO plugin. -->","yoast_head_json":{"title":"TAKEX UM-T50DTV - OMANI VI\u1ec6T NAM","robots":{"index":"index","follow":"follow","max-snippet":"max-snippet:-1","max-image-preview":"max-image-preview:large","max-video-preview":"max-video-preview:-1"},"canonical":"https:\/\/omanivietnam.com\/index.php\/san-pham\/takex-um-t50dtv\/","og_locale":"vi_VN","og_type":"article","og_title":"TAKEX UM-T50DTV - OMANI VI\u1ec6T NAM","og_description":"TAKEX UM-T50DNSV, UM-T50DTV D\u00f2ng c\u1ea3m bi\u1ebfn Takex UM-Ultra Miniature\u00a0l\u00e0 s\u1ea3n ph\u1ea9m \u0111\u01b0\u1ee3c nhi\u1ec1u c\u00f4ng ty, nh\u00e0 m\u00e1y l\u1ef1a ch\u1ecdn v\u00ec s\u1ef1 \u0111a d\u1ea1ng c\u00f9ng v\u1edbi \u0111\u00f3 l\u00e0 thi\u1ebft k\u1ebf nh\u1ecf g\u1ecdn, c\u00f3 th\u1ec3 \u0111i\u1ec1u ch\u1ec9nh \u0111\u1ed9 nhay\u2026. \u0110\u1eb7c bi\u1ec7t ch\u1ea5t l\u01b0\u1ee3ng \u0111\u1ea3m b\u1ea3o theo chu\u1ea9n ISO9001. \u0110\u1eb7c tr\u01b0ng c\u1ee7a c\u1ea3m&hellip;","og_url":"https:\/\/omanivietnam.com\/index.php\/san-pham\/takex-um-t50dtv\/","og_site_name":"OMANI VI\u1ec6T NAM","og_image":[{"width":562,"height":407,"url":"https:\/\/omanivietnam.com\/wp-content\/uploads\/2024\/07\/UM-T50DNSV.png","type":"image\/png"}],"twitter_card":"summary_large_image","twitter_misc":{"\u01af\u1edbc t\u00ednh th\u1eddi gian \u0111\u1ecdc":"3 ph\u00fat"},"schema":{"@context":"https:\/\/schema.org","@graph":[{"@type":"WebPage","@id":"https:\/\/omanivietnam.com\/index.php\/san-pham\/takex-um-t50dtv\/","url":"https:\/\/omanivietnam.com\/index.php\/san-pham\/takex-um-t50dtv\/","name":"TAKEX UM-T50DTV - OMANI VI\u1ec6T NAM","isPartOf":{"@id":"https:\/\/omanivietnam.com\/#website"},"primaryImageOfPage":{"@id":"https:\/\/omanivietnam.com\/index.php\/san-pham\/takex-um-t50dtv\/#primaryimage"},"image":{"@id":"https:\/\/omanivietnam.com\/index.php\/san-pham\/takex-um-t50dtv\/#primaryimage"},"thumbnailUrl":"https:\/\/omanivietnam.com\/wp-content\/uploads\/2024\/07\/UM-T50DNSV.png","datePublished":"2024-07-15T22:39:11+00:00","dateModified":"2024-07-15T22:39:11+00:00","breadcrumb":{"@id":"https:\/\/omanivietnam.com\/index.php\/san-pham\/takex-um-t50dtv\/#breadcrumb"},"inLanguage":"vi","potentialAction":[{"@type":"ReadAction","target":["https:\/\/omanivietnam.com\/index.php\/san-pham\/takex-um-t50dtv\/"]}]},{"@type":"ImageObject","inLanguage":"vi","@id":"https:\/\/omanivietnam.com\/index.php\/san-pham\/takex-um-t50dtv\/#primaryimage","url":"https:\/\/omanivietnam.com\/wp-content\/uploads\/2024\/07\/UM-T50DNSV.png","contentUrl":"https:\/\/omanivietnam.com\/wp-content\/uploads\/2024\/07\/UM-T50DNSV.png","width":562,"height":407},{"@type":"BreadcrumbList","@id":"https:\/\/omanivietnam.com\/index.php\/san-pham\/takex-um-t50dtv\/#breadcrumb","itemListElement":[{"@type":"ListItem","position":1,"name":"Home","item":"https:\/\/omanivietnam.com\/"},{"@type":"ListItem","position":2,"name":"S\u1ea2N PH\u1ea8M","item":"https:\/\/omanivietnam.com\/index.php\/cua-hang\/"},{"@type":"ListItem","position":3,"name":"TAKEX UM-T50DTV"}]},{"@type":"WebSite","@id":"https:\/\/omanivietnam.com\/#website","url":"https:\/\/omanivietnam.com\/","name":"OMANI VI\u1ec6T NAM","description":"Nh\u00e0 ph\u00e2n ph\u1ed1i thi\u1ebft b\u1ecb kh\u00ed n\u00e9n v\u00e0 thi\u1ebft b\u1ecb t\u1ef1 \u0111\u1ed9ng h\u00f3a trong c\u00f4ng nghi\u1ec7p","publisher":{"@id":"https:\/\/omanivietnam.com\/#\/schema\/person\/0ad398a980dc3fd696111c2c5c8fa897"},"potentialAction":[{"@type":"SearchAction","target":{"@type":"EntryPoint","urlTemplate":"https:\/\/omanivietnam.com\/?s={search_term_string}"},"query-input":"required name=search_term_string"}],"inLanguage":"vi"},{"@type":["Person","Organization"],"@id":"https:\/\/omanivietnam.com\/#\/schema\/person\/0ad398a980dc3fd696111c2c5c8fa897","name":"Nguy\u1ec5n V\u0103n Kh\u00e1nh","image":{"@type":"ImageObject","inLanguage":"vi","@id":"https:\/\/omanivietnam.com\/#\/schema\/person\/image\/","url":"https:\/\/omanivietnam.com\/wp-content\/uploads\/2024\/06\/logo-1024x1024.png","contentUrl":"https:\/\/omanivietnam.com\/wp-content\/uploads\/2024\/06\/logo-1024x1024.png","width":1024,"height":1024,"caption":"Nguy\u1ec5n V\u0103n Kh\u00e1nh"},"logo":{"@id":"https:\/\/omanivietnam.com\/#\/schema\/person\/image\/"},"sameAs":["https:\/\/omanivietnam.com"]}]}},"_links":{"self":[{"href":"https:\/\/omanivietnam.com\/index.php\/wp-json\/wp\/v2\/product\/1155","targetHints":{"allow":["GET"]}}],"collection":[{"href":"https:\/\/omanivietnam.com\/index.php\/wp-json\/wp\/v2\/product"}],"about":[{"href":"https:\/\/omanivietnam.com\/index.php\/wp-json\/wp\/v2\/types\/product"}],"replies":[{"embeddable":true,"href":"https:\/\/omanivietnam.com\/index.php\/wp-json\/wp\/v2\/comments?post=1155"}],"wp:featuredmedia":[{"embeddable":true,"href":"https:\/\/omanivietnam.com\/index.php\/wp-json\/wp\/v2\/media\/1156"}],"wp:attachment":[{"href":"https:\/\/omanivietnam.com\/index.php\/wp-json\/wp\/v2\/media?parent=1155"}],"wp:term":[{"taxonomy":"product_cat","embeddable":true,"href":"https:\/\/omanivietnam.com\/index.php\/wp-json\/wp\/v2\/product_cat?post=1155"},{"taxonomy":"product_tag","embeddable":true,"href":"https:\/\/omanivietnam.com\/index.php\/wp-json\/wp\/v2\/product_tag?post=1155"}],"curies":[{"name":"wp","href":"https:\/\/api.w.org\/{rel}","templated":true}]}}