{"id":1157,"date":"2024-07-16T05:49:13","date_gmt":"2024-07-15T22:49:13","guid":{"rendered":"https:\/\/omanivietnam.com\/?post_type=product&#038;p=1157"},"modified":"2024-11-16T05:35:15","modified_gmt":"2024-11-15T22:35:15","slug":"takex-um-t50dnsv","status":"publish","type":"product","link":"https:\/\/omanivietnam.com\/index.php\/san-pham\/takex-um-t50dnsv\/","title":{"rendered":"TAKEX UM-T50DNSV"},"content":{"rendered":"<p>TAKEX UM-T50DNSV<\/p>\n<p class=\"indIKd GW0XC cS4Vcb-pGL6qe-fwJd0c\">TAKEX Photoelectric sensor UM-T50DSV(UM-TL50S+TR50DSV)<\/p>\n<p>UM-T50DNSV<br \/>\n( Included: UM-TR50DNSV + UM-TL50NS + in-line sensitivity adjustment volume )<\/p>\n<p>Model: UM-T50DNSV<br \/>\n( bao g\u1ed3m UM-TR50DNSV + UM-TL50NS + in-line sensitivity adjustment volume )<br \/>\n-&gt; Ng\u01b0ng SX v\u00e0 \u0111\u01b0\u1ee3c thay th\u1ebf:<br \/>\nModel: UM-T51DNSV<br \/>\n( bao g\u1ed3m UM-TR51DNSV + UM-TL51NS + in-line sensitivity adjustment volume )<br \/>\nBrand: Takex<\/p>\n<p class=\"title-product item_name\">C\u1ea3m bi\u1ebfn UM-T50DNSV<\/p>\n<p>1.C\u1ea3m bi\u1ebfn \u1ea3nh\u00a0UM-T50DNSV:<\/p>\n<div>\n<div class=\"field-row\"><span class=\"label\">S\u1ef1 li\u00ean quan:\u00a0<\/span><span class=\"value\">c\u00f3 c\u00e1p<\/span><\/div>\n<div class=\"field-row\"><span class=\"label\">Ngu\u1ed3n s\u00e1ng:\u00a0<\/span><span class=\"value\">D\u1eaaN \u0110\u1ebeN<\/span><\/div>\n<div class=\"field-row\"><span class=\"label\">NPN ho\u1eb7c PNP\u00a0<\/span><span class=\"value\">NPN (B\u1ed3n r\u1eeda)<\/span><\/div>\n<div class=\"field-row\"><span class=\"label\">S\u00e1ng B\u1eadt\/T\u1ed1i B\u1eadt:\u00a0<\/span><span class=\"value\">Xem th\u00f4ng s\u1ed1 k\u1ef9 thu\u1eadt ho\u1eb7c N\/A<\/span><\/div>\n<div class=\"field-row\"><span class=\"label\">Ph\u01b0\u01a1ng ph\u00e1p c\u1ea3m bi\u1ebfn:\u00a0<\/span><span class=\"value\">Th\u00f4ng qua ch\u00f9m<\/span><\/div>\n<div class=\"field-row\"><span class=\"label\">Lo\u1ea1i quang \u0111i\u1ec7n:\u00a0<\/span><span class=\"value\">Quang \u0111i\u1ec7n m\u1ee5c \u0111\u00edch chung<\/span><\/div>\n<div class=\"field-row\"><span class=\"label\">T\u1ea5t c\u1ea3 \u2013 X\u1ebfp h\u1ea1ng c\u1ee5 th\u1ec3:\u00a0<\/span><span class=\"value\">IP64<\/span><\/div>\n<div class=\"field-row\"><span class=\"label\">Lo\u1ea1t:\u00a0<\/span><span class=\"value\">D\u00f2ng UM<\/span><\/div>\n<div class=\"field-row\"><span class=\"label\">K\u00edch c\u1ee1:\u00a0<\/span><span class=\"value\">H\u00ecnh h\u1ed9p ch\u1eef nh\u1eadt<\/span><\/div>\n<div class=\"field-row\"><span class=\"label\">S\u1ef1 b\u1ea3o \u0111\u1ea3m:\u00a0<\/span><span class=\"value\">1 n\u0103m<\/span><\/div>\n<div class=\"field-row\"><span class=\"label\">S\u1ed1 b\u1ed9 ph\u1eadn thay th\u1ebf:\u00a0<\/span><span class=\"value\">D\u00f2ng UM<\/span><\/div>\n<\/div>\n<p>2.\u00a0C\u00e1c model t\u01b0\u01a1ng \u0111\u01b0\u01a1ng:<\/p>\n<p>UM-T100DT<br \/>\nUM-T15DT<br \/>\nUM-T15DTV<br \/>\nUM-T50DNS<br \/>\nUM-T50DNSV<br \/>\nUM-T50DS<br \/>\nUM-T50DSV<br \/>\nUM-T50DT<br \/>\nUM-T50DTV<br \/>\nUM-T50NS<br \/>\nUM-T50NSV<\/p>\n<p>\u0110\u1ea1i l\u00fd TAKEX vietnam, TAKEX viet nam, TAKEX vietnam distributor, Ph\u00e2n ph\u1ed1i TAKEX t\u1ea1i vi\u1ec7t nam<\/p>\n<p>\u0110\u1ea1i l\u00fd TAKEX vietnam, TAKEX viet nam,TAKEX vietnam distributor, Ph\u00e2n ph\u1ed1i TAKEX t\u1ea1i vi\u1ec7t nam<\/p>\n<p>\u0110\u1ea1i l\u00fd TAKEX vietnam, TAKEX viet nam, TAKEX vietnam distributor, Ph\u00e2n ph\u1ed1i TAKEX t\u1ea1i vi\u1ec7t nam<\/p>\n<p>\u0110\u1ea1i l\u00fd TAKEX vietnam, TAKEX viet nam, TAKEX vietnam distributor, Ph\u00e2n ph\u1ed1i TAKEX t\u1ea1i vi\u1ec7t nam<\/p>\n<p>\u0110\u1ea1i l\u00fd TAKEX vietnam, TAKEX viet nam, TAKEX vietnam distributor, Ph\u00e2n ph\u1ed1i TAKEX t\u1ea1i vi\u1ec7t nam<\/p>\n","protected":false},"excerpt":{"rendered":"<p>TAKEX UM-T50DNSV TAKEX Photoelectric sensor UM-T50DSV(UM-TL50S+TR50DSV) UM-T50DNSV ( Included: UM-TR50DNSV + UM-TL50NS + in-line sensitivity adjustment volume ) Model: UM-T50DNSV ( bao g\u1ed3m UM-TR50DNSV + UM-TL50NS + in-line sensitivity adjustment volume ) -&gt; Ng\u01b0ng SX v\u00e0 \u0111\u01b0\u1ee3c thay th\u1ebf: Model: UM-T51DNSV ( bao g\u1ed3m UM-TR51DNSV + UM-TL51NS + in-line sensitivity&hellip; <\/p>\n","protected":false},"featured_media":1158,"comment_status":"open","ping_status":"closed","template":"","meta":[],"product_cat":[285],"product_tag":[88,192,191],"class_list":{"0":"post-1157","1":"product","2":"type-product","3":"status-publish","4":"has-post-thumbnail","6":"product_cat-takex","7":"product_tag-cam-bien","8":"product_tag-dai-ly-takex-viet-nam","9":"product_tag-takex-viet-nam","11":"first","12":"instock","13":"shipping-taxable","14":"product-type-simple"},"yoast_head":"<!-- This site is optimized with the Yoast SEO plugin v22.8 - https:\/\/yoast.com\/wordpress\/plugins\/seo\/ -->\n<title>TAKEX UM-T50DNSV - OMANI VI\u1ec6T NAM<\/title>\n<meta name=\"robots\" content=\"index, follow, max-snippet:-1, max-image-preview:large, max-video-preview:-1\" \/>\n<link rel=\"canonical\" href=\"https:\/\/omanivietnam.com\/index.php\/san-pham\/takex-um-t50dnsv\/\" \/>\n<meta property=\"og:locale\" content=\"vi_VN\" \/>\n<meta property=\"og:type\" content=\"article\" \/>\n<meta property=\"og:title\" content=\"TAKEX UM-T50DNSV - OMANI VI\u1ec6T NAM\" \/>\n<meta property=\"og:description\" content=\"TAKEX UM-T50DNSV TAKEX Photoelectric sensor UM-T50DSV(UM-TL50S+TR50DSV) UM-T50DNSV ( Included: UM-TR50DNSV + UM-TL50NS + in-line sensitivity adjustment volume ) Model: UM-T50DNSV ( bao g\u1ed3m UM-TR50DNSV + UM-TL50NS + in-line sensitivity adjustment volume ) -&gt; Ng\u01b0ng SX v\u00e0 \u0111\u01b0\u1ee3c thay th\u1ebf: Model: UM-T51DNSV ( bao g\u1ed3m UM-TR51DNSV + UM-TL51NS + in-line sensitivity&hellip;\" \/>\n<meta property=\"og:url\" content=\"https:\/\/omanivietnam.com\/index.php\/san-pham\/takex-um-t50dnsv\/\" \/>\n<meta property=\"og:site_name\" content=\"OMANI VI\u1ec6T NAM\" \/>\n<meta property=\"article:modified_time\" content=\"2024-11-15T22:35:15+00:00\" \/>\n<meta property=\"og:image\" content=\"https:\/\/omanivietnam.com\/wp-content\/uploads\/2024\/07\/UM-T50DNSV-1.png\" \/>\n\t<meta property=\"og:image:width\" content=\"560\" \/>\n\t<meta property=\"og:image:height\" content=\"229\" \/>\n\t<meta property=\"og:image:type\" content=\"image\/png\" \/>\n<meta name=\"twitter:card\" content=\"summary_large_image\" \/>\n<meta name=\"twitter:label1\" content=\"\u01af\u1edbc t\u00ednh th\u1eddi gian \u0111\u1ecdc\" \/>\n\t<meta name=\"twitter:data1\" content=\"2 ph\u00fat\" \/>\n<script type=\"application\/ld+json\" class=\"yoast-schema-graph\">{\"@context\":\"https:\/\/schema.org\",\"@graph\":[{\"@type\":\"WebPage\",\"@id\":\"https:\/\/omanivietnam.com\/index.php\/san-pham\/takex-um-t50dnsv\/\",\"url\":\"https:\/\/omanivietnam.com\/index.php\/san-pham\/takex-um-t50dnsv\/\",\"name\":\"TAKEX UM-T50DNSV - OMANI VI\u1ec6T NAM\",\"isPartOf\":{\"@id\":\"https:\/\/omanivietnam.com\/#website\"},\"primaryImageOfPage\":{\"@id\":\"https:\/\/omanivietnam.com\/index.php\/san-pham\/takex-um-t50dnsv\/#primaryimage\"},\"image\":{\"@id\":\"https:\/\/omanivietnam.com\/index.php\/san-pham\/takex-um-t50dnsv\/#primaryimage\"},\"thumbnailUrl\":\"https:\/\/omanivietnam.com\/wp-content\/uploads\/2024\/07\/UM-T50DNSV-1.png\",\"datePublished\":\"2024-07-15T22:49:13+00:00\",\"dateModified\":\"2024-11-15T22:35:15+00:00\",\"breadcrumb\":{\"@id\":\"https:\/\/omanivietnam.com\/index.php\/san-pham\/takex-um-t50dnsv\/#breadcrumb\"},\"inLanguage\":\"vi\",\"potentialAction\":[{\"@type\":\"ReadAction\",\"target\":[\"https:\/\/omanivietnam.com\/index.php\/san-pham\/takex-um-t50dnsv\/\"]}]},{\"@type\":\"ImageObject\",\"inLanguage\":\"vi\",\"@id\":\"https:\/\/omanivietnam.com\/index.php\/san-pham\/takex-um-t50dnsv\/#primaryimage\",\"url\":\"https:\/\/omanivietnam.com\/wp-content\/uploads\/2024\/07\/UM-T50DNSV-1.png\",\"contentUrl\":\"https:\/\/omanivietnam.com\/wp-content\/uploads\/2024\/07\/UM-T50DNSV-1.png\",\"width\":560,\"height\":229},{\"@type\":\"BreadcrumbList\",\"@id\":\"https:\/\/omanivietnam.com\/index.php\/san-pham\/takex-um-t50dnsv\/#breadcrumb\",\"itemListElement\":[{\"@type\":\"ListItem\",\"position\":1,\"name\":\"Home\",\"item\":\"https:\/\/omanivietnam.com\/\"},{\"@type\":\"ListItem\",\"position\":2,\"name\":\"S\u1ea2N PH\u1ea8M\",\"item\":\"https:\/\/omanivietnam.com\/index.php\/cua-hang\/\"},{\"@type\":\"ListItem\",\"position\":3,\"name\":\"TAKEX UM-T50DNSV\"}]},{\"@type\":\"WebSite\",\"@id\":\"https:\/\/omanivietnam.com\/#website\",\"url\":\"https:\/\/omanivietnam.com\/\",\"name\":\"OMANI VI\u1ec6T NAM\",\"description\":\"Nh\u00e0 ph\u00e2n ph\u1ed1i thi\u1ebft b\u1ecb kh\u00ed n\u00e9n v\u00e0 thi\u1ebft b\u1ecb t\u1ef1 \u0111\u1ed9ng h\u00f3a trong c\u00f4ng nghi\u1ec7p\",\"publisher\":{\"@id\":\"https:\/\/omanivietnam.com\/#\/schema\/person\/0ad398a980dc3fd696111c2c5c8fa897\"},\"potentialAction\":[{\"@type\":\"SearchAction\",\"target\":{\"@type\":\"EntryPoint\",\"urlTemplate\":\"https:\/\/omanivietnam.com\/?s={search_term_string}\"},\"query-input\":\"required name=search_term_string\"}],\"inLanguage\":\"vi\"},{\"@type\":[\"Person\",\"Organization\"],\"@id\":\"https:\/\/omanivietnam.com\/#\/schema\/person\/0ad398a980dc3fd696111c2c5c8fa897\",\"name\":\"Nguy\u1ec5n V\u0103n Kh\u00e1nh\",\"image\":{\"@type\":\"ImageObject\",\"inLanguage\":\"vi\",\"@id\":\"https:\/\/omanivietnam.com\/#\/schema\/person\/image\/\",\"url\":\"https:\/\/omanivietnam.com\/wp-content\/uploads\/2024\/06\/logo-1024x1024.png\",\"contentUrl\":\"https:\/\/omanivietnam.com\/wp-content\/uploads\/2024\/06\/logo-1024x1024.png\",\"width\":1024,\"height\":1024,\"caption\":\"Nguy\u1ec5n V\u0103n Kh\u00e1nh\"},\"logo\":{\"@id\":\"https:\/\/omanivietnam.com\/#\/schema\/person\/image\/\"},\"sameAs\":[\"https:\/\/omanivietnam.com\"]}]}<\/script>\n<!-- \/ Yoast SEO plugin. -->","yoast_head_json":{"title":"TAKEX UM-T50DNSV - OMANI VI\u1ec6T NAM","robots":{"index":"index","follow":"follow","max-snippet":"max-snippet:-1","max-image-preview":"max-image-preview:large","max-video-preview":"max-video-preview:-1"},"canonical":"https:\/\/omanivietnam.com\/index.php\/san-pham\/takex-um-t50dnsv\/","og_locale":"vi_VN","og_type":"article","og_title":"TAKEX UM-T50DNSV - OMANI VI\u1ec6T NAM","og_description":"TAKEX UM-T50DNSV TAKEX Photoelectric sensor UM-T50DSV(UM-TL50S+TR50DSV) UM-T50DNSV ( Included: UM-TR50DNSV + UM-TL50NS + in-line sensitivity adjustment volume ) Model: UM-T50DNSV ( bao g\u1ed3m UM-TR50DNSV + UM-TL50NS + in-line sensitivity adjustment volume ) -&gt; Ng\u01b0ng SX v\u00e0 \u0111\u01b0\u1ee3c thay th\u1ebf: Model: UM-T51DNSV ( bao g\u1ed3m UM-TR51DNSV + UM-TL51NS + in-line sensitivity&hellip;","og_url":"https:\/\/omanivietnam.com\/index.php\/san-pham\/takex-um-t50dnsv\/","og_site_name":"OMANI VI\u1ec6T NAM","article_modified_time":"2024-11-15T22:35:15+00:00","og_image":[{"width":560,"height":229,"url":"https:\/\/omanivietnam.com\/wp-content\/uploads\/2024\/07\/UM-T50DNSV-1.png","type":"image\/png"}],"twitter_card":"summary_large_image","twitter_misc":{"\u01af\u1edbc t\u00ednh th\u1eddi gian \u0111\u1ecdc":"2 ph\u00fat"},"schema":{"@context":"https:\/\/schema.org","@graph":[{"@type":"WebPage","@id":"https:\/\/omanivietnam.com\/index.php\/san-pham\/takex-um-t50dnsv\/","url":"https:\/\/omanivietnam.com\/index.php\/san-pham\/takex-um-t50dnsv\/","name":"TAKEX UM-T50DNSV - OMANI VI\u1ec6T NAM","isPartOf":{"@id":"https:\/\/omanivietnam.com\/#website"},"primaryImageOfPage":{"@id":"https:\/\/omanivietnam.com\/index.php\/san-pham\/takex-um-t50dnsv\/#primaryimage"},"image":{"@id":"https:\/\/omanivietnam.com\/index.php\/san-pham\/takex-um-t50dnsv\/#primaryimage"},"thumbnailUrl":"https:\/\/omanivietnam.com\/wp-content\/uploads\/2024\/07\/UM-T50DNSV-1.png","datePublished":"2024-07-15T22:49:13+00:00","dateModified":"2024-11-15T22:35:15+00:00","breadcrumb":{"@id":"https:\/\/omanivietnam.com\/index.php\/san-pham\/takex-um-t50dnsv\/#breadcrumb"},"inLanguage":"vi","potentialAction":[{"@type":"ReadAction","target":["https:\/\/omanivietnam.com\/index.php\/san-pham\/takex-um-t50dnsv\/"]}]},{"@type":"ImageObject","inLanguage":"vi","@id":"https:\/\/omanivietnam.com\/index.php\/san-pham\/takex-um-t50dnsv\/#primaryimage","url":"https:\/\/omanivietnam.com\/wp-content\/uploads\/2024\/07\/UM-T50DNSV-1.png","contentUrl":"https:\/\/omanivietnam.com\/wp-content\/uploads\/2024\/07\/UM-T50DNSV-1.png","width":560,"height":229},{"@type":"BreadcrumbList","@id":"https:\/\/omanivietnam.com\/index.php\/san-pham\/takex-um-t50dnsv\/#breadcrumb","itemListElement":[{"@type":"ListItem","position":1,"name":"Home","item":"https:\/\/omanivietnam.com\/"},{"@type":"ListItem","position":2,"name":"S\u1ea2N PH\u1ea8M","item":"https:\/\/omanivietnam.com\/index.php\/cua-hang\/"},{"@type":"ListItem","position":3,"name":"TAKEX UM-T50DNSV"}]},{"@type":"WebSite","@id":"https:\/\/omanivietnam.com\/#website","url":"https:\/\/omanivietnam.com\/","name":"OMANI VI\u1ec6T NAM","description":"Nh\u00e0 ph\u00e2n ph\u1ed1i thi\u1ebft b\u1ecb kh\u00ed n\u00e9n v\u00e0 thi\u1ebft b\u1ecb t\u1ef1 \u0111\u1ed9ng h\u00f3a trong c\u00f4ng nghi\u1ec7p","publisher":{"@id":"https:\/\/omanivietnam.com\/#\/schema\/person\/0ad398a980dc3fd696111c2c5c8fa897"},"potentialAction":[{"@type":"SearchAction","target":{"@type":"EntryPoint","urlTemplate":"https:\/\/omanivietnam.com\/?s={search_term_string}"},"query-input":"required name=search_term_string"}],"inLanguage":"vi"},{"@type":["Person","Organization"],"@id":"https:\/\/omanivietnam.com\/#\/schema\/person\/0ad398a980dc3fd696111c2c5c8fa897","name":"Nguy\u1ec5n V\u0103n Kh\u00e1nh","image":{"@type":"ImageObject","inLanguage":"vi","@id":"https:\/\/omanivietnam.com\/#\/schema\/person\/image\/","url":"https:\/\/omanivietnam.com\/wp-content\/uploads\/2024\/06\/logo-1024x1024.png","contentUrl":"https:\/\/omanivietnam.com\/wp-content\/uploads\/2024\/06\/logo-1024x1024.png","width":1024,"height":1024,"caption":"Nguy\u1ec5n V\u0103n Kh\u00e1nh"},"logo":{"@id":"https:\/\/omanivietnam.com\/#\/schema\/person\/image\/"},"sameAs":["https:\/\/omanivietnam.com"]}]}},"_links":{"self":[{"href":"https:\/\/omanivietnam.com\/index.php\/wp-json\/wp\/v2\/product\/1157","targetHints":{"allow":["GET"]}}],"collection":[{"href":"https:\/\/omanivietnam.com\/index.php\/wp-json\/wp\/v2\/product"}],"about":[{"href":"https:\/\/omanivietnam.com\/index.php\/wp-json\/wp\/v2\/types\/product"}],"replies":[{"embeddable":true,"href":"https:\/\/omanivietnam.com\/index.php\/wp-json\/wp\/v2\/comments?post=1157"}],"wp:featuredmedia":[{"embeddable":true,"href":"https:\/\/omanivietnam.com\/index.php\/wp-json\/wp\/v2\/media\/1158"}],"wp:attachment":[{"href":"https:\/\/omanivietnam.com\/index.php\/wp-json\/wp\/v2\/media?parent=1157"}],"wp:term":[{"taxonomy":"product_cat","embeddable":true,"href":"https:\/\/omanivietnam.com\/index.php\/wp-json\/wp\/v2\/product_cat?post=1157"},{"taxonomy":"product_tag","embeddable":true,"href":"https:\/\/omanivietnam.com\/index.php\/wp-json\/wp\/v2\/product_tag?post=1157"}],"curies":[{"name":"wp","href":"https:\/\/api.w.org\/{rel}","templated":true}]}}