{"id":1159,"date":"2024-07-16T05:55:03","date_gmt":"2024-07-15T22:55:03","guid":{"rendered":"https:\/\/omanivietnam.com\/?post_type=product&#038;p=1159"},"modified":"2024-07-16T05:55:03","modified_gmt":"2024-07-15T22:55:03","slug":"takex-um-t51dnsv","status":"publish","type":"product","link":"https:\/\/omanivietnam.com\/index.php\/san-pham\/takex-um-t51dnsv\/","title":{"rendered":"TAKEX UM-T51DNSV"},"content":{"rendered":"<p>TAKEX UM-T51DNSV<\/p>\n<p>UM-T51DNSV<br \/>\n( Included: UM-TR51DNSV + UM-TL51NS + in-line sensitivity adjustment volume )<\/p>\n<p>UM Series<br \/>\n<span class=\"productSubName\">Miniature \/ Side-on Embedded Amplifier Photo Sensors<\/span><\/p>\n<ul class=\"catch\">\n<li>Ultra-mini and attached with M3 screws<\/li>\n<li>Slim slide-on style sensor<\/li>\n<li>Basic function model for applications ranging from flush-mounting to small conveyor lines<\/li>\n<li>In-line sensitivity adjustment<\/li>\n<\/ul>\n<h2>UM Series Lineups<\/h2>\n<table class=\"product_table\">\n<tbody>\n<tr>\n<th>Model<\/th>\n<th>Power supply<\/th>\n<th>Detection method<\/th>\n<th>Detecting distance min (mm)<\/th>\n<th>Detecting distance (mm)<\/th>\n<th>Control output<\/th>\n<th>Operation mode<\/th>\n<th>Light source<\/th>\n<th>Protective structure<\/th>\n<th>Connection<\/th>\n<th><\/th>\n<\/tr>\n<tr>\n<td>UM-T51DNS<\/td>\n<td><\/td>\n<td>Through beam<\/td>\n<td><\/td>\n<td>500.00<\/td>\n<td>NPN<\/td>\n<td>Dark on<\/td>\n<td>Red LED<\/td>\n<td>IP64<\/td>\n<td>Attached cable<\/td>\n<td><\/td>\n<\/tr>\n<tr>\n<td>UM-T51DNSV<\/td>\n<td><\/td>\n<td>Through beam<\/td>\n<td><\/td>\n<td>500.00<\/td>\n<td>NPN<\/td>\n<td>Dark on<\/td>\n<td>Red LED<\/td>\n<td>IP64<\/td>\n<td>Attached cable<\/td>\n<td><\/td>\n<\/tr>\n<tr>\n<td>UM-T51NS<\/td>\n<td><\/td>\n<td>Through beam<\/td>\n<td><\/td>\n<td>500.00<\/td>\n<td>NPN<\/td>\n<td>Light on<\/td>\n<td>Red LED<\/td>\n<td>IP64<\/td>\n<td>Attached cable<\/td>\n<td><\/td>\n<\/tr>\n<tr>\n<td>UM-T51NSV<\/td>\n<td><\/td>\n<td>Through beam<\/td>\n<td><\/td>\n<td>500.00<\/td>\n<td>NPN<\/td>\n<td>Light on<\/td>\n<td>Red LED<\/td>\n<td>IP64<\/td>\n<td>Attached cable<\/td>\n<\/tr>\n<\/tbody>\n<\/table>\n<p>&nbsp;<\/p>\n<p>&nbsp;<\/p>\n<p>\u0110\u1ea1i l\u00fd TAKEX vietnam, TAKEX viet nam, TAKEX vietnam distributor, Ph\u00e2n ph\u1ed1i TAKEX t\u1ea1i vi\u1ec7t nam<\/p>\n<p>\u0110\u1ea1i l\u00fd TAKEX vietnam, TAKEX viet nam,TAKEX vietnam distributor, Ph\u00e2n ph\u1ed1i TAKEX t\u1ea1i vi\u1ec7t nam<\/p>\n<p>\u0110\u1ea1i l\u00fd TAKEX vietnam, TAKEX viet nam, TAKEX vietnam distributor, Ph\u00e2n ph\u1ed1i TAKEX t\u1ea1i vi\u1ec7t nam<\/p>\n<p>\u0110\u1ea1i l\u00fd TAKEX vietnam, TAKEX viet nam, TAKEX vietnam distributor, Ph\u00e2n ph\u1ed1i TAKEX t\u1ea1i vi\u1ec7t nam<\/p>\n<p>\u0110\u1ea1i l\u00fd TAKEX vietnam, TAKEX viet nam, TAKEX vietnam distributor, Ph\u00e2n ph\u1ed1i TAKEX t\u1ea1i vi\u1ec7t nam<\/p>\n<p>&nbsp;<\/p>\n<p>&nbsp;<\/p>\n<p>&nbsp;<\/p>\n","protected":false},"excerpt":{"rendered":"<p>TAKEX UM-T51DNSV UM-T51DNSV ( Included: UM-TR51DNSV + UM-TL51NS + in-line sensitivity adjustment volume ) UM Series Miniature \/ Side-on Embedded Amplifier Photo Sensors Ultra-mini and attached with M3 screws Slim slide-on style sensor Basic function model for applications ranging from flush-mounting to small conveyor lines In-line sensitivity adjustment UM Series&hellip; <\/p>\n","protected":false},"featured_media":1160,"comment_status":"open","ping_status":"closed","template":"","meta":[],"product_cat":[285],"product_tag":[88,192,191],"class_list":{"0":"post-1159","1":"product","2":"type-product","3":"status-publish","4":"has-post-thumbnail","6":"product_cat-takex","7":"product_tag-cam-bien","8":"product_tag-dai-ly-takex-viet-nam","9":"product_tag-takex-viet-nam","11":"first","12":"instock","13":"shipping-taxable","14":"product-type-simple"},"yoast_head":"<!-- This site is optimized with the Yoast SEO plugin v22.8 - https:\/\/yoast.com\/wordpress\/plugins\/seo\/ -->\n<title>TAKEX UM-T51DNSV - OMANI VI\u1ec6T NAM<\/title>\n<meta name=\"robots\" content=\"index, follow, max-snippet:-1, max-image-preview:large, max-video-preview:-1\" \/>\n<link rel=\"canonical\" href=\"https:\/\/omanivietnam.com\/index.php\/san-pham\/takex-um-t51dnsv\/\" \/>\n<meta property=\"og:locale\" content=\"vi_VN\" \/>\n<meta property=\"og:type\" content=\"article\" \/>\n<meta property=\"og:title\" content=\"TAKEX UM-T51DNSV - OMANI VI\u1ec6T NAM\" \/>\n<meta property=\"og:description\" content=\"TAKEX UM-T51DNSV UM-T51DNSV ( Included: UM-TR51DNSV + UM-TL51NS + in-line sensitivity adjustment volume ) UM Series Miniature \/ Side-on Embedded Amplifier Photo Sensors Ultra-mini and attached with M3 screws Slim slide-on style sensor Basic function model for applications ranging from flush-mounting to small conveyor lines In-line sensitivity adjustment UM Series&hellip;\" \/>\n<meta property=\"og:url\" content=\"https:\/\/omanivietnam.com\/index.php\/san-pham\/takex-um-t51dnsv\/\" \/>\n<meta property=\"og:site_name\" content=\"OMANI VI\u1ec6T NAM\" \/>\n<meta property=\"og:image\" content=\"https:\/\/omanivietnam.com\/wp-content\/uploads\/2024\/07\/UM-T51DNSV.png\" \/>\n\t<meta property=\"og:image:width\" content=\"784\" \/>\n\t<meta property=\"og:image:height\" content=\"351\" \/>\n\t<meta property=\"og:image:type\" content=\"image\/png\" \/>\n<meta name=\"twitter:card\" content=\"summary_large_image\" \/>\n<meta name=\"twitter:label1\" content=\"\u01af\u1edbc t\u00ednh th\u1eddi gian \u0111\u1ecdc\" \/>\n\t<meta name=\"twitter:data1\" content=\"2 ph\u00fat\" \/>\n<script type=\"application\/ld+json\" class=\"yoast-schema-graph\">{\"@context\":\"https:\/\/schema.org\",\"@graph\":[{\"@type\":\"WebPage\",\"@id\":\"https:\/\/omanivietnam.com\/index.php\/san-pham\/takex-um-t51dnsv\/\",\"url\":\"https:\/\/omanivietnam.com\/index.php\/san-pham\/takex-um-t51dnsv\/\",\"name\":\"TAKEX UM-T51DNSV - OMANI VI\u1ec6T NAM\",\"isPartOf\":{\"@id\":\"https:\/\/omanivietnam.com\/#website\"},\"primaryImageOfPage\":{\"@id\":\"https:\/\/omanivietnam.com\/index.php\/san-pham\/takex-um-t51dnsv\/#primaryimage\"},\"image\":{\"@id\":\"https:\/\/omanivietnam.com\/index.php\/san-pham\/takex-um-t51dnsv\/#primaryimage\"},\"thumbnailUrl\":\"https:\/\/omanivietnam.com\/wp-content\/uploads\/2024\/07\/UM-T51DNSV.png\",\"datePublished\":\"2024-07-15T22:55:03+00:00\",\"dateModified\":\"2024-07-15T22:55:03+00:00\",\"breadcrumb\":{\"@id\":\"https:\/\/omanivietnam.com\/index.php\/san-pham\/takex-um-t51dnsv\/#breadcrumb\"},\"inLanguage\":\"vi\",\"potentialAction\":[{\"@type\":\"ReadAction\",\"target\":[\"https:\/\/omanivietnam.com\/index.php\/san-pham\/takex-um-t51dnsv\/\"]}]},{\"@type\":\"ImageObject\",\"inLanguage\":\"vi\",\"@id\":\"https:\/\/omanivietnam.com\/index.php\/san-pham\/takex-um-t51dnsv\/#primaryimage\",\"url\":\"https:\/\/omanivietnam.com\/wp-content\/uploads\/2024\/07\/UM-T51DNSV.png\",\"contentUrl\":\"https:\/\/omanivietnam.com\/wp-content\/uploads\/2024\/07\/UM-T51DNSV.png\",\"width\":784,\"height\":351},{\"@type\":\"BreadcrumbList\",\"@id\":\"https:\/\/omanivietnam.com\/index.php\/san-pham\/takex-um-t51dnsv\/#breadcrumb\",\"itemListElement\":[{\"@type\":\"ListItem\",\"position\":1,\"name\":\"Home\",\"item\":\"https:\/\/omanivietnam.com\/\"},{\"@type\":\"ListItem\",\"position\":2,\"name\":\"S\u1ea2N PH\u1ea8M\",\"item\":\"https:\/\/omanivietnam.com\/index.php\/cua-hang\/\"},{\"@type\":\"ListItem\",\"position\":3,\"name\":\"TAKEX UM-T51DNSV\"}]},{\"@type\":\"WebSite\",\"@id\":\"https:\/\/omanivietnam.com\/#website\",\"url\":\"https:\/\/omanivietnam.com\/\",\"name\":\"OMANI VI\u1ec6T NAM\",\"description\":\"Nh\u00e0 ph\u00e2n ph\u1ed1i thi\u1ebft b\u1ecb kh\u00ed n\u00e9n v\u00e0 thi\u1ebft b\u1ecb t\u1ef1 \u0111\u1ed9ng h\u00f3a trong c\u00f4ng nghi\u1ec7p\",\"publisher\":{\"@id\":\"https:\/\/omanivietnam.com\/#\/schema\/person\/0ad398a980dc3fd696111c2c5c8fa897\"},\"potentialAction\":[{\"@type\":\"SearchAction\",\"target\":{\"@type\":\"EntryPoint\",\"urlTemplate\":\"https:\/\/omanivietnam.com\/?s={search_term_string}\"},\"query-input\":\"required name=search_term_string\"}],\"inLanguage\":\"vi\"},{\"@type\":[\"Person\",\"Organization\"],\"@id\":\"https:\/\/omanivietnam.com\/#\/schema\/person\/0ad398a980dc3fd696111c2c5c8fa897\",\"name\":\"Nguy\u1ec5n V\u0103n Kh\u00e1nh\",\"image\":{\"@type\":\"ImageObject\",\"inLanguage\":\"vi\",\"@id\":\"https:\/\/omanivietnam.com\/#\/schema\/person\/image\/\",\"url\":\"https:\/\/omanivietnam.com\/wp-content\/uploads\/2024\/06\/logo-1024x1024.png\",\"contentUrl\":\"https:\/\/omanivietnam.com\/wp-content\/uploads\/2024\/06\/logo-1024x1024.png\",\"width\":1024,\"height\":1024,\"caption\":\"Nguy\u1ec5n V\u0103n Kh\u00e1nh\"},\"logo\":{\"@id\":\"https:\/\/omanivietnam.com\/#\/schema\/person\/image\/\"},\"sameAs\":[\"https:\/\/omanivietnam.com\"]}]}<\/script>\n<!-- \/ Yoast SEO plugin. -->","yoast_head_json":{"title":"TAKEX UM-T51DNSV - OMANI VI\u1ec6T NAM","robots":{"index":"index","follow":"follow","max-snippet":"max-snippet:-1","max-image-preview":"max-image-preview:large","max-video-preview":"max-video-preview:-1"},"canonical":"https:\/\/omanivietnam.com\/index.php\/san-pham\/takex-um-t51dnsv\/","og_locale":"vi_VN","og_type":"article","og_title":"TAKEX UM-T51DNSV - OMANI VI\u1ec6T NAM","og_description":"TAKEX UM-T51DNSV UM-T51DNSV ( Included: UM-TR51DNSV + UM-TL51NS + in-line sensitivity adjustment volume ) UM Series Miniature \/ Side-on Embedded Amplifier Photo Sensors Ultra-mini and attached with M3 screws Slim slide-on style sensor Basic function model for applications ranging from flush-mounting to small conveyor lines In-line sensitivity adjustment UM Series&hellip;","og_url":"https:\/\/omanivietnam.com\/index.php\/san-pham\/takex-um-t51dnsv\/","og_site_name":"OMANI VI\u1ec6T NAM","og_image":[{"width":784,"height":351,"url":"https:\/\/omanivietnam.com\/wp-content\/uploads\/2024\/07\/UM-T51DNSV.png","type":"image\/png"}],"twitter_card":"summary_large_image","twitter_misc":{"\u01af\u1edbc t\u00ednh th\u1eddi gian \u0111\u1ecdc":"2 ph\u00fat"},"schema":{"@context":"https:\/\/schema.org","@graph":[{"@type":"WebPage","@id":"https:\/\/omanivietnam.com\/index.php\/san-pham\/takex-um-t51dnsv\/","url":"https:\/\/omanivietnam.com\/index.php\/san-pham\/takex-um-t51dnsv\/","name":"TAKEX UM-T51DNSV - OMANI VI\u1ec6T NAM","isPartOf":{"@id":"https:\/\/omanivietnam.com\/#website"},"primaryImageOfPage":{"@id":"https:\/\/omanivietnam.com\/index.php\/san-pham\/takex-um-t51dnsv\/#primaryimage"},"image":{"@id":"https:\/\/omanivietnam.com\/index.php\/san-pham\/takex-um-t51dnsv\/#primaryimage"},"thumbnailUrl":"https:\/\/omanivietnam.com\/wp-content\/uploads\/2024\/07\/UM-T51DNSV.png","datePublished":"2024-07-15T22:55:03+00:00","dateModified":"2024-07-15T22:55:03+00:00","breadcrumb":{"@id":"https:\/\/omanivietnam.com\/index.php\/san-pham\/takex-um-t51dnsv\/#breadcrumb"},"inLanguage":"vi","potentialAction":[{"@type":"ReadAction","target":["https:\/\/omanivietnam.com\/index.php\/san-pham\/takex-um-t51dnsv\/"]}]},{"@type":"ImageObject","inLanguage":"vi","@id":"https:\/\/omanivietnam.com\/index.php\/san-pham\/takex-um-t51dnsv\/#primaryimage","url":"https:\/\/omanivietnam.com\/wp-content\/uploads\/2024\/07\/UM-T51DNSV.png","contentUrl":"https:\/\/omanivietnam.com\/wp-content\/uploads\/2024\/07\/UM-T51DNSV.png","width":784,"height":351},{"@type":"BreadcrumbList","@id":"https:\/\/omanivietnam.com\/index.php\/san-pham\/takex-um-t51dnsv\/#breadcrumb","itemListElement":[{"@type":"ListItem","position":1,"name":"Home","item":"https:\/\/omanivietnam.com\/"},{"@type":"ListItem","position":2,"name":"S\u1ea2N PH\u1ea8M","item":"https:\/\/omanivietnam.com\/index.php\/cua-hang\/"},{"@type":"ListItem","position":3,"name":"TAKEX UM-T51DNSV"}]},{"@type":"WebSite","@id":"https:\/\/omanivietnam.com\/#website","url":"https:\/\/omanivietnam.com\/","name":"OMANI VI\u1ec6T NAM","description":"Nh\u00e0 ph\u00e2n ph\u1ed1i thi\u1ebft b\u1ecb kh\u00ed n\u00e9n v\u00e0 thi\u1ebft b\u1ecb t\u1ef1 \u0111\u1ed9ng h\u00f3a trong c\u00f4ng nghi\u1ec7p","publisher":{"@id":"https:\/\/omanivietnam.com\/#\/schema\/person\/0ad398a980dc3fd696111c2c5c8fa897"},"potentialAction":[{"@type":"SearchAction","target":{"@type":"EntryPoint","urlTemplate":"https:\/\/omanivietnam.com\/?s={search_term_string}"},"query-input":"required name=search_term_string"}],"inLanguage":"vi"},{"@type":["Person","Organization"],"@id":"https:\/\/omanivietnam.com\/#\/schema\/person\/0ad398a980dc3fd696111c2c5c8fa897","name":"Nguy\u1ec5n V\u0103n Kh\u00e1nh","image":{"@type":"ImageObject","inLanguage":"vi","@id":"https:\/\/omanivietnam.com\/#\/schema\/person\/image\/","url":"https:\/\/omanivietnam.com\/wp-content\/uploads\/2024\/06\/logo-1024x1024.png","contentUrl":"https:\/\/omanivietnam.com\/wp-content\/uploads\/2024\/06\/logo-1024x1024.png","width":1024,"height":1024,"caption":"Nguy\u1ec5n V\u0103n Kh\u00e1nh"},"logo":{"@id":"https:\/\/omanivietnam.com\/#\/schema\/person\/image\/"},"sameAs":["https:\/\/omanivietnam.com"]}]}},"_links":{"self":[{"href":"https:\/\/omanivietnam.com\/index.php\/wp-json\/wp\/v2\/product\/1159","targetHints":{"allow":["GET"]}}],"collection":[{"href":"https:\/\/omanivietnam.com\/index.php\/wp-json\/wp\/v2\/product"}],"about":[{"href":"https:\/\/omanivietnam.com\/index.php\/wp-json\/wp\/v2\/types\/product"}],"replies":[{"embeddable":true,"href":"https:\/\/omanivietnam.com\/index.php\/wp-json\/wp\/v2\/comments?post=1159"}],"wp:featuredmedia":[{"embeddable":true,"href":"https:\/\/omanivietnam.com\/index.php\/wp-json\/wp\/v2\/media\/1160"}],"wp:attachment":[{"href":"https:\/\/omanivietnam.com\/index.php\/wp-json\/wp\/v2\/media?parent=1159"}],"wp:term":[{"taxonomy":"product_cat","embeddable":true,"href":"https:\/\/omanivietnam.com\/index.php\/wp-json\/wp\/v2\/product_cat?post=1159"},{"taxonomy":"product_tag","embeddable":true,"href":"https:\/\/omanivietnam.com\/index.php\/wp-json\/wp\/v2\/product_tag?post=1159"}],"curies":[{"name":"wp","href":"https:\/\/api.w.org\/{rel}","templated":true}]}}