{"id":1161,"date":"2024-07-16T06:08:33","date_gmt":"2024-07-15T23:08:33","guid":{"rendered":"https:\/\/omanivietnam.com\/?post_type=product&#038;p=1161"},"modified":"2024-07-16T06:08:33","modified_gmt":"2024-07-15T23:08:33","slug":"takex-gt3rsn","status":"publish","type":"product","link":"https:\/\/omanivietnam.com\/index.php\/san-pham\/takex-gt3rsn\/","title":{"rendered":"TAKEX GT3RSN"},"content":{"rendered":"<p>TAKEX GT3RSN<\/p>\n<p class=\"indIKd GW0XC cS4Vcb-pGL6qe-fwJd0c\">TAKEX Photoelectric switch GT3RSN (GTL3RSN+GTR3RSN)<\/p>\n<p class=\"content__heading content__heading--line\">MINI-G SERIES<\/p>\n<ul>\n<li>Ultra-compact size used for built-in use for over 25 years<\/li>\n<li>Various types such as head-on, wide diffuse reflective, high power or convergent reflective<\/li>\n<li>M3 threaded screw can be used for all models<\/li>\n<li>Water resistance complying with IP67<\/li>\n<li>Stability output is included standard\n<ul>\n<li>High-power light transmitting business cards: GT1SN, GT1N<\/li>\n<li>Long detecting distance of 10 m: GT3RSN<\/li>\n<li>High-performance detection at a short distance: GS5SN, GS5N<\/li>\n<li>Less affected by background: limited reflection type<\/li>\n<li>Easy light axis alignment: red LED type<\/li>\n<\/ul>\n<\/li>\n<\/ul>\n<div class=\"series-listing__head d-flex bg-lightgrey align-items-center border border-lightgrey position-relative\">\n<div class=\"heading p-4\">\n<h3 class=\"mb-0 h2 title d-flex align-items-center\">Mini-G Series<\/h3>\n<\/div>\n<\/div>\n<div class=\"table-responsive\">\n<table class=\"table table-series m-0\">\n<thead>\n<tr>\n<th>MODEL<\/th>\n<th>DETECTION METHOD<\/th>\n<th>DETECTING DISTANCE<\/th>\n<th>TYPE<\/th>\n<th>OUTPUT MODE<\/th>\n<th>PROTECTIVE STRUCTURE<\/th>\n<th><\/th>\n<\/tr>\n<\/thead>\n<tbody>\n<tr id=\"GSM2RSN\">\n<td>GSM2RSN<\/td>\n<td>Retroreflective<\/td>\n<td>0.01 &#8211; 2\uff4d<\/td>\n<td>Side-on<\/td>\n<td>NPN<\/td>\n<td>IP67<\/td>\n<td><\/td>\n<\/tr>\n<tr id=\"GSM2RSPN\">\n<td>GSM2RSPN<\/td>\n<td>Retroreflective<\/td>\n<td>0.01 &#8211; 2\uff4d<\/td>\n<td>Side-on<\/td>\n<td>PNP<\/td>\n<td>IP67<\/td>\n<td><\/td>\n<\/tr>\n<tr id=\"GSZ3RSN\">\n<td>GSZ3RSN<\/td>\n<td>Convergent reflective<\/td>\n<td>3 &#8211; 30mm<\/td>\n<td>Side-on<\/td>\n<td>NPN<\/td>\n<td>IP67<\/td>\n<td><\/td>\n<\/tr>\n<tr id=\"GSZ3RSPN\">\n<td>GSZ3RSPN<\/td>\n<td>Convergent reflective<\/td>\n<td>3- 30mm<\/td>\n<td>Side-on<\/td>\n<td>PNP<\/td>\n<td>IP67<\/td>\n<td>\n<div class=\"no-wrap\"><\/div>\n<\/td>\n<\/tr>\n<tr id=\"GSZ3SN\">\n<td>GSZ3SN<\/td>\n<td>Convergent reflective<\/td>\n<td>1 &#8211; 40mm<\/td>\n<td>Side-on<\/td>\n<td>NPN<\/td>\n<td>IP67<\/td>\n<td><\/td>\n<\/tr>\n<tr id=\"GSZ3SPN\">\n<td>GSZ3SPN<\/td>\n<td>Convergent reflective<\/td>\n<td>1 &#8211; 40mm<\/td>\n<td>Side-on<\/td>\n<td>PNP<\/td>\n<td>IP67<\/td>\n<td><\/td>\n<\/tr>\n<tr id=\"GS5N\">\n<td>GS5N<\/td>\n<td>Diffuse reflective<\/td>\n<td>70mm<\/td>\n<td>Head-on<\/td>\n<td>NPN<\/td>\n<td>IP67<\/td>\n<td><\/td>\n<\/tr>\n<tr id=\"GS5PN\">\n<td>GS5PN<\/td>\n<td>Diffuse reflective<\/td>\n<td>70mm<\/td>\n<td>Head-on<\/td>\n<td>PNP<\/td>\n<td>IP67<\/td>\n<td><\/td>\n<\/tr>\n<tr id=\"GS5SN\">\n<td>GS5SN<\/td>\n<td>Diffuse reflective<\/td>\n<td>70mm<\/td>\n<td>Side-on<\/td>\n<td>NPN<\/td>\n<td>IP67<\/td>\n<td><\/td>\n<\/tr>\n<tr id=\"GS5SPN\">\n<td>GS5SPN<\/td>\n<td>Diffuse reflective<\/td>\n<td>70mm<\/td>\n<td>Side-on<\/td>\n<td>PNP<\/td>\n<td>IP67<\/td>\n<td><\/td>\n<\/tr>\n<tr id=\"GS20N\">\n<td>GS20N<\/td>\n<td>Diffuse reflective<\/td>\n<td>200mm<\/td>\n<td>Head-on<\/td>\n<td>NPN<\/td>\n<td>IP67<\/td>\n<td><\/td>\n<\/tr>\n<tr id=\"GS20PN\">\n<td>GS20PN<\/td>\n<td>Diffuse reflective<\/td>\n<td>200mm<\/td>\n<td>Head-on<\/td>\n<td>PNP<\/td>\n<td>IP67<\/td>\n<td><\/td>\n<\/tr>\n<tr id=\"GS20RN\">\n<td>GS20RN<\/td>\n<td>Diffuse reflective<\/td>\n<td>300mm<\/td>\n<td>Head-on<\/td>\n<td>NPN<\/td>\n<td>IP67<\/td>\n<td><\/td>\n<\/tr>\n<tr id=\"GS20RPN\">\n<td>GS20RPN<\/td>\n<td>Diffuse reflective<\/td>\n<td>300mm<\/td>\n<td>Head-on<\/td>\n<td>PNP<\/td>\n<td>IP67<\/td>\n<td><\/td>\n<\/tr>\n<tr id=\"GS20RSN\">\n<td>GS20RSN<\/td>\n<td>Diffuse reflective<\/td>\n<td>400mm<\/td>\n<td>Side-on<\/td>\n<td>NPN<\/td>\n<td>IP67<\/td>\n<td><\/td>\n<\/tr>\n<tr id=\"GS20RSPN\">\n<td>GS20RSPN<\/td>\n<td>Diffuse reflective<\/td>\n<td>400mm<\/td>\n<td>Side-on<\/td>\n<td>PNP<\/td>\n<td>IP67<\/td>\n<td><\/td>\n<\/tr>\n<tr id=\"GS20SN\">\n<td>GS20SN<\/td>\n<td>Diffuse reflective<\/td>\n<td>300mm<\/td>\n<td>Side-on<\/td>\n<td>NPN<\/td>\n<td>IP67<\/td>\n<td><\/td>\n<\/tr>\n<tr id=\"GS20SPN\">\n<td>GS20SPN<\/td>\n<td>Diffuse reflective<\/td>\n<td>300mm<\/td>\n<td>Side-on<\/td>\n<td>PNP<\/td>\n<td>IP67<\/td>\n<td><\/td>\n<\/tr>\n<tr id=\"GT1N\">\n<td>GT1N<\/td>\n<td>Through beam<\/td>\n<td>1\uff4d<\/td>\n<td>Head-on<\/td>\n<td>NPN<\/td>\n<td>IP67<\/td>\n<td><\/td>\n<\/tr>\n<tr id=\"GT1PN\">\n<td>GT1PN<\/td>\n<td>Through beam<\/td>\n<td>1\uff4d<\/td>\n<td>Head-on<\/td>\n<td>NPN<\/td>\n<td><\/td>\n<td><\/td>\n<\/tr>\n<tr id=\"GT1SN\">\n<td>GT1SN<\/td>\n<td>Through beam<\/td>\n<td>1\uff4d<\/td>\n<td>Side-on<\/td>\n<td>NPN<\/td>\n<td>IP67<\/td>\n<td><\/td>\n<\/tr>\n<tr id=\"GT1SPN\">\n<td>GT1SPN<\/td>\n<td>Through beam<\/td>\n<td>1\uff4d<\/td>\n<td>Side-on<\/td>\n<td>PNP<\/td>\n<td><\/td>\n<td><\/td>\n<\/tr>\n<tr id=\"GT3N\">\n<td>GT3N<\/td>\n<td>Through beam<\/td>\n<td>7m<\/td>\n<td>Head-on<\/td>\n<td>NPN<\/td>\n<td>IP67<\/td>\n<td><\/td>\n<\/tr>\n<tr id=\"GT3PN\">\n<td>GT3PN<\/td>\n<td>Through beam<\/td>\n<td>7m<\/td>\n<td>Head-on<\/td>\n<td>PNP<\/td>\n<td>IP67<\/td>\n<td><\/td>\n<\/tr>\n<tr id=\"GT3RSN\">\n<td>GT3RSN<\/td>\n<td>Through beam<\/td>\n<td>10m<\/td>\n<td>Side-on<\/td>\n<td>NPN<\/td>\n<td>IP67<\/td>\n<td><\/td>\n<\/tr>\n<tr id=\"GT3RSPN\">\n<td>GT3RSPN<\/td>\n<td>Through beam<\/td>\n<td>10m<\/td>\n<td>Side-on<\/td>\n<td>PNP<\/td>\n<td>IP67<\/td>\n<td><\/td>\n<\/tr>\n<tr id=\"GT7SN\">\n<td>GT7SN<\/td>\n<td>Through beam<\/td>\n<td>7m<\/td>\n<td>Side-on<\/td>\n<td>NPN<\/td>\n<td>IP67<\/td>\n<td><\/td>\n<\/tr>\n<tr id=\"GT7SPN\">\n<td>GT7SPN<\/td>\n<td>Through beam<\/td>\n<td>7m<\/td>\n<td>Side-on<\/td>\n<td>PNP<\/td>\n<td>IP67<\/td>\n<td><\/td>\n<\/tr>\n<\/tbody>\n<\/table>\n<\/div>\n<p>\u0110\u1ea1i l\u00fd TAKEX vietnam, TAKEX viet nam, TAKEX vietnam distributor, Ph\u00e2n ph\u1ed1i TAKEX t\u1ea1i vi\u1ec7t nam<\/p>\n<p>\u0110\u1ea1i l\u00fd TAKEX vietnam, TAKEX viet nam,TAKEX vietnam distributor, Ph\u00e2n ph\u1ed1i TAKEX t\u1ea1i vi\u1ec7t nam<\/p>\n<p>\u0110\u1ea1i l\u00fd TAKEX vietnam, TAKEX viet nam, TAKEX vietnam distributor, Ph\u00e2n ph\u1ed1i TAKEX t\u1ea1i vi\u1ec7t nam<\/p>\n<p>\u0110\u1ea1i l\u00fd TAKEX vietnam, TAKEX viet nam, TAKEX vietnam distributor, Ph\u00e2n ph\u1ed1i TAKEX t\u1ea1i vi\u1ec7t nam<\/p>\n<p>\u0110\u1ea1i l\u00fd TAKEX vietnam, TAKEX viet nam, TAKEX vietnam distributor, Ph\u00e2n ph\u1ed1i TAKEX t\u1ea1i vi\u1ec7t nam<\/p>\n","protected":false},"excerpt":{"rendered":"<p>TAKEX GT3RSN TAKEX Photoelectric switch GT3RSN (GTL3RSN+GTR3RSN) MINI-G SERIES Ultra-compact size used for built-in use for over 25 years Various types such as head-on, wide diffuse reflective, high power or convergent reflective M3 threaded screw can be used for all models Water resistance complying with IP67 Stability output is included&hellip; <\/p>\n","protected":false},"featured_media":1162,"comment_status":"open","ping_status":"closed","template":"","meta":[],"product_cat":[285],"product_tag":[88,192,191],"class_list":{"0":"post-1161","1":"product","2":"type-product","3":"status-publish","4":"has-post-thumbnail","6":"product_cat-takex","7":"product_tag-cam-bien","8":"product_tag-dai-ly-takex-viet-nam","9":"product_tag-takex-viet-nam","11":"first","12":"instock","13":"shipping-taxable","14":"product-type-simple"},"yoast_head":"<!-- This site is optimized with the Yoast SEO plugin v22.8 - https:\/\/yoast.com\/wordpress\/plugins\/seo\/ -->\n<title>TAKEX GT3RSN - OMANI VI\u1ec6T NAM<\/title>\n<meta name=\"robots\" content=\"index, follow, max-snippet:-1, max-image-preview:large, max-video-preview:-1\" \/>\n<link rel=\"canonical\" href=\"https:\/\/omanivietnam.com\/index.php\/san-pham\/takex-gt3rsn\/\" \/>\n<meta property=\"og:locale\" content=\"vi_VN\" \/>\n<meta property=\"og:type\" content=\"article\" \/>\n<meta property=\"og:title\" content=\"TAKEX GT3RSN - OMANI VI\u1ec6T NAM\" \/>\n<meta property=\"og:description\" content=\"TAKEX GT3RSN TAKEX Photoelectric switch GT3RSN (GTL3RSN+GTR3RSN) MINI-G SERIES Ultra-compact size used for built-in use for over 25 years Various types such as head-on, wide diffuse reflective, high power or convergent reflective M3 threaded screw can be used for all models Water resistance complying with IP67 Stability output is included&hellip;\" \/>\n<meta property=\"og:url\" content=\"https:\/\/omanivietnam.com\/index.php\/san-pham\/takex-gt3rsn\/\" \/>\n<meta property=\"og:site_name\" content=\"OMANI VI\u1ec6T NAM\" \/>\n<meta property=\"og:image\" content=\"https:\/\/omanivietnam.com\/wp-content\/uploads\/2024\/07\/GT3RSN.png\" \/>\n\t<meta property=\"og:image:width\" content=\"598\" \/>\n\t<meta property=\"og:image:height\" content=\"355\" \/>\n\t<meta property=\"og:image:type\" content=\"image\/png\" \/>\n<meta name=\"twitter:card\" content=\"summary_large_image\" \/>\n<meta name=\"twitter:label1\" content=\"\u01af\u1edbc t\u00ednh th\u1eddi gian \u0111\u1ecdc\" \/>\n\t<meta name=\"twitter:data1\" content=\"3 ph\u00fat\" \/>\n<script type=\"application\/ld+json\" class=\"yoast-schema-graph\">{\"@context\":\"https:\/\/schema.org\",\"@graph\":[{\"@type\":\"WebPage\",\"@id\":\"https:\/\/omanivietnam.com\/index.php\/san-pham\/takex-gt3rsn\/\",\"url\":\"https:\/\/omanivietnam.com\/index.php\/san-pham\/takex-gt3rsn\/\",\"name\":\"TAKEX GT3RSN - OMANI VI\u1ec6T NAM\",\"isPartOf\":{\"@id\":\"https:\/\/omanivietnam.com\/#website\"},\"primaryImageOfPage\":{\"@id\":\"https:\/\/omanivietnam.com\/index.php\/san-pham\/takex-gt3rsn\/#primaryimage\"},\"image\":{\"@id\":\"https:\/\/omanivietnam.com\/index.php\/san-pham\/takex-gt3rsn\/#primaryimage\"},\"thumbnailUrl\":\"https:\/\/omanivietnam.com\/wp-content\/uploads\/2024\/07\/GT3RSN.png\",\"datePublished\":\"2024-07-15T23:08:33+00:00\",\"dateModified\":\"2024-07-15T23:08:33+00:00\",\"breadcrumb\":{\"@id\":\"https:\/\/omanivietnam.com\/index.php\/san-pham\/takex-gt3rsn\/#breadcrumb\"},\"inLanguage\":\"vi\",\"potentialAction\":[{\"@type\":\"ReadAction\",\"target\":[\"https:\/\/omanivietnam.com\/index.php\/san-pham\/takex-gt3rsn\/\"]}]},{\"@type\":\"ImageObject\",\"inLanguage\":\"vi\",\"@id\":\"https:\/\/omanivietnam.com\/index.php\/san-pham\/takex-gt3rsn\/#primaryimage\",\"url\":\"https:\/\/omanivietnam.com\/wp-content\/uploads\/2024\/07\/GT3RSN.png\",\"contentUrl\":\"https:\/\/omanivietnam.com\/wp-content\/uploads\/2024\/07\/GT3RSN.png\",\"width\":598,\"height\":355},{\"@type\":\"BreadcrumbList\",\"@id\":\"https:\/\/omanivietnam.com\/index.php\/san-pham\/takex-gt3rsn\/#breadcrumb\",\"itemListElement\":[{\"@type\":\"ListItem\",\"position\":1,\"name\":\"Home\",\"item\":\"https:\/\/omanivietnam.com\/\"},{\"@type\":\"ListItem\",\"position\":2,\"name\":\"S\u1ea2N PH\u1ea8M\",\"item\":\"https:\/\/omanivietnam.com\/index.php\/cua-hang\/\"},{\"@type\":\"ListItem\",\"position\":3,\"name\":\"TAKEX GT3RSN\"}]},{\"@type\":\"WebSite\",\"@id\":\"https:\/\/omanivietnam.com\/#website\",\"url\":\"https:\/\/omanivietnam.com\/\",\"name\":\"OMANI VI\u1ec6T NAM\",\"description\":\"Nh\u00e0 ph\u00e2n ph\u1ed1i thi\u1ebft b\u1ecb kh\u00ed n\u00e9n v\u00e0 thi\u1ebft b\u1ecb t\u1ef1 \u0111\u1ed9ng h\u00f3a trong c\u00f4ng nghi\u1ec7p\",\"publisher\":{\"@id\":\"https:\/\/omanivietnam.com\/#\/schema\/person\/0ad398a980dc3fd696111c2c5c8fa897\"},\"potentialAction\":[{\"@type\":\"SearchAction\",\"target\":{\"@type\":\"EntryPoint\",\"urlTemplate\":\"https:\/\/omanivietnam.com\/?s={search_term_string}\"},\"query-input\":\"required name=search_term_string\"}],\"inLanguage\":\"vi\"},{\"@type\":[\"Person\",\"Organization\"],\"@id\":\"https:\/\/omanivietnam.com\/#\/schema\/person\/0ad398a980dc3fd696111c2c5c8fa897\",\"name\":\"Nguy\u1ec5n V\u0103n Kh\u00e1nh\",\"image\":{\"@type\":\"ImageObject\",\"inLanguage\":\"vi\",\"@id\":\"https:\/\/omanivietnam.com\/#\/schema\/person\/image\/\",\"url\":\"https:\/\/omanivietnam.com\/wp-content\/uploads\/2024\/06\/logo-1024x1024.png\",\"contentUrl\":\"https:\/\/omanivietnam.com\/wp-content\/uploads\/2024\/06\/logo-1024x1024.png\",\"width\":1024,\"height\":1024,\"caption\":\"Nguy\u1ec5n V\u0103n Kh\u00e1nh\"},\"logo\":{\"@id\":\"https:\/\/omanivietnam.com\/#\/schema\/person\/image\/\"},\"sameAs\":[\"https:\/\/omanivietnam.com\"]}]}<\/script>\n<!-- \/ Yoast SEO plugin. -->","yoast_head_json":{"title":"TAKEX GT3RSN - OMANI VI\u1ec6T NAM","robots":{"index":"index","follow":"follow","max-snippet":"max-snippet:-1","max-image-preview":"max-image-preview:large","max-video-preview":"max-video-preview:-1"},"canonical":"https:\/\/omanivietnam.com\/index.php\/san-pham\/takex-gt3rsn\/","og_locale":"vi_VN","og_type":"article","og_title":"TAKEX GT3RSN - OMANI VI\u1ec6T NAM","og_description":"TAKEX GT3RSN TAKEX Photoelectric switch GT3RSN (GTL3RSN+GTR3RSN) MINI-G SERIES Ultra-compact size used for built-in use for over 25 years Various types such as head-on, wide diffuse reflective, high power or convergent reflective M3 threaded screw can be used for all models Water resistance complying with IP67 Stability output is included&hellip;","og_url":"https:\/\/omanivietnam.com\/index.php\/san-pham\/takex-gt3rsn\/","og_site_name":"OMANI VI\u1ec6T NAM","og_image":[{"width":598,"height":355,"url":"https:\/\/omanivietnam.com\/wp-content\/uploads\/2024\/07\/GT3RSN.png","type":"image\/png"}],"twitter_card":"summary_large_image","twitter_misc":{"\u01af\u1edbc t\u00ednh th\u1eddi gian \u0111\u1ecdc":"3 ph\u00fat"},"schema":{"@context":"https:\/\/schema.org","@graph":[{"@type":"WebPage","@id":"https:\/\/omanivietnam.com\/index.php\/san-pham\/takex-gt3rsn\/","url":"https:\/\/omanivietnam.com\/index.php\/san-pham\/takex-gt3rsn\/","name":"TAKEX GT3RSN - OMANI VI\u1ec6T NAM","isPartOf":{"@id":"https:\/\/omanivietnam.com\/#website"},"primaryImageOfPage":{"@id":"https:\/\/omanivietnam.com\/index.php\/san-pham\/takex-gt3rsn\/#primaryimage"},"image":{"@id":"https:\/\/omanivietnam.com\/index.php\/san-pham\/takex-gt3rsn\/#primaryimage"},"thumbnailUrl":"https:\/\/omanivietnam.com\/wp-content\/uploads\/2024\/07\/GT3RSN.png","datePublished":"2024-07-15T23:08:33+00:00","dateModified":"2024-07-15T23:08:33+00:00","breadcrumb":{"@id":"https:\/\/omanivietnam.com\/index.php\/san-pham\/takex-gt3rsn\/#breadcrumb"},"inLanguage":"vi","potentialAction":[{"@type":"ReadAction","target":["https:\/\/omanivietnam.com\/index.php\/san-pham\/takex-gt3rsn\/"]}]},{"@type":"ImageObject","inLanguage":"vi","@id":"https:\/\/omanivietnam.com\/index.php\/san-pham\/takex-gt3rsn\/#primaryimage","url":"https:\/\/omanivietnam.com\/wp-content\/uploads\/2024\/07\/GT3RSN.png","contentUrl":"https:\/\/omanivietnam.com\/wp-content\/uploads\/2024\/07\/GT3RSN.png","width":598,"height":355},{"@type":"BreadcrumbList","@id":"https:\/\/omanivietnam.com\/index.php\/san-pham\/takex-gt3rsn\/#breadcrumb","itemListElement":[{"@type":"ListItem","position":1,"name":"Home","item":"https:\/\/omanivietnam.com\/"},{"@type":"ListItem","position":2,"name":"S\u1ea2N PH\u1ea8M","item":"https:\/\/omanivietnam.com\/index.php\/cua-hang\/"},{"@type":"ListItem","position":3,"name":"TAKEX GT3RSN"}]},{"@type":"WebSite","@id":"https:\/\/omanivietnam.com\/#website","url":"https:\/\/omanivietnam.com\/","name":"OMANI VI\u1ec6T NAM","description":"Nh\u00e0 ph\u00e2n ph\u1ed1i thi\u1ebft b\u1ecb kh\u00ed n\u00e9n v\u00e0 thi\u1ebft b\u1ecb t\u1ef1 \u0111\u1ed9ng h\u00f3a trong c\u00f4ng nghi\u1ec7p","publisher":{"@id":"https:\/\/omanivietnam.com\/#\/schema\/person\/0ad398a980dc3fd696111c2c5c8fa897"},"potentialAction":[{"@type":"SearchAction","target":{"@type":"EntryPoint","urlTemplate":"https:\/\/omanivietnam.com\/?s={search_term_string}"},"query-input":"required name=search_term_string"}],"inLanguage":"vi"},{"@type":["Person","Organization"],"@id":"https:\/\/omanivietnam.com\/#\/schema\/person\/0ad398a980dc3fd696111c2c5c8fa897","name":"Nguy\u1ec5n V\u0103n Kh\u00e1nh","image":{"@type":"ImageObject","inLanguage":"vi","@id":"https:\/\/omanivietnam.com\/#\/schema\/person\/image\/","url":"https:\/\/omanivietnam.com\/wp-content\/uploads\/2024\/06\/logo-1024x1024.png","contentUrl":"https:\/\/omanivietnam.com\/wp-content\/uploads\/2024\/06\/logo-1024x1024.png","width":1024,"height":1024,"caption":"Nguy\u1ec5n V\u0103n Kh\u00e1nh"},"logo":{"@id":"https:\/\/omanivietnam.com\/#\/schema\/person\/image\/"},"sameAs":["https:\/\/omanivietnam.com"]}]}},"_links":{"self":[{"href":"https:\/\/omanivietnam.com\/index.php\/wp-json\/wp\/v2\/product\/1161","targetHints":{"allow":["GET"]}}],"collection":[{"href":"https:\/\/omanivietnam.com\/index.php\/wp-json\/wp\/v2\/product"}],"about":[{"href":"https:\/\/omanivietnam.com\/index.php\/wp-json\/wp\/v2\/types\/product"}],"replies":[{"embeddable":true,"href":"https:\/\/omanivietnam.com\/index.php\/wp-json\/wp\/v2\/comments?post=1161"}],"wp:featuredmedia":[{"embeddable":true,"href":"https:\/\/omanivietnam.com\/index.php\/wp-json\/wp\/v2\/media\/1162"}],"wp:attachment":[{"href":"https:\/\/omanivietnam.com\/index.php\/wp-json\/wp\/v2\/media?parent=1161"}],"wp:term":[{"taxonomy":"product_cat","embeddable":true,"href":"https:\/\/omanivietnam.com\/index.php\/wp-json\/wp\/v2\/product_cat?post=1161"},{"taxonomy":"product_tag","embeddable":true,"href":"https:\/\/omanivietnam.com\/index.php\/wp-json\/wp\/v2\/product_tag?post=1161"}],"curies":[{"name":"wp","href":"https:\/\/api.w.org\/{rel}","templated":true}]}}