{"id":1170,"date":"2024-07-17T05:41:56","date_gmt":"2024-07-16T22:41:56","guid":{"rendered":"https:\/\/omanivietnam.com\/?post_type=product&#038;p=1170"},"modified":"2024-07-17T05:41:56","modified_gmt":"2024-07-16T22:41:56","slug":"vmeca-vtm20-c","status":"publish","type":"product","link":"https:\/\/omanivietnam.com\/index.php\/san-pham\/vmeca-vtm20-c\/","title":{"rendered":"VMECA VTM20-C"},"content":{"rendered":"<p>VMECA VTM20-C<\/p>\n<p class=\"product_title entry-title fusion-responsive-typography-calculated\" data-fontsize=\"24\" data-lineheight=\"27.12px\">VTM20<\/p>\n<p class=\"product-border fusion-separator sep-double sep-solid\">\n<div class=\"post-content woocommerce-product-details__short-description\">\n<p class=\"fusion-responsive-typography-calculated\" data-fontsize=\"21\" data-lineheight=\"31.5px\"><strong>Mini Vacuum Pump<\/strong><\/p>\n<ul>\n<li><a>Max Vacuum Level: -85 kPa<\/a><\/li>\n<li><a>Open Vacuum Flow: 149 Nl\/min<\/a><\/li>\n<li><a>Air Consumption: 84 Nl\/min @ 5.5 bar<\/a><\/li>\n<\/ul>\n<p>VMECA Mini Pumps are lightweight and compact but features extreme strength while conserving energy and air. The Mini Pumps\u2019 condensed size enables it to be placed in dense and tight environment but still be able to provide the optimal power the machines need.<\/p>\n<ul>\n<li>Extremely compact and lightweight<\/li>\n<li><a>Body material available in aluminum and plastic\u00a0<\/a><\/li>\n<li><a>Efficient energy and air consumption<\/a><\/li>\n<li><a>Reliable performance\u00a0<\/a><\/li>\n<li><a>Multi-stage ejector<\/a><\/li>\n<\/ul>\n<p><strong>1. Basic Model<\/strong><\/p>\n<table class=\"vmeca-table-1\" border=\"0\" width=\"100%\" cellspacing=\"0\" cellpadding=\"0\">\n<tbody>\n<tr>\n<td width=\"20%\"><strong>Symbol<\/strong><\/td>\n<td width=\"80%\"><strong>Description<\/strong><\/td>\n<\/tr>\n<tr>\n<td>VTM20<\/td>\n<td>Mini vacuum pump, VTM20 series<\/td>\n<\/tr>\n<\/tbody>\n<\/table>\n<p><strong>2. Body Type<\/strong><\/p>\n<table class=\"vmeca-table-1\" border=\"0\" width=\"100%\" cellspacing=\"0\" cellpadding=\"0\">\n<tbody>\n<tr>\n<td width=\"20%\"><strong>Symbol<\/strong><\/td>\n<td width=\"80%\"><strong>Description<\/strong><\/td>\n<\/tr>\n<tr>\n<td>B<\/td>\n<td>G1\/8 air supply port, G3\/8 vacuum port, internal silencer<\/td>\n<\/tr>\n<tr>\n<td>BA<\/td>\n<td>G1\/8 air supply port, G3\/8 vacuum port, internal silencer, Aluminum body<\/td>\n<\/tr>\n<tr>\n<td>C<\/td>\n<td>G1\/8 air supply port, G3\/8 vacuum port, External silencer<\/td>\n<\/tr>\n<\/tbody>\n<\/table>\n<p><strong>3. Air Control Valve<\/strong><\/p>\n<table class=\"vmeca-table-1\" border=\"0\" width=\"100%\" cellspacing=\"0\" cellpadding=\"0\">\n<tbody>\n<tr>\n<td width=\"20%\"><strong>Symbol<\/strong><\/td>\n<td width=\"80%\"><strong>Description<\/strong><\/td>\n<\/tr>\n<tr>\n<td>Blank<\/td>\n<td>No air control valve<\/td>\n<\/tr>\n<tr>\n<td>A1<\/td>\n<td>Air control valve, AC110V<\/td>\n<\/tr>\n<tr>\n<td>A2<\/td>\n<td>Air control valve, AC220V<\/td>\n<\/tr>\n<tr>\n<td>A3<\/td>\n<td>Air control valve, DC24V<\/td>\n<\/tr>\n<tr>\n<td><\/td>\n<td>\u00a0\u261b A-Body type is not available with air control valve option.<\/td>\n<\/tr>\n<\/tbody>\n<\/table>\n<p><strong>4. Valve Terminal<\/strong><\/p>\n<table class=\"vmeca-table-1\" border=\"0\" width=\"100%\" cellspacing=\"0\" cellpadding=\"0\">\n<tbody>\n<tr>\n<td width=\"20%\"><strong>Symbol<\/strong><\/td>\n<td width=\"80%\"><strong>Description<\/strong><\/td>\n<\/tr>\n<tr>\n<td>DN<\/td>\n<td>Solenoid terminal, DIN type, No lead wire<\/td>\n<\/tr>\n<tr>\n<td>DL<\/td>\n<td>Solenoid terminal, DIN type, No lead wire, Lamp<\/td>\n<\/tr>\n<tr>\n<td>CL<\/td>\n<td>Solenoid terminal, Connector type, 30 cm lead wire<\/td>\n<\/tr>\n<tr>\n<td><\/td>\n<td>\u00a0\u261b \u201cCL\u201d option is only available with DC24V.<\/td>\n<\/tr>\n<\/tbody>\n<\/table>\n<p><strong>5. Vacuum Switch &amp; Quick Release<\/strong><\/p>\n<table class=\"vmeca-table-1\" border=\"0\" width=\"100%\" cellspacing=\"0\" cellpadding=\"0\">\n<tbody>\n<tr>\n<td width=\"20%\"><strong>Symbol<\/strong><\/td>\n<td width=\"80%\"><strong>Description<\/strong><\/td>\n<\/tr>\n<tr>\n<td>Blank<\/td>\n<td>No vacuum switch and Quick release<\/td>\n<\/tr>\n<tr>\n<td>C<\/td>\n<td>LED vacuum switch, No analog supply, M8-3-pins connector, NPN<\/td>\n<\/tr>\n<tr>\n<td>PC<\/td>\n<td>LED vacuum switch, No analog supply, M8-3-pins connector, PNP<\/td>\n<\/tr>\n<tr>\n<td>Q1<\/td>\n<td>Quick release, 12 cm\u00b3 Air tank<\/td>\n<\/tr>\n<tr>\n<td>Q2<\/td>\n<td>Quick release, 30 cm\u00b3 Air tank<\/td>\n<\/tr>\n<\/tbody>\n<\/table>\n<p><strong>6. Sealing Materail<\/strong><\/p>\n<table class=\"vmeca-table-1\" border=\"0\" width=\"100%\" cellspacing=\"0\" cellpadding=\"0\">\n<tbody>\n<tr>\n<td width=\"20%\"><strong>Symbol<\/strong><\/td>\n<td width=\"80%\"><strong>Description<\/strong><\/td>\n<\/tr>\n<tr>\n<td>Blank<\/td>\n<td>NBR sealing material<\/td>\n<\/tr>\n<tr>\n<td>V<\/td>\n<td>Viton sealing material<\/td>\n<\/tr>\n<tr>\n<td>E<\/td>\n<td>EPDM sealing material<\/td>\n<\/tr>\n<\/tbody>\n<\/table>\n<p><strong>Basic Vacuum Pumps &amp; Spare Parts<\/strong><\/p>\n<table class=\"vmeca-table-1\" border=\"0\" width=\"100%\" cellspacing=\"0\" cellpadding=\"0\">\n<tbody>\n<tr>\n<td width=\"20%\"><strong>Part Number<\/strong><\/td>\n<td width=\"80%\"><strong>Description<\/strong><\/td>\n<\/tr>\n<tr>\n<td>VTM20-B<\/td>\n<td>VTM20-mini pump, B-conn, G1\/8 air, G3\/8 vac, int silencer<\/td>\n<\/tr>\n<tr>\n<td>VTM20-BA<\/td>\n<td>VTM20-mini pump, B-conn, G1\/8 air, G3\/8 vac, int silencer, Al-plate<\/td>\n<\/tr>\n<tr>\n<td>VTM20-C<\/td>\n<td>VTM20-mini pump, C-conn, G1\/8 air, G3\/8 vac, ext silencer<\/td>\n<\/tr>\n<tr>\n<td>VTS-38<\/td>\n<td>Free flow silencer, G3\/8\u2033<\/td>\n<\/tr>\n<tr>\n<td>15A1021<\/td>\n<td>NBR sealing kit, VTM20<\/td>\n<\/tr>\n<tr>\n<td>15A1022<\/td>\n<td>Viton sealing kit, VTM20<\/td>\n<\/tr>\n<tr>\n<td>15A1023<\/td>\n<td>EPDM sealing kit, VTM20<\/td>\n<\/tr>\n<\/tbody>\n<\/table>\n<\/div>\n<p>\u0110\u1ea1i l\u00fd VMECA vietnam, VMECA viet nam, VMECA vietnam distributor, Ph\u00e2n ph\u1ed1i VMECA t\u1ea1i vi\u1ec7t nam<\/p>\n<p>\u0110\u1ea1i l\u00fd VMECA vietnam, VMECA viet nam, VMECA vietnam distributor, Ph\u00e2n ph\u1ed1i VMECA t\u1ea1i vi\u1ec7t nam<\/p>\n<p>\u0110\u1ea1i l\u00fd VMECA vietnam, VMECA viet nam, VMECA vietnam distributor, Ph\u00e2n ph\u1ed1i VMECA t\u1ea1i vi\u1ec7t nam<\/p>\n<p>\u0110\u1ea1i l\u00fd VMECA vietnam, VMECA viet nam, VMECA vietnam distributor, Ph\u00e2n ph\u1ed1i VMECA t\u1ea1i vi\u1ec7t nam<\/p>\n<p>\u0110\u1ea1i l\u00fd VMECA vietnam, VMECA viet nam, VMECA vietnam distributor, Ph\u00e2n ph\u1ed1i VMECA t\u1ea1i vi\u1ec7t nam<\/p>\n","protected":false},"excerpt":{"rendered":"<p>VMECA VTM20-C VTM20 Mini Vacuum Pump Max Vacuum Level: -85 kPa Open Vacuum Flow: 149 Nl\/min Air Consumption: 84 Nl\/min @ 5.5 bar VMECA Mini Pumps are lightweight and compact but features extreme strength while conserving energy and air. The Mini Pumps\u2019 condensed size enables it to be placed in&hellip; <\/p>\n","protected":false},"featured_media":1171,"comment_status":"open","ping_status":"closed","template":"","meta":[],"product_cat":[309],"product_tag":[312,231,230],"class_list":{"0":"post-1170","1":"product","2":"type-product","3":"status-publish","4":"has-post-thumbnail","6":"product_cat-vmeca","7":"product_tag-bom-chan-khong","8":"product_tag-dai-ly-vmeca-viet-nam","9":"product_tag-vmeca-viet-nam","11":"first","12":"instock","13":"shipping-taxable","14":"product-type-simple"},"yoast_head":"<!-- This site is optimized with the Yoast SEO plugin v22.8 - https:\/\/yoast.com\/wordpress\/plugins\/seo\/ -->\n<title>VMECA VTM20-C - OMANI VI\u1ec6T NAM<\/title>\n<meta name=\"robots\" content=\"index, follow, max-snippet:-1, max-image-preview:large, max-video-preview:-1\" \/>\n<link rel=\"canonical\" href=\"https:\/\/omanivietnam.com\/index.php\/san-pham\/vmeca-vtm20-c\/\" \/>\n<meta property=\"og:locale\" content=\"vi_VN\" \/>\n<meta property=\"og:type\" content=\"article\" \/>\n<meta property=\"og:title\" content=\"VMECA VTM20-C - OMANI VI\u1ec6T NAM\" \/>\n<meta property=\"og:description\" content=\"VMECA VTM20-C VTM20 Mini Vacuum Pump Max Vacuum Level: -85 kPa Open Vacuum Flow: 149 Nl\/min Air Consumption: 84 Nl\/min @ 5.5 bar VMECA Mini Pumps are lightweight and compact but features extreme strength while conserving energy and air. The Mini Pumps\u2019 condensed size enables it to be placed in&hellip;\" \/>\n<meta property=\"og:url\" content=\"https:\/\/omanivietnam.com\/index.php\/san-pham\/vmeca-vtm20-c\/\" \/>\n<meta property=\"og:site_name\" content=\"OMANI VI\u1ec6T NAM\" \/>\n<meta property=\"og:image\" content=\"https:\/\/omanivietnam.com\/wp-content\/uploads\/2024\/07\/VTM20-C.png\" \/>\n\t<meta property=\"og:image:width\" content=\"485\" \/>\n\t<meta property=\"og:image:height\" content=\"393\" \/>\n\t<meta property=\"og:image:type\" content=\"image\/png\" \/>\n<meta name=\"twitter:card\" content=\"summary_large_image\" \/>\n<meta name=\"twitter:label1\" content=\"\u01af\u1edbc t\u00ednh th\u1eddi gian \u0111\u1ecdc\" \/>\n\t<meta name=\"twitter:data1\" content=\"3 ph\u00fat\" \/>\n<script type=\"application\/ld+json\" class=\"yoast-schema-graph\">{\"@context\":\"https:\/\/schema.org\",\"@graph\":[{\"@type\":\"WebPage\",\"@id\":\"https:\/\/omanivietnam.com\/index.php\/san-pham\/vmeca-vtm20-c\/\",\"url\":\"https:\/\/omanivietnam.com\/index.php\/san-pham\/vmeca-vtm20-c\/\",\"name\":\"VMECA VTM20-C - OMANI VI\u1ec6T NAM\",\"isPartOf\":{\"@id\":\"https:\/\/omanivietnam.com\/#website\"},\"primaryImageOfPage\":{\"@id\":\"https:\/\/omanivietnam.com\/index.php\/san-pham\/vmeca-vtm20-c\/#primaryimage\"},\"image\":{\"@id\":\"https:\/\/omanivietnam.com\/index.php\/san-pham\/vmeca-vtm20-c\/#primaryimage\"},\"thumbnailUrl\":\"https:\/\/omanivietnam.com\/wp-content\/uploads\/2024\/07\/VTM20-C.png\",\"datePublished\":\"2024-07-16T22:41:56+00:00\",\"dateModified\":\"2024-07-16T22:41:56+00:00\",\"breadcrumb\":{\"@id\":\"https:\/\/omanivietnam.com\/index.php\/san-pham\/vmeca-vtm20-c\/#breadcrumb\"},\"inLanguage\":\"vi\",\"potentialAction\":[{\"@type\":\"ReadAction\",\"target\":[\"https:\/\/omanivietnam.com\/index.php\/san-pham\/vmeca-vtm20-c\/\"]}]},{\"@type\":\"ImageObject\",\"inLanguage\":\"vi\",\"@id\":\"https:\/\/omanivietnam.com\/index.php\/san-pham\/vmeca-vtm20-c\/#primaryimage\",\"url\":\"https:\/\/omanivietnam.com\/wp-content\/uploads\/2024\/07\/VTM20-C.png\",\"contentUrl\":\"https:\/\/omanivietnam.com\/wp-content\/uploads\/2024\/07\/VTM20-C.png\",\"width\":485,\"height\":393},{\"@type\":\"BreadcrumbList\",\"@id\":\"https:\/\/omanivietnam.com\/index.php\/san-pham\/vmeca-vtm20-c\/#breadcrumb\",\"itemListElement\":[{\"@type\":\"ListItem\",\"position\":1,\"name\":\"Home\",\"item\":\"https:\/\/omanivietnam.com\/\"},{\"@type\":\"ListItem\",\"position\":2,\"name\":\"S\u1ea2N PH\u1ea8M\",\"item\":\"https:\/\/omanivietnam.com\/index.php\/cua-hang\/\"},{\"@type\":\"ListItem\",\"position\":3,\"name\":\"VMECA VTM20-C\"}]},{\"@type\":\"WebSite\",\"@id\":\"https:\/\/omanivietnam.com\/#website\",\"url\":\"https:\/\/omanivietnam.com\/\",\"name\":\"OMANI VI\u1ec6T NAM\",\"description\":\"Nh\u00e0 ph\u00e2n ph\u1ed1i thi\u1ebft b\u1ecb kh\u00ed n\u00e9n v\u00e0 thi\u1ebft b\u1ecb t\u1ef1 \u0111\u1ed9ng h\u00f3a trong c\u00f4ng nghi\u1ec7p\",\"publisher\":{\"@id\":\"https:\/\/omanivietnam.com\/#\/schema\/person\/0ad398a980dc3fd696111c2c5c8fa897\"},\"potentialAction\":[{\"@type\":\"SearchAction\",\"target\":{\"@type\":\"EntryPoint\",\"urlTemplate\":\"https:\/\/omanivietnam.com\/?s={search_term_string}\"},\"query-input\":\"required name=search_term_string\"}],\"inLanguage\":\"vi\"},{\"@type\":[\"Person\",\"Organization\"],\"@id\":\"https:\/\/omanivietnam.com\/#\/schema\/person\/0ad398a980dc3fd696111c2c5c8fa897\",\"name\":\"Nguy\u1ec5n V\u0103n Kh\u00e1nh\",\"image\":{\"@type\":\"ImageObject\",\"inLanguage\":\"vi\",\"@id\":\"https:\/\/omanivietnam.com\/#\/schema\/person\/image\/\",\"url\":\"https:\/\/omanivietnam.com\/wp-content\/uploads\/2024\/06\/logo-1024x1024.png\",\"contentUrl\":\"https:\/\/omanivietnam.com\/wp-content\/uploads\/2024\/06\/logo-1024x1024.png\",\"width\":1024,\"height\":1024,\"caption\":\"Nguy\u1ec5n V\u0103n Kh\u00e1nh\"},\"logo\":{\"@id\":\"https:\/\/omanivietnam.com\/#\/schema\/person\/image\/\"},\"sameAs\":[\"https:\/\/omanivietnam.com\"]}]}<\/script>\n<!-- \/ Yoast SEO plugin. -->","yoast_head_json":{"title":"VMECA VTM20-C - OMANI VI\u1ec6T NAM","robots":{"index":"index","follow":"follow","max-snippet":"max-snippet:-1","max-image-preview":"max-image-preview:large","max-video-preview":"max-video-preview:-1"},"canonical":"https:\/\/omanivietnam.com\/index.php\/san-pham\/vmeca-vtm20-c\/","og_locale":"vi_VN","og_type":"article","og_title":"VMECA VTM20-C - OMANI VI\u1ec6T NAM","og_description":"VMECA VTM20-C VTM20 Mini Vacuum Pump Max Vacuum Level: -85 kPa Open Vacuum Flow: 149 Nl\/min Air Consumption: 84 Nl\/min @ 5.5 bar VMECA Mini Pumps are lightweight and compact but features extreme strength while conserving energy and air. The Mini Pumps\u2019 condensed size enables it to be placed in&hellip;","og_url":"https:\/\/omanivietnam.com\/index.php\/san-pham\/vmeca-vtm20-c\/","og_site_name":"OMANI VI\u1ec6T NAM","og_image":[{"width":485,"height":393,"url":"https:\/\/omanivietnam.com\/wp-content\/uploads\/2024\/07\/VTM20-C.png","type":"image\/png"}],"twitter_card":"summary_large_image","twitter_misc":{"\u01af\u1edbc t\u00ednh th\u1eddi gian \u0111\u1ecdc":"3 ph\u00fat"},"schema":{"@context":"https:\/\/schema.org","@graph":[{"@type":"WebPage","@id":"https:\/\/omanivietnam.com\/index.php\/san-pham\/vmeca-vtm20-c\/","url":"https:\/\/omanivietnam.com\/index.php\/san-pham\/vmeca-vtm20-c\/","name":"VMECA VTM20-C - OMANI VI\u1ec6T NAM","isPartOf":{"@id":"https:\/\/omanivietnam.com\/#website"},"primaryImageOfPage":{"@id":"https:\/\/omanivietnam.com\/index.php\/san-pham\/vmeca-vtm20-c\/#primaryimage"},"image":{"@id":"https:\/\/omanivietnam.com\/index.php\/san-pham\/vmeca-vtm20-c\/#primaryimage"},"thumbnailUrl":"https:\/\/omanivietnam.com\/wp-content\/uploads\/2024\/07\/VTM20-C.png","datePublished":"2024-07-16T22:41:56+00:00","dateModified":"2024-07-16T22:41:56+00:00","breadcrumb":{"@id":"https:\/\/omanivietnam.com\/index.php\/san-pham\/vmeca-vtm20-c\/#breadcrumb"},"inLanguage":"vi","potentialAction":[{"@type":"ReadAction","target":["https:\/\/omanivietnam.com\/index.php\/san-pham\/vmeca-vtm20-c\/"]}]},{"@type":"ImageObject","inLanguage":"vi","@id":"https:\/\/omanivietnam.com\/index.php\/san-pham\/vmeca-vtm20-c\/#primaryimage","url":"https:\/\/omanivietnam.com\/wp-content\/uploads\/2024\/07\/VTM20-C.png","contentUrl":"https:\/\/omanivietnam.com\/wp-content\/uploads\/2024\/07\/VTM20-C.png","width":485,"height":393},{"@type":"BreadcrumbList","@id":"https:\/\/omanivietnam.com\/index.php\/san-pham\/vmeca-vtm20-c\/#breadcrumb","itemListElement":[{"@type":"ListItem","position":1,"name":"Home","item":"https:\/\/omanivietnam.com\/"},{"@type":"ListItem","position":2,"name":"S\u1ea2N PH\u1ea8M","item":"https:\/\/omanivietnam.com\/index.php\/cua-hang\/"},{"@type":"ListItem","position":3,"name":"VMECA VTM20-C"}]},{"@type":"WebSite","@id":"https:\/\/omanivietnam.com\/#website","url":"https:\/\/omanivietnam.com\/","name":"OMANI VI\u1ec6T NAM","description":"Nh\u00e0 ph\u00e2n ph\u1ed1i thi\u1ebft b\u1ecb kh\u00ed n\u00e9n v\u00e0 thi\u1ebft b\u1ecb t\u1ef1 \u0111\u1ed9ng h\u00f3a trong c\u00f4ng nghi\u1ec7p","publisher":{"@id":"https:\/\/omanivietnam.com\/#\/schema\/person\/0ad398a980dc3fd696111c2c5c8fa897"},"potentialAction":[{"@type":"SearchAction","target":{"@type":"EntryPoint","urlTemplate":"https:\/\/omanivietnam.com\/?s={search_term_string}"},"query-input":"required name=search_term_string"}],"inLanguage":"vi"},{"@type":["Person","Organization"],"@id":"https:\/\/omanivietnam.com\/#\/schema\/person\/0ad398a980dc3fd696111c2c5c8fa897","name":"Nguy\u1ec5n V\u0103n Kh\u00e1nh","image":{"@type":"ImageObject","inLanguage":"vi","@id":"https:\/\/omanivietnam.com\/#\/schema\/person\/image\/","url":"https:\/\/omanivietnam.com\/wp-content\/uploads\/2024\/06\/logo-1024x1024.png","contentUrl":"https:\/\/omanivietnam.com\/wp-content\/uploads\/2024\/06\/logo-1024x1024.png","width":1024,"height":1024,"caption":"Nguy\u1ec5n V\u0103n Kh\u00e1nh"},"logo":{"@id":"https:\/\/omanivietnam.com\/#\/schema\/person\/image\/"},"sameAs":["https:\/\/omanivietnam.com"]}]}},"_links":{"self":[{"href":"https:\/\/omanivietnam.com\/index.php\/wp-json\/wp\/v2\/product\/1170","targetHints":{"allow":["GET"]}}],"collection":[{"href":"https:\/\/omanivietnam.com\/index.php\/wp-json\/wp\/v2\/product"}],"about":[{"href":"https:\/\/omanivietnam.com\/index.php\/wp-json\/wp\/v2\/types\/product"}],"replies":[{"embeddable":true,"href":"https:\/\/omanivietnam.com\/index.php\/wp-json\/wp\/v2\/comments?post=1170"}],"wp:featuredmedia":[{"embeddable":true,"href":"https:\/\/omanivietnam.com\/index.php\/wp-json\/wp\/v2\/media\/1171"}],"wp:attachment":[{"href":"https:\/\/omanivietnam.com\/index.php\/wp-json\/wp\/v2\/media?parent=1170"}],"wp:term":[{"taxonomy":"product_cat","embeddable":true,"href":"https:\/\/omanivietnam.com\/index.php\/wp-json\/wp\/v2\/product_cat?post=1170"},{"taxonomy":"product_tag","embeddable":true,"href":"https:\/\/omanivietnam.com\/index.php\/wp-json\/wp\/v2\/product_tag?post=1170"}],"curies":[{"name":"wp","href":"https:\/\/api.w.org\/{rel}","templated":true}]}}