{"id":1172,"date":"2024-07-19T04:55:37","date_gmt":"2024-07-18T21:55:37","guid":{"rendered":"https:\/\/omanivietnam.com\/?post_type=product&#038;p=1172"},"modified":"2025-04-16T21:33:41","modified_gmt":"2025-04-16T14:33:41","slug":"e-t-a-esx10-tb-101-dc24v-2a","status":"publish","type":"product","link":"https:\/\/omanivietnam.com\/index.php\/san-pham\/e-t-a-esx10-tb-101-dc24v-2a\/","title":{"rendered":"E-T-A ESX10-TB-101-DC24V-2A"},"content":{"rendered":"<p>E-T-A ESX10-TB-101-DC24V-2A<\/p>\n<p>ESX10-TB-101-DC24V-2A-E<\/p>\n<p>ESX10-TB-101-DC24V-4A, ESX10-TB-101-DC24V-4A-E, ESX10-TB-101-DC24V-6A, ESX10-TB-101-DC24V-6A-E<\/p>\n<p>T\u1ed5ng Quan S\u1ea3n Ph\u1ea9m<\/p>\n<div class=\"contents\">ESX10-TB-101-DC24V-2A is an ESX10-T electronic circuit protector that is only 12.5mm wide and selectively protects all DC 24V load circuits, thereby increasing the uptime of machines and systems. This is achieved by a combination of active electronic current limitation in the event of a short circuit and overload disconnection typically from 1.1 times rated current. This response is faster than frequently used DC 24V switch mode power supplies without tripping fast and thus prevents disastrous voltage dips of the supply. Even capacitive loads up to 75,000\u00b5F can be handled very easily. The integral fail-safe element is adjusted to the circuit protector&#8217;s rated current and can thus very easily be synchronized with the wired cable cross-section. This makes planning much easier. Application includes automation, automobile production, chemical, oil and gas, mechanical engineering, medical technology, pharmaceutical and food, power engineering DC 24V, and renewable energies.<\/div>\n<div id=\"fnb_features\" class=\"featuresList\">\n<ul class=\"firstList\">\n<li>Rail mounting, with signal contact and hole for signal busbars, without physical isolation<\/li>\n<li>Without signal input, signal make contact, current ratings is 2A<\/li>\n<li>Active linear current limitation<\/li>\n<li>Increases machine uptime through clear failure detection and stable power supply<\/li>\n<li>Reduces downtimes through quick fault resolution, simplify planning through clear sizes and ratings<\/li>\n<li>Saves costs and time through fast, flexible mounting including integral power distribution solution<\/li>\n<li>Moulded housing material, symmetrical rail to EN 60715-35&#215;7.5 mounting<\/li>\n<li>Housing IP20 EN60529, terminals IP20 DIN 60529 protection class<\/li>\n<li>Approvals UL, CSA, DNV GL<\/li>\n<li>Dimensions (W x H x D) is 12.5 x 80 x 83mm<\/li>\n<\/ul>\n<\/div>\n<p>C\u00e1c s\u1ea3n ph\u1ea9m<\/p>\n<p>&nbsp;<\/p>\n<p>ESX10-TB-101-DC24V-10A, ESX10-TB-101-DC24V-1A, <em>ESX10<\/em>&#8211;<em>TB<\/em>&#8211;<em>101<\/em>&#8211;<em>DC24V<\/em>&#8211;<em>2A,<\/em> ESX10-TB-101-DC24V-3A, ESX10-TB-101-DC24V-4A, ESX10-TB-101-DC24V-6A, ESX10-TB-101-DC24V-8A<\/p>\n<div id=\"fnb_features\" class=\"featuresList\">\n<p>\u0110\u1ea1i l\u00fd E-T-A vietnam, E-T-A viet nam, E-T-A vietnam distributor, Ph\u00e2n ph\u1ed1i E-T-A t\u1ea1i vi\u1ec7t nam<\/p>\n<p>\u0110\u1ea1i l\u00fd E-T-A vietnam, E-T-A viet nam, E-T-A vietnam distributor, Ph\u00e2n ph\u1ed1i E-T-A t\u1ea1i vi\u1ec7t nam<\/p>\n<p>\u0110\u1ea1i l\u00fd E-T-A vietnam, E-T-A viet nam, E-T-A vietnam distributor, Ph\u00e2n ph\u1ed1i E-T-A t\u1ea1i vi\u1ec7t nam<\/p>\n<p>\u0110\u1ea1i l\u00fd E-T-A vietnam, E-T-A viet nam, E-T-A vietnam distributor, Ph\u00e2n ph\u1ed1i E-T-A t\u1ea1i vi\u1ec7t nam<\/p>\n<p>\u0110\u1ea1i l\u00fd E-T-A vietnam, E-T-A viet nam, E-T-A vietnam distributor, Ph\u00e2n ph\u1ed1i E-T-A t\u1ea1i vi\u1ec7t nam<\/p>\n<\/div>\n","protected":false},"excerpt":{"rendered":"<p>E-T-A ESX10-TB-101-DC24V-2A ESX10-TB-101-DC24V-2A-E ESX10-TB-101-DC24V-4A, ESX10-TB-101-DC24V-4A-E, ESX10-TB-101-DC24V-6A, ESX10-TB-101-DC24V-6A-E T\u1ed5ng Quan S\u1ea3n Ph\u1ea9m ESX10-TB-101-DC24V-2A is an ESX10-T electronic circuit protector that is only 12.5mm wide and selectively protects all DC 24V load circuits, thereby increasing the uptime of machines and systems. This is achieved by a combination of active electronic current limitation&hellip; <\/p>\n","protected":false},"featured_media":1173,"comment_status":"open","ping_status":"closed","template":"","meta":[],"product_cat":[288],"product_tag":[314,313,161],"class_list":{"0":"post-1172","1":"product","2":"type-product","3":"status-publish","4":"has-post-thumbnail","6":"product_cat-e-t-a","7":"product_tag-dai-ly-e-t-a-viet-nam","8":"product_tag-e-t-a-viet-nam","9":"product_tag-ro-le","11":"first","12":"instock","13":"shipping-taxable","14":"product-type-simple"},"yoast_head":"<!-- This site is optimized with the Yoast SEO plugin v22.8 - https:\/\/yoast.com\/wordpress\/plugins\/seo\/ -->\n<title>E-T-A ESX10-TB-101-DC24V-2A - OMANI VI\u1ec6T NAM<\/title>\n<meta name=\"description\" content=\"E-T-A ESX10-TB-101-DC24V-2A Electronic Circuit Protector\" \/>\n<meta name=\"robots\" content=\"index, follow, max-snippet:-1, max-image-preview:large, max-video-preview:-1\" \/>\n<link rel=\"canonical\" href=\"https:\/\/omanivietnam.com\/index.php\/san-pham\/e-t-a-esx10-tb-101-dc24v-2a\/\" \/>\n<meta property=\"og:locale\" content=\"vi_VN\" \/>\n<meta property=\"og:type\" content=\"article\" \/>\n<meta property=\"og:title\" content=\"E-T-A ESX10-TB-101-DC24V-2A - OMANI VI\u1ec6T NAM\" \/>\n<meta property=\"og:description\" content=\"E-T-A ESX10-TB-101-DC24V-2A Electronic Circuit Protector\" \/>\n<meta property=\"og:url\" content=\"https:\/\/omanivietnam.com\/index.php\/san-pham\/e-t-a-esx10-tb-101-dc24v-2a\/\" \/>\n<meta property=\"og:site_name\" content=\"OMANI VI\u1ec6T NAM\" \/>\n<meta property=\"article:modified_time\" content=\"2025-04-16T14:33:41+00:00\" \/>\n<meta property=\"og:image\" content=\"https:\/\/omanivietnam.com\/wp-content\/uploads\/2024\/07\/ESX10-TB-101-DC24V-2A.png\" \/>\n\t<meta property=\"og:image:width\" content=\"603\" \/>\n\t<meta property=\"og:image:height\" content=\"585\" \/>\n\t<meta property=\"og:image:type\" content=\"image\/png\" \/>\n<meta name=\"twitter:card\" content=\"summary_large_image\" \/>\n<meta name=\"twitter:label1\" content=\"\u01af\u1edbc t\u00ednh th\u1eddi gian \u0111\u1ecdc\" \/>\n\t<meta name=\"twitter:data1\" content=\"3 ph\u00fat\" \/>\n<script type=\"application\/ld+json\" class=\"yoast-schema-graph\">{\"@context\":\"https:\/\/schema.org\",\"@graph\":[{\"@type\":\"WebPage\",\"@id\":\"https:\/\/omanivietnam.com\/index.php\/san-pham\/e-t-a-esx10-tb-101-dc24v-2a\/\",\"url\":\"https:\/\/omanivietnam.com\/index.php\/san-pham\/e-t-a-esx10-tb-101-dc24v-2a\/\",\"name\":\"E-T-A ESX10-TB-101-DC24V-2A - OMANI VI\u1ec6T NAM\",\"isPartOf\":{\"@id\":\"https:\/\/omanivietnam.com\/#website\"},\"primaryImageOfPage\":{\"@id\":\"https:\/\/omanivietnam.com\/index.php\/san-pham\/e-t-a-esx10-tb-101-dc24v-2a\/#primaryimage\"},\"image\":{\"@id\":\"https:\/\/omanivietnam.com\/index.php\/san-pham\/e-t-a-esx10-tb-101-dc24v-2a\/#primaryimage\"},\"thumbnailUrl\":\"https:\/\/omanivietnam.com\/wp-content\/uploads\/2024\/07\/ESX10-TB-101-DC24V-2A.png\",\"datePublished\":\"2024-07-18T21:55:37+00:00\",\"dateModified\":\"2025-04-16T14:33:41+00:00\",\"description\":\"E-T-A ESX10-TB-101-DC24V-2A Electronic Circuit Protector\",\"breadcrumb\":{\"@id\":\"https:\/\/omanivietnam.com\/index.php\/san-pham\/e-t-a-esx10-tb-101-dc24v-2a\/#breadcrumb\"},\"inLanguage\":\"vi\",\"potentialAction\":[{\"@type\":\"ReadAction\",\"target\":[\"https:\/\/omanivietnam.com\/index.php\/san-pham\/e-t-a-esx10-tb-101-dc24v-2a\/\"]}]},{\"@type\":\"ImageObject\",\"inLanguage\":\"vi\",\"@id\":\"https:\/\/omanivietnam.com\/index.php\/san-pham\/e-t-a-esx10-tb-101-dc24v-2a\/#primaryimage\",\"url\":\"https:\/\/omanivietnam.com\/wp-content\/uploads\/2024\/07\/ESX10-TB-101-DC24V-2A.png\",\"contentUrl\":\"https:\/\/omanivietnam.com\/wp-content\/uploads\/2024\/07\/ESX10-TB-101-DC24V-2A.png\",\"width\":603,\"height\":585},{\"@type\":\"BreadcrumbList\",\"@id\":\"https:\/\/omanivietnam.com\/index.php\/san-pham\/e-t-a-esx10-tb-101-dc24v-2a\/#breadcrumb\",\"itemListElement\":[{\"@type\":\"ListItem\",\"position\":1,\"name\":\"Home\",\"item\":\"https:\/\/omanivietnam.com\/\"},{\"@type\":\"ListItem\",\"position\":2,\"name\":\"S\u1ea2N PH\u1ea8M\",\"item\":\"https:\/\/omanivietnam.com\/index.php\/cua-hang\/\"},{\"@type\":\"ListItem\",\"position\":3,\"name\":\"E-T-A ESX10-TB-101-DC24V-2A\"}]},{\"@type\":\"WebSite\",\"@id\":\"https:\/\/omanivietnam.com\/#website\",\"url\":\"https:\/\/omanivietnam.com\/\",\"name\":\"OMANI VI\u1ec6T NAM\",\"description\":\"Nh\u00e0 ph\u00e2n ph\u1ed1i thi\u1ebft b\u1ecb kh\u00ed n\u00e9n v\u00e0 thi\u1ebft b\u1ecb t\u1ef1 \u0111\u1ed9ng h\u00f3a trong c\u00f4ng nghi\u1ec7p\",\"publisher\":{\"@id\":\"https:\/\/omanivietnam.com\/#\/schema\/person\/0ad398a980dc3fd696111c2c5c8fa897\"},\"potentialAction\":[{\"@type\":\"SearchAction\",\"target\":{\"@type\":\"EntryPoint\",\"urlTemplate\":\"https:\/\/omanivietnam.com\/?s={search_term_string}\"},\"query-input\":\"required name=search_term_string\"}],\"inLanguage\":\"vi\"},{\"@type\":[\"Person\",\"Organization\"],\"@id\":\"https:\/\/omanivietnam.com\/#\/schema\/person\/0ad398a980dc3fd696111c2c5c8fa897\",\"name\":\"Nguy\u1ec5n V\u0103n Kh\u00e1nh\",\"image\":{\"@type\":\"ImageObject\",\"inLanguage\":\"vi\",\"@id\":\"https:\/\/omanivietnam.com\/#\/schema\/person\/image\/\",\"url\":\"https:\/\/omanivietnam.com\/wp-content\/uploads\/2024\/06\/logo-1024x1024.png\",\"contentUrl\":\"https:\/\/omanivietnam.com\/wp-content\/uploads\/2024\/06\/logo-1024x1024.png\",\"width\":1024,\"height\":1024,\"caption\":\"Nguy\u1ec5n V\u0103n Kh\u00e1nh\"},\"logo\":{\"@id\":\"https:\/\/omanivietnam.com\/#\/schema\/person\/image\/\"},\"sameAs\":[\"https:\/\/omanivietnam.com\"]}]}<\/script>\n<!-- \/ Yoast SEO plugin. -->","yoast_head_json":{"title":"E-T-A ESX10-TB-101-DC24V-2A - OMANI VI\u1ec6T NAM","description":"E-T-A ESX10-TB-101-DC24V-2A Electronic Circuit Protector","robots":{"index":"index","follow":"follow","max-snippet":"max-snippet:-1","max-image-preview":"max-image-preview:large","max-video-preview":"max-video-preview:-1"},"canonical":"https:\/\/omanivietnam.com\/index.php\/san-pham\/e-t-a-esx10-tb-101-dc24v-2a\/","og_locale":"vi_VN","og_type":"article","og_title":"E-T-A ESX10-TB-101-DC24V-2A - OMANI VI\u1ec6T NAM","og_description":"E-T-A ESX10-TB-101-DC24V-2A Electronic Circuit Protector","og_url":"https:\/\/omanivietnam.com\/index.php\/san-pham\/e-t-a-esx10-tb-101-dc24v-2a\/","og_site_name":"OMANI VI\u1ec6T NAM","article_modified_time":"2025-04-16T14:33:41+00:00","og_image":[{"width":603,"height":585,"url":"https:\/\/omanivietnam.com\/wp-content\/uploads\/2024\/07\/ESX10-TB-101-DC24V-2A.png","type":"image\/png"}],"twitter_card":"summary_large_image","twitter_misc":{"\u01af\u1edbc t\u00ednh th\u1eddi gian \u0111\u1ecdc":"3 ph\u00fat"},"schema":{"@context":"https:\/\/schema.org","@graph":[{"@type":"WebPage","@id":"https:\/\/omanivietnam.com\/index.php\/san-pham\/e-t-a-esx10-tb-101-dc24v-2a\/","url":"https:\/\/omanivietnam.com\/index.php\/san-pham\/e-t-a-esx10-tb-101-dc24v-2a\/","name":"E-T-A ESX10-TB-101-DC24V-2A - OMANI VI\u1ec6T NAM","isPartOf":{"@id":"https:\/\/omanivietnam.com\/#website"},"primaryImageOfPage":{"@id":"https:\/\/omanivietnam.com\/index.php\/san-pham\/e-t-a-esx10-tb-101-dc24v-2a\/#primaryimage"},"image":{"@id":"https:\/\/omanivietnam.com\/index.php\/san-pham\/e-t-a-esx10-tb-101-dc24v-2a\/#primaryimage"},"thumbnailUrl":"https:\/\/omanivietnam.com\/wp-content\/uploads\/2024\/07\/ESX10-TB-101-DC24V-2A.png","datePublished":"2024-07-18T21:55:37+00:00","dateModified":"2025-04-16T14:33:41+00:00","description":"E-T-A ESX10-TB-101-DC24V-2A Electronic Circuit Protector","breadcrumb":{"@id":"https:\/\/omanivietnam.com\/index.php\/san-pham\/e-t-a-esx10-tb-101-dc24v-2a\/#breadcrumb"},"inLanguage":"vi","potentialAction":[{"@type":"ReadAction","target":["https:\/\/omanivietnam.com\/index.php\/san-pham\/e-t-a-esx10-tb-101-dc24v-2a\/"]}]},{"@type":"ImageObject","inLanguage":"vi","@id":"https:\/\/omanivietnam.com\/index.php\/san-pham\/e-t-a-esx10-tb-101-dc24v-2a\/#primaryimage","url":"https:\/\/omanivietnam.com\/wp-content\/uploads\/2024\/07\/ESX10-TB-101-DC24V-2A.png","contentUrl":"https:\/\/omanivietnam.com\/wp-content\/uploads\/2024\/07\/ESX10-TB-101-DC24V-2A.png","width":603,"height":585},{"@type":"BreadcrumbList","@id":"https:\/\/omanivietnam.com\/index.php\/san-pham\/e-t-a-esx10-tb-101-dc24v-2a\/#breadcrumb","itemListElement":[{"@type":"ListItem","position":1,"name":"Home","item":"https:\/\/omanivietnam.com\/"},{"@type":"ListItem","position":2,"name":"S\u1ea2N PH\u1ea8M","item":"https:\/\/omanivietnam.com\/index.php\/cua-hang\/"},{"@type":"ListItem","position":3,"name":"E-T-A ESX10-TB-101-DC24V-2A"}]},{"@type":"WebSite","@id":"https:\/\/omanivietnam.com\/#website","url":"https:\/\/omanivietnam.com\/","name":"OMANI VI\u1ec6T NAM","description":"Nh\u00e0 ph\u00e2n ph\u1ed1i thi\u1ebft b\u1ecb kh\u00ed n\u00e9n v\u00e0 thi\u1ebft b\u1ecb t\u1ef1 \u0111\u1ed9ng h\u00f3a trong c\u00f4ng nghi\u1ec7p","publisher":{"@id":"https:\/\/omanivietnam.com\/#\/schema\/person\/0ad398a980dc3fd696111c2c5c8fa897"},"potentialAction":[{"@type":"SearchAction","target":{"@type":"EntryPoint","urlTemplate":"https:\/\/omanivietnam.com\/?s={search_term_string}"},"query-input":"required name=search_term_string"}],"inLanguage":"vi"},{"@type":["Person","Organization"],"@id":"https:\/\/omanivietnam.com\/#\/schema\/person\/0ad398a980dc3fd696111c2c5c8fa897","name":"Nguy\u1ec5n V\u0103n Kh\u00e1nh","image":{"@type":"ImageObject","inLanguage":"vi","@id":"https:\/\/omanivietnam.com\/#\/schema\/person\/image\/","url":"https:\/\/omanivietnam.com\/wp-content\/uploads\/2024\/06\/logo-1024x1024.png","contentUrl":"https:\/\/omanivietnam.com\/wp-content\/uploads\/2024\/06\/logo-1024x1024.png","width":1024,"height":1024,"caption":"Nguy\u1ec5n V\u0103n Kh\u00e1nh"},"logo":{"@id":"https:\/\/omanivietnam.com\/#\/schema\/person\/image\/"},"sameAs":["https:\/\/omanivietnam.com"]}]}},"_links":{"self":[{"href":"https:\/\/omanivietnam.com\/index.php\/wp-json\/wp\/v2\/product\/1172","targetHints":{"allow":["GET"]}}],"collection":[{"href":"https:\/\/omanivietnam.com\/index.php\/wp-json\/wp\/v2\/product"}],"about":[{"href":"https:\/\/omanivietnam.com\/index.php\/wp-json\/wp\/v2\/types\/product"}],"replies":[{"embeddable":true,"href":"https:\/\/omanivietnam.com\/index.php\/wp-json\/wp\/v2\/comments?post=1172"}],"wp:featuredmedia":[{"embeddable":true,"href":"https:\/\/omanivietnam.com\/index.php\/wp-json\/wp\/v2\/media\/1173"}],"wp:attachment":[{"href":"https:\/\/omanivietnam.com\/index.php\/wp-json\/wp\/v2\/media?parent=1172"}],"wp:term":[{"taxonomy":"product_cat","embeddable":true,"href":"https:\/\/omanivietnam.com\/index.php\/wp-json\/wp\/v2\/product_cat?post=1172"},{"taxonomy":"product_tag","embeddable":true,"href":"https:\/\/omanivietnam.com\/index.php\/wp-json\/wp\/v2\/product_tag?post=1172"}],"curies":[{"name":"wp","href":"https:\/\/api.w.org\/{rel}","templated":true}]}}