{"id":1211,"date":"2024-07-22T05:29:06","date_gmt":"2024-07-21T22:29:06","guid":{"rendered":"https:\/\/omanivietnam.com\/?post_type=product&#038;p=1211"},"modified":"2025-04-16T20:52:28","modified_gmt":"2025-04-16T13:52:28","slug":"dae-sung-dbss-40-p","status":"publish","type":"product","link":"https:\/\/omanivietnam.com\/index.php\/san-pham\/dae-sung-dbss-40-p\/","title":{"rendered":"DAE SUNG DBSS-40-P"},"content":{"rendered":"<p>DAE SUNG DBSS-40-P<\/p>\n<p class=\"title\">DBSS-40EX-PS<\/p>\n<p>&#8211; UP COVER BUTTON RESET &#8211; CONTACT CAPACITY : 15A 125V\/250V AC. &#8211; PROTECTION : IP65 &#8211; NUMBER OF CONTACTS : SPDT x 2EA &#8211; REQUIRED FORCE OF PULL CORD : ABT 7Kg &#8211; CABLE ENTRY : PF 3\/4&#8243; x 2EA &#8211; WEIGHT:3KG<\/p>\n<p><strong>Specifications:<\/strong><\/p>\n<p>&#8211; UP COVER BUTTON RESET<br \/>\n&#8211; CONTACT CAPACITY : 15A 125V\/250V AC.<br \/>\n&#8211; PROTECTION : IP65<br \/>\n&#8211; NUMBER OF CONTACTS : SPDT x 2EA<br \/>\n&#8211; REQUIRED FORCE OF PULL CORD : ABT 7Kg<br \/>\n&#8211; CABLE ENTRY : PF 3\/4&#8243; x 2EA<br \/>\n&#8211; WEIGHT:3KG<\/p>\n<p>This &#8216;EMERGENCY STOP&#8217; switch is called a pull cord switch.<br \/>\nit cling to the side of the belt conveyor or machines.<br \/>\nwhen needed the driver or whoever know of the emergency and withes to suddenly stop the belt conveyor or other machines pulls the wire rofe connected to the pull cord switch.<\/p>\n<p>C\u00e1c s\u1ea3n ph\u1ea9m Dae Sung<\/p>\n<table border=\"0\" width=\"801\" cellspacing=\"0\" cellpadding=\"0\">\n<tbody>\n<tr>\n<td class=\"xl74\" width=\"185\" height=\"24\">Description<\/td>\n<td class=\"xl74\" width=\"145\">Model<\/td>\n<td class=\"xl73\">Note<\/td>\n<\/tr>\n<tr>\n<td class=\"xl69\" width=\"185\" height=\"47\">Pull Cord Switch<\/td>\n<td class=\"xl67\">DBSS-10<\/td>\n<td class=\"xl69\" width=\"471\"><\/td>\n<\/tr>\n<tr>\n<td class=\"xl69\" width=\"185\" height=\"47\">Pull Cord Switch (EX PLOSION-PROOF)<\/td>\n<td class=\"xl67\">DBSS-10EX<\/td>\n<td class=\"xl69\" width=\"471\"><\/td>\n<\/tr>\n<tr>\n<td class=\"xl69\" width=\"185\" height=\"47\">Belt sway Switch<\/td>\n<td class=\"xl67\">DBSS-20<\/td>\n<td class=\"xl69\" width=\"471\"><\/td>\n<\/tr>\n<tr>\n<td class=\"xl69\" width=\"185\" height=\"47\">BELT SWAY SWAY (EXPLOSION- PROOF)<\/td>\n<td class=\"xl67\">DBSS-20EX<\/td>\n<td class=\"xl69\" width=\"471\"><\/td>\n<\/tr>\n<tr>\n<td class=\"xl69\" width=\"185\" height=\"47\">Speed switch<\/td>\n<td class=\"xl67\">DBSS-40EX-PS<\/td>\n<td class=\"xl69\" width=\"471\"><\/td>\n<\/tr>\n<tr>\n<td class=\"xl69\" width=\"185\" height=\"47\">Speed Switch<\/td>\n<td class=\"xl67\">DBSS-40-P<\/td>\n<td class=\"xl69\" width=\"471\"><\/td>\n<\/tr>\n<tr>\n<td class=\"xl69\" width=\"185\" height=\"47\">MOTION SWITCH<\/td>\n<td class=\"xl67\">DBSS-40-PS<\/td>\n<td class=\"xl69\" width=\"471\"><\/td>\n<\/tr>\n<tr>\n<td class=\"xl69\" width=\"185\" height=\"47\">CHUT(TILT) Switch<\/td>\n<td class=\"xl67\">DCS-30EX<\/td>\n<td class=\"xl69\" width=\"471\"><\/td>\n<\/tr>\n<tr>\n<td class=\"xl69\" width=\"185\" height=\"47\">CHUTE SWITCH(TILT)<\/td>\n<td class=\"xl67\">DSS-311SM<\/td>\n<td class=\"xl69\" width=\"471\"><\/td>\n<\/tr>\n<tr>\n<td class=\"xl69\" width=\"185\" height=\"47\">PULL CORD SWITCH<\/td>\n<td class=\"xl67\">DBSS-10EXL<\/td>\n<td class=\"xl69\" width=\"471\"><\/td>\n<\/tr>\n<tr>\n<td class=\"xl69\" width=\"185\" height=\"47\">WARNING HORN WITH LIGHT<\/td>\n<td class=\"xl67\">SA-10EXL<\/td>\n<td class=\"xl69\" width=\"471\"><\/td>\n<\/tr>\n<tr>\n<td class=\"xl69\" width=\"185\" height=\"47\">Flow Switch<\/td>\n<td class=\"xl67\">DFS-10EX<\/td>\n<td class=\"xl69\" width=\"471\"><\/td>\n<\/tr>\n<\/tbody>\n<\/table>\n<p>&nbsp;<\/p>\n<p>\u0110\u1ea1i l\u00fd DAE SUNG vietnam, DAE SUNG viet nam, DAE SUNG vietnam distributor, Ph\u00e2n ph\u1ed1i DAE SUNG t\u1ea1i vi\u1ec7t nam<\/p>\n<p>\u0110\u1ea1i l\u00fd DAE SUNG vietnam, DAE SUNG viet nam, DAE SUNG vietnam distributor, Ph\u00e2n ph\u1ed1i DAE SUNG t\u1ea1i vi\u1ec7t nam<\/p>\n<p>\u0110\u1ea1i l\u00fd DAE SUNG vietnam, DAE SUNG viet nam, DAE SUNG vietnam distributor, Ph\u00e2n ph\u1ed1i DAE SUNG t\u1ea1i vi\u1ec7t nam<\/p>\n<p>\u0110\u1ea1i l\u00fd DAE SUNG vietnam, DAE SUNG viet nam, DAE SUNG vietnam distributor, Ph\u00e2n ph\u1ed1i DAE SUNG t\u1ea1i vi\u1ec7t nam<\/p>\n<p>\u0110\u1ea1i l\u00fd DAE SUNG vietnam, DAE SUNG viet nam, DAE SUNG vietnam distributor, Ph\u00e2n ph\u1ed1i DAE SUNG t\u1ea1i vi\u1ec7t nam<\/p>\n","protected":false},"excerpt":{"rendered":"<p>DAE SUNG DBSS-40-P DBSS-40EX-PS &#8211; UP COVER BUTTON RESET &#8211; CONTACT CAPACITY : 15A 125V\/250V AC. &#8211; PROTECTION : IP65 &#8211; NUMBER OF CONTACTS : SPDT x 2EA &#8211; REQUIRED FORCE OF PULL CORD : ABT 7Kg &#8211; CABLE ENTRY : PF 3\/4&#8243; x 2EA &#8211; WEIGHT:3KG Specifications: &#8211; UP&hellip; <\/p>\n","protected":false},"featured_media":1212,"comment_status":"open","ping_status":"closed","template":"","meta":[],"product_cat":[287,697],"product_tag":[180,320,321],"class_list":{"0":"post-1211","1":"product","2":"type-product","3":"status-publish","4":"has-post-thumbnail","6":"product_cat-dae-sung","7":"product_cat-daesung","8":"product_tag-cong-tac-hanh-trinh","9":"product_tag-dae-sung-viet-nam","10":"product_tag-dai-ly-dae-sung-viet-nam","12":"first","13":"instock","14":"shipping-taxable","15":"product-type-simple"},"yoast_head":"<!-- This site is optimized with the Yoast SEO plugin v22.8 - https:\/\/yoast.com\/wordpress\/plugins\/seo\/ -->\n<title>DAE SUNG DBSS-40-P - OMANI VI\u1ec6T NAM<\/title>\n<meta name=\"description\" content=\"DAESUNG DBSS-40-P PULL CORD SWITCH\" \/>\n<meta name=\"robots\" content=\"index, follow, max-snippet:-1, max-image-preview:large, max-video-preview:-1\" \/>\n<link rel=\"canonical\" href=\"https:\/\/omanivietnam.com\/index.php\/san-pham\/dae-sung-dbss-40-p\/\" \/>\n<meta property=\"og:locale\" content=\"vi_VN\" \/>\n<meta property=\"og:type\" content=\"article\" \/>\n<meta property=\"og:title\" content=\"DAE SUNG DBSS-40-P - OMANI VI\u1ec6T NAM\" \/>\n<meta property=\"og:description\" content=\"DAESUNG DBSS-40-P PULL CORD SWITCH\" \/>\n<meta property=\"og:url\" content=\"https:\/\/omanivietnam.com\/index.php\/san-pham\/dae-sung-dbss-40-p\/\" \/>\n<meta property=\"og:site_name\" content=\"OMANI VI\u1ec6T NAM\" \/>\n<meta property=\"article:modified_time\" content=\"2025-04-16T13:52:28+00:00\" \/>\n<meta property=\"og:image\" content=\"https:\/\/omanivietnam.com\/wp-content\/uploads\/2024\/07\/DBSS-40-P.png\" \/>\n\t<meta property=\"og:image:width\" content=\"696\" \/>\n\t<meta property=\"og:image:height\" content=\"367\" \/>\n\t<meta property=\"og:image:type\" content=\"image\/png\" \/>\n<meta name=\"twitter:card\" content=\"summary_large_image\" \/>\n<meta name=\"twitter:label1\" content=\"\u01af\u1edbc t\u00ednh th\u1eddi gian \u0111\u1ecdc\" \/>\n\t<meta name=\"twitter:data1\" content=\"2 ph\u00fat\" \/>\n<script type=\"application\/ld+json\" class=\"yoast-schema-graph\">{\"@context\":\"https:\/\/schema.org\",\"@graph\":[{\"@type\":\"WebPage\",\"@id\":\"https:\/\/omanivietnam.com\/index.php\/san-pham\/dae-sung-dbss-40-p\/\",\"url\":\"https:\/\/omanivietnam.com\/index.php\/san-pham\/dae-sung-dbss-40-p\/\",\"name\":\"DAE SUNG DBSS-40-P - OMANI VI\u1ec6T NAM\",\"isPartOf\":{\"@id\":\"https:\/\/omanivietnam.com\/#website\"},\"primaryImageOfPage\":{\"@id\":\"https:\/\/omanivietnam.com\/index.php\/san-pham\/dae-sung-dbss-40-p\/#primaryimage\"},\"image\":{\"@id\":\"https:\/\/omanivietnam.com\/index.php\/san-pham\/dae-sung-dbss-40-p\/#primaryimage\"},\"thumbnailUrl\":\"https:\/\/omanivietnam.com\/wp-content\/uploads\/2024\/07\/DBSS-40-P.png\",\"datePublished\":\"2024-07-21T22:29:06+00:00\",\"dateModified\":\"2025-04-16T13:52:28+00:00\",\"description\":\"DAESUNG DBSS-40-P PULL CORD SWITCH\",\"breadcrumb\":{\"@id\":\"https:\/\/omanivietnam.com\/index.php\/san-pham\/dae-sung-dbss-40-p\/#breadcrumb\"},\"inLanguage\":\"vi\",\"potentialAction\":[{\"@type\":\"ReadAction\",\"target\":[\"https:\/\/omanivietnam.com\/index.php\/san-pham\/dae-sung-dbss-40-p\/\"]}]},{\"@type\":\"ImageObject\",\"inLanguage\":\"vi\",\"@id\":\"https:\/\/omanivietnam.com\/index.php\/san-pham\/dae-sung-dbss-40-p\/#primaryimage\",\"url\":\"https:\/\/omanivietnam.com\/wp-content\/uploads\/2024\/07\/DBSS-40-P.png\",\"contentUrl\":\"https:\/\/omanivietnam.com\/wp-content\/uploads\/2024\/07\/DBSS-40-P.png\",\"width\":696,\"height\":367},{\"@type\":\"BreadcrumbList\",\"@id\":\"https:\/\/omanivietnam.com\/index.php\/san-pham\/dae-sung-dbss-40-p\/#breadcrumb\",\"itemListElement\":[{\"@type\":\"ListItem\",\"position\":1,\"name\":\"Home\",\"item\":\"https:\/\/omanivietnam.com\/\"},{\"@type\":\"ListItem\",\"position\":2,\"name\":\"S\u1ea2N PH\u1ea8M\",\"item\":\"https:\/\/omanivietnam.com\/index.php\/cua-hang\/\"},{\"@type\":\"ListItem\",\"position\":3,\"name\":\"DAE SUNG DBSS-40-P\"}]},{\"@type\":\"WebSite\",\"@id\":\"https:\/\/omanivietnam.com\/#website\",\"url\":\"https:\/\/omanivietnam.com\/\",\"name\":\"OMANI VI\u1ec6T NAM\",\"description\":\"Nh\u00e0 ph\u00e2n ph\u1ed1i thi\u1ebft b\u1ecb kh\u00ed n\u00e9n v\u00e0 thi\u1ebft b\u1ecb t\u1ef1 \u0111\u1ed9ng h\u00f3a trong c\u00f4ng nghi\u1ec7p\",\"publisher\":{\"@id\":\"https:\/\/omanivietnam.com\/#\/schema\/person\/0ad398a980dc3fd696111c2c5c8fa897\"},\"potentialAction\":[{\"@type\":\"SearchAction\",\"target\":{\"@type\":\"EntryPoint\",\"urlTemplate\":\"https:\/\/omanivietnam.com\/?s={search_term_string}\"},\"query-input\":\"required name=search_term_string\"}],\"inLanguage\":\"vi\"},{\"@type\":[\"Person\",\"Organization\"],\"@id\":\"https:\/\/omanivietnam.com\/#\/schema\/person\/0ad398a980dc3fd696111c2c5c8fa897\",\"name\":\"Nguy\u1ec5n V\u0103n Kh\u00e1nh\",\"image\":{\"@type\":\"ImageObject\",\"inLanguage\":\"vi\",\"@id\":\"https:\/\/omanivietnam.com\/#\/schema\/person\/image\/\",\"url\":\"https:\/\/omanivietnam.com\/wp-content\/uploads\/2024\/06\/logo-1024x1024.png\",\"contentUrl\":\"https:\/\/omanivietnam.com\/wp-content\/uploads\/2024\/06\/logo-1024x1024.png\",\"width\":1024,\"height\":1024,\"caption\":\"Nguy\u1ec5n V\u0103n Kh\u00e1nh\"},\"logo\":{\"@id\":\"https:\/\/omanivietnam.com\/#\/schema\/person\/image\/\"},\"sameAs\":[\"https:\/\/omanivietnam.com\"]}]}<\/script>\n<!-- \/ Yoast SEO plugin. -->","yoast_head_json":{"title":"DAE SUNG DBSS-40-P - OMANI VI\u1ec6T NAM","description":"DAESUNG DBSS-40-P PULL CORD SWITCH","robots":{"index":"index","follow":"follow","max-snippet":"max-snippet:-1","max-image-preview":"max-image-preview:large","max-video-preview":"max-video-preview:-1"},"canonical":"https:\/\/omanivietnam.com\/index.php\/san-pham\/dae-sung-dbss-40-p\/","og_locale":"vi_VN","og_type":"article","og_title":"DAE SUNG DBSS-40-P - OMANI VI\u1ec6T NAM","og_description":"DAESUNG DBSS-40-P PULL CORD SWITCH","og_url":"https:\/\/omanivietnam.com\/index.php\/san-pham\/dae-sung-dbss-40-p\/","og_site_name":"OMANI VI\u1ec6T NAM","article_modified_time":"2025-04-16T13:52:28+00:00","og_image":[{"width":696,"height":367,"url":"https:\/\/omanivietnam.com\/wp-content\/uploads\/2024\/07\/DBSS-40-P.png","type":"image\/png"}],"twitter_card":"summary_large_image","twitter_misc":{"\u01af\u1edbc t\u00ednh th\u1eddi gian \u0111\u1ecdc":"2 ph\u00fat"},"schema":{"@context":"https:\/\/schema.org","@graph":[{"@type":"WebPage","@id":"https:\/\/omanivietnam.com\/index.php\/san-pham\/dae-sung-dbss-40-p\/","url":"https:\/\/omanivietnam.com\/index.php\/san-pham\/dae-sung-dbss-40-p\/","name":"DAE SUNG DBSS-40-P - OMANI VI\u1ec6T NAM","isPartOf":{"@id":"https:\/\/omanivietnam.com\/#website"},"primaryImageOfPage":{"@id":"https:\/\/omanivietnam.com\/index.php\/san-pham\/dae-sung-dbss-40-p\/#primaryimage"},"image":{"@id":"https:\/\/omanivietnam.com\/index.php\/san-pham\/dae-sung-dbss-40-p\/#primaryimage"},"thumbnailUrl":"https:\/\/omanivietnam.com\/wp-content\/uploads\/2024\/07\/DBSS-40-P.png","datePublished":"2024-07-21T22:29:06+00:00","dateModified":"2025-04-16T13:52:28+00:00","description":"DAESUNG DBSS-40-P PULL CORD SWITCH","breadcrumb":{"@id":"https:\/\/omanivietnam.com\/index.php\/san-pham\/dae-sung-dbss-40-p\/#breadcrumb"},"inLanguage":"vi","potentialAction":[{"@type":"ReadAction","target":["https:\/\/omanivietnam.com\/index.php\/san-pham\/dae-sung-dbss-40-p\/"]}]},{"@type":"ImageObject","inLanguage":"vi","@id":"https:\/\/omanivietnam.com\/index.php\/san-pham\/dae-sung-dbss-40-p\/#primaryimage","url":"https:\/\/omanivietnam.com\/wp-content\/uploads\/2024\/07\/DBSS-40-P.png","contentUrl":"https:\/\/omanivietnam.com\/wp-content\/uploads\/2024\/07\/DBSS-40-P.png","width":696,"height":367},{"@type":"BreadcrumbList","@id":"https:\/\/omanivietnam.com\/index.php\/san-pham\/dae-sung-dbss-40-p\/#breadcrumb","itemListElement":[{"@type":"ListItem","position":1,"name":"Home","item":"https:\/\/omanivietnam.com\/"},{"@type":"ListItem","position":2,"name":"S\u1ea2N PH\u1ea8M","item":"https:\/\/omanivietnam.com\/index.php\/cua-hang\/"},{"@type":"ListItem","position":3,"name":"DAE SUNG DBSS-40-P"}]},{"@type":"WebSite","@id":"https:\/\/omanivietnam.com\/#website","url":"https:\/\/omanivietnam.com\/","name":"OMANI VI\u1ec6T NAM","description":"Nh\u00e0 ph\u00e2n ph\u1ed1i thi\u1ebft b\u1ecb kh\u00ed n\u00e9n v\u00e0 thi\u1ebft b\u1ecb t\u1ef1 \u0111\u1ed9ng h\u00f3a trong c\u00f4ng nghi\u1ec7p","publisher":{"@id":"https:\/\/omanivietnam.com\/#\/schema\/person\/0ad398a980dc3fd696111c2c5c8fa897"},"potentialAction":[{"@type":"SearchAction","target":{"@type":"EntryPoint","urlTemplate":"https:\/\/omanivietnam.com\/?s={search_term_string}"},"query-input":"required name=search_term_string"}],"inLanguage":"vi"},{"@type":["Person","Organization"],"@id":"https:\/\/omanivietnam.com\/#\/schema\/person\/0ad398a980dc3fd696111c2c5c8fa897","name":"Nguy\u1ec5n V\u0103n Kh\u00e1nh","image":{"@type":"ImageObject","inLanguage":"vi","@id":"https:\/\/omanivietnam.com\/#\/schema\/person\/image\/","url":"https:\/\/omanivietnam.com\/wp-content\/uploads\/2024\/06\/logo-1024x1024.png","contentUrl":"https:\/\/omanivietnam.com\/wp-content\/uploads\/2024\/06\/logo-1024x1024.png","width":1024,"height":1024,"caption":"Nguy\u1ec5n V\u0103n Kh\u00e1nh"},"logo":{"@id":"https:\/\/omanivietnam.com\/#\/schema\/person\/image\/"},"sameAs":["https:\/\/omanivietnam.com"]}]}},"_links":{"self":[{"href":"https:\/\/omanivietnam.com\/index.php\/wp-json\/wp\/v2\/product\/1211","targetHints":{"allow":["GET"]}}],"collection":[{"href":"https:\/\/omanivietnam.com\/index.php\/wp-json\/wp\/v2\/product"}],"about":[{"href":"https:\/\/omanivietnam.com\/index.php\/wp-json\/wp\/v2\/types\/product"}],"replies":[{"embeddable":true,"href":"https:\/\/omanivietnam.com\/index.php\/wp-json\/wp\/v2\/comments?post=1211"}],"wp:featuredmedia":[{"embeddable":true,"href":"https:\/\/omanivietnam.com\/index.php\/wp-json\/wp\/v2\/media\/1212"}],"wp:attachment":[{"href":"https:\/\/omanivietnam.com\/index.php\/wp-json\/wp\/v2\/media?parent=1211"}],"wp:term":[{"taxonomy":"product_cat","embeddable":true,"href":"https:\/\/omanivietnam.com\/index.php\/wp-json\/wp\/v2\/product_cat?post=1211"},{"taxonomy":"product_tag","embeddable":true,"href":"https:\/\/omanivietnam.com\/index.php\/wp-json\/wp\/v2\/product_tag?post=1211"}],"curies":[{"name":"wp","href":"https:\/\/api.w.org\/{rel}","templated":true}]}}