{"id":1216,"date":"2024-07-22T06:02:33","date_gmt":"2024-07-21T23:02:33","guid":{"rendered":"https:\/\/omanivietnam.com\/?post_type=product&#038;p=1216"},"modified":"2025-04-16T21:28:20","modified_gmt":"2025-04-16T14:28:20","slug":"interface-1232af","status":"publish","type":"product","link":"https:\/\/omanivietnam.com\/index.php\/san-pham\/interface-1232af\/","title":{"rendered":"INTERFACE 1232AF"},"content":{"rendered":"<p>INTERFACE 1232AF-450KN<\/p>\n<p>INTERFACE 1232AF-100K<\/p>\n<p>The 1200 Standard Precision LowProfile\u00ae Load Cell Series are Interface\u2019s most popular load cells. For example, the 1200 has higher output than most competitive LowProfile\u00ae Load Cell. In addition, it is designed for general purpose applications requiring a load cell compensated for eccentric loads. Interface load cells can measure 1 pound (4.45N) or 2 million pounds (9000kN) of force. Above all, the gage sensors in every load cell are individually inspected, tested, and certified to meet our rigid standards.<\/p>\n<p>Additional capacities and standard connectors are available.<\/p>\n<p>2nd Bridge, 3rd Bridge, and Overload Protection are available.<\/p>\n<p>Models\u00a01210, 1220, and 1232 are available.<\/p>\n<p>Features And Benefits<\/p>\n<ul>\n<li>Proprietary Interface temperature compensated strain gages.<\/li>\n<li>Performance to .04%.<\/li>\n<li>High output \u2013 to 4 mV\/V.<\/li>\n<li>Eccentric load compensated.<\/li>\n<li>0.0008%\/\u00b0F (.0015%\/\u00b0C) temp. effect on output.<\/li>\n<li>Low deflection<\/li>\n<li>Shunt calibration.<\/li>\n<li>Barometric compensation.<\/li>\n<li>Tension and compression.<\/li>\n<li>Compact size.<\/li>\n<li>Available with or without a mounting base.<\/li>\n<\/ul>\n<p>1200 Standard Load Cell<br \/>\n(U.S. &amp; Metric)<br \/>\n\u2022 Proprietary Interface temperature<br \/>\ncompensated strain gages<br \/>\n\u2022 Performance to .04%<br \/>\n\u2022 High output \u2013 to 4 mV\/V<br \/>\n\u2022 Eccentric load compensated<br \/>\n\u2022 .0008%\/\u00b0F (.0015%\/\u00b0C) temp. effect on output<br \/>\n\u2022 Low deflection<br \/>\n\u2022 Shunt calibration<br \/>\n\u2022 Barometric compensation<br \/>\n\u2022 Tension and compression<br \/>\n\u2022 Compact size<\/p>\n<p>\u0110\u1ea1i l\u00fd INTERFACE vietnam, INTERFACE viet nam, INTERFACE vietnam distributor, Ph\u00e2n ph\u1ed1i INTERFACE t\u1ea1i vi\u1ec7t nam<\/p>\n<p>\u0110\u1ea1i l\u00fd INTERFACE vietnam, INTERFACE viet nam, INTERFACE vietnam distributor, Ph\u00e2n ph\u1ed1i INTERFACE t\u1ea1i vi\u1ec7t nam<\/p>\n<p>\u0110\u1ea1i l\u00fd INTERFACE vietnam, INTERFACE viet nam, INTERFACE vietnam distributor, Ph\u00e2n ph\u1ed1i INTERFACE t\u1ea1i vi\u1ec7t nam<\/p>\n<p>\u0110\u1ea1i l\u00fd INTERFACE vietnam, INTERFACE viet nam, INTERFACE vietnam distributor, Ph\u00e2n ph\u1ed1i INTERFACE t\u1ea1i vi\u1ec7t nam<\/p>\n<p>\u0110\u1ea1i l\u00fd INTERFACE vietnam, INTERFACE viet nam, INTERFACE vietnam distributor, Ph\u00e2n ph\u1ed1i INTERFACE t\u1ea1i vi\u1ec7t nam<\/p>\n","protected":false},"excerpt":{"rendered":"<p>INTERFACE 1232AF-450KN INTERFACE 1232AF-100K The 1200 Standard Precision LowProfile\u00ae Load Cell Series are Interface\u2019s most popular load cells. For example, the 1200 has higher output than most competitive LowProfile\u00ae Load Cell. In addition, it is designed for general purpose applications requiring a load cell compensated for eccentric loads. Interface load&hellip; <\/p>\n","protected":false},"featured_media":1218,"comment_status":"open","ping_status":"closed","template":"","meta":[],"product_cat":[293],"product_tag":[88,325,324],"class_list":{"0":"post-1216","1":"product","2":"type-product","3":"status-publish","4":"has-post-thumbnail","6":"product_cat-interface","7":"product_tag-cam-bien","8":"product_tag-dai-ly-interface-viet-nam","9":"product_tag-interface-viet-nam","11":"first","12":"instock","13":"shipping-taxable","14":"product-type-simple"},"yoast_head":"<!-- This site is optimized with the Yoast SEO plugin v22.8 - https:\/\/yoast.com\/wordpress\/plugins\/seo\/ -->\n<title>INTERFACE 1232AF - OMANI VI\u1ec6T NAM<\/title>\n<meta name=\"description\" content=\"INTERFACE 1232AF-450KN LOAD CELLS\" \/>\n<meta name=\"robots\" content=\"index, follow, max-snippet:-1, max-image-preview:large, max-video-preview:-1\" \/>\n<link rel=\"canonical\" href=\"https:\/\/omanivietnam.com\/index.php\/san-pham\/interface-1232af\/\" \/>\n<meta property=\"og:locale\" content=\"vi_VN\" \/>\n<meta property=\"og:type\" content=\"article\" \/>\n<meta property=\"og:title\" content=\"INTERFACE 1232AF - OMANI VI\u1ec6T NAM\" \/>\n<meta property=\"og:description\" content=\"INTERFACE 1232AF-450KN LOAD CELLS\" \/>\n<meta property=\"og:url\" content=\"https:\/\/omanivietnam.com\/index.php\/san-pham\/interface-1232af\/\" \/>\n<meta property=\"og:site_name\" content=\"OMANI VI\u1ec6T NAM\" \/>\n<meta property=\"article:modified_time\" content=\"2025-04-16T14:28:20+00:00\" \/>\n<meta property=\"og:image\" content=\"https:\/\/omanivietnam.com\/wp-content\/uploads\/2024\/07\/1232AF-1.png\" \/>\n\t<meta property=\"og:image:width\" content=\"694\" \/>\n\t<meta property=\"og:image:height\" content=\"422\" \/>\n\t<meta property=\"og:image:type\" content=\"image\/png\" \/>\n<meta name=\"twitter:card\" content=\"summary_large_image\" \/>\n<meta name=\"twitter:label1\" content=\"\u01af\u1edbc t\u00ednh th\u1eddi gian \u0111\u1ecdc\" \/>\n\t<meta name=\"twitter:data1\" content=\"2 ph\u00fat\" \/>\n<script type=\"application\/ld+json\" class=\"yoast-schema-graph\">{\"@context\":\"https:\/\/schema.org\",\"@graph\":[{\"@type\":\"WebPage\",\"@id\":\"https:\/\/omanivietnam.com\/index.php\/san-pham\/interface-1232af\/\",\"url\":\"https:\/\/omanivietnam.com\/index.php\/san-pham\/interface-1232af\/\",\"name\":\"INTERFACE 1232AF - OMANI VI\u1ec6T NAM\",\"isPartOf\":{\"@id\":\"https:\/\/omanivietnam.com\/#website\"},\"primaryImageOfPage\":{\"@id\":\"https:\/\/omanivietnam.com\/index.php\/san-pham\/interface-1232af\/#primaryimage\"},\"image\":{\"@id\":\"https:\/\/omanivietnam.com\/index.php\/san-pham\/interface-1232af\/#primaryimage\"},\"thumbnailUrl\":\"https:\/\/omanivietnam.com\/wp-content\/uploads\/2024\/07\/1232AF-1.png\",\"datePublished\":\"2024-07-21T23:02:33+00:00\",\"dateModified\":\"2025-04-16T14:28:20+00:00\",\"description\":\"INTERFACE 1232AF-450KN LOAD CELLS\",\"breadcrumb\":{\"@id\":\"https:\/\/omanivietnam.com\/index.php\/san-pham\/interface-1232af\/#breadcrumb\"},\"inLanguage\":\"vi\",\"potentialAction\":[{\"@type\":\"ReadAction\",\"target\":[\"https:\/\/omanivietnam.com\/index.php\/san-pham\/interface-1232af\/\"]}]},{\"@type\":\"ImageObject\",\"inLanguage\":\"vi\",\"@id\":\"https:\/\/omanivietnam.com\/index.php\/san-pham\/interface-1232af\/#primaryimage\",\"url\":\"https:\/\/omanivietnam.com\/wp-content\/uploads\/2024\/07\/1232AF-1.png\",\"contentUrl\":\"https:\/\/omanivietnam.com\/wp-content\/uploads\/2024\/07\/1232AF-1.png\",\"width\":694,\"height\":422},{\"@type\":\"BreadcrumbList\",\"@id\":\"https:\/\/omanivietnam.com\/index.php\/san-pham\/interface-1232af\/#breadcrumb\",\"itemListElement\":[{\"@type\":\"ListItem\",\"position\":1,\"name\":\"Home\",\"item\":\"https:\/\/omanivietnam.com\/\"},{\"@type\":\"ListItem\",\"position\":2,\"name\":\"S\u1ea2N PH\u1ea8M\",\"item\":\"https:\/\/omanivietnam.com\/index.php\/cua-hang\/\"},{\"@type\":\"ListItem\",\"position\":3,\"name\":\"INTERFACE 1232AF\"}]},{\"@type\":\"WebSite\",\"@id\":\"https:\/\/omanivietnam.com\/#website\",\"url\":\"https:\/\/omanivietnam.com\/\",\"name\":\"OMANI VI\u1ec6T NAM\",\"description\":\"Nh\u00e0 ph\u00e2n ph\u1ed1i thi\u1ebft b\u1ecb kh\u00ed n\u00e9n v\u00e0 thi\u1ebft b\u1ecb t\u1ef1 \u0111\u1ed9ng h\u00f3a trong c\u00f4ng nghi\u1ec7p\",\"publisher\":{\"@id\":\"https:\/\/omanivietnam.com\/#\/schema\/person\/0ad398a980dc3fd696111c2c5c8fa897\"},\"potentialAction\":[{\"@type\":\"SearchAction\",\"target\":{\"@type\":\"EntryPoint\",\"urlTemplate\":\"https:\/\/omanivietnam.com\/?s={search_term_string}\"},\"query-input\":\"required name=search_term_string\"}],\"inLanguage\":\"vi\"},{\"@type\":[\"Person\",\"Organization\"],\"@id\":\"https:\/\/omanivietnam.com\/#\/schema\/person\/0ad398a980dc3fd696111c2c5c8fa897\",\"name\":\"Nguy\u1ec5n V\u0103n Kh\u00e1nh\",\"image\":{\"@type\":\"ImageObject\",\"inLanguage\":\"vi\",\"@id\":\"https:\/\/omanivietnam.com\/#\/schema\/person\/image\/\",\"url\":\"https:\/\/omanivietnam.com\/wp-content\/uploads\/2024\/06\/logo-1024x1024.png\",\"contentUrl\":\"https:\/\/omanivietnam.com\/wp-content\/uploads\/2024\/06\/logo-1024x1024.png\",\"width\":1024,\"height\":1024,\"caption\":\"Nguy\u1ec5n V\u0103n Kh\u00e1nh\"},\"logo\":{\"@id\":\"https:\/\/omanivietnam.com\/#\/schema\/person\/image\/\"},\"sameAs\":[\"https:\/\/omanivietnam.com\"]}]}<\/script>\n<!-- \/ Yoast SEO plugin. -->","yoast_head_json":{"title":"INTERFACE 1232AF - OMANI VI\u1ec6T NAM","description":"INTERFACE 1232AF-450KN LOAD CELLS","robots":{"index":"index","follow":"follow","max-snippet":"max-snippet:-1","max-image-preview":"max-image-preview:large","max-video-preview":"max-video-preview:-1"},"canonical":"https:\/\/omanivietnam.com\/index.php\/san-pham\/interface-1232af\/","og_locale":"vi_VN","og_type":"article","og_title":"INTERFACE 1232AF - OMANI VI\u1ec6T NAM","og_description":"INTERFACE 1232AF-450KN LOAD CELLS","og_url":"https:\/\/omanivietnam.com\/index.php\/san-pham\/interface-1232af\/","og_site_name":"OMANI VI\u1ec6T NAM","article_modified_time":"2025-04-16T14:28:20+00:00","og_image":[{"width":694,"height":422,"url":"https:\/\/omanivietnam.com\/wp-content\/uploads\/2024\/07\/1232AF-1.png","type":"image\/png"}],"twitter_card":"summary_large_image","twitter_misc":{"\u01af\u1edbc t\u00ednh th\u1eddi gian \u0111\u1ecdc":"2 ph\u00fat"},"schema":{"@context":"https:\/\/schema.org","@graph":[{"@type":"WebPage","@id":"https:\/\/omanivietnam.com\/index.php\/san-pham\/interface-1232af\/","url":"https:\/\/omanivietnam.com\/index.php\/san-pham\/interface-1232af\/","name":"INTERFACE 1232AF - OMANI VI\u1ec6T NAM","isPartOf":{"@id":"https:\/\/omanivietnam.com\/#website"},"primaryImageOfPage":{"@id":"https:\/\/omanivietnam.com\/index.php\/san-pham\/interface-1232af\/#primaryimage"},"image":{"@id":"https:\/\/omanivietnam.com\/index.php\/san-pham\/interface-1232af\/#primaryimage"},"thumbnailUrl":"https:\/\/omanivietnam.com\/wp-content\/uploads\/2024\/07\/1232AF-1.png","datePublished":"2024-07-21T23:02:33+00:00","dateModified":"2025-04-16T14:28:20+00:00","description":"INTERFACE 1232AF-450KN LOAD CELLS","breadcrumb":{"@id":"https:\/\/omanivietnam.com\/index.php\/san-pham\/interface-1232af\/#breadcrumb"},"inLanguage":"vi","potentialAction":[{"@type":"ReadAction","target":["https:\/\/omanivietnam.com\/index.php\/san-pham\/interface-1232af\/"]}]},{"@type":"ImageObject","inLanguage":"vi","@id":"https:\/\/omanivietnam.com\/index.php\/san-pham\/interface-1232af\/#primaryimage","url":"https:\/\/omanivietnam.com\/wp-content\/uploads\/2024\/07\/1232AF-1.png","contentUrl":"https:\/\/omanivietnam.com\/wp-content\/uploads\/2024\/07\/1232AF-1.png","width":694,"height":422},{"@type":"BreadcrumbList","@id":"https:\/\/omanivietnam.com\/index.php\/san-pham\/interface-1232af\/#breadcrumb","itemListElement":[{"@type":"ListItem","position":1,"name":"Home","item":"https:\/\/omanivietnam.com\/"},{"@type":"ListItem","position":2,"name":"S\u1ea2N PH\u1ea8M","item":"https:\/\/omanivietnam.com\/index.php\/cua-hang\/"},{"@type":"ListItem","position":3,"name":"INTERFACE 1232AF"}]},{"@type":"WebSite","@id":"https:\/\/omanivietnam.com\/#website","url":"https:\/\/omanivietnam.com\/","name":"OMANI VI\u1ec6T NAM","description":"Nh\u00e0 ph\u00e2n ph\u1ed1i thi\u1ebft b\u1ecb kh\u00ed n\u00e9n v\u00e0 thi\u1ebft b\u1ecb t\u1ef1 \u0111\u1ed9ng h\u00f3a trong c\u00f4ng nghi\u1ec7p","publisher":{"@id":"https:\/\/omanivietnam.com\/#\/schema\/person\/0ad398a980dc3fd696111c2c5c8fa897"},"potentialAction":[{"@type":"SearchAction","target":{"@type":"EntryPoint","urlTemplate":"https:\/\/omanivietnam.com\/?s={search_term_string}"},"query-input":"required name=search_term_string"}],"inLanguage":"vi"},{"@type":["Person","Organization"],"@id":"https:\/\/omanivietnam.com\/#\/schema\/person\/0ad398a980dc3fd696111c2c5c8fa897","name":"Nguy\u1ec5n V\u0103n Kh\u00e1nh","image":{"@type":"ImageObject","inLanguage":"vi","@id":"https:\/\/omanivietnam.com\/#\/schema\/person\/image\/","url":"https:\/\/omanivietnam.com\/wp-content\/uploads\/2024\/06\/logo-1024x1024.png","contentUrl":"https:\/\/omanivietnam.com\/wp-content\/uploads\/2024\/06\/logo-1024x1024.png","width":1024,"height":1024,"caption":"Nguy\u1ec5n V\u0103n Kh\u00e1nh"},"logo":{"@id":"https:\/\/omanivietnam.com\/#\/schema\/person\/image\/"},"sameAs":["https:\/\/omanivietnam.com"]}]}},"_links":{"self":[{"href":"https:\/\/omanivietnam.com\/index.php\/wp-json\/wp\/v2\/product\/1216","targetHints":{"allow":["GET"]}}],"collection":[{"href":"https:\/\/omanivietnam.com\/index.php\/wp-json\/wp\/v2\/product"}],"about":[{"href":"https:\/\/omanivietnam.com\/index.php\/wp-json\/wp\/v2\/types\/product"}],"replies":[{"embeddable":true,"href":"https:\/\/omanivietnam.com\/index.php\/wp-json\/wp\/v2\/comments?post=1216"}],"wp:featuredmedia":[{"embeddable":true,"href":"https:\/\/omanivietnam.com\/index.php\/wp-json\/wp\/v2\/media\/1218"}],"wp:attachment":[{"href":"https:\/\/omanivietnam.com\/index.php\/wp-json\/wp\/v2\/media?parent=1216"}],"wp:term":[{"taxonomy":"product_cat","embeddable":true,"href":"https:\/\/omanivietnam.com\/index.php\/wp-json\/wp\/v2\/product_cat?post=1216"},{"taxonomy":"product_tag","embeddable":true,"href":"https:\/\/omanivietnam.com\/index.php\/wp-json\/wp\/v2\/product_tag?post=1216"}],"curies":[{"name":"wp","href":"https:\/\/api.w.org\/{rel}","templated":true}]}}