{"id":1229,"date":"2024-07-25T06:00:50","date_gmt":"2024-07-24T23:00:50","guid":{"rendered":"https:\/\/omanivietnam.com\/?post_type=product&#038;p=1229"},"modified":"2024-07-25T06:02:17","modified_gmt":"2024-07-24T23:02:17","slug":"convum-sc3s15sv9ndfsbt","status":"publish","type":"product","link":"https:\/\/omanivietnam.com\/index.php\/san-pham\/convum-sc3s15sv9ndfsbt\/","title":{"rendered":"CONVUM SC3S15SV9NDFSBT"},"content":{"rendered":"<p>CONVUM SC3S15SV9NDFSBT<\/p>\n<p>A flow rate multi-step vacuum nozzle can be selected.Equipped with a sealing valve that can use destroyed air for vacuum destruction without waste.Attachment\/detachment of the joints on the supply side and vacuum side is easy.Nozzle size:15SBuilt-in sensor:MPS-10Supply port, vacuum port: Rc1\/4With sealing valve and check valveArrival degree of vacuum: Max -90kPaWorking pressure range: 0.2 to 0.6MPaRated pressure: 0.5MPa<\/p>\n<p>State of the art vacuum technology Since 1951<\/p>\n<p>Convum are\u00a0<strong>pioneers<\/strong>\u00a0in the manufacture of a\u00a0<strong>wide rage<\/strong>\u00a0of\u00a0<strong>industrial Vacuum<\/strong> parts such as suction cups <strong>Vacuum generators<\/strong>\u00a0and\u00a0<strong>pressure sensors<\/strong>\u00a0to enable full\u00a0<strong>automation<\/strong>\u00a0for any industry.<\/p>\n<p>Convum l\u00e0 c\u00f4ng ty chuy\u00ean ph\u00e1t tri\u1ec3n v\u00e0 s\u1ea3n xu\u1ea5t thi\u1ebft b\u1ecb ch\u00e2n kh\u00f4ng ch\u1ea5t l\u01b0\u1ee3ng cao. C\u00e1c s\u1ea3n ph\u1ea9m c\u1ee7a Convum (Myotoku) \u0111\u00f3ng vai tr\u00f2 quan tr\u1ecdng trong nhi\u1ec1u ng\u00e0nh c\u00f4ng nghi\u1ec7p kh\u00e1c nhau, bao g\u1ed3m : bao b\u00ec, \u0111i\u1ec7n t\u1eed, \u00f4 t\u00f4 v\u00e0 d\u01b0\u1ee3c ph\u1ea9m.. D\u01b0\u1edbi \u0111\u00e2y l\u00e0 m\u1ed9t s\u1ed1 d\u00f2ng s\u1ea3n ph\u1ea9m c\u1ee7a convum<\/p>\n<ul>\n<li><strong>B\u1ed9 t\u1ea1o ch\u00e2n kh\u00f4ng<\/strong>: thi\u1ebft b\u1ecb t\u1ea1o ch\u00e2n kh\u00f4ng hi\u1ec7n \u0111\u1ea1i v\u1edbi nhi\u1ec1u k\u00edch c\u1ee1 kh\u00e1c nhau k\u1ebft n\u1ed1i tr\u1ef1c ti\u1ebfp v\u1edbi ngu\u1ed3n cung c\u1ea5p kh\u00ed n\u00e9n \u0111\u1ec3 t\u1ea1o ra ch\u00e2n kh\u00f4ng s\u1eed d\u1ee5ng cho c\u00e1c \u1ee9ng d\u1ee5ng trong c\u00f4ng nghi\u1ec7p.<\/li>\n<li><strong>Gi\u00e1c h\u00fat ch\u00e2n kh\u00f4ng<\/strong>\u00a0: Convum s\u1ea3n xu\u1ea5t nhi\u1ec1u lo\u1ea1i gi\u00e1c h\u00fat kh\u00e1c nhau, bao g\u1ed3m gi\u00e1c h\u00fat n\u00e2ng kim lo\u1ea1i, gi\u00e1c h\u00fat n\u00e2ng gi\u1ea5y, gi\u00e1c h\u00fat n\u00e2ng m\u00e0ng m\u1ecfng, gi\u00e1c h\u00fat n\u00e2ng v\u1eadt li\u1ec7u m\u1ec1m v\u00e0 c\u1ed1c h\u00fat n\u00e2ng kh\u00f4ng ti\u1ebfp x\u00fac.<\/li>\n<li>Balloon Hand: M\u1ed9t thi\u1ebft k\u1ebf nh\u1ecf g\u1ecdn t\u1ea5t c\u1ea3 trong m\u1ed9t v\u1edbi \u0111\u1ea7u phun ch\u00e2n kh\u00f4ng t\u00edch h\u1ee3p \u0111\u1ec3 d\u1ec5 d\u00e0ng thao t\u00e1c, h\u00fat v\u00e0 c\u1ea7m n\u1eafm.<\/li>\n<li>B\u1ed9 tay robot: C\u00f3 nhi\u1ec1u lo\u1ea1i v\u00e0 c\u1ea5u h\u00ecnh mi\u1ebfng h\u00fat kh\u00e1c nhau \u0111\u1ec3 ph\u00f9 h\u1ee3p v\u1edbi y\u00eau c\u1ea7u c\u00f4ng vi\u1ec7c c\u1ee5 th\u1ec3.<\/li>\n<li>Thi\u1ebft b\u1ecb x\u1ebfp pallet: M\u1ed9t h\u1ec7 th\u1ed1ng m\u1edbi c\u00f3 nhi\u1ec1u k\u00edch c\u1ee1 kh\u00e1c nhau, c\u00f3 ho\u1eb7c kh\u00f4ng c\u00f3 m\u00e1y t\u1ea1o ch\u00e2n kh\u00f4ng t\u00edch h\u1ee3p \u0111\u1ec3 x\u1eed l\u00fd pallet.<\/li>\n<li>e-Hand: M\u1ed9t thi\u1ebft b\u1ecb n\u00e2ng ch\u00e2n kh\u00f4ng ho\u00e0n to\u00e0n b\u1eb1ng \u0111i\u1ec7n, nh\u1ecf g\u1ecdn, nh\u1eb9, kh\u00f4ng c\u1ea7n cung c\u1ea5p kh\u00f4ng kh\u00ed v\u00e0 ti\u00eau th\u1ee5 n\u0103ng l\u01b0\u1ee3ng th\u1ea5p.<br \/>\nConvum c\u00f3 s\u1ef1 hi\u1ec7n di\u1ec7n qu\u1ed1c t\u1ebf v\u1edbi c\u00e1c v\u0103n ph\u00f2ng \u1edf t\u1ea5t c\u1ea3 c\u00e1c ch\u00e2u l\u1ee5c l\u1edbn, cho ph\u00e9p h\u1ecd cung c\u1ea5p c\u00f4ng ngh\u1ec7 t\u1ea1o ch\u00e2n kh\u00f4ng v\u00e0 n\u00e2ng l\u1ef1c h\u00fat t\u1ed1t nh\u1ea5t tr\u00ean to\u00e0n th\u1ebf gi\u1edbi<\/li>\n<\/ul>\n<p>Van t\u1ea1o ch\u00e2n kh\u00f4ng Vaccum Generator Convumumn P\/N: CV-15HS\u00a0\u0111\u01b0\u1ee3c thi\u1ebft k\u1ebf g\u1ecdn nh\u1eb9.\u00a0Van t\u1ea1o ch\u00e2n kh\u00f4ng Vaccum Generator Convumumn P\/N: CV-15HS \u1ee9ng d\u1ee5ng cho nhi\u1ec1u l\u0129nh v\u1ef1c\u00a0 Configured Specifications Main Body Shape Electromagnetic Valve Direct-Mounte Type Straight Additional Function No Ultimate Vacuum Pressure(kPa) -87 Air Consumption Flow \u2026<\/p>\n<p>&nbsp;<\/p>\n<ul class=\"a-list u-ml10\">\n<li>Basic form of ejector (vacuum generator).<\/li>\n<li>Vacuum is generated by compressed air from a compressor.<\/li>\n<li>Workpieces can be easily adsorbed by combining with a suction pad.<\/li>\n<li>Can also be used for degassing\/sucking out gas and liquid from inside containers.<\/li>\n<li>Simple structure and long life.<\/li>\n<\/ul>\n<ul class=\"a-list--s u-ml0\">\n<li>Working pressure: 0.1~0.6MPa<\/li>\n<li>Air consumption ((M3)\/min ): 180<\/li>\n<li>Suction flow rate (L\/min): 110<\/li>\n<li>Pressure switch: Yes<\/li>\n<li>Ultimate vacuum pressure (kPa): -92<\/li>\n<li>Nozzle diameter (mm): 2.0<\/li>\n<\/ul>\n<p>C\u00e1c s\u1ea3n ph\u1ea9m t\u01b0\u01a1ng t\u1ef1<\/p>\n<p>CONVUM SC3S15S10NCFSBR<\/p>\n<p>CONVUM SC3-FE<\/p>\n<p>CONVUM SC3-SE01<\/p>\n<p>CONVUM MPS-V34R-NGA<\/p>\n<p>CONVUM SC3S15SV9NDFSBT<\/p>\n<p>CONVUM TN-PN-112-M6<\/p>\n<p>CONVUM VF-5E<\/p>\n<p>CONVUM PFG-10A-SE<br \/>\nCONVUM PFG-8A-SE<\/p>\n<p>CONVUM MPS-71E-NGXX<\/p>\n<p>CONVUM CV-15HS<\/p>\n<p class=\"title-head\">CONVUM (with switch) MW8388293<\/p>\n<p>\u0110\u1ea1i l\u00fd CONVUM vietnam, CONVUM viet nam, CONVUM vietnam distributor, Ph\u00e2n ph\u1ed1i CONVUM t\u1ea1i vi\u1ec7t nam<\/p>\n<p>\u0110\u1ea1i l\u00fd CONVUM vietnam, CONVUM viet nam, CONVUM vietnam distributor, Ph\u00e2n ph\u1ed1i CONVUM t\u1ea1i vi\u1ec7t nam<\/p>\n<p>\u0110\u1ea1i l\u00fd CONVUM vietnam, CONVUM viet nam, CONVUM vietnam distributor, Ph\u00e2n ph\u1ed1i CONVUM t\u1ea1i vi\u1ec7t nam<\/p>\n<p>\u0110\u1ea1i l\u00fd CONVUM vietnam, CONVUM viet nam, CONVUM vietnam distributor, Ph\u00e2n ph\u1ed1i CONVUM t\u1ea1i vi\u1ec7t nam<\/p>\n<p>\u0110\u1ea1i l\u00fd CONVUM vietnam, CONVUM viet nam, CONVUM vietnam distributor, Ph\u00e2n ph\u1ed1i CONVUM t\u1ea1i vi\u1ec7t nam<\/p>\n","protected":false},"excerpt":{"rendered":"<p>CONVUM SC3S15SV9NDFSBT A flow rate multi-step vacuum nozzle can be selected.Equipped with a sealing valve that can use destroyed air for vacuum destruction without waste.Attachment\/detachment of the joints on the supply side and vacuum side is easy.Nozzle size:15SBuilt-in sensor:MPS-10Supply port, vacuum port: Rc1\/4With sealing valve and check valveArrival degree of&hellip; <\/p>\n","protected":false},"featured_media":1230,"comment_status":"open","ping_status":"closed","template":"","meta":[],"product_cat":[335],"product_tag":[312,258,259],"class_list":{"0":"post-1229","1":"product","2":"type-product","3":"status-publish","4":"has-post-thumbnail","6":"product_cat-convum","7":"product_tag-bom-chan-khong","8":"product_tag-convum-viet-nam","9":"product_tag-dai-ly-convum-viet-nam","11":"first","12":"instock","13":"shipping-taxable","14":"product-type-simple"},"yoast_head":"<!-- This site is optimized with the Yoast SEO plugin v22.8 - https:\/\/yoast.com\/wordpress\/plugins\/seo\/ -->\n<title>CONVUM SC3S15SV9NDFSBT - OMANI VI\u1ec6T NAM<\/title>\n<meta name=\"robots\" content=\"index, follow, max-snippet:-1, max-image-preview:large, max-video-preview:-1\" \/>\n<link rel=\"canonical\" href=\"https:\/\/omanivietnam.com\/index.php\/san-pham\/convum-sc3s15sv9ndfsbt\/\" \/>\n<meta property=\"og:locale\" content=\"vi_VN\" \/>\n<meta property=\"og:type\" content=\"article\" \/>\n<meta property=\"og:title\" content=\"CONVUM SC3S15SV9NDFSBT - OMANI VI\u1ec6T NAM\" \/>\n<meta property=\"og:description\" content=\"CONVUM SC3S15SV9NDFSBT A flow rate multi-step vacuum nozzle can be selected.Equipped with a sealing valve that can use destroyed air for vacuum destruction without waste.Attachment\/detachment of the joints on the supply side and vacuum side is easy.Nozzle size:15SBuilt-in sensor:MPS-10Supply port, vacuum port: Rc1\/4With sealing valve and check valveArrival degree of&hellip;\" \/>\n<meta property=\"og:url\" content=\"https:\/\/omanivietnam.com\/index.php\/san-pham\/convum-sc3s15sv9ndfsbt\/\" \/>\n<meta property=\"og:site_name\" content=\"OMANI VI\u1ec6T NAM\" \/>\n<meta property=\"article:modified_time\" content=\"2024-07-24T23:02:17+00:00\" \/>\n<meta property=\"og:image\" content=\"https:\/\/omanivietnam.com\/wp-content\/uploads\/2024\/07\/SC3S15SV9NDFSBT.png\" \/>\n\t<meta property=\"og:image:width\" content=\"645\" \/>\n\t<meta property=\"og:image:height\" content=\"576\" \/>\n\t<meta property=\"og:image:type\" content=\"image\/png\" \/>\n<meta name=\"twitter:card\" content=\"summary_large_image\" \/>\n<meta name=\"twitter:label1\" content=\"\u01af\u1edbc t\u00ednh th\u1eddi gian \u0111\u1ecdc\" \/>\n\t<meta name=\"twitter:data1\" content=\"4 ph\u00fat\" \/>\n<script type=\"application\/ld+json\" class=\"yoast-schema-graph\">{\"@context\":\"https:\/\/schema.org\",\"@graph\":[{\"@type\":\"WebPage\",\"@id\":\"https:\/\/omanivietnam.com\/index.php\/san-pham\/convum-sc3s15sv9ndfsbt\/\",\"url\":\"https:\/\/omanivietnam.com\/index.php\/san-pham\/convum-sc3s15sv9ndfsbt\/\",\"name\":\"CONVUM SC3S15SV9NDFSBT - OMANI VI\u1ec6T NAM\",\"isPartOf\":{\"@id\":\"https:\/\/omanivietnam.com\/#website\"},\"primaryImageOfPage\":{\"@id\":\"https:\/\/omanivietnam.com\/index.php\/san-pham\/convum-sc3s15sv9ndfsbt\/#primaryimage\"},\"image\":{\"@id\":\"https:\/\/omanivietnam.com\/index.php\/san-pham\/convum-sc3s15sv9ndfsbt\/#primaryimage\"},\"thumbnailUrl\":\"https:\/\/omanivietnam.com\/wp-content\/uploads\/2024\/07\/SC3S15SV9NDFSBT.png\",\"datePublished\":\"2024-07-24T23:00:50+00:00\",\"dateModified\":\"2024-07-24T23:02:17+00:00\",\"breadcrumb\":{\"@id\":\"https:\/\/omanivietnam.com\/index.php\/san-pham\/convum-sc3s15sv9ndfsbt\/#breadcrumb\"},\"inLanguage\":\"vi\",\"potentialAction\":[{\"@type\":\"ReadAction\",\"target\":[\"https:\/\/omanivietnam.com\/index.php\/san-pham\/convum-sc3s15sv9ndfsbt\/\"]}]},{\"@type\":\"ImageObject\",\"inLanguage\":\"vi\",\"@id\":\"https:\/\/omanivietnam.com\/index.php\/san-pham\/convum-sc3s15sv9ndfsbt\/#primaryimage\",\"url\":\"https:\/\/omanivietnam.com\/wp-content\/uploads\/2024\/07\/SC3S15SV9NDFSBT.png\",\"contentUrl\":\"https:\/\/omanivietnam.com\/wp-content\/uploads\/2024\/07\/SC3S15SV9NDFSBT.png\",\"width\":645,\"height\":576},{\"@type\":\"BreadcrumbList\",\"@id\":\"https:\/\/omanivietnam.com\/index.php\/san-pham\/convum-sc3s15sv9ndfsbt\/#breadcrumb\",\"itemListElement\":[{\"@type\":\"ListItem\",\"position\":1,\"name\":\"Home\",\"item\":\"https:\/\/omanivietnam.com\/\"},{\"@type\":\"ListItem\",\"position\":2,\"name\":\"S\u1ea2N PH\u1ea8M\",\"item\":\"https:\/\/omanivietnam.com\/index.php\/cua-hang\/\"},{\"@type\":\"ListItem\",\"position\":3,\"name\":\"CONVUM SC3S15SV9NDFSBT\"}]},{\"@type\":\"WebSite\",\"@id\":\"https:\/\/omanivietnam.com\/#website\",\"url\":\"https:\/\/omanivietnam.com\/\",\"name\":\"OMANI VI\u1ec6T NAM\",\"description\":\"Nh\u00e0 ph\u00e2n ph\u1ed1i thi\u1ebft b\u1ecb kh\u00ed n\u00e9n v\u00e0 thi\u1ebft b\u1ecb t\u1ef1 \u0111\u1ed9ng h\u00f3a trong c\u00f4ng nghi\u1ec7p\",\"publisher\":{\"@id\":\"https:\/\/omanivietnam.com\/#\/schema\/person\/0ad398a980dc3fd696111c2c5c8fa897\"},\"potentialAction\":[{\"@type\":\"SearchAction\",\"target\":{\"@type\":\"EntryPoint\",\"urlTemplate\":\"https:\/\/omanivietnam.com\/?s={search_term_string}\"},\"query-input\":\"required name=search_term_string\"}],\"inLanguage\":\"vi\"},{\"@type\":[\"Person\",\"Organization\"],\"@id\":\"https:\/\/omanivietnam.com\/#\/schema\/person\/0ad398a980dc3fd696111c2c5c8fa897\",\"name\":\"Nguy\u1ec5n V\u0103n Kh\u00e1nh\",\"image\":{\"@type\":\"ImageObject\",\"inLanguage\":\"vi\",\"@id\":\"https:\/\/omanivietnam.com\/#\/schema\/person\/image\/\",\"url\":\"https:\/\/omanivietnam.com\/wp-content\/uploads\/2024\/06\/logo-1024x1024.png\",\"contentUrl\":\"https:\/\/omanivietnam.com\/wp-content\/uploads\/2024\/06\/logo-1024x1024.png\",\"width\":1024,\"height\":1024,\"caption\":\"Nguy\u1ec5n V\u0103n Kh\u00e1nh\"},\"logo\":{\"@id\":\"https:\/\/omanivietnam.com\/#\/schema\/person\/image\/\"},\"sameAs\":[\"https:\/\/omanivietnam.com\"]}]}<\/script>\n<!-- \/ Yoast SEO plugin. -->","yoast_head_json":{"title":"CONVUM SC3S15SV9NDFSBT - OMANI VI\u1ec6T NAM","robots":{"index":"index","follow":"follow","max-snippet":"max-snippet:-1","max-image-preview":"max-image-preview:large","max-video-preview":"max-video-preview:-1"},"canonical":"https:\/\/omanivietnam.com\/index.php\/san-pham\/convum-sc3s15sv9ndfsbt\/","og_locale":"vi_VN","og_type":"article","og_title":"CONVUM SC3S15SV9NDFSBT - OMANI VI\u1ec6T NAM","og_description":"CONVUM SC3S15SV9NDFSBT A flow rate multi-step vacuum nozzle can be selected.Equipped with a sealing valve that can use destroyed air for vacuum destruction without waste.Attachment\/detachment of the joints on the supply side and vacuum side is easy.Nozzle size:15SBuilt-in sensor:MPS-10Supply port, vacuum port: Rc1\/4With sealing valve and check valveArrival degree of&hellip;","og_url":"https:\/\/omanivietnam.com\/index.php\/san-pham\/convum-sc3s15sv9ndfsbt\/","og_site_name":"OMANI VI\u1ec6T NAM","article_modified_time":"2024-07-24T23:02:17+00:00","og_image":[{"width":645,"height":576,"url":"https:\/\/omanivietnam.com\/wp-content\/uploads\/2024\/07\/SC3S15SV9NDFSBT.png","type":"image\/png"}],"twitter_card":"summary_large_image","twitter_misc":{"\u01af\u1edbc t\u00ednh th\u1eddi gian \u0111\u1ecdc":"4 ph\u00fat"},"schema":{"@context":"https:\/\/schema.org","@graph":[{"@type":"WebPage","@id":"https:\/\/omanivietnam.com\/index.php\/san-pham\/convum-sc3s15sv9ndfsbt\/","url":"https:\/\/omanivietnam.com\/index.php\/san-pham\/convum-sc3s15sv9ndfsbt\/","name":"CONVUM SC3S15SV9NDFSBT - OMANI VI\u1ec6T NAM","isPartOf":{"@id":"https:\/\/omanivietnam.com\/#website"},"primaryImageOfPage":{"@id":"https:\/\/omanivietnam.com\/index.php\/san-pham\/convum-sc3s15sv9ndfsbt\/#primaryimage"},"image":{"@id":"https:\/\/omanivietnam.com\/index.php\/san-pham\/convum-sc3s15sv9ndfsbt\/#primaryimage"},"thumbnailUrl":"https:\/\/omanivietnam.com\/wp-content\/uploads\/2024\/07\/SC3S15SV9NDFSBT.png","datePublished":"2024-07-24T23:00:50+00:00","dateModified":"2024-07-24T23:02:17+00:00","breadcrumb":{"@id":"https:\/\/omanivietnam.com\/index.php\/san-pham\/convum-sc3s15sv9ndfsbt\/#breadcrumb"},"inLanguage":"vi","potentialAction":[{"@type":"ReadAction","target":["https:\/\/omanivietnam.com\/index.php\/san-pham\/convum-sc3s15sv9ndfsbt\/"]}]},{"@type":"ImageObject","inLanguage":"vi","@id":"https:\/\/omanivietnam.com\/index.php\/san-pham\/convum-sc3s15sv9ndfsbt\/#primaryimage","url":"https:\/\/omanivietnam.com\/wp-content\/uploads\/2024\/07\/SC3S15SV9NDFSBT.png","contentUrl":"https:\/\/omanivietnam.com\/wp-content\/uploads\/2024\/07\/SC3S15SV9NDFSBT.png","width":645,"height":576},{"@type":"BreadcrumbList","@id":"https:\/\/omanivietnam.com\/index.php\/san-pham\/convum-sc3s15sv9ndfsbt\/#breadcrumb","itemListElement":[{"@type":"ListItem","position":1,"name":"Home","item":"https:\/\/omanivietnam.com\/"},{"@type":"ListItem","position":2,"name":"S\u1ea2N PH\u1ea8M","item":"https:\/\/omanivietnam.com\/index.php\/cua-hang\/"},{"@type":"ListItem","position":3,"name":"CONVUM SC3S15SV9NDFSBT"}]},{"@type":"WebSite","@id":"https:\/\/omanivietnam.com\/#website","url":"https:\/\/omanivietnam.com\/","name":"OMANI VI\u1ec6T NAM","description":"Nh\u00e0 ph\u00e2n ph\u1ed1i thi\u1ebft b\u1ecb kh\u00ed n\u00e9n v\u00e0 thi\u1ebft b\u1ecb t\u1ef1 \u0111\u1ed9ng h\u00f3a trong c\u00f4ng nghi\u1ec7p","publisher":{"@id":"https:\/\/omanivietnam.com\/#\/schema\/person\/0ad398a980dc3fd696111c2c5c8fa897"},"potentialAction":[{"@type":"SearchAction","target":{"@type":"EntryPoint","urlTemplate":"https:\/\/omanivietnam.com\/?s={search_term_string}"},"query-input":"required name=search_term_string"}],"inLanguage":"vi"},{"@type":["Person","Organization"],"@id":"https:\/\/omanivietnam.com\/#\/schema\/person\/0ad398a980dc3fd696111c2c5c8fa897","name":"Nguy\u1ec5n V\u0103n Kh\u00e1nh","image":{"@type":"ImageObject","inLanguage":"vi","@id":"https:\/\/omanivietnam.com\/#\/schema\/person\/image\/","url":"https:\/\/omanivietnam.com\/wp-content\/uploads\/2024\/06\/logo-1024x1024.png","contentUrl":"https:\/\/omanivietnam.com\/wp-content\/uploads\/2024\/06\/logo-1024x1024.png","width":1024,"height":1024,"caption":"Nguy\u1ec5n V\u0103n Kh\u00e1nh"},"logo":{"@id":"https:\/\/omanivietnam.com\/#\/schema\/person\/image\/"},"sameAs":["https:\/\/omanivietnam.com"]}]}},"_links":{"self":[{"href":"https:\/\/omanivietnam.com\/index.php\/wp-json\/wp\/v2\/product\/1229","targetHints":{"allow":["GET"]}}],"collection":[{"href":"https:\/\/omanivietnam.com\/index.php\/wp-json\/wp\/v2\/product"}],"about":[{"href":"https:\/\/omanivietnam.com\/index.php\/wp-json\/wp\/v2\/types\/product"}],"replies":[{"embeddable":true,"href":"https:\/\/omanivietnam.com\/index.php\/wp-json\/wp\/v2\/comments?post=1229"}],"wp:featuredmedia":[{"embeddable":true,"href":"https:\/\/omanivietnam.com\/index.php\/wp-json\/wp\/v2\/media\/1230"}],"wp:attachment":[{"href":"https:\/\/omanivietnam.com\/index.php\/wp-json\/wp\/v2\/media?parent=1229"}],"wp:term":[{"taxonomy":"product_cat","embeddable":true,"href":"https:\/\/omanivietnam.com\/index.php\/wp-json\/wp\/v2\/product_cat?post=1229"},{"taxonomy":"product_tag","embeddable":true,"href":"https:\/\/omanivietnam.com\/index.php\/wp-json\/wp\/v2\/product_tag?post=1229"}],"curies":[{"name":"wp","href":"https:\/\/api.w.org\/{rel}","templated":true}]}}