{"id":1235,"date":"2024-07-27T05:17:12","date_gmt":"2024-07-26T22:17:12","guid":{"rendered":"https:\/\/omanivietnam.com\/?post_type=product&#038;p=1235"},"modified":"2025-04-19T16:43:46","modified_gmt":"2025-04-19T09:43:46","slug":"sick-wl11g-2k3431","status":"publish","type":"product","link":"https:\/\/omanivietnam.com\/index.php\/san-pham\/sick-wl11g-2k3431\/","title":{"rendered":"SICK WL11G-2K3431"},"content":{"rendered":"<p>SICK WL11G-2K3431 P\/N 1048313<\/p>\n<p class=\"title-product item_name\">C\u1ea3m bi\u1ebfn Sick WL11G-2K3431 1048313<\/p>\n<p>1. C\u1ea3m bi\u1ebfn\u00a0WL11G-2K3431 1048313:<\/p>\n<div>\n<div class=\"product-summary product_description\">\n<div class=\"rte description\">\n<p>C\u1ea3m bi\u1ebfn \/ nguy\u00ean t\u1eafc ph\u00e1t hi\u1ec7n C\u1ea3m bi\u1ebfn ph\u1ea3n x\u1ea1 ng\u01b0\u1ee3c quang \u0111i\u1ec7n, t\u1ef1 \u0111\u1ed9ng h\u00f3a<br \/>\nK\u00edch th\u01b0\u1edbc (R\u1ed9ng x Cao x D\u00e0y) 15,6 mm x 48,5 mm x 42 mm<br \/>\nThi\u1ebft k\u1ebf nh\u00e0 \u1edf (ph\u00e1t x\u1ea1 \u00e1nh s\u00e1ng) H\u00ecnh h\u1ed9p ch\u1eef nh\u1eadt<br \/>\nPh\u1ea1m vi c\u1ea3m bi\u1ebfn t\u1ed1i \u0111a. 0 m \u2026 4 m 1)<br \/>\nPh\u1ea1m vi c\u1ea3m bi\u1ebfn 0 m \u2026 4 m 1)<br \/>\nLo\u1ea1i \u00e1nh s\u00e1ng \u00c1nh s\u00e1ng \u0111\u1ecf nh\u00ecn th\u1ea5y \u0111\u01b0\u1ee3c<br \/>\nNgu\u1ed3n s\u00e1ng LED 2)<br \/>\nK\u00edch th\u01b0\u1edbc \u0111i\u1ec3m s\u00e1ng (kho\u1ea3ng c\u00e1ch) \u00d8 25 mm (1,5 m)<br \/>\nG\u00f3c ph\u00e2n t\u00e1n Kho\u1ea3ng 1,5 \u00b0<br \/>\nChi\u1ec1u d\u00e0i s\u00f3ng 640 nm<br \/>\n\u0110i\u1ec1u ch\u1ec9nh Chi\u1ebft \u00e1p, 11 v\u00f2ng<br \/>\n\u1ee8ng d\u1ee5ng \u0111\u1eb7c bi\u1ec7t Ph\u00e1t hi\u1ec7n c\u00e1c \u0111\u1ed1i t\u01b0\u1ee3ng trong su\u1ed1t<\/p>\n<\/div>\n<\/div>\n<p>2. M\u1ed9t s\u1ed1 d\u00f2ng t\u01b0\u01a1ng \u0111\u01b0\u01a1ng C\u1ea3m bi\u1ebfn\u00a0WL11G-2K3431 1048313:<\/p>\n<p>WL11-2P2430 1041385<br \/>\nWL11-2P2430P02 1046468<br \/>\nWL11-2P2432 1048542<br \/>\nWL11-2P2432P07 1050674<br \/>\nWL11G-2B2531 1041390<br \/>\nWL11G-2K3431 1048313<br \/>\nWL12-3P2451 1041448<br \/>\nWL12G-3N2572 1053530<br \/>\nWL12G-3P2572 1053535<br \/>\nWL12G-3P2582 1053536<br \/>\nWL12G-3P2582S10 1053544<br \/>\nWL12G-3V2572 1053537<br \/>\nWL12G-3W2572 1053538<br \/>\nWL12L-B5381S02 1015075<br \/>\nWL12L-2B530 1018252<br \/>\nWL12-N1221<\/p>\n<hr \/>\n<p>C\u1ea3m bi\u1ebfn quang SICK<br \/>\nModel: 6044736<br \/>\n\u00cdt \u00f4 nhi\u1ec5m do d\u1ef1 tr\u1eef ho\u1ea1t \u0111\u1ed9ng cao, gi\u1ea3m th\u1eddi gian ch\u1ebft<br \/>\nV\u1eadn h\u00e0nh \u0111\u01a1n gi\u1ea3n v\u00e0 nhanh ch\u00f3ng v\u1edbi \u0111i\u1ec3m s\u00e1ng d\u1ec5 th\u1ea5y c\u1ee7a \u0111\u00e8n LED BrightLight<br \/>\nC\u00e1c thi\u1ebft b\u1ecb DC v\u00e0 AC\/DC c\u00f3 s\u1eb5n trong c\u00f9ng m\u1ed9t v\u1ecf, cho ph\u00e9p linh ho\u1ea1t v\u1ec1 \u0111i\u1ec7n<br \/>\n\u0110i\u1ec1u ch\u1ec9nh chi\u1ebft \u00e1p cho ho\u1ea1t \u0111\u1ed9ng d\u00e0nh ri\u00eang cho \u1ee9ng d\u1ee5ng<br \/>\nChuy\u1ec3n \u0111\u1ed5i s\u00e1ng\/t\u1ed1i cung c\u1ea5p t\u00ednh linh ho\u1ea1t c\u1ee7a \u1ee9ng d\u1ee5ng<br \/>\nT\u1ea5t c\u1ea3 c\u00e1c ph\u1ee5 ki\u1ec7n l\u1eafp \u0111\u1eb7t v\u00e0 v\u1eadn h\u00e0nh c\u1ea7n thi\u1ebft \u0111\u1ec1u \u0111\u01b0\u1ee3c bao g\u1ed3m trong qu\u00e1 tr\u00ecnh giao h\u00e0ng, cho ph\u00e9p thi\u1ebft l\u1eadp nhanh ch\u00f3ng v\u00e0 d\u1ec5 d\u00e0ng: v\u00ec gi\u00e1 \u0111\u1ee1 (th\u00e9p kh\u00f4ng g\u1ec9 1.4301) v\u00e0 g\u01b0\u01a1ng ph\u1ea3n x\u1ea1 \u0111\u01b0\u1ee3c bao g\u1ed3m trong ph\u1ea1m vi giao h\u00e0ng<br \/>\nB\u1ed9 l\u1ecdc ph\u00e2n c\u1ef1c \u0111\u1ea3m b\u1ea3o ph\u00e1t hi\u1ec7n \u0111\u00e1ng tin c\u1eady, ngay c\u1ea3 v\u1edbi c\u00e1c m\u1ee5c ti\u00eau s\u00e1ng b\u00f3ng<br \/>\n\u0110i\u1ec7n \u00e1p ho\u1ea1t \u0111\u1ed9ng [V] : 10&#8230;30DC<br \/>\nTh\u1eddi gian ph\u1ea3n h\u1ed3i: 0.5s<br \/>\nPh\u1ea1m vi c\u1ea3m bi\u1ebfn: 0,01 \u2026 15m<br \/>\n\u0110\u1ea7u n\u1ed1i: M12, 4 ch\u00e2n<\/p>\n<p>C\u00e1c s\u1ea3n ph\u1ea9m SICK :<br \/>\n00000222406 Encoder Absolute Coder Side 00000222406<br \/>\n1016131 Sensor Photoelectric SICK<br \/>\n1018044 C\u1ea3m bi\u1ebfn KT5W-2P1116<br \/>\n1019229 Compact photoelectric sensors WT34-B410<br \/>\n1025248 Distance sensor, DME5000-113<br \/>\n1027907 Mirror Deflection Unit<br \/>\n1030015 Encoder Absolute ATM60-PAH13X13<br \/>\n1037138 Encoder SICK 1037138<br \/>\n1037275 Encoder<br \/>\n1037697 Encoder SICK 1037697<br \/>\n1040493 Sensor WLG4-3N1382<br \/>\n1040764 Inductive proximity sensors IME12-04BPSZCOS<br \/>\n1040854 C\u1ea3m bi\u1ebfn ti\u1ec7m c\u1eadn IME08-2N5PSZT0S<br \/>\n1040877 Sensor IME08-02BNSZT0K-1040877<br \/>\n1040965 Sensor Inductive SICK 1040965<br \/>\n1040966 C\u1ea3m bi\u1ebfn ti\u1ec7m c\u1eadn (Type: NO)<br \/>\n1041376 Sensor Photoelectric Sick WTB11-2P2431<br \/>\n1041385 Photocell Retroreflective Sick<br \/>\n1041390 Sensor Sick WL11G2B2531P04<br \/>\n1041422 Photocell Reflective Sick 1041422<br \/>\n1048313 Sensor WL11G-2K3431<br \/>\n1050589 Professional (Type: ICR620S-T11503)<br \/>\n1051973 C\u1ea3m bi\u1ebfn ti\u1ec7m c\u1eadn (Type: NC)<br \/>\n1053074 Linear measurement sensors<br \/>\nOLM100 Hi (OLM100-1201)<br \/>\n1053544 Photocell Retro-reflective SICK<br \/>\n1054282 Sensor Photoelectric Sick 1054282<br \/>\n1058175 Sensor Photoelectric SICK 1058175<br \/>\n1058198 Sensor Sick 1058198<br \/>\n1059503 Non-contact safety switches<br \/>\nRE1 (RE13-SAC)<br \/>\n1059644 Photocell Sick WL12G3P2582S04<br \/>\n1064575 Sensor Photoelectric Sick 1064575<br \/>\n1066553 Sensor GRL18 &#8211; N1137<br \/>\n1071860 C\u1ea3m bi\u1ebfn ti\u1ec7m c\u1eadn IQ40-20BPPKK0S<br \/>\n1073305 Encoder SICK AFM60B-THAA004096<br \/>\n1078106 Sensor Sick 1078106<br \/>\n1084195 C\u1ea3m bi\u1ebfn t\u01b0\u01a1ng ph\u1ea3n KTX-WB9114224UZZZZ PN: 1084195<br \/>\n1084393 Encoder<br \/>\n1085742 Sensor GRTB18S-P2412V<br \/>\n1099295 Successor item ZLD18-4PZ4A8<br \/>\n1115760 SICK Photocell SENSOR WLA26P-24862130A00<br \/>\n1200126 Beam Multiple Light<br \/>\n1218200 Contrast sensors KTS Core<br \/>\n1218664 SICK Photocell SENSOR WLA26P-24162100A00<br \/>\n1218668 Sensor Sick 1218668<br \/>\n1921367\/001 \u0111\u1ea7u d\u00f2 m\u1ee9c d\u1ea7u<br \/>\n200176 Photocell Sick 32FTZ0179<br \/>\n2029214 Cable Encoder DOL-2312-G05MMA3<br \/>\n2043876 Photocell L27E-3P2450<br \/>\n2043877 Photocell L27S-3D2450<br \/>\n207903 Photocell Sick VL1802P42431<br \/>\n207903\/6041819 Sensor Photoelectric SICK 6041819<br \/>\n2095619 Plug connectors and cables YF2A15-100UB5XLEAX<br \/>\n2096234 C\u00e1p k\u1ebft n\u1ed1i (2m) YF2A14-020VB3XLEAX PN: 2096234<br \/>\n2113106 Photocell WSO26P-243ZZ1A04ZLL8Z1<br \/>\n2113109 Photocell WEO26P-2416R500A00ZLL8Z1<br \/>\n222406 Encoder Absolute Coder Side 00000222406<br \/>\n5304812 Reflector Rectangular<br \/>\n5313924 Fine triple reflectors<br \/>\n60004521-1034654 DBS50E-SKEJ00360<br \/>\n6012021 Sensor Photoelectric SICK 6012021<br \/>\n6013563 Sensor Photoelectric SICK 6013563<br \/>\n6020977 Sensor Photoelectric SICK 6020977<br \/>\n6021195 Connection Cables<br \/>\n6022774 Photoelectric sensor WL160-F440, 6022774<br \/>\n6041819 Cylindrical photoelectric sensors VL180-2P42431<br \/>\n6043869 Sensor Photoelectric VTB180-2P41112<br \/>\n6043870 Sensor Photoelectric<br \/>\n6044736 Nsor Photoelectric SICK<br \/>\n6048062 Photoelectric sensor WTT280L-2P2536<br \/>\n6050990 Sensor SICK 6050990<br \/>\nAFM60A-BHNB000S04 Encoder Side 1078332<br \/>\nCS81-P1112 Color Sensor<br \/>\nDFS60B-S4EA05000 Encoder<br \/>\nDFS60E-S4EA01024 Encoder Sick DFS60ES4EA01024<br \/>\nDT50-N1113 C\u1ea3m bi\u1ebfn Laser \u0111o \u0111\u1ed9 d\u00e0y DT50-N1113<br \/>\nEL3-P2428 sensor sick<br \/>\nGL6-N4212 C\u1ea3m Bi\u1ebfn Quang GL6-N4212<br \/>\nGRTB18S-P2412V Sensor Sick 1085742<br \/>\nGRTE18-N2412V Cylindrical photoelectric sensorsGR18 Inox<br \/>\nGTB10-P4212 C\u00f4ng t\u1eafc quang \u0111i\u1ec7n<br \/>\nGTB6-P4231 Photocell<br \/>\nGTE6-N4211 GTE6-N4211 Photoelectric sensors<br \/>\nIM08-04NPSZT1 Sensor Proximity<br \/>\nIMA30-40NE1ZC0K Sensor Code: IMA30-40NE1ZC0K. S\/N: 6041796<br \/>\nIME08-02BNSZTOK SENSOR<br \/>\nIME12-04BPSVC0K C\u1ea3m bi\u1ebfn ti\u1ec7m c\u1eadn Proximity IME12-04BPSVC0KIME<br \/>\nIME12-04NPSZC0K Inductive Proximity, Code: IME12-04NPSZC0K, S\/N:1040747<br \/>\nIME12-08NPSZCOK Sensor IME12-08NPSZCOK<br \/>\nIME18-08BPOZC0SS12 C\u1ea3m bi\u1ebfn ti\u1ec7m c\u1eadn (Type: NC) Part no.: 1051973<br \/>\nIME18-08BPSZC0S C\u1ea3m bi\u1ebfn ti\u1ec7m c\u1eadn (Type: NO) Part no.: 1040966<\/p>\n<p>IME18-08NPSZC0K Inductive Proximity Code: IME18-08NPSZC0K, S\/N:1040949<br \/>\nIME18-08NPSZC0S Proximity Sensor<br \/>\nIME18-12NNSZC0S Proximity Sensor<br \/>\nIME18-12NNSZCOS Sensor P\/N:1040990<br \/>\nIMF18-12NPPNC0S Sensor<br \/>\nKT5W2N1116 C\u1ea3m bi\u1ebfn t\u01b0\u01a1ng ph\u1ea3n KT5W-2N1116<br \/>\nKT5W-2P1116D Contrast sensorsKT5<br \/>\nL27E-3P2450 Photocell thu (m\u00e0u v\u00e0ng)<br \/>\nL27S-3D2450 Photocell ph\u00e1t (m\u00e0u v\u00e0ng)<br \/>\nMZT7-03VPS-KP0 Sensor<br \/>\nNT6-N112 C\u1ea2M BI\u1ebeN<br \/>\nRE27-SK AccessoriesFurther accessories<br \/>\nSKM36S-HFA0-K02 Encoder<br \/>\nSRM50-HWZO-S01 Encoder<br \/>\nSRM50S-HFV0-S22 B\u1ed9 m\u00e3 h\u00f3a v\u00f2ng quay<br \/>\nSRM64-HZZ0-S03 Encoder<br \/>\nVL180-2N42436 C\u1ea3m bi\u1ebfn<br \/>\nVL180-2P42436 SICK Type: VL180-2P42436\/ Part no.: 6037496<br \/>\nVTE-18 C\u1ea3m bi\u1ebfn Quang<br \/>\nVTE18-4P4240 Sensor<br \/>\nWF15-40B410 Sensor 6028430<br \/>\nWF2-40B410 Sensor<br \/>\nWFM80-60P321 Sensor WFM80-60P321 &#8211; P\/N: 6037828<br \/>\nWL11-2P2430 Sensor WL11-2P2430<br \/>\nWL11G-2B2531 Sensor<br \/>\nWL11G-2B2531P04 Sensor Sick WL11G2B2531P04<br \/>\nWL12G-3P2582P04 PHOTOELECTRIC RETRO REFLECTIVE SENSOR<br \/>\nWL12-G3P2582S04 Photocell Sick WL12G3P2582S04<br \/>\nWL27-3P2451 Photocell Sick 01027770<br \/>\nWL9-2P131 (Sensor) WL9-2P131<br \/>\nWL9-3N1132 C\u1ea3m bi\u1ebfn<br \/>\nWL9G-3N1132 C\u1ea3m bi\u1ebfn quang \u0111i\u1ec7n<br \/>\nWLA26P-24162100A00 Photoelectric sensors<br \/>\nWLG4-3N1382 Sensor<br \/>\nWLG4S-3P2232 C\u1ea3m bi\u1ebfn quang 24103468<br \/>\nWLL260-F440 C\u1ea3m bi\u1ebfn quang thu ph\u00e1t chung<br \/>\nWS27-3D2450 Sensor Photoelectric SICK 2033598<br \/>\nWT12-2P430 C\u1ea3m bi\u1ebfn quang<br \/>\nWTB27-3P2421 Photocell ph\u1ea3n x\u1ea1<br \/>\nWTB2SC-2P3274A00 PHOTOE.PROX.SWITCH &#8211; 1063646<br \/>\nWTB4S-3P2231 Optical Sensor WTB4S-3P2231 \u2013P\/N: 1042057<\/p>\n<\/div>\n<p>\u0110\u1ea1i l\u00fd SICK vietnam, SICK viet nam, SICK vietnam distributor, Ph\u00e2n ph\u1ed1i SICK t\u1ea1i vi\u1ec7t nam<\/p>\n<p>\u0110\u1ea1i l\u00fd SICK vietnam, SICK viet nam, SICK vietnam distributor, Ph\u00e2n ph\u1ed1i SICK t\u1ea1i vi\u1ec7t nam<\/p>\n<p>\u0110\u1ea1i l\u00fd SICK vietnam, SICK viet nam, SICK vietnam distributor, Ph\u00e2n ph\u1ed1i SICK t\u1ea1i vi\u1ec7t nam<\/p>\n<p>\u0110\u1ea1i l\u00fd SICK vietnam, SICK viet nam, SICK vietnam distributor, Ph\u00e2n ph\u1ed1i SICK t\u1ea1i vi\u1ec7t nam<\/p>\n<p>\u0110\u1ea1i l\u00fd SICK vietnam, SICK viet nam, SICK vietnam distributor, Ph\u00e2n ph\u1ed1i SICK t\u1ea1i vi\u1ec7t nam<\/p>\n","protected":false},"excerpt":{"rendered":"<p>SICK WL11G-2K3431 P\/N 1048313 C\u1ea3m bi\u1ebfn Sick WL11G-2K3431 1048313 1. C\u1ea3m bi\u1ebfn\u00a0WL11G-2K3431 1048313: C\u1ea3m bi\u1ebfn \/ nguy\u00ean t\u1eafc ph\u00e1t hi\u1ec7n C\u1ea3m bi\u1ebfn ph\u1ea3n x\u1ea1 ng\u01b0\u1ee3c quang \u0111i\u1ec7n, t\u1ef1 \u0111\u1ed9ng h\u00f3a K\u00edch th\u01b0\u1edbc (R\u1ed9ng x Cao x D\u00e0y) 15,6 mm x 48,5 mm x 42 mm Thi\u1ebft k\u1ebf nh\u00e0 \u1edf (ph\u00e1t&hellip; <\/p>\n","protected":false},"featured_media":1236,"comment_status":"open","ping_status":"closed","template":"","meta":[],"product_cat":[297],"product_tag":[88,89,90],"class_list":{"0":"post-1235","1":"product","2":"type-product","3":"status-publish","4":"has-post-thumbnail","6":"product_cat-sick","7":"product_tag-cam-bien","8":"product_tag-dai-ly-sick-viet-nam","9":"product_tag-sick-viet-nam","11":"first","12":"instock","13":"shipping-taxable","14":"product-type-simple"},"yoast_head":"<!-- This site is optimized with the Yoast SEO plugin v22.8 - https:\/\/yoast.com\/wordpress\/plugins\/seo\/ -->\n<title>SICK WL11G-2K3431 - OMANI VI\u1ec6T NAM<\/title>\n<meta name=\"description\" content=\"SICK WL11G-2K3431 Sensor\" \/>\n<meta name=\"robots\" content=\"index, follow, max-snippet:-1, max-image-preview:large, max-video-preview:-1\" \/>\n<link rel=\"canonical\" href=\"https:\/\/omanivietnam.com\/index.php\/san-pham\/sick-wl11g-2k3431\/\" \/>\n<meta property=\"og:locale\" content=\"vi_VN\" \/>\n<meta property=\"og:type\" content=\"article\" \/>\n<meta property=\"og:title\" content=\"SICK WL11G-2K3431 - OMANI VI\u1ec6T NAM\" \/>\n<meta property=\"og:description\" content=\"SICK WL11G-2K3431 Sensor\" \/>\n<meta property=\"og:url\" content=\"https:\/\/omanivietnam.com\/index.php\/san-pham\/sick-wl11g-2k3431\/\" \/>\n<meta property=\"og:site_name\" content=\"OMANI VI\u1ec6T NAM\" \/>\n<meta property=\"article:modified_time\" content=\"2025-04-19T09:43:46+00:00\" \/>\n<meta property=\"og:image\" content=\"https:\/\/omanivietnam.com\/wp-content\/uploads\/2024\/07\/WL11G-2K3431.png\" \/>\n\t<meta property=\"og:image:width\" content=\"526\" \/>\n\t<meta property=\"og:image:height\" content=\"244\" \/>\n\t<meta property=\"og:image:type\" content=\"image\/png\" \/>\n<meta name=\"twitter:card\" content=\"summary_large_image\" \/>\n<meta name=\"twitter:label1\" content=\"\u01af\u1edbc t\u00ednh th\u1eddi gian \u0111\u1ecdc\" \/>\n\t<meta name=\"twitter:data1\" content=\"6 ph\u00fat\" \/>\n<script type=\"application\/ld+json\" class=\"yoast-schema-graph\">{\"@context\":\"https:\/\/schema.org\",\"@graph\":[{\"@type\":\"WebPage\",\"@id\":\"https:\/\/omanivietnam.com\/index.php\/san-pham\/sick-wl11g-2k3431\/\",\"url\":\"https:\/\/omanivietnam.com\/index.php\/san-pham\/sick-wl11g-2k3431\/\",\"name\":\"SICK WL11G-2K3431 - OMANI VI\u1ec6T NAM\",\"isPartOf\":{\"@id\":\"https:\/\/omanivietnam.com\/#website\"},\"primaryImageOfPage\":{\"@id\":\"https:\/\/omanivietnam.com\/index.php\/san-pham\/sick-wl11g-2k3431\/#primaryimage\"},\"image\":{\"@id\":\"https:\/\/omanivietnam.com\/index.php\/san-pham\/sick-wl11g-2k3431\/#primaryimage\"},\"thumbnailUrl\":\"https:\/\/omanivietnam.com\/wp-content\/uploads\/2024\/07\/WL11G-2K3431.png\",\"datePublished\":\"2024-07-26T22:17:12+00:00\",\"dateModified\":\"2025-04-19T09:43:46+00:00\",\"description\":\"SICK WL11G-2K3431 Sensor\",\"breadcrumb\":{\"@id\":\"https:\/\/omanivietnam.com\/index.php\/san-pham\/sick-wl11g-2k3431\/#breadcrumb\"},\"inLanguage\":\"vi\",\"potentialAction\":[{\"@type\":\"ReadAction\",\"target\":[\"https:\/\/omanivietnam.com\/index.php\/san-pham\/sick-wl11g-2k3431\/\"]}]},{\"@type\":\"ImageObject\",\"inLanguage\":\"vi\",\"@id\":\"https:\/\/omanivietnam.com\/index.php\/san-pham\/sick-wl11g-2k3431\/#primaryimage\",\"url\":\"https:\/\/omanivietnam.com\/wp-content\/uploads\/2024\/07\/WL11G-2K3431.png\",\"contentUrl\":\"https:\/\/omanivietnam.com\/wp-content\/uploads\/2024\/07\/WL11G-2K3431.png\",\"width\":526,\"height\":244},{\"@type\":\"BreadcrumbList\",\"@id\":\"https:\/\/omanivietnam.com\/index.php\/san-pham\/sick-wl11g-2k3431\/#breadcrumb\",\"itemListElement\":[{\"@type\":\"ListItem\",\"position\":1,\"name\":\"Home\",\"item\":\"https:\/\/omanivietnam.com\/\"},{\"@type\":\"ListItem\",\"position\":2,\"name\":\"S\u1ea2N PH\u1ea8M\",\"item\":\"https:\/\/omanivietnam.com\/index.php\/cua-hang\/\"},{\"@type\":\"ListItem\",\"position\":3,\"name\":\"SICK WL11G-2K3431\"}]},{\"@type\":\"WebSite\",\"@id\":\"https:\/\/omanivietnam.com\/#website\",\"url\":\"https:\/\/omanivietnam.com\/\",\"name\":\"OMANI VI\u1ec6T NAM\",\"description\":\"Nh\u00e0 ph\u00e2n ph\u1ed1i thi\u1ebft b\u1ecb kh\u00ed n\u00e9n v\u00e0 thi\u1ebft b\u1ecb t\u1ef1 \u0111\u1ed9ng h\u00f3a trong c\u00f4ng nghi\u1ec7p\",\"publisher\":{\"@id\":\"https:\/\/omanivietnam.com\/#\/schema\/person\/0ad398a980dc3fd696111c2c5c8fa897\"},\"potentialAction\":[{\"@type\":\"SearchAction\",\"target\":{\"@type\":\"EntryPoint\",\"urlTemplate\":\"https:\/\/omanivietnam.com\/?s={search_term_string}\"},\"query-input\":\"required name=search_term_string\"}],\"inLanguage\":\"vi\"},{\"@type\":[\"Person\",\"Organization\"],\"@id\":\"https:\/\/omanivietnam.com\/#\/schema\/person\/0ad398a980dc3fd696111c2c5c8fa897\",\"name\":\"Nguy\u1ec5n V\u0103n Kh\u00e1nh\",\"image\":{\"@type\":\"ImageObject\",\"inLanguage\":\"vi\",\"@id\":\"https:\/\/omanivietnam.com\/#\/schema\/person\/image\/\",\"url\":\"https:\/\/omanivietnam.com\/wp-content\/uploads\/2024\/06\/logo-1024x1024.png\",\"contentUrl\":\"https:\/\/omanivietnam.com\/wp-content\/uploads\/2024\/06\/logo-1024x1024.png\",\"width\":1024,\"height\":1024,\"caption\":\"Nguy\u1ec5n V\u0103n Kh\u00e1nh\"},\"logo\":{\"@id\":\"https:\/\/omanivietnam.com\/#\/schema\/person\/image\/\"},\"sameAs\":[\"https:\/\/omanivietnam.com\"]}]}<\/script>\n<!-- \/ Yoast SEO plugin. -->","yoast_head_json":{"title":"SICK WL11G-2K3431 - OMANI VI\u1ec6T NAM","description":"SICK WL11G-2K3431 Sensor","robots":{"index":"index","follow":"follow","max-snippet":"max-snippet:-1","max-image-preview":"max-image-preview:large","max-video-preview":"max-video-preview:-1"},"canonical":"https:\/\/omanivietnam.com\/index.php\/san-pham\/sick-wl11g-2k3431\/","og_locale":"vi_VN","og_type":"article","og_title":"SICK WL11G-2K3431 - OMANI VI\u1ec6T NAM","og_description":"SICK WL11G-2K3431 Sensor","og_url":"https:\/\/omanivietnam.com\/index.php\/san-pham\/sick-wl11g-2k3431\/","og_site_name":"OMANI VI\u1ec6T NAM","article_modified_time":"2025-04-19T09:43:46+00:00","og_image":[{"width":526,"height":244,"url":"https:\/\/omanivietnam.com\/wp-content\/uploads\/2024\/07\/WL11G-2K3431.png","type":"image\/png"}],"twitter_card":"summary_large_image","twitter_misc":{"\u01af\u1edbc t\u00ednh th\u1eddi gian \u0111\u1ecdc":"6 ph\u00fat"},"schema":{"@context":"https:\/\/schema.org","@graph":[{"@type":"WebPage","@id":"https:\/\/omanivietnam.com\/index.php\/san-pham\/sick-wl11g-2k3431\/","url":"https:\/\/omanivietnam.com\/index.php\/san-pham\/sick-wl11g-2k3431\/","name":"SICK WL11G-2K3431 - OMANI VI\u1ec6T NAM","isPartOf":{"@id":"https:\/\/omanivietnam.com\/#website"},"primaryImageOfPage":{"@id":"https:\/\/omanivietnam.com\/index.php\/san-pham\/sick-wl11g-2k3431\/#primaryimage"},"image":{"@id":"https:\/\/omanivietnam.com\/index.php\/san-pham\/sick-wl11g-2k3431\/#primaryimage"},"thumbnailUrl":"https:\/\/omanivietnam.com\/wp-content\/uploads\/2024\/07\/WL11G-2K3431.png","datePublished":"2024-07-26T22:17:12+00:00","dateModified":"2025-04-19T09:43:46+00:00","description":"SICK WL11G-2K3431 Sensor","breadcrumb":{"@id":"https:\/\/omanivietnam.com\/index.php\/san-pham\/sick-wl11g-2k3431\/#breadcrumb"},"inLanguage":"vi","potentialAction":[{"@type":"ReadAction","target":["https:\/\/omanivietnam.com\/index.php\/san-pham\/sick-wl11g-2k3431\/"]}]},{"@type":"ImageObject","inLanguage":"vi","@id":"https:\/\/omanivietnam.com\/index.php\/san-pham\/sick-wl11g-2k3431\/#primaryimage","url":"https:\/\/omanivietnam.com\/wp-content\/uploads\/2024\/07\/WL11G-2K3431.png","contentUrl":"https:\/\/omanivietnam.com\/wp-content\/uploads\/2024\/07\/WL11G-2K3431.png","width":526,"height":244},{"@type":"BreadcrumbList","@id":"https:\/\/omanivietnam.com\/index.php\/san-pham\/sick-wl11g-2k3431\/#breadcrumb","itemListElement":[{"@type":"ListItem","position":1,"name":"Home","item":"https:\/\/omanivietnam.com\/"},{"@type":"ListItem","position":2,"name":"S\u1ea2N PH\u1ea8M","item":"https:\/\/omanivietnam.com\/index.php\/cua-hang\/"},{"@type":"ListItem","position":3,"name":"SICK WL11G-2K3431"}]},{"@type":"WebSite","@id":"https:\/\/omanivietnam.com\/#website","url":"https:\/\/omanivietnam.com\/","name":"OMANI VI\u1ec6T NAM","description":"Nh\u00e0 ph\u00e2n ph\u1ed1i thi\u1ebft b\u1ecb kh\u00ed n\u00e9n v\u00e0 thi\u1ebft b\u1ecb t\u1ef1 \u0111\u1ed9ng h\u00f3a trong c\u00f4ng nghi\u1ec7p","publisher":{"@id":"https:\/\/omanivietnam.com\/#\/schema\/person\/0ad398a980dc3fd696111c2c5c8fa897"},"potentialAction":[{"@type":"SearchAction","target":{"@type":"EntryPoint","urlTemplate":"https:\/\/omanivietnam.com\/?s={search_term_string}"},"query-input":"required name=search_term_string"}],"inLanguage":"vi"},{"@type":["Person","Organization"],"@id":"https:\/\/omanivietnam.com\/#\/schema\/person\/0ad398a980dc3fd696111c2c5c8fa897","name":"Nguy\u1ec5n V\u0103n Kh\u00e1nh","image":{"@type":"ImageObject","inLanguage":"vi","@id":"https:\/\/omanivietnam.com\/#\/schema\/person\/image\/","url":"https:\/\/omanivietnam.com\/wp-content\/uploads\/2024\/06\/logo-1024x1024.png","contentUrl":"https:\/\/omanivietnam.com\/wp-content\/uploads\/2024\/06\/logo-1024x1024.png","width":1024,"height":1024,"caption":"Nguy\u1ec5n V\u0103n Kh\u00e1nh"},"logo":{"@id":"https:\/\/omanivietnam.com\/#\/schema\/person\/image\/"},"sameAs":["https:\/\/omanivietnam.com"]}]}},"_links":{"self":[{"href":"https:\/\/omanivietnam.com\/index.php\/wp-json\/wp\/v2\/product\/1235","targetHints":{"allow":["GET"]}}],"collection":[{"href":"https:\/\/omanivietnam.com\/index.php\/wp-json\/wp\/v2\/product"}],"about":[{"href":"https:\/\/omanivietnam.com\/index.php\/wp-json\/wp\/v2\/types\/product"}],"replies":[{"embeddable":true,"href":"https:\/\/omanivietnam.com\/index.php\/wp-json\/wp\/v2\/comments?post=1235"}],"wp:featuredmedia":[{"embeddable":true,"href":"https:\/\/omanivietnam.com\/index.php\/wp-json\/wp\/v2\/media\/1236"}],"wp:attachment":[{"href":"https:\/\/omanivietnam.com\/index.php\/wp-json\/wp\/v2\/media?parent=1235"}],"wp:term":[{"taxonomy":"product_cat","embeddable":true,"href":"https:\/\/omanivietnam.com\/index.php\/wp-json\/wp\/v2\/product_cat?post=1235"},{"taxonomy":"product_tag","embeddable":true,"href":"https:\/\/omanivietnam.com\/index.php\/wp-json\/wp\/v2\/product_tag?post=1235"}],"curies":[{"name":"wp","href":"https:\/\/api.w.org\/{rel}","templated":true}]}}