{"id":1241,"date":"2024-07-27T09:23:21","date_gmt":"2024-07-27T02:23:21","guid":{"rendered":"https:\/\/omanivietnam.com\/?post_type=product&#038;p=1241"},"modified":"2024-07-27T09:23:21","modified_gmt":"2024-07-27T02:23:21","slug":"bussmann170m4410","status":"publish","type":"product","link":"https:\/\/omanivietnam.com\/index.php\/san-pham\/bussmann170m4410\/","title":{"rendered":"BUSSMANN\t170M4410"},"content":{"rendered":"<p>BUSSMANN 170M4410<\/p>\n<p>C\u1ea7u ch\u00ec Eaton Bussmann 170M4410 690 Vac 700 Vac 315A 200kA<\/p>\n<p>C\u1ea7u ch\u00ec c\u00f4ng nghi\u1ec7p Eaton Bussmann, th\u01b0\u01a1ng hi\u1ec7u c\u1ee7a M\u1ef9.<\/p>\n<p>Series 170M c\u00f3 d\u1ea1ng th\u00e2n vu\u00f4ng, v\u1edbi kh\u1ea3 n\u0103ng c\u1eaft nhanh c\u0169ng nh\u01b0 \u0111\u00e1p \u1ee9ng nhanh gi\u00fap b\u1ea3o v\u1ec7 an to\u00e0n h\u1ec7 th\u1ed1ng \u0111i\u1ec7n.<\/p>\n<p>M\u1ed9t s\u1ed1 d\u00f2ng c\u00f3 th\u1ec3 g\u1eafn th\u00eam ti\u1ebfp \u0111i\u1ec3m b\u00e1o hi\u1ec7u ho\u1eb7c ti\u1ebfp \u0111i\u1ec3m ph\u1ee5 t\u00f9y v\u00e0o m\u1ee5c \u0111\u00ednh s\u1eed d\u1ee5ng.<\/p>\n<h5 class=\"mb-2\">Th\u00f4ng s\u1ed1 k\u1ef9 thu\u1eadt<\/h5>\n<table class=\"table table-striped table-borderless\">\n<colgroup>\n<col \/>\n<col \/><\/colgroup>\n<tbody>\n<tr>\n<td>\u0110i\u1ec7n \u00e1p<\/td>\n<td>690 Vac 700 Vac<\/td>\n<\/tr>\n<tr>\n<td>D\u00f2ng \u0111i\u1ec7n<\/td>\n<td>315A<\/td>\n<\/tr>\n<tr>\n<td>D\u00f2ng c\u1eaft (IR)<\/td>\n<td>200kA<\/td>\n<\/tr>\n<tr>\n<td>\u0110\u1ebf c\u1ea7u ch\u00ec<\/td>\n<td>Ren M8<\/td>\n<\/tr>\n<tr>\n<td>K\u00edch th\u01b0\u1edbc<\/td>\n<td>Size 1<\/td>\n<\/tr>\n<\/tbody>\n<\/table>\n<p>&nbsp;<\/p>\n<p>C\u00e1c s\u1ea3n ph\u1ea9m t\u01b0\u01a1ng t\u1ef1<\/p>\n<p>170M4410<\/p>\n<p>170M4411<\/p>\n<p class=\"main-title\">170M4417<\/p>\n<p><em>170M4410<\/em>,\u00a0<em>315A<\/em>. 170M4411, 350A. 170M4412, 400A. 170M4413, 450A. 170M4414, 500A. 170M4415, 550A. 170M4416, 630A. 170M4417, 700A.<\/p>\n<p>&nbsp;<\/p>\n<p>\u0110\u1ea1i l\u00fd BUSSMANN vietnam, BUSSMANN viet nam, BUSSMANN vietnam distributor, Ph\u00e2n ph\u1ed1i BUSSMANN t\u1ea1i vi\u1ec7t nam<\/p>\n<p>\u0110\u1ea1i l\u00fd BUSSMANN vietnam, BUSSMANN viet nam, BUSSMANN vietnam distributor, Ph\u00e2n ph\u1ed1i BUSSMANN t\u1ea1i vi\u1ec7t nam<\/p>\n<p>\u0110\u1ea1i l\u00fd BUSSMANN vietnam, BUSSMANN viet nam, BUSSMANN vietnam distributor, Ph\u00e2n ph\u1ed1i BUSSMANN t\u1ea1i vi\u1ec7t nam<\/p>\n<p>\u0110\u1ea1i l\u00fd BUSSMANN vietnam, BUSSMANN viet nam, BUSSMANN vietnam distributor, Ph\u00e2n ph\u1ed1i BUSSMANN t\u1ea1i vi\u1ec7t nam<\/p>\n<p>\u0110\u1ea1i l\u00fd BUSSMANN vietnam, BUSSMANN viet nam, BUSSMANN vietnam distributor, Ph\u00e2n ph\u1ed1i BUSSMANN t\u1ea1i vi\u1ec7t nam<\/p>\n","protected":false},"excerpt":{"rendered":"<p>BUSSMANN 170M4410 C\u1ea7u ch\u00ec Eaton Bussmann 170M4410 690 Vac 700 Vac 315A 200kA C\u1ea7u ch\u00ec c\u00f4ng nghi\u1ec7p Eaton Bussmann, th\u01b0\u01a1ng hi\u1ec7u c\u1ee7a M\u1ef9. Series 170M c\u00f3 d\u1ea1ng th\u00e2n vu\u00f4ng, v\u1edbi kh\u1ea3 n\u0103ng c\u1eaft nhanh c\u0169ng nh\u01b0 \u0111\u00e1p \u1ee9ng nhanh gi\u00fap b\u1ea3o v\u1ec7 an to\u00e0n h\u1ec7 th\u1ed1ng \u0111i\u1ec7n. M\u1ed9t s\u1ed1 d\u00f2ng&hellip; <\/p>\n","protected":false},"featured_media":1242,"comment_status":"open","ping_status":"closed","template":"","meta":[],"product_cat":[336],"product_tag":[188,190,189],"class_list":{"0":"post-1241","1":"product","2":"type-product","3":"status-publish","4":"has-post-thumbnail","6":"product_cat-bussmann","7":"product_tag-bussmann-viet-nam","8":"product_tag-cau-chi","9":"product_tag-dai-ly-bussmann-viet-nam","11":"first","12":"instock","13":"shipping-taxable","14":"product-type-simple"},"yoast_head":"<!-- This site is optimized with the Yoast SEO plugin v22.8 - https:\/\/yoast.com\/wordpress\/plugins\/seo\/ -->\n<title>BUSSMANN 170M4410 - OMANI VI\u1ec6T NAM<\/title>\n<meta name=\"robots\" content=\"index, follow, max-snippet:-1, max-image-preview:large, max-video-preview:-1\" \/>\n<link rel=\"canonical\" href=\"https:\/\/omanivietnam.com\/index.php\/san-pham\/bussmann170m4410\/\" \/>\n<meta property=\"og:locale\" content=\"vi_VN\" \/>\n<meta property=\"og:type\" content=\"article\" \/>\n<meta property=\"og:title\" content=\"BUSSMANN 170M4410 - OMANI VI\u1ec6T NAM\" \/>\n<meta property=\"og:description\" content=\"BUSSMANN 170M4410 C\u1ea7u ch\u00ec Eaton Bussmann 170M4410 690 Vac 700 Vac 315A 200kA C\u1ea7u ch\u00ec c\u00f4ng nghi\u1ec7p Eaton Bussmann, th\u01b0\u01a1ng hi\u1ec7u c\u1ee7a M\u1ef9. Series 170M c\u00f3 d\u1ea1ng th\u00e2n vu\u00f4ng, v\u1edbi kh\u1ea3 n\u0103ng c\u1eaft nhanh c\u0169ng nh\u01b0 \u0111\u00e1p \u1ee9ng nhanh gi\u00fap b\u1ea3o v\u1ec7 an to\u00e0n h\u1ec7 th\u1ed1ng \u0111i\u1ec7n. M\u1ed9t s\u1ed1 d\u00f2ng&hellip;\" \/>\n<meta property=\"og:url\" content=\"https:\/\/omanivietnam.com\/index.php\/san-pham\/bussmann170m4410\/\" \/>\n<meta property=\"og:site_name\" content=\"OMANI VI\u1ec6T NAM\" \/>\n<meta property=\"og:image\" content=\"https:\/\/omanivietnam.com\/wp-content\/uploads\/2024\/07\/170M4410.png\" \/>\n\t<meta property=\"og:image:width\" content=\"395\" \/>\n\t<meta property=\"og:image:height\" content=\"443\" \/>\n\t<meta property=\"og:image:type\" content=\"image\/png\" \/>\n<meta name=\"twitter:card\" content=\"summary_large_image\" \/>\n<meta name=\"twitter:label1\" content=\"\u01af\u1edbc t\u00ednh th\u1eddi gian \u0111\u1ecdc\" \/>\n\t<meta name=\"twitter:data1\" content=\"2 ph\u00fat\" \/>\n<script type=\"application\/ld+json\" class=\"yoast-schema-graph\">{\"@context\":\"https:\/\/schema.org\",\"@graph\":[{\"@type\":\"WebPage\",\"@id\":\"https:\/\/omanivietnam.com\/index.php\/san-pham\/bussmann170m4410\/\",\"url\":\"https:\/\/omanivietnam.com\/index.php\/san-pham\/bussmann170m4410\/\",\"name\":\"BUSSMANN 170M4410 - OMANI VI\u1ec6T NAM\",\"isPartOf\":{\"@id\":\"https:\/\/omanivietnam.com\/#website\"},\"primaryImageOfPage\":{\"@id\":\"https:\/\/omanivietnam.com\/index.php\/san-pham\/bussmann170m4410\/#primaryimage\"},\"image\":{\"@id\":\"https:\/\/omanivietnam.com\/index.php\/san-pham\/bussmann170m4410\/#primaryimage\"},\"thumbnailUrl\":\"https:\/\/omanivietnam.com\/wp-content\/uploads\/2024\/07\/170M4410.png\",\"datePublished\":\"2024-07-27T02:23:21+00:00\",\"dateModified\":\"2024-07-27T02:23:21+00:00\",\"breadcrumb\":{\"@id\":\"https:\/\/omanivietnam.com\/index.php\/san-pham\/bussmann170m4410\/#breadcrumb\"},\"inLanguage\":\"vi\",\"potentialAction\":[{\"@type\":\"ReadAction\",\"target\":[\"https:\/\/omanivietnam.com\/index.php\/san-pham\/bussmann170m4410\/\"]}]},{\"@type\":\"ImageObject\",\"inLanguage\":\"vi\",\"@id\":\"https:\/\/omanivietnam.com\/index.php\/san-pham\/bussmann170m4410\/#primaryimage\",\"url\":\"https:\/\/omanivietnam.com\/wp-content\/uploads\/2024\/07\/170M4410.png\",\"contentUrl\":\"https:\/\/omanivietnam.com\/wp-content\/uploads\/2024\/07\/170M4410.png\",\"width\":395,\"height\":443},{\"@type\":\"BreadcrumbList\",\"@id\":\"https:\/\/omanivietnam.com\/index.php\/san-pham\/bussmann170m4410\/#breadcrumb\",\"itemListElement\":[{\"@type\":\"ListItem\",\"position\":1,\"name\":\"Home\",\"item\":\"https:\/\/omanivietnam.com\/\"},{\"@type\":\"ListItem\",\"position\":2,\"name\":\"S\u1ea2N PH\u1ea8M\",\"item\":\"https:\/\/omanivietnam.com\/index.php\/cua-hang\/\"},{\"@type\":\"ListItem\",\"position\":3,\"name\":\"BUSSMANN 170M4410\"}]},{\"@type\":\"WebSite\",\"@id\":\"https:\/\/omanivietnam.com\/#website\",\"url\":\"https:\/\/omanivietnam.com\/\",\"name\":\"OMANI VI\u1ec6T NAM\",\"description\":\"Nh\u00e0 ph\u00e2n ph\u1ed1i thi\u1ebft b\u1ecb kh\u00ed n\u00e9n v\u00e0 thi\u1ebft b\u1ecb t\u1ef1 \u0111\u1ed9ng h\u00f3a trong c\u00f4ng nghi\u1ec7p\",\"publisher\":{\"@id\":\"https:\/\/omanivietnam.com\/#\/schema\/person\/0ad398a980dc3fd696111c2c5c8fa897\"},\"potentialAction\":[{\"@type\":\"SearchAction\",\"target\":{\"@type\":\"EntryPoint\",\"urlTemplate\":\"https:\/\/omanivietnam.com\/?s={search_term_string}\"},\"query-input\":\"required name=search_term_string\"}],\"inLanguage\":\"vi\"},{\"@type\":[\"Person\",\"Organization\"],\"@id\":\"https:\/\/omanivietnam.com\/#\/schema\/person\/0ad398a980dc3fd696111c2c5c8fa897\",\"name\":\"Nguy\u1ec5n V\u0103n Kh\u00e1nh\",\"image\":{\"@type\":\"ImageObject\",\"inLanguage\":\"vi\",\"@id\":\"https:\/\/omanivietnam.com\/#\/schema\/person\/image\/\",\"url\":\"https:\/\/omanivietnam.com\/wp-content\/uploads\/2024\/06\/logo-1024x1024.png\",\"contentUrl\":\"https:\/\/omanivietnam.com\/wp-content\/uploads\/2024\/06\/logo-1024x1024.png\",\"width\":1024,\"height\":1024,\"caption\":\"Nguy\u1ec5n V\u0103n Kh\u00e1nh\"},\"logo\":{\"@id\":\"https:\/\/omanivietnam.com\/#\/schema\/person\/image\/\"},\"sameAs\":[\"https:\/\/omanivietnam.com\"]}]}<\/script>\n<!-- \/ Yoast SEO plugin. -->","yoast_head_json":{"title":"BUSSMANN 170M4410 - OMANI VI\u1ec6T NAM","robots":{"index":"index","follow":"follow","max-snippet":"max-snippet:-1","max-image-preview":"max-image-preview:large","max-video-preview":"max-video-preview:-1"},"canonical":"https:\/\/omanivietnam.com\/index.php\/san-pham\/bussmann170m4410\/","og_locale":"vi_VN","og_type":"article","og_title":"BUSSMANN 170M4410 - OMANI VI\u1ec6T NAM","og_description":"BUSSMANN 170M4410 C\u1ea7u ch\u00ec Eaton Bussmann 170M4410 690 Vac 700 Vac 315A 200kA C\u1ea7u ch\u00ec c\u00f4ng nghi\u1ec7p Eaton Bussmann, th\u01b0\u01a1ng hi\u1ec7u c\u1ee7a M\u1ef9. Series 170M c\u00f3 d\u1ea1ng th\u00e2n vu\u00f4ng, v\u1edbi kh\u1ea3 n\u0103ng c\u1eaft nhanh c\u0169ng nh\u01b0 \u0111\u00e1p \u1ee9ng nhanh gi\u00fap b\u1ea3o v\u1ec7 an to\u00e0n h\u1ec7 th\u1ed1ng \u0111i\u1ec7n. M\u1ed9t s\u1ed1 d\u00f2ng&hellip;","og_url":"https:\/\/omanivietnam.com\/index.php\/san-pham\/bussmann170m4410\/","og_site_name":"OMANI VI\u1ec6T NAM","og_image":[{"width":395,"height":443,"url":"https:\/\/omanivietnam.com\/wp-content\/uploads\/2024\/07\/170M4410.png","type":"image\/png"}],"twitter_card":"summary_large_image","twitter_misc":{"\u01af\u1edbc t\u00ednh th\u1eddi gian \u0111\u1ecdc":"2 ph\u00fat"},"schema":{"@context":"https:\/\/schema.org","@graph":[{"@type":"WebPage","@id":"https:\/\/omanivietnam.com\/index.php\/san-pham\/bussmann170m4410\/","url":"https:\/\/omanivietnam.com\/index.php\/san-pham\/bussmann170m4410\/","name":"BUSSMANN 170M4410 - OMANI VI\u1ec6T NAM","isPartOf":{"@id":"https:\/\/omanivietnam.com\/#website"},"primaryImageOfPage":{"@id":"https:\/\/omanivietnam.com\/index.php\/san-pham\/bussmann170m4410\/#primaryimage"},"image":{"@id":"https:\/\/omanivietnam.com\/index.php\/san-pham\/bussmann170m4410\/#primaryimage"},"thumbnailUrl":"https:\/\/omanivietnam.com\/wp-content\/uploads\/2024\/07\/170M4410.png","datePublished":"2024-07-27T02:23:21+00:00","dateModified":"2024-07-27T02:23:21+00:00","breadcrumb":{"@id":"https:\/\/omanivietnam.com\/index.php\/san-pham\/bussmann170m4410\/#breadcrumb"},"inLanguage":"vi","potentialAction":[{"@type":"ReadAction","target":["https:\/\/omanivietnam.com\/index.php\/san-pham\/bussmann170m4410\/"]}]},{"@type":"ImageObject","inLanguage":"vi","@id":"https:\/\/omanivietnam.com\/index.php\/san-pham\/bussmann170m4410\/#primaryimage","url":"https:\/\/omanivietnam.com\/wp-content\/uploads\/2024\/07\/170M4410.png","contentUrl":"https:\/\/omanivietnam.com\/wp-content\/uploads\/2024\/07\/170M4410.png","width":395,"height":443},{"@type":"BreadcrumbList","@id":"https:\/\/omanivietnam.com\/index.php\/san-pham\/bussmann170m4410\/#breadcrumb","itemListElement":[{"@type":"ListItem","position":1,"name":"Home","item":"https:\/\/omanivietnam.com\/"},{"@type":"ListItem","position":2,"name":"S\u1ea2N PH\u1ea8M","item":"https:\/\/omanivietnam.com\/index.php\/cua-hang\/"},{"@type":"ListItem","position":3,"name":"BUSSMANN 170M4410"}]},{"@type":"WebSite","@id":"https:\/\/omanivietnam.com\/#website","url":"https:\/\/omanivietnam.com\/","name":"OMANI VI\u1ec6T NAM","description":"Nh\u00e0 ph\u00e2n ph\u1ed1i thi\u1ebft b\u1ecb kh\u00ed n\u00e9n v\u00e0 thi\u1ebft b\u1ecb t\u1ef1 \u0111\u1ed9ng h\u00f3a trong c\u00f4ng nghi\u1ec7p","publisher":{"@id":"https:\/\/omanivietnam.com\/#\/schema\/person\/0ad398a980dc3fd696111c2c5c8fa897"},"potentialAction":[{"@type":"SearchAction","target":{"@type":"EntryPoint","urlTemplate":"https:\/\/omanivietnam.com\/?s={search_term_string}"},"query-input":"required name=search_term_string"}],"inLanguage":"vi"},{"@type":["Person","Organization"],"@id":"https:\/\/omanivietnam.com\/#\/schema\/person\/0ad398a980dc3fd696111c2c5c8fa897","name":"Nguy\u1ec5n V\u0103n Kh\u00e1nh","image":{"@type":"ImageObject","inLanguage":"vi","@id":"https:\/\/omanivietnam.com\/#\/schema\/person\/image\/","url":"https:\/\/omanivietnam.com\/wp-content\/uploads\/2024\/06\/logo-1024x1024.png","contentUrl":"https:\/\/omanivietnam.com\/wp-content\/uploads\/2024\/06\/logo-1024x1024.png","width":1024,"height":1024,"caption":"Nguy\u1ec5n V\u0103n Kh\u00e1nh"},"logo":{"@id":"https:\/\/omanivietnam.com\/#\/schema\/person\/image\/"},"sameAs":["https:\/\/omanivietnam.com"]}]}},"_links":{"self":[{"href":"https:\/\/omanivietnam.com\/index.php\/wp-json\/wp\/v2\/product\/1241","targetHints":{"allow":["GET"]}}],"collection":[{"href":"https:\/\/omanivietnam.com\/index.php\/wp-json\/wp\/v2\/product"}],"about":[{"href":"https:\/\/omanivietnam.com\/index.php\/wp-json\/wp\/v2\/types\/product"}],"replies":[{"embeddable":true,"href":"https:\/\/omanivietnam.com\/index.php\/wp-json\/wp\/v2\/comments?post=1241"}],"wp:featuredmedia":[{"embeddable":true,"href":"https:\/\/omanivietnam.com\/index.php\/wp-json\/wp\/v2\/media\/1242"}],"wp:attachment":[{"href":"https:\/\/omanivietnam.com\/index.php\/wp-json\/wp\/v2\/media?parent=1241"}],"wp:term":[{"taxonomy":"product_cat","embeddable":true,"href":"https:\/\/omanivietnam.com\/index.php\/wp-json\/wp\/v2\/product_cat?post=1241"},{"taxonomy":"product_tag","embeddable":true,"href":"https:\/\/omanivietnam.com\/index.php\/wp-json\/wp\/v2\/product_tag?post=1241"}],"curies":[{"name":"wp","href":"https:\/\/api.w.org\/{rel}","templated":true}]}}