{"id":1243,"date":"2024-07-27T09:49:43","date_gmt":"2024-07-27T02:49:43","guid":{"rendered":"https:\/\/omanivietnam.com\/?post_type=product&#038;p=1243"},"modified":"2024-07-27T09:49:43","modified_gmt":"2024-07-27T02:49:43","slug":"convum-mps-71e-ngxx","status":"publish","type":"product","link":"https:\/\/omanivietnam.com\/index.php\/san-pham\/convum-mps-71e-ngxx\/","title":{"rendered":"CONVUM MPS-71E-NGXX"},"content":{"rendered":"<p>CONVUM MPS-71E-NGXX<\/p>\n<p>CONVUM MPS-71E-NGHX<\/p>\n<p><b>The MPS-71 has been replaced with the MPS-71EA<\/b><\/p>\n<p>Convum ( Nh\u1eadt) Chuy\u00ean gia v\u1ec1:\u00a0<strong>B\u01a1m h\u00fat ch\u00e2n kh\u00f4ng Convum<\/strong>, b\u01a1m quay c\u00e1nh g\u1ea1t, van h\u00fat, van c\u00f4ng t\u1eafc,<strong>Cu\u1ed9n h\u00fat Convum<\/strong>, m\u00e0n h\u00ecnh hi\u1ec3n th\u1ecb, c\u1ea3m bi\u1ebfn \u00e1p su\u1ea5t, c\u00f4ng t\u1eafc \u00e1p su\u1ea5t, c\u00f4ng t\u1eafc chuy\u1ec3n m\u1ea1ch l\u01b0u l\u01b0\u1ee3ng, van \u0111i\u1ec7n t\u1eeb, van \u0111i\u1ec1u khi\u1ec3n, van ki\u1ec3m tra, thi\u1ebft b\u1ecb \u0111i\u1ec1u khi\u1ec3n t\u1ed1c \u0111\u1ed9, b\u1ed9 l\u1ecdc th\u1ee7y l\u1ef1c, l\u1ecfi l\u1ecdc th\u1ee7y l\u1ef1c,\u00a0<strong>C\u1ea3m bi\u1ebfn Convum<\/strong>,\u00a0xi lanh th\u1ee7y l\u1ef1c&#8230;<\/p>\n<p>C\u00e1c s\u1ea3n ph\u1ea9m t\u01b0\u01a1ng t\u1ef1:<\/p>\n<p>MPS-71EA-NGXA-V MPS-71EA-NGXA-I MPS-71EA-NGXI-V MPS-71EA-NGXI-I MPS-71EA-NGHA-V MPS-71EA-NGHA-I MPS-71EA-NGHI-V MPS-71EA-NGHI-I MPS-74EA-NGH MPS-74EA-NGX MPS-71E-NC MPS-71E-NG MPS-71E-PC MPS-71E-PG MPS-74E-NC MPS-74E-NG MPS-74E-PC MPS-74E-PG<\/p>\n<p>&nbsp;<\/p>\n<table border=\"0\" cellspacing=\"0\" cellpadding=\"0\">\n<tbody>\n<tr>\n<td>PFG-20-S, PFG-20-U , PFG-20-N ,PFG-20-NE<\/td>\n<td>(R2-7) 1\u00a0\u00a0 MPS-V2C-PC SENSOR. R2-7.<\/td>\n<\/tr>\n<tr>\n<td>LOT OF 2!!\u00a0 MPS-74M-NGHX DIGITAL<\/td>\n<td>MYOTOKU\u00a0 F-1 CVF-1-10HR<\/td>\n<\/tr>\n<tr>\n<td>LOT OF 2!!\u00a0 MPS-74M-NGHX DIGITAL<\/td>\n<td>MPS-V3RC-GHA\u00a0 MPSV3RCGHA<\/td>\n<\/tr>\n<tr>\n<td>LOT OF 2!!\u00a0 MYOTOKU CV-20HR HIGH<br \/>\nVACUUM GENERATOR W\/ SILENCER<\/td>\n<td>MPS-V6N-PC Sensor APS030-PNP-SA2 850142<\/td>\n<\/tr>\n<tr>\n<td>MPS-D4M5-GHA-D4 Digital 2-AE-J0012 \/<\/td>\n<td>CV-10HR NSPP CV10HR<\/td>\n<\/tr>\n<tr>\n<td>Myotohu\u00a0 MPS-V2RE-G-YOK MPSV2REGYOK<\/td>\n<td>CV-10HSCK Vacuum Generator w\/ Mechanical Switch<\/td>\n<\/tr>\n<tr>\n<td>Myotohu\u00a0 MVS-030 F-1 CVF1-10HS Vacuum Switch<\/td>\n<td>CV-10LS USPP CV10LS<\/td>\n<\/tr>\n<tr>\n<td>Myotohu\u00a0 MVS-030 Vacuum Switch\u00a0\u00a0,92C-3<\/td>\n<td>CV-15LR LOW VACUUM GENERATOR 1.5MM<\/td>\n<\/tr>\n<tr>\n<td>MYOTOKU\u00a0 CVF-1-10HSAB F-1 CVF1 10HSAB\u00a0 &#8211;<\/td>\n<td>CV-20HS HIGH VACUUM GENERATOR 2.0<\/td>\n<\/tr>\n<tr>\n<td>MYOTOKU\u00a0 CVR Vacuum Switch,\u00a0\u00a0=<\/td>\n<td>CV-20HS VACUUM GENERATOR W\/ VALVE 1\/4&#8243;<\/td>\n<\/tr>\n<tr>\n<td>MYOTOKU\u00a0 CVX-396A NPN VACUUM<br \/>\nVALVE 24V SENSOR SWITCH MVS-070-1<\/td>\n<td>CV-20HSCK HIGH VACUUM GENERATOR W\/<br \/>\nMECHANICAL VACUUM SWITCH 2.0MM NOZZLE<\/td>\n<\/tr>\n<tr>\n<td>Myotoku\u00a0 F-1 CVF-1-10HR<\/td>\n<td>CVA-10HS Vacuum Actuator 24 VDC<\/td>\n<\/tr>\n<tr>\n<td>MYOTOKU\u00a0 MVS-030-A\u00a0 SWITCH w\/<\/td>\n<td>CVA-10HSB Vacuum Actuator 24 VDC<\/td>\n<\/tr>\n<tr>\n<td>MYOTOKU\u00a0 SENSOR MPS-R2R-G\u00a0\u00a0MPSR2RG<\/td>\n<td>CVA-10LSB NSPP CVA10LSB<\/td>\n<\/tr>\n<tr>\n<td>MYOTOKU\/ VF-3 VACUUM FILTER<\/td>\n<td>CVA-15HS35GDN NSFP CVA15HS35GDN<\/td>\n<\/tr>\n<tr>\n<td>\u00a0VALVE MC2S07HSZM24B5N<\/td>\n<td>CVA-15OS USPP CVA15OS<\/td>\n<\/tr>\n<tr>\n<td>\u00a0VALVE MC2S10HSZM24B5N<\/td>\n<td>CVA-15QS USPP CVA15QS<\/td>\n<\/tr>\n<tr>\n<td>PARKER MPS-P3SN8-NG REMOTE PRESSURE<br \/>\nSENSOR W\/ DIGITAL DISPLAY<\/td>\n<td>MC2S07HS-ZM24B5R-8Y19 MC2S07HSZM24B5R8Y19\u00a0 A00SC23-Z06-028<\/td>\n<\/tr>\n<tr>\n<td>!\u00a0 MVS-201-NC PRESSURE SENSOR<br \/>\n10.8-30VDC 14.7 &#8211; 72.5 PSI<\/td>\n<td>CVA-V Vacuum Switch<\/td>\n<\/tr>\n<tr>\n<td>OFFER &amp; WIN-\u00a0 MPS-V2R-G\u00a0 &#8211; Brand<\/td>\n<td>CVB-09HS 24BC 1Y15 CVB09HS24BC1Y15<\/td>\n<\/tr>\n<tr>\n<td>MPS-71E-NGA<\/td>\n<td>CVK-15HRZD PRESSURE SOLENOID VALVE<\/td>\n<\/tr>\n<tr>\n<td>MPS-71E-PC Pressure Sensor With Mounting Bracket<\/td>\n<td>CVK-20HSABC-24BL USPP CVK20HSABC24BL<\/td>\n<\/tr>\n<tr>\n<td>MPS-R3F5-NC Stainless Pressure Sensor<\/td>\n<td>CVM-10LSAB NSFP CVM10LSAB<\/td>\n<\/tr>\n<tr>\n<td>MPS-V2N-NC2 PRESSURE\u00a0 &amp; CABLE NSFP<\/td>\n<td>CVM-10LSAB NSPP CVM10LSAB<\/td>\n<\/tr>\n<tr>\n<td>MPS-V9M-NG-YOK MPSV9MNGYOK Sensor<\/td>\n<td>CVM-10LSAB USPP CVM10LSAB<\/td>\n<\/tr>\n<tr>\n<td>MYOTOKU MVS-030-AB\u00a0 ()<\/td>\n<td>F-1 CVF-1-10HS1 + CVF-D1 8Y16<\/td>\n<\/tr>\n<tr>\n<td>MYOTOKU MVS-035G\u00a0 12-24VDC 0.1A<\/td>\n<td>CVA-D \/ CVA-15HS 24DC FREE SHIPPING<\/td>\n<\/tr>\n<tr>\n<td>PAG-40-NBR NSPP PAG40NBR<\/td>\n<td>Miniature Air Cylinder SCW-10&#215;10-MNS 3127<\/td>\n<\/tr>\n<tr>\n<td>PS-50-F NSFP PS50F<\/td>\n<td>MPS FLOW SENSOR DIGITAL &amp;HYPFU-S2-6500<\/td>\n<\/tr>\n<tr>\n<td>Sensor MPS-PIN-PC 10-30vdc<\/td>\n<td>MPS-E4M5-GHA-TLQ<\/td>\n<\/tr>\n<tr>\n<td>Sensor MPS-PIN-PC 10-30vdc\u00a0\u00a0IN BOX<\/td>\n<td>MPSP6NNG NSFP MPSP6NNG<\/td>\n<\/tr>\n<tr>\n<td>TYS-20B-30 NSFP TYS20B30<\/td>\n<td>MPS-R2RE-G-THS Digital Pneumatic Air Pressure Sensor<\/td>\n<\/tr>\n<tr>\n<td>\u00a0MVS-030AB-R 030-AB<\/td>\n<td>MPS-R7M5-G Pressure Sensor Gauge With Display<\/td>\n<\/tr>\n<tr>\n<td>Vacuum Solenoid CVA-15HS<\/td>\n<td>MPS-V2G-PC<\/td>\n<\/tr>\n<tr>\n<td>MPS-V3RC-G FLOW SENSOR DIGITAL<\/td>\n<td>MPS-V2R-C NSFP MPSV2RC<\/td>\n<\/tr>\n<tr>\n<td>MPS-V3RC-G-M Digital , , Myotoku<\/td>\n<td>MPS-V2R-G NSFP MPSV2RG<\/td>\n<\/tr>\n<\/tbody>\n<\/table>\n<p>Convum Vietnam\u00a0\u00a0\u00a0\u00a0\u00a0\u00a0\u00a0 PFG-20-S Vacuum pad, silicon rubber<\/p>\n<p>Convum Vietnam\u00a0\u00a0\u00a0\u00a0\u00a0\u00a0\u00a0 PFG-20-U Vacuum pad, Urethane rubber<\/p>\n<div class=\"google-auto-placed ap_container\"><ins class=\"adsbygoogle adsbygoogle-noablate\" data-ad-format=\"auto\" data-ad-client=\"ca-pub-7878948102450968\" data-adsbygoogle-status=\"done\" data-ad-status=\"unfilled\"><\/p>\n<div id=\"aswift_3_host\"><\/div>\n<p><\/ins><\/div>\n<p>Convum Vietnam\u00a0\u00a0\u00a0\u00a0\u00a0\u00a0\u00a0 PFG-20-N Vacuum pad, Nitrile rubber (NBR)<\/p>\n<div class=\"google-auto-placed ap_container\"><ins class=\"adsbygoogle adsbygoogle-noablate\" data-ad-format=\"auto\" data-ad-client=\"ca-pub-7878948102450968\" data-adsbygoogle-status=\"done\" data-ad-status=\"unfilled\"><\/p>\n<div id=\"aswift_4_host\"><\/div>\n<p><\/ins><\/div>\n<p>Convum Vietnam\u00a0\u00a0\u00a0\u00a0\u00a0\u00a0\u00a0 PFG-20-NE Vacuum pad, Conductive NBR<\/p>\n<p>(7981) Convum Vacuum Filter VF-3 2X25 (7981)<\/p>\n<p>(7982) Convum Vacuum Filter VF-3 0992 (7982)<\/p>\n<p>(7983) Convum Vacuum Filter VF-3 2X19 (7983)<\/p>\n<p>(7984) Convum Vacuum Filter VF-3 5606\u00a0 (7984)<\/p>\n<p>(7985) Convum Vacuum Filter VF-3 1912\u00a0 (7985)<\/p>\n<p>(AG01) CONVUM MPS-R3RC-G PRESSURE SWITCH WORKING<\/p>\n<p>(AG01) CONVUM MPS-V3RC-G PRESSURE SWITCH WORKING<\/p>\n<p>(R2-7) 1CONVUM MPS-V2C-PC SENSOR.\u00a0R2-7.<\/p>\n<p>1MYOTOKU CONVUM F-1 CVF-1-10HR VACUMM SENSOR NNB<\/p>\n<p>CONVUM\u00a0 MPS-74E-NGHX, Contoller without sensor<\/p>\n<p>Convum \/ Myotoku MPS-P6N-PG Sensor<\/p>\n<p>CONVUM 1\/8&#8243; NPT VACUUM FILTERS W\/ (2) FITTINGS, VF-3<\/p>\n<p>CONVUM 3\/8&#8243; PORT VACUUM FILTERS VF-6<\/p>\n<p>Convum APS030-PNP-SA2 850142<\/p>\n<p>CONVUM CV-10HR NSPP CV10HR<\/p>\n<p>Convum CV-10HS Pneumatic Vacuum Generator Unit<\/p>\n<p>CONVUM CV-10HS VALVE<\/p>\n<p>Convum CV-10HSCK Vacuum Generator w\/ Mechanical Switch<\/p>\n<p>CONVUM CV-10LS USPP CV10LS<\/p>\n<p>CONVUM CV-15LR LOW VACUUM GENERATOR 1.5MM DIAMETER NOZZLE<\/p>\n<p>CONVUM CV-20HS HIGH VACUUM GENERATOR 2.0 DIAMETER NOZZLE<\/p>\n<p>CONVUM CV-20HS VACUUM GENERATOR W\/ VALVE 1\/4&#8243;<\/p>\n<p>CONVUM CV-20HSCK HIGH VACUUM GENERATOR W\/ MECHANICAL VACUUM SWITCH 2.0MM NOZZLE\u00a0\u0110\u1ea1i l\u00fd Convum t\u1ea1i viet nam 0938906663<\/p>\n<p>CONVUM CV-20LR LOW VACUUM GENERATOR 2.0MM DIAMETER NOZZLE<\/p>\n<div class=\"google-auto-placed ap_container\"><ins class=\"adsbygoogle adsbygoogle-noablate\" data-ad-format=\"auto\" data-ad-client=\"ca-pub-7878948102450968\" data-adsbygoogle-status=\"done\" data-ad-status=\"unfilled\"><\/p>\n<div id=\"aswift_5_host\"><\/div>\n<p><\/ins><\/div>\n<p>Convum CVA-10HR-VDN Valve<\/p>\n<p>Convum CVA-10HS Vacuum Actuator 24 VDC<\/p>\n<p>Convum CVA-10HSB Vacuum Actuator 24 VDC<\/p>\n<p>CONVUM CVA-10LSB NSPP CVA10LSB<\/p>\n<p>CONVUM CVA-15HS VACUUM SOLENOID 24VDC 24A 1\/4&#8243; CVA15HS<\/p>\n<p>CONVUM CVA-15HS35GDN NSFP CVA15HS35GDN<\/p>\n<p>CONVUM CVA-15OS USPP CVA15OS<\/p>\n<p>CONVUMCVA-15QS USPP CVA15QS<\/p>\n<p>Convum CVA-D \/ CVA-15HS 24DC FREE SHIPPING<\/p>\n<p>Convum CVA-DN \/ CVA-15HS 24BL \/ C-0054-CVA<\/p>\n<p>Convum CVA-V Vacuum Switch<\/p>\n<p>Convum CVB-09HS 24BC 1Y15 CVB09HS24BC1Y15<\/p>\n<p>CONVUM CVK-15HRZD PRESSURE SOLENOID VALVE CONVUM<\/p>\n<p>CONVUM CVK-20HSABC-24BL USPP CVK20HSABC24BL<\/p>\n<p>CONVUM CVM-10LSAB NSFP CVM10LSAB<\/p>\n<p>CONVUM CVM-10LSAB NSPP CVM10LSAB<\/p>\n<p>CONVUM CVM-10LSAB USPP CVM10LSAB<\/p>\n<p>CONVUM F-1 CVF-1-10HS1 + CVF-D1 8Y16 Vacuum Sensor<\/p>\n<p>Convum Manifold Solenoid Valve CVK-15HRZD 24V MVS SMC<\/p>\n<p>Convum MC2S07HS-ZM24B5R-8Y19 MC2S07HSZM24B5R8Y19 Valve w\/ A00SC23-Z06-028<\/p>\n<p>Convum MC7S15HS Vacuum Product VGC3BLR w\/ MPS-V2C-G<\/p>\n<p>Convum Miniature Air Cylinder SCW-10&#215;10-MNS 3127<\/p>\n<p>CONVUM MPS FLOW SENSOR DIGITAL VACUUM SENSOR&amp;HYPFU-S2-6500<\/p>\n<p>CONVUM MPS-71E-G-D6 INDICATOR, DIGITAL ONE CHAMBER<\/p>\n<p>Convum MPS-E4M5-GHA-TLQ Vacuum Sensor<\/p>\n<p>CONVUM MPSP6NNG NSFP MPSP6NNG<\/p>\n<p>Convum MPS-R2RE-G-THS Digital Pneumatic Air Pressure Sensor LCD Display<\/p>\n<p>Convum MPS-R7M5-G Pressure Sensor Gauge With<\/p>\n<p>Convum MPS-V2C-C Vacuum Sensor<\/p>\n<p>Convum MPS-V2G-PC<\/p>\n<p>CONVUM MPS-V2R-C NSFP MPSV2RC<\/p>\n<p>CONVUM MPS-V2R-G NSFP MPSV2RG<\/p>\n<p>CONVUM MPS-V2R-PGA NSPP MPSV2RPGA<\/p>\n<p>CONVUM MPS-V3RC-G FLOW SENSOR DIGITAL VACUUM SENSOR<\/p>\n<p>CONVUM MPS-V3RC-GHA VACUUM SENSOR MPSV3RCGHA<\/p>\n<p>Convum MPS-V3RC-G-M Digital Vacuum Sensor, , Myotoku<\/p>\n<p>Convum MPS-V9M-NG-YOK MPSV9MNGYOK Sensor<\/p>\n<p>CONVUM Myotoku CVF-2-10HS24BD VACUUM SWITCH SOLENOID VALVE DC24V<\/p>\n<p>CONVUM Myotoku CVG-10HS2H 24BL VACUUM SWITCH SOLENOID VALVE DC24V<\/p>\n<p>CONVUM MYOTOKU MVS-030-AB VACUUM SENSOR (NEW)<\/p>\n<p>CONVUM MYOTOKU MVS-035G VACUUM SENSOR 12-24VDC\u00a0 0.1A<\/p>\n<p>CONVUM MYOTOKU,\u00a0 CV-15HR, 1 pcs,\u00a0\u0110\u1ea1i l\u00fd Convum t\u1ea1i viet nam 0938906663<\/p>\n<p>CONVUM MYOTOKU,\u00a0 CVA-10 + CVA-V, 1 pcs,<\/p>\n<p>CONVUM MYOTOKU,\u00a0 CVA-15HRB + CVA-DN + CVA-V3 + MVS-030TB, 1 pcs,<\/p>\n<p>CONVUM MYOTOKU,\u00a0 CVA-ALB 5E\u00a0 (MVS-030AL-B) Vacuum switch, 1pcs,<\/p>\n<p>CONVUM MYOTOKU,\u00a0 CVM-15HS\u00a0\u00a0\u00a0 3WA, 1 pcs,<\/p>\n<p>CONVUM MYOTOKU,\u00a0 NS11-02,\u00a0 Solenoid air valve, 1pcs,<\/p>\n<p>CONVUM MYOTOKU,\u00a0 PSDC030-PNP\u00a0 (850020), Pressure Sensor, 1 pcs,<\/p>\n<p>CONVUM PAG-40-NBR NSPP PAG40NBR<\/p>\n<p>Convum Parker TKY-H6X8 TKYH6X8 Cylinder<\/p>\n<p>Convum Parker TKY-O-6&#215;4 Cylinder: Parker Miniature Air Cylinder<\/p>\n<p>Convum Parker TKY-O-8&#215;4 Cylinder: Parker Miniature Air Cylinder<\/p>\n<div class=\"google-auto-placed ap_container\"><ins class=\"adsbygoogle adsbygoogle-noablate\" data-ad-format=\"auto\" data-ad-client=\"ca-pub-7878948102450968\" data-adsbygoogle-status=\"done\" data-ad-status=\"unfilled\"><\/p>\n<div id=\"aswift_6_host\"><\/div>\n<p><\/ins><\/div>\n<p>Convum ParkerTKY-O-8X8 Cylinder: Parker Miniature Air Cylinder<\/p>\n<div class=\"google-auto-placed ap_container\"><ins class=\"adsbygoogle adsbygoogle-noablate\" data-ad-format=\"auto\" data-ad-client=\"ca-pub-7878948102450968\" data-adsbygoogle-status=\"done\" data-ad-status=\"unfilled\"><\/p>\n<div id=\"aswift_7_host\"><\/div>\n<p><\/ins><\/div>\n<p>PFG-20-S, PFG-20-U , PFG-20-N ,PFG-20-NE \u00a0\u00a0\u00a0\u00a0\u00a0 (R2-7) 1\u00a0\u00a0 MPS-V2C-PC SENSOR. R2-7.<\/p>\n<p>LOT OF 2!!\u00a0 MPS-74M-NGHX DIGITAL<\/p>\n<p>MYOTOKU\u00a0 F-1 CVF-1-10HR<\/p>\n<p>LOT OF 2!! \u00a0MPS-74M-NGHX DIGITAL<\/p>\n<p>MPS-V3RC-GHA\u00a0 MPSV3RCGHA<\/p>\n<p>LOT OF 2!!\u00a0 MYOTOKU CV-20HR HIGH<\/p>\n<p>VACUUM GENERATOR W\/ SILENCER<\/p>\n<p>MPS-V6N-PC Sensor APS030-PNP-SA2 850142<\/p>\n<p>MPS-D4M5-GHA-D4 Digital 2-AE-J0012 \/ \u00a0\u00a0\u00a0\u00a0\u00a0\u00a0\u00a0\u00a0\u00a0\u00a0\u00a0 CV-10HR NSPP CV10HR<\/p>\n<p>Myotohu\u00a0 MPS-V2RE-G-YOK MPSV2REGYOK<\/p>\n<p>CV-10HSCK Vacuum Generator w\/ Mechanical Switch<\/p>\n<p>Myotohu\u00a0 MVS-030 F-1 CVF1-10HS Vacuum Switch<\/p>\n<p>CV-10LS USPP CV10LS\u00a0\u0110\u1ea1i l\u00fd Convum t\u1ea1i viet nam 0938906663<\/p>\n<p>Myotohu\u00a0 MVS-030 Vacuum Switch\u00a0 ,92C-3<\/p>\n<p>CV-15LR LOW VACUUM GENERATOR 1.5MM<\/p>\n<p>MYOTOKU\u00a0 CVF-1-10HSAB F-1 CVF1 10HSAB\u00a0 &#8211;<\/p>\n<p>CV-20HS HIGH VACUUM GENERATOR 2.0<\/p>\n<p>MYOTOKU\u00a0 CVR Vacuum Switch,\u00a0 =<\/p>\n<p>CV-20HS VACUUM GENERATOR W\/ VALVE 1\/4&#8243;<\/p>\n<p>MYOTOKU\u00a0 CVX-396A NPN VACUUM<\/p>\n<p>VALVE 24V SENSOR SWITCH MVS-070-1<\/p>\n<p>CV-20HSCK HIGH VACUUM GENERATOR W\/<\/p>\n<p>MECHANICAL VACUUM SWITCH 2.0MM NOZZLE<\/p>\n<p>Myotoku\u00a0 F-1 CVF-1-10HR<\/p>\n<p>CVA-10HS Vacuum Actuator 24 VDC<\/p>\n<p>MYOTOKU\u00a0 MVS-030-A\u00a0 SWITCH w\/<\/p>\n<p>CVA-10HSB Vacuum Actuator 24 VDC<\/p>\n<p>MYOTOKU\u00a0 SENSOR MPS-R2R-G\u00a0 MPSR2RG<\/p>\n<p>CVA-10LSB NSPP CVA10LSB<\/p>\n<p>MYOTOKU\/ VF-3 VACUUM FILTER<\/p>\n<p>CVA-15HS35GDN NSFP CVA15HS35GDN<\/p>\n<p>VALVE MC2S07HSZM24B5N<\/p>\n<p>CVA-15OS USPP CVA15OS<\/p>\n<p>VALVE MC2S10HSZM24B5N<\/p>\n<p>CVA-15QS USPP CVA15QS<\/p>\n<p>PARKER MPS-P3SN8-NG REMOTE PRESSURE<\/p>\n<p>SENSOR W\/ DIGITAL DISPLAY<\/p>\n<p>MC2S07HS-ZM24B5R-8Y19 MC2S07HSZM24B5R8Y19\u00a0 A00SC23-Z06-028<\/p>\n<p>!\u00a0 MVS-201-NC PRESSURE SENSOR<\/p>\n<p>10.8-30VDC 14.7 &#8211; 72.5 PSI<\/p>\n<p>CVA-V Vacuum Switch<\/p>\n<p>OFFER &amp; WIN-\u00a0 MPS-V2R-G\u00a0 &#8211; Brand<\/p>\n<p>CVB-09HS 24BC 1Y15 CVB09HS24BC1Y15<\/p>\n<p>MPS-71E-NGA<\/p>\n<p>CVK-15HRZD PRESSURE SOLENOID VALVE<\/p>\n<p>MPS-71E-PC Pressure Sensor With Mounting Bracket<\/p>\n<p>CVK-20HSABC-24BL USPP CVK20HSABC24BL<\/p>\n<p>MPS-R3F5-NC Stainless Pressure Sensor<\/p>\n<p>CVM-10LSAB NSFP CVM10LSAB<\/p>\n<p>MPS-V2N-NC2 PRESSURE\u00a0 &amp; CABLE NSFP<\/p>\n<p>CVM-10LSAB NSPP CVM10LSAB<\/p>\n<p>MPS-V9M-NG-YOK MPSV9MNGYOK Sensor<\/p>\n<p>CVM-10LSAB USPP CVM10LSAB<\/p>\n<p>MYOTOKU MVS-030-AB\u00a0 ()<\/p>\n<p>F-1 CVF-1-10HS1 + CVF-D1 8Y16<\/p>\n<p>MYOTOKU MVS-035G\u00a0 12-24VDC 0.1A<\/p>\n<p>CVA-D \/ CVA-15HS 24DC FREE SHIPPING<\/p>\n<p>PAG-40-NBR NSPP PAG40NBR<\/p>\n<p>Miniature Air Cylinder SCW-10&#215;10-MNS 3127<\/p>\n<p>PS-50-F NSFP PS50F\u00a0\u00a0\u00a0\u00a0\u00a0\u00a0\u00a0\u00a0\u00a0\u00a0\u00a0 MPS FLOW SENSOR DIGITAL &amp;HYPFU-S2-6500<\/p>\n<p>Sensor MPS-PIN-PC 10-30vdc<\/p>\n<p>MPS-E4M5-GHA-TLQ<\/p>\n<p>Sensor MPS-PIN-PC 10-30vdc\u00a0 IN BOX<\/p>\n<p>MPSP6NNG NSFP MPSP6NNG<\/p>\n<p>TYS-20B-30 NSFP TYS20B30<\/p>\n<p>MPS-R2RE-G-THS Digital Pneumatic Air Pressure Sensor<\/p>\n<div class=\"google-auto-placed ap_container\"><ins class=\"adsbygoogle adsbygoogle-noablate\" data-ad-format=\"auto\" data-ad-client=\"ca-pub-7878948102450968\" data-adsbygoogle-status=\"done\" data-ad-status=\"unfilled\"><\/p>\n<div id=\"aswift_8_host\"><\/div>\n<p><\/ins><\/div>\n<p>MVS-030AB-R 030-AB<\/p>\n<p>MPS-R7M5-G Pressure Sensor Gauge With Display<\/p>\n<p>Vacuum Solenoid CVA-15HS<\/p>\n<p>MPS-V2G-PC\u00a0\u0110\u1ea1i l\u00fd Convum t\u1ea1i viet nam 0938906663<\/p>\n<p>MPS-V3RC-G FLOW SENSOR DIGITAL<\/p>\n<p>MPS-V2R-C NSFP MPSV2RC<\/p>\n<p>MPS-V3RC-G-M Digital , , Myotoku<\/p>\n<p>MPS-V2R-G NSFP MPSV2RG<\/p>\n<p>\u0110\u1ea1i l\u00fd CONVUM vietnam, CONVUM viet nam, CONVUM vietnam distributor, Ph\u00e2n ph\u1ed1i CONVUM t\u1ea1i vi\u1ec7t nam<\/p>\n<p>\u0110\u1ea1i l\u00fd CONVUM vietnam, CONVUM viet nam, CONVUM vietnam distributor, Ph\u00e2n ph\u1ed1i CONVUM t\u1ea1i vi\u1ec7t nam<\/p>\n<p>\u0110\u1ea1i l\u00fd CONVUM vietnam, CONVUM viet nam, CONVUM vietnam distributor, Ph\u00e2n ph\u1ed1i CONVUM t\u1ea1i vi\u1ec7t nam<\/p>\n<p>\u0110\u1ea1i l\u00fd CONVUM vietnam, CONVUM viet nam, CONVUM vietnam distributor, Ph\u00e2n ph\u1ed1i CONVUM t\u1ea1i vi\u1ec7t nam<\/p>\n<p>\u0110\u1ea1i l\u00fd CONVUM vietnam, CONVUM viet nam, CONVUM vietnam distributor, Ph\u00e2n ph\u1ed1i CONVUM t\u1ea1i vi\u1ec7t nam<\/p>\n","protected":false},"excerpt":{"rendered":"<p>CONVUM MPS-71E-NGXX CONVUM MPS-71E-NGHX The MPS-71 has been replaced with the MPS-71EA Convum ( Nh\u1eadt) Chuy\u00ean gia v\u1ec1:\u00a0B\u01a1m h\u00fat ch\u00e2n kh\u00f4ng Convum, b\u01a1m quay c\u00e1nh g\u1ea1t, van h\u00fat, van c\u00f4ng t\u1eafc,Cu\u1ed9n h\u00fat Convum, m\u00e0n h\u00ecnh hi\u1ec3n th\u1ecb, c\u1ea3m bi\u1ebfn \u00e1p su\u1ea5t, c\u00f4ng t\u1eafc \u00e1p su\u1ea5t, c\u00f4ng t\u1eafc chuy\u1ec3n m\u1ea1ch l\u01b0u&hellip; <\/p>\n","protected":false},"featured_media":1244,"comment_status":"open","ping_status":"closed","template":"","meta":[],"product_cat":[335],"product_tag":[88,258,259],"class_list":{"0":"post-1243","1":"product","2":"type-product","3":"status-publish","4":"has-post-thumbnail","6":"product_cat-convum","7":"product_tag-cam-bien","8":"product_tag-convum-viet-nam","9":"product_tag-dai-ly-convum-viet-nam","11":"first","12":"instock","13":"shipping-taxable","14":"product-type-simple"},"yoast_head":"<!-- This site is optimized with the Yoast SEO plugin v22.8 - https:\/\/yoast.com\/wordpress\/plugins\/seo\/ -->\n<title>CONVUM MPS-71E-NGXX - OMANI VI\u1ec6T NAM<\/title>\n<meta name=\"robots\" content=\"index, follow, max-snippet:-1, max-image-preview:large, max-video-preview:-1\" \/>\n<link rel=\"canonical\" href=\"https:\/\/omanivietnam.com\/index.php\/san-pham\/convum-mps-71e-ngxx\/\" \/>\n<meta property=\"og:locale\" content=\"vi_VN\" \/>\n<meta property=\"og:type\" content=\"article\" \/>\n<meta property=\"og:title\" content=\"CONVUM MPS-71E-NGXX - OMANI VI\u1ec6T NAM\" \/>\n<meta property=\"og:description\" content=\"CONVUM MPS-71E-NGXX CONVUM MPS-71E-NGHX The MPS-71 has been replaced with the MPS-71EA Convum ( Nh\u1eadt) Chuy\u00ean gia v\u1ec1:\u00a0B\u01a1m h\u00fat ch\u00e2n kh\u00f4ng Convum, b\u01a1m quay c\u00e1nh g\u1ea1t, van h\u00fat, van c\u00f4ng t\u1eafc,Cu\u1ed9n h\u00fat Convum, m\u00e0n h\u00ecnh hi\u1ec3n th\u1ecb, c\u1ea3m bi\u1ebfn \u00e1p su\u1ea5t, c\u00f4ng t\u1eafc \u00e1p su\u1ea5t, c\u00f4ng t\u1eafc chuy\u1ec3n m\u1ea1ch l\u01b0u&hellip;\" \/>\n<meta property=\"og:url\" content=\"https:\/\/omanivietnam.com\/index.php\/san-pham\/convum-mps-71e-ngxx\/\" \/>\n<meta property=\"og:site_name\" content=\"OMANI VI\u1ec6T NAM\" \/>\n<meta property=\"og:image\" content=\"https:\/\/omanivietnam.com\/wp-content\/uploads\/2024\/07\/MPS-71E-NGXX.png\" \/>\n\t<meta property=\"og:image:width\" content=\"453\" \/>\n\t<meta property=\"og:image:height\" content=\"389\" \/>\n\t<meta property=\"og:image:type\" content=\"image\/png\" \/>\n<meta name=\"twitter:card\" content=\"summary_large_image\" \/>\n<meta name=\"twitter:label1\" content=\"\u01af\u1edbc t\u00ednh th\u1eddi gian \u0111\u1ecdc\" \/>\n\t<meta name=\"twitter:data1\" content=\"8 ph\u00fat\" \/>\n<script type=\"application\/ld+json\" class=\"yoast-schema-graph\">{\"@context\":\"https:\/\/schema.org\",\"@graph\":[{\"@type\":\"WebPage\",\"@id\":\"https:\/\/omanivietnam.com\/index.php\/san-pham\/convum-mps-71e-ngxx\/\",\"url\":\"https:\/\/omanivietnam.com\/index.php\/san-pham\/convum-mps-71e-ngxx\/\",\"name\":\"CONVUM MPS-71E-NGXX - OMANI VI\u1ec6T NAM\",\"isPartOf\":{\"@id\":\"https:\/\/omanivietnam.com\/#website\"},\"primaryImageOfPage\":{\"@id\":\"https:\/\/omanivietnam.com\/index.php\/san-pham\/convum-mps-71e-ngxx\/#primaryimage\"},\"image\":{\"@id\":\"https:\/\/omanivietnam.com\/index.php\/san-pham\/convum-mps-71e-ngxx\/#primaryimage\"},\"thumbnailUrl\":\"https:\/\/omanivietnam.com\/wp-content\/uploads\/2024\/07\/MPS-71E-NGXX.png\",\"datePublished\":\"2024-07-27T02:49:43+00:00\",\"dateModified\":\"2024-07-27T02:49:43+00:00\",\"breadcrumb\":{\"@id\":\"https:\/\/omanivietnam.com\/index.php\/san-pham\/convum-mps-71e-ngxx\/#breadcrumb\"},\"inLanguage\":\"vi\",\"potentialAction\":[{\"@type\":\"ReadAction\",\"target\":[\"https:\/\/omanivietnam.com\/index.php\/san-pham\/convum-mps-71e-ngxx\/\"]}]},{\"@type\":\"ImageObject\",\"inLanguage\":\"vi\",\"@id\":\"https:\/\/omanivietnam.com\/index.php\/san-pham\/convum-mps-71e-ngxx\/#primaryimage\",\"url\":\"https:\/\/omanivietnam.com\/wp-content\/uploads\/2024\/07\/MPS-71E-NGXX.png\",\"contentUrl\":\"https:\/\/omanivietnam.com\/wp-content\/uploads\/2024\/07\/MPS-71E-NGXX.png\",\"width\":453,\"height\":389},{\"@type\":\"BreadcrumbList\",\"@id\":\"https:\/\/omanivietnam.com\/index.php\/san-pham\/convum-mps-71e-ngxx\/#breadcrumb\",\"itemListElement\":[{\"@type\":\"ListItem\",\"position\":1,\"name\":\"Home\",\"item\":\"https:\/\/omanivietnam.com\/\"},{\"@type\":\"ListItem\",\"position\":2,\"name\":\"S\u1ea2N PH\u1ea8M\",\"item\":\"https:\/\/omanivietnam.com\/index.php\/cua-hang\/\"},{\"@type\":\"ListItem\",\"position\":3,\"name\":\"CONVUM MPS-71E-NGXX\"}]},{\"@type\":\"WebSite\",\"@id\":\"https:\/\/omanivietnam.com\/#website\",\"url\":\"https:\/\/omanivietnam.com\/\",\"name\":\"OMANI VI\u1ec6T NAM\",\"description\":\"Nh\u00e0 ph\u00e2n ph\u1ed1i thi\u1ebft b\u1ecb kh\u00ed n\u00e9n v\u00e0 thi\u1ebft b\u1ecb t\u1ef1 \u0111\u1ed9ng h\u00f3a trong c\u00f4ng nghi\u1ec7p\",\"publisher\":{\"@id\":\"https:\/\/omanivietnam.com\/#\/schema\/person\/0ad398a980dc3fd696111c2c5c8fa897\"},\"potentialAction\":[{\"@type\":\"SearchAction\",\"target\":{\"@type\":\"EntryPoint\",\"urlTemplate\":\"https:\/\/omanivietnam.com\/?s={search_term_string}\"},\"query-input\":\"required name=search_term_string\"}],\"inLanguage\":\"vi\"},{\"@type\":[\"Person\",\"Organization\"],\"@id\":\"https:\/\/omanivietnam.com\/#\/schema\/person\/0ad398a980dc3fd696111c2c5c8fa897\",\"name\":\"Nguy\u1ec5n V\u0103n Kh\u00e1nh\",\"image\":{\"@type\":\"ImageObject\",\"inLanguage\":\"vi\",\"@id\":\"https:\/\/omanivietnam.com\/#\/schema\/person\/image\/\",\"url\":\"https:\/\/omanivietnam.com\/wp-content\/uploads\/2024\/06\/logo-1024x1024.png\",\"contentUrl\":\"https:\/\/omanivietnam.com\/wp-content\/uploads\/2024\/06\/logo-1024x1024.png\",\"width\":1024,\"height\":1024,\"caption\":\"Nguy\u1ec5n V\u0103n Kh\u00e1nh\"},\"logo\":{\"@id\":\"https:\/\/omanivietnam.com\/#\/schema\/person\/image\/\"},\"sameAs\":[\"https:\/\/omanivietnam.com\"]}]}<\/script>\n<!-- \/ Yoast SEO plugin. -->","yoast_head_json":{"title":"CONVUM MPS-71E-NGXX - OMANI VI\u1ec6T NAM","robots":{"index":"index","follow":"follow","max-snippet":"max-snippet:-1","max-image-preview":"max-image-preview:large","max-video-preview":"max-video-preview:-1"},"canonical":"https:\/\/omanivietnam.com\/index.php\/san-pham\/convum-mps-71e-ngxx\/","og_locale":"vi_VN","og_type":"article","og_title":"CONVUM MPS-71E-NGXX - OMANI VI\u1ec6T NAM","og_description":"CONVUM MPS-71E-NGXX CONVUM MPS-71E-NGHX The MPS-71 has been replaced with the MPS-71EA Convum ( Nh\u1eadt) Chuy\u00ean gia v\u1ec1:\u00a0B\u01a1m h\u00fat ch\u00e2n kh\u00f4ng Convum, b\u01a1m quay c\u00e1nh g\u1ea1t, van h\u00fat, van c\u00f4ng t\u1eafc,Cu\u1ed9n h\u00fat Convum, m\u00e0n h\u00ecnh hi\u1ec3n th\u1ecb, c\u1ea3m bi\u1ebfn \u00e1p su\u1ea5t, c\u00f4ng t\u1eafc \u00e1p su\u1ea5t, c\u00f4ng t\u1eafc chuy\u1ec3n m\u1ea1ch l\u01b0u&hellip;","og_url":"https:\/\/omanivietnam.com\/index.php\/san-pham\/convum-mps-71e-ngxx\/","og_site_name":"OMANI VI\u1ec6T NAM","og_image":[{"width":453,"height":389,"url":"https:\/\/omanivietnam.com\/wp-content\/uploads\/2024\/07\/MPS-71E-NGXX.png","type":"image\/png"}],"twitter_card":"summary_large_image","twitter_misc":{"\u01af\u1edbc t\u00ednh th\u1eddi gian \u0111\u1ecdc":"8 ph\u00fat"},"schema":{"@context":"https:\/\/schema.org","@graph":[{"@type":"WebPage","@id":"https:\/\/omanivietnam.com\/index.php\/san-pham\/convum-mps-71e-ngxx\/","url":"https:\/\/omanivietnam.com\/index.php\/san-pham\/convum-mps-71e-ngxx\/","name":"CONVUM MPS-71E-NGXX - OMANI VI\u1ec6T NAM","isPartOf":{"@id":"https:\/\/omanivietnam.com\/#website"},"primaryImageOfPage":{"@id":"https:\/\/omanivietnam.com\/index.php\/san-pham\/convum-mps-71e-ngxx\/#primaryimage"},"image":{"@id":"https:\/\/omanivietnam.com\/index.php\/san-pham\/convum-mps-71e-ngxx\/#primaryimage"},"thumbnailUrl":"https:\/\/omanivietnam.com\/wp-content\/uploads\/2024\/07\/MPS-71E-NGXX.png","datePublished":"2024-07-27T02:49:43+00:00","dateModified":"2024-07-27T02:49:43+00:00","breadcrumb":{"@id":"https:\/\/omanivietnam.com\/index.php\/san-pham\/convum-mps-71e-ngxx\/#breadcrumb"},"inLanguage":"vi","potentialAction":[{"@type":"ReadAction","target":["https:\/\/omanivietnam.com\/index.php\/san-pham\/convum-mps-71e-ngxx\/"]}]},{"@type":"ImageObject","inLanguage":"vi","@id":"https:\/\/omanivietnam.com\/index.php\/san-pham\/convum-mps-71e-ngxx\/#primaryimage","url":"https:\/\/omanivietnam.com\/wp-content\/uploads\/2024\/07\/MPS-71E-NGXX.png","contentUrl":"https:\/\/omanivietnam.com\/wp-content\/uploads\/2024\/07\/MPS-71E-NGXX.png","width":453,"height":389},{"@type":"BreadcrumbList","@id":"https:\/\/omanivietnam.com\/index.php\/san-pham\/convum-mps-71e-ngxx\/#breadcrumb","itemListElement":[{"@type":"ListItem","position":1,"name":"Home","item":"https:\/\/omanivietnam.com\/"},{"@type":"ListItem","position":2,"name":"S\u1ea2N PH\u1ea8M","item":"https:\/\/omanivietnam.com\/index.php\/cua-hang\/"},{"@type":"ListItem","position":3,"name":"CONVUM MPS-71E-NGXX"}]},{"@type":"WebSite","@id":"https:\/\/omanivietnam.com\/#website","url":"https:\/\/omanivietnam.com\/","name":"OMANI VI\u1ec6T NAM","description":"Nh\u00e0 ph\u00e2n ph\u1ed1i thi\u1ebft b\u1ecb kh\u00ed n\u00e9n v\u00e0 thi\u1ebft b\u1ecb t\u1ef1 \u0111\u1ed9ng h\u00f3a trong c\u00f4ng nghi\u1ec7p","publisher":{"@id":"https:\/\/omanivietnam.com\/#\/schema\/person\/0ad398a980dc3fd696111c2c5c8fa897"},"potentialAction":[{"@type":"SearchAction","target":{"@type":"EntryPoint","urlTemplate":"https:\/\/omanivietnam.com\/?s={search_term_string}"},"query-input":"required name=search_term_string"}],"inLanguage":"vi"},{"@type":["Person","Organization"],"@id":"https:\/\/omanivietnam.com\/#\/schema\/person\/0ad398a980dc3fd696111c2c5c8fa897","name":"Nguy\u1ec5n V\u0103n Kh\u00e1nh","image":{"@type":"ImageObject","inLanguage":"vi","@id":"https:\/\/omanivietnam.com\/#\/schema\/person\/image\/","url":"https:\/\/omanivietnam.com\/wp-content\/uploads\/2024\/06\/logo-1024x1024.png","contentUrl":"https:\/\/omanivietnam.com\/wp-content\/uploads\/2024\/06\/logo-1024x1024.png","width":1024,"height":1024,"caption":"Nguy\u1ec5n V\u0103n Kh\u00e1nh"},"logo":{"@id":"https:\/\/omanivietnam.com\/#\/schema\/person\/image\/"},"sameAs":["https:\/\/omanivietnam.com"]}]}},"_links":{"self":[{"href":"https:\/\/omanivietnam.com\/index.php\/wp-json\/wp\/v2\/product\/1243","targetHints":{"allow":["GET"]}}],"collection":[{"href":"https:\/\/omanivietnam.com\/index.php\/wp-json\/wp\/v2\/product"}],"about":[{"href":"https:\/\/omanivietnam.com\/index.php\/wp-json\/wp\/v2\/types\/product"}],"replies":[{"embeddable":true,"href":"https:\/\/omanivietnam.com\/index.php\/wp-json\/wp\/v2\/comments?post=1243"}],"wp:featuredmedia":[{"embeddable":true,"href":"https:\/\/omanivietnam.com\/index.php\/wp-json\/wp\/v2\/media\/1244"}],"wp:attachment":[{"href":"https:\/\/omanivietnam.com\/index.php\/wp-json\/wp\/v2\/media?parent=1243"}],"wp:term":[{"taxonomy":"product_cat","embeddable":true,"href":"https:\/\/omanivietnam.com\/index.php\/wp-json\/wp\/v2\/product_cat?post=1243"},{"taxonomy":"product_tag","embeddable":true,"href":"https:\/\/omanivietnam.com\/index.php\/wp-json\/wp\/v2\/product_tag?post=1243"}],"curies":[{"name":"wp","href":"https:\/\/api.w.org\/{rel}","templated":true}]}}