{"id":1258,"date":"2024-07-28T05:24:48","date_gmt":"2024-07-27T22:24:48","guid":{"rendered":"https:\/\/omanivietnam.com\/?post_type=product&#038;p=1258"},"modified":"2024-07-28T05:24:58","modified_gmt":"2024-07-27T22:24:58","slug":"panasonic-gxl-15fu","status":"publish","type":"product","link":"https:\/\/omanivietnam.com\/index.php\/san-pham\/panasonic-gxl-15fu\/","title":{"rendered":"PANASONIC GXL-15FU"},"content":{"rendered":"<p>PANASONIC GXL-15FU<\/p>\n<p class=\"detail_h1\">GXL-15FU | Micro-size Inductive Proximity Sensor GXL<\/p>\n<table class=\"spec_table\" cellspacing=\"1\" cellpadding=\"0\">\n<tbody>\n<tr>\n<th>Item<\/th>\n<th>Specifications<\/th>\n<\/tr>\n<tr>\n<td class=\"spec_table_td_01 spec_table_td_left\">Product Number<\/td>\n<td class=\"spec_table_td_01\">GXL-15FU<\/td>\n<\/tr>\n<tr>\n<td class=\"spec_table_td_02 spec_table_td_left\">Part Number<\/td>\n<td class=\"spec_table_td_02\">GXL-15FU<\/td>\n<\/tr>\n<tr>\n<td class=\"spec_table_td_01 spec_table_td_left\">CE marking directive compliance<\/td>\n<td class=\"spec_table_td_01\">EMC Directive, RoHS Directive<\/td>\n<\/tr>\n<tr>\n<td class=\"spec_table_td_02 spec_table_td_left\">Max. operation distance<\/td>\n<td class=\"spec_table_td_02\">5 mm\u00a0<span class=\"inch\">0.197 in<\/span>\u00a0plus or minus 10%<br \/>\n(Note) The maximum operation distance stands for the maximum distance for which the sensor can detect the standard sensing object.<\/td>\n<\/tr>\n<tr>\n<td class=\"spec_table_td_01 spec_table_td_left\">Stable sensing range<\/td>\n<td class=\"spec_table_td_01\">0 to 4 mm\u00a0<span class=\"inch\">0 to 0.157 in<\/span><br \/>\n(Note) The stable sensing range stands for the sensing range for which the sensor can stably detect the standard sensing object even if there is an ambient temperature drift and\/or supply voltage fluctuation.<\/td>\n<\/tr>\n<tr>\n<td class=\"spec_table_td_02 spec_table_td_left\">Standard sensing object<\/td>\n<td class=\"spec_table_td_02\">Iron sheet 20 \u00d7 20 \u00d7 t 1 mm\u00a0<span class=\"inch\">0.787 \u00d7 0.787 \u00d7 t 0.039 in<\/span><\/td>\n<\/tr>\n<tr>\n<td class=\"spec_table_td_01 spec_table_td_left\">Hysteresis<\/td>\n<td class=\"spec_table_td_01\">20 % or less of operation distance(with standard sensing object)<\/td>\n<\/tr>\n<tr>\n<td class=\"spec_table_td_02 spec_table_td_left\">Repeatability<\/td>\n<td class=\"spec_table_td_02\">Along sensing axis, perpendicular to sensing axis: 0.04 mm\u00a0<span class=\"inch\">0.002 in<\/span>\u00a0or less<\/td>\n<\/tr>\n<tr>\n<td class=\"spec_table_td_01 spec_table_td_left\">Supply voltage<\/td>\n<td class=\"spec_table_td_01\">12 to 24 V DC plus or minus 10 % Ripple P-P 10 % or less<\/td>\n<\/tr>\n<tr>\n<td class=\"spec_table_td_02 spec_table_td_left\">Current consumption<\/td>\n<td class=\"spec_table_td_02\">0.8 mA or less<br \/>\n(Note) It is the leakage current when the output is in the OFF state.<\/td>\n<\/tr>\n<tr>\n<td class=\"spec_table_td_01 spec_table_td_left\">Output<\/td>\n<td class=\"spec_table_td_01\">Non-contact DC 2-wire type<br \/>\n&#8211; Load current: 3 to 100 mA (Note 1)<br \/>\n&#8211; Residual voltage: 3 V or less (Note 2)<br \/>\n(Note 1) The maximum load current varies with the ambient temperature.<br \/>\n(Note 2) When the cable is extended, the residual voltage becomes larger according to the resistance of the cable. The residual voltage of 5 m\u00a0<span class=\"inch\">16.404 ft<\/span>\u00a0cable length type increases by +0.1 V.<\/td>\n<\/tr>\n<tr>\n<td class=\"spec_table_td_02 spec_table_td_left\">Output:Utilization category<\/td>\n<td class=\"spec_table_td_02\">DC-12 or DC-13<\/td>\n<\/tr>\n<tr>\n<td class=\"spec_table_td_01 spec_table_td_left\">Output:Short-circuit protection<\/td>\n<td class=\"spec_table_td_01\">Incorporated<\/td>\n<\/tr>\n<tr>\n<td class=\"spec_table_td_02 spec_table_td_left\">Max. response frequency<\/td>\n<td class=\"spec_table_td_02\">1 kHz<\/td>\n<\/tr>\n<tr>\n<td class=\"spec_table_td_01 spec_table_td_left\">2-color indicator<\/td>\n<td class=\"spec_table_td_01\">Lights up in green under stable sensing condition<br \/>\nLights up in red under unstable sensing condition<\/td>\n<\/tr>\n<tr>\n<td class=\"spec_table_td_02 spec_table_td_left\">Environmental resistance:Pollution degree<\/td>\n<td class=\"spec_table_td_02\">3 (Industrial environment)<\/td>\n<\/tr>\n<tr>\n<td class=\"spec_table_td_01 spec_table_td_left\">Protection<\/td>\n<td class=\"spec_table_td_01\">IP67 (IEC), IP67 g (JEM) (Note:If using the sensor in an environment where cutting oil droplets splatter, the sensor may be deteriorated due to added substances in the oil. Please check the resistivity of the sensor against the cutting oil you are using beforehand.)<\/td>\n<\/tr>\n<tr>\n<td class=\"spec_table_td_02 spec_table_td_left\">Ambient temperature<\/td>\n<td class=\"spec_table_td_02\">-25 to +70 \u2103\u00a0<span class=\"inch\">-13 to +158 \u2109<\/span>\u00a0, Storage: -30 to +80 \u2103\u00a0<span class=\"inch\">-22 to +176 \u2109<\/span><\/td>\n<\/tr>\n<tr>\n<td class=\"spec_table_td_01 spec_table_td_left\">Ambient humidity<\/td>\n<td class=\"spec_table_td_01\">45 to 85 % RH, Storage: 35 to 95 % RH<\/td>\n<\/tr>\n<tr>\n<td class=\"spec_table_td_02 spec_table_td_left\">Voltage withstandability<\/td>\n<td class=\"spec_table_td_02\">1,000 V AC for one min. between all supply terminals connected together and enclosure<\/td>\n<\/tr>\n<tr>\n<td class=\"spec_table_td_01 spec_table_td_left\">Insulation resistance<\/td>\n<td class=\"spec_table_td_01\">50 M\u03a9 , or more, with 250 V DC megger between all supply terminals connected together and enclosure<\/td>\n<\/tr>\n<tr>\n<td class=\"spec_table_td_02 spec_table_td_left\">Vibration resistance<\/td>\n<td class=\"spec_table_td_02\">10 to 55 Hz frequency, 1.5 mm\u00a0<span class=\"inch\">0.059 in<\/span>\u00a0double amplitude in X, Y and Z directions for two hours each<\/td>\n<\/tr>\n<tr>\n<td class=\"spec_table_td_01 spec_table_td_left\">Shock resistance<\/td>\n<td class=\"spec_table_td_01\">1,000 m\/s<sup>2<\/sup>\u00a0acceleration (100 G approx.) in X, Y and Z directions three times each<\/td>\n<\/tr>\n<tr>\n<td class=\"spec_table_td_02 spec_table_td_left\">Sensing range variation:Temperature characteristics<\/td>\n<td class=\"spec_table_td_02\">Over ambient temperature range -25 to +70 \u2103\u00a0<span class=\"inch\">-13 to +158 \u2109<\/span>\u00a0: Within+15-10 % of sensing range at +20 \u2103\u00a0<span class=\"inch\">+68 \u2109<\/span><\/td>\n<\/tr>\n<tr>\n<td class=\"spec_table_td_01 spec_table_td_left\">Sensing range variation:Voltage characteristics<\/td>\n<td class=\"spec_table_td_01\">Within plus or minus 2 % for plus or minus 10 % fluctuation of the supply voltage<\/td>\n<\/tr>\n<tr>\n<td class=\"spec_table_td_02 spec_table_td_left\">Material<\/td>\n<td class=\"spec_table_td_02\">Enclosure: PBT<br \/>\nIndicator part: Polyarylate<\/td>\n<\/tr>\n<tr>\n<td class=\"spec_table_td_01 spec_table_td_left\">Cable<\/td>\n<td class=\"spec_table_td_01\">0.2 mm<sup>2<\/sup>\u00a02-core oil, heat and cold resistant cable, 1 m\u00a0<span class=\"inch\">3.281 ft<\/span>\u00a0long (Note:The bending-resistant cable type (model No. with suffix \u201c-R\u201d) has a 0.15 mm2 (GXL-15 type: 0.2 mm2) bending, oil, heat and cold resistant cabtyre cable, 1 m\u00a0<span class=\"inch\">3.281 ft<\/span>\u00a0long.)<\/td>\n<\/tr>\n<tr>\n<td class=\"spec_table_td_02 spec_table_td_left\">Cable extension<\/td>\n<td class=\"spec_table_td_02\">Extension up to total 50 m\u00a0<span class=\"inch\">164.042 ft<\/span>\u00a0is possible with 0.3 mm<sup>2<\/sup>, or more, cable.<\/td>\n<\/tr>\n<tr>\n<td class=\"spec_table_td_01 spec_table_td_left\">Net weight<\/td>\n<td class=\"spec_table_td_01\">Net weight: 20 g approx.<\/td>\n<\/tr>\n<tr>\n<td class=\"spec_table_td_02 spec_table_td_left\">Accessories<\/td>\n<td class=\"spec_table_td_02\">&#8211;<\/td>\n<\/tr>\n<\/tbody>\n<\/table>\n<p><img decoding=\"async\" src=\"https:\/\/bizweb.dktcdn.net\/100\/171\/563\/files\/0801-gxl-page-0001-optimized-e8e5ddf9-428c-412d-97aa-71e72f21e646.jpg?v=1666171592299\" \/><\/p>\n<p>&nbsp;<\/p>\n<p><img decoding=\"async\" src=\"https:\/\/bizweb.dktcdn.net\/100\/171\/563\/files\/0801-gxl-page-0002-optimized-1.jpg?v=1666171603803\" \/><\/p>\n<p>C\u00e1c s\u1ea3n ph\u1ea9m t\u01b0\u01a1ng t\u1ef1<\/p>\n<p>GXL-8FU, GXL-8FUI, GXL-8FUB, GXL-8FUIB, GXL-8HU, GXL-8HUI, GXL-8HUB, GXL-8HUIB<\/p>\n<p>GXL-15FU, GXL-15FUI, GXL-15FUB, GXL-15FUIB, GXL-15HU, GXL-15HUI, GXL-15HUB, GXL-15HUIB<\/p>\n<p>&nbsp;<\/p>\n<p>\u0110\u1ea1i l\u00fd PANASONIC vietnam, PANASONIC viet nam, PANASONIC vietnam distributor, Ph\u00e2n ph\u1ed1i PANASONIC t\u1ea1i vi\u1ec7t nam<\/p>\n<p>\u0110\u1ea1i l\u00fd PANASONIC vietnam, PANASONIC viet nam, PANASONIC vietnam distributor, Ph\u00e2n ph\u1ed1i PANASONIC t\u1ea1i vi\u1ec7t nam<\/p>\n<p>\u0110\u1ea1i l\u00fd PANASONIC vietnam, PANASONIC viet nam, PANASONIC vietnam distributor, Ph\u00e2n ph\u1ed1i PANASONIC t\u1ea1i vi\u1ec7t nam<\/p>\n<p>\u0110\u1ea1i l\u00fd PANASONIC vietnam, PANASONIC viet nam, PANASONIC vietnam distributor, Ph\u00e2n ph\u1ed1i PANASONIC t\u1ea1i vi\u1ec7t nam<\/p>\n<p>\u0110\u1ea1i l\u00fd PANASONIC vietnam, PANASONIC viet nam, PANASONIC vietnam distributor, Ph\u00e2n ph\u1ed1i PANASONIC t\u1ea1i vi\u1ec7t nam<\/p>\n","protected":false},"excerpt":{"rendered":"<p>PANASONIC GXL-15FU GXL-15FU | Micro-size Inductive Proximity Sensor GXL Item Specifications Product Number GXL-15FU Part Number GXL-15FU CE marking directive compliance EMC Directive, RoHS Directive Max. operation distance 5 mm\u00a00.197 in\u00a0plus or minus 10% (Note) The maximum operation distance stands for the maximum distance for which the sensor can detect&hellip; <\/p>\n","protected":false},"featured_media":1259,"comment_status":"open","ping_status":"closed","template":"","meta":[],"product_cat":[298],"product_tag":[88,86,87],"class_list":{"0":"post-1258","1":"product","2":"type-product","3":"status-publish","4":"has-post-thumbnail","6":"product_cat-panasonic","7":"product_tag-cam-bien","8":"product_tag-dai-ly-panasonic-viet-nam","9":"product_tag-panasonic-viet-nam","11":"first","12":"instock","13":"shipping-taxable","14":"product-type-simple"},"yoast_head":"<!-- This site is optimized with the Yoast SEO plugin v22.8 - https:\/\/yoast.com\/wordpress\/plugins\/seo\/ -->\n<title>PANASONIC GXL-15FU - OMANI VI\u1ec6T NAM<\/title>\n<meta name=\"robots\" content=\"index, follow, max-snippet:-1, max-image-preview:large, max-video-preview:-1\" \/>\n<link rel=\"canonical\" href=\"https:\/\/omanivietnam.com\/index.php\/san-pham\/panasonic-gxl-15fu\/\" \/>\n<meta property=\"og:locale\" content=\"vi_VN\" \/>\n<meta property=\"og:type\" content=\"article\" \/>\n<meta property=\"og:title\" content=\"PANASONIC GXL-15FU - OMANI VI\u1ec6T NAM\" \/>\n<meta property=\"og:description\" content=\"PANASONIC GXL-15FU GXL-15FU | Micro-size Inductive Proximity Sensor GXL Item Specifications Product Number GXL-15FU Part Number GXL-15FU CE marking directive compliance EMC Directive, RoHS Directive Max. operation distance 5 mm\u00a00.197 in\u00a0plus or minus 10% (Note) The maximum operation distance stands for the maximum distance for which the sensor can detect&hellip;\" \/>\n<meta property=\"og:url\" content=\"https:\/\/omanivietnam.com\/index.php\/san-pham\/panasonic-gxl-15fu\/\" \/>\n<meta property=\"og:site_name\" content=\"OMANI VI\u1ec6T NAM\" \/>\n<meta property=\"article:modified_time\" content=\"2024-07-27T22:24:58+00:00\" \/>\n<meta property=\"og:image\" content=\"https:\/\/omanivietnam.com\/wp-content\/uploads\/2024\/07\/GXL-15FU.png\" \/>\n\t<meta property=\"og:image:width\" content=\"614\" \/>\n\t<meta property=\"og:image:height\" content=\"493\" \/>\n\t<meta property=\"og:image:type\" content=\"image\/png\" \/>\n<meta name=\"twitter:card\" content=\"summary_large_image\" \/>\n<meta name=\"twitter:label1\" content=\"\u01af\u1edbc t\u00ednh th\u1eddi gian \u0111\u1ecdc\" \/>\n\t<meta name=\"twitter:data1\" content=\"5 ph\u00fat\" \/>\n<script type=\"application\/ld+json\" class=\"yoast-schema-graph\">{\"@context\":\"https:\/\/schema.org\",\"@graph\":[{\"@type\":\"WebPage\",\"@id\":\"https:\/\/omanivietnam.com\/index.php\/san-pham\/panasonic-gxl-15fu\/\",\"url\":\"https:\/\/omanivietnam.com\/index.php\/san-pham\/panasonic-gxl-15fu\/\",\"name\":\"PANASONIC GXL-15FU - OMANI VI\u1ec6T NAM\",\"isPartOf\":{\"@id\":\"https:\/\/omanivietnam.com\/#website\"},\"primaryImageOfPage\":{\"@id\":\"https:\/\/omanivietnam.com\/index.php\/san-pham\/panasonic-gxl-15fu\/#primaryimage\"},\"image\":{\"@id\":\"https:\/\/omanivietnam.com\/index.php\/san-pham\/panasonic-gxl-15fu\/#primaryimage\"},\"thumbnailUrl\":\"https:\/\/omanivietnam.com\/wp-content\/uploads\/2024\/07\/GXL-15FU.png\",\"datePublished\":\"2024-07-27T22:24:48+00:00\",\"dateModified\":\"2024-07-27T22:24:58+00:00\",\"breadcrumb\":{\"@id\":\"https:\/\/omanivietnam.com\/index.php\/san-pham\/panasonic-gxl-15fu\/#breadcrumb\"},\"inLanguage\":\"vi\",\"potentialAction\":[{\"@type\":\"ReadAction\",\"target\":[\"https:\/\/omanivietnam.com\/index.php\/san-pham\/panasonic-gxl-15fu\/\"]}]},{\"@type\":\"ImageObject\",\"inLanguage\":\"vi\",\"@id\":\"https:\/\/omanivietnam.com\/index.php\/san-pham\/panasonic-gxl-15fu\/#primaryimage\",\"url\":\"https:\/\/omanivietnam.com\/wp-content\/uploads\/2024\/07\/GXL-15FU.png\",\"contentUrl\":\"https:\/\/omanivietnam.com\/wp-content\/uploads\/2024\/07\/GXL-15FU.png\",\"width\":614,\"height\":493},{\"@type\":\"BreadcrumbList\",\"@id\":\"https:\/\/omanivietnam.com\/index.php\/san-pham\/panasonic-gxl-15fu\/#breadcrumb\",\"itemListElement\":[{\"@type\":\"ListItem\",\"position\":1,\"name\":\"Home\",\"item\":\"https:\/\/omanivietnam.com\/\"},{\"@type\":\"ListItem\",\"position\":2,\"name\":\"S\u1ea2N PH\u1ea8M\",\"item\":\"https:\/\/omanivietnam.com\/index.php\/cua-hang\/\"},{\"@type\":\"ListItem\",\"position\":3,\"name\":\"PANASONIC GXL-15FU\"}]},{\"@type\":\"WebSite\",\"@id\":\"https:\/\/omanivietnam.com\/#website\",\"url\":\"https:\/\/omanivietnam.com\/\",\"name\":\"OMANI VI\u1ec6T NAM\",\"description\":\"Nh\u00e0 ph\u00e2n ph\u1ed1i thi\u1ebft b\u1ecb kh\u00ed n\u00e9n v\u00e0 thi\u1ebft b\u1ecb t\u1ef1 \u0111\u1ed9ng h\u00f3a trong c\u00f4ng nghi\u1ec7p\",\"publisher\":{\"@id\":\"https:\/\/omanivietnam.com\/#\/schema\/person\/0ad398a980dc3fd696111c2c5c8fa897\"},\"potentialAction\":[{\"@type\":\"SearchAction\",\"target\":{\"@type\":\"EntryPoint\",\"urlTemplate\":\"https:\/\/omanivietnam.com\/?s={search_term_string}\"},\"query-input\":\"required name=search_term_string\"}],\"inLanguage\":\"vi\"},{\"@type\":[\"Person\",\"Organization\"],\"@id\":\"https:\/\/omanivietnam.com\/#\/schema\/person\/0ad398a980dc3fd696111c2c5c8fa897\",\"name\":\"Nguy\u1ec5n V\u0103n Kh\u00e1nh\",\"image\":{\"@type\":\"ImageObject\",\"inLanguage\":\"vi\",\"@id\":\"https:\/\/omanivietnam.com\/#\/schema\/person\/image\/\",\"url\":\"https:\/\/omanivietnam.com\/wp-content\/uploads\/2024\/06\/logo-1024x1024.png\",\"contentUrl\":\"https:\/\/omanivietnam.com\/wp-content\/uploads\/2024\/06\/logo-1024x1024.png\",\"width\":1024,\"height\":1024,\"caption\":\"Nguy\u1ec5n V\u0103n Kh\u00e1nh\"},\"logo\":{\"@id\":\"https:\/\/omanivietnam.com\/#\/schema\/person\/image\/\"},\"sameAs\":[\"https:\/\/omanivietnam.com\"]}]}<\/script>\n<!-- \/ Yoast SEO plugin. -->","yoast_head_json":{"title":"PANASONIC GXL-15FU - OMANI VI\u1ec6T NAM","robots":{"index":"index","follow":"follow","max-snippet":"max-snippet:-1","max-image-preview":"max-image-preview:large","max-video-preview":"max-video-preview:-1"},"canonical":"https:\/\/omanivietnam.com\/index.php\/san-pham\/panasonic-gxl-15fu\/","og_locale":"vi_VN","og_type":"article","og_title":"PANASONIC GXL-15FU - OMANI VI\u1ec6T NAM","og_description":"PANASONIC GXL-15FU GXL-15FU | Micro-size Inductive Proximity Sensor GXL Item Specifications Product Number GXL-15FU Part Number GXL-15FU CE marking directive compliance EMC Directive, RoHS Directive Max. operation distance 5 mm\u00a00.197 in\u00a0plus or minus 10% (Note) The maximum operation distance stands for the maximum distance for which the sensor can detect&hellip;","og_url":"https:\/\/omanivietnam.com\/index.php\/san-pham\/panasonic-gxl-15fu\/","og_site_name":"OMANI VI\u1ec6T NAM","article_modified_time":"2024-07-27T22:24:58+00:00","og_image":[{"width":614,"height":493,"url":"https:\/\/omanivietnam.com\/wp-content\/uploads\/2024\/07\/GXL-15FU.png","type":"image\/png"}],"twitter_card":"summary_large_image","twitter_misc":{"\u01af\u1edbc t\u00ednh th\u1eddi gian \u0111\u1ecdc":"5 ph\u00fat"},"schema":{"@context":"https:\/\/schema.org","@graph":[{"@type":"WebPage","@id":"https:\/\/omanivietnam.com\/index.php\/san-pham\/panasonic-gxl-15fu\/","url":"https:\/\/omanivietnam.com\/index.php\/san-pham\/panasonic-gxl-15fu\/","name":"PANASONIC GXL-15FU - OMANI VI\u1ec6T NAM","isPartOf":{"@id":"https:\/\/omanivietnam.com\/#website"},"primaryImageOfPage":{"@id":"https:\/\/omanivietnam.com\/index.php\/san-pham\/panasonic-gxl-15fu\/#primaryimage"},"image":{"@id":"https:\/\/omanivietnam.com\/index.php\/san-pham\/panasonic-gxl-15fu\/#primaryimage"},"thumbnailUrl":"https:\/\/omanivietnam.com\/wp-content\/uploads\/2024\/07\/GXL-15FU.png","datePublished":"2024-07-27T22:24:48+00:00","dateModified":"2024-07-27T22:24:58+00:00","breadcrumb":{"@id":"https:\/\/omanivietnam.com\/index.php\/san-pham\/panasonic-gxl-15fu\/#breadcrumb"},"inLanguage":"vi","potentialAction":[{"@type":"ReadAction","target":["https:\/\/omanivietnam.com\/index.php\/san-pham\/panasonic-gxl-15fu\/"]}]},{"@type":"ImageObject","inLanguage":"vi","@id":"https:\/\/omanivietnam.com\/index.php\/san-pham\/panasonic-gxl-15fu\/#primaryimage","url":"https:\/\/omanivietnam.com\/wp-content\/uploads\/2024\/07\/GXL-15FU.png","contentUrl":"https:\/\/omanivietnam.com\/wp-content\/uploads\/2024\/07\/GXL-15FU.png","width":614,"height":493},{"@type":"BreadcrumbList","@id":"https:\/\/omanivietnam.com\/index.php\/san-pham\/panasonic-gxl-15fu\/#breadcrumb","itemListElement":[{"@type":"ListItem","position":1,"name":"Home","item":"https:\/\/omanivietnam.com\/"},{"@type":"ListItem","position":2,"name":"S\u1ea2N PH\u1ea8M","item":"https:\/\/omanivietnam.com\/index.php\/cua-hang\/"},{"@type":"ListItem","position":3,"name":"PANASONIC GXL-15FU"}]},{"@type":"WebSite","@id":"https:\/\/omanivietnam.com\/#website","url":"https:\/\/omanivietnam.com\/","name":"OMANI VI\u1ec6T NAM","description":"Nh\u00e0 ph\u00e2n ph\u1ed1i thi\u1ebft b\u1ecb kh\u00ed n\u00e9n v\u00e0 thi\u1ebft b\u1ecb t\u1ef1 \u0111\u1ed9ng h\u00f3a trong c\u00f4ng nghi\u1ec7p","publisher":{"@id":"https:\/\/omanivietnam.com\/#\/schema\/person\/0ad398a980dc3fd696111c2c5c8fa897"},"potentialAction":[{"@type":"SearchAction","target":{"@type":"EntryPoint","urlTemplate":"https:\/\/omanivietnam.com\/?s={search_term_string}"},"query-input":"required name=search_term_string"}],"inLanguage":"vi"},{"@type":["Person","Organization"],"@id":"https:\/\/omanivietnam.com\/#\/schema\/person\/0ad398a980dc3fd696111c2c5c8fa897","name":"Nguy\u1ec5n V\u0103n Kh\u00e1nh","image":{"@type":"ImageObject","inLanguage":"vi","@id":"https:\/\/omanivietnam.com\/#\/schema\/person\/image\/","url":"https:\/\/omanivietnam.com\/wp-content\/uploads\/2024\/06\/logo-1024x1024.png","contentUrl":"https:\/\/omanivietnam.com\/wp-content\/uploads\/2024\/06\/logo-1024x1024.png","width":1024,"height":1024,"caption":"Nguy\u1ec5n V\u0103n Kh\u00e1nh"},"logo":{"@id":"https:\/\/omanivietnam.com\/#\/schema\/person\/image\/"},"sameAs":["https:\/\/omanivietnam.com"]}]}},"_links":{"self":[{"href":"https:\/\/omanivietnam.com\/index.php\/wp-json\/wp\/v2\/product\/1258","targetHints":{"allow":["GET"]}}],"collection":[{"href":"https:\/\/omanivietnam.com\/index.php\/wp-json\/wp\/v2\/product"}],"about":[{"href":"https:\/\/omanivietnam.com\/index.php\/wp-json\/wp\/v2\/types\/product"}],"replies":[{"embeddable":true,"href":"https:\/\/omanivietnam.com\/index.php\/wp-json\/wp\/v2\/comments?post=1258"}],"wp:featuredmedia":[{"embeddable":true,"href":"https:\/\/omanivietnam.com\/index.php\/wp-json\/wp\/v2\/media\/1259"}],"wp:attachment":[{"href":"https:\/\/omanivietnam.com\/index.php\/wp-json\/wp\/v2\/media?parent=1258"}],"wp:term":[{"taxonomy":"product_cat","embeddable":true,"href":"https:\/\/omanivietnam.com\/index.php\/wp-json\/wp\/v2\/product_cat?post=1258"},{"taxonomy":"product_tag","embeddable":true,"href":"https:\/\/omanivietnam.com\/index.php\/wp-json\/wp\/v2\/product_tag?post=1258"}],"curies":[{"name":"wp","href":"https:\/\/api.w.org\/{rel}","templated":true}]}}