{"id":1262,"date":"2024-07-28T15:11:19","date_gmt":"2024-07-28T08:11:19","guid":{"rendered":"https:\/\/omanivietnam.com\/?post_type=product&#038;p=1262"},"modified":"2024-07-28T15:11:19","modified_gmt":"2024-07-28T08:11:19","slug":"mitsubishi-hg-kr43b","status":"publish","type":"product","link":"https:\/\/omanivietnam.com\/index.php\/san-pham\/mitsubishi-hg-kr43b\/","title":{"rendered":"MITSUBISHI HG-KR43B"},"content":{"rendered":"<p>MITSUBISHI HG-KR43B<\/p>\n<p><strong>Motor servo HG-KR43B<br \/>\n<\/strong><\/p>\n<p>HG-KR43B s\u1eed d\u1ee5ng cho d\u00f2ng MR-J4 d\u1eabn \u0111\u1ea7u trong h\u1ec7 servo v\u1edbi \u0111\u1ed9 ch\u00ednh x\u00e1c r\u1ea5t cao. MR-J4 v\u1edbi thi\u1ebft k\u1ebf nh\u1ecf g\u1ecdn. T\u1ea7n s\u1ed1 \u0111\u00e1p \u1ee9ng l\u00ean \u0111\u1ebfn 2.5kHz, \u0111\u1ed9 ph\u00e2n gi\u1ea3i encoder r\u1ea5t cao, hi\u1ec7u su\u1ea5t b\u1ed9 servo h\u00e0ng \u0111\u1ea7u trong ngh\u00e0nh, c\u1ea3i thi\u1ec7n hi\u1ec7u su\u1ea5t m\u00e1y v\u1edbi hi\u1ec7u su\u1ea5t cao c\u1ee7a servo motor, ch\u1ee9c n\u0103ng \u0111i\u1ec1u ch\u1ec9nh m\u1ed9t ch\u1ea1m n\u00e2ng cao, ki\u1ec3m so\u00e1t ch\u1ed1ng rung.<\/p>\n<p><strong>Th\u00f4ng s\u1ed1 k\u1ef9 thu\u1eadt c\u01a1 b\u1ea3n motor servo HG-KR43B<\/strong><\/p>\n<ul>\n<li>Model: HG-KR43B<\/li>\n<li>C\u00f4ng su\u1ea5t: 400W<\/li>\n<li>T\u1ed1c \u0111\u1ed9: 3000V\/P<\/li>\n<li>C\u00f3 th\u1eafng: C\u00f3<\/li>\n<li>C\u00e1c d\u00f2ng motor c\u1ee7a servo MR-J4:\u00a0HG-KR, HG-MR, HG-SR, HG-JR, HG-AK, HG-RR, HG-UR, LM-H3, LM-F, LM-K2, LM-U2, TM-RG2M, TM-RU2M. TM-RFM<\/li>\n<li>B\u1ed9 m\u00e3 h\u00f3a v\u00f2ng quay encoder \u0111\u01b0\u1ee3c c\u1ea3i thi\u1ec7n \u0111\u1ebfn 4,194,304 pulses\/rev (22bit)<\/li>\n<li>T\u1ea7n s\u1ed1 \u0111\u00e1p \u1ee9ng l\u00ean \u0111\u1ebfn 2.5kHz, \u0111\u00e1p \u1ee9ng y\u00eau c\u1ea7u cao c\u1ea5p c\u1ee7a m\u00e1y m\u00f3c<\/li>\n<li>Ch\u1ee9c n\u0103ng b\u00f9 chuy\u1ec3n \u0111\u1ed9ng b\u1ecb m\u1ea5t<\/li>\n<li>Ch\u1ee9c n\u0103ng ki\u1ec3m so\u00e1t l\u1ef1c v\u00e0 \u00e1p l\u1ef1c t\u00e1c \u0111\u1ed9ng<\/li>\n<li>Ch\u1ebf \u0111\u1ed9 \u0111i\u1ec1u khi\u1ec3n: T\u1ed1c \u0111\u1ed9, v\u1ecb tr\u00ed, hay moment xo\u00e1n<\/li>\n<li>C\u00f3 th\u1ec3 chuy\u1ec3n \u0111\u1ed5i gi\u1eefa t\u1ed1c \u0111\u1ed9, v\u1ecb tr\u00ed, v\u00e0 moment xo\u00e1n qua switch<\/li>\n<li>Autotuning th\u1eddi gian th\u1ef1c<\/li>\n<li>Ki\u1ec3m so\u00e1t tri\u1ec7t ti\u00eau rung nh\u1eb9<\/li>\n<\/ul>\n<p><strong>\u0110\u1eb7c \u0111i\u1ec3m chung v\u1ec1 d\u00f2ng Servo MR-J4 Mitsubishi<\/strong><\/p>\n<ul>\n<li>C\u00f4ng su\u1ea5t t\u1eeb 0.1 kW \u0111\u1ebfn 55 kW<\/li>\n<li>C\u00e1c d\u00f2ng servo trong h\u1ecd MR-J4: MR-J4-A: MR-J4-B, MR-J4W2-B, MR-J4W3-B, MR-J4-B-RJ010<br \/>\n+MR-J3-T10<\/li>\n<li>K\u00edch th\u01b0\u1edbc \u0111\u1ed9ng c\u01a1 \u0111\u01b0\u1ee3c t\u1ed1i \u01b0u h\u00f3a, k\u00edch th\u01b0\u1edbc nh\u1ecf h\u01a1n<\/li>\n<li>C\u00e1c d\u00f2ng \u0111\u1ed9ng c\u01a1 c\u1ee7a MR-J4: HG-KR, HG-MR, HG-SR, HG-JR, HG-AK, HG-RR, HG-UR, LM-H3, LM-F, LM-K2, LM-U2, TM-RG2M, TM-RU2M. TM-RFM<\/li>\n<li>B\u1ed9 m\u00e3 h\u00f3a v\u00f2ng quay encoder \u0111\u01b0\u1ee3c c\u1ea3i thi\u1ec7n \u0111\u1ed9 ph\u00e2n gi\u1ea3i l\u00ean \u0111\u1ebfn 4,194,304 pulses\/rev (22bit)<\/li>\n<li>B\u1ed9 m\u00e3 h\u00f3a v\u00f2ng quay ti\u00eau chu\u1ea9n<\/li>\n<li>B\u1ed9 servo t\u1eeb 0.2 \u2013 7kw \u0111\u01b0\u1ee3c t\u00edch h\u1ee3p \u0111i\u1ec7n tr\u1edf x\u1ea3, gi\u00fap ti\u1ebft ki\u1ec7m kh\u00f4ng gian v\u00e0 h\u1ec7 th\u1ed1ng nh\u1ecf g\u1ecdn h\u01a1n.<\/li>\n<li>L\u1ecbch s\u1eed l\u1ed7i \u0111\u01b0\u1ee3c l\u01b0u l\u1ea1i 16 l\u1ed7i g\u1ea7n nh\u1ea5t<\/li>\n<li>Test c\u00e1c ch\u1ebf \u0111\u1ed9 v\u1eadn h\u00e0nh gi\u1ea3 l\u1eadp tr\u01b0\u1edbc khi ch\u1ea1y t\u1ea3i th\u1eadt<\/li>\n<\/ul>\n<p><strong>D\u00e3i c\u00f4ng su\u1ea5t v\u00e0 \u0111i\u1ec7n \u00e1p:<\/strong><\/p>\n<ul>\n<li>MR-J4-A, MR-J4-B :\u00a0 3 pha 200VAC t\u1eeb 0.1 \u0111\u1ebfn 37kW<\/li>\n<li>\u00a0Servo MR-J4-B4, MR-J4-A4 : 3 pha 400VAC t\u1eeb 0.5 \u0111\u1ebfn 55kW<\/li>\n<\/ul>\n<p>&nbsp;<\/p>\n<p>&nbsp;<\/p>\n<p><img decoding=\"async\" src=\"https:\/\/sp-ao.shortpixel.ai\/client\/to_webp,q_lossy,ret_img,w_1132,h_1234\/https:\/\/phucthinhautomation.vn\/wp-content\/uploads\/2022\/12\/Bang-cac-dong-motor-MR-J4.jpg\" alt=\"B\u1ea3ng c\u00e1c d\u00f2ng motor MR-J4\" \/><\/p>\n<p>&nbsp;<\/p>\n<h4><strong>T\u00ednh n\u0103ng k\u1ef9 thu\u1eadt c\u01a1 b\u1ea3n Servo MR-J4<\/strong><\/h4>\n<ul>\n<li>\u0110a d\u1ea1ng c\u00e1c d\u00f2ng motor t\u1ed1i \u01b0u h\u00f3a cho t\u1eebng lo\u1ea1i m\u00e1y kh\u00e1c nhau, \u0111\u00e1p \u1ee9ng nhu c\u1ea7u truy\u1ec1n \u0111\u1ed9ng m\u00e1y, g\u1ed3m \u0111\u1ed9ng c\u01a1 quay v\u00e0 \u0111\u1ed9ng c\u01a1 tuy\u1ebfn t\u00ednh<\/li>\n<li>Ch\u1ee9c n\u0103ng b\u1ea3o v\u1ec7: B\u1ea3o v\u1ec7 qu\u00e1 d\u00f2ng, qu\u00e1 \u00e1p t\u00e1i sinh, qu\u00e1 t\u1ea3i, qu\u00e1 nhi\u1ec7t \u0111\u1ed9ng c\u01a1, l\u1ed7i encoder, b\u1ea3o v\u1ec7 th\u1ea5p \u00e1p, qu\u00e1 t\u1ea3i t\u00e1i sinh, m\u1ea5t \u0111i\u1ec7n \u0111\u1ed9t ng\u1ed9t, qu\u00e1 t\u1ed1c \u0111\u1ed9, \u2026<\/li>\n<li>T\u00ednh n\u0103ng kh\u1eed rung n\u00e2ng cao, t\u00ednh n\u0103ng gi\u00e1m s\u00e1t \u0111i\u1ec7n n\u0103ng ti\u00eau th\u1ee5<\/li>\n<li>C\u1ecf th\u1ec3 thay th\u1ebf c\u00e1c d\u00f2ng MR-J2S<\/li>\n<li>T\u1ea7n s\u1ed1 xung \u0111\u1ea7u v\u00e0o t\u1ed1i \u0111a \u0111\u1ebfn\u00a0<span class=\"fontstyle0\">4 Mpulses\/s<\/span><\/li>\n<li>\u0110\u1ed9 ph\u00e2n gi\u1ea3i encoder l\u00ean \u0111\u1ebfn 4,194,304 pulses\/rev (22bit)<\/li>\n<li>Kho\u1ea3ng ki\u1ec3m so\u00e1t v\u1ecb tr\u00ed t\u1eeb: 0 to \u00b165535 pulses<\/li>\n<li>Analog \u0111\u1ea7u v\u00e0o t\u1eeb 0\u00b110VDV cho kho\u1ea3ng t\u1eeb 0 \u0111\u1ebfn t\u1ed1c \u0111\u1ed9 \u0111\u1ecbnh m\u1ee9c ho\u1eb7c Moment xo\u00e1n \u0111\u1ecbnh m\u1ee9c (Torque)<\/li>\n<li>Ch\u1ebf \u0111\u1ed9 l\u00e0m m\u00e1t: G\u1ed3m \u0111\u1ebf nh\u00f4m v\u00e0 c\u00f3 qu\u1ea1t t\u00f9y model v\u00e0 c\u00f4ng su\u1ea5t<\/li>\n<li>Nhi\u1ec7t \u0111\u1ed9 ho\u1ea1t \u0111\u1ed9ng t\u1eeb 0 \u0111\u1ebfn 55\u00b0C, \u0111\u1ed9 \u1ea9m \u0111\u1ebfn 90% ( Kh\u00f4ng ng\u01b0ng t\u1ee5 )<\/li>\n<\/ul>\n<p><strong>\u01afng d\u1ee5ng c\u00e1c s\u1ea3n ph\u1ea9m<\/strong><\/p>\n<p>Motor servo HG-KR43B ho\u1ea1t \u0111\u1ed9ng \u00eam \u00e1i v\u00e0 \u0111\u1ed9 ch\u00ednh x\u00e1c cao, \u1ee9ng d\u1ee5ng \u0111i\u1ec1u khi\u1ec3n nh\u01b0 b\u0103ng t\u1ea3i, Robotic, \u0111i\u1ec1u, m\u00e1y phay, ti\u1ec7n, khi\u1ec3n \u0111a tr\u1ee5c X-Y, m\u00e1y c\u00f4ng ngh\u1ec7 th\u1ef1c ph\u1ea9m, x\u1eed l\u00fd v\u1eadt li\u1ec7u, m\u00e1y c\u1ea5p cu\u1ed9n, m\u00e1y b\u1ed1c x\u1ebfp, m\u00e1y d\u1eadp, trong ch\u1ebf t\u1ea1o m\u00e1y, v\u00e0 c\u00e1c h\u1ec7 th\u1ed1ng t\u1ef1 \u0111\u1ed9ng h\u00f3a c\u00f4ng nghi\u1ec7p.<\/p>\n<p>C\u00e1c d\u00f2ng s\u1ea3n ph\u1ea9m<\/p>\n<table>\n<tbody>\n<tr>\n<td>HG-KR43B<\/td>\n<td>HG-KR43BK<\/td>\n<td>HG-KR43BJ<\/td>\n<\/tr>\n<\/tbody>\n<\/table>\n<p>&nbsp;<\/p>\n<p>\u0110\u1ea1i l\u00fd MITSUBISHI vietnam, MITSUBISHI viet nam, MITSUBISHI vietnam distributor, Ph\u00e2n ph\u1ed1i MITSUBISHIt\u1ea1i vi\u1ec7t nam<\/p>\n<p>\u0110\u1ea1i l\u00fd MITSUBISHI vietnam, MITSUBISHI viet nam, MITSUBISHI vietnam distributor, Ph\u00e2n ph\u1ed1i MITSUBISHIt\u1ea1i vi\u1ec7t nam<\/p>\n<p>\u0110\u1ea1i l\u00fd MITSUBISHI vietnam, MITSUBISHI viet nam, MITSUBISHI vietnam distributor, Ph\u00e2n ph\u1ed1i MITSUBISHIt\u1ea1i vi\u1ec7t nam<\/p>\n<p>\u0110\u1ea1i l\u00fd MITSUBISHI vietnam, MITSUBISHI viet nam, MITSUBISHI vietnam distributor, Ph\u00e2n ph\u1ed1i MITSUBISHIt\u1ea1i vi\u1ec7t nam<\/p>\n<p>\u0110\u1ea1i l\u00fd MITSUBISHI vietnam, MITSUBISHI viet nam, MITSUBISHI vietnam distributor, Ph\u00e2n ph\u1ed1i MITSUBISHIt\u1ea1i vi\u1ec7t nam<\/p>\n","protected":false},"excerpt":{"rendered":"<p>MITSUBISHI HG-KR43B Motor servo HG-KR43B HG-KR43B s\u1eed d\u1ee5ng cho d\u00f2ng MR-J4 d\u1eabn \u0111\u1ea7u trong h\u1ec7 servo v\u1edbi \u0111\u1ed9 ch\u00ednh x\u00e1c r\u1ea5t cao. MR-J4 v\u1edbi thi\u1ebft k\u1ebf nh\u1ecf g\u1ecdn. T\u1ea7n s\u1ed1 \u0111\u00e1p \u1ee9ng l\u00ean \u0111\u1ebfn 2.5kHz, \u0111\u1ed9 ph\u00e2n gi\u1ea3i encoder r\u1ea5t cao, hi\u1ec7u su\u1ea5t b\u1ed9 servo h\u00e0ng \u0111\u1ea7u trong ngh\u00e0nh, c\u1ea3i&hellip; <\/p>\n","protected":false},"featured_media":1263,"comment_status":"open","ping_status":"closed","template":"","meta":[],"product_cat":[305],"product_tag":[158,120,157],"class_list":{"0":"post-1262","1":"product","2":"type-product","3":"status-publish","4":"has-post-thumbnail","6":"product_cat-mitsubishi","7":"product_tag-dai-ly-mitsubishi-viet-nam","8":"product_tag-dong-co","9":"product_tag-mitsubishi-viet-nam","11":"first","12":"instock","13":"shipping-taxable","14":"product-type-simple"},"yoast_head":"<!-- This site is optimized with the Yoast SEO plugin v22.8 - https:\/\/yoast.com\/wordpress\/plugins\/seo\/ -->\n<title>MITSUBISHI HG-KR43B - OMANI VI\u1ec6T NAM<\/title>\n<meta name=\"robots\" content=\"index, follow, max-snippet:-1, max-image-preview:large, max-video-preview:-1\" \/>\n<link rel=\"canonical\" href=\"https:\/\/omanivietnam.com\/index.php\/san-pham\/mitsubishi-hg-kr43b\/\" \/>\n<meta property=\"og:locale\" content=\"vi_VN\" \/>\n<meta property=\"og:type\" content=\"article\" \/>\n<meta property=\"og:title\" content=\"MITSUBISHI HG-KR43B - OMANI VI\u1ec6T NAM\" \/>\n<meta property=\"og:description\" content=\"MITSUBISHI HG-KR43B Motor servo HG-KR43B HG-KR43B s\u1eed d\u1ee5ng cho d\u00f2ng MR-J4 d\u1eabn \u0111\u1ea7u trong h\u1ec7 servo v\u1edbi \u0111\u1ed9 ch\u00ednh x\u00e1c r\u1ea5t cao. MR-J4 v\u1edbi thi\u1ebft k\u1ebf nh\u1ecf g\u1ecdn. T\u1ea7n s\u1ed1 \u0111\u00e1p \u1ee9ng l\u00ean \u0111\u1ebfn 2.5kHz, \u0111\u1ed9 ph\u00e2n gi\u1ea3i encoder r\u1ea5t cao, hi\u1ec7u su\u1ea5t b\u1ed9 servo h\u00e0ng \u0111\u1ea7u trong ngh\u00e0nh, c\u1ea3i&hellip;\" \/>\n<meta property=\"og:url\" content=\"https:\/\/omanivietnam.com\/index.php\/san-pham\/mitsubishi-hg-kr43b\/\" \/>\n<meta property=\"og:site_name\" content=\"OMANI VI\u1ec6T NAM\" \/>\n<meta property=\"og:image\" content=\"https:\/\/omanivietnam.com\/wp-content\/uploads\/2024\/07\/HG-KR43B.png\" \/>\n\t<meta property=\"og:image:width\" content=\"434\" \/>\n\t<meta property=\"og:image:height\" content=\"424\" \/>\n\t<meta property=\"og:image:type\" content=\"image\/png\" \/>\n<meta name=\"twitter:card\" content=\"summary_large_image\" \/>\n<meta name=\"twitter:label1\" content=\"\u01af\u1edbc t\u00ednh th\u1eddi gian \u0111\u1ecdc\" \/>\n\t<meta name=\"twitter:data1\" content=\"4 ph\u00fat\" \/>\n<script type=\"application\/ld+json\" class=\"yoast-schema-graph\">{\"@context\":\"https:\/\/schema.org\",\"@graph\":[{\"@type\":\"WebPage\",\"@id\":\"https:\/\/omanivietnam.com\/index.php\/san-pham\/mitsubishi-hg-kr43b\/\",\"url\":\"https:\/\/omanivietnam.com\/index.php\/san-pham\/mitsubishi-hg-kr43b\/\",\"name\":\"MITSUBISHI HG-KR43B - OMANI VI\u1ec6T NAM\",\"isPartOf\":{\"@id\":\"https:\/\/omanivietnam.com\/#website\"},\"primaryImageOfPage\":{\"@id\":\"https:\/\/omanivietnam.com\/index.php\/san-pham\/mitsubishi-hg-kr43b\/#primaryimage\"},\"image\":{\"@id\":\"https:\/\/omanivietnam.com\/index.php\/san-pham\/mitsubishi-hg-kr43b\/#primaryimage\"},\"thumbnailUrl\":\"https:\/\/omanivietnam.com\/wp-content\/uploads\/2024\/07\/HG-KR43B.png\",\"datePublished\":\"2024-07-28T08:11:19+00:00\",\"dateModified\":\"2024-07-28T08:11:19+00:00\",\"breadcrumb\":{\"@id\":\"https:\/\/omanivietnam.com\/index.php\/san-pham\/mitsubishi-hg-kr43b\/#breadcrumb\"},\"inLanguage\":\"vi\",\"potentialAction\":[{\"@type\":\"ReadAction\",\"target\":[\"https:\/\/omanivietnam.com\/index.php\/san-pham\/mitsubishi-hg-kr43b\/\"]}]},{\"@type\":\"ImageObject\",\"inLanguage\":\"vi\",\"@id\":\"https:\/\/omanivietnam.com\/index.php\/san-pham\/mitsubishi-hg-kr43b\/#primaryimage\",\"url\":\"https:\/\/omanivietnam.com\/wp-content\/uploads\/2024\/07\/HG-KR43B.png\",\"contentUrl\":\"https:\/\/omanivietnam.com\/wp-content\/uploads\/2024\/07\/HG-KR43B.png\",\"width\":434,\"height\":424},{\"@type\":\"BreadcrumbList\",\"@id\":\"https:\/\/omanivietnam.com\/index.php\/san-pham\/mitsubishi-hg-kr43b\/#breadcrumb\",\"itemListElement\":[{\"@type\":\"ListItem\",\"position\":1,\"name\":\"Home\",\"item\":\"https:\/\/omanivietnam.com\/\"},{\"@type\":\"ListItem\",\"position\":2,\"name\":\"S\u1ea2N PH\u1ea8M\",\"item\":\"https:\/\/omanivietnam.com\/index.php\/cua-hang\/\"},{\"@type\":\"ListItem\",\"position\":3,\"name\":\"MITSUBISHI HG-KR43B\"}]},{\"@type\":\"WebSite\",\"@id\":\"https:\/\/omanivietnam.com\/#website\",\"url\":\"https:\/\/omanivietnam.com\/\",\"name\":\"OMANI VI\u1ec6T NAM\",\"description\":\"Nh\u00e0 ph\u00e2n ph\u1ed1i thi\u1ebft b\u1ecb kh\u00ed n\u00e9n v\u00e0 thi\u1ebft b\u1ecb t\u1ef1 \u0111\u1ed9ng h\u00f3a trong c\u00f4ng nghi\u1ec7p\",\"publisher\":{\"@id\":\"https:\/\/omanivietnam.com\/#\/schema\/person\/0ad398a980dc3fd696111c2c5c8fa897\"},\"potentialAction\":[{\"@type\":\"SearchAction\",\"target\":{\"@type\":\"EntryPoint\",\"urlTemplate\":\"https:\/\/omanivietnam.com\/?s={search_term_string}\"},\"query-input\":\"required name=search_term_string\"}],\"inLanguage\":\"vi\"},{\"@type\":[\"Person\",\"Organization\"],\"@id\":\"https:\/\/omanivietnam.com\/#\/schema\/person\/0ad398a980dc3fd696111c2c5c8fa897\",\"name\":\"Nguy\u1ec5n V\u0103n Kh\u00e1nh\",\"image\":{\"@type\":\"ImageObject\",\"inLanguage\":\"vi\",\"@id\":\"https:\/\/omanivietnam.com\/#\/schema\/person\/image\/\",\"url\":\"https:\/\/omanivietnam.com\/wp-content\/uploads\/2024\/06\/logo-1024x1024.png\",\"contentUrl\":\"https:\/\/omanivietnam.com\/wp-content\/uploads\/2024\/06\/logo-1024x1024.png\",\"width\":1024,\"height\":1024,\"caption\":\"Nguy\u1ec5n V\u0103n Kh\u00e1nh\"},\"logo\":{\"@id\":\"https:\/\/omanivietnam.com\/#\/schema\/person\/image\/\"},\"sameAs\":[\"https:\/\/omanivietnam.com\"]}]}<\/script>\n<!-- \/ Yoast SEO plugin. -->","yoast_head_json":{"title":"MITSUBISHI HG-KR43B - OMANI VI\u1ec6T NAM","robots":{"index":"index","follow":"follow","max-snippet":"max-snippet:-1","max-image-preview":"max-image-preview:large","max-video-preview":"max-video-preview:-1"},"canonical":"https:\/\/omanivietnam.com\/index.php\/san-pham\/mitsubishi-hg-kr43b\/","og_locale":"vi_VN","og_type":"article","og_title":"MITSUBISHI HG-KR43B - OMANI VI\u1ec6T NAM","og_description":"MITSUBISHI HG-KR43B Motor servo HG-KR43B HG-KR43B s\u1eed d\u1ee5ng cho d\u00f2ng MR-J4 d\u1eabn \u0111\u1ea7u trong h\u1ec7 servo v\u1edbi \u0111\u1ed9 ch\u00ednh x\u00e1c r\u1ea5t cao. MR-J4 v\u1edbi thi\u1ebft k\u1ebf nh\u1ecf g\u1ecdn. T\u1ea7n s\u1ed1 \u0111\u00e1p \u1ee9ng l\u00ean \u0111\u1ebfn 2.5kHz, \u0111\u1ed9 ph\u00e2n gi\u1ea3i encoder r\u1ea5t cao, hi\u1ec7u su\u1ea5t b\u1ed9 servo h\u00e0ng \u0111\u1ea7u trong ngh\u00e0nh, c\u1ea3i&hellip;","og_url":"https:\/\/omanivietnam.com\/index.php\/san-pham\/mitsubishi-hg-kr43b\/","og_site_name":"OMANI VI\u1ec6T NAM","og_image":[{"width":434,"height":424,"url":"https:\/\/omanivietnam.com\/wp-content\/uploads\/2024\/07\/HG-KR43B.png","type":"image\/png"}],"twitter_card":"summary_large_image","twitter_misc":{"\u01af\u1edbc t\u00ednh th\u1eddi gian \u0111\u1ecdc":"4 ph\u00fat"},"schema":{"@context":"https:\/\/schema.org","@graph":[{"@type":"WebPage","@id":"https:\/\/omanivietnam.com\/index.php\/san-pham\/mitsubishi-hg-kr43b\/","url":"https:\/\/omanivietnam.com\/index.php\/san-pham\/mitsubishi-hg-kr43b\/","name":"MITSUBISHI HG-KR43B - OMANI VI\u1ec6T NAM","isPartOf":{"@id":"https:\/\/omanivietnam.com\/#website"},"primaryImageOfPage":{"@id":"https:\/\/omanivietnam.com\/index.php\/san-pham\/mitsubishi-hg-kr43b\/#primaryimage"},"image":{"@id":"https:\/\/omanivietnam.com\/index.php\/san-pham\/mitsubishi-hg-kr43b\/#primaryimage"},"thumbnailUrl":"https:\/\/omanivietnam.com\/wp-content\/uploads\/2024\/07\/HG-KR43B.png","datePublished":"2024-07-28T08:11:19+00:00","dateModified":"2024-07-28T08:11:19+00:00","breadcrumb":{"@id":"https:\/\/omanivietnam.com\/index.php\/san-pham\/mitsubishi-hg-kr43b\/#breadcrumb"},"inLanguage":"vi","potentialAction":[{"@type":"ReadAction","target":["https:\/\/omanivietnam.com\/index.php\/san-pham\/mitsubishi-hg-kr43b\/"]}]},{"@type":"ImageObject","inLanguage":"vi","@id":"https:\/\/omanivietnam.com\/index.php\/san-pham\/mitsubishi-hg-kr43b\/#primaryimage","url":"https:\/\/omanivietnam.com\/wp-content\/uploads\/2024\/07\/HG-KR43B.png","contentUrl":"https:\/\/omanivietnam.com\/wp-content\/uploads\/2024\/07\/HG-KR43B.png","width":434,"height":424},{"@type":"BreadcrumbList","@id":"https:\/\/omanivietnam.com\/index.php\/san-pham\/mitsubishi-hg-kr43b\/#breadcrumb","itemListElement":[{"@type":"ListItem","position":1,"name":"Home","item":"https:\/\/omanivietnam.com\/"},{"@type":"ListItem","position":2,"name":"S\u1ea2N PH\u1ea8M","item":"https:\/\/omanivietnam.com\/index.php\/cua-hang\/"},{"@type":"ListItem","position":3,"name":"MITSUBISHI HG-KR43B"}]},{"@type":"WebSite","@id":"https:\/\/omanivietnam.com\/#website","url":"https:\/\/omanivietnam.com\/","name":"OMANI VI\u1ec6T NAM","description":"Nh\u00e0 ph\u00e2n ph\u1ed1i thi\u1ebft b\u1ecb kh\u00ed n\u00e9n v\u00e0 thi\u1ebft b\u1ecb t\u1ef1 \u0111\u1ed9ng h\u00f3a trong c\u00f4ng nghi\u1ec7p","publisher":{"@id":"https:\/\/omanivietnam.com\/#\/schema\/person\/0ad398a980dc3fd696111c2c5c8fa897"},"potentialAction":[{"@type":"SearchAction","target":{"@type":"EntryPoint","urlTemplate":"https:\/\/omanivietnam.com\/?s={search_term_string}"},"query-input":"required name=search_term_string"}],"inLanguage":"vi"},{"@type":["Person","Organization"],"@id":"https:\/\/omanivietnam.com\/#\/schema\/person\/0ad398a980dc3fd696111c2c5c8fa897","name":"Nguy\u1ec5n V\u0103n Kh\u00e1nh","image":{"@type":"ImageObject","inLanguage":"vi","@id":"https:\/\/omanivietnam.com\/#\/schema\/person\/image\/","url":"https:\/\/omanivietnam.com\/wp-content\/uploads\/2024\/06\/logo-1024x1024.png","contentUrl":"https:\/\/omanivietnam.com\/wp-content\/uploads\/2024\/06\/logo-1024x1024.png","width":1024,"height":1024,"caption":"Nguy\u1ec5n V\u0103n Kh\u00e1nh"},"logo":{"@id":"https:\/\/omanivietnam.com\/#\/schema\/person\/image\/"},"sameAs":["https:\/\/omanivietnam.com"]}]}},"_links":{"self":[{"href":"https:\/\/omanivietnam.com\/index.php\/wp-json\/wp\/v2\/product\/1262","targetHints":{"allow":["GET"]}}],"collection":[{"href":"https:\/\/omanivietnam.com\/index.php\/wp-json\/wp\/v2\/product"}],"about":[{"href":"https:\/\/omanivietnam.com\/index.php\/wp-json\/wp\/v2\/types\/product"}],"replies":[{"embeddable":true,"href":"https:\/\/omanivietnam.com\/index.php\/wp-json\/wp\/v2\/comments?post=1262"}],"wp:featuredmedia":[{"embeddable":true,"href":"https:\/\/omanivietnam.com\/index.php\/wp-json\/wp\/v2\/media\/1263"}],"wp:attachment":[{"href":"https:\/\/omanivietnam.com\/index.php\/wp-json\/wp\/v2\/media?parent=1262"}],"wp:term":[{"taxonomy":"product_cat","embeddable":true,"href":"https:\/\/omanivietnam.com\/index.php\/wp-json\/wp\/v2\/product_cat?post=1262"},{"taxonomy":"product_tag","embeddable":true,"href":"https:\/\/omanivietnam.com\/index.php\/wp-json\/wp\/v2\/product_tag?post=1262"}],"curies":[{"name":"wp","href":"https:\/\/api.w.org\/{rel}","templated":true}]}}