{"id":1290,"date":"2024-07-30T05:50:45","date_gmt":"2024-07-29T22:50:45","guid":{"rendered":"https:\/\/omanivietnam.com\/?post_type=product&#038;p=1290"},"modified":"2024-07-30T05:50:46","modified_gmt":"2024-07-29T22:50:46","slug":"smc-zk2b15k5kwa-08-b","status":"publish","type":"product","link":"https:\/\/omanivietnam.com\/index.php\/san-pham\/smc-zk2b15k5kwa-08-b\/","title":{"rendered":"SMC ZK2B15K5KWA-08-B"},"content":{"rendered":"<p>SMC ZK2B15K5KWA-08-B<\/p>\n<p>SMC ZK2B15K5NL2-08-B<\/p>\n<p>SMC ZK2-ZSVA-A<\/p>\n<p class=\"m-h1\">Vacuum Unit, Ejector System ZK2 Series (ZK2B15K5KWA-08-B)<\/p>\n<p>A vacuum unit ejector system manufactured by SMC<br \/>\n[Features]<br \/>\n\u00b7 Built-in digital pressure switch for vacuums, with energy-saving function. Cuts the air supply upon reaching vacuum: Leading to 90% reduction in air consumption<br \/>\n\u00b7 Has a 2-stage ejector structure that increases suction flow rate by 50% and reduces air consumption by 30% (compared to SMC&#8217;s single-stage ejectors)<br \/>\n\u00b7 Compact and lightweight, with a 28% reduction in volume (88\u00a0cm<sup>3<\/sup>) and a 59% reduction in weight (81\u00a0g) compared to conventional products<br \/>\n\u00b7 Reduced wiring for single units as well as manifolding.<br \/>\n\u00b7 Once the supply valve is switched ON, the vacuum generation state is maintained even if the power is cut off. This reduces power consumption.<\/p>\n<p>&nbsp;<\/p>\n<table class=\"m-listTable\" summary=\"Price, Spec., etc.\">\n<tbody>\n<tr>\n<th>Type<\/th>\n<td>Unit<\/td>\n<th>Additional Function<\/th>\n<td>Filter \/ Valves For Vacuum Generation \/ Reverse Check Valve (Vacuum Retention) \/ Vacuum Destructive Valve<\/td>\n<\/tr>\n<tr>\n<th>Ultimate Vacuum(kPa)<\/th>\n<td>-91<\/td>\n<th>Air Consumption Flow Rate(l\/min)<\/th>\n<td>90<\/td>\n<\/tr>\n<tr>\n<th>Vacuum Port Connecting Port Shape<\/th>\n<td>One-Touch Coupling<\/td>\n<th>Vacuum Port One-Touch Fitting Size<\/th>\n<td>\u00d88<\/td>\n<\/tr>\n<tr>\n<th>Air Supply Port Connecting Port Shape<\/th>\n<td>One-Touch Coupling<\/td>\n<th>Air Supply Port One-Touch Fitting Size<\/th>\n<td>\u00d86<\/td>\n<\/tr>\n<tr>\n<th>Application<\/th>\n<td>Single Item<\/td>\n<th>Operating Pressure Range(MPa)<\/th>\n<td>0.3\uff5e0.6<\/td>\n<\/tr>\n<tr>\n<th>Operating Temp. Range(\u00b0C)<\/th>\n<td>-5\uff5e50<\/td>\n<th>Suction Flow(l\/min)<\/th>\n<td>89<\/td>\n<\/tr>\n<tr class=\"VN_table-row\">\n<th>Nozzle Dia.<\/th>\n<td>1.5mm<\/td>\n<th>Exhaust specifications<\/th>\n<td>Port exhaust<\/td>\n<\/tr>\n<tr class=\"VN_table-row\">\n<th>Exhaust port<\/th>\n<td>\u00f88<\/td>\n<th>Combination of supply valve and release valve<\/th>\n<td>Supply valve (N.C.) \/ release valve (N.C.)<\/td>\n<\/tr>\n<tr class=\"VN_table-row\">\n<th>Rated voltage<\/th>\n<td>24\u00a0V\u00a0DC<\/td>\n<th>Electrical entry<\/th>\n<td>L-type plug connector<\/td>\n<\/tr>\n<tr class=\"VN_table-row\">\n<th>Light\/surge voltage suppressor<\/th>\n<td>Yes<\/td>\n<th>Manual<\/th>\n<td>Non-locking type<\/td>\n<\/tr>\n<tr class=\"VN_table-row\">\n<th>Vacuum pressure sensor<\/th>\n<td>No<\/td>\n<th>Output specifications<\/th>\n<td>Without pressure switch\/sensor<\/td>\n<\/tr>\n<tr class=\"VN_table-row\">\n<th>Unit specifications<\/th>\n<td>&#8211;<\/td>\n<th>Lead wire specifications<\/th>\n<td>Lead wire with connector<\/td>\n<\/tr>\n<tr class=\"VN_table-row\">\n<th>Accessories<\/th>\n<td>With 1 bracket for single unit (mounting screws attached)<\/td>\n<th>Vacuum switch electrical entry<\/th>\n<td>Without pressure switch\/sensor<\/td>\n<\/tr>\n<tr class=\"VN_table-row\">\n<th>Vacuum break flow adjusting needle<\/th>\n<td>No<\/td>\n<th>Options<\/th>\n<td>&#8211;<\/td>\n<\/tr>\n<\/tbody>\n<\/table>\n<p>&nbsp;<\/p>\n<p>\u0110\u1ea1i l\u00fd SMC vietnam, SMC viet nam, SMC vietnam distributor, Ph\u00e2n ph\u1ed1i SMC t\u1ea1i vi\u1ec7t nam<\/p>\n<p>\u0110\u1ea1i l\u00fd SMC vietnam, SMC viet nam, SMC vietnam distributor, Ph\u00e2n ph\u1ed1i SMC t\u1ea1i vi\u1ec7t nam<\/p>\n<p>\u0110\u1ea1i l\u00fd SMC vietnam, SMC viet nam, SMC vietnam distributor, Ph\u00e2n ph\u1ed1i SMC t\u1ea1i vi\u1ec7t nam<\/p>\n<p>\u0110\u1ea1i l\u00fd SMC vietnam, SMC viet nam, SMC vietnam distributor, Ph\u00e2n ph\u1ed1i SMC t\u1ea1i vi\u1ec7t nam<\/p>\n<p>\u0110\u1ea1i l\u00fd SMC vietnam, SMC viet nam, SMC vietnam distributor, Ph\u00e2n ph\u1ed1i SMC t\u1ea1i vi\u1ec7t nam<\/p>\n","protected":false},"excerpt":{"rendered":"<p>SMC ZK2B15K5KWA-08-B SMC ZK2B15K5NL2-08-B SMC ZK2-ZSVA-A Vacuum Unit, Ejector System ZK2 Series (ZK2B15K5KWA-08-B) A vacuum unit ejector system manufactured by SMC [Features] \u00b7 Built-in digital pressure switch for vacuums, with energy-saving function. Cuts the air supply upon reaching vacuum: Leading to 90% reduction in air consumption \u00b7 Has a 2-stage&hellip; <\/p>\n","protected":false},"featured_media":1291,"comment_status":"open","ping_status":"closed","template":"","meta":[],"product_cat":[283],"product_tag":[93,235,92],"class_list":{"0":"post-1290","1":"product","2":"type-product","3":"status-publish","4":"has-post-thumbnail","6":"product_cat-smc","7":"product_tag-dai-ly-smc-viet-nam","8":"product_tag-giac-hut-chan-khong","9":"product_tag-smc-viet-nam","11":"first","12":"instock","13":"shipping-taxable","14":"product-type-simple"},"yoast_head":"<!-- This site is optimized with the Yoast SEO plugin v22.8 - https:\/\/yoast.com\/wordpress\/plugins\/seo\/ -->\n<title>SMC ZK2B15K5KWA-08-B - OMANI VI\u1ec6T NAM<\/title>\n<meta name=\"robots\" content=\"index, follow, max-snippet:-1, max-image-preview:large, max-video-preview:-1\" \/>\n<link rel=\"canonical\" href=\"https:\/\/omanivietnam.com\/index.php\/san-pham\/smc-zk2b15k5kwa-08-b\/\" \/>\n<meta property=\"og:locale\" content=\"vi_VN\" \/>\n<meta property=\"og:type\" content=\"article\" \/>\n<meta property=\"og:title\" content=\"SMC ZK2B15K5KWA-08-B - OMANI VI\u1ec6T NAM\" \/>\n<meta property=\"og:description\" content=\"SMC ZK2B15K5KWA-08-B SMC ZK2B15K5NL2-08-B SMC ZK2-ZSVA-A Vacuum Unit, Ejector System ZK2 Series (ZK2B15K5KWA-08-B) A vacuum unit ejector system manufactured by SMC [Features] \u00b7 Built-in digital pressure switch for vacuums, with energy-saving function. Cuts the air supply upon reaching vacuum: Leading to 90% reduction in air consumption \u00b7 Has a 2-stage&hellip;\" \/>\n<meta property=\"og:url\" content=\"https:\/\/omanivietnam.com\/index.php\/san-pham\/smc-zk2b15k5kwa-08-b\/\" \/>\n<meta property=\"og:site_name\" content=\"OMANI VI\u1ec6T NAM\" \/>\n<meta property=\"article:modified_time\" content=\"2024-07-29T22:50:46+00:00\" \/>\n<meta property=\"og:image\" content=\"https:\/\/omanivietnam.com\/wp-content\/uploads\/2024\/07\/ZK2B15K5KWA-08-B.png\" \/>\n\t<meta property=\"og:image:width\" content=\"988\" \/>\n\t<meta property=\"og:image:height\" content=\"722\" \/>\n\t<meta property=\"og:image:type\" content=\"image\/png\" \/>\n<meta name=\"twitter:card\" content=\"summary_large_image\" \/>\n<meta name=\"twitter:label1\" content=\"\u01af\u1edbc t\u00ednh th\u1eddi gian \u0111\u1ecdc\" \/>\n\t<meta name=\"twitter:data1\" content=\"2 ph\u00fat\" \/>\n<script type=\"application\/ld+json\" class=\"yoast-schema-graph\">{\"@context\":\"https:\/\/schema.org\",\"@graph\":[{\"@type\":\"WebPage\",\"@id\":\"https:\/\/omanivietnam.com\/index.php\/san-pham\/smc-zk2b15k5kwa-08-b\/\",\"url\":\"https:\/\/omanivietnam.com\/index.php\/san-pham\/smc-zk2b15k5kwa-08-b\/\",\"name\":\"SMC ZK2B15K5KWA-08-B - OMANI VI\u1ec6T NAM\",\"isPartOf\":{\"@id\":\"https:\/\/omanivietnam.com\/#website\"},\"primaryImageOfPage\":{\"@id\":\"https:\/\/omanivietnam.com\/index.php\/san-pham\/smc-zk2b15k5kwa-08-b\/#primaryimage\"},\"image\":{\"@id\":\"https:\/\/omanivietnam.com\/index.php\/san-pham\/smc-zk2b15k5kwa-08-b\/#primaryimage\"},\"thumbnailUrl\":\"https:\/\/omanivietnam.com\/wp-content\/uploads\/2024\/07\/ZK2B15K5KWA-08-B.png\",\"datePublished\":\"2024-07-29T22:50:45+00:00\",\"dateModified\":\"2024-07-29T22:50:46+00:00\",\"breadcrumb\":{\"@id\":\"https:\/\/omanivietnam.com\/index.php\/san-pham\/smc-zk2b15k5kwa-08-b\/#breadcrumb\"},\"inLanguage\":\"vi\",\"potentialAction\":[{\"@type\":\"ReadAction\",\"target\":[\"https:\/\/omanivietnam.com\/index.php\/san-pham\/smc-zk2b15k5kwa-08-b\/\"]}]},{\"@type\":\"ImageObject\",\"inLanguage\":\"vi\",\"@id\":\"https:\/\/omanivietnam.com\/index.php\/san-pham\/smc-zk2b15k5kwa-08-b\/#primaryimage\",\"url\":\"https:\/\/omanivietnam.com\/wp-content\/uploads\/2024\/07\/ZK2B15K5KWA-08-B.png\",\"contentUrl\":\"https:\/\/omanivietnam.com\/wp-content\/uploads\/2024\/07\/ZK2B15K5KWA-08-B.png\",\"width\":988,\"height\":722},{\"@type\":\"BreadcrumbList\",\"@id\":\"https:\/\/omanivietnam.com\/index.php\/san-pham\/smc-zk2b15k5kwa-08-b\/#breadcrumb\",\"itemListElement\":[{\"@type\":\"ListItem\",\"position\":1,\"name\":\"Home\",\"item\":\"https:\/\/omanivietnam.com\/\"},{\"@type\":\"ListItem\",\"position\":2,\"name\":\"S\u1ea2N PH\u1ea8M\",\"item\":\"https:\/\/omanivietnam.com\/index.php\/cua-hang\/\"},{\"@type\":\"ListItem\",\"position\":3,\"name\":\"SMC ZK2B15K5KWA-08-B\"}]},{\"@type\":\"WebSite\",\"@id\":\"https:\/\/omanivietnam.com\/#website\",\"url\":\"https:\/\/omanivietnam.com\/\",\"name\":\"OMANI VI\u1ec6T NAM\",\"description\":\"Nh\u00e0 ph\u00e2n ph\u1ed1i thi\u1ebft b\u1ecb kh\u00ed n\u00e9n v\u00e0 thi\u1ebft b\u1ecb t\u1ef1 \u0111\u1ed9ng h\u00f3a trong c\u00f4ng nghi\u1ec7p\",\"publisher\":{\"@id\":\"https:\/\/omanivietnam.com\/#\/schema\/person\/0ad398a980dc3fd696111c2c5c8fa897\"},\"potentialAction\":[{\"@type\":\"SearchAction\",\"target\":{\"@type\":\"EntryPoint\",\"urlTemplate\":\"https:\/\/omanivietnam.com\/?s={search_term_string}\"},\"query-input\":\"required name=search_term_string\"}],\"inLanguage\":\"vi\"},{\"@type\":[\"Person\",\"Organization\"],\"@id\":\"https:\/\/omanivietnam.com\/#\/schema\/person\/0ad398a980dc3fd696111c2c5c8fa897\",\"name\":\"Nguy\u1ec5n V\u0103n Kh\u00e1nh\",\"image\":{\"@type\":\"ImageObject\",\"inLanguage\":\"vi\",\"@id\":\"https:\/\/omanivietnam.com\/#\/schema\/person\/image\/\",\"url\":\"https:\/\/omanivietnam.com\/wp-content\/uploads\/2024\/06\/logo-1024x1024.png\",\"contentUrl\":\"https:\/\/omanivietnam.com\/wp-content\/uploads\/2024\/06\/logo-1024x1024.png\",\"width\":1024,\"height\":1024,\"caption\":\"Nguy\u1ec5n V\u0103n Kh\u00e1nh\"},\"logo\":{\"@id\":\"https:\/\/omanivietnam.com\/#\/schema\/person\/image\/\"},\"sameAs\":[\"https:\/\/omanivietnam.com\"]}]}<\/script>\n<!-- \/ Yoast SEO plugin. -->","yoast_head_json":{"title":"SMC ZK2B15K5KWA-08-B - OMANI VI\u1ec6T NAM","robots":{"index":"index","follow":"follow","max-snippet":"max-snippet:-1","max-image-preview":"max-image-preview:large","max-video-preview":"max-video-preview:-1"},"canonical":"https:\/\/omanivietnam.com\/index.php\/san-pham\/smc-zk2b15k5kwa-08-b\/","og_locale":"vi_VN","og_type":"article","og_title":"SMC ZK2B15K5KWA-08-B - OMANI VI\u1ec6T NAM","og_description":"SMC ZK2B15K5KWA-08-B SMC ZK2B15K5NL2-08-B SMC ZK2-ZSVA-A Vacuum Unit, Ejector System ZK2 Series (ZK2B15K5KWA-08-B) A vacuum unit ejector system manufactured by SMC [Features] \u00b7 Built-in digital pressure switch for vacuums, with energy-saving function. Cuts the air supply upon reaching vacuum: Leading to 90% reduction in air consumption \u00b7 Has a 2-stage&hellip;","og_url":"https:\/\/omanivietnam.com\/index.php\/san-pham\/smc-zk2b15k5kwa-08-b\/","og_site_name":"OMANI VI\u1ec6T NAM","article_modified_time":"2024-07-29T22:50:46+00:00","og_image":[{"width":988,"height":722,"url":"https:\/\/omanivietnam.com\/wp-content\/uploads\/2024\/07\/ZK2B15K5KWA-08-B.png","type":"image\/png"}],"twitter_card":"summary_large_image","twitter_misc":{"\u01af\u1edbc t\u00ednh th\u1eddi gian \u0111\u1ecdc":"2 ph\u00fat"},"schema":{"@context":"https:\/\/schema.org","@graph":[{"@type":"WebPage","@id":"https:\/\/omanivietnam.com\/index.php\/san-pham\/smc-zk2b15k5kwa-08-b\/","url":"https:\/\/omanivietnam.com\/index.php\/san-pham\/smc-zk2b15k5kwa-08-b\/","name":"SMC ZK2B15K5KWA-08-B - OMANI VI\u1ec6T NAM","isPartOf":{"@id":"https:\/\/omanivietnam.com\/#website"},"primaryImageOfPage":{"@id":"https:\/\/omanivietnam.com\/index.php\/san-pham\/smc-zk2b15k5kwa-08-b\/#primaryimage"},"image":{"@id":"https:\/\/omanivietnam.com\/index.php\/san-pham\/smc-zk2b15k5kwa-08-b\/#primaryimage"},"thumbnailUrl":"https:\/\/omanivietnam.com\/wp-content\/uploads\/2024\/07\/ZK2B15K5KWA-08-B.png","datePublished":"2024-07-29T22:50:45+00:00","dateModified":"2024-07-29T22:50:46+00:00","breadcrumb":{"@id":"https:\/\/omanivietnam.com\/index.php\/san-pham\/smc-zk2b15k5kwa-08-b\/#breadcrumb"},"inLanguage":"vi","potentialAction":[{"@type":"ReadAction","target":["https:\/\/omanivietnam.com\/index.php\/san-pham\/smc-zk2b15k5kwa-08-b\/"]}]},{"@type":"ImageObject","inLanguage":"vi","@id":"https:\/\/omanivietnam.com\/index.php\/san-pham\/smc-zk2b15k5kwa-08-b\/#primaryimage","url":"https:\/\/omanivietnam.com\/wp-content\/uploads\/2024\/07\/ZK2B15K5KWA-08-B.png","contentUrl":"https:\/\/omanivietnam.com\/wp-content\/uploads\/2024\/07\/ZK2B15K5KWA-08-B.png","width":988,"height":722},{"@type":"BreadcrumbList","@id":"https:\/\/omanivietnam.com\/index.php\/san-pham\/smc-zk2b15k5kwa-08-b\/#breadcrumb","itemListElement":[{"@type":"ListItem","position":1,"name":"Home","item":"https:\/\/omanivietnam.com\/"},{"@type":"ListItem","position":2,"name":"S\u1ea2N PH\u1ea8M","item":"https:\/\/omanivietnam.com\/index.php\/cua-hang\/"},{"@type":"ListItem","position":3,"name":"SMC ZK2B15K5KWA-08-B"}]},{"@type":"WebSite","@id":"https:\/\/omanivietnam.com\/#website","url":"https:\/\/omanivietnam.com\/","name":"OMANI VI\u1ec6T NAM","description":"Nh\u00e0 ph\u00e2n ph\u1ed1i thi\u1ebft b\u1ecb kh\u00ed n\u00e9n v\u00e0 thi\u1ebft b\u1ecb t\u1ef1 \u0111\u1ed9ng h\u00f3a trong c\u00f4ng nghi\u1ec7p","publisher":{"@id":"https:\/\/omanivietnam.com\/#\/schema\/person\/0ad398a980dc3fd696111c2c5c8fa897"},"potentialAction":[{"@type":"SearchAction","target":{"@type":"EntryPoint","urlTemplate":"https:\/\/omanivietnam.com\/?s={search_term_string}"},"query-input":"required name=search_term_string"}],"inLanguage":"vi"},{"@type":["Person","Organization"],"@id":"https:\/\/omanivietnam.com\/#\/schema\/person\/0ad398a980dc3fd696111c2c5c8fa897","name":"Nguy\u1ec5n V\u0103n Kh\u00e1nh","image":{"@type":"ImageObject","inLanguage":"vi","@id":"https:\/\/omanivietnam.com\/#\/schema\/person\/image\/","url":"https:\/\/omanivietnam.com\/wp-content\/uploads\/2024\/06\/logo-1024x1024.png","contentUrl":"https:\/\/omanivietnam.com\/wp-content\/uploads\/2024\/06\/logo-1024x1024.png","width":1024,"height":1024,"caption":"Nguy\u1ec5n V\u0103n Kh\u00e1nh"},"logo":{"@id":"https:\/\/omanivietnam.com\/#\/schema\/person\/image\/"},"sameAs":["https:\/\/omanivietnam.com"]}]}},"_links":{"self":[{"href":"https:\/\/omanivietnam.com\/index.php\/wp-json\/wp\/v2\/product\/1290","targetHints":{"allow":["GET"]}}],"collection":[{"href":"https:\/\/omanivietnam.com\/index.php\/wp-json\/wp\/v2\/product"}],"about":[{"href":"https:\/\/omanivietnam.com\/index.php\/wp-json\/wp\/v2\/types\/product"}],"replies":[{"embeddable":true,"href":"https:\/\/omanivietnam.com\/index.php\/wp-json\/wp\/v2\/comments?post=1290"}],"wp:featuredmedia":[{"embeddable":true,"href":"https:\/\/omanivietnam.com\/index.php\/wp-json\/wp\/v2\/media\/1291"}],"wp:attachment":[{"href":"https:\/\/omanivietnam.com\/index.php\/wp-json\/wp\/v2\/media?parent=1290"}],"wp:term":[{"taxonomy":"product_cat","embeddable":true,"href":"https:\/\/omanivietnam.com\/index.php\/wp-json\/wp\/v2\/product_cat?post=1290"},{"taxonomy":"product_tag","embeddable":true,"href":"https:\/\/omanivietnam.com\/index.php\/wp-json\/wp\/v2\/product_tag?post=1290"}],"curies":[{"name":"wp","href":"https:\/\/api.w.org\/{rel}","templated":true}]}}