{"id":1298,"date":"2024-08-01T05:22:45","date_gmt":"2024-07-31T22:22:45","guid":{"rendered":"https:\/\/omanivietnam.com\/?post_type=product&#038;p=1298"},"modified":"2024-08-01T05:22:45","modified_gmt":"2024-07-31T22:22:45","slug":"panasonic-fp0r-c32ct","status":"publish","type":"product","link":"https:\/\/omanivietnam.com\/index.php\/san-pham\/panasonic-fp0r-c32ct\/","title":{"rendered":"PANASONIC FP0R-C32CT"},"content":{"rendered":"<p>PANASONIC FP0R-C32CT<\/p>\n<p>B\u1ed9 l\u1eadp tr\u00ecnh PLC Panasonic FP0R-C32CT\u00a0S\u1ed1 ng\u00f5 v\u00e0o: 16 VDC, S\u1ed1 ng\u00f5 ra: 16 Transitor\u00a0t\u00edch h\u1ee3p 1 c\u1ed5ng truy\u1ec1n th\u00f4ng RS232 v\u00e0 1 c\u1ed5ng truy\u1ec1n th\u00f4ng USB AFP0RC32T, AFP0RC32P, AFP0RC32CP,\u00a0 AFP0RC32CT, AFP0RC32MP, AFP0RC32MT,\u00a0\u00a0FP0R-C32CT, FP0R-T32CT, FP0R-T32CP<\/p>\n<p><strong>\u0110\u1eb7c t\u00ednh k\u1ef9 thu\u1eadt:\u00a0<\/strong><\/p>\n<p>M\u00e3 h\u00e0ng: FP0R-C32T<\/p>\n<p>T\u00edch h\u1ee3p c\u1ed5ng RS-232, terminal<\/p>\n<p>B\u1ed9 nh\u1edb ch\u01b0\u01a1ng tr\u00ecnh: 32k steps,\u00a0EEPROM (No back-up battery required)<\/p>\n<p>T\u1ed1c \u0111\u1ed9 x\u1eed l\u00fd:<\/p>\n<ul>\n<li>Up to 3000 steps: 0.08\u03bcs (Basic instruction), 2.2\u03bcs (Timer instructions), 0.32\u03bcs (High-level instructions)<\/li>\n<li>3001 steps: 0.58\u03bcs (Basic instruction), 3.66\u03bcs (Timer instructions), 1.62\u03bcs (High-level instructions)<\/li>\n<\/ul>\n<p>Ng\u00f5 v\u00e0o: 16 ng\u00f5 v\u00e0o DC, d\u1ea1ng Sink\/Source (0V\/24V)<\/p>\n<ul>\n<li>Th\u1eddi gian \u0111\u00e1p \u1ee9ng: OFF -&gt; ON: 20us (X0 to X5), 0.1-64ms (X6 to XF)<\/li>\n<li>\u0110i\u1ec7n \u00e1p ho\u1ea1t \u0111\u1ed9ng: 21.6~26.4 VDC<\/li>\n<\/ul>\n<p>Ng\u00f5 ra: 16 ng\u00f5 ra Transistor NPN open collector (0V)<\/p>\n<ul>\n<li>Th\u1eddi gian \u0111\u00e1p \u1ee9ng: OFF -&gt; ON: 0.1ms or less<\/li>\n<li>T\u1ea3i: 60mA 24VDC m\u1ed7i ng\u00f5<\/li>\n<li>\u0110i\u1ec7n \u00e1p ho\u1ea1t \u0111\u1ed9ng: 5-24VDC<\/li>\n<\/ul>\n<p>M\u1edf r\u1ed9ng I\/O: t\u1ed1i \u0111a 128 I\/O<\/p>\n<p>Ngu\u1ed3n c\u1ea5p: 24VDC +\/-10%<\/p>\n<p>High-speed counter:<\/p>\n<ul>\n<li>1 pha: 6 ng\u00f5 (points), max 50kHz (xem th\u00eam t\u00e0i li\u1ec7u)<\/li>\n<li>2 pha:\n<ul>\n<li>1 k\u00eanh (channels), max 15kHz<\/li>\n<li>2 k\u00eanh, max 15kHz (x2 k\u00eanh)<\/li>\n<li>3 k\u00eanh, max 10kHz (x3 k\u00eanh)<\/li>\n<\/ul>\n<\/li>\n<\/ul>\n<p>Ng\u00f5 ra ph\u00e1t xung:\u00a02 k\u00eanh max 50 kHz, \u0111i\u1ec1u khi\u1ec3n ph\u00e1t xung \u0111\u1ed9c l\u1eadp<\/p>\n<p>&nbsp;<\/p>\n<p><img decoding=\"async\" src=\"http:\/\/vattutudonghoa.com\/content\/images\/uploaded\/GIANG\/FP0%20Pulse%20output.png\" \/><\/p>\n<p>&nbsp;<\/p>\n<p>Pulse catch inputs\/interrupt input: 8 point (with high speed counter)<\/p>\n<p>Interrupt program: 8 program<\/p>\n<p>Internal relays:\u00a04,096 points<\/p>\n<p>Timers\/Counters: 1,024 points<\/p>\n<p>Data registers: 32,765 words<\/p>\n<p>C\u1ed5ng giao ti\u1ebfp:<\/p>\n<ul>\n<li>1 c\u1ed5ng RS-232C: d\u1ea1ng c\u1ed5ng tr\u00f2n, download\/upload ch\u01b0\u01a1ng tr\u00ecnh, k\u1ebft n\u1ed1i v\u1edbi m\u00e0n h\u00ecnh c\u1ea3m \u1ee9ng<\/li>\n<li>1 c\u1ed5ng USB-mini: download\/upload ch\u01b0\u01a1ng tr\u00ecnh<\/li>\n<\/ul>\n<p>H\u1ed7 tr\u1ee3: Watchdog timer (690 ms), program syntax check<\/p>\n<p>Ch\u1ee9c n\u0103ng th\u1eddi gian th\u1ef1c: kh\u00f4ng h\u1ed7 tr\u1ee3<\/p>\n<p>Ch\u1ee9c n\u0103ng kh\u00e1c: Rewriting in RUN mode, Download in RUN mode, 8-chracter password<\/p>\n<p>C\u00e1c s\u1ea3n ph\u1ea9m t\u01b0\u01a1ng t\u1ef1:<\/p>\n<p>FP0R-C32CT, FP0R-T32CT, FP0R-T32CP<\/p>\n<p>&nbsp;<\/p>\n<p>\u0110\u1ea1i l\u00fd PANASONIC vietnam, PANASONIC viet nam, PANASONIC vietnam distributor, Ph\u00e2n ph\u1ed1i PANASONIC t\u1ea1i vi\u1ec7t nam<\/p>\n<p>\u0110\u1ea1i l\u00fd PANASONIC vietnam, PANASONIC viet nam, PANASONIC vietnam distributor, Ph\u00e2n ph\u1ed1i PANASONIC t\u1ea1i vi\u1ec7t nam<\/p>\n<p>\u0110\u1ea1i l\u00fd PANASONIC vietnam, PANASONIC viet nam, PANASONIC vietnam distributor, Ph\u00e2n ph\u1ed1i PANASONIC t\u1ea1i vi\u1ec7t nam<\/p>\n<p>\u0110\u1ea1i l\u00fd PANASONIC vietnam, PANASONIC viet nam, PANASONIC vietnam distributor, Ph\u00e2n ph\u1ed1i PANASONIC t\u1ea1i vi\u1ec7t nam<\/p>\n<p>\u0110\u1ea1i l\u00fd PANASONIC vietnam, PANASONIC viet nam, PANASONIC vietnam distributor, Ph\u00e2n ph\u1ed1i PANASONIC t\u1ea1i vi\u1ec7t nam<\/p>\n","protected":false},"excerpt":{"rendered":"<p>PANASONIC FP0R-C32CT B\u1ed9 l\u1eadp tr\u00ecnh PLC Panasonic FP0R-C32CT\u00a0S\u1ed1 ng\u00f5 v\u00e0o: 16 VDC, S\u1ed1 ng\u00f5 ra: 16 Transitor\u00a0t\u00edch h\u1ee3p 1 c\u1ed5ng truy\u1ec1n th\u00f4ng RS232 v\u00e0 1 c\u1ed5ng truy\u1ec1n th\u00f4ng USB AFP0RC32T, AFP0RC32P, AFP0RC32CP,\u00a0 AFP0RC32CT, AFP0RC32MP, AFP0RC32MT,\u00a0\u00a0FP0R-C32CT, FP0R-T32CT, FP0R-T32CP \u0110\u1eb7c t\u00ednh k\u1ef9 thu\u1eadt:\u00a0 M\u00e3 h\u00e0ng: FP0R-C32T T\u00edch h\u1ee3p c\u1ed5ng RS-232, terminal B\u1ed9&hellip; <\/p>\n","protected":false},"featured_media":1299,"comment_status":"open","ping_status":"closed","template":"","meta":[],"product_cat":[298],"product_tag":[167,86,87],"class_list":{"0":"post-1298","1":"product","2":"type-product","3":"status-publish","4":"has-post-thumbnail","6":"product_cat-panasonic","7":"product_tag-bo-dieu-khien","8":"product_tag-dai-ly-panasonic-viet-nam","9":"product_tag-panasonic-viet-nam","11":"first","12":"instock","13":"shipping-taxable","14":"product-type-simple"},"yoast_head":"<!-- This site is optimized with the Yoast SEO plugin v22.8 - https:\/\/yoast.com\/wordpress\/plugins\/seo\/ -->\n<title>PANASONIC FP0R-C32CT - OMANI VI\u1ec6T NAM<\/title>\n<meta name=\"robots\" content=\"index, follow, max-snippet:-1, max-image-preview:large, max-video-preview:-1\" \/>\n<link rel=\"canonical\" href=\"https:\/\/omanivietnam.com\/index.php\/san-pham\/panasonic-fp0r-c32ct\/\" \/>\n<meta property=\"og:locale\" content=\"vi_VN\" \/>\n<meta property=\"og:type\" content=\"article\" \/>\n<meta property=\"og:title\" content=\"PANASONIC FP0R-C32CT - OMANI VI\u1ec6T NAM\" \/>\n<meta property=\"og:description\" content=\"PANASONIC FP0R-C32CT B\u1ed9 l\u1eadp tr\u00ecnh PLC Panasonic FP0R-C32CT\u00a0S\u1ed1 ng\u00f5 v\u00e0o: 16 VDC, S\u1ed1 ng\u00f5 ra: 16 Transitor\u00a0t\u00edch h\u1ee3p 1 c\u1ed5ng truy\u1ec1n th\u00f4ng RS232 v\u00e0 1 c\u1ed5ng truy\u1ec1n th\u00f4ng USB AFP0RC32T, AFP0RC32P, AFP0RC32CP,\u00a0 AFP0RC32CT, AFP0RC32MP, AFP0RC32MT,\u00a0\u00a0FP0R-C32CT, FP0R-T32CT, FP0R-T32CP \u0110\u1eb7c t\u00ednh k\u1ef9 thu\u1eadt:\u00a0 M\u00e3 h\u00e0ng: FP0R-C32T T\u00edch h\u1ee3p c\u1ed5ng RS-232, terminal B\u1ed9&hellip;\" \/>\n<meta property=\"og:url\" content=\"https:\/\/omanivietnam.com\/index.php\/san-pham\/panasonic-fp0r-c32ct\/\" \/>\n<meta property=\"og:site_name\" content=\"OMANI VI\u1ec6T NAM\" \/>\n<meta property=\"og:image\" content=\"https:\/\/omanivietnam.com\/wp-content\/uploads\/2024\/08\/FP0R-C32CT.png\" \/>\n\t<meta property=\"og:image:width\" content=\"627\" \/>\n\t<meta property=\"og:image:height\" content=\"507\" \/>\n\t<meta property=\"og:image:type\" content=\"image\/png\" \/>\n<meta name=\"twitter:card\" content=\"summary_large_image\" \/>\n<meta name=\"twitter:label1\" content=\"\u01af\u1edbc t\u00ednh th\u1eddi gian \u0111\u1ecdc\" \/>\n\t<meta name=\"twitter:data1\" content=\"3 ph\u00fat\" \/>\n<script type=\"application\/ld+json\" class=\"yoast-schema-graph\">{\"@context\":\"https:\/\/schema.org\",\"@graph\":[{\"@type\":\"WebPage\",\"@id\":\"https:\/\/omanivietnam.com\/index.php\/san-pham\/panasonic-fp0r-c32ct\/\",\"url\":\"https:\/\/omanivietnam.com\/index.php\/san-pham\/panasonic-fp0r-c32ct\/\",\"name\":\"PANASONIC FP0R-C32CT - OMANI VI\u1ec6T NAM\",\"isPartOf\":{\"@id\":\"https:\/\/omanivietnam.com\/#website\"},\"primaryImageOfPage\":{\"@id\":\"https:\/\/omanivietnam.com\/index.php\/san-pham\/panasonic-fp0r-c32ct\/#primaryimage\"},\"image\":{\"@id\":\"https:\/\/omanivietnam.com\/index.php\/san-pham\/panasonic-fp0r-c32ct\/#primaryimage\"},\"thumbnailUrl\":\"https:\/\/omanivietnam.com\/wp-content\/uploads\/2024\/08\/FP0R-C32CT.png\",\"datePublished\":\"2024-07-31T22:22:45+00:00\",\"dateModified\":\"2024-07-31T22:22:45+00:00\",\"breadcrumb\":{\"@id\":\"https:\/\/omanivietnam.com\/index.php\/san-pham\/panasonic-fp0r-c32ct\/#breadcrumb\"},\"inLanguage\":\"vi\",\"potentialAction\":[{\"@type\":\"ReadAction\",\"target\":[\"https:\/\/omanivietnam.com\/index.php\/san-pham\/panasonic-fp0r-c32ct\/\"]}]},{\"@type\":\"ImageObject\",\"inLanguage\":\"vi\",\"@id\":\"https:\/\/omanivietnam.com\/index.php\/san-pham\/panasonic-fp0r-c32ct\/#primaryimage\",\"url\":\"https:\/\/omanivietnam.com\/wp-content\/uploads\/2024\/08\/FP0R-C32CT.png\",\"contentUrl\":\"https:\/\/omanivietnam.com\/wp-content\/uploads\/2024\/08\/FP0R-C32CT.png\",\"width\":627,\"height\":507},{\"@type\":\"BreadcrumbList\",\"@id\":\"https:\/\/omanivietnam.com\/index.php\/san-pham\/panasonic-fp0r-c32ct\/#breadcrumb\",\"itemListElement\":[{\"@type\":\"ListItem\",\"position\":1,\"name\":\"Home\",\"item\":\"https:\/\/omanivietnam.com\/\"},{\"@type\":\"ListItem\",\"position\":2,\"name\":\"S\u1ea2N PH\u1ea8M\",\"item\":\"https:\/\/omanivietnam.com\/index.php\/cua-hang\/\"},{\"@type\":\"ListItem\",\"position\":3,\"name\":\"PANASONIC FP0R-C32CT\"}]},{\"@type\":\"WebSite\",\"@id\":\"https:\/\/omanivietnam.com\/#website\",\"url\":\"https:\/\/omanivietnam.com\/\",\"name\":\"OMANI VI\u1ec6T NAM\",\"description\":\"Nh\u00e0 ph\u00e2n ph\u1ed1i thi\u1ebft b\u1ecb kh\u00ed n\u00e9n v\u00e0 thi\u1ebft b\u1ecb t\u1ef1 \u0111\u1ed9ng h\u00f3a trong c\u00f4ng nghi\u1ec7p\",\"publisher\":{\"@id\":\"https:\/\/omanivietnam.com\/#\/schema\/person\/0ad398a980dc3fd696111c2c5c8fa897\"},\"potentialAction\":[{\"@type\":\"SearchAction\",\"target\":{\"@type\":\"EntryPoint\",\"urlTemplate\":\"https:\/\/omanivietnam.com\/?s={search_term_string}\"},\"query-input\":\"required name=search_term_string\"}],\"inLanguage\":\"vi\"},{\"@type\":[\"Person\",\"Organization\"],\"@id\":\"https:\/\/omanivietnam.com\/#\/schema\/person\/0ad398a980dc3fd696111c2c5c8fa897\",\"name\":\"Nguy\u1ec5n V\u0103n Kh\u00e1nh\",\"image\":{\"@type\":\"ImageObject\",\"inLanguage\":\"vi\",\"@id\":\"https:\/\/omanivietnam.com\/#\/schema\/person\/image\/\",\"url\":\"https:\/\/omanivietnam.com\/wp-content\/uploads\/2024\/06\/logo-1024x1024.png\",\"contentUrl\":\"https:\/\/omanivietnam.com\/wp-content\/uploads\/2024\/06\/logo-1024x1024.png\",\"width\":1024,\"height\":1024,\"caption\":\"Nguy\u1ec5n V\u0103n Kh\u00e1nh\"},\"logo\":{\"@id\":\"https:\/\/omanivietnam.com\/#\/schema\/person\/image\/\"},\"sameAs\":[\"https:\/\/omanivietnam.com\"]}]}<\/script>\n<!-- \/ Yoast SEO plugin. -->","yoast_head_json":{"title":"PANASONIC FP0R-C32CT - OMANI VI\u1ec6T NAM","robots":{"index":"index","follow":"follow","max-snippet":"max-snippet:-1","max-image-preview":"max-image-preview:large","max-video-preview":"max-video-preview:-1"},"canonical":"https:\/\/omanivietnam.com\/index.php\/san-pham\/panasonic-fp0r-c32ct\/","og_locale":"vi_VN","og_type":"article","og_title":"PANASONIC FP0R-C32CT - OMANI VI\u1ec6T NAM","og_description":"PANASONIC FP0R-C32CT B\u1ed9 l\u1eadp tr\u00ecnh PLC Panasonic FP0R-C32CT\u00a0S\u1ed1 ng\u00f5 v\u00e0o: 16 VDC, S\u1ed1 ng\u00f5 ra: 16 Transitor\u00a0t\u00edch h\u1ee3p 1 c\u1ed5ng truy\u1ec1n th\u00f4ng RS232 v\u00e0 1 c\u1ed5ng truy\u1ec1n th\u00f4ng USB AFP0RC32T, AFP0RC32P, AFP0RC32CP,\u00a0 AFP0RC32CT, AFP0RC32MP, AFP0RC32MT,\u00a0\u00a0FP0R-C32CT, FP0R-T32CT, FP0R-T32CP \u0110\u1eb7c t\u00ednh k\u1ef9 thu\u1eadt:\u00a0 M\u00e3 h\u00e0ng: FP0R-C32T T\u00edch h\u1ee3p c\u1ed5ng RS-232, terminal B\u1ed9&hellip;","og_url":"https:\/\/omanivietnam.com\/index.php\/san-pham\/panasonic-fp0r-c32ct\/","og_site_name":"OMANI VI\u1ec6T NAM","og_image":[{"width":627,"height":507,"url":"https:\/\/omanivietnam.com\/wp-content\/uploads\/2024\/08\/FP0R-C32CT.png","type":"image\/png"}],"twitter_card":"summary_large_image","twitter_misc":{"\u01af\u1edbc t\u00ednh th\u1eddi gian \u0111\u1ecdc":"3 ph\u00fat"},"schema":{"@context":"https:\/\/schema.org","@graph":[{"@type":"WebPage","@id":"https:\/\/omanivietnam.com\/index.php\/san-pham\/panasonic-fp0r-c32ct\/","url":"https:\/\/omanivietnam.com\/index.php\/san-pham\/panasonic-fp0r-c32ct\/","name":"PANASONIC FP0R-C32CT - OMANI VI\u1ec6T NAM","isPartOf":{"@id":"https:\/\/omanivietnam.com\/#website"},"primaryImageOfPage":{"@id":"https:\/\/omanivietnam.com\/index.php\/san-pham\/panasonic-fp0r-c32ct\/#primaryimage"},"image":{"@id":"https:\/\/omanivietnam.com\/index.php\/san-pham\/panasonic-fp0r-c32ct\/#primaryimage"},"thumbnailUrl":"https:\/\/omanivietnam.com\/wp-content\/uploads\/2024\/08\/FP0R-C32CT.png","datePublished":"2024-07-31T22:22:45+00:00","dateModified":"2024-07-31T22:22:45+00:00","breadcrumb":{"@id":"https:\/\/omanivietnam.com\/index.php\/san-pham\/panasonic-fp0r-c32ct\/#breadcrumb"},"inLanguage":"vi","potentialAction":[{"@type":"ReadAction","target":["https:\/\/omanivietnam.com\/index.php\/san-pham\/panasonic-fp0r-c32ct\/"]}]},{"@type":"ImageObject","inLanguage":"vi","@id":"https:\/\/omanivietnam.com\/index.php\/san-pham\/panasonic-fp0r-c32ct\/#primaryimage","url":"https:\/\/omanivietnam.com\/wp-content\/uploads\/2024\/08\/FP0R-C32CT.png","contentUrl":"https:\/\/omanivietnam.com\/wp-content\/uploads\/2024\/08\/FP0R-C32CT.png","width":627,"height":507},{"@type":"BreadcrumbList","@id":"https:\/\/omanivietnam.com\/index.php\/san-pham\/panasonic-fp0r-c32ct\/#breadcrumb","itemListElement":[{"@type":"ListItem","position":1,"name":"Home","item":"https:\/\/omanivietnam.com\/"},{"@type":"ListItem","position":2,"name":"S\u1ea2N PH\u1ea8M","item":"https:\/\/omanivietnam.com\/index.php\/cua-hang\/"},{"@type":"ListItem","position":3,"name":"PANASONIC FP0R-C32CT"}]},{"@type":"WebSite","@id":"https:\/\/omanivietnam.com\/#website","url":"https:\/\/omanivietnam.com\/","name":"OMANI VI\u1ec6T NAM","description":"Nh\u00e0 ph\u00e2n ph\u1ed1i thi\u1ebft b\u1ecb kh\u00ed n\u00e9n v\u00e0 thi\u1ebft b\u1ecb t\u1ef1 \u0111\u1ed9ng h\u00f3a trong c\u00f4ng nghi\u1ec7p","publisher":{"@id":"https:\/\/omanivietnam.com\/#\/schema\/person\/0ad398a980dc3fd696111c2c5c8fa897"},"potentialAction":[{"@type":"SearchAction","target":{"@type":"EntryPoint","urlTemplate":"https:\/\/omanivietnam.com\/?s={search_term_string}"},"query-input":"required name=search_term_string"}],"inLanguage":"vi"},{"@type":["Person","Organization"],"@id":"https:\/\/omanivietnam.com\/#\/schema\/person\/0ad398a980dc3fd696111c2c5c8fa897","name":"Nguy\u1ec5n V\u0103n Kh\u00e1nh","image":{"@type":"ImageObject","inLanguage":"vi","@id":"https:\/\/omanivietnam.com\/#\/schema\/person\/image\/","url":"https:\/\/omanivietnam.com\/wp-content\/uploads\/2024\/06\/logo-1024x1024.png","contentUrl":"https:\/\/omanivietnam.com\/wp-content\/uploads\/2024\/06\/logo-1024x1024.png","width":1024,"height":1024,"caption":"Nguy\u1ec5n V\u0103n Kh\u00e1nh"},"logo":{"@id":"https:\/\/omanivietnam.com\/#\/schema\/person\/image\/"},"sameAs":["https:\/\/omanivietnam.com"]}]}},"_links":{"self":[{"href":"https:\/\/omanivietnam.com\/index.php\/wp-json\/wp\/v2\/product\/1298","targetHints":{"allow":["GET"]}}],"collection":[{"href":"https:\/\/omanivietnam.com\/index.php\/wp-json\/wp\/v2\/product"}],"about":[{"href":"https:\/\/omanivietnam.com\/index.php\/wp-json\/wp\/v2\/types\/product"}],"replies":[{"embeddable":true,"href":"https:\/\/omanivietnam.com\/index.php\/wp-json\/wp\/v2\/comments?post=1298"}],"wp:featuredmedia":[{"embeddable":true,"href":"https:\/\/omanivietnam.com\/index.php\/wp-json\/wp\/v2\/media\/1299"}],"wp:attachment":[{"href":"https:\/\/omanivietnam.com\/index.php\/wp-json\/wp\/v2\/media?parent=1298"}],"wp:term":[{"taxonomy":"product_cat","embeddable":true,"href":"https:\/\/omanivietnam.com\/index.php\/wp-json\/wp\/v2\/product_cat?post=1298"},{"taxonomy":"product_tag","embeddable":true,"href":"https:\/\/omanivietnam.com\/index.php\/wp-json\/wp\/v2\/product_tag?post=1298"}],"curies":[{"name":"wp","href":"https:\/\/api.w.org\/{rel}","templated":true}]}}