{"id":1304,"date":"2024-08-01T05:57:52","date_gmt":"2024-07-31T22:57:52","guid":{"rendered":"https:\/\/omanivietnam.com\/?post_type=product&#038;p=1304"},"modified":"2025-04-14T21:35:08","modified_gmt":"2025-04-14T14:35:08","slug":"koyo-trd-2th1000bf","status":"publish","type":"product","link":"https:\/\/omanivietnam.com\/index.php\/san-pham\/koyo-trd-2th1000bf\/","title":{"rendered":"KOYO TRD-2TH1000BF"},"content":{"rendered":"<p>KOYO TRD-2TH1000BF<\/p>\n<p>KOYO TRD-2TH100BF<\/p>\n<p>TRD-2TH360BF-2M<\/p>\n<p>1. Gi\u1edbi thi\u1ec7u Encoder TRD-2TH1000BF-2M<\/p>\n<p>Lo\u1ea1i b\u1ed9 m\u00e3 h\u00f3a t\u0103ng d\u1ea7n<br \/>\nLo\u1ea1i nhi\u1ec7m v\u1ee5 \u00c1nh s\u00e1ng<br \/>\nPulse Per Revolution 360<br \/>\n\u0110i\u1ec7n \u00e1p \u0111\u1ea7u v\u00e0o (VDC) 12-24<br \/>\n\u0110\u1ea9y-k\u00e9o bi\u1ec3u m\u1eabu \u0111\u1ea7u ra (C\u1ef1c Totem)<br \/>\n\u0110\u1ecbnh d\u1ea1ng t\u00edn hi\u1ec7u C\u1ea7u ph\u01b0\u01a1ng (\u0111\u1ea7u ra 2 pha)<br \/>\n\u0110\u1ea7u ra t\u1eeb b\u00ean<br \/>\nTr\u1ee5c r\u1ed7ng<br \/>\n\u0110\u01b0\u1eddng k\u00ednh tr\u1ee5c (mm) 8<br \/>\n\u0110\u01b0\u1eddng k\u00ednh (mm) 38<br \/>\nChi\u1ec1u s\u00e2u (mm) 30<br \/>\nCao \u0111\u1ed9 l\u1eafp (mm) 46<br \/>\nChi\u1ec1u d\u00e0i c\u00e1p (m\u00e9t) 1.00<br \/>\nLo\u1ea1i tr\u00ecnh k\u1ebft n\u1ed1i K\u1ebft th\u00fac nh\u1ecf<br \/>\nC\u1ea5p \u0111\u1ed9 b\u1ea3o v\u1ec7 IP50 (Ch\u1ed1ng b\u1ee5i)<\/p>\n<p>2. M\u1ed9t s\u1ed1 s\u1ea3n ph\u1ea9m t\u01b0\u01a1ng t\u1ef1 Encoder\u00a0 TRD-2TH1000BF-2M<\/p>\n<table width=\"360\">\n<tbody>\n<tr>\n<td width=\"183\">TRD-SHR100C5<\/td>\n<td width=\"177\">TRD-SHR20C0<\/td>\n<\/tr>\n<tr>\n<td width=\"183\">TRD-SHR200C5<\/td>\n<td width=\"177\">TRD-SHR20C5<\/td>\n<\/tr>\n<tr>\n<td width=\"183\">TRD-SHR1000C5<\/td>\n<td width=\"177\">TRD-SHR20CW0<\/td>\n<\/tr>\n<tr>\n<td width=\"183\">TRD-SHR2000C5<\/td>\n<td width=\"177\">TRD-SHR20CW5<\/td>\n<\/tr>\n<tr>\n<td width=\"183\">TRD-2TH100BF<\/td>\n<td width=\"177\">TRD-SHR30C0<\/td>\n<\/tr>\n<tr>\n<td width=\"183\">TRD-2TH360BF<\/td>\n<td width=\"177\">TRD-SHR30C5<\/td>\n<\/tr>\n<tr>\n<td width=\"183\">TRD-2TH360BF-2M<\/td>\n<td width=\"177\">TRD-SHR30CW0<\/td>\n<\/tr>\n<tr>\n<td width=\"183\">TRD-2TH600BF-2M<\/td>\n<td width=\"177\">TRD-SHR30CW5<\/td>\n<\/tr>\n<tr>\n<td width=\"183\">TRD-2TH1000BF<\/td>\n<td width=\"177\">TRD-SHR40C0<\/td>\n<\/tr>\n<tr>\n<td width=\"183\">TRD-2TH1000BF-2M<\/td>\n<td width=\"177\">TRD-SHR40C5<\/td>\n<\/tr>\n<tr>\n<td width=\"183\">TRD-2TH1024BF<\/td>\n<td width=\"177\">TRD-SHR40CW0<\/td>\n<\/tr>\n<tr>\n<td width=\"183\">TRD-SHR10C0<\/td>\n<td width=\"177\">TRD-SHR40CW5<\/td>\n<\/tr>\n<tr>\n<td width=\"183\">TRD-SHR10C5<\/td>\n<td width=\"177\">TRD-SHR50C0<\/td>\n<\/tr>\n<tr>\n<td width=\"183\">TRD-SHR10CW0<\/td>\n<td width=\"177\">TRD-SHR50C5<\/td>\n<\/tr>\n<tr>\n<td width=\"183\">TRD-SHR10CW5<\/td>\n<td width=\"177\">TRD-SHR50CW0<\/td>\n<\/tr>\n<\/tbody>\n<\/table>\n<p>Encoder t\u01b0\u01a1ng \u0111\u1ed1i 8mm 360 xung\/v\u00f2ng Koyo \u2013 TRD-2TH360V<\/p>\n<p>M\u00e3 s\u1ea3n ph\u1ea9m: TRD-2TH360V<\/p>\n<p>Encoder, Incremental, Light Duty, 360 Pulses per Revolution, 8mm Hollow Shaft, 38mm Diameter Body, 5VDC, Line Driver (Differential \u2013 26C31), IP50 (Dust Proof), 1 meter Cable, Tinned Ends Nh\u00e0 s\u1ea3n xu\u1ea5t: Koyo<\/p>\n<p>-S\u1ea3n ph\u1ea9m c\u00f9ng lo\u1ea1i: B\u1ed9 m\u00e3 h\u00f3a xung\/Encoder &#8211; KOYO TRD-2TH360V TRD-2TH1000V TRD-2TH600V TRD-2TH2500V TRD-2TH1024V TRD-2TH100V TRD-2TH200V TRD-2TH2000V TRD-2TH360BF TRD-2TH1000BF TRD-2TH600BF TRD-2TH2500BF TRD-2TH1024BF TRD-2TH100BF TRD-2TH200BF TRD-2TH2000BF TRD-2TH360VH TRD-2TH1000VH TRD-2TH600VH TRD-2TH2500VH TRD-2TH1024VH TRD-2TH100VH TRD-2TH200VH TRD-2TH2000VH TRD-2TH360B TRD-2TH1000B TRD-2TH600B TRD-2TH2500B TRD-2TH1024B TRD-2TH100B TRD-2TH200B TRD-2TH2000B<\/p>\n<p>&nbsp;<\/p>\n<p>\u0110\u1ea1i l\u00fd KOYO vietnam, KOYO viet nam, KOYO vietnam distributor, Ph\u00e2n ph\u1ed1i KOYO t\u1ea1i vi\u1ec7t nam<\/p>\n<p>\u0110\u1ea1i l\u00fd KOYO vietnam, KOYO viet nam, KOYO vietnam distributor, Ph\u00e2n ph\u1ed1i KOYO t\u1ea1i vi\u1ec7t nam<\/p>\n<p>\u0110\u1ea1i l\u00fd KOYO vietnam, KOYO viet nam, KOYO vietnam distributor, Ph\u00e2n ph\u1ed1i KOYO t\u1ea1i vi\u1ec7t nam<\/p>\n<p>\u0110\u1ea1i l\u00fd KOYO vietnam, KOYO viet nam, KOYO vietnam distributor, Ph\u00e2n ph\u1ed1i KOYO t\u1ea1i vi\u1ec7t nam<\/p>\n<p>\u0110\u1ea1i l\u00fd KOYO vietnam, KOYO viet nam, KOYO vietnam distributor, Ph\u00e2n ph\u1ed1i KOYO t\u1ea1i vi\u1ec7t nam<\/p>\n","protected":false},"excerpt":{"rendered":"<p>KOYO TRD-2TH1000BF KOYO TRD-2TH100BF TRD-2TH360BF-2M 1. Gi\u1edbi thi\u1ec7u Encoder TRD-2TH1000BF-2M Lo\u1ea1i b\u1ed9 m\u00e3 h\u00f3a t\u0103ng d\u1ea7n Lo\u1ea1i nhi\u1ec7m v\u1ee5 \u00c1nh s\u00e1ng Pulse Per Revolution 360 \u0110i\u1ec7n \u00e1p \u0111\u1ea7u v\u00e0o (VDC) 12-24 \u0110\u1ea9y-k\u00e9o bi\u1ec3u m\u1eabu \u0111\u1ea7u ra (C\u1ef1c Totem) \u0110\u1ecbnh d\u1ea1ng t\u00edn hi\u1ec7u C\u1ea7u ph\u01b0\u01a1ng (\u0111\u1ea7u ra 2 pha) \u0110\u1ea7u ra&hellip; <\/p>\n","protected":false},"featured_media":1305,"comment_status":"open","ping_status":"closed","template":"","meta":[],"product_cat":[360],"product_tag":[174,362,361],"class_list":{"0":"post-1304","1":"product","2":"type-product","3":"status-publish","4":"has-post-thumbnail","6":"product_cat-koyo","7":"product_tag-bo-ma-hoa","8":"product_tag-dai-ly-koyo-viet-nam","9":"product_tag-koyo-viet-nam","11":"first","12":"instock","13":"shipping-taxable","14":"product-type-simple"},"yoast_head":"<!-- This site is optimized with the Yoast SEO plugin v22.8 - https:\/\/yoast.com\/wordpress\/plugins\/seo\/ -->\n<title>KOYO TRD-2TH1000BF - OMANI VI\u1ec6T NAM<\/title>\n<meta name=\"description\" content=\"KOYO TRD-2TH1000BF Encoder\" \/>\n<meta name=\"robots\" content=\"index, follow, max-snippet:-1, max-image-preview:large, max-video-preview:-1\" \/>\n<link rel=\"canonical\" href=\"https:\/\/omanivietnam.com\/index.php\/san-pham\/koyo-trd-2th1000bf\/\" \/>\n<meta property=\"og:locale\" content=\"vi_VN\" \/>\n<meta property=\"og:type\" content=\"article\" \/>\n<meta property=\"og:title\" content=\"KOYO TRD-2TH1000BF - OMANI VI\u1ec6T NAM\" \/>\n<meta property=\"og:description\" content=\"KOYO TRD-2TH1000BF Encoder\" \/>\n<meta property=\"og:url\" content=\"https:\/\/omanivietnam.com\/index.php\/san-pham\/koyo-trd-2th1000bf\/\" \/>\n<meta property=\"og:site_name\" content=\"OMANI VI\u1ec6T NAM\" \/>\n<meta property=\"article:modified_time\" content=\"2025-04-14T14:35:08+00:00\" \/>\n<meta property=\"og:image\" content=\"https:\/\/omanivietnam.com\/wp-content\/uploads\/2024\/08\/TRD-2TH1000BF.png\" \/>\n\t<meta property=\"og:image:width\" content=\"582\" \/>\n\t<meta property=\"og:image:height\" content=\"544\" \/>\n\t<meta property=\"og:image:type\" content=\"image\/png\" \/>\n<meta name=\"twitter:card\" content=\"summary_large_image\" \/>\n<meta name=\"twitter:label1\" content=\"\u01af\u1edbc t\u00ednh th\u1eddi gian \u0111\u1ecdc\" \/>\n\t<meta name=\"twitter:data1\" content=\"2 ph\u00fat\" \/>\n<script type=\"application\/ld+json\" class=\"yoast-schema-graph\">{\"@context\":\"https:\/\/schema.org\",\"@graph\":[{\"@type\":\"WebPage\",\"@id\":\"https:\/\/omanivietnam.com\/index.php\/san-pham\/koyo-trd-2th1000bf\/\",\"url\":\"https:\/\/omanivietnam.com\/index.php\/san-pham\/koyo-trd-2th1000bf\/\",\"name\":\"KOYO TRD-2TH1000BF - OMANI VI\u1ec6T NAM\",\"isPartOf\":{\"@id\":\"https:\/\/omanivietnam.com\/#website\"},\"primaryImageOfPage\":{\"@id\":\"https:\/\/omanivietnam.com\/index.php\/san-pham\/koyo-trd-2th1000bf\/#primaryimage\"},\"image\":{\"@id\":\"https:\/\/omanivietnam.com\/index.php\/san-pham\/koyo-trd-2th1000bf\/#primaryimage\"},\"thumbnailUrl\":\"https:\/\/omanivietnam.com\/wp-content\/uploads\/2024\/08\/TRD-2TH1000BF.png\",\"datePublished\":\"2024-07-31T22:57:52+00:00\",\"dateModified\":\"2025-04-14T14:35:08+00:00\",\"description\":\"KOYO TRD-2TH1000BF Encoder\",\"breadcrumb\":{\"@id\":\"https:\/\/omanivietnam.com\/index.php\/san-pham\/koyo-trd-2th1000bf\/#breadcrumb\"},\"inLanguage\":\"vi\",\"potentialAction\":[{\"@type\":\"ReadAction\",\"target\":[\"https:\/\/omanivietnam.com\/index.php\/san-pham\/koyo-trd-2th1000bf\/\"]}]},{\"@type\":\"ImageObject\",\"inLanguage\":\"vi\",\"@id\":\"https:\/\/omanivietnam.com\/index.php\/san-pham\/koyo-trd-2th1000bf\/#primaryimage\",\"url\":\"https:\/\/omanivietnam.com\/wp-content\/uploads\/2024\/08\/TRD-2TH1000BF.png\",\"contentUrl\":\"https:\/\/omanivietnam.com\/wp-content\/uploads\/2024\/08\/TRD-2TH1000BF.png\",\"width\":582,\"height\":544},{\"@type\":\"BreadcrumbList\",\"@id\":\"https:\/\/omanivietnam.com\/index.php\/san-pham\/koyo-trd-2th1000bf\/#breadcrumb\",\"itemListElement\":[{\"@type\":\"ListItem\",\"position\":1,\"name\":\"Home\",\"item\":\"https:\/\/omanivietnam.com\/\"},{\"@type\":\"ListItem\",\"position\":2,\"name\":\"S\u1ea2N PH\u1ea8M\",\"item\":\"https:\/\/omanivietnam.com\/index.php\/cua-hang\/\"},{\"@type\":\"ListItem\",\"position\":3,\"name\":\"KOYO TRD-2TH1000BF\"}]},{\"@type\":\"WebSite\",\"@id\":\"https:\/\/omanivietnam.com\/#website\",\"url\":\"https:\/\/omanivietnam.com\/\",\"name\":\"OMANI VI\u1ec6T NAM\",\"description\":\"Nh\u00e0 ph\u00e2n ph\u1ed1i thi\u1ebft b\u1ecb kh\u00ed n\u00e9n v\u00e0 thi\u1ebft b\u1ecb t\u1ef1 \u0111\u1ed9ng h\u00f3a trong c\u00f4ng nghi\u1ec7p\",\"publisher\":{\"@id\":\"https:\/\/omanivietnam.com\/#\/schema\/person\/0ad398a980dc3fd696111c2c5c8fa897\"},\"potentialAction\":[{\"@type\":\"SearchAction\",\"target\":{\"@type\":\"EntryPoint\",\"urlTemplate\":\"https:\/\/omanivietnam.com\/?s={search_term_string}\"},\"query-input\":\"required name=search_term_string\"}],\"inLanguage\":\"vi\"},{\"@type\":[\"Person\",\"Organization\"],\"@id\":\"https:\/\/omanivietnam.com\/#\/schema\/person\/0ad398a980dc3fd696111c2c5c8fa897\",\"name\":\"Nguy\u1ec5n V\u0103n Kh\u00e1nh\",\"image\":{\"@type\":\"ImageObject\",\"inLanguage\":\"vi\",\"@id\":\"https:\/\/omanivietnam.com\/#\/schema\/person\/image\/\",\"url\":\"https:\/\/omanivietnam.com\/wp-content\/uploads\/2024\/06\/logo-1024x1024.png\",\"contentUrl\":\"https:\/\/omanivietnam.com\/wp-content\/uploads\/2024\/06\/logo-1024x1024.png\",\"width\":1024,\"height\":1024,\"caption\":\"Nguy\u1ec5n V\u0103n Kh\u00e1nh\"},\"logo\":{\"@id\":\"https:\/\/omanivietnam.com\/#\/schema\/person\/image\/\"},\"sameAs\":[\"https:\/\/omanivietnam.com\"]}]}<\/script>\n<!-- \/ Yoast SEO plugin. -->","yoast_head_json":{"title":"KOYO TRD-2TH1000BF - OMANI VI\u1ec6T NAM","description":"KOYO TRD-2TH1000BF Encoder","robots":{"index":"index","follow":"follow","max-snippet":"max-snippet:-1","max-image-preview":"max-image-preview:large","max-video-preview":"max-video-preview:-1"},"canonical":"https:\/\/omanivietnam.com\/index.php\/san-pham\/koyo-trd-2th1000bf\/","og_locale":"vi_VN","og_type":"article","og_title":"KOYO TRD-2TH1000BF - OMANI VI\u1ec6T NAM","og_description":"KOYO TRD-2TH1000BF Encoder","og_url":"https:\/\/omanivietnam.com\/index.php\/san-pham\/koyo-trd-2th1000bf\/","og_site_name":"OMANI VI\u1ec6T NAM","article_modified_time":"2025-04-14T14:35:08+00:00","og_image":[{"width":582,"height":544,"url":"https:\/\/omanivietnam.com\/wp-content\/uploads\/2024\/08\/TRD-2TH1000BF.png","type":"image\/png"}],"twitter_card":"summary_large_image","twitter_misc":{"\u01af\u1edbc t\u00ednh th\u1eddi gian \u0111\u1ecdc":"2 ph\u00fat"},"schema":{"@context":"https:\/\/schema.org","@graph":[{"@type":"WebPage","@id":"https:\/\/omanivietnam.com\/index.php\/san-pham\/koyo-trd-2th1000bf\/","url":"https:\/\/omanivietnam.com\/index.php\/san-pham\/koyo-trd-2th1000bf\/","name":"KOYO TRD-2TH1000BF - OMANI VI\u1ec6T NAM","isPartOf":{"@id":"https:\/\/omanivietnam.com\/#website"},"primaryImageOfPage":{"@id":"https:\/\/omanivietnam.com\/index.php\/san-pham\/koyo-trd-2th1000bf\/#primaryimage"},"image":{"@id":"https:\/\/omanivietnam.com\/index.php\/san-pham\/koyo-trd-2th1000bf\/#primaryimage"},"thumbnailUrl":"https:\/\/omanivietnam.com\/wp-content\/uploads\/2024\/08\/TRD-2TH1000BF.png","datePublished":"2024-07-31T22:57:52+00:00","dateModified":"2025-04-14T14:35:08+00:00","description":"KOYO TRD-2TH1000BF Encoder","breadcrumb":{"@id":"https:\/\/omanivietnam.com\/index.php\/san-pham\/koyo-trd-2th1000bf\/#breadcrumb"},"inLanguage":"vi","potentialAction":[{"@type":"ReadAction","target":["https:\/\/omanivietnam.com\/index.php\/san-pham\/koyo-trd-2th1000bf\/"]}]},{"@type":"ImageObject","inLanguage":"vi","@id":"https:\/\/omanivietnam.com\/index.php\/san-pham\/koyo-trd-2th1000bf\/#primaryimage","url":"https:\/\/omanivietnam.com\/wp-content\/uploads\/2024\/08\/TRD-2TH1000BF.png","contentUrl":"https:\/\/omanivietnam.com\/wp-content\/uploads\/2024\/08\/TRD-2TH1000BF.png","width":582,"height":544},{"@type":"BreadcrumbList","@id":"https:\/\/omanivietnam.com\/index.php\/san-pham\/koyo-trd-2th1000bf\/#breadcrumb","itemListElement":[{"@type":"ListItem","position":1,"name":"Home","item":"https:\/\/omanivietnam.com\/"},{"@type":"ListItem","position":2,"name":"S\u1ea2N PH\u1ea8M","item":"https:\/\/omanivietnam.com\/index.php\/cua-hang\/"},{"@type":"ListItem","position":3,"name":"KOYO TRD-2TH1000BF"}]},{"@type":"WebSite","@id":"https:\/\/omanivietnam.com\/#website","url":"https:\/\/omanivietnam.com\/","name":"OMANI VI\u1ec6T NAM","description":"Nh\u00e0 ph\u00e2n ph\u1ed1i thi\u1ebft b\u1ecb kh\u00ed n\u00e9n v\u00e0 thi\u1ebft b\u1ecb t\u1ef1 \u0111\u1ed9ng h\u00f3a trong c\u00f4ng nghi\u1ec7p","publisher":{"@id":"https:\/\/omanivietnam.com\/#\/schema\/person\/0ad398a980dc3fd696111c2c5c8fa897"},"potentialAction":[{"@type":"SearchAction","target":{"@type":"EntryPoint","urlTemplate":"https:\/\/omanivietnam.com\/?s={search_term_string}"},"query-input":"required name=search_term_string"}],"inLanguage":"vi"},{"@type":["Person","Organization"],"@id":"https:\/\/omanivietnam.com\/#\/schema\/person\/0ad398a980dc3fd696111c2c5c8fa897","name":"Nguy\u1ec5n V\u0103n Kh\u00e1nh","image":{"@type":"ImageObject","inLanguage":"vi","@id":"https:\/\/omanivietnam.com\/#\/schema\/person\/image\/","url":"https:\/\/omanivietnam.com\/wp-content\/uploads\/2024\/06\/logo-1024x1024.png","contentUrl":"https:\/\/omanivietnam.com\/wp-content\/uploads\/2024\/06\/logo-1024x1024.png","width":1024,"height":1024,"caption":"Nguy\u1ec5n V\u0103n Kh\u00e1nh"},"logo":{"@id":"https:\/\/omanivietnam.com\/#\/schema\/person\/image\/"},"sameAs":["https:\/\/omanivietnam.com"]}]}},"_links":{"self":[{"href":"https:\/\/omanivietnam.com\/index.php\/wp-json\/wp\/v2\/product\/1304","targetHints":{"allow":["GET"]}}],"collection":[{"href":"https:\/\/omanivietnam.com\/index.php\/wp-json\/wp\/v2\/product"}],"about":[{"href":"https:\/\/omanivietnam.com\/index.php\/wp-json\/wp\/v2\/types\/product"}],"replies":[{"embeddable":true,"href":"https:\/\/omanivietnam.com\/index.php\/wp-json\/wp\/v2\/comments?post=1304"}],"wp:featuredmedia":[{"embeddable":true,"href":"https:\/\/omanivietnam.com\/index.php\/wp-json\/wp\/v2\/media\/1305"}],"wp:attachment":[{"href":"https:\/\/omanivietnam.com\/index.php\/wp-json\/wp\/v2\/media?parent=1304"}],"wp:term":[{"taxonomy":"product_cat","embeddable":true,"href":"https:\/\/omanivietnam.com\/index.php\/wp-json\/wp\/v2\/product_cat?post=1304"},{"taxonomy":"product_tag","embeddable":true,"href":"https:\/\/omanivietnam.com\/index.php\/wp-json\/wp\/v2\/product_tag?post=1304"}],"curies":[{"name":"wp","href":"https:\/\/api.w.org\/{rel}","templated":true}]}}