{"id":1310,"date":"2024-08-03T05:56:08","date_gmt":"2024-08-02T22:56:08","guid":{"rendered":"https:\/\/omanivietnam.com\/?post_type=product&#038;p=1310"},"modified":"2024-08-03T05:56:09","modified_gmt":"2024-08-02T22:56:09","slug":"sick-wtb9l-3n2261","status":"publish","type":"product","link":"https:\/\/omanivietnam.com\/index.php\/san-pham\/sick-wtb9l-3n2261\/","title":{"rendered":"SICK WTB9L-3N2261"},"content":{"rendered":"<p>SICK WTB9L-3N2261<\/p>\n<p>SICK Small photoelectric sensors, W9, WTB9L-3N2261, Sensing range max.: 25 mm\u00a0&#8230; 300 mm, Sensor principle: Photoelectric proximity sensor, Detection principle: Background suppression, Switching output: NPN, Switching mode: Light\/dark switching, Connection type: Male connector M8, 4-pin, Light source: Laser, Adjustment: Potentiometer, Laser class: 1, Communication interface: &#8211;<\/p>\n<p>1. Th\u00f4ng tin s\u1ea3n ph\u1ea9m (Sick WTB9L-3N2261)<\/p>\n<ul>\n<li>V\u1ecf h\u00ecnh tr\u1ee5 M18<\/li>\n<li>Gi\u1ea3m nhi\u1ec5u n\u1ec1n<\/li>\n<li>Kho\u1ea3ng c\u00e1ch c\u1ea3m bi\u1ebfn l\u00ean \u0111\u1ebfn 140 mm<\/li>\n<li>Th\u00f4ng s\u1ed1: 25 ~ 300mm, NPN \u2013 Dark\/Light-ON<\/li>\n<li>H\u00e3ng s\u1ea3n xu\u1ea5t: Sick<\/li>\n<li>Xu\u1ea5t x\u1ee9: Germany<\/li>\n<\/ul>\n<p>2. C\u00e1c thi\u1ebft b\u1ecb t\u01b0\u01a1ng t\u1ef1 (Sick WTB9L-3N2261)<\/p>\n<p>WTB9L-3N2261<\/p>\n<p>WTB9-3P2411S14<\/p>\n<p>WTB9-3N2461<\/p>\n<p>\u2013 C\u1ea3m bi\u1ebfn Sick:<\/p>\n<p>+ C\u1ea3m bi\u1ebfn quang, c\u1ea3m bi\u1ebfn kho\u1ea3ng c\u00e1ch, c\u1ea3m bi\u1ebfn Barcode, \u0111\u1ed9ng c\u01a1 Encoder<\/p>\n<p>+ C\u1ea3m bi\u1ebfn nhi\u1ec7t \u0111\u1ed9, c\u1ea3m bi\u1ebfn t\u01b0\u01a1ng ph\u1ea3n, c\u1ea3m bi\u1ebfn \u00e1p su\u1ea5t, c\u1ea3m bi\u1ebfn si\u00eau \u00e2m<\/p>\n<p>+ C\u1ea3m bi\u1ebfn \u0111i\u1ec7n c\u1ea3m, c\u1ea3m bi\u1ebfn ti\u1ec7m c\u1eadn, c\u1ea3m bi\u1ebfn m\u00e0u, c\u1ea3m bi\u1ebfn xy lanh\u2026<\/p>\n<p>\u2013 Thi\u1ebft b\u1ecb ph\u00e2n t\u00edch kh\u00ed Sick, thi\u1ebft b\u1ecb \u0111o n\u1ed3ng \u0111\u1ed9 b\u1ee5i Sick, thi\u1ebft b\u1ecb b\u1ea3o v\u1ec7 Sick, c\u00f4ng t\u1eafc an to\u00e0n Sick<\/p>\n<p>V\u00e0 c\u00e1c s\u1ea3n ph\u1ea9m Sick kh\u00e1c\u2026<\/p>\n<p>&nbsp;<\/p>\n<p>\u0110\u1ea1i l\u00fd SICK vietnam, SICK viet nam, SICK vietnam distributor, Ph\u00e2n ph\u1ed1i SICK t\u1ea1i vi\u1ec7t nam<\/p>\n<p>\u0110\u1ea1i l\u00fd SICK vietnam, SICK viet nam, SICK vietnam distributor, Ph\u00e2n ph\u1ed1i SICK t\u1ea1i vi\u1ec7t nam<\/p>\n<p>\u0110\u1ea1i l\u00fd SICK vietnam, SICK viet nam, SICK vietnam distributor, Ph\u00e2n ph\u1ed1i SICK t\u1ea1i vi\u1ec7t nam<\/p>\n<p>\u0110\u1ea1i l\u00fd SICK vietnam, SICK viet nam, SICK vietnam distributor, Ph\u00e2n ph\u1ed1i SICK t\u1ea1i vi\u1ec7t nam<\/p>\n<p>\u0110\u1ea1i l\u00fd SICK vietnam, SICK viet nam, SICK vietnam distributor, Ph\u00e2n ph\u1ed1i SICK t\u1ea1i vi\u1ec7t nam<\/p>\n","protected":false},"excerpt":{"rendered":"<p>SICK WTB9L-3N2261 SICK Small photoelectric sensors, W9, WTB9L-3N2261, Sensing range max.: 25 mm\u00a0&#8230; 300 mm, Sensor principle: Photoelectric proximity sensor, Detection principle: Background suppression, Switching output: NPN, Switching mode: Light\/dark switching, Connection type: Male connector M8, 4-pin, Light source: Laser, Adjustment: Potentiometer, Laser class: 1, Communication interface: &#8211; 1. Th\u00f4ng&hellip; <\/p>\n","protected":false},"featured_media":1311,"comment_status":"open","ping_status":"closed","template":"","meta":[],"product_cat":[297],"product_tag":[88,89,90],"class_list":{"0":"post-1310","1":"product","2":"type-product","3":"status-publish","4":"has-post-thumbnail","6":"product_cat-sick","7":"product_tag-cam-bien","8":"product_tag-dai-ly-sick-viet-nam","9":"product_tag-sick-viet-nam","11":"first","12":"instock","13":"shipping-taxable","14":"product-type-simple"},"yoast_head":"<!-- This site is optimized with the Yoast SEO plugin v22.8 - https:\/\/yoast.com\/wordpress\/plugins\/seo\/ -->\n<title>SICK WTB9L-3N2261 - OMANI VI\u1ec6T NAM<\/title>\n<meta name=\"robots\" content=\"index, follow, max-snippet:-1, max-image-preview:large, max-video-preview:-1\" \/>\n<link rel=\"canonical\" href=\"https:\/\/omanivietnam.com\/index.php\/san-pham\/sick-wtb9l-3n2261\/\" \/>\n<meta property=\"og:locale\" content=\"vi_VN\" \/>\n<meta property=\"og:type\" content=\"article\" \/>\n<meta property=\"og:title\" content=\"SICK WTB9L-3N2261 - OMANI VI\u1ec6T NAM\" \/>\n<meta property=\"og:description\" content=\"SICK WTB9L-3N2261 SICK Small photoelectric sensors, W9, WTB9L-3N2261, Sensing range max.: 25 mm\u00a0&#8230; 300 mm, Sensor principle: Photoelectric proximity sensor, Detection principle: Background suppression, Switching output: NPN, Switching mode: Light\/dark switching, Connection type: Male connector M8, 4-pin, Light source: Laser, Adjustment: Potentiometer, Laser class: 1, Communication interface: &#8211; 1. Th\u00f4ng&hellip;\" \/>\n<meta property=\"og:url\" content=\"https:\/\/omanivietnam.com\/index.php\/san-pham\/sick-wtb9l-3n2261\/\" \/>\n<meta property=\"og:site_name\" content=\"OMANI VI\u1ec6T NAM\" \/>\n<meta property=\"article:modified_time\" content=\"2024-08-02T22:56:09+00:00\" \/>\n<meta property=\"og:image\" content=\"https:\/\/omanivietnam.com\/wp-content\/uploads\/2024\/08\/WTB9L-3N2261.png\" \/>\n\t<meta property=\"og:image:width\" content=\"622\" \/>\n\t<meta property=\"og:image:height\" content=\"491\" \/>\n\t<meta property=\"og:image:type\" content=\"image\/png\" \/>\n<meta name=\"twitter:card\" content=\"summary_large_image\" \/>\n<meta name=\"twitter:label1\" content=\"\u01af\u1edbc t\u00ednh th\u1eddi gian \u0111\u1ecdc\" \/>\n\t<meta name=\"twitter:data1\" content=\"2 ph\u00fat\" \/>\n<script type=\"application\/ld+json\" class=\"yoast-schema-graph\">{\"@context\":\"https:\/\/schema.org\",\"@graph\":[{\"@type\":\"WebPage\",\"@id\":\"https:\/\/omanivietnam.com\/index.php\/san-pham\/sick-wtb9l-3n2261\/\",\"url\":\"https:\/\/omanivietnam.com\/index.php\/san-pham\/sick-wtb9l-3n2261\/\",\"name\":\"SICK WTB9L-3N2261 - OMANI VI\u1ec6T NAM\",\"isPartOf\":{\"@id\":\"https:\/\/omanivietnam.com\/#website\"},\"primaryImageOfPage\":{\"@id\":\"https:\/\/omanivietnam.com\/index.php\/san-pham\/sick-wtb9l-3n2261\/#primaryimage\"},\"image\":{\"@id\":\"https:\/\/omanivietnam.com\/index.php\/san-pham\/sick-wtb9l-3n2261\/#primaryimage\"},\"thumbnailUrl\":\"https:\/\/omanivietnam.com\/wp-content\/uploads\/2024\/08\/WTB9L-3N2261.png\",\"datePublished\":\"2024-08-02T22:56:08+00:00\",\"dateModified\":\"2024-08-02T22:56:09+00:00\",\"breadcrumb\":{\"@id\":\"https:\/\/omanivietnam.com\/index.php\/san-pham\/sick-wtb9l-3n2261\/#breadcrumb\"},\"inLanguage\":\"vi\",\"potentialAction\":[{\"@type\":\"ReadAction\",\"target\":[\"https:\/\/omanivietnam.com\/index.php\/san-pham\/sick-wtb9l-3n2261\/\"]}]},{\"@type\":\"ImageObject\",\"inLanguage\":\"vi\",\"@id\":\"https:\/\/omanivietnam.com\/index.php\/san-pham\/sick-wtb9l-3n2261\/#primaryimage\",\"url\":\"https:\/\/omanivietnam.com\/wp-content\/uploads\/2024\/08\/WTB9L-3N2261.png\",\"contentUrl\":\"https:\/\/omanivietnam.com\/wp-content\/uploads\/2024\/08\/WTB9L-3N2261.png\",\"width\":622,\"height\":491},{\"@type\":\"BreadcrumbList\",\"@id\":\"https:\/\/omanivietnam.com\/index.php\/san-pham\/sick-wtb9l-3n2261\/#breadcrumb\",\"itemListElement\":[{\"@type\":\"ListItem\",\"position\":1,\"name\":\"Home\",\"item\":\"https:\/\/omanivietnam.com\/\"},{\"@type\":\"ListItem\",\"position\":2,\"name\":\"S\u1ea2N PH\u1ea8M\",\"item\":\"https:\/\/omanivietnam.com\/index.php\/cua-hang\/\"},{\"@type\":\"ListItem\",\"position\":3,\"name\":\"SICK WTB9L-3N2261\"}]},{\"@type\":\"WebSite\",\"@id\":\"https:\/\/omanivietnam.com\/#website\",\"url\":\"https:\/\/omanivietnam.com\/\",\"name\":\"OMANI VI\u1ec6T NAM\",\"description\":\"Nh\u00e0 ph\u00e2n ph\u1ed1i thi\u1ebft b\u1ecb kh\u00ed n\u00e9n v\u00e0 thi\u1ebft b\u1ecb t\u1ef1 \u0111\u1ed9ng h\u00f3a trong c\u00f4ng nghi\u1ec7p\",\"publisher\":{\"@id\":\"https:\/\/omanivietnam.com\/#\/schema\/person\/0ad398a980dc3fd696111c2c5c8fa897\"},\"potentialAction\":[{\"@type\":\"SearchAction\",\"target\":{\"@type\":\"EntryPoint\",\"urlTemplate\":\"https:\/\/omanivietnam.com\/?s={search_term_string}\"},\"query-input\":\"required name=search_term_string\"}],\"inLanguage\":\"vi\"},{\"@type\":[\"Person\",\"Organization\"],\"@id\":\"https:\/\/omanivietnam.com\/#\/schema\/person\/0ad398a980dc3fd696111c2c5c8fa897\",\"name\":\"Nguy\u1ec5n V\u0103n Kh\u00e1nh\",\"image\":{\"@type\":\"ImageObject\",\"inLanguage\":\"vi\",\"@id\":\"https:\/\/omanivietnam.com\/#\/schema\/person\/image\/\",\"url\":\"https:\/\/omanivietnam.com\/wp-content\/uploads\/2024\/06\/logo-1024x1024.png\",\"contentUrl\":\"https:\/\/omanivietnam.com\/wp-content\/uploads\/2024\/06\/logo-1024x1024.png\",\"width\":1024,\"height\":1024,\"caption\":\"Nguy\u1ec5n V\u0103n Kh\u00e1nh\"},\"logo\":{\"@id\":\"https:\/\/omanivietnam.com\/#\/schema\/person\/image\/\"},\"sameAs\":[\"https:\/\/omanivietnam.com\"]}]}<\/script>\n<!-- \/ Yoast SEO plugin. -->","yoast_head_json":{"title":"SICK WTB9L-3N2261 - OMANI VI\u1ec6T NAM","robots":{"index":"index","follow":"follow","max-snippet":"max-snippet:-1","max-image-preview":"max-image-preview:large","max-video-preview":"max-video-preview:-1"},"canonical":"https:\/\/omanivietnam.com\/index.php\/san-pham\/sick-wtb9l-3n2261\/","og_locale":"vi_VN","og_type":"article","og_title":"SICK WTB9L-3N2261 - OMANI VI\u1ec6T NAM","og_description":"SICK WTB9L-3N2261 SICK Small photoelectric sensors, W9, WTB9L-3N2261, Sensing range max.: 25 mm\u00a0&#8230; 300 mm, Sensor principle: Photoelectric proximity sensor, Detection principle: Background suppression, Switching output: NPN, Switching mode: Light\/dark switching, Connection type: Male connector M8, 4-pin, Light source: Laser, Adjustment: Potentiometer, Laser class: 1, Communication interface: &#8211; 1. Th\u00f4ng&hellip;","og_url":"https:\/\/omanivietnam.com\/index.php\/san-pham\/sick-wtb9l-3n2261\/","og_site_name":"OMANI VI\u1ec6T NAM","article_modified_time":"2024-08-02T22:56:09+00:00","og_image":[{"width":622,"height":491,"url":"https:\/\/omanivietnam.com\/wp-content\/uploads\/2024\/08\/WTB9L-3N2261.png","type":"image\/png"}],"twitter_card":"summary_large_image","twitter_misc":{"\u01af\u1edbc t\u00ednh th\u1eddi gian \u0111\u1ecdc":"2 ph\u00fat"},"schema":{"@context":"https:\/\/schema.org","@graph":[{"@type":"WebPage","@id":"https:\/\/omanivietnam.com\/index.php\/san-pham\/sick-wtb9l-3n2261\/","url":"https:\/\/omanivietnam.com\/index.php\/san-pham\/sick-wtb9l-3n2261\/","name":"SICK WTB9L-3N2261 - OMANI VI\u1ec6T NAM","isPartOf":{"@id":"https:\/\/omanivietnam.com\/#website"},"primaryImageOfPage":{"@id":"https:\/\/omanivietnam.com\/index.php\/san-pham\/sick-wtb9l-3n2261\/#primaryimage"},"image":{"@id":"https:\/\/omanivietnam.com\/index.php\/san-pham\/sick-wtb9l-3n2261\/#primaryimage"},"thumbnailUrl":"https:\/\/omanivietnam.com\/wp-content\/uploads\/2024\/08\/WTB9L-3N2261.png","datePublished":"2024-08-02T22:56:08+00:00","dateModified":"2024-08-02T22:56:09+00:00","breadcrumb":{"@id":"https:\/\/omanivietnam.com\/index.php\/san-pham\/sick-wtb9l-3n2261\/#breadcrumb"},"inLanguage":"vi","potentialAction":[{"@type":"ReadAction","target":["https:\/\/omanivietnam.com\/index.php\/san-pham\/sick-wtb9l-3n2261\/"]}]},{"@type":"ImageObject","inLanguage":"vi","@id":"https:\/\/omanivietnam.com\/index.php\/san-pham\/sick-wtb9l-3n2261\/#primaryimage","url":"https:\/\/omanivietnam.com\/wp-content\/uploads\/2024\/08\/WTB9L-3N2261.png","contentUrl":"https:\/\/omanivietnam.com\/wp-content\/uploads\/2024\/08\/WTB9L-3N2261.png","width":622,"height":491},{"@type":"BreadcrumbList","@id":"https:\/\/omanivietnam.com\/index.php\/san-pham\/sick-wtb9l-3n2261\/#breadcrumb","itemListElement":[{"@type":"ListItem","position":1,"name":"Home","item":"https:\/\/omanivietnam.com\/"},{"@type":"ListItem","position":2,"name":"S\u1ea2N PH\u1ea8M","item":"https:\/\/omanivietnam.com\/index.php\/cua-hang\/"},{"@type":"ListItem","position":3,"name":"SICK WTB9L-3N2261"}]},{"@type":"WebSite","@id":"https:\/\/omanivietnam.com\/#website","url":"https:\/\/omanivietnam.com\/","name":"OMANI VI\u1ec6T NAM","description":"Nh\u00e0 ph\u00e2n ph\u1ed1i thi\u1ebft b\u1ecb kh\u00ed n\u00e9n v\u00e0 thi\u1ebft b\u1ecb t\u1ef1 \u0111\u1ed9ng h\u00f3a trong c\u00f4ng nghi\u1ec7p","publisher":{"@id":"https:\/\/omanivietnam.com\/#\/schema\/person\/0ad398a980dc3fd696111c2c5c8fa897"},"potentialAction":[{"@type":"SearchAction","target":{"@type":"EntryPoint","urlTemplate":"https:\/\/omanivietnam.com\/?s={search_term_string}"},"query-input":"required name=search_term_string"}],"inLanguage":"vi"},{"@type":["Person","Organization"],"@id":"https:\/\/omanivietnam.com\/#\/schema\/person\/0ad398a980dc3fd696111c2c5c8fa897","name":"Nguy\u1ec5n V\u0103n Kh\u00e1nh","image":{"@type":"ImageObject","inLanguage":"vi","@id":"https:\/\/omanivietnam.com\/#\/schema\/person\/image\/","url":"https:\/\/omanivietnam.com\/wp-content\/uploads\/2024\/06\/logo-1024x1024.png","contentUrl":"https:\/\/omanivietnam.com\/wp-content\/uploads\/2024\/06\/logo-1024x1024.png","width":1024,"height":1024,"caption":"Nguy\u1ec5n V\u0103n Kh\u00e1nh"},"logo":{"@id":"https:\/\/omanivietnam.com\/#\/schema\/person\/image\/"},"sameAs":["https:\/\/omanivietnam.com"]}]}},"_links":{"self":[{"href":"https:\/\/omanivietnam.com\/index.php\/wp-json\/wp\/v2\/product\/1310","targetHints":{"allow":["GET"]}}],"collection":[{"href":"https:\/\/omanivietnam.com\/index.php\/wp-json\/wp\/v2\/product"}],"about":[{"href":"https:\/\/omanivietnam.com\/index.php\/wp-json\/wp\/v2\/types\/product"}],"replies":[{"embeddable":true,"href":"https:\/\/omanivietnam.com\/index.php\/wp-json\/wp\/v2\/comments?post=1310"}],"wp:featuredmedia":[{"embeddable":true,"href":"https:\/\/omanivietnam.com\/index.php\/wp-json\/wp\/v2\/media\/1311"}],"wp:attachment":[{"href":"https:\/\/omanivietnam.com\/index.php\/wp-json\/wp\/v2\/media?parent=1310"}],"wp:term":[{"taxonomy":"product_cat","embeddable":true,"href":"https:\/\/omanivietnam.com\/index.php\/wp-json\/wp\/v2\/product_cat?post=1310"},{"taxonomy":"product_tag","embeddable":true,"href":"https:\/\/omanivietnam.com\/index.php\/wp-json\/wp\/v2\/product_tag?post=1310"}],"curies":[{"name":"wp","href":"https:\/\/api.w.org\/{rel}","templated":true}]}}