{"id":1312,"date":"2024-08-03T15:26:26","date_gmt":"2024-08-03T08:26:26","guid":{"rendered":"https:\/\/omanivietnam.com\/?post_type=product&#038;p=1312"},"modified":"2024-08-03T15:26:26","modified_gmt":"2024-08-03T08:26:26","slug":"ebmpapst-w2e250-hl06-01","status":"publish","type":"product","link":"https:\/\/omanivietnam.com\/index.php\/san-pham\/ebmpapst-w2e250-hl06-01\/","title":{"rendered":"EBMPAPST W2E250-HL06-01"},"content":{"rendered":"<p>EBMPAPST W2E250-HL06-01<\/p>\n<p>EBMPAPST W2E250-HL06-01, 230VAC, 280x280x80mm<\/p>\n<ul>\n<li>Volgate: 230VAC<\/li>\n<li>Current: 0.56A<\/li>\n<li>Power: 127W<\/li>\n<li>Airflow: 1077.1CFM<\/li>\n<li>Speed: 2700rpm<\/li>\n<li>Noise: 66dBA<\/li>\n<li><strong>Bearing Type: Ball<\/strong><\/li>\n<li>Unit weight: 2.8kg<\/li>\n<\/ul>\n<table class=\"table table-bordered\">\n<tbody>\n<tr>\n<th colspan=\"2\">Technical description<\/th>\n<\/tr>\n<tr>\n<td>Weight<\/td>\n<td>2.8 kg<\/td>\n<\/tr>\n<tr>\n<td>Fan size<\/td>\n<td>250 mm<\/td>\n<\/tr>\n<tr>\n<td>Rotor surface<\/td>\n<td>Painted black<\/td>\n<\/tr>\n<tr>\n<td>Blade material<\/td>\n<td>Sheet steel, painted black<\/td>\n<\/tr>\n<tr>\n<td>Fan housing material<\/td>\n<td>Die-cast aluminum<\/td>\n<\/tr>\n<tr>\n<td>Number of blades<\/td>\n<td>7<\/td>\n<\/tr>\n<tr>\n<td>Airflow direction<\/td>\n<td>&#8220;V&#8221;<\/td>\n<\/tr>\n<tr>\n<td>Direction of rotation<\/td>\n<td>Counterclockwise, viewed toward rotor<\/td>\n<\/tr>\n<tr>\n<td>Degree of protection<\/td>\n<td>IP44<\/td>\n<\/tr>\n<tr>\n<td>Insulation class<\/td>\n<td>&#8220;F&#8221;<\/td>\n<\/tr>\n<tr>\n<td>Moisture (F) \/ Environmental (H) protection class<\/td>\n<td>H0 &#8211; dry environment<\/td>\n<\/tr>\n<tr>\n<td>Max. permitted ambient temp. for motor (transport\/storage)<\/td>\n<td>+ 80 \u00b0C<\/td>\n<\/tr>\n<tr>\n<td>Min. permitted ambient temp. for motor (transport\/storage)<\/td>\n<td>&#8211; 40 \u00b0C<\/td>\n<\/tr>\n<tr>\n<td>Installation position<\/td>\n<td>Any<\/td>\n<\/tr>\n<tr>\n<td>Condensation drainage holes<\/td>\n<td>None<\/td>\n<\/tr>\n<tr>\n<td>Mode<\/td>\n<td>S1<\/td>\n<\/tr>\n<tr>\n<td>Motor bearing<\/td>\n<td>Ball bearing<\/td>\n<\/tr>\n<tr>\n<td>Touch current according to IEC 60990 (measuring circuit Fig. 4, TN system)<\/td>\n<td>&lt; 0,75 mA<\/td>\n<\/tr>\n<tr>\n<td>Electrical hookup<\/td>\n<td>Via terminal strip, capacitor connected<\/td>\n<\/tr>\n<tr>\n<td>Motor protection<\/td>\n<td>Thermal overload protector (TOP) internally connected<\/td>\n<\/tr>\n<tr>\n<td>with cable<\/td>\n<td>Variable<\/td>\n<\/tr>\n<tr>\n<td>Protection class<\/td>\n<td>I (with customer connection of protective earth)<\/td>\n<\/tr>\n<tr>\n<td>Motor capacitor according to EN 60252-1 in safety protection class<\/td>\n<td>S0<\/td>\n<\/tr>\n<tr>\n<td>Conformity with standards<\/td>\n<td>EN 60335-1<\/td>\n<\/tr>\n<tr>\n<td>Approval<\/td>\n<td>UL 1004-3 \/ CSA C22.2 No. 77 \/ CCC \/ EAC<\/td>\n<\/tr>\n<\/tbody>\n<\/table>\n<p>&nbsp;<\/p>\n<p>\u0110\u1ea1i l\u00fd EBMPAPST vietnam, EBMPAPST viet nam, EBMPAPST vietnam distributor, Ph\u00e2n ph\u1ed1i EBMPAPST t\u1ea1i vi\u1ec7t nam<\/p>\n<p>\u0110\u1ea1i l\u00fd EBMPAPST vietnam, EBMPAPST viet nam, EBMPAPST vietnam distributor, Ph\u00e2n ph\u1ed1i EBMPAPST t\u1ea1i vi\u1ec7t nam<\/p>\n<p>\u0110\u1ea1i l\u00fd EBMPAPST vietnam, EBMPAPST viet nam, EBMPAPST vietnam distributor, Ph\u00e2n ph\u1ed1i EBMPAPST t\u1ea1i vi\u1ec7t nam<\/p>\n<p>\u0110\u1ea1i l\u00fd EBMPAPST vietnam, EBMPAPST viet nam, EBMPAPST vietnam distributor, Ph\u00e2n ph\u1ed1i EBMPAPST t\u1ea1i vi\u1ec7t nam<\/p>\n<p>\u0110\u1ea1i l\u00fd EBMPAPST vietnam, EBMPAPST viet nam, EBMPAPST vietnam distributor, Ph\u00e2n ph\u1ed1i EBMPAPST t\u1ea1i vi\u1ec7t nam<\/p>\n","protected":false},"excerpt":{"rendered":"<p>EBMPAPST W2E250-HL06-01 EBMPAPST W2E250-HL06-01, 230VAC, 280x280x80mm Volgate: 230VAC Current: 0.56A Power: 127W Airflow: 1077.1CFM Speed: 2700rpm Noise: 66dBA Bearing Type: Ball Unit weight: 2.8kg Technical description Weight 2.8 kg Fan size 250 mm Rotor surface Painted black Blade material Sheet steel, painted black Fan housing material Die-cast aluminum Number of&hellip; <\/p>\n","protected":false},"featured_media":1313,"comment_status":"open","ping_status":"closed","template":"","meta":[],"product_cat":[302],"product_tag":[278,277,246],"class_list":{"0":"post-1312","1":"product","2":"type-product","3":"status-publish","4":"has-post-thumbnail","6":"product_cat-ebmpapst","7":"product_tag-dai-ly-ebmpapst-viet-nam","8":"product_tag-ebmpapst-viet-nam","9":"product_tag-quat","11":"first","12":"instock","13":"shipping-taxable","14":"product-type-simple"},"yoast_head":"<!-- This site is optimized with the Yoast SEO plugin v22.8 - https:\/\/yoast.com\/wordpress\/plugins\/seo\/ -->\n<title>EBMPAPST W2E250-HL06-01 - OMANI VI\u1ec6T NAM<\/title>\n<meta name=\"robots\" content=\"index, follow, max-snippet:-1, max-image-preview:large, max-video-preview:-1\" \/>\n<link rel=\"canonical\" href=\"https:\/\/omanivietnam.com\/index.php\/san-pham\/ebmpapst-w2e250-hl06-01\/\" \/>\n<meta property=\"og:locale\" content=\"vi_VN\" \/>\n<meta property=\"og:type\" content=\"article\" \/>\n<meta property=\"og:title\" content=\"EBMPAPST W2E250-HL06-01 - OMANI VI\u1ec6T NAM\" \/>\n<meta property=\"og:description\" content=\"EBMPAPST W2E250-HL06-01 EBMPAPST W2E250-HL06-01, 230VAC, 280x280x80mm Volgate: 230VAC Current: 0.56A Power: 127W Airflow: 1077.1CFM Speed: 2700rpm Noise: 66dBA Bearing Type: Ball Unit weight: 2.8kg Technical description Weight 2.8 kg Fan size 250 mm Rotor surface Painted black Blade material Sheet steel, painted black Fan housing material Die-cast aluminum Number of&hellip;\" \/>\n<meta property=\"og:url\" content=\"https:\/\/omanivietnam.com\/index.php\/san-pham\/ebmpapst-w2e250-hl06-01\/\" \/>\n<meta property=\"og:site_name\" content=\"OMANI VI\u1ec6T NAM\" \/>\n<meta property=\"og:image\" content=\"https:\/\/omanivietnam.com\/wp-content\/uploads\/2024\/08\/W2E250-HL06-01.png\" \/>\n\t<meta property=\"og:image:width\" content=\"562\" \/>\n\t<meta property=\"og:image:height\" content=\"618\" \/>\n\t<meta property=\"og:image:type\" content=\"image\/png\" \/>\n<meta name=\"twitter:card\" content=\"summary_large_image\" \/>\n<meta name=\"twitter:label1\" content=\"\u01af\u1edbc t\u00ednh th\u1eddi gian \u0111\u1ecdc\" \/>\n\t<meta name=\"twitter:data1\" content=\"2 ph\u00fat\" \/>\n<script type=\"application\/ld+json\" class=\"yoast-schema-graph\">{\"@context\":\"https:\/\/schema.org\",\"@graph\":[{\"@type\":\"WebPage\",\"@id\":\"https:\/\/omanivietnam.com\/index.php\/san-pham\/ebmpapst-w2e250-hl06-01\/\",\"url\":\"https:\/\/omanivietnam.com\/index.php\/san-pham\/ebmpapst-w2e250-hl06-01\/\",\"name\":\"EBMPAPST W2E250-HL06-01 - OMANI VI\u1ec6T NAM\",\"isPartOf\":{\"@id\":\"https:\/\/omanivietnam.com\/#website\"},\"primaryImageOfPage\":{\"@id\":\"https:\/\/omanivietnam.com\/index.php\/san-pham\/ebmpapst-w2e250-hl06-01\/#primaryimage\"},\"image\":{\"@id\":\"https:\/\/omanivietnam.com\/index.php\/san-pham\/ebmpapst-w2e250-hl06-01\/#primaryimage\"},\"thumbnailUrl\":\"https:\/\/omanivietnam.com\/wp-content\/uploads\/2024\/08\/W2E250-HL06-01.png\",\"datePublished\":\"2024-08-03T08:26:26+00:00\",\"dateModified\":\"2024-08-03T08:26:26+00:00\",\"breadcrumb\":{\"@id\":\"https:\/\/omanivietnam.com\/index.php\/san-pham\/ebmpapst-w2e250-hl06-01\/#breadcrumb\"},\"inLanguage\":\"vi\",\"potentialAction\":[{\"@type\":\"ReadAction\",\"target\":[\"https:\/\/omanivietnam.com\/index.php\/san-pham\/ebmpapst-w2e250-hl06-01\/\"]}]},{\"@type\":\"ImageObject\",\"inLanguage\":\"vi\",\"@id\":\"https:\/\/omanivietnam.com\/index.php\/san-pham\/ebmpapst-w2e250-hl06-01\/#primaryimage\",\"url\":\"https:\/\/omanivietnam.com\/wp-content\/uploads\/2024\/08\/W2E250-HL06-01.png\",\"contentUrl\":\"https:\/\/omanivietnam.com\/wp-content\/uploads\/2024\/08\/W2E250-HL06-01.png\",\"width\":562,\"height\":618},{\"@type\":\"BreadcrumbList\",\"@id\":\"https:\/\/omanivietnam.com\/index.php\/san-pham\/ebmpapst-w2e250-hl06-01\/#breadcrumb\",\"itemListElement\":[{\"@type\":\"ListItem\",\"position\":1,\"name\":\"Home\",\"item\":\"https:\/\/omanivietnam.com\/\"},{\"@type\":\"ListItem\",\"position\":2,\"name\":\"S\u1ea2N PH\u1ea8M\",\"item\":\"https:\/\/omanivietnam.com\/index.php\/cua-hang\/\"},{\"@type\":\"ListItem\",\"position\":3,\"name\":\"EBMPAPST W2E250-HL06-01\"}]},{\"@type\":\"WebSite\",\"@id\":\"https:\/\/omanivietnam.com\/#website\",\"url\":\"https:\/\/omanivietnam.com\/\",\"name\":\"OMANI VI\u1ec6T NAM\",\"description\":\"Nh\u00e0 ph\u00e2n ph\u1ed1i thi\u1ebft b\u1ecb kh\u00ed n\u00e9n v\u00e0 thi\u1ebft b\u1ecb t\u1ef1 \u0111\u1ed9ng h\u00f3a trong c\u00f4ng nghi\u1ec7p\",\"publisher\":{\"@id\":\"https:\/\/omanivietnam.com\/#\/schema\/person\/0ad398a980dc3fd696111c2c5c8fa897\"},\"potentialAction\":[{\"@type\":\"SearchAction\",\"target\":{\"@type\":\"EntryPoint\",\"urlTemplate\":\"https:\/\/omanivietnam.com\/?s={search_term_string}\"},\"query-input\":\"required name=search_term_string\"}],\"inLanguage\":\"vi\"},{\"@type\":[\"Person\",\"Organization\"],\"@id\":\"https:\/\/omanivietnam.com\/#\/schema\/person\/0ad398a980dc3fd696111c2c5c8fa897\",\"name\":\"Nguy\u1ec5n V\u0103n Kh\u00e1nh\",\"image\":{\"@type\":\"ImageObject\",\"inLanguage\":\"vi\",\"@id\":\"https:\/\/omanivietnam.com\/#\/schema\/person\/image\/\",\"url\":\"https:\/\/omanivietnam.com\/wp-content\/uploads\/2024\/06\/logo-1024x1024.png\",\"contentUrl\":\"https:\/\/omanivietnam.com\/wp-content\/uploads\/2024\/06\/logo-1024x1024.png\",\"width\":1024,\"height\":1024,\"caption\":\"Nguy\u1ec5n V\u0103n Kh\u00e1nh\"},\"logo\":{\"@id\":\"https:\/\/omanivietnam.com\/#\/schema\/person\/image\/\"},\"sameAs\":[\"https:\/\/omanivietnam.com\"]}]}<\/script>\n<!-- \/ Yoast SEO plugin. -->","yoast_head_json":{"title":"EBMPAPST W2E250-HL06-01 - OMANI VI\u1ec6T NAM","robots":{"index":"index","follow":"follow","max-snippet":"max-snippet:-1","max-image-preview":"max-image-preview:large","max-video-preview":"max-video-preview:-1"},"canonical":"https:\/\/omanivietnam.com\/index.php\/san-pham\/ebmpapst-w2e250-hl06-01\/","og_locale":"vi_VN","og_type":"article","og_title":"EBMPAPST W2E250-HL06-01 - OMANI VI\u1ec6T NAM","og_description":"EBMPAPST W2E250-HL06-01 EBMPAPST W2E250-HL06-01, 230VAC, 280x280x80mm Volgate: 230VAC Current: 0.56A Power: 127W Airflow: 1077.1CFM Speed: 2700rpm Noise: 66dBA Bearing Type: Ball Unit weight: 2.8kg Technical description Weight 2.8 kg Fan size 250 mm Rotor surface Painted black Blade material Sheet steel, painted black Fan housing material Die-cast aluminum Number of&hellip;","og_url":"https:\/\/omanivietnam.com\/index.php\/san-pham\/ebmpapst-w2e250-hl06-01\/","og_site_name":"OMANI VI\u1ec6T NAM","og_image":[{"width":562,"height":618,"url":"https:\/\/omanivietnam.com\/wp-content\/uploads\/2024\/08\/W2E250-HL06-01.png","type":"image\/png"}],"twitter_card":"summary_large_image","twitter_misc":{"\u01af\u1edbc t\u00ednh th\u1eddi gian \u0111\u1ecdc":"2 ph\u00fat"},"schema":{"@context":"https:\/\/schema.org","@graph":[{"@type":"WebPage","@id":"https:\/\/omanivietnam.com\/index.php\/san-pham\/ebmpapst-w2e250-hl06-01\/","url":"https:\/\/omanivietnam.com\/index.php\/san-pham\/ebmpapst-w2e250-hl06-01\/","name":"EBMPAPST W2E250-HL06-01 - OMANI VI\u1ec6T NAM","isPartOf":{"@id":"https:\/\/omanivietnam.com\/#website"},"primaryImageOfPage":{"@id":"https:\/\/omanivietnam.com\/index.php\/san-pham\/ebmpapst-w2e250-hl06-01\/#primaryimage"},"image":{"@id":"https:\/\/omanivietnam.com\/index.php\/san-pham\/ebmpapst-w2e250-hl06-01\/#primaryimage"},"thumbnailUrl":"https:\/\/omanivietnam.com\/wp-content\/uploads\/2024\/08\/W2E250-HL06-01.png","datePublished":"2024-08-03T08:26:26+00:00","dateModified":"2024-08-03T08:26:26+00:00","breadcrumb":{"@id":"https:\/\/omanivietnam.com\/index.php\/san-pham\/ebmpapst-w2e250-hl06-01\/#breadcrumb"},"inLanguage":"vi","potentialAction":[{"@type":"ReadAction","target":["https:\/\/omanivietnam.com\/index.php\/san-pham\/ebmpapst-w2e250-hl06-01\/"]}]},{"@type":"ImageObject","inLanguage":"vi","@id":"https:\/\/omanivietnam.com\/index.php\/san-pham\/ebmpapst-w2e250-hl06-01\/#primaryimage","url":"https:\/\/omanivietnam.com\/wp-content\/uploads\/2024\/08\/W2E250-HL06-01.png","contentUrl":"https:\/\/omanivietnam.com\/wp-content\/uploads\/2024\/08\/W2E250-HL06-01.png","width":562,"height":618},{"@type":"BreadcrumbList","@id":"https:\/\/omanivietnam.com\/index.php\/san-pham\/ebmpapst-w2e250-hl06-01\/#breadcrumb","itemListElement":[{"@type":"ListItem","position":1,"name":"Home","item":"https:\/\/omanivietnam.com\/"},{"@type":"ListItem","position":2,"name":"S\u1ea2N PH\u1ea8M","item":"https:\/\/omanivietnam.com\/index.php\/cua-hang\/"},{"@type":"ListItem","position":3,"name":"EBMPAPST W2E250-HL06-01"}]},{"@type":"WebSite","@id":"https:\/\/omanivietnam.com\/#website","url":"https:\/\/omanivietnam.com\/","name":"OMANI VI\u1ec6T NAM","description":"Nh\u00e0 ph\u00e2n ph\u1ed1i thi\u1ebft b\u1ecb kh\u00ed n\u00e9n v\u00e0 thi\u1ebft b\u1ecb t\u1ef1 \u0111\u1ed9ng h\u00f3a trong c\u00f4ng nghi\u1ec7p","publisher":{"@id":"https:\/\/omanivietnam.com\/#\/schema\/person\/0ad398a980dc3fd696111c2c5c8fa897"},"potentialAction":[{"@type":"SearchAction","target":{"@type":"EntryPoint","urlTemplate":"https:\/\/omanivietnam.com\/?s={search_term_string}"},"query-input":"required name=search_term_string"}],"inLanguage":"vi"},{"@type":["Person","Organization"],"@id":"https:\/\/omanivietnam.com\/#\/schema\/person\/0ad398a980dc3fd696111c2c5c8fa897","name":"Nguy\u1ec5n V\u0103n Kh\u00e1nh","image":{"@type":"ImageObject","inLanguage":"vi","@id":"https:\/\/omanivietnam.com\/#\/schema\/person\/image\/","url":"https:\/\/omanivietnam.com\/wp-content\/uploads\/2024\/06\/logo-1024x1024.png","contentUrl":"https:\/\/omanivietnam.com\/wp-content\/uploads\/2024\/06\/logo-1024x1024.png","width":1024,"height":1024,"caption":"Nguy\u1ec5n V\u0103n Kh\u00e1nh"},"logo":{"@id":"https:\/\/omanivietnam.com\/#\/schema\/person\/image\/"},"sameAs":["https:\/\/omanivietnam.com"]}]}},"_links":{"self":[{"href":"https:\/\/omanivietnam.com\/index.php\/wp-json\/wp\/v2\/product\/1312","targetHints":{"allow":["GET"]}}],"collection":[{"href":"https:\/\/omanivietnam.com\/index.php\/wp-json\/wp\/v2\/product"}],"about":[{"href":"https:\/\/omanivietnam.com\/index.php\/wp-json\/wp\/v2\/types\/product"}],"replies":[{"embeddable":true,"href":"https:\/\/omanivietnam.com\/index.php\/wp-json\/wp\/v2\/comments?post=1312"}],"wp:featuredmedia":[{"embeddable":true,"href":"https:\/\/omanivietnam.com\/index.php\/wp-json\/wp\/v2\/media\/1313"}],"wp:attachment":[{"href":"https:\/\/omanivietnam.com\/index.php\/wp-json\/wp\/v2\/media?parent=1312"}],"wp:term":[{"taxonomy":"product_cat","embeddable":true,"href":"https:\/\/omanivietnam.com\/index.php\/wp-json\/wp\/v2\/product_cat?post=1312"},{"taxonomy":"product_tag","embeddable":true,"href":"https:\/\/omanivietnam.com\/index.php\/wp-json\/wp\/v2\/product_tag?post=1312"}],"curies":[{"name":"wp","href":"https:\/\/api.w.org\/{rel}","templated":true}]}}