{"id":1314,"date":"2024-08-03T16:26:30","date_gmt":"2024-08-03T09:26:30","guid":{"rendered":"https:\/\/omanivietnam.com\/?post_type=product&#038;p=1314"},"modified":"2024-08-03T16:26:30","modified_gmt":"2024-08-03T09:26:30","slug":"smc-ar50-10bg-b","status":"publish","type":"product","link":"https:\/\/omanivietnam.com\/index.php\/san-pham\/smc-ar50-10bg-b\/","title":{"rendered":"SMC AR50-10BG-B"},"content":{"rendered":"<p>SMC AR50-10BG-B<\/p>\n<p>B\u1ed9 \u0111i\u1ec1u \u00e1p SMC AR60 | AR50-06G-B | AR50-10BG-B | AR50-06E-B | AR50-10BE-B l\u00e0 b\u1ed9 \u0111i\u1ec1u \u00e1p d\u00f2ng AR50, AR60 c\u1ee7a h\u00e3ng SMC Nh\u1eadt B\u1ea3n.<\/p>\n<p>Regulator (With Backflow Function) AR20(K)-B To AR60(K)-B Series<\/p>\n<p>SMC Regulator (With Backflow Function) AR20(K)-B To AR60(K)-B Series.<br \/>\n[Features]<br \/>\n\u00b7 Specifications with a backflow function feature an inbuilt mechanism for quickly exhausting the air-pressure at the outlet side.<\/p>\n<table class=\"m-listTable\" summary=\"Price, Spec., etc.\">\n<tbody>\n<tr>\n<th>Regulator, Pressure Boosting Valve<\/th>\n<td>Regulator<\/td>\n<th>Regulator Type<\/th>\n<td>Standard<\/td>\n<\/tr>\n<tr>\n<th>Applicable Fluid<\/th>\n<td>Air<\/td>\n<th>Shape<\/th>\n<td>Standard<\/td>\n<\/tr>\n<tr>\n<th>Operating Environment<\/th>\n<td>Standard<\/td>\n<th>Exhaust Mechanism<\/th>\n<td>[Provided] Relief<\/td>\n<\/tr>\n<tr>\n<th>Adverse Current Function<\/th>\n<td>No<\/td>\n<th>Supply Side, Connection Type<\/th>\n<td>Rc<\/td>\n<\/tr>\n<tr>\n<th>Supply Side, Connection Dia.<\/th>\n<td>1<\/td>\n<th>Flow Direction<\/th>\n<td>[(Right)] Left\u2192Right<\/td>\n<\/tr>\n<tr>\n<th>Control Side, Connection Type<\/th>\n<td>Rc<\/td>\n<th>Control Side, Connection Dia.<\/th>\n<td>1<\/td>\n<\/tr>\n<tr class=\"VN_table-row\">\n<th>Pressure Gauge<\/th>\n<td>[With Pressure Gauge] Round-shaped pressure gauge (with limit indicator)<\/td>\n<th>Size of Body<\/th>\n<td>50<\/td>\n<\/tr>\n<tr class=\"VN_table-row\">\n<th>Accessory<\/th>\n<td>With Bracket<\/td>\n<th>Set Pressure<\/th>\n<td>0.05 to 0.85\u00a0MPa<\/td>\n<\/tr>\n<tr class=\"VN_table-row\">\n<th>Pressure Unit<\/th>\n<td>Nameplate and pressure gauge units: MPa<\/td>\n<th>Custom-made Specifications<\/th>\n<td>&#8211;<\/td>\n<\/tr>\n<tr class=\"VN_table-row\">\n<th>Handle Direction \/ Position<\/th>\n<td>Handle upward<\/td>\n<th>RoHS<\/th>\n<\/tr>\n<\/tbody>\n<\/table>\n<div class=\"PartNumberSpecList_table__2WUGL\">\n<div class=\"PartNumberSpecList_row__ayJSj\">\n<div class=\"PartNumberSpecList_cell__zIZJ3 PartNumberSpecList_headingCell__qeT5_\">Manufacturer Part #:AR50-10BG-B<\/div>\n<div class=\"PartNumberSpecList_cell__zIZJ3 PartNumberSpecList_headingCell__qeT5_\">Knob:DownwardRegulator<\/div>\n<div class=\"PartNumberSpecList_cell__zIZJ3 PartNumberSpecList_headingCell__qeT5_\">Type:Air Regulators<\/div>\n<div class=\"PartNumberSpecList_cell__zIZJ3 PartNumberSpecList_headingCell__qeT5_\">Port Size:1Body<\/div>\n<div class=\"PartNumberSpecList_cell__zIZJ3 PartNumberSpecList_headingCell__qeT5_\">Size:IR1000<\/div>\n<div class=\"PartNumberSpecList_cell__zIZJ3 PartNumberSpecList_headingCell__qeT5_\">Made to Order:Standard<\/div>\n<div class=\"PartNumberSpecList_cell__zIZJ3 PartNumberSpecList_headingCell__qeT5_\">Option:w\/Bracket<\/div>\n<div class=\"PartNumberSpecList_cell__zIZJ3 PartNumberSpecList_headingCell__qeT5_\">Thread Type:RcBack<\/div>\n<div class=\"PartNumberSpecList_cell__zIZJ3 PartNumberSpecList_headingCell__qeT5_\">Flow:W\/O Backflow Function<\/div>\n<div class=\"PartNumberSpecList_cell__zIZJ3 PartNumberSpecList_headingCell__qeT5_\">Set Pressure:0.05 to 0.85 MPa Setting<\/div>\n<div class=\"PartNumberSpecList_cell__zIZJ3 PartNumberSpecList_headingCell__qeT5_\">Exhaust Mechanism:Relieving<\/div>\n<div class=\"PartNumberSpecList_cell__zIZJ3 PartNumberSpecList_headingCell__qeT5_\">TypeFlow Direction:Left to Right<\/div>\n<div class=\"PartNumberSpecList_cell__zIZJ3 PartNumberSpecList_headingCell__qeT5_\">Pressure Units:Unit on Product Label: MPa, Pressure Gauge in SI Units: MPa<\/div>\n<\/div>\n<\/div>\n<p>&nbsp;<\/p>\n<p><strong>M\u1ed9t s\u1ed1 m\u00e3 s\u1ea3n ph\u1ea9m t\u01b0\u01a1ng t\u1ef1:<\/strong><\/p>\n<p>AR50-06-B<br \/>\nAR50-06G-B (with external pressure gauge)<br \/>\nAR50-06H-B (with mounting nut ring)<br \/>\nAR50-06BG-B (with bracket + external pressure gauge)<br \/>\nAR50-06E-B (with built-in pressure gauge)<br \/>\nAR50-06BE-B (with bracket + built-in pressure gauge)<br \/>\nAR50-10-B<br \/>\nAR50-10G-B (with external pressure gauge)<br \/>\nAR50-10H-B (with mounting nut ring)<br \/>\nAR50-10BG-B (with bracket + external pressure gauge)<br \/>\nAR50-10E-B (with built-in pressure gauge)<br \/>\nAR50-10BE-B (with bracket + built-in pressure gauge)<br \/>\nAR60-06-B<br \/>\nAR60-06G-B (with external pressure gauge)<br \/>\nAR60-06H-B (with mounting nut ring)<br \/>\nAR60-06BG-B (with bracket + external pressure gauge)<br \/>\nAR60-06E-B (with built-in pressure gauge)<br \/>\nAR60-06BE-B (with bracket + built-in pressure gauge)<br \/>\nAR60-10-B<br \/>\nAR60-10G-B (with external pressure gauge)<br \/>\nAR60-10H-B (with mounting nut ring)<br \/>\nAR60-10BG-B (with bracket + external pressure gauge)<br \/>\nAR60-10E-B (with built-in pressure gauge)<br \/>\nAR60-10BE-B (with bracket + built-in pressure gauge)<\/p>\n<p>&nbsp;<\/p>\n<p>\u0110\u1ea1i l\u00fd SMC vietnam, SMC viet nam, SMC vietnam distributor, Ph\u00e2n ph\u1ed1i SMC t\u1ea1i vi\u1ec7t nam<\/p>\n<p>\u0110\u1ea1i l\u00fd SMC vietnam, SMC viet nam, SMC vietnam distributor, Ph\u00e2n ph\u1ed1i SMC t\u1ea1i vi\u1ec7t nam<\/p>\n<p>\u0110\u1ea1i l\u00fd SMC vietnam, SMC viet nam, SMC vietnam distributor, Ph\u00e2n ph\u1ed1i SMC t\u1ea1i vi\u1ec7t nam<\/p>\n<p>\u0110\u1ea1i l\u00fd SMC vietnam, SMC viet nam, SMC vietnam distributor, Ph\u00e2n ph\u1ed1i SMC t\u1ea1i vi\u1ec7t nam<\/p>\n<p>\u0110\u1ea1i l\u00fd SMC vietnam, SMC viet nam, SMC vietnam distributor, Ph\u00e2n ph\u1ed1i SMC t\u1ea1i vi\u1ec7t nam<\/p>\n","protected":false},"excerpt":{"rendered":"<p>SMC AR50-10BG-B B\u1ed9 \u0111i\u1ec1u \u00e1p SMC AR60 | AR50-06G-B | AR50-10BG-B | AR50-06E-B | AR50-10BE-B l\u00e0 b\u1ed9 \u0111i\u1ec1u \u00e1p d\u00f2ng AR50, AR60 c\u1ee7a h\u00e3ng SMC Nh\u1eadt B\u1ea3n. Regulator (With Backflow Function) AR20(K)-B To AR60(K)-B Series SMC Regulator (With Backflow Function) AR20(K)-B To AR60(K)-B Series. [Features] \u00b7 Specifications with a backflow&hellip; <\/p>\n","protected":false},"featured_media":1315,"comment_status":"open","ping_status":"closed","template":"","meta":[],"product_cat":[283],"product_tag":[93,92,198],"class_list":{"0":"post-1314","1":"product","2":"type-product","3":"status-publish","4":"has-post-thumbnail","6":"product_cat-smc","7":"product_tag-dai-ly-smc-viet-nam","8":"product_tag-smc-viet-nam","9":"product_tag-van-dieu-ap","11":"first","12":"instock","13":"shipping-taxable","14":"product-type-simple"},"yoast_head":"<!-- This site is optimized with the Yoast SEO plugin v22.8 - https:\/\/yoast.com\/wordpress\/plugins\/seo\/ -->\n<title>SMC AR50-10BG-B - OMANI VI\u1ec6T NAM<\/title>\n<meta name=\"robots\" content=\"index, follow, max-snippet:-1, max-image-preview:large, max-video-preview:-1\" \/>\n<link rel=\"canonical\" href=\"https:\/\/omanivietnam.com\/index.php\/san-pham\/smc-ar50-10bg-b\/\" \/>\n<meta property=\"og:locale\" content=\"vi_VN\" \/>\n<meta property=\"og:type\" content=\"article\" \/>\n<meta property=\"og:title\" content=\"SMC AR50-10BG-B - OMANI VI\u1ec6T NAM\" \/>\n<meta property=\"og:description\" content=\"SMC AR50-10BG-B B\u1ed9 \u0111i\u1ec1u \u00e1p SMC AR60 | AR50-06G-B | AR50-10BG-B | AR50-06E-B | AR50-10BE-B l\u00e0 b\u1ed9 \u0111i\u1ec1u \u00e1p d\u00f2ng AR50, AR60 c\u1ee7a h\u00e3ng SMC Nh\u1eadt B\u1ea3n. Regulator (With Backflow Function) AR20(K)-B To AR60(K)-B Series SMC Regulator (With Backflow Function) AR20(K)-B To AR60(K)-B Series. [Features] \u00b7 Specifications with a backflow&hellip;\" \/>\n<meta property=\"og:url\" content=\"https:\/\/omanivietnam.com\/index.php\/san-pham\/smc-ar50-10bg-b\/\" \/>\n<meta property=\"og:site_name\" content=\"OMANI VI\u1ec6T NAM\" \/>\n<meta property=\"og:image\" content=\"https:\/\/omanivietnam.com\/wp-content\/uploads\/2024\/08\/AR50-10BG-B.png\" \/>\n\t<meta property=\"og:image:width\" content=\"796\" \/>\n\t<meta property=\"og:image:height\" content=\"976\" \/>\n\t<meta property=\"og:image:type\" content=\"image\/png\" \/>\n<meta name=\"twitter:card\" content=\"summary_large_image\" \/>\n<meta name=\"twitter:label1\" content=\"\u01af\u1edbc t\u00ednh th\u1eddi gian \u0111\u1ecdc\" \/>\n\t<meta name=\"twitter:data1\" content=\"3 ph\u00fat\" \/>\n<script type=\"application\/ld+json\" class=\"yoast-schema-graph\">{\"@context\":\"https:\/\/schema.org\",\"@graph\":[{\"@type\":\"WebPage\",\"@id\":\"https:\/\/omanivietnam.com\/index.php\/san-pham\/smc-ar50-10bg-b\/\",\"url\":\"https:\/\/omanivietnam.com\/index.php\/san-pham\/smc-ar50-10bg-b\/\",\"name\":\"SMC AR50-10BG-B - OMANI VI\u1ec6T NAM\",\"isPartOf\":{\"@id\":\"https:\/\/omanivietnam.com\/#website\"},\"primaryImageOfPage\":{\"@id\":\"https:\/\/omanivietnam.com\/index.php\/san-pham\/smc-ar50-10bg-b\/#primaryimage\"},\"image\":{\"@id\":\"https:\/\/omanivietnam.com\/index.php\/san-pham\/smc-ar50-10bg-b\/#primaryimage\"},\"thumbnailUrl\":\"https:\/\/omanivietnam.com\/wp-content\/uploads\/2024\/08\/AR50-10BG-B.png\",\"datePublished\":\"2024-08-03T09:26:30+00:00\",\"dateModified\":\"2024-08-03T09:26:30+00:00\",\"breadcrumb\":{\"@id\":\"https:\/\/omanivietnam.com\/index.php\/san-pham\/smc-ar50-10bg-b\/#breadcrumb\"},\"inLanguage\":\"vi\",\"potentialAction\":[{\"@type\":\"ReadAction\",\"target\":[\"https:\/\/omanivietnam.com\/index.php\/san-pham\/smc-ar50-10bg-b\/\"]}]},{\"@type\":\"ImageObject\",\"inLanguage\":\"vi\",\"@id\":\"https:\/\/omanivietnam.com\/index.php\/san-pham\/smc-ar50-10bg-b\/#primaryimage\",\"url\":\"https:\/\/omanivietnam.com\/wp-content\/uploads\/2024\/08\/AR50-10BG-B.png\",\"contentUrl\":\"https:\/\/omanivietnam.com\/wp-content\/uploads\/2024\/08\/AR50-10BG-B.png\",\"width\":796,\"height\":976},{\"@type\":\"BreadcrumbList\",\"@id\":\"https:\/\/omanivietnam.com\/index.php\/san-pham\/smc-ar50-10bg-b\/#breadcrumb\",\"itemListElement\":[{\"@type\":\"ListItem\",\"position\":1,\"name\":\"Home\",\"item\":\"https:\/\/omanivietnam.com\/\"},{\"@type\":\"ListItem\",\"position\":2,\"name\":\"S\u1ea2N PH\u1ea8M\",\"item\":\"https:\/\/omanivietnam.com\/index.php\/cua-hang\/\"},{\"@type\":\"ListItem\",\"position\":3,\"name\":\"SMC AR50-10BG-B\"}]},{\"@type\":\"WebSite\",\"@id\":\"https:\/\/omanivietnam.com\/#website\",\"url\":\"https:\/\/omanivietnam.com\/\",\"name\":\"OMANI VI\u1ec6T NAM\",\"description\":\"Nh\u00e0 ph\u00e2n ph\u1ed1i thi\u1ebft b\u1ecb kh\u00ed n\u00e9n v\u00e0 thi\u1ebft b\u1ecb t\u1ef1 \u0111\u1ed9ng h\u00f3a trong c\u00f4ng nghi\u1ec7p\",\"publisher\":{\"@id\":\"https:\/\/omanivietnam.com\/#\/schema\/person\/0ad398a980dc3fd696111c2c5c8fa897\"},\"potentialAction\":[{\"@type\":\"SearchAction\",\"target\":{\"@type\":\"EntryPoint\",\"urlTemplate\":\"https:\/\/omanivietnam.com\/?s={search_term_string}\"},\"query-input\":\"required name=search_term_string\"}],\"inLanguage\":\"vi\"},{\"@type\":[\"Person\",\"Organization\"],\"@id\":\"https:\/\/omanivietnam.com\/#\/schema\/person\/0ad398a980dc3fd696111c2c5c8fa897\",\"name\":\"Nguy\u1ec5n V\u0103n Kh\u00e1nh\",\"image\":{\"@type\":\"ImageObject\",\"inLanguage\":\"vi\",\"@id\":\"https:\/\/omanivietnam.com\/#\/schema\/person\/image\/\",\"url\":\"https:\/\/omanivietnam.com\/wp-content\/uploads\/2024\/06\/logo-1024x1024.png\",\"contentUrl\":\"https:\/\/omanivietnam.com\/wp-content\/uploads\/2024\/06\/logo-1024x1024.png\",\"width\":1024,\"height\":1024,\"caption\":\"Nguy\u1ec5n V\u0103n Kh\u00e1nh\"},\"logo\":{\"@id\":\"https:\/\/omanivietnam.com\/#\/schema\/person\/image\/\"},\"sameAs\":[\"https:\/\/omanivietnam.com\"]}]}<\/script>\n<!-- \/ Yoast SEO plugin. -->","yoast_head_json":{"title":"SMC AR50-10BG-B - OMANI VI\u1ec6T NAM","robots":{"index":"index","follow":"follow","max-snippet":"max-snippet:-1","max-image-preview":"max-image-preview:large","max-video-preview":"max-video-preview:-1"},"canonical":"https:\/\/omanivietnam.com\/index.php\/san-pham\/smc-ar50-10bg-b\/","og_locale":"vi_VN","og_type":"article","og_title":"SMC AR50-10BG-B - OMANI VI\u1ec6T NAM","og_description":"SMC AR50-10BG-B B\u1ed9 \u0111i\u1ec1u \u00e1p SMC AR60 | AR50-06G-B | AR50-10BG-B | AR50-06E-B | AR50-10BE-B l\u00e0 b\u1ed9 \u0111i\u1ec1u \u00e1p d\u00f2ng AR50, AR60 c\u1ee7a h\u00e3ng SMC Nh\u1eadt B\u1ea3n. Regulator (With Backflow Function) AR20(K)-B To AR60(K)-B Series SMC Regulator (With Backflow Function) AR20(K)-B To AR60(K)-B Series. [Features] \u00b7 Specifications with a backflow&hellip;","og_url":"https:\/\/omanivietnam.com\/index.php\/san-pham\/smc-ar50-10bg-b\/","og_site_name":"OMANI VI\u1ec6T NAM","og_image":[{"width":796,"height":976,"url":"https:\/\/omanivietnam.com\/wp-content\/uploads\/2024\/08\/AR50-10BG-B.png","type":"image\/png"}],"twitter_card":"summary_large_image","twitter_misc":{"\u01af\u1edbc t\u00ednh th\u1eddi gian \u0111\u1ecdc":"3 ph\u00fat"},"schema":{"@context":"https:\/\/schema.org","@graph":[{"@type":"WebPage","@id":"https:\/\/omanivietnam.com\/index.php\/san-pham\/smc-ar50-10bg-b\/","url":"https:\/\/omanivietnam.com\/index.php\/san-pham\/smc-ar50-10bg-b\/","name":"SMC AR50-10BG-B - OMANI VI\u1ec6T NAM","isPartOf":{"@id":"https:\/\/omanivietnam.com\/#website"},"primaryImageOfPage":{"@id":"https:\/\/omanivietnam.com\/index.php\/san-pham\/smc-ar50-10bg-b\/#primaryimage"},"image":{"@id":"https:\/\/omanivietnam.com\/index.php\/san-pham\/smc-ar50-10bg-b\/#primaryimage"},"thumbnailUrl":"https:\/\/omanivietnam.com\/wp-content\/uploads\/2024\/08\/AR50-10BG-B.png","datePublished":"2024-08-03T09:26:30+00:00","dateModified":"2024-08-03T09:26:30+00:00","breadcrumb":{"@id":"https:\/\/omanivietnam.com\/index.php\/san-pham\/smc-ar50-10bg-b\/#breadcrumb"},"inLanguage":"vi","potentialAction":[{"@type":"ReadAction","target":["https:\/\/omanivietnam.com\/index.php\/san-pham\/smc-ar50-10bg-b\/"]}]},{"@type":"ImageObject","inLanguage":"vi","@id":"https:\/\/omanivietnam.com\/index.php\/san-pham\/smc-ar50-10bg-b\/#primaryimage","url":"https:\/\/omanivietnam.com\/wp-content\/uploads\/2024\/08\/AR50-10BG-B.png","contentUrl":"https:\/\/omanivietnam.com\/wp-content\/uploads\/2024\/08\/AR50-10BG-B.png","width":796,"height":976},{"@type":"BreadcrumbList","@id":"https:\/\/omanivietnam.com\/index.php\/san-pham\/smc-ar50-10bg-b\/#breadcrumb","itemListElement":[{"@type":"ListItem","position":1,"name":"Home","item":"https:\/\/omanivietnam.com\/"},{"@type":"ListItem","position":2,"name":"S\u1ea2N PH\u1ea8M","item":"https:\/\/omanivietnam.com\/index.php\/cua-hang\/"},{"@type":"ListItem","position":3,"name":"SMC AR50-10BG-B"}]},{"@type":"WebSite","@id":"https:\/\/omanivietnam.com\/#website","url":"https:\/\/omanivietnam.com\/","name":"OMANI VI\u1ec6T NAM","description":"Nh\u00e0 ph\u00e2n ph\u1ed1i thi\u1ebft b\u1ecb kh\u00ed n\u00e9n v\u00e0 thi\u1ebft b\u1ecb t\u1ef1 \u0111\u1ed9ng h\u00f3a trong c\u00f4ng nghi\u1ec7p","publisher":{"@id":"https:\/\/omanivietnam.com\/#\/schema\/person\/0ad398a980dc3fd696111c2c5c8fa897"},"potentialAction":[{"@type":"SearchAction","target":{"@type":"EntryPoint","urlTemplate":"https:\/\/omanivietnam.com\/?s={search_term_string}"},"query-input":"required name=search_term_string"}],"inLanguage":"vi"},{"@type":["Person","Organization"],"@id":"https:\/\/omanivietnam.com\/#\/schema\/person\/0ad398a980dc3fd696111c2c5c8fa897","name":"Nguy\u1ec5n V\u0103n Kh\u00e1nh","image":{"@type":"ImageObject","inLanguage":"vi","@id":"https:\/\/omanivietnam.com\/#\/schema\/person\/image\/","url":"https:\/\/omanivietnam.com\/wp-content\/uploads\/2024\/06\/logo-1024x1024.png","contentUrl":"https:\/\/omanivietnam.com\/wp-content\/uploads\/2024\/06\/logo-1024x1024.png","width":1024,"height":1024,"caption":"Nguy\u1ec5n V\u0103n Kh\u00e1nh"},"logo":{"@id":"https:\/\/omanivietnam.com\/#\/schema\/person\/image\/"},"sameAs":["https:\/\/omanivietnam.com"]}]}},"_links":{"self":[{"href":"https:\/\/omanivietnam.com\/index.php\/wp-json\/wp\/v2\/product\/1314","targetHints":{"allow":["GET"]}}],"collection":[{"href":"https:\/\/omanivietnam.com\/index.php\/wp-json\/wp\/v2\/product"}],"about":[{"href":"https:\/\/omanivietnam.com\/index.php\/wp-json\/wp\/v2\/types\/product"}],"replies":[{"embeddable":true,"href":"https:\/\/omanivietnam.com\/index.php\/wp-json\/wp\/v2\/comments?post=1314"}],"wp:featuredmedia":[{"embeddable":true,"href":"https:\/\/omanivietnam.com\/index.php\/wp-json\/wp\/v2\/media\/1315"}],"wp:attachment":[{"href":"https:\/\/omanivietnam.com\/index.php\/wp-json\/wp\/v2\/media?parent=1314"}],"wp:term":[{"taxonomy":"product_cat","embeddable":true,"href":"https:\/\/omanivietnam.com\/index.php\/wp-json\/wp\/v2\/product_cat?post=1314"},{"taxonomy":"product_tag","embeddable":true,"href":"https:\/\/omanivietnam.com\/index.php\/wp-json\/wp\/v2\/product_tag?post=1314"}],"curies":[{"name":"wp","href":"https:\/\/api.w.org\/{rel}","templated":true}]}}