{"id":1349,"date":"2024-08-05T23:43:18","date_gmt":"2024-08-05T16:43:18","guid":{"rendered":"https:\/\/omanivietnam.com\/?post_type=product&#038;p=1349"},"modified":"2024-08-05T23:44:27","modified_gmt":"2024-08-05T16:44:27","slug":"festo-adn-25-10-i-p-a-2","status":"publish","type":"product","link":"https:\/\/omanivietnam.com\/index.php\/san-pham\/festo-adn-25-10-i-p-a-2\/","title":{"rendered":"FESTO ADN-25-10-I-P-A"},"content":{"rendered":"<p>FESTO ADN-25-10-I-P-A<\/p>\n<p><strong>ADN-25-10-A-P-A<\/strong><\/p>\n<div>H\u00e0nh tr\u00ecnh [mm] 10<\/div>\n<div>\u0110\u01b0\u1eddng k\u00ednh piston 25 mm<\/div>\n<div>Piston thanh ren M8<\/div>\n<div>Gi\u1ea3m ch\u1ea5n P: V\u00f2ng \/ t\u1ea5m gi\u1ea3m thanh \u0111\u00e0n h\u1ed3i hai m\u1eb7t<\/div>\n<div>v\u1ecb tr\u00ed l\u1eafp \u0111\u1eb7t B\u1ea5t k\u1ef3<\/div>\n<div>Tu\u00e2n theo ti\u00eau chu\u1ea9n ISO 21287<\/div>\n<div>\u0110\u1ea7u thanh piston Ch\u1ee7 \u0111\u1ec1 Nam<\/div>\n<div>Ph\u00e1t hi\u1ec7n v\u1ecb tr\u00ed \u0110\u1ed1i v\u1edbi c\u00f4ng t\u1eafc ti\u1ec7m c\u1eadn<\/div>\n<div>C\u00e1c bi\u1ebfn th\u1ec3 Thanh piston m\u1ed9t m\u1eb7t<\/div>\n<div>\u00c1p su\u1ea5t ho\u1ea1t \u0111\u1ed9ng [bar] 0,6 \u0111\u1ebfn 10<\/div>\n<div>Nguy\u00ean l\u00fd ho\u1ea1t \u0111\u1ed9ng t\u00e1c \u0111\u1ed9ng k\u00e9p<\/div>\n<div><\/div>\n<p><strong>Compact air cylinder ADN-25-10-I-P-A<\/strong><\/p>\n<ul>\n<li>ISO cylinder to ISO 21287 for fixed or self-adjusting cushioning with high variance.<br \/>\nISO 21287<br \/>\nUp to 50% less installation space than comparable ISO cylinders to ISO 15552<br \/>\nPiston rod with internal or external thread<br \/>\nWide range of variants for customized applications<br \/>\nMagnetic piston for position sensing<\/li>\n<\/ul>\n<p>C\u00e1c s\u1ea3n ph\u1ea9m t\u01b0\u01a1ng t\u1ef1<\/p>\n<p>&nbsp;<\/p>\n<table width=\"720\">\n<tbody>\n<tr>\n<td width=\"360\">536289 ADN-40-5-A-P-A<\/td>\n<td width=\"360\">\u00a0536299 ADN-40-5-I-P-A<\/td>\n<\/tr>\n<tr>\n<td width=\"360\">\u00a0536300 ADN-40-10-I-P-A<\/td>\n<td width=\"360\">\u00a0536290 ADN-40-10-A-P-A<\/td>\n<\/tr>\n<tr>\n<td width=\"360\">\u00a0536301 ADN-40-15-I-P-A<\/td>\n<td width=\"360\">\u00a0536291 ADN-40-15-A-P-A<\/td>\n<\/tr>\n<tr>\n<td width=\"360\">\u00a0536302 ADN-40-20-I-P-A<\/td>\n<td width=\"360\">\u00a0536292 ADN-40-20-A-P-A<\/td>\n<\/tr>\n<tr>\n<td width=\"360\">\u00a0536303 ADN-40-25-I-P-A<\/td>\n<td width=\"360\">\u00a0536293 ADN-40-25-A-P-A<\/td>\n<\/tr>\n<tr>\n<td width=\"360\">\u00a0536304 ADN-40-30-I-P-A<\/td>\n<td width=\"360\">\u00a0536294 ADN-40-30-A-P-A<\/td>\n<\/tr>\n<tr>\n<td width=\"360\">\u00a0536305 ADN-40-40-I-P-A<\/td>\n<td width=\"360\">\u00a0536295 ADN-40-40-A-P-A<\/td>\n<\/tr>\n<tr>\n<td width=\"360\">\u00a0536306 ADN-40-50-I-P-A<\/td>\n<td width=\"360\">\u00a0536296 ADN-40-50-A-P-A<\/td>\n<\/tr>\n<tr>\n<td width=\"360\">\u00a0536307 ADN-40-60-I-P-A<\/td>\n<td width=\"360\">\u00a0536297 ADN-40-60-A-P-A<\/td>\n<\/tr>\n<tr>\n<td width=\"360\">\u00a0536308 ADN-40-80-I-P-A<\/td>\n<td width=\"360\">\u00a0536298 ADN-40-80-A-P-A<\/td>\n<\/tr>\n<tr>\n<td width=\"360\">\u00a0536310 ADN-50-5-A-P-A<\/td>\n<td width=\"360\">\u00a0536320 ADN-50-5-I-P-A<\/td>\n<\/tr>\n<tr>\n<td width=\"360\">\u00a0536321 ADN-50-10-I-P-A<\/td>\n<td width=\"360\">\u00a0536311 ADN-50-10-A-P-A<\/td>\n<\/tr>\n<tr>\n<td width=\"360\">\u00a0536322 ADN-50-15-I-P-A<\/td>\n<td width=\"360\">\u00a0536312 ADN-50-15-A-P-A<\/td>\n<\/tr>\n<tr>\n<td width=\"360\">\u00a0536323 ADN-50-20-I-P-A<\/td>\n<td width=\"360\">\u00a0536313 ADN-50-20-A-P-A<\/td>\n<\/tr>\n<tr>\n<td width=\"360\">\u00a0536324 ADN-50-25-I-P-A<\/td>\n<td width=\"360\">\u00a0536314 ADN-50-25-A-P-A<\/td>\n<\/tr>\n<tr>\n<td width=\"360\">\u00a0536325 ADN-50-30-I-P-A<\/td>\n<td width=\"360\">\u00a0536315 ADN-50-30-A-P-A<\/td>\n<\/tr>\n<tr>\n<td width=\"360\">\u00a0536326 ADN-50-40-I-P-A<\/td>\n<td width=\"360\">\u00a0536316 ADN-50-40-A-P-A<\/td>\n<\/tr>\n<tr>\n<td width=\"360\">\u00a0536327 ADN-50-50-I-P-A<\/td>\n<td width=\"360\">\u00a0536317 ADN-50-50-A-P-A<\/td>\n<\/tr>\n<tr>\n<td width=\"360\">\u00a0536328 ADN-50-60-I-P-A<\/td>\n<td width=\"360\">\u00a0536318 ADN-50-60-A-P-A<\/td>\n<\/tr>\n<tr>\n<td width=\"360\">\u00a0536329 ADN-50-80-I-P-A<\/td>\n<td width=\"360\">\u00a0536319 ADN-50-80-A-P-A<\/td>\n<\/tr>\n<tr>\n<td width=\"360\">\u00a0536332 ADN-63-10-A-P-A<\/td>\n<td width=\"360\">\u00a0536342 ADN-63-10-I-P-A<\/td>\n<\/tr>\n<tr>\n<td width=\"360\">\u00a0536343 ADN-63-15-I-P-A<\/td>\n<td width=\"360\">\u00a0536333 ADN-63-15-A-P-A<\/td>\n<\/tr>\n<tr>\n<td width=\"360\">\u00a0536344 ADN-63-20-I-P-A<\/td>\n<td width=\"360\">\u00a0536334 ADN-63-20-A-P-A<\/td>\n<\/tr>\n<tr>\n<td width=\"360\">\u00a0536345 ADN-63-25-I-P-A<\/td>\n<td width=\"360\">\u00a0536335 ADN-63-25-A-P-A<\/td>\n<\/tr>\n<tr>\n<td width=\"360\">\u00a0536346 ADN-63-30-I-P-A<\/td>\n<td width=\"360\">\u00a0536336 ADN-63-30-A-P-A<\/td>\n<\/tr>\n<tr>\n<td width=\"360\">\u00a0536347 ADN-63-40-I-P-A<\/td>\n<td width=\"360\">\u00a0536337 ADN-63-40-A-P-A<\/td>\n<\/tr>\n<tr>\n<td width=\"360\">\u00a0536348 ADN-63-50-I-P-A<\/td>\n<td width=\"360\">\u00a0536338 ADN-63-50-A-P-A<\/td>\n<\/tr>\n<tr>\n<td width=\"360\">\u00a0536349 ADN-63-60-I-P-A<\/td>\n<td width=\"360\">\u00a0536339 ADN-63-60-A-P-A<\/td>\n<\/tr>\n<tr>\n<td width=\"360\">\u00a0536350 ADN-63-80-I-P-A<\/td>\n<td width=\"360\">\u00a0536340 ADN-63-80-A-P-A<\/td>\n<\/tr>\n<tr>\n<td width=\"360\">\u00a0536353 ADN-80-10-A-P-A<\/td>\n<td width=\"360\">\u00a0536363 ADN-80-10-I-P-A<\/td>\n<\/tr>\n<tr>\n<td width=\"360\">\u00a0536364 ADN-80-15-I-P-A<\/td>\n<td width=\"360\">\u00a0536354 ADN-80-15-A-P-A<\/td>\n<\/tr>\n<tr>\n<td width=\"360\">\u00a0536365 ADN-80-20-I-P-A<\/td>\n<td width=\"360\">\u00a0536355 ADN-80-20-A-P-A<\/td>\n<\/tr>\n<tr>\n<td width=\"360\">\u00a0536366 ADN-80-25-I-P-A<\/td>\n<td width=\"360\">\u00a0536356 ADN-80-25-A-P-A<\/td>\n<\/tr>\n<tr>\n<td width=\"360\">\u00a0536367 ADN-80-30-I-P-A<\/td>\n<td width=\"360\">\u00a0536357 ADN-80-30-A-P-A<\/td>\n<\/tr>\n<tr>\n<td width=\"360\">\u00a0536368 ADN-80-40-I-P-A<\/td>\n<td width=\"360\">\u00a0536358 ADN-80-40-A-P-A<\/td>\n<\/tr>\n<tr>\n<td width=\"360\">\u00a0536369 ADN-80-50-I-P-A<\/td>\n<td width=\"360\">\u00a0536359 ADN-80-50-A-P-A<\/td>\n<\/tr>\n<tr>\n<td width=\"360\">\u00a0536370 ADN-80-60-I-P-A<\/td>\n<td width=\"360\">\u00a0536360 ADN-80-60-A-P-A<\/td>\n<\/tr>\n<tr>\n<td width=\"360\">\u00a0536371 ADN-80-80-I-P-A<\/td>\n<td width=\"360\">\u00a0536361 ADN-80-80-A-P-A<\/td>\n<\/tr>\n<tr>\n<td><\/td>\n<td><\/td>\n<\/tr>\n<tr>\n<td><\/td>\n<td><\/td>\n<\/tr>\n<tr>\n<td><\/td>\n<td><\/td>\n<\/tr>\n<tr>\n<td><\/td>\n<td><\/td>\n<\/tr>\n<tr>\n<td><\/td>\n<td><\/td>\n<\/tr>\n<tr>\n<td><\/td>\n<td><\/td>\n<\/tr>\n<tr>\n<td width=\"360\">Piston \u00c6 [mm]<\/td>\n<td width=\"360\">Stroke [mm]<\/td>\n<\/tr>\n<tr>\n<td width=\"360\">Part No. Type<\/td>\n<td><\/td>\n<\/tr>\n<tr>\n<td width=\"360\">\u00a0572655 ADN-32-10-A-PPS-A<\/td>\n<td width=\"360\">\u00a0572646 ADN-32-10-I-PPS-A<\/td>\n<\/tr>\n<tr>\n<td width=\"360\">\u00a0572647 ADN-32-15-I-PPS-A<\/td>\n<td width=\"360\">\u00a0572656 ADN-32-15-A-PPS-A<\/td>\n<\/tr>\n<tr>\n<td width=\"360\">\u00a0572648 ADN-32-20-I-PPS-A<\/td>\n<td width=\"360\">\u00a0572657 ADN-32-20-A-PPS-A<\/td>\n<\/tr>\n<tr>\n<td width=\"360\">\u00a0572649 ADN-32-25-I-PPS-A<\/td>\n<td width=\"360\">\u00a0572658 ADN-32-25-A-PPS-A<\/td>\n<\/tr>\n<tr>\n<td width=\"360\">\u00a0572650 ADN-32-30-I-PPS-A<\/td>\n<td width=\"360\">\u00a0572659 ADN-32-30-A-PPS-A<\/td>\n<\/tr>\n<tr>\n<td width=\"360\">\u00a0572651 ADN-32-40-I-PPS-A<\/td>\n<td width=\"360\">\u00a0572660 ADN-32-40-A-PPS-A<\/td>\n<\/tr>\n<tr>\n<td width=\"360\">\u00a0572652 ADN-32-50-I-PPS-A<\/td>\n<td width=\"360\">\u00a0572661 ADN-32-50-A-PPS-A<\/td>\n<\/tr>\n<tr>\n<td width=\"360\">\u00a0572653 ADN-32-60-I-PPS-A<\/td>\n<td width=\"360\">\u00a0572662 ADN-32-60-A-PPS-A<\/td>\n<\/tr>\n<tr>\n<td width=\"360\">\u00a0572654 ADN-32-80-I-PPS-A<\/td>\n<td width=\"360\">\u00a0572663 ADN-32-80-A-PPS-A<\/td>\n<\/tr>\n<tr>\n<td width=\"360\">\u00a0572673 ADN-40-10-A-PPS-A<\/td>\n<td width=\"360\">\u00a0572664 ADN-40-10-I-PPS-A<\/td>\n<\/tr>\n<tr>\n<td width=\"360\">\u00a0572665 ADN-40-15-I-PPS-A<\/td>\n<td width=\"360\">\u00a0572674 ADN-40-15-A-PPS-A<\/td>\n<\/tr>\n<tr>\n<td width=\"360\">\u00a0572666 ADN-40-20-I-PPS-A<\/td>\n<td width=\"360\">\u00a0572675 ADN-40-20-A-PPS-A<\/td>\n<\/tr>\n<tr>\n<td width=\"360\">\u00a0572667 ADN-40-25-I-PPS-A<\/td>\n<td width=\"360\">\u00a0572676 ADN-40-25-A-PPS-A<\/td>\n<\/tr>\n<tr>\n<td width=\"360\">\u00a0572668 ADN-40-30-I-PPS-A<\/td>\n<td width=\"360\">\u00a0572677 ADN-40-30-A-PPS-A<\/td>\n<\/tr>\n<tr>\n<td width=\"360\">\u00a0572669 ADN-40-40-I-PPS-A<\/td>\n<td width=\"360\">\u00a0572678 ADN-40-40-A-PPS-A<\/td>\n<\/tr>\n<tr>\n<td width=\"360\">\u00a0572670 ADN-40-50-I-PPS-A<\/td>\n<td width=\"360\">\u00a0572679 ADN-40-50-A-PPS-A<\/td>\n<\/tr>\n<tr>\n<td width=\"360\">\u00a0572671 ADN-40-60-I-PPS-A<\/td>\n<td width=\"360\">\u00a0572680 ADN-40-60-A-PPS-A<\/td>\n<\/tr>\n<tr>\n<td width=\"360\">\u00a0572672 ADN-40-80-I-PPS-A<\/td>\n<td width=\"360\">\u00a0572681 ADN-40-80-A-PPS-A<\/td>\n<\/tr>\n<tr>\n<td width=\"360\">\u00a0572691 ADN-50-10-A-PPS-A<\/td>\n<td width=\"360\">\u00a0572682 ADN-50-10-I-PPS-A<\/td>\n<\/tr>\n<tr>\n<td width=\"360\">\u00a0572683 ADN-50-15-I-PPS-A<\/td>\n<td width=\"360\">\u00a0572692 ADN-50-15-A-PPS-A<\/td>\n<\/tr>\n<tr>\n<td width=\"360\">\u00a0572684 ADN-50-20-I-PPS-A<\/td>\n<td width=\"360\">\u00a0572693 ADN-50-20-A-PPS-A<\/td>\n<\/tr>\n<tr>\n<td width=\"360\">\u00a0572685 ADN-50-25-I-PPS-A<\/td>\n<td width=\"360\">\u00a0572694 ADN-50-25-A-PPS-A<\/td>\n<\/tr>\n<tr>\n<td width=\"360\">\u00a0572686 ADN-50-30-I-PPS-A<\/td>\n<td width=\"360\">\u00a0572695 ADN-50-30-A-PPS-A<\/td>\n<\/tr>\n<tr>\n<td width=\"360\">\u00a0572687 ADN-50-40-I-PPS-A<\/td>\n<td width=\"360\">\u00a0572696 ADN-50-40-A-PPS-A<\/td>\n<\/tr>\n<tr>\n<td width=\"360\">\u00a0572688 ADN-50-50-I-PPS-A<\/td>\n<td width=\"360\">\u00a0572697 ADN-50-50-A-PPS-A<\/td>\n<\/tr>\n<tr>\n<td width=\"360\">\u00a0572689 ADN-50-60-I-PPS-A<\/td>\n<td width=\"360\">\u00a0572698 ADN-50-60-A-PPS-A<\/td>\n<\/tr>\n<tr>\n<td width=\"360\">\u00a0572690 ADN-50-80-I-PPS-A<\/td>\n<td width=\"360\">\u00a0572699 ADN-50-80-A-PPS-A<\/td>\n<\/tr>\n<tr>\n<td width=\"360\">\u00a0572709 ADN-63-10-A-PPS-A<\/td>\n<td width=\"360\">\u00a0572700 ADN-63-10-I-PPS-A<\/td>\n<\/tr>\n<tr>\n<td width=\"360\">\u00a0572701 ADN-63-15-I-PPS-A<\/td>\n<td width=\"360\">\u00a0572710 ADN-63-15-A-PPS-A<\/td>\n<\/tr>\n<tr>\n<td width=\"360\">\u00a0572702 ADN-63-20-I-PPS-A<\/td>\n<td width=\"360\">\u00a0572711 ADN-63-20-A-PPS-A<\/td>\n<\/tr>\n<tr>\n<td width=\"360\">\u00a0572703 ADN-63-25-I-PPS-A<\/td>\n<td width=\"360\">\u00a0572712 ADN-63-25-A-PPS-A<\/td>\n<\/tr>\n<tr>\n<td width=\"360\">\u00a0572704 ADN-63-30-I-PPS-A<\/td>\n<td width=\"360\">\u00a0572713 ADN-63-30-A-PPS-A<\/td>\n<\/tr>\n<tr>\n<td width=\"360\">\u00a0572705 ADN-63-40-I-PPS-A<\/td>\n<td width=\"360\">\u00a0572714 ADN-63-40-A-PPS-A<\/td>\n<\/tr>\n<tr>\n<td width=\"360\">\u00a0572706 ADN-63-50-I-PPS-A<\/td>\n<td width=\"360\">\u00a0572715 ADN-63-50-A-PPS-A<\/td>\n<\/tr>\n<tr>\n<td width=\"360\">\u00a0572707 ADN-63-60-I-PPS-A<\/td>\n<td width=\"360\">\u00a0572716 ADN-63-60-A-PPS-A<\/td>\n<\/tr>\n<tr>\n<td width=\"360\">\u00a0572708 ADN-63-80-I-PPS-A<\/td>\n<td width=\"360\">\u00a0572717 ADN-63-80-A-PPS-A<\/td>\n<\/tr>\n<tr>\n<td width=\"360\">\u00a0572727 ADN-80-10-A-PPS-A<\/td>\n<td width=\"360\">\u00a0572718 ADN-80-10-I-PPS-A<\/td>\n<\/tr>\n<tr>\n<td width=\"360\">\u00a0572719 ADN-80-15-I-PPS-A<\/td>\n<td width=\"360\">\u00a0572728 ADN-80-15-A-PPS-A<\/td>\n<\/tr>\n<tr>\n<td width=\"360\">\u00a0572720 ADN-80-20-I-PPS-A<\/td>\n<td width=\"360\">\u00a0572729 ADN-80-20-A-PPS-A<\/td>\n<\/tr>\n<tr>\n<td width=\"360\">\u00a0572721 ADN-80-25-I-PPS-A<\/td>\n<td width=\"360\">\u00a0572730 ADN-80-25-A-PPS-A<\/td>\n<\/tr>\n<tr>\n<td width=\"360\">\u00a0572722 ADN-80-30-I-PPS-A<\/td>\n<td width=\"360\">\u00a0572731 ADN-80-30-A-PPS-A<\/td>\n<\/tr>\n<tr>\n<td width=\"360\">\u00a0572723 ADN-80-40-I-PPS-A<\/td>\n<td width=\"360\">\u00a0572732 ADN-80-40-A-PPS-A<\/td>\n<\/tr>\n<tr>\n<td width=\"360\">\u00a0572724 ADN-80-50-I-PPS-A<\/td>\n<td width=\"360\">\u00a0572733 ADN-80-50-A-PPS-A<\/td>\n<\/tr>\n<tr>\n<td width=\"360\">\u00a0572725 ADN-80-60-I-PPS-A<\/td>\n<td width=\"360\">\u00a0572734 ADN-80-60-A-PPS-A<\/td>\n<\/tr>\n<tr>\n<td width=\"360\">\u00a0572726 ADN-80-80-I-PPS-A<\/td>\n<td width=\"360\">\u00a0572735 ADN-80-80-A-PPS-A<\/td>\n<\/tr>\n<\/tbody>\n<\/table>\n<p>&nbsp;<\/p>\n<div>ADN-25-10-A-P-A 536252<\/div>\n<div>ADN-25-10-A-P-A-S20 536252<\/div>\n<div>ADN-25-10-A-PPS-A 577175<\/div>\n<div>ADN-25-10-I-P-A 536260<\/div>\n<div>ADN-25-10-I-PPS-A 577182<\/div>\n<div>ADN-25-15-A-P-A 536253<\/div>\n<div>ADN-25-15-A-P-A-S2 536250<\/div>\n<div>ADN-25-15-A-PPS-A 577176<\/div>\n<div>ADN-25-15-I-P-A 536261<\/div>\n<div>ADN-25-15-I-PPS-A 577183<\/div>\n<div>ADN-25-180-A-P-A 536250<\/div>\n<div>ADN-25-20-A-P-A 536254<\/div>\n<div>ADN-25-20-A-P-A-M10X1,25K5 15189925<\/div>\n<div>ADN-25-20-A-PPS-A 577177<\/div>\n<div>ADN-25-20-I-P-A 536262<\/div>\n<div>ADN-25-20-I-PPS-A 577184<\/div>\n<div>ADN-25-25-A-P-A 536255<\/div>\n<div>ADN-25-25-A-PPS-A 577178<\/div>\n<div>ADN-25-25-I-P-A 536263<\/div>\n<div>ADN-25-25-I-PPS-A 577185<\/div>\n<div><\/div>\n<div>\n<p>\u0110\u1ea1i l\u00fd FESTO vietnam, FESTO viet nam, FESTO vietnam distributor, Ph\u00e2n ph\u1ed1i FESTO t\u1ea1i vi\u1ec7t nam<\/p>\n<p>\u0110\u1ea1i l\u00fd FESTO vietnam, FESTO viet nam, FESTO vietnam distributor, Ph\u00e2n ph\u1ed1i FESTO t\u1ea1i vi\u1ec7t nam<\/p>\n<p>\u0110\u1ea1i l\u00fd FESTO vietnam, FESTO viet nam, FESTO vietnam distributor, Ph\u00e2n ph\u1ed1i FESTO t\u1ea1i vi\u1ec7t nam<\/p>\n<p>\u0110\u1ea1i l\u00fd FESTO vietnam, FESTO viet nam, FESTO vietnam distributor, Ph\u00e2n ph\u1ed1i FESTO t\u1ea1i vi\u1ec7t nam<\/p>\n<p>\u0110\u1ea1i l\u00fd FESTO vietnam, FESTO viet nam, FESTO vietnam distributor, Ph\u00e2n ph\u1ed1i FESTO t\u1ea1i vi\u1ec7t nam<\/p>\n<\/div>\n","protected":false},"excerpt":{"rendered":"<p>FESTO ADN-25-10-I-P-A ADN-25-10-A-P-A H\u00e0nh tr\u00ecnh [mm] 10 \u0110\u01b0\u1eddng k\u00ednh piston 25 mm Piston thanh ren M8 Gi\u1ea3m ch\u1ea5n P: V\u00f2ng \/ t\u1ea5m gi\u1ea3m thanh \u0111\u00e0n h\u1ed3i hai m\u1eb7t v\u1ecb tr\u00ed l\u1eafp \u0111\u1eb7t B\u1ea5t k\u1ef3 Tu\u00e2n theo ti\u00eau chu\u1ea9n ISO 21287 \u0110\u1ea7u thanh piston Ch\u1ee7 \u0111\u1ec1 Nam Ph\u00e1t hi\u1ec7n v\u1ecb tr\u00ed&hellip; <\/p>\n","protected":false},"featured_media":1350,"comment_status":"open","ping_status":"closed","template":"","meta":[],"product_cat":[284],"product_tag":[364,363,98],"class_list":{"0":"post-1349","1":"product","2":"type-product","3":"status-publish","4":"has-post-thumbnail","6":"product_cat-festo","7":"product_tag-dai-ly-festo-viet-nam","8":"product_tag-festo-viet-nam","9":"product_tag-xy-lanh-khi","11":"first","12":"instock","13":"shipping-taxable","14":"product-type-simple"},"yoast_head":"<!-- This site is optimized with the Yoast SEO plugin v22.8 - https:\/\/yoast.com\/wordpress\/plugins\/seo\/ -->\n<title>FESTO ADN-25-10-I-P-A - OMANI VI\u1ec6T NAM<\/title>\n<meta name=\"robots\" content=\"index, follow, max-snippet:-1, max-image-preview:large, max-video-preview:-1\" \/>\n<link rel=\"canonical\" href=\"https:\/\/omanivietnam.com\/index.php\/san-pham\/festo-adn-25-10-i-p-a-2\/\" \/>\n<meta property=\"og:locale\" content=\"vi_VN\" \/>\n<meta property=\"og:type\" content=\"article\" \/>\n<meta property=\"og:title\" content=\"FESTO ADN-25-10-I-P-A - OMANI VI\u1ec6T NAM\" \/>\n<meta property=\"og:description\" content=\"FESTO ADN-25-10-I-P-A ADN-25-10-A-P-A H\u00e0nh tr\u00ecnh [mm] 10 \u0110\u01b0\u1eddng k\u00ednh piston 25 mm Piston thanh ren M8 Gi\u1ea3m ch\u1ea5n P: V\u00f2ng \/ t\u1ea5m gi\u1ea3m thanh \u0111\u00e0n h\u1ed3i hai m\u1eb7t v\u1ecb tr\u00ed l\u1eafp \u0111\u1eb7t B\u1ea5t k\u1ef3 Tu\u00e2n theo ti\u00eau chu\u1ea9n ISO 21287 \u0110\u1ea7u thanh piston Ch\u1ee7 \u0111\u1ec1 Nam Ph\u00e1t hi\u1ec7n v\u1ecb tr\u00ed&hellip;\" \/>\n<meta property=\"og:url\" content=\"https:\/\/omanivietnam.com\/index.php\/san-pham\/festo-adn-25-10-i-p-a-2\/\" \/>\n<meta property=\"og:site_name\" content=\"OMANI VI\u1ec6T NAM\" \/>\n<meta property=\"article:modified_time\" content=\"2024-08-05T16:44:27+00:00\" \/>\n<meta property=\"og:image\" content=\"https:\/\/omanivietnam.com\/wp-content\/uploads\/2024\/08\/ADN-25-10-I-P-A-1.png\" \/>\n\t<meta property=\"og:image:width\" content=\"598\" \/>\n\t<meta property=\"og:image:height\" content=\"591\" \/>\n\t<meta property=\"og:image:type\" content=\"image\/png\" \/>\n<meta name=\"twitter:card\" content=\"summary_large_image\" \/>\n<meta name=\"twitter:label1\" content=\"\u01af\u1edbc t\u00ednh th\u1eddi gian \u0111\u1ecdc\" \/>\n\t<meta name=\"twitter:data1\" content=\"4 ph\u00fat\" \/>\n<script type=\"application\/ld+json\" class=\"yoast-schema-graph\">{\"@context\":\"https:\/\/schema.org\",\"@graph\":[{\"@type\":\"WebPage\",\"@id\":\"https:\/\/omanivietnam.com\/index.php\/san-pham\/festo-adn-25-10-i-p-a-2\/\",\"url\":\"https:\/\/omanivietnam.com\/index.php\/san-pham\/festo-adn-25-10-i-p-a-2\/\",\"name\":\"FESTO ADN-25-10-I-P-A - OMANI VI\u1ec6T NAM\",\"isPartOf\":{\"@id\":\"https:\/\/omanivietnam.com\/#website\"},\"primaryImageOfPage\":{\"@id\":\"https:\/\/omanivietnam.com\/index.php\/san-pham\/festo-adn-25-10-i-p-a-2\/#primaryimage\"},\"image\":{\"@id\":\"https:\/\/omanivietnam.com\/index.php\/san-pham\/festo-adn-25-10-i-p-a-2\/#primaryimage\"},\"thumbnailUrl\":\"https:\/\/omanivietnam.com\/wp-content\/uploads\/2024\/08\/ADN-25-10-I-P-A-1.png\",\"datePublished\":\"2024-08-05T16:43:18+00:00\",\"dateModified\":\"2024-08-05T16:44:27+00:00\",\"breadcrumb\":{\"@id\":\"https:\/\/omanivietnam.com\/index.php\/san-pham\/festo-adn-25-10-i-p-a-2\/#breadcrumb\"},\"inLanguage\":\"vi\",\"potentialAction\":[{\"@type\":\"ReadAction\",\"target\":[\"https:\/\/omanivietnam.com\/index.php\/san-pham\/festo-adn-25-10-i-p-a-2\/\"]}]},{\"@type\":\"ImageObject\",\"inLanguage\":\"vi\",\"@id\":\"https:\/\/omanivietnam.com\/index.php\/san-pham\/festo-adn-25-10-i-p-a-2\/#primaryimage\",\"url\":\"https:\/\/omanivietnam.com\/wp-content\/uploads\/2024\/08\/ADN-25-10-I-P-A-1.png\",\"contentUrl\":\"https:\/\/omanivietnam.com\/wp-content\/uploads\/2024\/08\/ADN-25-10-I-P-A-1.png\",\"width\":598,\"height\":591},{\"@type\":\"BreadcrumbList\",\"@id\":\"https:\/\/omanivietnam.com\/index.php\/san-pham\/festo-adn-25-10-i-p-a-2\/#breadcrumb\",\"itemListElement\":[{\"@type\":\"ListItem\",\"position\":1,\"name\":\"Home\",\"item\":\"https:\/\/omanivietnam.com\/\"},{\"@type\":\"ListItem\",\"position\":2,\"name\":\"S\u1ea2N PH\u1ea8M\",\"item\":\"https:\/\/omanivietnam.com\/index.php\/cua-hang\/\"},{\"@type\":\"ListItem\",\"position\":3,\"name\":\"FESTO ADN-25-10-I-P-A\"}]},{\"@type\":\"WebSite\",\"@id\":\"https:\/\/omanivietnam.com\/#website\",\"url\":\"https:\/\/omanivietnam.com\/\",\"name\":\"OMANI VI\u1ec6T NAM\",\"description\":\"Nh\u00e0 ph\u00e2n ph\u1ed1i thi\u1ebft b\u1ecb kh\u00ed n\u00e9n v\u00e0 thi\u1ebft b\u1ecb t\u1ef1 \u0111\u1ed9ng h\u00f3a trong c\u00f4ng nghi\u1ec7p\",\"publisher\":{\"@id\":\"https:\/\/omanivietnam.com\/#\/schema\/person\/0ad398a980dc3fd696111c2c5c8fa897\"},\"potentialAction\":[{\"@type\":\"SearchAction\",\"target\":{\"@type\":\"EntryPoint\",\"urlTemplate\":\"https:\/\/omanivietnam.com\/?s={search_term_string}\"},\"query-input\":\"required name=search_term_string\"}],\"inLanguage\":\"vi\"},{\"@type\":[\"Person\",\"Organization\"],\"@id\":\"https:\/\/omanivietnam.com\/#\/schema\/person\/0ad398a980dc3fd696111c2c5c8fa897\",\"name\":\"Nguy\u1ec5n V\u0103n Kh\u00e1nh\",\"image\":{\"@type\":\"ImageObject\",\"inLanguage\":\"vi\",\"@id\":\"https:\/\/omanivietnam.com\/#\/schema\/person\/image\/\",\"url\":\"https:\/\/omanivietnam.com\/wp-content\/uploads\/2024\/06\/logo-1024x1024.png\",\"contentUrl\":\"https:\/\/omanivietnam.com\/wp-content\/uploads\/2024\/06\/logo-1024x1024.png\",\"width\":1024,\"height\":1024,\"caption\":\"Nguy\u1ec5n V\u0103n Kh\u00e1nh\"},\"logo\":{\"@id\":\"https:\/\/omanivietnam.com\/#\/schema\/person\/image\/\"},\"sameAs\":[\"https:\/\/omanivietnam.com\"]}]}<\/script>\n<!-- \/ Yoast SEO plugin. -->","yoast_head_json":{"title":"FESTO ADN-25-10-I-P-A - OMANI VI\u1ec6T NAM","robots":{"index":"index","follow":"follow","max-snippet":"max-snippet:-1","max-image-preview":"max-image-preview:large","max-video-preview":"max-video-preview:-1"},"canonical":"https:\/\/omanivietnam.com\/index.php\/san-pham\/festo-adn-25-10-i-p-a-2\/","og_locale":"vi_VN","og_type":"article","og_title":"FESTO ADN-25-10-I-P-A - OMANI VI\u1ec6T NAM","og_description":"FESTO ADN-25-10-I-P-A ADN-25-10-A-P-A H\u00e0nh tr\u00ecnh [mm] 10 \u0110\u01b0\u1eddng k\u00ednh piston 25 mm Piston thanh ren M8 Gi\u1ea3m ch\u1ea5n P: V\u00f2ng \/ t\u1ea5m gi\u1ea3m thanh \u0111\u00e0n h\u1ed3i hai m\u1eb7t v\u1ecb tr\u00ed l\u1eafp \u0111\u1eb7t B\u1ea5t k\u1ef3 Tu\u00e2n theo ti\u00eau chu\u1ea9n ISO 21287 \u0110\u1ea7u thanh piston Ch\u1ee7 \u0111\u1ec1 Nam Ph\u00e1t hi\u1ec7n v\u1ecb tr\u00ed&hellip;","og_url":"https:\/\/omanivietnam.com\/index.php\/san-pham\/festo-adn-25-10-i-p-a-2\/","og_site_name":"OMANI VI\u1ec6T NAM","article_modified_time":"2024-08-05T16:44:27+00:00","og_image":[{"width":598,"height":591,"url":"https:\/\/omanivietnam.com\/wp-content\/uploads\/2024\/08\/ADN-25-10-I-P-A-1.png","type":"image\/png"}],"twitter_card":"summary_large_image","twitter_misc":{"\u01af\u1edbc t\u00ednh th\u1eddi gian \u0111\u1ecdc":"4 ph\u00fat"},"schema":{"@context":"https:\/\/schema.org","@graph":[{"@type":"WebPage","@id":"https:\/\/omanivietnam.com\/index.php\/san-pham\/festo-adn-25-10-i-p-a-2\/","url":"https:\/\/omanivietnam.com\/index.php\/san-pham\/festo-adn-25-10-i-p-a-2\/","name":"FESTO ADN-25-10-I-P-A - OMANI VI\u1ec6T NAM","isPartOf":{"@id":"https:\/\/omanivietnam.com\/#website"},"primaryImageOfPage":{"@id":"https:\/\/omanivietnam.com\/index.php\/san-pham\/festo-adn-25-10-i-p-a-2\/#primaryimage"},"image":{"@id":"https:\/\/omanivietnam.com\/index.php\/san-pham\/festo-adn-25-10-i-p-a-2\/#primaryimage"},"thumbnailUrl":"https:\/\/omanivietnam.com\/wp-content\/uploads\/2024\/08\/ADN-25-10-I-P-A-1.png","datePublished":"2024-08-05T16:43:18+00:00","dateModified":"2024-08-05T16:44:27+00:00","breadcrumb":{"@id":"https:\/\/omanivietnam.com\/index.php\/san-pham\/festo-adn-25-10-i-p-a-2\/#breadcrumb"},"inLanguage":"vi","potentialAction":[{"@type":"ReadAction","target":["https:\/\/omanivietnam.com\/index.php\/san-pham\/festo-adn-25-10-i-p-a-2\/"]}]},{"@type":"ImageObject","inLanguage":"vi","@id":"https:\/\/omanivietnam.com\/index.php\/san-pham\/festo-adn-25-10-i-p-a-2\/#primaryimage","url":"https:\/\/omanivietnam.com\/wp-content\/uploads\/2024\/08\/ADN-25-10-I-P-A-1.png","contentUrl":"https:\/\/omanivietnam.com\/wp-content\/uploads\/2024\/08\/ADN-25-10-I-P-A-1.png","width":598,"height":591},{"@type":"BreadcrumbList","@id":"https:\/\/omanivietnam.com\/index.php\/san-pham\/festo-adn-25-10-i-p-a-2\/#breadcrumb","itemListElement":[{"@type":"ListItem","position":1,"name":"Home","item":"https:\/\/omanivietnam.com\/"},{"@type":"ListItem","position":2,"name":"S\u1ea2N PH\u1ea8M","item":"https:\/\/omanivietnam.com\/index.php\/cua-hang\/"},{"@type":"ListItem","position":3,"name":"FESTO ADN-25-10-I-P-A"}]},{"@type":"WebSite","@id":"https:\/\/omanivietnam.com\/#website","url":"https:\/\/omanivietnam.com\/","name":"OMANI VI\u1ec6T NAM","description":"Nh\u00e0 ph\u00e2n ph\u1ed1i thi\u1ebft b\u1ecb kh\u00ed n\u00e9n v\u00e0 thi\u1ebft b\u1ecb t\u1ef1 \u0111\u1ed9ng h\u00f3a trong c\u00f4ng nghi\u1ec7p","publisher":{"@id":"https:\/\/omanivietnam.com\/#\/schema\/person\/0ad398a980dc3fd696111c2c5c8fa897"},"potentialAction":[{"@type":"SearchAction","target":{"@type":"EntryPoint","urlTemplate":"https:\/\/omanivietnam.com\/?s={search_term_string}"},"query-input":"required name=search_term_string"}],"inLanguage":"vi"},{"@type":["Person","Organization"],"@id":"https:\/\/omanivietnam.com\/#\/schema\/person\/0ad398a980dc3fd696111c2c5c8fa897","name":"Nguy\u1ec5n V\u0103n Kh\u00e1nh","image":{"@type":"ImageObject","inLanguage":"vi","@id":"https:\/\/omanivietnam.com\/#\/schema\/person\/image\/","url":"https:\/\/omanivietnam.com\/wp-content\/uploads\/2024\/06\/logo-1024x1024.png","contentUrl":"https:\/\/omanivietnam.com\/wp-content\/uploads\/2024\/06\/logo-1024x1024.png","width":1024,"height":1024,"caption":"Nguy\u1ec5n V\u0103n Kh\u00e1nh"},"logo":{"@id":"https:\/\/omanivietnam.com\/#\/schema\/person\/image\/"},"sameAs":["https:\/\/omanivietnam.com"]}]}},"_links":{"self":[{"href":"https:\/\/omanivietnam.com\/index.php\/wp-json\/wp\/v2\/product\/1349","targetHints":{"allow":["GET"]}}],"collection":[{"href":"https:\/\/omanivietnam.com\/index.php\/wp-json\/wp\/v2\/product"}],"about":[{"href":"https:\/\/omanivietnam.com\/index.php\/wp-json\/wp\/v2\/types\/product"}],"replies":[{"embeddable":true,"href":"https:\/\/omanivietnam.com\/index.php\/wp-json\/wp\/v2\/comments?post=1349"}],"wp:featuredmedia":[{"embeddable":true,"href":"https:\/\/omanivietnam.com\/index.php\/wp-json\/wp\/v2\/media\/1350"}],"wp:attachment":[{"href":"https:\/\/omanivietnam.com\/index.php\/wp-json\/wp\/v2\/media?parent=1349"}],"wp:term":[{"taxonomy":"product_cat","embeddable":true,"href":"https:\/\/omanivietnam.com\/index.php\/wp-json\/wp\/v2\/product_cat?post=1349"},{"taxonomy":"product_tag","embeddable":true,"href":"https:\/\/omanivietnam.com\/index.php\/wp-json\/wp\/v2\/product_tag?post=1349"}],"curies":[{"name":"wp","href":"https:\/\/api.w.org\/{rel}","templated":true}]}}