{"id":1353,"date":"2024-08-06T00:08:05","date_gmt":"2024-08-05T17:08:05","guid":{"rendered":"https:\/\/omanivietnam.com\/?post_type=product&#038;p=1353"},"modified":"2024-08-06T00:08:05","modified_gmt":"2024-08-05T17:08:05","slug":"festo-dsnu-20-350-ppv-a","status":"publish","type":"product","link":"https:\/\/omanivietnam.com\/index.php\/san-pham\/festo-dsnu-20-350-ppv-a\/","title":{"rendered":"FESTO DSNU-20-350-PPV-A"},"content":{"rendered":"<p>FESTO DSNU-20-350-PPV-A<\/p>\n<p class=\"m-h1\">Round Cylinder, DSNU Series (DSNU-20-320-PPV-A)<\/p>\n<p class=\"m-h2\">Product Description<\/p>\n<p>Pneumatic piston rod cylinders consist of pistons in enclosures that generate linear motion. Their compact size and low weight range allow for shorter strokes than standard cylinders which make them suitable for positioning, clamping and ejecting smaller components.<\/p>\n<p class=\"m-h3\"><span data-lang=\"ENG\">Configured Specifications<\/span><\/p>\n<table class=\"m-listTable\" summary=\"Price, Spec., etc.\">\n<colgroup>\n<col width=\"20%\" \/>\n<col width=\"30%\" \/>\n<col width=\"20%\" \/>\n<col width=\"30%\" \/><\/colgroup>\n<tbody>\n<tr>\n<th>Cylinder Operation Method<\/th>\n<td>Double Acting<\/td>\n<th>Stroke: L(mm)<\/th>\n<td>320<\/td>\n<\/tr>\n<tr>\n<th>Operating Temperature(\u00b0C)<\/th>\n<td>-20\uff5e80<\/td>\n<th>Operating Pressure(MPa)<\/th>\n<td>0.1\uff5e1<\/td>\n<\/tr>\n<tr>\n<th>Seals material<\/th>\n<td>NBR, TPE-U(PU)<\/td>\n<th>Cover material<\/th>\n<td>Wrought aluminum alloy, Plain anodized<\/td>\n<\/tr>\n<tr>\n<th>Piston rod material<\/th>\n<td>High-alloy stainless steel<\/td>\n<th>Material of cylinder barrel<\/th>\n<td>High-alloy stainless steel<\/td>\n<\/tr>\n<tr>\n<th>Piston diameter(mm)<\/th>\n<td>20<\/td>\n<th>Theoretical force at 6 bar, retracting(N)<\/th>\n<td>158.3<\/td>\n<\/tr>\n<tr>\n<th>Theoretical force at 6 bar, advancing(N)<\/th>\n<td>188.5<\/td>\n<th>Pneumatic connection<\/th>\n<td>G1\/8<\/td>\n<\/tr>\n<tr class=\"VN_table-row\">\n<th>Piston rod thread<\/th>\n<td>M8<\/td>\n<th>Piston rod end<\/th>\n<td>External thread<\/td>\n<\/tr>\n<tr class=\"VN_table-row\">\n<th>Impact energy in the end positions(J)<\/th>\n<td>0.2<\/td>\n<th>Moving mass(g)<\/th>\n<td>&#8211;<\/td>\n<\/tr>\n<tr class=\"VN_table-row\">\n<th>Moving mass at 0\u00a0mm stroke(g)<\/th>\n<td>44<\/td>\n<th>Additional weight per 10\u00a0mm stroke(g)<\/th>\n<td>7.2<\/td>\n<\/tr>\n<tr class=\"VN_table-row\">\n<th>Basic weight with 0\u00a0mm stroke(g)<\/th>\n<td>186.8<\/td>\n<th>Additional moving mass per 10\u00a0mm stroke(g)<\/th>\n<td>4<\/td>\n<\/tr>\n<tr class=\"VN_table-row\">\n<th>Cushioning length(mm)<\/th>\n<td>15<\/td>\n<th>Operating medium<\/th>\n<td>Compressed air as per ISO 8573-1:2010 [7:4:4]<\/td>\n<\/tr>\n<tr class=\"VN_table-row\">\n<th>Corrosion resistance class (CRC)<\/th>\n<td>2 &#8211; Moderate corrosion stress<\/td>\n<th>Manufacturer part #<\/th>\n<td>34720<\/td>\n<\/tr>\n<tr class=\"VN_table-row\">\n<th>Weight<\/th>\n<td>186.8<\/td>\n<th>RoHS<\/th>\n<td>10<\/td>\n<\/tr>\n<\/tbody>\n<\/table>\n<p>C\u00e1c s\u1ea3n ph\u1ea9m t\u01b0\u01a1ng t\u1ef1<\/p>\n<p>&nbsp;<\/p>\n<p>FESTO DSNU-20-350-PPV-A<br \/>\nFESTO DSNU-25-150-PPV-A<br \/>\nFESTO DSNU-25-355-PPV-A<br \/>\nFESTO DSNU-32-100-PPV-A<\/p>\n<p>&nbsp;<\/p>\n<p>\u0110\u1ea1i l\u00fd FESTO vietnam, FESTO viet nam, FESTO vietnam distributor, Ph\u00e2n ph\u1ed1i FESTO t\u1ea1i vi\u1ec7t nam<\/p>\n<p>\u0110\u1ea1i l\u00fd FESTO vietnam, FESTO viet nam, FESTO vietnam distributor, Ph\u00e2n ph\u1ed1i FESTO t\u1ea1i vi\u1ec7t nam<\/p>\n<p>\u0110\u1ea1i l\u00fd FESTO vietnam, FESTO viet nam, FESTO vietnam distributor, Ph\u00e2n ph\u1ed1i FESTO t\u1ea1i vi\u1ec7t nam<\/p>\n<p>\u0110\u1ea1i l\u00fd FESTO vietnam, FESTO viet nam, FESTO vietnam distributor, Ph\u00e2n ph\u1ed1i FESTO t\u1ea1i vi\u1ec7t nam<\/p>\n<p>\u0110\u1ea1i l\u00fd FESTO vietnam, FESTO viet nam, FESTO vietnam distributor, Ph\u00e2n ph\u1ed1i FESTO t\u1ea1i vi\u1ec7t nam<\/p>\n","protected":false},"excerpt":{"rendered":"<p>FESTO DSNU-20-350-PPV-A Round Cylinder, DSNU Series (DSNU-20-320-PPV-A) Product Description Pneumatic piston rod cylinders consist of pistons in enclosures that generate linear motion. Their compact size and low weight range allow for shorter strokes than standard cylinders which make them suitable for positioning, clamping and ejecting smaller components. Configured Specifications Cylinder&hellip; <\/p>\n","protected":false},"featured_media":1354,"comment_status":"open","ping_status":"closed","template":"","meta":[],"product_cat":[284],"product_tag":[364,363,98],"class_list":{"0":"post-1353","1":"product","2":"type-product","3":"status-publish","4":"has-post-thumbnail","6":"product_cat-festo","7":"product_tag-dai-ly-festo-viet-nam","8":"product_tag-festo-viet-nam","9":"product_tag-xy-lanh-khi","11":"first","12":"instock","13":"shipping-taxable","14":"product-type-simple"},"yoast_head":"<!-- This site is optimized with the Yoast SEO plugin v22.8 - https:\/\/yoast.com\/wordpress\/plugins\/seo\/ -->\n<title>FESTO DSNU-20-350-PPV-A - OMANI VI\u1ec6T NAM<\/title>\n<meta name=\"robots\" content=\"index, follow, max-snippet:-1, max-image-preview:large, max-video-preview:-1\" \/>\n<link rel=\"canonical\" href=\"https:\/\/omanivietnam.com\/index.php\/san-pham\/festo-dsnu-20-350-ppv-a\/\" \/>\n<meta property=\"og:locale\" content=\"vi_VN\" \/>\n<meta property=\"og:type\" content=\"article\" \/>\n<meta property=\"og:title\" content=\"FESTO DSNU-20-350-PPV-A - OMANI VI\u1ec6T NAM\" \/>\n<meta property=\"og:description\" content=\"FESTO DSNU-20-350-PPV-A Round Cylinder, DSNU Series (DSNU-20-320-PPV-A) Product Description Pneumatic piston rod cylinders consist of pistons in enclosures that generate linear motion. Their compact size and low weight range allow for shorter strokes than standard cylinders which make them suitable for positioning, clamping and ejecting smaller components. Configured Specifications Cylinder&hellip;\" \/>\n<meta property=\"og:url\" content=\"https:\/\/omanivietnam.com\/index.php\/san-pham\/festo-dsnu-20-350-ppv-a\/\" \/>\n<meta property=\"og:site_name\" content=\"OMANI VI\u1ec6T NAM\" \/>\n<meta property=\"og:image\" content=\"https:\/\/omanivietnam.com\/wp-content\/uploads\/2024\/08\/DSNU-20-350-PPV-A.png\" \/>\n\t<meta property=\"og:image:width\" content=\"450\" \/>\n\t<meta property=\"og:image:height\" content=\"403\" \/>\n\t<meta property=\"og:image:type\" content=\"image\/png\" \/>\n<meta name=\"twitter:card\" content=\"summary_large_image\" \/>\n<meta name=\"twitter:label1\" content=\"\u01af\u1edbc t\u00ednh th\u1eddi gian \u0111\u1ecdc\" \/>\n\t<meta name=\"twitter:data1\" content=\"2 ph\u00fat\" \/>\n<script type=\"application\/ld+json\" class=\"yoast-schema-graph\">{\"@context\":\"https:\/\/schema.org\",\"@graph\":[{\"@type\":\"WebPage\",\"@id\":\"https:\/\/omanivietnam.com\/index.php\/san-pham\/festo-dsnu-20-350-ppv-a\/\",\"url\":\"https:\/\/omanivietnam.com\/index.php\/san-pham\/festo-dsnu-20-350-ppv-a\/\",\"name\":\"FESTO DSNU-20-350-PPV-A - OMANI VI\u1ec6T NAM\",\"isPartOf\":{\"@id\":\"https:\/\/omanivietnam.com\/#website\"},\"primaryImageOfPage\":{\"@id\":\"https:\/\/omanivietnam.com\/index.php\/san-pham\/festo-dsnu-20-350-ppv-a\/#primaryimage\"},\"image\":{\"@id\":\"https:\/\/omanivietnam.com\/index.php\/san-pham\/festo-dsnu-20-350-ppv-a\/#primaryimage\"},\"thumbnailUrl\":\"https:\/\/omanivietnam.com\/wp-content\/uploads\/2024\/08\/DSNU-20-350-PPV-A.png\",\"datePublished\":\"2024-08-05T17:08:05+00:00\",\"dateModified\":\"2024-08-05T17:08:05+00:00\",\"breadcrumb\":{\"@id\":\"https:\/\/omanivietnam.com\/index.php\/san-pham\/festo-dsnu-20-350-ppv-a\/#breadcrumb\"},\"inLanguage\":\"vi\",\"potentialAction\":[{\"@type\":\"ReadAction\",\"target\":[\"https:\/\/omanivietnam.com\/index.php\/san-pham\/festo-dsnu-20-350-ppv-a\/\"]}]},{\"@type\":\"ImageObject\",\"inLanguage\":\"vi\",\"@id\":\"https:\/\/omanivietnam.com\/index.php\/san-pham\/festo-dsnu-20-350-ppv-a\/#primaryimage\",\"url\":\"https:\/\/omanivietnam.com\/wp-content\/uploads\/2024\/08\/DSNU-20-350-PPV-A.png\",\"contentUrl\":\"https:\/\/omanivietnam.com\/wp-content\/uploads\/2024\/08\/DSNU-20-350-PPV-A.png\",\"width\":450,\"height\":403},{\"@type\":\"BreadcrumbList\",\"@id\":\"https:\/\/omanivietnam.com\/index.php\/san-pham\/festo-dsnu-20-350-ppv-a\/#breadcrumb\",\"itemListElement\":[{\"@type\":\"ListItem\",\"position\":1,\"name\":\"Home\",\"item\":\"https:\/\/omanivietnam.com\/\"},{\"@type\":\"ListItem\",\"position\":2,\"name\":\"S\u1ea2N PH\u1ea8M\",\"item\":\"https:\/\/omanivietnam.com\/index.php\/cua-hang\/\"},{\"@type\":\"ListItem\",\"position\":3,\"name\":\"FESTO DSNU-20-350-PPV-A\"}]},{\"@type\":\"WebSite\",\"@id\":\"https:\/\/omanivietnam.com\/#website\",\"url\":\"https:\/\/omanivietnam.com\/\",\"name\":\"OMANI VI\u1ec6T NAM\",\"description\":\"Nh\u00e0 ph\u00e2n ph\u1ed1i thi\u1ebft b\u1ecb kh\u00ed n\u00e9n v\u00e0 thi\u1ebft b\u1ecb t\u1ef1 \u0111\u1ed9ng h\u00f3a trong c\u00f4ng nghi\u1ec7p\",\"publisher\":{\"@id\":\"https:\/\/omanivietnam.com\/#\/schema\/person\/0ad398a980dc3fd696111c2c5c8fa897\"},\"potentialAction\":[{\"@type\":\"SearchAction\",\"target\":{\"@type\":\"EntryPoint\",\"urlTemplate\":\"https:\/\/omanivietnam.com\/?s={search_term_string}\"},\"query-input\":\"required name=search_term_string\"}],\"inLanguage\":\"vi\"},{\"@type\":[\"Person\",\"Organization\"],\"@id\":\"https:\/\/omanivietnam.com\/#\/schema\/person\/0ad398a980dc3fd696111c2c5c8fa897\",\"name\":\"Nguy\u1ec5n V\u0103n Kh\u00e1nh\",\"image\":{\"@type\":\"ImageObject\",\"inLanguage\":\"vi\",\"@id\":\"https:\/\/omanivietnam.com\/#\/schema\/person\/image\/\",\"url\":\"https:\/\/omanivietnam.com\/wp-content\/uploads\/2024\/06\/logo-1024x1024.png\",\"contentUrl\":\"https:\/\/omanivietnam.com\/wp-content\/uploads\/2024\/06\/logo-1024x1024.png\",\"width\":1024,\"height\":1024,\"caption\":\"Nguy\u1ec5n V\u0103n Kh\u00e1nh\"},\"logo\":{\"@id\":\"https:\/\/omanivietnam.com\/#\/schema\/person\/image\/\"},\"sameAs\":[\"https:\/\/omanivietnam.com\"]}]}<\/script>\n<!-- \/ Yoast SEO plugin. -->","yoast_head_json":{"title":"FESTO DSNU-20-350-PPV-A - OMANI VI\u1ec6T NAM","robots":{"index":"index","follow":"follow","max-snippet":"max-snippet:-1","max-image-preview":"max-image-preview:large","max-video-preview":"max-video-preview:-1"},"canonical":"https:\/\/omanivietnam.com\/index.php\/san-pham\/festo-dsnu-20-350-ppv-a\/","og_locale":"vi_VN","og_type":"article","og_title":"FESTO DSNU-20-350-PPV-A - OMANI VI\u1ec6T NAM","og_description":"FESTO DSNU-20-350-PPV-A Round Cylinder, DSNU Series (DSNU-20-320-PPV-A) Product Description Pneumatic piston rod cylinders consist of pistons in enclosures that generate linear motion. Their compact size and low weight range allow for shorter strokes than standard cylinders which make them suitable for positioning, clamping and ejecting smaller components. Configured Specifications Cylinder&hellip;","og_url":"https:\/\/omanivietnam.com\/index.php\/san-pham\/festo-dsnu-20-350-ppv-a\/","og_site_name":"OMANI VI\u1ec6T NAM","og_image":[{"width":450,"height":403,"url":"https:\/\/omanivietnam.com\/wp-content\/uploads\/2024\/08\/DSNU-20-350-PPV-A.png","type":"image\/png"}],"twitter_card":"summary_large_image","twitter_misc":{"\u01af\u1edbc t\u00ednh th\u1eddi gian \u0111\u1ecdc":"2 ph\u00fat"},"schema":{"@context":"https:\/\/schema.org","@graph":[{"@type":"WebPage","@id":"https:\/\/omanivietnam.com\/index.php\/san-pham\/festo-dsnu-20-350-ppv-a\/","url":"https:\/\/omanivietnam.com\/index.php\/san-pham\/festo-dsnu-20-350-ppv-a\/","name":"FESTO DSNU-20-350-PPV-A - OMANI VI\u1ec6T NAM","isPartOf":{"@id":"https:\/\/omanivietnam.com\/#website"},"primaryImageOfPage":{"@id":"https:\/\/omanivietnam.com\/index.php\/san-pham\/festo-dsnu-20-350-ppv-a\/#primaryimage"},"image":{"@id":"https:\/\/omanivietnam.com\/index.php\/san-pham\/festo-dsnu-20-350-ppv-a\/#primaryimage"},"thumbnailUrl":"https:\/\/omanivietnam.com\/wp-content\/uploads\/2024\/08\/DSNU-20-350-PPV-A.png","datePublished":"2024-08-05T17:08:05+00:00","dateModified":"2024-08-05T17:08:05+00:00","breadcrumb":{"@id":"https:\/\/omanivietnam.com\/index.php\/san-pham\/festo-dsnu-20-350-ppv-a\/#breadcrumb"},"inLanguage":"vi","potentialAction":[{"@type":"ReadAction","target":["https:\/\/omanivietnam.com\/index.php\/san-pham\/festo-dsnu-20-350-ppv-a\/"]}]},{"@type":"ImageObject","inLanguage":"vi","@id":"https:\/\/omanivietnam.com\/index.php\/san-pham\/festo-dsnu-20-350-ppv-a\/#primaryimage","url":"https:\/\/omanivietnam.com\/wp-content\/uploads\/2024\/08\/DSNU-20-350-PPV-A.png","contentUrl":"https:\/\/omanivietnam.com\/wp-content\/uploads\/2024\/08\/DSNU-20-350-PPV-A.png","width":450,"height":403},{"@type":"BreadcrumbList","@id":"https:\/\/omanivietnam.com\/index.php\/san-pham\/festo-dsnu-20-350-ppv-a\/#breadcrumb","itemListElement":[{"@type":"ListItem","position":1,"name":"Home","item":"https:\/\/omanivietnam.com\/"},{"@type":"ListItem","position":2,"name":"S\u1ea2N PH\u1ea8M","item":"https:\/\/omanivietnam.com\/index.php\/cua-hang\/"},{"@type":"ListItem","position":3,"name":"FESTO DSNU-20-350-PPV-A"}]},{"@type":"WebSite","@id":"https:\/\/omanivietnam.com\/#website","url":"https:\/\/omanivietnam.com\/","name":"OMANI VI\u1ec6T NAM","description":"Nh\u00e0 ph\u00e2n ph\u1ed1i thi\u1ebft b\u1ecb kh\u00ed n\u00e9n v\u00e0 thi\u1ebft b\u1ecb t\u1ef1 \u0111\u1ed9ng h\u00f3a trong c\u00f4ng nghi\u1ec7p","publisher":{"@id":"https:\/\/omanivietnam.com\/#\/schema\/person\/0ad398a980dc3fd696111c2c5c8fa897"},"potentialAction":[{"@type":"SearchAction","target":{"@type":"EntryPoint","urlTemplate":"https:\/\/omanivietnam.com\/?s={search_term_string}"},"query-input":"required name=search_term_string"}],"inLanguage":"vi"},{"@type":["Person","Organization"],"@id":"https:\/\/omanivietnam.com\/#\/schema\/person\/0ad398a980dc3fd696111c2c5c8fa897","name":"Nguy\u1ec5n V\u0103n Kh\u00e1nh","image":{"@type":"ImageObject","inLanguage":"vi","@id":"https:\/\/omanivietnam.com\/#\/schema\/person\/image\/","url":"https:\/\/omanivietnam.com\/wp-content\/uploads\/2024\/06\/logo-1024x1024.png","contentUrl":"https:\/\/omanivietnam.com\/wp-content\/uploads\/2024\/06\/logo-1024x1024.png","width":1024,"height":1024,"caption":"Nguy\u1ec5n V\u0103n Kh\u00e1nh"},"logo":{"@id":"https:\/\/omanivietnam.com\/#\/schema\/person\/image\/"},"sameAs":["https:\/\/omanivietnam.com"]}]}},"_links":{"self":[{"href":"https:\/\/omanivietnam.com\/index.php\/wp-json\/wp\/v2\/product\/1353","targetHints":{"allow":["GET"]}}],"collection":[{"href":"https:\/\/omanivietnam.com\/index.php\/wp-json\/wp\/v2\/product"}],"about":[{"href":"https:\/\/omanivietnam.com\/index.php\/wp-json\/wp\/v2\/types\/product"}],"replies":[{"embeddable":true,"href":"https:\/\/omanivietnam.com\/index.php\/wp-json\/wp\/v2\/comments?post=1353"}],"wp:featuredmedia":[{"embeddable":true,"href":"https:\/\/omanivietnam.com\/index.php\/wp-json\/wp\/v2\/media\/1354"}],"wp:attachment":[{"href":"https:\/\/omanivietnam.com\/index.php\/wp-json\/wp\/v2\/media?parent=1353"}],"wp:term":[{"taxonomy":"product_cat","embeddable":true,"href":"https:\/\/omanivietnam.com\/index.php\/wp-json\/wp\/v2\/product_cat?post=1353"},{"taxonomy":"product_tag","embeddable":true,"href":"https:\/\/omanivietnam.com\/index.php\/wp-json\/wp\/v2\/product_tag?post=1353"}],"curies":[{"name":"wp","href":"https:\/\/api.w.org\/{rel}","templated":true}]}}