{"id":1361,"date":"2024-08-08T05:11:10","date_gmt":"2024-08-07T22:11:10","guid":{"rendered":"https:\/\/omanivietnam.com\/?post_type=product&#038;p=1361"},"modified":"2025-04-16T21:57:24","modified_gmt":"2025-04-16T14:57:24","slug":"sick-dt35-b15551","status":"publish","type":"product","link":"https:\/\/omanivietnam.com\/index.php\/san-pham\/sick-dt35-b15551\/","title":{"rendered":"SICK DT35-B15551"},"content":{"rendered":"<p>SICK DT35-B15551<\/p>\n<h2><strong>T\u1ed5ng quan s\u1ea3n ph\u1ea9m<\/strong><\/h2>\n<p>C\u1ea3m bi\u1ebfn kho\u1ea3ng c\u00e1ch t\u1ea7m trung\u00a0<strong>SICK DT35-B15551<\/strong>\u00a0thu\u1ed9c d\u00f2ng DT35 n\u1ed5i b\u1eadt v\u1edbi c\u00f4ng ngh\u1ec7 HDDM \u2122, gi\u00fap \u0111o l\u01b0\u1eddng kho\u1ea3ng c\u00e1ch v\u1edbi \u0111\u1ed9 ch\u00ednh x\u00e1c t\u1ed1i \u0111a.<\/p>\n<p><strong>\u1ee8ng d\u1ee5ng<\/strong><\/p>\n<ul>\n<li>Gi\u00e1m s\u00e1t \u0111\u1ecbnh v\u1ecb ho\u1eb7c ch\u1ed1ng va ch\u1ea1m c\u1ee7a xe con thoi, xe t\u1ea3i c\u00f4ng nghi\u1ec7p, c\u1ea7n c\u1ea9u v\u00e0 toa xe ch\u1ea1y ngang<\/li>\n<li>\u0110o l\u01b0\u1eddng v\u00e0 ph\u00e1t hi\u1ec7n ch\u00ednh x\u00e1c c\u00e1c v\u1eadt li\u1ec7u c\u1ef1c t\u1ed1i ho\u1eb7c b\u00f3ng nh\u01b0 trong ng\u00e0nh c\u00f4ng nghi\u1ec7p \u00f4 t\u00f4<\/li>\n<li>\u0110o l\u01b0\u1eddng v\u00e0 ph\u00e1t hi\u1ec7n c\u00e1c v\u1eadt th\u1ec3 nh\u1ecf \u1edf kho\u1ea3ng c\u00e1ch xa trong c\u00e1c ng\u00e0nh s\u1ea3n xu\u1ea5t<\/li>\n<li>\u0110ang t\u1ea3i, khoang tr\u1ed1ng ho\u1eb7c gi\u00e1m s\u00e1t m\u1ee9c l\u1ea5p \u0111\u1ea7y trong c\u00e1c \u1ee9ng d\u1ee5ng h\u1eadu c\u1ea7n<\/li>\n<\/ul>\n<p><strong>L\u1ee3i \u00edch<\/strong><\/p>\n<ul>\n<li>K\u00edch th\u01b0\u01a1\u0301c nho\u0309 go\u0323n, linh ho\u1ea1t trong nh\u1eefng kh\u00f4ng gian h\u1ea1n ch\u1ebf<\/li>\n<li>Gi\u1ea3i ph\u00e1p t\u1ed1i \u01b0u nh\u1edd c\u00e1c c\u00e0i \u0111\u1eb7t linh ho\u1ea1t v\u1ec1 t\u1ed1c \u0111\u1ed9, ph\u1ea1m vi v\u00e0 kh\u1ea3 n\u0103ng l\u1eb7p l\u1ea1i<\/li>\n<li>Chi ph\u00ed \u0111\u1ea7u t\u01b0 th\u1ea5p, hi\u1ec7u su\u1ea5t cao<\/li>\n<li>Ph\u00e9p \u0111o ch\u00ednh x\u00e1c v\u00e0 \u0111\u00e1ng tin c\u1eady kh\u00f4ng ph\u00e2n bi\u1ec7t m\u00e0u s\u1eafc c\u1ee7a \u0111\u1ed1i t\u01b0\u1ee3ng k\u00e9o d\u00e0i th\u1eddi gian ch\u1ea1y v\u00e0 ch\u1ea5t l\u01b0\u1ee3ng quy tr\u00ecnh<\/li>\n<\/ul>\n<p>Gi\u1ea3i quy\u1ebft m\u1ed9t lo\u1ea1t c\u00e1c \u1ee9ng d\u1ee5ng l\u00ean \u0111\u1ebfn m\u1ee9c hi\u1ec7u su\u1ea5t Level B<br \/>\nTi\u1ebft ki\u1ec7m th\u1eddi gian v\u00e0 ti\u1ec1n b\u1ea1c nh\u1edd \u0111\u1ea7u ra t\u01b0\u01a1ng t\u1ef1 c\u00f3 th\u1ec3 c\u1ea5u h\u00ecnh r\u1ea5t linh ho\u1ea1t v\u00e0 c\u00e1c ch\u1ee9c n\u0103ng chuy\u1ec3n \u0111\u1ed5i c\u00f3 th\u1ec3 tham s\u1ed1 h\u00f3a t\u1ef1 do<br \/>\nT\u00edch h\u1ee3p DT35-S g\u1ea7n nh\u01b0 v\u00f4 h\u00ecnh v\u00e0o c\u00e1c h\u1ec7 th\u1ed1ng m\u1edbi v\u00e0 hi\u1ec7n c\u00f3, ngay c\u1ea3 khi kh\u00f4ng gian b\u1ecb h\u1ea1n ch\u1ebf<br \/>\nT\u1eeb v\u1eadn h\u00e0nh th\u1eed \u0111\u1ebfn ch\u1ea9n \u0111o\u00e1n v\u00e0 b\u1ea3o tr\u00ec \u2013 t\u1eadn d\u1ee5ng c\u00e1c quy tr\u00ecnh hi\u1ec7u qu\u1ea3 nh\u1edd giao ti\u1ebfp chu\u1ea9n h\u00f3a qua giao di\u1ec7n IO-Link<br \/>\nCh\u1ee9ng nh\u1eadn l\u00ean \u0111\u1ebfn m\u1ee9c hi\u1ec7u su\u1ea5t b cho ph\u00e9p s\u1eed d\u1ee5ng linh ho\u1ea1t DT35-S \u0111\u1ec3 b\u1ea3o v\u1ec7 con ng\u01b0\u1eddi v\u00e0 t\u01b0 li\u1ec7u s\u1ea3n xu\u1ea5t<\/p>\n<p>Ph\u1ea1m vi ph\u00e1t hi\u1ec7n t\u1eeb 0,05 m \u0111\u1ebfn 8,5 m<br \/>\n\u0110\u1ea7u ra analog v\u00e0 k\u1ef9 thu\u1eadt s\u1ed1 an to\u00e0n<br \/>\nK\u00edch th\u01b0\u1edbc nh\u00e0 \u1edf nh\u1ecf g\u1ecdn<br \/>\nLi\u00ean k\u1ebft IO<br \/>\nCh\u1ee9ng nh\u1eadn ISO 13849 (PL b) v\u00e0 IEC 62998 (PC B)<\/p>\n<p>Distance sensors<\/p>\n<div>Performance<\/div>\n<div>\n<table>\n<tbody>\n<tr>\n<td>Measuring range<\/td>\n<td>50 mm \u2026 12,000 mm, 90 % remission\u00a0<sup>1)<\/sup>\u00a0<sup>2)<\/sup><\/p>\n<p>50 mm \u2026 5,300 mm, 18 % remission<\/p>\n<p>50 mm \u2026 3,100 mm, 6 % remission<\/td>\n<\/tr>\n<tr>\n<td>Target<\/td>\n<td>Natural objects<\/td>\n<\/tr>\n<tr>\n<td>Resolution<\/td>\n<td>0.1 mm<\/td>\n<\/tr>\n<tr>\n<td>Repeatability<\/td>\n<td>? 0.5 mm\u00a0<sup>2)<\/sup>\u00a0<sup>3)<\/sup>\u00a0<sup>4)<\/sup><\/td>\n<\/tr>\n<tr>\n<td>Accuracy<\/td>\n<td>Typ. ? 10 mm\u00a0<sup>4)<\/sup><\/td>\n<\/tr>\n<tr>\n<td>Response time<\/td>\n<td>4.5 ms \u2026 192.5 ms, 4.5 ms \/ 12.5 ms \/ 24.5 ms \/ 48.5 ms \/ 192.5 ms\u00a0<sup>5)<\/sup>\u00a0<sup>6)<\/sup><\/td>\n<\/tr>\n<tr>\n<td>Switching frequency<\/td>\n<td>166 Hz\/50 Hz\/25 Hz\/12 Hz\/3 Hz\u00a0<sup>5)<\/sup>\u00a0<sup>6)<\/sup><\/td>\n<\/tr>\n<tr>\n<td>Output time<\/td>\n<td>2 ms \u2026 64 ms, 2 ms\/4 ms\/8 ms\/16 ms\/64 ms\u00a0<sup>5)<\/sup>\u00a0<sup>7)<\/sup><\/td>\n<\/tr>\n<tr>\n<td>Light source<\/td>\n<td>Laser, red\u00a0<sup>8)<\/sup><\/td>\n<\/tr>\n<tr>\n<td>Laser class<\/td>\n<td>1 (IEC 60825-1:2014, EN 60825-1:2014)<\/td>\n<\/tr>\n<tr>\n<td>Typ. light spot size (distance)<\/td>\n<td>15 mm x 15 mm (at 2 m)<\/td>\n<\/tr>\n<tr>\n<td>Additional function<\/td>\n<td>Set speed: Super Fast \u2026 Super Slow, teach-in of analog output and invertible analog output, Output Q<sub>2,<\/sub>\u00a0selectable: 4 mA \u2026 20 mA \/ 0 V \u2026 10 V \/ switching output, Switching mode: Distance to Object (DtO) \/ switching window \/ object between sensor and background (ObSB), teach-in of switching output and switching output invertible, Multifunctional input: laser off \/ external teach \/ deactivated, reset to factory default<\/td>\n<\/tr>\n<tr>\n<td>Average laser service life (at 25 ?C)<\/td>\n<td>100,000 h<\/td>\n<\/tr>\n<\/tbody>\n<\/table>\n<p>&nbsp;<\/p>\n<\/div>\n<div><\/div>\n<div>Mechanics\/electronics<\/div>\n<div>\n<table>\n<tbody>\n<tr>\n<td>Supply voltage V<sub>s<\/sub><\/td>\n<td>DC 12 V \u2026 30 V\u00a0<sup>1)<\/sup>\u00a0<sup>2)<\/sup><\/td>\n<\/tr>\n<tr>\n<td>Ripple<\/td>\n<td>? 5 V<sub>pp<\/sub>\u00a0<sup>3)<\/sup><\/td>\n<\/tr>\n<tr>\n<td>Power consumption<\/td>\n<td>? 1.7 W\u00a0<sup>4)<\/sup>\u00a0<sup>5)<\/sup><\/td>\n<\/tr>\n<tr>\n<td>Initialization time<\/td>\n<td>? 500 ms<\/td>\n<\/tr>\n<tr>\n<td>Warm-up time<\/td>\n<td>? 20 min<\/td>\n<\/tr>\n<tr>\n<td>Housing material<\/td>\n<td>Plastic (ABS and PC)<\/p>\n<p>Acrylic glass (PMMA)<\/td>\n<\/tr>\n<tr>\n<td>Connection type<\/td>\n<td>Male connector, M12, 5-pin<\/td>\n<\/tr>\n<tr>\n<td>Indication<\/td>\n<td>LEDs<\/td>\n<\/tr>\n<tr>\n<td>Weight<\/td>\n<td>65 g<\/td>\n<\/tr>\n<tr>\n<td>Enclosure rating<\/td>\n<td>IP65<\/p>\n<p>IP67<\/td>\n<\/tr>\n<tr>\n<td>Protection class<\/td>\n<td>III<\/td>\n<\/tr>\n<\/tbody>\n<\/table>\n<\/div>\n<p>\u0110\u1ea1i l\u00fd SICK vietnam, SICK viet nam, SICK vietnam distributor, Ph\u00e2n ph\u1ed1i SICK t\u1ea1i vi\u1ec7t nam<\/p>\n<p>\u0110\u1ea1i l\u00fd SICK vietnam, SICK viet nam, SICK vietnam distributor, Ph\u00e2n ph\u1ed1i SICK t\u1ea1i vi\u1ec7t nam<\/p>\n<p>\u0110\u1ea1i l\u00fd SICK vietnam, SICK viet nam, SICK vietnam distributor, Ph\u00e2n ph\u1ed1i SICK t\u1ea1i vi\u1ec7t nam<\/p>\n<p>\u0110\u1ea1i l\u00fd SICK vietnam, SICK viet nam, SICK vietnam distributor, Ph\u00e2n ph\u1ed1i SICK t\u1ea1i vi\u1ec7t nam<\/p>\n<p>\u0110\u1ea1i l\u00fd SICK vietnam, SICK viet nam, SICK vietnam distributor, Ph\u00e2n ph\u1ed1i SICK t\u1ea1i vi\u1ec7t nam<\/p>\n","protected":false},"excerpt":{"rendered":"<p>SICK DT35-B15551 T\u1ed5ng quan s\u1ea3n ph\u1ea9m C\u1ea3m bi\u1ebfn kho\u1ea3ng c\u00e1ch t\u1ea7m trung\u00a0SICK DT35-B15551\u00a0thu\u1ed9c d\u00f2ng DT35 n\u1ed5i b\u1eadt v\u1edbi c\u00f4ng ngh\u1ec7 HDDM \u2122, gi\u00fap \u0111o l\u01b0\u1eddng kho\u1ea3ng c\u00e1ch v\u1edbi \u0111\u1ed9 ch\u00ednh x\u00e1c t\u1ed1i \u0111a. \u1ee8ng d\u1ee5ng Gi\u00e1m s\u00e1t \u0111\u1ecbnh v\u1ecb ho\u1eb7c ch\u1ed1ng va ch\u1ea1m c\u1ee7a xe con thoi, xe t\u1ea3i c\u00f4ng&hellip; <\/p>\n","protected":false},"featured_media":1362,"comment_status":"open","ping_status":"closed","template":"","meta":[],"product_cat":[297],"product_tag":[88,89,90],"class_list":{"0":"post-1361","1":"product","2":"type-product","3":"status-publish","4":"has-post-thumbnail","6":"product_cat-sick","7":"product_tag-cam-bien","8":"product_tag-dai-ly-sick-viet-nam","9":"product_tag-sick-viet-nam","11":"first","12":"instock","13":"shipping-taxable","14":"product-type-simple"},"yoast_head":"<!-- This site is optimized with the Yoast SEO plugin v22.8 - https:\/\/yoast.com\/wordpress\/plugins\/seo\/ -->\n<title>SICK DT35-B15551 - OMANI VI\u1ec6T NAM<\/title>\n<meta name=\"description\" content=\"SICK DT35-B15551 Sensor\" \/>\n<meta name=\"robots\" content=\"index, follow, max-snippet:-1, max-image-preview:large, max-video-preview:-1\" \/>\n<link rel=\"canonical\" href=\"https:\/\/omanivietnam.com\/index.php\/san-pham\/sick-dt35-b15551\/\" \/>\n<meta property=\"og:locale\" content=\"vi_VN\" \/>\n<meta property=\"og:type\" content=\"article\" \/>\n<meta property=\"og:title\" content=\"SICK DT35-B15551 - OMANI VI\u1ec6T NAM\" \/>\n<meta property=\"og:description\" content=\"SICK DT35-B15551 Sensor\" \/>\n<meta property=\"og:url\" content=\"https:\/\/omanivietnam.com\/index.php\/san-pham\/sick-dt35-b15551\/\" \/>\n<meta property=\"og:site_name\" content=\"OMANI VI\u1ec6T NAM\" \/>\n<meta property=\"article:modified_time\" content=\"2025-04-16T14:57:24+00:00\" \/>\n<meta property=\"og:image\" content=\"https:\/\/omanivietnam.com\/wp-content\/uploads\/2024\/08\/DT35-B15551.png\" \/>\n\t<meta property=\"og:image:width\" content=\"587\" \/>\n\t<meta property=\"og:image:height\" content=\"382\" \/>\n\t<meta property=\"og:image:type\" content=\"image\/png\" \/>\n<meta name=\"twitter:card\" content=\"summary_large_image\" \/>\n<meta name=\"twitter:label1\" content=\"\u01af\u1edbc t\u00ednh th\u1eddi gian \u0111\u1ecdc\" \/>\n\t<meta name=\"twitter:data1\" content=\"4 ph\u00fat\" \/>\n<script type=\"application\/ld+json\" class=\"yoast-schema-graph\">{\"@context\":\"https:\/\/schema.org\",\"@graph\":[{\"@type\":\"WebPage\",\"@id\":\"https:\/\/omanivietnam.com\/index.php\/san-pham\/sick-dt35-b15551\/\",\"url\":\"https:\/\/omanivietnam.com\/index.php\/san-pham\/sick-dt35-b15551\/\",\"name\":\"SICK DT35-B15551 - OMANI VI\u1ec6T NAM\",\"isPartOf\":{\"@id\":\"https:\/\/omanivietnam.com\/#website\"},\"primaryImageOfPage\":{\"@id\":\"https:\/\/omanivietnam.com\/index.php\/san-pham\/sick-dt35-b15551\/#primaryimage\"},\"image\":{\"@id\":\"https:\/\/omanivietnam.com\/index.php\/san-pham\/sick-dt35-b15551\/#primaryimage\"},\"thumbnailUrl\":\"https:\/\/omanivietnam.com\/wp-content\/uploads\/2024\/08\/DT35-B15551.png\",\"datePublished\":\"2024-08-07T22:11:10+00:00\",\"dateModified\":\"2025-04-16T14:57:24+00:00\",\"description\":\"SICK DT35-B15551 Sensor\",\"breadcrumb\":{\"@id\":\"https:\/\/omanivietnam.com\/index.php\/san-pham\/sick-dt35-b15551\/#breadcrumb\"},\"inLanguage\":\"vi\",\"potentialAction\":[{\"@type\":\"ReadAction\",\"target\":[\"https:\/\/omanivietnam.com\/index.php\/san-pham\/sick-dt35-b15551\/\"]}]},{\"@type\":\"ImageObject\",\"inLanguage\":\"vi\",\"@id\":\"https:\/\/omanivietnam.com\/index.php\/san-pham\/sick-dt35-b15551\/#primaryimage\",\"url\":\"https:\/\/omanivietnam.com\/wp-content\/uploads\/2024\/08\/DT35-B15551.png\",\"contentUrl\":\"https:\/\/omanivietnam.com\/wp-content\/uploads\/2024\/08\/DT35-B15551.png\",\"width\":587,\"height\":382},{\"@type\":\"BreadcrumbList\",\"@id\":\"https:\/\/omanivietnam.com\/index.php\/san-pham\/sick-dt35-b15551\/#breadcrumb\",\"itemListElement\":[{\"@type\":\"ListItem\",\"position\":1,\"name\":\"Home\",\"item\":\"https:\/\/omanivietnam.com\/\"},{\"@type\":\"ListItem\",\"position\":2,\"name\":\"S\u1ea2N PH\u1ea8M\",\"item\":\"https:\/\/omanivietnam.com\/index.php\/cua-hang\/\"},{\"@type\":\"ListItem\",\"position\":3,\"name\":\"SICK DT35-B15551\"}]},{\"@type\":\"WebSite\",\"@id\":\"https:\/\/omanivietnam.com\/#website\",\"url\":\"https:\/\/omanivietnam.com\/\",\"name\":\"OMANI VI\u1ec6T NAM\",\"description\":\"Nh\u00e0 ph\u00e2n ph\u1ed1i thi\u1ebft b\u1ecb kh\u00ed n\u00e9n v\u00e0 thi\u1ebft b\u1ecb t\u1ef1 \u0111\u1ed9ng h\u00f3a trong c\u00f4ng nghi\u1ec7p\",\"publisher\":{\"@id\":\"https:\/\/omanivietnam.com\/#\/schema\/person\/0ad398a980dc3fd696111c2c5c8fa897\"},\"potentialAction\":[{\"@type\":\"SearchAction\",\"target\":{\"@type\":\"EntryPoint\",\"urlTemplate\":\"https:\/\/omanivietnam.com\/?s={search_term_string}\"},\"query-input\":\"required name=search_term_string\"}],\"inLanguage\":\"vi\"},{\"@type\":[\"Person\",\"Organization\"],\"@id\":\"https:\/\/omanivietnam.com\/#\/schema\/person\/0ad398a980dc3fd696111c2c5c8fa897\",\"name\":\"Nguy\u1ec5n V\u0103n Kh\u00e1nh\",\"image\":{\"@type\":\"ImageObject\",\"inLanguage\":\"vi\",\"@id\":\"https:\/\/omanivietnam.com\/#\/schema\/person\/image\/\",\"url\":\"https:\/\/omanivietnam.com\/wp-content\/uploads\/2024\/06\/logo-1024x1024.png\",\"contentUrl\":\"https:\/\/omanivietnam.com\/wp-content\/uploads\/2024\/06\/logo-1024x1024.png\",\"width\":1024,\"height\":1024,\"caption\":\"Nguy\u1ec5n V\u0103n Kh\u00e1nh\"},\"logo\":{\"@id\":\"https:\/\/omanivietnam.com\/#\/schema\/person\/image\/\"},\"sameAs\":[\"https:\/\/omanivietnam.com\"]}]}<\/script>\n<!-- \/ Yoast SEO plugin. -->","yoast_head_json":{"title":"SICK DT35-B15551 - OMANI VI\u1ec6T NAM","description":"SICK DT35-B15551 Sensor","robots":{"index":"index","follow":"follow","max-snippet":"max-snippet:-1","max-image-preview":"max-image-preview:large","max-video-preview":"max-video-preview:-1"},"canonical":"https:\/\/omanivietnam.com\/index.php\/san-pham\/sick-dt35-b15551\/","og_locale":"vi_VN","og_type":"article","og_title":"SICK DT35-B15551 - OMANI VI\u1ec6T NAM","og_description":"SICK DT35-B15551 Sensor","og_url":"https:\/\/omanivietnam.com\/index.php\/san-pham\/sick-dt35-b15551\/","og_site_name":"OMANI VI\u1ec6T NAM","article_modified_time":"2025-04-16T14:57:24+00:00","og_image":[{"width":587,"height":382,"url":"https:\/\/omanivietnam.com\/wp-content\/uploads\/2024\/08\/DT35-B15551.png","type":"image\/png"}],"twitter_card":"summary_large_image","twitter_misc":{"\u01af\u1edbc t\u00ednh th\u1eddi gian \u0111\u1ecdc":"4 ph\u00fat"},"schema":{"@context":"https:\/\/schema.org","@graph":[{"@type":"WebPage","@id":"https:\/\/omanivietnam.com\/index.php\/san-pham\/sick-dt35-b15551\/","url":"https:\/\/omanivietnam.com\/index.php\/san-pham\/sick-dt35-b15551\/","name":"SICK DT35-B15551 - OMANI VI\u1ec6T NAM","isPartOf":{"@id":"https:\/\/omanivietnam.com\/#website"},"primaryImageOfPage":{"@id":"https:\/\/omanivietnam.com\/index.php\/san-pham\/sick-dt35-b15551\/#primaryimage"},"image":{"@id":"https:\/\/omanivietnam.com\/index.php\/san-pham\/sick-dt35-b15551\/#primaryimage"},"thumbnailUrl":"https:\/\/omanivietnam.com\/wp-content\/uploads\/2024\/08\/DT35-B15551.png","datePublished":"2024-08-07T22:11:10+00:00","dateModified":"2025-04-16T14:57:24+00:00","description":"SICK DT35-B15551 Sensor","breadcrumb":{"@id":"https:\/\/omanivietnam.com\/index.php\/san-pham\/sick-dt35-b15551\/#breadcrumb"},"inLanguage":"vi","potentialAction":[{"@type":"ReadAction","target":["https:\/\/omanivietnam.com\/index.php\/san-pham\/sick-dt35-b15551\/"]}]},{"@type":"ImageObject","inLanguage":"vi","@id":"https:\/\/omanivietnam.com\/index.php\/san-pham\/sick-dt35-b15551\/#primaryimage","url":"https:\/\/omanivietnam.com\/wp-content\/uploads\/2024\/08\/DT35-B15551.png","contentUrl":"https:\/\/omanivietnam.com\/wp-content\/uploads\/2024\/08\/DT35-B15551.png","width":587,"height":382},{"@type":"BreadcrumbList","@id":"https:\/\/omanivietnam.com\/index.php\/san-pham\/sick-dt35-b15551\/#breadcrumb","itemListElement":[{"@type":"ListItem","position":1,"name":"Home","item":"https:\/\/omanivietnam.com\/"},{"@type":"ListItem","position":2,"name":"S\u1ea2N PH\u1ea8M","item":"https:\/\/omanivietnam.com\/index.php\/cua-hang\/"},{"@type":"ListItem","position":3,"name":"SICK DT35-B15551"}]},{"@type":"WebSite","@id":"https:\/\/omanivietnam.com\/#website","url":"https:\/\/omanivietnam.com\/","name":"OMANI VI\u1ec6T NAM","description":"Nh\u00e0 ph\u00e2n ph\u1ed1i thi\u1ebft b\u1ecb kh\u00ed n\u00e9n v\u00e0 thi\u1ebft b\u1ecb t\u1ef1 \u0111\u1ed9ng h\u00f3a trong c\u00f4ng nghi\u1ec7p","publisher":{"@id":"https:\/\/omanivietnam.com\/#\/schema\/person\/0ad398a980dc3fd696111c2c5c8fa897"},"potentialAction":[{"@type":"SearchAction","target":{"@type":"EntryPoint","urlTemplate":"https:\/\/omanivietnam.com\/?s={search_term_string}"},"query-input":"required name=search_term_string"}],"inLanguage":"vi"},{"@type":["Person","Organization"],"@id":"https:\/\/omanivietnam.com\/#\/schema\/person\/0ad398a980dc3fd696111c2c5c8fa897","name":"Nguy\u1ec5n V\u0103n Kh\u00e1nh","image":{"@type":"ImageObject","inLanguage":"vi","@id":"https:\/\/omanivietnam.com\/#\/schema\/person\/image\/","url":"https:\/\/omanivietnam.com\/wp-content\/uploads\/2024\/06\/logo-1024x1024.png","contentUrl":"https:\/\/omanivietnam.com\/wp-content\/uploads\/2024\/06\/logo-1024x1024.png","width":1024,"height":1024,"caption":"Nguy\u1ec5n V\u0103n Kh\u00e1nh"},"logo":{"@id":"https:\/\/omanivietnam.com\/#\/schema\/person\/image\/"},"sameAs":["https:\/\/omanivietnam.com"]}]}},"_links":{"self":[{"href":"https:\/\/omanivietnam.com\/index.php\/wp-json\/wp\/v2\/product\/1361","targetHints":{"allow":["GET"]}}],"collection":[{"href":"https:\/\/omanivietnam.com\/index.php\/wp-json\/wp\/v2\/product"}],"about":[{"href":"https:\/\/omanivietnam.com\/index.php\/wp-json\/wp\/v2\/types\/product"}],"replies":[{"embeddable":true,"href":"https:\/\/omanivietnam.com\/index.php\/wp-json\/wp\/v2\/comments?post=1361"}],"wp:featuredmedia":[{"embeddable":true,"href":"https:\/\/omanivietnam.com\/index.php\/wp-json\/wp\/v2\/media\/1362"}],"wp:attachment":[{"href":"https:\/\/omanivietnam.com\/index.php\/wp-json\/wp\/v2\/media?parent=1361"}],"wp:term":[{"taxonomy":"product_cat","embeddable":true,"href":"https:\/\/omanivietnam.com\/index.php\/wp-json\/wp\/v2\/product_cat?post=1361"},{"taxonomy":"product_tag","embeddable":true,"href":"https:\/\/omanivietnam.com\/index.php\/wp-json\/wp\/v2\/product_tag?post=1361"}],"curies":[{"name":"wp","href":"https:\/\/api.w.org\/{rel}","templated":true}]}}