{"id":1363,"date":"2024-08-08T05:23:16","date_gmt":"2024-08-07T22:23:16","guid":{"rendered":"https:\/\/omanivietnam.com\/?post_type=product&#038;p=1363"},"modified":"2024-08-08T05:23:16","modified_gmt":"2024-08-07T22:23:16","slug":"keyence-fu-6f","status":"publish","type":"product","link":"https:\/\/omanivietnam.com\/index.php\/san-pham\/keyence-fu-6f\/","title":{"rendered":"KEYENCE FU-6F"},"content":{"rendered":"<p>KEYENCE FU-6F<\/p>\n<p class=\"prd-utility-maxWidth-narrow\"><span class=\"prd-utility-heading-1 prd-utility-marginBottom-2 prd-utility-block\">Thi\u1ebft b\u1ecb s\u1ee3i quang ph\u1ea3n x\u1ea1 <\/span><span class=\"prd-utility-body-medium prd-utility-block\">FU-6F<\/span><\/p>\n<p class=\"prd-utility-heading-3 prd-utility-marginBottom-7\">Th\u00f4ng s\u1ed1 k\u1ef9 thu\u1eadt<\/p>\n<div class=\"prd-specsTable prd-utility-focusRing\" style=\"padding: 0px;margin: 0px;color: #484b4c;font-family: myriad-pro, helvetica, Arial, meiryo, sans-serif;font-size: 17px;font-style: normal;font-weight: 400;letter-spacing: normal;text-align: left;text-indent: 0px;text-transform: none;background-color: #fafafa\" data-controller=\"horizontal-scroll-state scroll-to-coord\" data-action=\"resize@window-&gt;horizontal-scroll-state#setOverflowing scroll-&gt;horizontal-scroll-state#setScrolled\" data-horizontal-scroll-state-target=\"container\" data-horizontal-scroll-state-overflowing-class=\"is-overflowing\" data-horizontal-scroll-state-has-scrolled-class=\"is-hasScrolled\" data-scroll-to-coord-target=\"container\">\n<div class=\"prd-utility-body-small\">\n<div class=\"specTable-block\">\n<table class=\"specTable-stibo-3282397\">\n<tbody>\n<tr class=\"specTable-row\">\n<td class=\"specTable-clm-0\" colspan=\"4\">M\u1eabu<\/td>\n<td class=\"specTable-clm-4\">FU-6F<sup>*1<\/sup><\/td>\n<\/tr>\n<tr class=\"specTable-row\">\n<td class=\"specTable-clm-0\" colspan=\"4\">K\u00edch th\u01b0\u1edbc<\/td>\n<td class=\"specTable-clm-4\">M6<\/td>\n<\/tr>\n<tr class=\"specTable-row\">\n<td class=\"specTable-clm-0\" colspan=\"4\">S\u1eafp x\u1ebfp d\u00f2<\/td>\n<td class=\"specTable-clm-4\">song song<\/td>\n<\/tr>\n<tr class=\"specTable-row\">\n<td class=\"specTable-clm-0\" colspan=\"4\">Chi\u1ec1u d\u00e0i b\u1ed9 thi\u1ebft b\u1ecb s\u1ee3i<\/td>\n<td class=\"specTable-clm-4\">2 m C\u00f3 kh\u1ea3 n\u0103ng c\u1eaft cao<\/td>\n<\/tr>\n<tr class=\"specTable-row\">\n<td class=\"specTable-clm-0\" colspan=\"4\">\u0110\u01b0\u1eddng k\u00ednh thi\u1ebft b\u1ecb s\u1ee3i quang<\/td>\n<td class=\"specTable-clm-4\">\u00f82.2\u00d72<\/td>\n<\/tr>\n<tr class=\"specTable-row\">\n<td class=\"specTable-clm-0\" colspan=\"4\">H\u00ecnh d\u1ea1ng<\/td>\n<td class=\"specTable-clm-4\">Th\u1eb3ng<\/td>\n<\/tr>\n<tr class=\"specTable-row\">\n<td class=\"specTable-clm-0\" colspan=\"4\">B\u00e1n k\u00ednh u\u1ed1n cong nh\u1ecf nh\u1ea5t c\u1ee7a s\u1ee3i quang<\/td>\n<td class=\"specTable-clm-4\">R25 mm<\/td>\n<\/tr>\n<tr class=\"specTable-row\">\n<td class=\"specTable-clm-0\">Kh\u1ea3 n\u0103ng ch\u1ed1ng ch\u1ecbu v\u1edbi m\u00f4i tr\u01b0\u1eddng<\/td>\n<td class=\"specTable-clm-1\" colspan=\"3\">Nhi\u1ec7t \u0111\u1ed9 m\u00f4i tr\u01b0\u1eddng xung quanh<\/td>\n<td class=\"specTable-clm-4\">-40 \u0111\u1ebfn +70 \u00b0C<\/td>\n<\/tr>\n<tr class=\"specTable-row\">\n<td class=\"specTable-clm-0\" colspan=\"4\">Kh\u1ed1i l\u01b0\u1ee3ng<\/td>\n<td class=\"specTable-clm-4\">X\u1ea5p x\u1ec9 21 g<\/td>\n<\/tr>\n<\/tbody>\n<\/table>\n<\/div>\n<\/div>\n<\/div>\n<p>&nbsp;<\/p>\n<p>\u0110\u1ea1i l\u00fd KEYENCE vietnam, KEYENCE viet nam, KEYENCE vietnam distributor, Ph\u00e2n ph\u1ed1i KEYENCE t\u1ea1i vi\u1ec7t nam<\/p>\n<p>\u0110\u1ea1i l\u00fd KEYENCE vietnam, KEYENCE viet nam, KEYENCE vietnam distributor, Ph\u00e2n ph\u1ed1i KEYENCE t\u1ea1i vi\u1ec7t nam<\/p>\n<p>\u0110\u1ea1i l\u00fd KEYENCE vietnam, KEYENCE viet nam, KEYENCE vietnam distributor, Ph\u00e2n ph\u1ed1i KEYENCE t\u1ea1i vi\u1ec7t nam<\/p>\n<p>\u0110\u1ea1i l\u00fd KEYENCE vietnam, KEYENCE viet nam, KEYENCE vietnam distributor, Ph\u00e2n ph\u1ed1i KEYENCE t\u1ea1i vi\u1ec7t nam<\/p>\n<p>\u0110\u1ea1i l\u00fd KEYENCE vietnam, KEYENCE viet nam, KEYENCE vietnam distributor, Ph\u00e2n ph\u1ed1i KEYENCE t\u1ea1i vi\u1ec7t nam<\/p>\n","protected":false},"excerpt":{"rendered":"<p>KEYENCE FU-6F Thi\u1ebft b\u1ecb s\u1ee3i quang ph\u1ea3n x\u1ea1 FU-6F Th\u00f4ng s\u1ed1 k\u1ef9 thu\u1eadt M\u1eabu FU-6F*1 K\u00edch th\u01b0\u1edbc M6 S\u1eafp x\u1ebfp d\u00f2 song song Chi\u1ec1u d\u00e0i b\u1ed9 thi\u1ebft b\u1ecb s\u1ee3i 2 m C\u00f3 kh\u1ea3 n\u0103ng c\u1eaft cao \u0110\u01b0\u1eddng k\u00ednh thi\u1ebft b\u1ecb s\u1ee3i quang \u00f82.2\u00d72 H\u00ecnh d\u1ea1ng Th\u1eb3ng B\u00e1n k\u00ednh u\u1ed1n cong&hellip; <\/p>\n","protected":false},"featured_media":1364,"comment_status":"open","ping_status":"closed","template":"","meta":[],"product_cat":[292],"product_tag":[88,114,113],"class_list":{"0":"post-1363","1":"product","2":"type-product","3":"status-publish","4":"has-post-thumbnail","6":"product_cat-keyence","7":"product_tag-cam-bien","8":"product_tag-dai-ly-keyence-viet-nam","9":"product_tag-keyence-viet-nam","11":"first","12":"instock","13":"shipping-taxable","14":"product-type-simple"},"yoast_head":"<!-- This site is optimized with the Yoast SEO plugin v22.8 - https:\/\/yoast.com\/wordpress\/plugins\/seo\/ -->\n<title>KEYENCE FU-6F - OMANI VI\u1ec6T NAM<\/title>\n<meta name=\"robots\" content=\"index, follow, max-snippet:-1, max-image-preview:large, max-video-preview:-1\" \/>\n<link rel=\"canonical\" href=\"https:\/\/omanivietnam.com\/index.php\/san-pham\/keyence-fu-6f\/\" \/>\n<meta property=\"og:locale\" content=\"vi_VN\" \/>\n<meta property=\"og:type\" content=\"article\" \/>\n<meta property=\"og:title\" content=\"KEYENCE FU-6F - OMANI VI\u1ec6T NAM\" \/>\n<meta property=\"og:description\" content=\"KEYENCE FU-6F Thi\u1ebft b\u1ecb s\u1ee3i quang ph\u1ea3n x\u1ea1 FU-6F Th\u00f4ng s\u1ed1 k\u1ef9 thu\u1eadt M\u1eabu FU-6F*1 K\u00edch th\u01b0\u1edbc M6 S\u1eafp x\u1ebfp d\u00f2 song song Chi\u1ec1u d\u00e0i b\u1ed9 thi\u1ebft b\u1ecb s\u1ee3i 2 m C\u00f3 kh\u1ea3 n\u0103ng c\u1eaft cao \u0110\u01b0\u1eddng k\u00ednh thi\u1ebft b\u1ecb s\u1ee3i quang \u00f82.2\u00d72 H\u00ecnh d\u1ea1ng Th\u1eb3ng B\u00e1n k\u00ednh u\u1ed1n cong&hellip;\" \/>\n<meta property=\"og:url\" content=\"https:\/\/omanivietnam.com\/index.php\/san-pham\/keyence-fu-6f\/\" \/>\n<meta property=\"og:site_name\" content=\"OMANI VI\u1ec6T NAM\" \/>\n<meta property=\"og:image\" content=\"https:\/\/omanivietnam.com\/wp-content\/uploads\/2024\/08\/FU-6F.png\" \/>\n\t<meta property=\"og:image:width\" content=\"656\" \/>\n\t<meta property=\"og:image:height\" content=\"352\" \/>\n\t<meta property=\"og:image:type\" content=\"image\/png\" \/>\n<meta name=\"twitter:card\" content=\"summary_large_image\" \/>\n<meta name=\"twitter:label1\" content=\"\u01af\u1edbc t\u00ednh th\u1eddi gian \u0111\u1ecdc\" \/>\n\t<meta name=\"twitter:data1\" content=\"2 ph\u00fat\" \/>\n<script type=\"application\/ld+json\" class=\"yoast-schema-graph\">{\"@context\":\"https:\/\/schema.org\",\"@graph\":[{\"@type\":\"WebPage\",\"@id\":\"https:\/\/omanivietnam.com\/index.php\/san-pham\/keyence-fu-6f\/\",\"url\":\"https:\/\/omanivietnam.com\/index.php\/san-pham\/keyence-fu-6f\/\",\"name\":\"KEYENCE FU-6F - OMANI VI\u1ec6T NAM\",\"isPartOf\":{\"@id\":\"https:\/\/omanivietnam.com\/#website\"},\"primaryImageOfPage\":{\"@id\":\"https:\/\/omanivietnam.com\/index.php\/san-pham\/keyence-fu-6f\/#primaryimage\"},\"image\":{\"@id\":\"https:\/\/omanivietnam.com\/index.php\/san-pham\/keyence-fu-6f\/#primaryimage\"},\"thumbnailUrl\":\"https:\/\/omanivietnam.com\/wp-content\/uploads\/2024\/08\/FU-6F.png\",\"datePublished\":\"2024-08-07T22:23:16+00:00\",\"dateModified\":\"2024-08-07T22:23:16+00:00\",\"breadcrumb\":{\"@id\":\"https:\/\/omanivietnam.com\/index.php\/san-pham\/keyence-fu-6f\/#breadcrumb\"},\"inLanguage\":\"vi\",\"potentialAction\":[{\"@type\":\"ReadAction\",\"target\":[\"https:\/\/omanivietnam.com\/index.php\/san-pham\/keyence-fu-6f\/\"]}]},{\"@type\":\"ImageObject\",\"inLanguage\":\"vi\",\"@id\":\"https:\/\/omanivietnam.com\/index.php\/san-pham\/keyence-fu-6f\/#primaryimage\",\"url\":\"https:\/\/omanivietnam.com\/wp-content\/uploads\/2024\/08\/FU-6F.png\",\"contentUrl\":\"https:\/\/omanivietnam.com\/wp-content\/uploads\/2024\/08\/FU-6F.png\",\"width\":656,\"height\":352},{\"@type\":\"BreadcrumbList\",\"@id\":\"https:\/\/omanivietnam.com\/index.php\/san-pham\/keyence-fu-6f\/#breadcrumb\",\"itemListElement\":[{\"@type\":\"ListItem\",\"position\":1,\"name\":\"Home\",\"item\":\"https:\/\/omanivietnam.com\/\"},{\"@type\":\"ListItem\",\"position\":2,\"name\":\"S\u1ea2N PH\u1ea8M\",\"item\":\"https:\/\/omanivietnam.com\/index.php\/cua-hang\/\"},{\"@type\":\"ListItem\",\"position\":3,\"name\":\"KEYENCE FU-6F\"}]},{\"@type\":\"WebSite\",\"@id\":\"https:\/\/omanivietnam.com\/#website\",\"url\":\"https:\/\/omanivietnam.com\/\",\"name\":\"OMANI VI\u1ec6T NAM\",\"description\":\"Nh\u00e0 ph\u00e2n ph\u1ed1i thi\u1ebft b\u1ecb kh\u00ed n\u00e9n v\u00e0 thi\u1ebft b\u1ecb t\u1ef1 \u0111\u1ed9ng h\u00f3a trong c\u00f4ng nghi\u1ec7p\",\"publisher\":{\"@id\":\"https:\/\/omanivietnam.com\/#\/schema\/person\/0ad398a980dc3fd696111c2c5c8fa897\"},\"potentialAction\":[{\"@type\":\"SearchAction\",\"target\":{\"@type\":\"EntryPoint\",\"urlTemplate\":\"https:\/\/omanivietnam.com\/?s={search_term_string}\"},\"query-input\":\"required name=search_term_string\"}],\"inLanguage\":\"vi\"},{\"@type\":[\"Person\",\"Organization\"],\"@id\":\"https:\/\/omanivietnam.com\/#\/schema\/person\/0ad398a980dc3fd696111c2c5c8fa897\",\"name\":\"Nguy\u1ec5n V\u0103n Kh\u00e1nh\",\"image\":{\"@type\":\"ImageObject\",\"inLanguage\":\"vi\",\"@id\":\"https:\/\/omanivietnam.com\/#\/schema\/person\/image\/\",\"url\":\"https:\/\/omanivietnam.com\/wp-content\/uploads\/2024\/06\/logo-1024x1024.png\",\"contentUrl\":\"https:\/\/omanivietnam.com\/wp-content\/uploads\/2024\/06\/logo-1024x1024.png\",\"width\":1024,\"height\":1024,\"caption\":\"Nguy\u1ec5n V\u0103n Kh\u00e1nh\"},\"logo\":{\"@id\":\"https:\/\/omanivietnam.com\/#\/schema\/person\/image\/\"},\"sameAs\":[\"https:\/\/omanivietnam.com\"]}]}<\/script>\n<!-- \/ Yoast SEO plugin. -->","yoast_head_json":{"title":"KEYENCE FU-6F - OMANI VI\u1ec6T NAM","robots":{"index":"index","follow":"follow","max-snippet":"max-snippet:-1","max-image-preview":"max-image-preview:large","max-video-preview":"max-video-preview:-1"},"canonical":"https:\/\/omanivietnam.com\/index.php\/san-pham\/keyence-fu-6f\/","og_locale":"vi_VN","og_type":"article","og_title":"KEYENCE FU-6F - OMANI VI\u1ec6T NAM","og_description":"KEYENCE FU-6F Thi\u1ebft b\u1ecb s\u1ee3i quang ph\u1ea3n x\u1ea1 FU-6F Th\u00f4ng s\u1ed1 k\u1ef9 thu\u1eadt M\u1eabu FU-6F*1 K\u00edch th\u01b0\u1edbc M6 S\u1eafp x\u1ebfp d\u00f2 song song Chi\u1ec1u d\u00e0i b\u1ed9 thi\u1ebft b\u1ecb s\u1ee3i 2 m C\u00f3 kh\u1ea3 n\u0103ng c\u1eaft cao \u0110\u01b0\u1eddng k\u00ednh thi\u1ebft b\u1ecb s\u1ee3i quang \u00f82.2\u00d72 H\u00ecnh d\u1ea1ng Th\u1eb3ng B\u00e1n k\u00ednh u\u1ed1n cong&hellip;","og_url":"https:\/\/omanivietnam.com\/index.php\/san-pham\/keyence-fu-6f\/","og_site_name":"OMANI VI\u1ec6T NAM","og_image":[{"width":656,"height":352,"url":"https:\/\/omanivietnam.com\/wp-content\/uploads\/2024\/08\/FU-6F.png","type":"image\/png"}],"twitter_card":"summary_large_image","twitter_misc":{"\u01af\u1edbc t\u00ednh th\u1eddi gian \u0111\u1ecdc":"2 ph\u00fat"},"schema":{"@context":"https:\/\/schema.org","@graph":[{"@type":"WebPage","@id":"https:\/\/omanivietnam.com\/index.php\/san-pham\/keyence-fu-6f\/","url":"https:\/\/omanivietnam.com\/index.php\/san-pham\/keyence-fu-6f\/","name":"KEYENCE FU-6F - OMANI VI\u1ec6T NAM","isPartOf":{"@id":"https:\/\/omanivietnam.com\/#website"},"primaryImageOfPage":{"@id":"https:\/\/omanivietnam.com\/index.php\/san-pham\/keyence-fu-6f\/#primaryimage"},"image":{"@id":"https:\/\/omanivietnam.com\/index.php\/san-pham\/keyence-fu-6f\/#primaryimage"},"thumbnailUrl":"https:\/\/omanivietnam.com\/wp-content\/uploads\/2024\/08\/FU-6F.png","datePublished":"2024-08-07T22:23:16+00:00","dateModified":"2024-08-07T22:23:16+00:00","breadcrumb":{"@id":"https:\/\/omanivietnam.com\/index.php\/san-pham\/keyence-fu-6f\/#breadcrumb"},"inLanguage":"vi","potentialAction":[{"@type":"ReadAction","target":["https:\/\/omanivietnam.com\/index.php\/san-pham\/keyence-fu-6f\/"]}]},{"@type":"ImageObject","inLanguage":"vi","@id":"https:\/\/omanivietnam.com\/index.php\/san-pham\/keyence-fu-6f\/#primaryimage","url":"https:\/\/omanivietnam.com\/wp-content\/uploads\/2024\/08\/FU-6F.png","contentUrl":"https:\/\/omanivietnam.com\/wp-content\/uploads\/2024\/08\/FU-6F.png","width":656,"height":352},{"@type":"BreadcrumbList","@id":"https:\/\/omanivietnam.com\/index.php\/san-pham\/keyence-fu-6f\/#breadcrumb","itemListElement":[{"@type":"ListItem","position":1,"name":"Home","item":"https:\/\/omanivietnam.com\/"},{"@type":"ListItem","position":2,"name":"S\u1ea2N PH\u1ea8M","item":"https:\/\/omanivietnam.com\/index.php\/cua-hang\/"},{"@type":"ListItem","position":3,"name":"KEYENCE FU-6F"}]},{"@type":"WebSite","@id":"https:\/\/omanivietnam.com\/#website","url":"https:\/\/omanivietnam.com\/","name":"OMANI VI\u1ec6T NAM","description":"Nh\u00e0 ph\u00e2n ph\u1ed1i thi\u1ebft b\u1ecb kh\u00ed n\u00e9n v\u00e0 thi\u1ebft b\u1ecb t\u1ef1 \u0111\u1ed9ng h\u00f3a trong c\u00f4ng nghi\u1ec7p","publisher":{"@id":"https:\/\/omanivietnam.com\/#\/schema\/person\/0ad398a980dc3fd696111c2c5c8fa897"},"potentialAction":[{"@type":"SearchAction","target":{"@type":"EntryPoint","urlTemplate":"https:\/\/omanivietnam.com\/?s={search_term_string}"},"query-input":"required name=search_term_string"}],"inLanguage":"vi"},{"@type":["Person","Organization"],"@id":"https:\/\/omanivietnam.com\/#\/schema\/person\/0ad398a980dc3fd696111c2c5c8fa897","name":"Nguy\u1ec5n V\u0103n Kh\u00e1nh","image":{"@type":"ImageObject","inLanguage":"vi","@id":"https:\/\/omanivietnam.com\/#\/schema\/person\/image\/","url":"https:\/\/omanivietnam.com\/wp-content\/uploads\/2024\/06\/logo-1024x1024.png","contentUrl":"https:\/\/omanivietnam.com\/wp-content\/uploads\/2024\/06\/logo-1024x1024.png","width":1024,"height":1024,"caption":"Nguy\u1ec5n V\u0103n Kh\u00e1nh"},"logo":{"@id":"https:\/\/omanivietnam.com\/#\/schema\/person\/image\/"},"sameAs":["https:\/\/omanivietnam.com"]}]}},"_links":{"self":[{"href":"https:\/\/omanivietnam.com\/index.php\/wp-json\/wp\/v2\/product\/1363","targetHints":{"allow":["GET"]}}],"collection":[{"href":"https:\/\/omanivietnam.com\/index.php\/wp-json\/wp\/v2\/product"}],"about":[{"href":"https:\/\/omanivietnam.com\/index.php\/wp-json\/wp\/v2\/types\/product"}],"replies":[{"embeddable":true,"href":"https:\/\/omanivietnam.com\/index.php\/wp-json\/wp\/v2\/comments?post=1363"}],"wp:featuredmedia":[{"embeddable":true,"href":"https:\/\/omanivietnam.com\/index.php\/wp-json\/wp\/v2\/media\/1364"}],"wp:attachment":[{"href":"https:\/\/omanivietnam.com\/index.php\/wp-json\/wp\/v2\/media?parent=1363"}],"wp:term":[{"taxonomy":"product_cat","embeddable":true,"href":"https:\/\/omanivietnam.com\/index.php\/wp-json\/wp\/v2\/product_cat?post=1363"},{"taxonomy":"product_tag","embeddable":true,"href":"https:\/\/omanivietnam.com\/index.php\/wp-json\/wp\/v2\/product_tag?post=1363"}],"curies":[{"name":"wp","href":"https:\/\/api.w.org\/{rel}","templated":true}]}}