{"id":1365,"date":"2024-08-08T05:38:18","date_gmt":"2024-08-07T22:38:18","guid":{"rendered":"https:\/\/omanivietnam.com\/?post_type=product&#038;p=1365"},"modified":"2024-08-08T05:40:38","modified_gmt":"2024-08-07T22:40:38","slug":"camozzi-134-945-cn01","status":"publish","type":"product","link":"https:\/\/omanivietnam.com\/index.php\/san-pham\/camozzi-134-945-cn01\/","title":{"rendered":"CAMOZZI 134-945-CN01"},"content":{"rendered":"<p>CAMOZZI 134-945-CN01<\/p>\n<p class=\"color-red\">Description:<\/p>\n<p>Device that direct and regulate compressed air in its direction, opening, closing, pressure or flow.<br \/>\nPneumatic valves are mechanical devices for regulation and control of air. Among its main functions are to start, stop or regulate the passage of gases.<br \/>\nPneumatics is the technology that uses compressed air to operate different mechanisms. In the industrial sector it is used in multiple processes and applications.<\/p>\n<p class=\"product-title\">Camozzi 134-945-CN01 &#8211; 1\/4 3\/2 Plunger Spring Return Valve<\/p>\n<p>G1\/4&#8243; BSP Parallel Female, 3\/2 Way Normally Closed, Plunger Spring Return, Series 1 Mechanically Operated, Flow 1250 NI\/min, Maximum Working Pressure 10 Bar,<\/p>\n<p>&nbsp;<\/p>\n<p>\u0110\u1ea1i l\u00fd CAMOZZI vietnam, CAMOZZI viet nam, CAMOZZI vietnam distributor, Ph\u00e2n ph\u1ed1i CAMOZZI t\u1ea1i vi\u1ec7t nam<\/p>\n<p>\u0110\u1ea1i l\u00fd CAMOZZI vietnam, CAMOZZI viet nam, CAMOZZI vietnam distributor, Ph\u00e2n ph\u1ed1i CAMOZZI t\u1ea1i vi\u1ec7t nam<\/p>\n<p>\u0110\u1ea1i l\u00fd CAMOZZI vietnam, CAMOZZI viet nam, CAMOZZI vietnam distributor, Ph\u00e2n ph\u1ed1i CAMOZZI t\u1ea1i vi\u1ec7t nam<\/p>\n<p>\u0110\u1ea1i l\u00fd CAMOZZI vietnam, CAMOZZI viet nam, CAMOZZI vietnam distributor, Ph\u00e2n ph\u1ed1i CAMOZZI t\u1ea1i vi\u1ec7t nam<\/p>\n<p>\u0110\u1ea1i l\u00fd CAMOZZI vietnam, CAMOZZI viet nam, CAMOZZI vietnam distributor, Ph\u00e2n ph\u1ed1i CAMOZZI t\u1ea1i vi\u1ec7t nam<\/p>\n","protected":false},"excerpt":{"rendered":"<p>CAMOZZI 134-945-CN01 Description: Device that direct and regulate compressed air in its direction, opening, closing, pressure or flow. Pneumatic valves are mechanical devices for regulation and control of air. Among its main functions are to start, stop or regulate the passage of gases. Pneumatics is the technology that uses compressed&hellip; <\/p>\n","protected":false},"featured_media":1366,"comment_status":"open","ping_status":"closed","template":"","meta":[],"product_cat":[301],"product_tag":[96,97,102],"class_list":{"0":"post-1365","1":"product","2":"type-product","3":"status-publish","4":"has-post-thumbnail","6":"product_cat-camozzi","7":"product_tag-camozzi-viet-nam","8":"product_tag-dai-ly-camozzi-viet-nam","9":"product_tag-van-khi-nen","11":"first","12":"instock","13":"shipping-taxable","14":"product-type-simple"},"yoast_head":"<!-- This site is optimized with the Yoast SEO plugin v22.8 - https:\/\/yoast.com\/wordpress\/plugins\/seo\/ -->\n<title>CAMOZZI 134-945-CN01 - OMANI VI\u1ec6T NAM<\/title>\n<meta name=\"robots\" content=\"index, follow, max-snippet:-1, max-image-preview:large, max-video-preview:-1\" \/>\n<link rel=\"canonical\" href=\"https:\/\/omanivietnam.com\/index.php\/san-pham\/camozzi-134-945-cn01\/\" \/>\n<meta property=\"og:locale\" content=\"vi_VN\" \/>\n<meta property=\"og:type\" content=\"article\" \/>\n<meta property=\"og:title\" content=\"CAMOZZI 134-945-CN01 - OMANI VI\u1ec6T NAM\" \/>\n<meta property=\"og:description\" content=\"CAMOZZI 134-945-CN01 Description: Device that direct and regulate compressed air in its direction, opening, closing, pressure or flow. Pneumatic valves are mechanical devices for regulation and control of air. Among its main functions are to start, stop or regulate the passage of gases. Pneumatics is the technology that uses compressed&hellip;\" \/>\n<meta property=\"og:url\" content=\"https:\/\/omanivietnam.com\/index.php\/san-pham\/camozzi-134-945-cn01\/\" \/>\n<meta property=\"og:site_name\" content=\"OMANI VI\u1ec6T NAM\" \/>\n<meta property=\"article:modified_time\" content=\"2024-08-07T22:40:38+00:00\" \/>\n<meta property=\"og:image\" content=\"https:\/\/omanivietnam.com\/wp-content\/uploads\/2024\/08\/134-945-CN01.png\" \/>\n\t<meta property=\"og:image:width\" content=\"644\" \/>\n\t<meta property=\"og:image:height\" content=\"450\" \/>\n\t<meta property=\"og:image:type\" content=\"image\/png\" \/>\n<meta name=\"twitter:card\" content=\"summary_large_image\" \/>\n<meta name=\"twitter:label1\" content=\"\u01af\u1edbc t\u00ednh th\u1eddi gian \u0111\u1ecdc\" \/>\n\t<meta name=\"twitter:data1\" content=\"2 ph\u00fat\" \/>\n<script type=\"application\/ld+json\" class=\"yoast-schema-graph\">{\"@context\":\"https:\/\/schema.org\",\"@graph\":[{\"@type\":\"WebPage\",\"@id\":\"https:\/\/omanivietnam.com\/index.php\/san-pham\/camozzi-134-945-cn01\/\",\"url\":\"https:\/\/omanivietnam.com\/index.php\/san-pham\/camozzi-134-945-cn01\/\",\"name\":\"CAMOZZI 134-945-CN01 - OMANI VI\u1ec6T NAM\",\"isPartOf\":{\"@id\":\"https:\/\/omanivietnam.com\/#website\"},\"primaryImageOfPage\":{\"@id\":\"https:\/\/omanivietnam.com\/index.php\/san-pham\/camozzi-134-945-cn01\/#primaryimage\"},\"image\":{\"@id\":\"https:\/\/omanivietnam.com\/index.php\/san-pham\/camozzi-134-945-cn01\/#primaryimage\"},\"thumbnailUrl\":\"https:\/\/omanivietnam.com\/wp-content\/uploads\/2024\/08\/134-945-CN01.png\",\"datePublished\":\"2024-08-07T22:38:18+00:00\",\"dateModified\":\"2024-08-07T22:40:38+00:00\",\"breadcrumb\":{\"@id\":\"https:\/\/omanivietnam.com\/index.php\/san-pham\/camozzi-134-945-cn01\/#breadcrumb\"},\"inLanguage\":\"vi\",\"potentialAction\":[{\"@type\":\"ReadAction\",\"target\":[\"https:\/\/omanivietnam.com\/index.php\/san-pham\/camozzi-134-945-cn01\/\"]}]},{\"@type\":\"ImageObject\",\"inLanguage\":\"vi\",\"@id\":\"https:\/\/omanivietnam.com\/index.php\/san-pham\/camozzi-134-945-cn01\/#primaryimage\",\"url\":\"https:\/\/omanivietnam.com\/wp-content\/uploads\/2024\/08\/134-945-CN01.png\",\"contentUrl\":\"https:\/\/omanivietnam.com\/wp-content\/uploads\/2024\/08\/134-945-CN01.png\",\"width\":644,\"height\":450},{\"@type\":\"BreadcrumbList\",\"@id\":\"https:\/\/omanivietnam.com\/index.php\/san-pham\/camozzi-134-945-cn01\/#breadcrumb\",\"itemListElement\":[{\"@type\":\"ListItem\",\"position\":1,\"name\":\"Home\",\"item\":\"https:\/\/omanivietnam.com\/\"},{\"@type\":\"ListItem\",\"position\":2,\"name\":\"S\u1ea2N PH\u1ea8M\",\"item\":\"https:\/\/omanivietnam.com\/index.php\/cua-hang\/\"},{\"@type\":\"ListItem\",\"position\":3,\"name\":\"CAMOZZI 134-945-CN01\"}]},{\"@type\":\"WebSite\",\"@id\":\"https:\/\/omanivietnam.com\/#website\",\"url\":\"https:\/\/omanivietnam.com\/\",\"name\":\"OMANI VI\u1ec6T NAM\",\"description\":\"Nh\u00e0 ph\u00e2n ph\u1ed1i thi\u1ebft b\u1ecb kh\u00ed n\u00e9n v\u00e0 thi\u1ebft b\u1ecb t\u1ef1 \u0111\u1ed9ng h\u00f3a trong c\u00f4ng nghi\u1ec7p\",\"publisher\":{\"@id\":\"https:\/\/omanivietnam.com\/#\/schema\/person\/0ad398a980dc3fd696111c2c5c8fa897\"},\"potentialAction\":[{\"@type\":\"SearchAction\",\"target\":{\"@type\":\"EntryPoint\",\"urlTemplate\":\"https:\/\/omanivietnam.com\/?s={search_term_string}\"},\"query-input\":\"required name=search_term_string\"}],\"inLanguage\":\"vi\"},{\"@type\":[\"Person\",\"Organization\"],\"@id\":\"https:\/\/omanivietnam.com\/#\/schema\/person\/0ad398a980dc3fd696111c2c5c8fa897\",\"name\":\"Nguy\u1ec5n V\u0103n Kh\u00e1nh\",\"image\":{\"@type\":\"ImageObject\",\"inLanguage\":\"vi\",\"@id\":\"https:\/\/omanivietnam.com\/#\/schema\/person\/image\/\",\"url\":\"https:\/\/omanivietnam.com\/wp-content\/uploads\/2024\/06\/logo-1024x1024.png\",\"contentUrl\":\"https:\/\/omanivietnam.com\/wp-content\/uploads\/2024\/06\/logo-1024x1024.png\",\"width\":1024,\"height\":1024,\"caption\":\"Nguy\u1ec5n V\u0103n Kh\u00e1nh\"},\"logo\":{\"@id\":\"https:\/\/omanivietnam.com\/#\/schema\/person\/image\/\"},\"sameAs\":[\"https:\/\/omanivietnam.com\"]}]}<\/script>\n<!-- \/ Yoast SEO plugin. -->","yoast_head_json":{"title":"CAMOZZI 134-945-CN01 - OMANI VI\u1ec6T NAM","robots":{"index":"index","follow":"follow","max-snippet":"max-snippet:-1","max-image-preview":"max-image-preview:large","max-video-preview":"max-video-preview:-1"},"canonical":"https:\/\/omanivietnam.com\/index.php\/san-pham\/camozzi-134-945-cn01\/","og_locale":"vi_VN","og_type":"article","og_title":"CAMOZZI 134-945-CN01 - OMANI VI\u1ec6T NAM","og_description":"CAMOZZI 134-945-CN01 Description: Device that direct and regulate compressed air in its direction, opening, closing, pressure or flow. Pneumatic valves are mechanical devices for regulation and control of air. Among its main functions are to start, stop or regulate the passage of gases. Pneumatics is the technology that uses compressed&hellip;","og_url":"https:\/\/omanivietnam.com\/index.php\/san-pham\/camozzi-134-945-cn01\/","og_site_name":"OMANI VI\u1ec6T NAM","article_modified_time":"2024-08-07T22:40:38+00:00","og_image":[{"width":644,"height":450,"url":"https:\/\/omanivietnam.com\/wp-content\/uploads\/2024\/08\/134-945-CN01.png","type":"image\/png"}],"twitter_card":"summary_large_image","twitter_misc":{"\u01af\u1edbc t\u00ednh th\u1eddi gian \u0111\u1ecdc":"2 ph\u00fat"},"schema":{"@context":"https:\/\/schema.org","@graph":[{"@type":"WebPage","@id":"https:\/\/omanivietnam.com\/index.php\/san-pham\/camozzi-134-945-cn01\/","url":"https:\/\/omanivietnam.com\/index.php\/san-pham\/camozzi-134-945-cn01\/","name":"CAMOZZI 134-945-CN01 - OMANI VI\u1ec6T NAM","isPartOf":{"@id":"https:\/\/omanivietnam.com\/#website"},"primaryImageOfPage":{"@id":"https:\/\/omanivietnam.com\/index.php\/san-pham\/camozzi-134-945-cn01\/#primaryimage"},"image":{"@id":"https:\/\/omanivietnam.com\/index.php\/san-pham\/camozzi-134-945-cn01\/#primaryimage"},"thumbnailUrl":"https:\/\/omanivietnam.com\/wp-content\/uploads\/2024\/08\/134-945-CN01.png","datePublished":"2024-08-07T22:38:18+00:00","dateModified":"2024-08-07T22:40:38+00:00","breadcrumb":{"@id":"https:\/\/omanivietnam.com\/index.php\/san-pham\/camozzi-134-945-cn01\/#breadcrumb"},"inLanguage":"vi","potentialAction":[{"@type":"ReadAction","target":["https:\/\/omanivietnam.com\/index.php\/san-pham\/camozzi-134-945-cn01\/"]}]},{"@type":"ImageObject","inLanguage":"vi","@id":"https:\/\/omanivietnam.com\/index.php\/san-pham\/camozzi-134-945-cn01\/#primaryimage","url":"https:\/\/omanivietnam.com\/wp-content\/uploads\/2024\/08\/134-945-CN01.png","contentUrl":"https:\/\/omanivietnam.com\/wp-content\/uploads\/2024\/08\/134-945-CN01.png","width":644,"height":450},{"@type":"BreadcrumbList","@id":"https:\/\/omanivietnam.com\/index.php\/san-pham\/camozzi-134-945-cn01\/#breadcrumb","itemListElement":[{"@type":"ListItem","position":1,"name":"Home","item":"https:\/\/omanivietnam.com\/"},{"@type":"ListItem","position":2,"name":"S\u1ea2N PH\u1ea8M","item":"https:\/\/omanivietnam.com\/index.php\/cua-hang\/"},{"@type":"ListItem","position":3,"name":"CAMOZZI 134-945-CN01"}]},{"@type":"WebSite","@id":"https:\/\/omanivietnam.com\/#website","url":"https:\/\/omanivietnam.com\/","name":"OMANI VI\u1ec6T NAM","description":"Nh\u00e0 ph\u00e2n ph\u1ed1i thi\u1ebft b\u1ecb kh\u00ed n\u00e9n v\u00e0 thi\u1ebft b\u1ecb t\u1ef1 \u0111\u1ed9ng h\u00f3a trong c\u00f4ng nghi\u1ec7p","publisher":{"@id":"https:\/\/omanivietnam.com\/#\/schema\/person\/0ad398a980dc3fd696111c2c5c8fa897"},"potentialAction":[{"@type":"SearchAction","target":{"@type":"EntryPoint","urlTemplate":"https:\/\/omanivietnam.com\/?s={search_term_string}"},"query-input":"required name=search_term_string"}],"inLanguage":"vi"},{"@type":["Person","Organization"],"@id":"https:\/\/omanivietnam.com\/#\/schema\/person\/0ad398a980dc3fd696111c2c5c8fa897","name":"Nguy\u1ec5n V\u0103n Kh\u00e1nh","image":{"@type":"ImageObject","inLanguage":"vi","@id":"https:\/\/omanivietnam.com\/#\/schema\/person\/image\/","url":"https:\/\/omanivietnam.com\/wp-content\/uploads\/2024\/06\/logo-1024x1024.png","contentUrl":"https:\/\/omanivietnam.com\/wp-content\/uploads\/2024\/06\/logo-1024x1024.png","width":1024,"height":1024,"caption":"Nguy\u1ec5n V\u0103n Kh\u00e1nh"},"logo":{"@id":"https:\/\/omanivietnam.com\/#\/schema\/person\/image\/"},"sameAs":["https:\/\/omanivietnam.com"]}]}},"_links":{"self":[{"href":"https:\/\/omanivietnam.com\/index.php\/wp-json\/wp\/v2\/product\/1365","targetHints":{"allow":["GET"]}}],"collection":[{"href":"https:\/\/omanivietnam.com\/index.php\/wp-json\/wp\/v2\/product"}],"about":[{"href":"https:\/\/omanivietnam.com\/index.php\/wp-json\/wp\/v2\/types\/product"}],"replies":[{"embeddable":true,"href":"https:\/\/omanivietnam.com\/index.php\/wp-json\/wp\/v2\/comments?post=1365"}],"wp:featuredmedia":[{"embeddable":true,"href":"https:\/\/omanivietnam.com\/index.php\/wp-json\/wp\/v2\/media\/1366"}],"wp:attachment":[{"href":"https:\/\/omanivietnam.com\/index.php\/wp-json\/wp\/v2\/media?parent=1365"}],"wp:term":[{"taxonomy":"product_cat","embeddable":true,"href":"https:\/\/omanivietnam.com\/index.php\/wp-json\/wp\/v2\/product_cat?post=1365"},{"taxonomy":"product_tag","embeddable":true,"href":"https:\/\/omanivietnam.com\/index.php\/wp-json\/wp\/v2\/product_tag?post=1365"}],"curies":[{"name":"wp","href":"https:\/\/api.w.org\/{rel}","templated":true}]}}