{"id":1370,"date":"2024-08-09T05:22:38","date_gmt":"2024-08-08T22:22:38","guid":{"rendered":"https:\/\/omanivietnam.com\/?post_type=product&#038;p=1370"},"modified":"2024-08-09T05:22:49","modified_gmt":"2024-08-08T22:22:49","slug":"stnc-tc5000-10d","status":"publish","type":"product","link":"https:\/\/omanivietnam.com\/index.php\/san-pham\/stnc-tc5000-10d\/","title":{"rendered":"STNC TC5000-10D"},"content":{"rendered":"<p>STNC TC5000-10D<\/p>\n<p>ch\u1ee9c n\u0103ng lo\u1ea1i b\u1ecf n\u01b0\u1edbc v\u00e0 c\u00e1c t\u1ea1p ch\u1ea5t c\u00f3 trong kh\u00ed n\u00e9n, c\u00e1c b\u1ed9 l\u1ecdc ch\u00fang t\u00f4i cung c\u1ea5p c\u00f3 t\u1eeb c\u1ee1 nh\u1ecf \u0111\u1ebfn l\u1edbn, trong \u0111\u00f3 c\u1ee1 nh\u1ecf nh\u1ea5t l\u00e0 model TC5000-10D.<\/p>\n<p><strong>TH\u00d4NG S\u1ed0 K\u1ef8 THU\u1eacT B\u1ed8 L\u1eccC KH\u00cd N\u00c9N STNC MODEL TC5000-10D:<\/strong><\/p>\n<p>\u2013 T\u00ean s\u1ea3n ph\u1ea9m: B\u1ed9 l\u1ecdc kh\u00ed n\u00e9n<\/p>\n<p>\u2013 M\u00e3 hi\u1ec7u: TC5000-10D (D l\u00e0 k\u00fd hi\u1ec7u x\u1ea3 t\u1ef1 \u0111\u1ed9ng)<\/p>\n<p>\u2013 Ren k\u1ebft n\u1ed1i: 1 inch (34 mm)<\/p>\n<p>\u2013 L\u01b0u l\u01b0\u1ee3ng: 6000 l\u00edt\/ ph\u00fat (6m3\/ ph\u00fat)<\/p>\n<p>\u2013 \u0110\u1ed9 tinh l\u1ecdc: 5micron \u2013 40 micron<\/p>\n<p>\u2013 D\u1ea3i \u00e1p su\u1ea5t l\u00e0m vi\u1ec7c: 0.5-0.85MPa<\/p>\n<p>\u2013 Nhi\u1ec7t \u0111\u1ed9: 0 \u2013 60 \u0111\u1ed9 C<\/p>\n<p>\u2013 D\u1ea7u b\u00f4i tr\u01a1n khuy\u1ebfn ngh\u1ecb: \u0110\u1ed9 nh\u1edbt 32 ho\u1eb7c t\u01b0\u01a1ng \u0111\u01b0\u01a1ng<\/p>\n<p>\u2013 Ren k\u1ebft n\u1ed1i v\u1edbi \u0111\u1ed3ng h\u1ed3: 1\/4 inch (13mm)<\/p>\n<p>\u2013 M\u1ed9t b\u1ed9 g\u1ed3m: L\u1ecdc kh\u00ed TF5000-04D\/02D, van \u0111i\u1ec1u \u00e1p TR3000-03\/02, qu\u1ea3 l\u1ecdc d\u1ea7u TL3000-03D\/02D<\/p>\n<p>+ Nh\u1eefng model c\u1ee5 th\u1ec3 c\u1ee7a b\u1ed9 l\u1ecdc ba STNC TC nh\u01b0:<\/p>\n<p>TC 2000-02, TC 3000-02: Ren G1\/4 (ren 13)<\/p>\n<p>TC 3000-03, TC 4000-03: Ren G 3\/8 (ren 17)<\/p>\n<p>TC 4000-04: Ren G1\/2 (ren 21)<\/p>\n<p>TC 4000-06, TC 5000-06: Ren G3\/4 (ren 21)<\/p>\n<p>TC 5000-10: Ren 1 (Ren 34).<\/p>\n<p>&nbsp;<\/p>\n<p><img fetchpriority=\"high\" decoding=\"async\" class=\"\" src=\"http:\/\/3dtoancau.com\/wp-content\/uploads\/2023\/03\/Bo-loc-khi-TC5000-10D.jpg\" width=\"695\" height=\"358\" \/><\/p>\n<p>&nbsp;<\/p>\n<p><img decoding=\"async\" class=\"\" src=\"http:\/\/3dtoancau.com\/wp-content\/uploads\/2023\/03\/Thong-so-ky-thuat-bo-loc-doi-khi-nen-STNC.gif\" width=\"788\" height=\"1182\" \/><\/p>\n<p>&nbsp;<\/p>\n<p>\u0110\u1ea1i l\u00fd STNC vietnam, STNC viet nam, STNC vietnam distributor, Ph\u00e2n ph\u1ed1i STNC t\u1ea1i vi\u1ec7t nam<\/p>\n<p>\u0110\u1ea1i l\u00fd STNC vietnam, STNC viet nam, STNC vietnam distributor, Ph\u00e2n ph\u1ed1i STNC t\u1ea1i vi\u1ec7t nam<\/p>\n<p>\u0110\u1ea1i l\u00fd STNC vietnam, STNC viet nam, STNC vietnam distributor, Ph\u00e2n ph\u1ed1i STNC t\u1ea1i vi\u1ec7t nam<\/p>\n<p>\u0110\u1ea1i l\u00fd STNC vietnam, STNC viet nam, STNC vietnam distributor, Ph\u00e2n ph\u1ed1i STNC t\u1ea1i vi\u1ec7t nam<\/p>\n<p>\u0110\u1ea1i l\u00fd STNC vietnam, STNC viet nam, STNC vietnam distributor, Ph\u00e2n ph\u1ed1i STNC t\u1ea1i vi\u1ec7t nam<\/p>\n","protected":false},"excerpt":{"rendered":"<p>STNC TC5000-10D ch\u1ee9c n\u0103ng lo\u1ea1i b\u1ecf n\u01b0\u1edbc v\u00e0 c\u00e1c t\u1ea1p ch\u1ea5t c\u00f3 trong kh\u00ed n\u00e9n, c\u00e1c b\u1ed9 l\u1ecdc ch\u00fang t\u00f4i cung c\u1ea5p c\u00f3 t\u1eeb c\u1ee1 nh\u1ecf \u0111\u1ebfn l\u1edbn, trong \u0111\u00f3 c\u1ee1 nh\u1ecf nh\u1ea5t l\u00e0 model TC5000-10D. TH\u00d4NG S\u1ed0 K\u1ef8 THU\u1eacT B\u1ed8 L\u1eccC KH\u00cd N\u00c9N STNC MODEL TC5000-10D: \u2013 T\u00ean s\u1ea3n&hellip; <\/p>\n","protected":false},"featured_media":1371,"comment_status":"open","ping_status":"closed","template":"","meta":[],"product_cat":[369],"product_tag":[371,370,350],"class_list":{"0":"post-1370","1":"product","2":"type-product","3":"status-publish","4":"has-post-thumbnail","6":"product_cat-stnc","7":"product_tag-dai-ly-stnc-viet-nam","8":"product_tag-stnc-viet-nam","9":"product_tag-thiet-bi-loc-khi","11":"first","12":"instock","13":"shipping-taxable","14":"product-type-simple"},"yoast_head":"<!-- This site is optimized with the Yoast SEO plugin v22.8 - https:\/\/yoast.com\/wordpress\/plugins\/seo\/ -->\n<title>STNC TC5000-10D - OMANI VI\u1ec6T NAM<\/title>\n<meta name=\"robots\" content=\"index, follow, max-snippet:-1, max-image-preview:large, max-video-preview:-1\" \/>\n<link rel=\"canonical\" href=\"https:\/\/omanivietnam.com\/index.php\/san-pham\/stnc-tc5000-10d\/\" \/>\n<meta property=\"og:locale\" content=\"vi_VN\" \/>\n<meta property=\"og:type\" content=\"article\" \/>\n<meta property=\"og:title\" content=\"STNC TC5000-10D - OMANI VI\u1ec6T NAM\" \/>\n<meta property=\"og:description\" content=\"STNC TC5000-10D ch\u1ee9c n\u0103ng lo\u1ea1i b\u1ecf n\u01b0\u1edbc v\u00e0 c\u00e1c t\u1ea1p ch\u1ea5t c\u00f3 trong kh\u00ed n\u00e9n, c\u00e1c b\u1ed9 l\u1ecdc ch\u00fang t\u00f4i cung c\u1ea5p c\u00f3 t\u1eeb c\u1ee1 nh\u1ecf \u0111\u1ebfn l\u1edbn, trong \u0111\u00f3 c\u1ee1 nh\u1ecf nh\u1ea5t l\u00e0 model TC5000-10D. TH\u00d4NG S\u1ed0 K\u1ef8 THU\u1eacT B\u1ed8 L\u1eccC KH\u00cd N\u00c9N STNC MODEL TC5000-10D: \u2013 T\u00ean s\u1ea3n&hellip;\" \/>\n<meta property=\"og:url\" content=\"https:\/\/omanivietnam.com\/index.php\/san-pham\/stnc-tc5000-10d\/\" \/>\n<meta property=\"og:site_name\" content=\"OMANI VI\u1ec6T NAM\" \/>\n<meta property=\"article:modified_time\" content=\"2024-08-08T22:22:49+00:00\" \/>\n<meta property=\"og:image\" content=\"https:\/\/omanivietnam.com\/wp-content\/uploads\/2024\/08\/TC5000-10D.png\" \/>\n\t<meta property=\"og:image:width\" content=\"511\" \/>\n\t<meta property=\"og:image:height\" content=\"468\" \/>\n\t<meta property=\"og:image:type\" content=\"image\/png\" \/>\n<meta name=\"twitter:card\" content=\"summary_large_image\" \/>\n<meta name=\"twitter:label1\" content=\"\u01af\u1edbc t\u00ednh th\u1eddi gian \u0111\u1ecdc\" \/>\n\t<meta name=\"twitter:data1\" content=\"3 ph\u00fat\" \/>\n<script type=\"application\/ld+json\" class=\"yoast-schema-graph\">{\"@context\":\"https:\/\/schema.org\",\"@graph\":[{\"@type\":\"WebPage\",\"@id\":\"https:\/\/omanivietnam.com\/index.php\/san-pham\/stnc-tc5000-10d\/\",\"url\":\"https:\/\/omanivietnam.com\/index.php\/san-pham\/stnc-tc5000-10d\/\",\"name\":\"STNC TC5000-10D - OMANI VI\u1ec6T NAM\",\"isPartOf\":{\"@id\":\"https:\/\/omanivietnam.com\/#website\"},\"primaryImageOfPage\":{\"@id\":\"https:\/\/omanivietnam.com\/index.php\/san-pham\/stnc-tc5000-10d\/#primaryimage\"},\"image\":{\"@id\":\"https:\/\/omanivietnam.com\/index.php\/san-pham\/stnc-tc5000-10d\/#primaryimage\"},\"thumbnailUrl\":\"https:\/\/omanivietnam.com\/wp-content\/uploads\/2024\/08\/TC5000-10D.png\",\"datePublished\":\"2024-08-08T22:22:38+00:00\",\"dateModified\":\"2024-08-08T22:22:49+00:00\",\"breadcrumb\":{\"@id\":\"https:\/\/omanivietnam.com\/index.php\/san-pham\/stnc-tc5000-10d\/#breadcrumb\"},\"inLanguage\":\"vi\",\"potentialAction\":[{\"@type\":\"ReadAction\",\"target\":[\"https:\/\/omanivietnam.com\/index.php\/san-pham\/stnc-tc5000-10d\/\"]}]},{\"@type\":\"ImageObject\",\"inLanguage\":\"vi\",\"@id\":\"https:\/\/omanivietnam.com\/index.php\/san-pham\/stnc-tc5000-10d\/#primaryimage\",\"url\":\"https:\/\/omanivietnam.com\/wp-content\/uploads\/2024\/08\/TC5000-10D.png\",\"contentUrl\":\"https:\/\/omanivietnam.com\/wp-content\/uploads\/2024\/08\/TC5000-10D.png\",\"width\":511,\"height\":468},{\"@type\":\"BreadcrumbList\",\"@id\":\"https:\/\/omanivietnam.com\/index.php\/san-pham\/stnc-tc5000-10d\/#breadcrumb\",\"itemListElement\":[{\"@type\":\"ListItem\",\"position\":1,\"name\":\"Home\",\"item\":\"https:\/\/omanivietnam.com\/\"},{\"@type\":\"ListItem\",\"position\":2,\"name\":\"S\u1ea2N PH\u1ea8M\",\"item\":\"https:\/\/omanivietnam.com\/index.php\/cua-hang\/\"},{\"@type\":\"ListItem\",\"position\":3,\"name\":\"STNC TC5000-10D\"}]},{\"@type\":\"WebSite\",\"@id\":\"https:\/\/omanivietnam.com\/#website\",\"url\":\"https:\/\/omanivietnam.com\/\",\"name\":\"OMANI VI\u1ec6T NAM\",\"description\":\"Nh\u00e0 ph\u00e2n ph\u1ed1i thi\u1ebft b\u1ecb kh\u00ed n\u00e9n v\u00e0 thi\u1ebft b\u1ecb t\u1ef1 \u0111\u1ed9ng h\u00f3a trong c\u00f4ng nghi\u1ec7p\",\"publisher\":{\"@id\":\"https:\/\/omanivietnam.com\/#\/schema\/person\/0ad398a980dc3fd696111c2c5c8fa897\"},\"potentialAction\":[{\"@type\":\"SearchAction\",\"target\":{\"@type\":\"EntryPoint\",\"urlTemplate\":\"https:\/\/omanivietnam.com\/?s={search_term_string}\"},\"query-input\":\"required name=search_term_string\"}],\"inLanguage\":\"vi\"},{\"@type\":[\"Person\",\"Organization\"],\"@id\":\"https:\/\/omanivietnam.com\/#\/schema\/person\/0ad398a980dc3fd696111c2c5c8fa897\",\"name\":\"Nguy\u1ec5n V\u0103n Kh\u00e1nh\",\"image\":{\"@type\":\"ImageObject\",\"inLanguage\":\"vi\",\"@id\":\"https:\/\/omanivietnam.com\/#\/schema\/person\/image\/\",\"url\":\"https:\/\/omanivietnam.com\/wp-content\/uploads\/2024\/06\/logo-1024x1024.png\",\"contentUrl\":\"https:\/\/omanivietnam.com\/wp-content\/uploads\/2024\/06\/logo-1024x1024.png\",\"width\":1024,\"height\":1024,\"caption\":\"Nguy\u1ec5n V\u0103n Kh\u00e1nh\"},\"logo\":{\"@id\":\"https:\/\/omanivietnam.com\/#\/schema\/person\/image\/\"},\"sameAs\":[\"https:\/\/omanivietnam.com\"]}]}<\/script>\n<!-- \/ Yoast SEO plugin. -->","yoast_head_json":{"title":"STNC TC5000-10D - OMANI VI\u1ec6T NAM","robots":{"index":"index","follow":"follow","max-snippet":"max-snippet:-1","max-image-preview":"max-image-preview:large","max-video-preview":"max-video-preview:-1"},"canonical":"https:\/\/omanivietnam.com\/index.php\/san-pham\/stnc-tc5000-10d\/","og_locale":"vi_VN","og_type":"article","og_title":"STNC TC5000-10D - OMANI VI\u1ec6T NAM","og_description":"STNC TC5000-10D ch\u1ee9c n\u0103ng lo\u1ea1i b\u1ecf n\u01b0\u1edbc v\u00e0 c\u00e1c t\u1ea1p ch\u1ea5t c\u00f3 trong kh\u00ed n\u00e9n, c\u00e1c b\u1ed9 l\u1ecdc ch\u00fang t\u00f4i cung c\u1ea5p c\u00f3 t\u1eeb c\u1ee1 nh\u1ecf \u0111\u1ebfn l\u1edbn, trong \u0111\u00f3 c\u1ee1 nh\u1ecf nh\u1ea5t l\u00e0 model TC5000-10D. TH\u00d4NG S\u1ed0 K\u1ef8 THU\u1eacT B\u1ed8 L\u1eccC KH\u00cd N\u00c9N STNC MODEL TC5000-10D: \u2013 T\u00ean s\u1ea3n&hellip;","og_url":"https:\/\/omanivietnam.com\/index.php\/san-pham\/stnc-tc5000-10d\/","og_site_name":"OMANI VI\u1ec6T NAM","article_modified_time":"2024-08-08T22:22:49+00:00","og_image":[{"width":511,"height":468,"url":"https:\/\/omanivietnam.com\/wp-content\/uploads\/2024\/08\/TC5000-10D.png","type":"image\/png"}],"twitter_card":"summary_large_image","twitter_misc":{"\u01af\u1edbc t\u00ednh th\u1eddi gian \u0111\u1ecdc":"3 ph\u00fat"},"schema":{"@context":"https:\/\/schema.org","@graph":[{"@type":"WebPage","@id":"https:\/\/omanivietnam.com\/index.php\/san-pham\/stnc-tc5000-10d\/","url":"https:\/\/omanivietnam.com\/index.php\/san-pham\/stnc-tc5000-10d\/","name":"STNC TC5000-10D - OMANI VI\u1ec6T NAM","isPartOf":{"@id":"https:\/\/omanivietnam.com\/#website"},"primaryImageOfPage":{"@id":"https:\/\/omanivietnam.com\/index.php\/san-pham\/stnc-tc5000-10d\/#primaryimage"},"image":{"@id":"https:\/\/omanivietnam.com\/index.php\/san-pham\/stnc-tc5000-10d\/#primaryimage"},"thumbnailUrl":"https:\/\/omanivietnam.com\/wp-content\/uploads\/2024\/08\/TC5000-10D.png","datePublished":"2024-08-08T22:22:38+00:00","dateModified":"2024-08-08T22:22:49+00:00","breadcrumb":{"@id":"https:\/\/omanivietnam.com\/index.php\/san-pham\/stnc-tc5000-10d\/#breadcrumb"},"inLanguage":"vi","potentialAction":[{"@type":"ReadAction","target":["https:\/\/omanivietnam.com\/index.php\/san-pham\/stnc-tc5000-10d\/"]}]},{"@type":"ImageObject","inLanguage":"vi","@id":"https:\/\/omanivietnam.com\/index.php\/san-pham\/stnc-tc5000-10d\/#primaryimage","url":"https:\/\/omanivietnam.com\/wp-content\/uploads\/2024\/08\/TC5000-10D.png","contentUrl":"https:\/\/omanivietnam.com\/wp-content\/uploads\/2024\/08\/TC5000-10D.png","width":511,"height":468},{"@type":"BreadcrumbList","@id":"https:\/\/omanivietnam.com\/index.php\/san-pham\/stnc-tc5000-10d\/#breadcrumb","itemListElement":[{"@type":"ListItem","position":1,"name":"Home","item":"https:\/\/omanivietnam.com\/"},{"@type":"ListItem","position":2,"name":"S\u1ea2N PH\u1ea8M","item":"https:\/\/omanivietnam.com\/index.php\/cua-hang\/"},{"@type":"ListItem","position":3,"name":"STNC TC5000-10D"}]},{"@type":"WebSite","@id":"https:\/\/omanivietnam.com\/#website","url":"https:\/\/omanivietnam.com\/","name":"OMANI VI\u1ec6T NAM","description":"Nh\u00e0 ph\u00e2n ph\u1ed1i thi\u1ebft b\u1ecb kh\u00ed n\u00e9n v\u00e0 thi\u1ebft b\u1ecb t\u1ef1 \u0111\u1ed9ng h\u00f3a trong c\u00f4ng nghi\u1ec7p","publisher":{"@id":"https:\/\/omanivietnam.com\/#\/schema\/person\/0ad398a980dc3fd696111c2c5c8fa897"},"potentialAction":[{"@type":"SearchAction","target":{"@type":"EntryPoint","urlTemplate":"https:\/\/omanivietnam.com\/?s={search_term_string}"},"query-input":"required name=search_term_string"}],"inLanguage":"vi"},{"@type":["Person","Organization"],"@id":"https:\/\/omanivietnam.com\/#\/schema\/person\/0ad398a980dc3fd696111c2c5c8fa897","name":"Nguy\u1ec5n V\u0103n Kh\u00e1nh","image":{"@type":"ImageObject","inLanguage":"vi","@id":"https:\/\/omanivietnam.com\/#\/schema\/person\/image\/","url":"https:\/\/omanivietnam.com\/wp-content\/uploads\/2024\/06\/logo-1024x1024.png","contentUrl":"https:\/\/omanivietnam.com\/wp-content\/uploads\/2024\/06\/logo-1024x1024.png","width":1024,"height":1024,"caption":"Nguy\u1ec5n V\u0103n Kh\u00e1nh"},"logo":{"@id":"https:\/\/omanivietnam.com\/#\/schema\/person\/image\/"},"sameAs":["https:\/\/omanivietnam.com"]}]}},"_links":{"self":[{"href":"https:\/\/omanivietnam.com\/index.php\/wp-json\/wp\/v2\/product\/1370","targetHints":{"allow":["GET"]}}],"collection":[{"href":"https:\/\/omanivietnam.com\/index.php\/wp-json\/wp\/v2\/product"}],"about":[{"href":"https:\/\/omanivietnam.com\/index.php\/wp-json\/wp\/v2\/types\/product"}],"replies":[{"embeddable":true,"href":"https:\/\/omanivietnam.com\/index.php\/wp-json\/wp\/v2\/comments?post=1370"}],"wp:featuredmedia":[{"embeddable":true,"href":"https:\/\/omanivietnam.com\/index.php\/wp-json\/wp\/v2\/media\/1371"}],"wp:attachment":[{"href":"https:\/\/omanivietnam.com\/index.php\/wp-json\/wp\/v2\/media?parent=1370"}],"wp:term":[{"taxonomy":"product_cat","embeddable":true,"href":"https:\/\/omanivietnam.com\/index.php\/wp-json\/wp\/v2\/product_cat?post=1370"},{"taxonomy":"product_tag","embeddable":true,"href":"https:\/\/omanivietnam.com\/index.php\/wp-json\/wp\/v2\/product_tag?post=1370"}],"curies":[{"name":"wp","href":"https:\/\/api.w.org\/{rel}","templated":true}]}}