{"id":1382,"date":"2024-08-10T05:23:16","date_gmt":"2024-08-09T22:23:16","guid":{"rendered":"https:\/\/omanivietnam.com\/?post_type=product&#038;p=1382"},"modified":"2024-08-10T05:23:16","modified_gmt":"2024-08-09T22:23:16","slug":"sick-gtb6-n1212","status":"publish","type":"product","link":"https:\/\/omanivietnam.com\/index.php\/san-pham\/sick-gtb6-n1212\/","title":{"rendered":"SICK GTB6-N1212"},"content":{"rendered":"<p>GTB6-N1212 = GTB6-N1211 + g\u00e1<\/p>\n<p>SICK GTB6-N1211<\/p>\n<p>SICK GTB6-N1212<\/p>\n<p>Nguy\u00ean t\u1eafc ch\u1ee9c n\u0103ng C\u1ea3m bi\u1ebfn ti\u1ec7m c\u1eadn quang \u0111i\u1ec7n<br \/>\nChi ti\u1ebft nguy\u00ean l\u00fd ch\u1ee9c n\u0103ng Ng\u0103n ch\u1eb7n n\u1ec1n<br \/>\nPh\u1ea1m vi c\u1ea3m bi\u1ebfn t\u1ed1i \u0111a 5 mm \u2026 250 mm 1)<br \/>\nPh\u1ea1m vi c\u1ea3m bi\u1ebfn 35 mm \u2026 140 mm<br \/>\nB\u1ed9 l\u1ecdc ph\u00e2n c\u1ef1c KH\u00d4NG<br \/>\nCh\u00f9m tia ph\u00e1t ra<br \/>\nNgu\u1ed3n s\u00e1ng \u0110\u00e8n LED x\u00e1c \u0111\u1ecbnh 2)<br \/>\nLo\u1ea1i \u00e1nh s\u00e1ng C\u00f3 th\u1ec3 nh\u00ecn th\u1ea5y \u0111\u00e8n \u0111\u1ecf<br \/>\nK\u00edch th\u01b0\u1edbc \u0111i\u1ec3m s\u00e1ng (kho\u1ea3ng c\u00e1ch) \u00d8 6mm (100mm)<br \/>\nS\u1ed1 li\u1ec7u LED ch\u00ednh<br \/>\n\u0110\u1ed9 d\u00e0i s\u00f3ng 650nm<br \/>\n\u0110i\u1ec1u ch\u1ec9nh Tr\u1ee5c c\u01a1 kh\u00ed, 5 v\u00f2ng<br \/>\nC\u00e1c m\u1eb7t h\u00e0ng \u0111\u01b0\u1ee3c cung c\u1ea5p Gi\u00e1 \u0111\u1ee1 b\u1eb1ng th\u00e9p kh\u00f4ng g\u1ec9 (1.4301\/304) BEF-W100-A<\/p>\n<p>C\u1ea3m bi\u1ebfn quang \u0111i\u1ec7n\u00a0<strong>SICK GTB6-N1211<\/strong>\u00a0l\u00e0 thi\u1ebft b\u1ecb c\u1ea3m bi\u1ebfn t\u1ef1 \u0111\u1ed9ng gi\u00fap vi\u1ec7c chuy\u1ec3n t\u1ea3i (di chuy\u1ec3n) c\u00f3 ki\u1ec3m so\u00e1t:\u00a0Ki\u1ec3m tra c\u00e1c \u0111\u1ed1i t\u01b0\u1ee3ng c\u00f3 m\u1eb7t \u1edf v\u1ecb tr\u00ed chuy\u1ec3n giao, x\u00e1c \u0111\u1ecbnh \u0111\u1ed1i t\u01b0\u1ee3ng ra v\u00e0o tr\u00ean \u0111\u01b0\u1eddng chuy\u1ec1n, ki\u1ec3m tra kho\u1ea3ng c\u00e1ch gi\u1eefa c\u00e1c \u0111\u1ed1i t\u01b0\u1ee3ng, ph\u00e1t hi\u1ec7n h\u01b0\u1edbng di chuy\u1ec3n\u2026 v\u00e0 r\u1ea5t nhi\u1ec1u \u1ee9ng d\u1ee5ng ph\u00e1t hi\u1ec7n \u0111\u1ed1i t\u01b0\u1ee3ng kh\u00e1c<\/p>\n<ul>\n<li>Thi\u1ebft b\u1ecb c\u00f3 th\u1ec3 \u0111\u01b0\u1ee3c c\u0103n ch\u1ec9nh d\u1ec5 d\u00e0ng v\u00e0 ph\u00e1t hi\u1ec7n \u0111\u1ed1i t\u01b0\u1ee3ng ch\u00ednh x\u00e1c nh\u1edd \u0111\u00e8n LED PinPoint d\u1ec5 nh\u00ecn th\u1ea5y<\/li>\n<li>\u0110\u1ed9 b\u1ec1n cao do h\u1ea1t dao c\u00f3 ren kim lo\u1ea1i<\/li>\n<li>C\u00f4ng ngh\u1ec7 SICK ASIC m\u1edbi nh\u1ea5t, cung c\u1ea5p hi\u1ec7u su\u1ea5t v\u00e0 \u0111\u1ed9 tin c\u1eady r\u1ea5t cao<\/li>\n<li>X\u1ebfp h\u1ea1ng v\u1ecf b\u1ecdc IP 67<\/li>\n<li>D\u1ec5 d\u00e0ng \u0111i\u1ec1u ch\u1ec9nh nh\u1edd chi\u1ebft \u00e1p l\u1edbn, th\u00e2n thi\u1ec7n v\u1edbi ng\u01b0\u1eddi d\u00f9ng<\/li>\n<li>L\u1eafp \u0111\u1eb7t nhanh ch\u00f3ng v\u00e0 d\u1ec5 d\u00e0ng<\/li>\n<\/ul>\n<p><strong>Th\u00f4ng tin chi ti\u1ebft SICK GTB6-N1211<\/strong><\/p>\n<ul>\n<li>Lo\u1ea1i thi\u1ebft b\u1ecb: C\u1ea3m bi\u1ebfn quang \u0111i\u1ec7n<\/li>\n<li>M\u00e3 h\u00e0ng: GTB6-N1211<\/li>\n<li>Part no: 1052441<\/li>\n<li>Ph\u1ea1m vi c\u1ea3m bi\u1ebfn t\u1ed1i \u0111a: 250mm<\/li>\n<li>\u0110\u1ea7u ra: NPN<\/li>\n<li>Lo\u1ea1i k\u1ebft n\u1ed1i: C\u00e1p, 3 d\u00e2y, 2 m<\/li>\n<li>K\u00edch th\u01b0\u1edbc (Wx Hx D): 12 mm x 31,5 mm x 21 mm<\/li>\n<\/ul>\n<p>C\u00e1c model t\u01b0\u01a1ng \u0111\u01b0\u01a1ng:<\/p>\n<p>GTB6-N1211 1052441<br \/>\nGTB6-N1212 1052445<br \/>\nGTB6-N1241 1082905<br \/>\nGTB6-N4211 1052439<br \/>\nGTB6-N4212 1052443<br \/>\nGTB6-P1211 1052440<br \/>\nGTB6-P1212 1052444<br \/>\nGTB6-P4211 1052438<br \/>\nGTB6-P4212 1052442<br \/>\nGTB6-P4231 1079712<\/p>\n<p>\u0110\u1ea1i l\u00fd Sick vietnam, Sick viet nam, Sick vietnam distributor, Ph\u00e2n ph\u1ed1i Sick t\u1ea1i vi\u1ec7t nam<\/p>\n<p>\u0110\u1ea1i l\u00fd Sick vietnam, Sick viet nam, Sick vietnam distributor, Ph\u00e2n ph\u1ed1i Sick t\u1ea1i vi\u1ec7t nam<\/p>\n<p>\u0110\u1ea1i l\u00fd Sick vietnam, Sick viet nam, Sick vietnam distributor, Ph\u00e2n ph\u1ed1i Sick t\u1ea1i vi\u1ec7t nam<\/p>\n<p>\u0110\u1ea1i l\u00fd Sick vietnam, Sick viet nam, Sick vietnam distributor, Ph\u00e2n ph\u1ed1i Sick t\u1ea1i vi\u1ec7t nam<\/p>\n<p>\u0110\u1ea1i l\u00fd Sick vietnam, Sick viet nam, Sick vietnam distributor, Ph\u00e2n ph\u1ed1i Sick t\u1ea1i vi\u1ec7t nam<\/p>\n","protected":false},"excerpt":{"rendered":"<p>GTB6-N1212 = GTB6-N1211 + g\u00e1 SICK GTB6-N1211 SICK GTB6-N1212 Nguy\u00ean t\u1eafc ch\u1ee9c n\u0103ng C\u1ea3m bi\u1ebfn ti\u1ec7m c\u1eadn quang \u0111i\u1ec7n Chi ti\u1ebft nguy\u00ean l\u00fd ch\u1ee9c n\u0103ng Ng\u0103n ch\u1eb7n n\u1ec1n Ph\u1ea1m vi c\u1ea3m bi\u1ebfn t\u1ed1i \u0111a 5 mm \u2026 250 mm 1) Ph\u1ea1m vi c\u1ea3m bi\u1ebfn 35 mm \u2026 140 mm B\u1ed9&hellip; <\/p>\n","protected":false},"featured_media":1383,"comment_status":"open","ping_status":"closed","template":"","meta":[],"product_cat":[297],"product_tag":[88,89,90],"class_list":{"0":"post-1382","1":"product","2":"type-product","3":"status-publish","4":"has-post-thumbnail","6":"product_cat-sick","7":"product_tag-cam-bien","8":"product_tag-dai-ly-sick-viet-nam","9":"product_tag-sick-viet-nam","11":"first","12":"instock","13":"shipping-taxable","14":"product-type-simple"},"yoast_head":"<!-- This site is optimized with the Yoast SEO plugin v22.8 - https:\/\/yoast.com\/wordpress\/plugins\/seo\/ -->\n<title>SICK GTB6-N1212 - OMANI VI\u1ec6T NAM<\/title>\n<meta name=\"robots\" content=\"index, follow, max-snippet:-1, max-image-preview:large, max-video-preview:-1\" \/>\n<link rel=\"canonical\" href=\"https:\/\/omanivietnam.com\/index.php\/san-pham\/sick-gtb6-n1212\/\" \/>\n<meta property=\"og:locale\" content=\"vi_VN\" \/>\n<meta property=\"og:type\" content=\"article\" \/>\n<meta property=\"og:title\" content=\"SICK GTB6-N1212 - OMANI VI\u1ec6T NAM\" \/>\n<meta property=\"og:description\" content=\"GTB6-N1212 = GTB6-N1211 + g\u00e1 SICK GTB6-N1211 SICK GTB6-N1212 Nguy\u00ean t\u1eafc ch\u1ee9c n\u0103ng C\u1ea3m bi\u1ebfn ti\u1ec7m c\u1eadn quang \u0111i\u1ec7n Chi ti\u1ebft nguy\u00ean l\u00fd ch\u1ee9c n\u0103ng Ng\u0103n ch\u1eb7n n\u1ec1n Ph\u1ea1m vi c\u1ea3m bi\u1ebfn t\u1ed1i \u0111a 5 mm \u2026 250 mm 1) Ph\u1ea1m vi c\u1ea3m bi\u1ebfn 35 mm \u2026 140 mm B\u1ed9&hellip;\" \/>\n<meta property=\"og:url\" content=\"https:\/\/omanivietnam.com\/index.php\/san-pham\/sick-gtb6-n1212\/\" \/>\n<meta property=\"og:site_name\" content=\"OMANI VI\u1ec6T NAM\" \/>\n<meta property=\"og:image\" content=\"https:\/\/omanivietnam.com\/wp-content\/uploads\/2024\/08\/GTB6-N1212.png\" \/>\n\t<meta property=\"og:image:width\" content=\"603\" \/>\n\t<meta property=\"og:image:height\" content=\"566\" \/>\n\t<meta property=\"og:image:type\" content=\"image\/png\" \/>\n<meta name=\"twitter:card\" content=\"summary_large_image\" \/>\n<meta name=\"twitter:label1\" content=\"\u01af\u1edbc t\u00ednh th\u1eddi gian \u0111\u1ecdc\" \/>\n\t<meta name=\"twitter:data1\" content=\"3 ph\u00fat\" \/>\n<script type=\"application\/ld+json\" class=\"yoast-schema-graph\">{\"@context\":\"https:\/\/schema.org\",\"@graph\":[{\"@type\":\"WebPage\",\"@id\":\"https:\/\/omanivietnam.com\/index.php\/san-pham\/sick-gtb6-n1212\/\",\"url\":\"https:\/\/omanivietnam.com\/index.php\/san-pham\/sick-gtb6-n1212\/\",\"name\":\"SICK GTB6-N1212 - OMANI VI\u1ec6T NAM\",\"isPartOf\":{\"@id\":\"https:\/\/omanivietnam.com\/#website\"},\"primaryImageOfPage\":{\"@id\":\"https:\/\/omanivietnam.com\/index.php\/san-pham\/sick-gtb6-n1212\/#primaryimage\"},\"image\":{\"@id\":\"https:\/\/omanivietnam.com\/index.php\/san-pham\/sick-gtb6-n1212\/#primaryimage\"},\"thumbnailUrl\":\"https:\/\/omanivietnam.com\/wp-content\/uploads\/2024\/08\/GTB6-N1212.png\",\"datePublished\":\"2024-08-09T22:23:16+00:00\",\"dateModified\":\"2024-08-09T22:23:16+00:00\",\"breadcrumb\":{\"@id\":\"https:\/\/omanivietnam.com\/index.php\/san-pham\/sick-gtb6-n1212\/#breadcrumb\"},\"inLanguage\":\"vi\",\"potentialAction\":[{\"@type\":\"ReadAction\",\"target\":[\"https:\/\/omanivietnam.com\/index.php\/san-pham\/sick-gtb6-n1212\/\"]}]},{\"@type\":\"ImageObject\",\"inLanguage\":\"vi\",\"@id\":\"https:\/\/omanivietnam.com\/index.php\/san-pham\/sick-gtb6-n1212\/#primaryimage\",\"url\":\"https:\/\/omanivietnam.com\/wp-content\/uploads\/2024\/08\/GTB6-N1212.png\",\"contentUrl\":\"https:\/\/omanivietnam.com\/wp-content\/uploads\/2024\/08\/GTB6-N1212.png\",\"width\":603,\"height\":566},{\"@type\":\"BreadcrumbList\",\"@id\":\"https:\/\/omanivietnam.com\/index.php\/san-pham\/sick-gtb6-n1212\/#breadcrumb\",\"itemListElement\":[{\"@type\":\"ListItem\",\"position\":1,\"name\":\"Home\",\"item\":\"https:\/\/omanivietnam.com\/\"},{\"@type\":\"ListItem\",\"position\":2,\"name\":\"S\u1ea2N PH\u1ea8M\",\"item\":\"https:\/\/omanivietnam.com\/index.php\/cua-hang\/\"},{\"@type\":\"ListItem\",\"position\":3,\"name\":\"SICK GTB6-N1212\"}]},{\"@type\":\"WebSite\",\"@id\":\"https:\/\/omanivietnam.com\/#website\",\"url\":\"https:\/\/omanivietnam.com\/\",\"name\":\"OMANI VI\u1ec6T NAM\",\"description\":\"Nh\u00e0 ph\u00e2n ph\u1ed1i thi\u1ebft b\u1ecb kh\u00ed n\u00e9n v\u00e0 thi\u1ebft b\u1ecb t\u1ef1 \u0111\u1ed9ng h\u00f3a trong c\u00f4ng nghi\u1ec7p\",\"publisher\":{\"@id\":\"https:\/\/omanivietnam.com\/#\/schema\/person\/0ad398a980dc3fd696111c2c5c8fa897\"},\"potentialAction\":[{\"@type\":\"SearchAction\",\"target\":{\"@type\":\"EntryPoint\",\"urlTemplate\":\"https:\/\/omanivietnam.com\/?s={search_term_string}\"},\"query-input\":\"required name=search_term_string\"}],\"inLanguage\":\"vi\"},{\"@type\":[\"Person\",\"Organization\"],\"@id\":\"https:\/\/omanivietnam.com\/#\/schema\/person\/0ad398a980dc3fd696111c2c5c8fa897\",\"name\":\"Nguy\u1ec5n V\u0103n Kh\u00e1nh\",\"image\":{\"@type\":\"ImageObject\",\"inLanguage\":\"vi\",\"@id\":\"https:\/\/omanivietnam.com\/#\/schema\/person\/image\/\",\"url\":\"https:\/\/omanivietnam.com\/wp-content\/uploads\/2024\/06\/logo-1024x1024.png\",\"contentUrl\":\"https:\/\/omanivietnam.com\/wp-content\/uploads\/2024\/06\/logo-1024x1024.png\",\"width\":1024,\"height\":1024,\"caption\":\"Nguy\u1ec5n V\u0103n Kh\u00e1nh\"},\"logo\":{\"@id\":\"https:\/\/omanivietnam.com\/#\/schema\/person\/image\/\"},\"sameAs\":[\"https:\/\/omanivietnam.com\"]}]}<\/script>\n<!-- \/ Yoast SEO plugin. -->","yoast_head_json":{"title":"SICK GTB6-N1212 - OMANI VI\u1ec6T NAM","robots":{"index":"index","follow":"follow","max-snippet":"max-snippet:-1","max-image-preview":"max-image-preview:large","max-video-preview":"max-video-preview:-1"},"canonical":"https:\/\/omanivietnam.com\/index.php\/san-pham\/sick-gtb6-n1212\/","og_locale":"vi_VN","og_type":"article","og_title":"SICK GTB6-N1212 - OMANI VI\u1ec6T NAM","og_description":"GTB6-N1212 = GTB6-N1211 + g\u00e1 SICK GTB6-N1211 SICK GTB6-N1212 Nguy\u00ean t\u1eafc ch\u1ee9c n\u0103ng C\u1ea3m bi\u1ebfn ti\u1ec7m c\u1eadn quang \u0111i\u1ec7n Chi ti\u1ebft nguy\u00ean l\u00fd ch\u1ee9c n\u0103ng Ng\u0103n ch\u1eb7n n\u1ec1n Ph\u1ea1m vi c\u1ea3m bi\u1ebfn t\u1ed1i \u0111a 5 mm \u2026 250 mm 1) Ph\u1ea1m vi c\u1ea3m bi\u1ebfn 35 mm \u2026 140 mm B\u1ed9&hellip;","og_url":"https:\/\/omanivietnam.com\/index.php\/san-pham\/sick-gtb6-n1212\/","og_site_name":"OMANI VI\u1ec6T NAM","og_image":[{"width":603,"height":566,"url":"https:\/\/omanivietnam.com\/wp-content\/uploads\/2024\/08\/GTB6-N1212.png","type":"image\/png"}],"twitter_card":"summary_large_image","twitter_misc":{"\u01af\u1edbc t\u00ednh th\u1eddi gian \u0111\u1ecdc":"3 ph\u00fat"},"schema":{"@context":"https:\/\/schema.org","@graph":[{"@type":"WebPage","@id":"https:\/\/omanivietnam.com\/index.php\/san-pham\/sick-gtb6-n1212\/","url":"https:\/\/omanivietnam.com\/index.php\/san-pham\/sick-gtb6-n1212\/","name":"SICK GTB6-N1212 - OMANI VI\u1ec6T NAM","isPartOf":{"@id":"https:\/\/omanivietnam.com\/#website"},"primaryImageOfPage":{"@id":"https:\/\/omanivietnam.com\/index.php\/san-pham\/sick-gtb6-n1212\/#primaryimage"},"image":{"@id":"https:\/\/omanivietnam.com\/index.php\/san-pham\/sick-gtb6-n1212\/#primaryimage"},"thumbnailUrl":"https:\/\/omanivietnam.com\/wp-content\/uploads\/2024\/08\/GTB6-N1212.png","datePublished":"2024-08-09T22:23:16+00:00","dateModified":"2024-08-09T22:23:16+00:00","breadcrumb":{"@id":"https:\/\/omanivietnam.com\/index.php\/san-pham\/sick-gtb6-n1212\/#breadcrumb"},"inLanguage":"vi","potentialAction":[{"@type":"ReadAction","target":["https:\/\/omanivietnam.com\/index.php\/san-pham\/sick-gtb6-n1212\/"]}]},{"@type":"ImageObject","inLanguage":"vi","@id":"https:\/\/omanivietnam.com\/index.php\/san-pham\/sick-gtb6-n1212\/#primaryimage","url":"https:\/\/omanivietnam.com\/wp-content\/uploads\/2024\/08\/GTB6-N1212.png","contentUrl":"https:\/\/omanivietnam.com\/wp-content\/uploads\/2024\/08\/GTB6-N1212.png","width":603,"height":566},{"@type":"BreadcrumbList","@id":"https:\/\/omanivietnam.com\/index.php\/san-pham\/sick-gtb6-n1212\/#breadcrumb","itemListElement":[{"@type":"ListItem","position":1,"name":"Home","item":"https:\/\/omanivietnam.com\/"},{"@type":"ListItem","position":2,"name":"S\u1ea2N PH\u1ea8M","item":"https:\/\/omanivietnam.com\/index.php\/cua-hang\/"},{"@type":"ListItem","position":3,"name":"SICK GTB6-N1212"}]},{"@type":"WebSite","@id":"https:\/\/omanivietnam.com\/#website","url":"https:\/\/omanivietnam.com\/","name":"OMANI VI\u1ec6T NAM","description":"Nh\u00e0 ph\u00e2n ph\u1ed1i thi\u1ebft b\u1ecb kh\u00ed n\u00e9n v\u00e0 thi\u1ebft b\u1ecb t\u1ef1 \u0111\u1ed9ng h\u00f3a trong c\u00f4ng nghi\u1ec7p","publisher":{"@id":"https:\/\/omanivietnam.com\/#\/schema\/person\/0ad398a980dc3fd696111c2c5c8fa897"},"potentialAction":[{"@type":"SearchAction","target":{"@type":"EntryPoint","urlTemplate":"https:\/\/omanivietnam.com\/?s={search_term_string}"},"query-input":"required name=search_term_string"}],"inLanguage":"vi"},{"@type":["Person","Organization"],"@id":"https:\/\/omanivietnam.com\/#\/schema\/person\/0ad398a980dc3fd696111c2c5c8fa897","name":"Nguy\u1ec5n V\u0103n Kh\u00e1nh","image":{"@type":"ImageObject","inLanguage":"vi","@id":"https:\/\/omanivietnam.com\/#\/schema\/person\/image\/","url":"https:\/\/omanivietnam.com\/wp-content\/uploads\/2024\/06\/logo-1024x1024.png","contentUrl":"https:\/\/omanivietnam.com\/wp-content\/uploads\/2024\/06\/logo-1024x1024.png","width":1024,"height":1024,"caption":"Nguy\u1ec5n V\u0103n Kh\u00e1nh"},"logo":{"@id":"https:\/\/omanivietnam.com\/#\/schema\/person\/image\/"},"sameAs":["https:\/\/omanivietnam.com"]}]}},"_links":{"self":[{"href":"https:\/\/omanivietnam.com\/index.php\/wp-json\/wp\/v2\/product\/1382","targetHints":{"allow":["GET"]}}],"collection":[{"href":"https:\/\/omanivietnam.com\/index.php\/wp-json\/wp\/v2\/product"}],"about":[{"href":"https:\/\/omanivietnam.com\/index.php\/wp-json\/wp\/v2\/types\/product"}],"replies":[{"embeddable":true,"href":"https:\/\/omanivietnam.com\/index.php\/wp-json\/wp\/v2\/comments?post=1382"}],"wp:featuredmedia":[{"embeddable":true,"href":"https:\/\/omanivietnam.com\/index.php\/wp-json\/wp\/v2\/media\/1383"}],"wp:attachment":[{"href":"https:\/\/omanivietnam.com\/index.php\/wp-json\/wp\/v2\/media?parent=1382"}],"wp:term":[{"taxonomy":"product_cat","embeddable":true,"href":"https:\/\/omanivietnam.com\/index.php\/wp-json\/wp\/v2\/product_cat?post=1382"},{"taxonomy":"product_tag","embeddable":true,"href":"https:\/\/omanivietnam.com\/index.php\/wp-json\/wp\/v2\/product_tag?post=1382"}],"curies":[{"name":"wp","href":"https:\/\/api.w.org\/{rel}","templated":true}]}}