{"id":1386,"date":"2024-08-10T05:42:41","date_gmt":"2024-08-09T22:42:41","guid":{"rendered":"https:\/\/omanivietnam.com\/?post_type=product&#038;p=1386"},"modified":"2024-08-10T05:42:52","modified_gmt":"2024-08-09T22:42:52","slug":"panasonic-mdmf152l1g6m","status":"publish","type":"product","link":"https:\/\/omanivietnam.com\/index.php\/san-pham\/panasonic-mdmf152l1g6m\/","title":{"rendered":"PANASONIC MDMF152L1G6M"},"content":{"rendered":"<p>PANASONIC MDMF152L1G6M<\/p>\n<p class=\"el_lv1Heading-02 \"><span class=\"js_recentViewTtl__parts\">MDMF152L1G6M\uff5cMINAS A6 Family Servo Motor<\/span><\/p>\n<table class=\"el_parts_detail\">\n<tbody>\n<tr>\n<th>Features<\/th>\n<td>50 W to 22 kW, Input power supply for Driver: Voltage DC 24 V\/48 V\u30fbAC 100 V\/200 V\/400 V, 23 bit Absolute\/Incremental\u30fbbattery-less Absolute\/Incremental encoder, Frequency response 3.2 kHz<\/td>\n<\/tr>\n<\/tbody>\n<\/table>\n<p>&nbsp;<\/p>\n<h2 id=\"spec\">Spec Detail<\/h2>\n<div class=\"bl_parts_change_notion\">Specifications and design of the products are subject to change without notice for the product improvement.<\/div>\n<div class=\"bl_table_wrapper scroll-hint\">\n<table class=\"el_parts_table el_parts_table-column2\">\n<thead>\n<tr>\n<th>Item<\/th>\n<th>Specifications<\/th>\n<\/tr>\n<\/thead>\n<tbody>\n<tr>\n<th>Part Number<\/th>\n<td>MDMF152L1G6M<\/td>\n<\/tr>\n<tr>\n<th>Product details<\/th>\n<td>Middle inertia, Connector type<\/td>\n<\/tr>\n<tr>\n<th>Family Name<\/th>\n<td>MINAS A6<\/td>\n<\/tr>\n<tr>\n<th>Series<\/th>\n<td>MDMF Series<\/td>\n<\/tr>\n<tr>\n<th>Type<\/th>\n<td>Middle inertia<\/td>\n<\/tr>\n<tr>\n<th>Special Order Product<\/th>\n<td>Please avoid the motor, or equipment containing the motor to be distributed to Japan, or other regions through Japan.<\/td>\n<\/tr>\n<tr>\n<th>Protection class<\/th>\n<td>IP67<\/td>\n<\/tr>\n<tr>\n<th>About Enclosure<\/th>\n<td>Except rotating portion of output shaft and connecting pin part of the motor connector and the encoder connector.<\/td>\n<\/tr>\n<tr>\n<th>Environmental Conditions<\/th>\n<td>For more details, please refer to the instruction manual.<\/td>\n<\/tr>\n<tr>\n<th>Flange sq. dimension<\/th>\n<td>130 mm sq.<\/td>\n<\/tr>\n<tr>\n<th>Flange sq. dimension (Unit:mm)<\/th>\n<td>130<\/td>\n<\/tr>\n<tr>\n<th>Motor lead-out configuration<\/th>\n<td>Connector<\/td>\n<\/tr>\n<tr>\n<th>Motor encoder connector<\/th>\n<td>Motor connector: JL10,<br \/>\nEncoder connector: Large size JL10<\/td>\n<\/tr>\n<tr>\n<th>About Motor encoder connector<\/th>\n<td>Connector JL10 (Large size): Also applicable to screwed type<\/td>\n<\/tr>\n<tr>\n<th>Power supply capacity (kVA)<\/th>\n<td>2.9<\/td>\n<\/tr>\n<tr>\n<th>Voltage specifications (V)<\/th>\n<td>200<\/td>\n<\/tr>\n<tr>\n<th>Rated output (W)<\/th>\n<td>1500<\/td>\n<\/tr>\n<tr>\n<th>Rated current (A (rms))<\/th>\n<td>8.0<\/td>\n<\/tr>\n<tr>\n<th>Holding brake<\/th>\n<td>without<\/td>\n<\/tr>\n<tr>\n<th>Mass (kg)<\/th>\n<td>5.7<\/td>\n<\/tr>\n<tr>\n<th>Oil seal<\/th>\n<td>with<\/td>\n<\/tr>\n<tr>\n<th>Shaft<\/th>\n<td>Key-way<\/td>\n<\/tr>\n<tr>\n<th>Rated torque (N \u22c5 m)<\/th>\n<td>7.16<\/td>\n<\/tr>\n<tr>\n<th>Continuous stall torque (N \u22c5 m)<\/th>\n<td>7.52<\/td>\n<\/tr>\n<tr>\n<th>Momentary Max. peak torque (N \u22c5 m)<\/th>\n<td>21.5<\/td>\n<\/tr>\n<tr>\n<th>Max. current (A (o-p))<\/th>\n<td>34<\/td>\n<\/tr>\n<tr>\n<th>Regenerative brake frequency (times\/min)<\/th>\n<td>Without option :No limit<br \/>\nWith option :No limit<br \/>\nOption (External regenerative resistor) Part No. : DV0P4284<\/td>\n<\/tr>\n<tr>\n<th>About regenerative brake frequency<\/th>\n<td>Please refer to the details of [Motor Specification Description] , Note: 1, and 2.<\/td>\n<\/tr>\n<tr>\n<th>Rated rotational speed (r\/min)<\/th>\n<td>2000<\/td>\n<\/tr>\n<tr>\n<th>Rated rotational Max. speed (r\/min)<\/th>\n<td>3000<\/td>\n<\/tr>\n<tr>\n<th>Moment of inertia of rotor ( x10<sup>-4<\/sup>\u00a0kg \u22c5 m\u00b2)<\/th>\n<td>9.16<\/td>\n<\/tr>\n<tr>\n<th>Recommended moment of inertia ratio of the load and the rotor<\/th>\n<td>10 times or less<\/td>\n<\/tr>\n<tr>\n<th>About recommended moment of inertia ratio of the load and the rotor<\/th>\n<td>Please refer to the details of [Motor Specification Description] ,Note: 3.<\/td>\n<\/tr>\n<tr>\n<th>Rotary encoder: specifications<\/th>\n<td>23-bit Absolute\/Incremental system<\/td>\n<\/tr>\n<tr>\n<th>Notice<\/th>\n<td>When using a rotary encoder as an incremental system (not using multi-turn data), do not connect a battery for absolute encoder.<\/td>\n<\/tr>\n<tr>\n<th>Rotary encoder: Resolution<\/th>\n<td>8388608<\/td>\n<\/tr>\n<\/tbody>\n<\/table>\n<div class=\"scroll-hint-icon-wrap\" data-target=\"scrollable-icon\"><\/div>\n<\/div>\n<h3 id=\"b5b2370d36f9615e651c68562c6a575c\"><\/h3>\n<div class=\"bl_parts_change_notion\">Specifications and design of the products are subject to change without notice for the product improvement.<\/div>\n<div class=\"bl_table_wrapper scroll-hint\">\n<table class=\"el_parts_table el_parts_table-column6\">\n<thead>\n<tr>\n<th>Part Number<\/th>\n<th>Series<\/th>\n<th>Type<\/th>\n<th>I\/F Classification of type<\/th>\n<th>Frame<\/th>\n<th>Supply voltage<\/th>\n<\/tr>\n<\/thead>\n<tbody>\n<tr>\n<td>MDDLN55NE<\/td>\n<td>A6NE series<\/td>\n<td>RTEX, Ultra high-speed Network (Basic type)<\/td>\n<td>RTEX<\/td>\n<td>D-Frame<\/td>\n<td>Single\/3-phase 200 V<\/td>\n<\/tr>\n<tr>\n<td>MDDLN55SE<\/td>\n<td>A6SE series<\/td>\n<td>Position control type<\/td>\n<td>Pulse train only<\/td>\n<td>D-Frame<\/td>\n<td>Single\/3-phase 200 V<\/td>\n<\/tr>\n<tr>\n<td>MDDLN55SG<\/td>\n<td>A6SG series<\/td>\n<td>RS485\/RS232 Communication type<\/td>\n<td>Pulse, Modbus (RS485 \/RS232)<\/td>\n<td>D-Frame<\/td>\n<td>Single\/3-phase 200 V<\/td>\n<\/tr>\n<tr>\n<td>MDDLN55NF<\/td>\n<td>A6NF series<\/td>\n<td>RTEX, Ultra high-speed Network type (Multi type)<\/td>\n<td>RTEX<\/td>\n<td>D-Frame<\/td>\n<td>Single\/3-phase 200 V<\/td>\n<\/tr>\n<tr>\n<td>MDDLN55SF<\/td>\n<td>A6SF series<\/td>\n<td>Multifunction type<\/td>\n<td>Analog \/Pulse, Modbus (RS485 \/RS232)<\/td>\n<td>D-Frame<\/td>\n<td>Single\/3-phase 200 V<\/td>\n<\/tr>\n<\/tbody>\n<\/table>\n<\/div>\n<h2 id=\"dimensions\">Dimensions<\/h2>\n<div class=\"bl_parts_change_notion\">Specifications and design of the products are subject to change without notice for the product improvement.<br \/>\n[Unit: mm]<\/div>\n<p><img decoding=\"async\" src=\"https:\/\/industry.panasonic.com\/ac\/e\/motor\/fa-motor\/ac-servo\/figure\/gs\/mdmf152l1m_bnoyjl_gs_e.jpg\" \/><\/p>\n<p>&nbsp;<\/p>\n<p>&nbsp;<\/p>\n<p>\u0110\u1ea1i l\u00fd PANASONIC vietnam, PANASONIC viet nam, PANASONIC vietnam distributor, Ph\u00e2n ph\u1ed1i PANASONIC t\u1ea1i vi\u1ec7t nam<\/p>\n<p>\u0110\u1ea1i l\u00fd PANASONIC vietnam, PANASONIC viet nam, PANASONIC vietnam distributor, Ph\u00e2n ph\u1ed1i PANASONIC t\u1ea1i vi\u1ec7t nam<\/p>\n<p>\u0110\u1ea1i l\u00fd PANASONIC vietnam, PANASONIC viet nam, PANASONIC vietnam distributor, Ph\u00e2n ph\u1ed1i PANASONIC t\u1ea1i vi\u1ec7t nam<\/p>\n<p>\u0110\u1ea1i l\u00fd PANASONIC vietnam, PANASONIC viet nam, PANASONIC vietnam distributor, Ph\u00e2n ph\u1ed1i PANASONIC t\u1ea1i vi\u1ec7t nam<\/p>\n<p>\u0110\u1ea1i l\u00fd PANASONIC vietnam, PANASONIC viet nam, PANASONIC vietnam distributor, Ph\u00e2n ph\u1ed1i PANASONIC t\u1ea1i vi\u1ec7t nam<\/p>\n","protected":false},"excerpt":{"rendered":"<p>PANASONIC MDMF152L1G6M MDMF152L1G6M\uff5cMINAS A6 Family Servo Motor Features 50 W to 22 kW, Input power supply for Driver: Voltage DC 24 V\/48 V\u30fbAC 100 V\/200 V\/400 V, 23 bit Absolute\/Incremental\u30fbbattery-less Absolute\/Incremental encoder, Frequency response 3.2 kHz &nbsp; Spec Detail Specifications and design of the products are subject to change without&hellip; <\/p>\n","protected":false},"featured_media":1387,"comment_status":"open","ping_status":"closed","template":"","meta":[],"product_cat":[298],"product_tag":[86,120,87],"class_list":{"0":"post-1386","1":"product","2":"type-product","3":"status-publish","4":"has-post-thumbnail","6":"product_cat-panasonic","7":"product_tag-dai-ly-panasonic-viet-nam","8":"product_tag-dong-co","9":"product_tag-panasonic-viet-nam","11":"first","12":"instock","13":"shipping-taxable","14":"product-type-simple"},"yoast_head":"<!-- This site is optimized with the Yoast SEO plugin v22.8 - https:\/\/yoast.com\/wordpress\/plugins\/seo\/ -->\n<title>PANASONIC MDMF152L1G6M - OMANI VI\u1ec6T NAM<\/title>\n<meta name=\"robots\" content=\"index, follow, max-snippet:-1, max-image-preview:large, max-video-preview:-1\" \/>\n<link rel=\"canonical\" href=\"https:\/\/omanivietnam.com\/index.php\/san-pham\/panasonic-mdmf152l1g6m\/\" \/>\n<meta property=\"og:locale\" content=\"vi_VN\" \/>\n<meta property=\"og:type\" content=\"article\" \/>\n<meta property=\"og:title\" content=\"PANASONIC MDMF152L1G6M - OMANI VI\u1ec6T NAM\" \/>\n<meta property=\"og:description\" content=\"PANASONIC MDMF152L1G6M MDMF152L1G6M\uff5cMINAS A6 Family Servo Motor Features 50 W to 22 kW, Input power supply for Driver: Voltage DC 24 V\/48 V\u30fbAC 100 V\/200 V\/400 V, 23 bit Absolute\/Incremental\u30fbbattery-less Absolute\/Incremental encoder, Frequency response 3.2 kHz &nbsp; Spec Detail Specifications and design of the products are subject to change without&hellip;\" \/>\n<meta property=\"og:url\" content=\"https:\/\/omanivietnam.com\/index.php\/san-pham\/panasonic-mdmf152l1g6m\/\" \/>\n<meta property=\"og:site_name\" content=\"OMANI VI\u1ec6T NAM\" \/>\n<meta property=\"article:modified_time\" content=\"2024-08-09T22:42:52+00:00\" \/>\n<meta property=\"og:image\" content=\"https:\/\/omanivietnam.com\/wp-content\/uploads\/2024\/08\/MDMF152L1G6M.png\" \/>\n\t<meta property=\"og:image:width\" content=\"443\" \/>\n\t<meta property=\"og:image:height\" content=\"446\" \/>\n\t<meta property=\"og:image:type\" content=\"image\/png\" \/>\n<meta name=\"twitter:card\" content=\"summary_large_image\" \/>\n<meta name=\"twitter:label1\" content=\"\u01af\u1edbc t\u00ednh th\u1eddi gian \u0111\u1ecdc\" \/>\n\t<meta name=\"twitter:data1\" content=\"4 ph\u00fat\" \/>\n<script type=\"application\/ld+json\" class=\"yoast-schema-graph\">{\"@context\":\"https:\/\/schema.org\",\"@graph\":[{\"@type\":\"WebPage\",\"@id\":\"https:\/\/omanivietnam.com\/index.php\/san-pham\/panasonic-mdmf152l1g6m\/\",\"url\":\"https:\/\/omanivietnam.com\/index.php\/san-pham\/panasonic-mdmf152l1g6m\/\",\"name\":\"PANASONIC MDMF152L1G6M - OMANI VI\u1ec6T NAM\",\"isPartOf\":{\"@id\":\"https:\/\/omanivietnam.com\/#website\"},\"primaryImageOfPage\":{\"@id\":\"https:\/\/omanivietnam.com\/index.php\/san-pham\/panasonic-mdmf152l1g6m\/#primaryimage\"},\"image\":{\"@id\":\"https:\/\/omanivietnam.com\/index.php\/san-pham\/panasonic-mdmf152l1g6m\/#primaryimage\"},\"thumbnailUrl\":\"https:\/\/omanivietnam.com\/wp-content\/uploads\/2024\/08\/MDMF152L1G6M.png\",\"datePublished\":\"2024-08-09T22:42:41+00:00\",\"dateModified\":\"2024-08-09T22:42:52+00:00\",\"breadcrumb\":{\"@id\":\"https:\/\/omanivietnam.com\/index.php\/san-pham\/panasonic-mdmf152l1g6m\/#breadcrumb\"},\"inLanguage\":\"vi\",\"potentialAction\":[{\"@type\":\"ReadAction\",\"target\":[\"https:\/\/omanivietnam.com\/index.php\/san-pham\/panasonic-mdmf152l1g6m\/\"]}]},{\"@type\":\"ImageObject\",\"inLanguage\":\"vi\",\"@id\":\"https:\/\/omanivietnam.com\/index.php\/san-pham\/panasonic-mdmf152l1g6m\/#primaryimage\",\"url\":\"https:\/\/omanivietnam.com\/wp-content\/uploads\/2024\/08\/MDMF152L1G6M.png\",\"contentUrl\":\"https:\/\/omanivietnam.com\/wp-content\/uploads\/2024\/08\/MDMF152L1G6M.png\",\"width\":443,\"height\":446},{\"@type\":\"BreadcrumbList\",\"@id\":\"https:\/\/omanivietnam.com\/index.php\/san-pham\/panasonic-mdmf152l1g6m\/#breadcrumb\",\"itemListElement\":[{\"@type\":\"ListItem\",\"position\":1,\"name\":\"Home\",\"item\":\"https:\/\/omanivietnam.com\/\"},{\"@type\":\"ListItem\",\"position\":2,\"name\":\"S\u1ea2N PH\u1ea8M\",\"item\":\"https:\/\/omanivietnam.com\/index.php\/cua-hang\/\"},{\"@type\":\"ListItem\",\"position\":3,\"name\":\"PANASONIC MDMF152L1G6M\"}]},{\"@type\":\"WebSite\",\"@id\":\"https:\/\/omanivietnam.com\/#website\",\"url\":\"https:\/\/omanivietnam.com\/\",\"name\":\"OMANI VI\u1ec6T NAM\",\"description\":\"Nh\u00e0 ph\u00e2n ph\u1ed1i thi\u1ebft b\u1ecb kh\u00ed n\u00e9n v\u00e0 thi\u1ebft b\u1ecb t\u1ef1 \u0111\u1ed9ng h\u00f3a trong c\u00f4ng nghi\u1ec7p\",\"publisher\":{\"@id\":\"https:\/\/omanivietnam.com\/#\/schema\/person\/0ad398a980dc3fd696111c2c5c8fa897\"},\"potentialAction\":[{\"@type\":\"SearchAction\",\"target\":{\"@type\":\"EntryPoint\",\"urlTemplate\":\"https:\/\/omanivietnam.com\/?s={search_term_string}\"},\"query-input\":\"required name=search_term_string\"}],\"inLanguage\":\"vi\"},{\"@type\":[\"Person\",\"Organization\"],\"@id\":\"https:\/\/omanivietnam.com\/#\/schema\/person\/0ad398a980dc3fd696111c2c5c8fa897\",\"name\":\"Nguy\u1ec5n V\u0103n Kh\u00e1nh\",\"image\":{\"@type\":\"ImageObject\",\"inLanguage\":\"vi\",\"@id\":\"https:\/\/omanivietnam.com\/#\/schema\/person\/image\/\",\"url\":\"https:\/\/omanivietnam.com\/wp-content\/uploads\/2024\/06\/logo-1024x1024.png\",\"contentUrl\":\"https:\/\/omanivietnam.com\/wp-content\/uploads\/2024\/06\/logo-1024x1024.png\",\"width\":1024,\"height\":1024,\"caption\":\"Nguy\u1ec5n V\u0103n Kh\u00e1nh\"},\"logo\":{\"@id\":\"https:\/\/omanivietnam.com\/#\/schema\/person\/image\/\"},\"sameAs\":[\"https:\/\/omanivietnam.com\"]}]}<\/script>\n<!-- \/ Yoast SEO plugin. -->","yoast_head_json":{"title":"PANASONIC MDMF152L1G6M - OMANI VI\u1ec6T NAM","robots":{"index":"index","follow":"follow","max-snippet":"max-snippet:-1","max-image-preview":"max-image-preview:large","max-video-preview":"max-video-preview:-1"},"canonical":"https:\/\/omanivietnam.com\/index.php\/san-pham\/panasonic-mdmf152l1g6m\/","og_locale":"vi_VN","og_type":"article","og_title":"PANASONIC MDMF152L1G6M - OMANI VI\u1ec6T NAM","og_description":"PANASONIC MDMF152L1G6M MDMF152L1G6M\uff5cMINAS A6 Family Servo Motor Features 50 W to 22 kW, Input power supply for Driver: Voltage DC 24 V\/48 V\u30fbAC 100 V\/200 V\/400 V, 23 bit Absolute\/Incremental\u30fbbattery-less Absolute\/Incremental encoder, Frequency response 3.2 kHz &nbsp; Spec Detail Specifications and design of the products are subject to change without&hellip;","og_url":"https:\/\/omanivietnam.com\/index.php\/san-pham\/panasonic-mdmf152l1g6m\/","og_site_name":"OMANI VI\u1ec6T NAM","article_modified_time":"2024-08-09T22:42:52+00:00","og_image":[{"width":443,"height":446,"url":"https:\/\/omanivietnam.com\/wp-content\/uploads\/2024\/08\/MDMF152L1G6M.png","type":"image\/png"}],"twitter_card":"summary_large_image","twitter_misc":{"\u01af\u1edbc t\u00ednh th\u1eddi gian \u0111\u1ecdc":"4 ph\u00fat"},"schema":{"@context":"https:\/\/schema.org","@graph":[{"@type":"WebPage","@id":"https:\/\/omanivietnam.com\/index.php\/san-pham\/panasonic-mdmf152l1g6m\/","url":"https:\/\/omanivietnam.com\/index.php\/san-pham\/panasonic-mdmf152l1g6m\/","name":"PANASONIC MDMF152L1G6M - OMANI VI\u1ec6T NAM","isPartOf":{"@id":"https:\/\/omanivietnam.com\/#website"},"primaryImageOfPage":{"@id":"https:\/\/omanivietnam.com\/index.php\/san-pham\/panasonic-mdmf152l1g6m\/#primaryimage"},"image":{"@id":"https:\/\/omanivietnam.com\/index.php\/san-pham\/panasonic-mdmf152l1g6m\/#primaryimage"},"thumbnailUrl":"https:\/\/omanivietnam.com\/wp-content\/uploads\/2024\/08\/MDMF152L1G6M.png","datePublished":"2024-08-09T22:42:41+00:00","dateModified":"2024-08-09T22:42:52+00:00","breadcrumb":{"@id":"https:\/\/omanivietnam.com\/index.php\/san-pham\/panasonic-mdmf152l1g6m\/#breadcrumb"},"inLanguage":"vi","potentialAction":[{"@type":"ReadAction","target":["https:\/\/omanivietnam.com\/index.php\/san-pham\/panasonic-mdmf152l1g6m\/"]}]},{"@type":"ImageObject","inLanguage":"vi","@id":"https:\/\/omanivietnam.com\/index.php\/san-pham\/panasonic-mdmf152l1g6m\/#primaryimage","url":"https:\/\/omanivietnam.com\/wp-content\/uploads\/2024\/08\/MDMF152L1G6M.png","contentUrl":"https:\/\/omanivietnam.com\/wp-content\/uploads\/2024\/08\/MDMF152L1G6M.png","width":443,"height":446},{"@type":"BreadcrumbList","@id":"https:\/\/omanivietnam.com\/index.php\/san-pham\/panasonic-mdmf152l1g6m\/#breadcrumb","itemListElement":[{"@type":"ListItem","position":1,"name":"Home","item":"https:\/\/omanivietnam.com\/"},{"@type":"ListItem","position":2,"name":"S\u1ea2N PH\u1ea8M","item":"https:\/\/omanivietnam.com\/index.php\/cua-hang\/"},{"@type":"ListItem","position":3,"name":"PANASONIC MDMF152L1G6M"}]},{"@type":"WebSite","@id":"https:\/\/omanivietnam.com\/#website","url":"https:\/\/omanivietnam.com\/","name":"OMANI VI\u1ec6T NAM","description":"Nh\u00e0 ph\u00e2n ph\u1ed1i thi\u1ebft b\u1ecb kh\u00ed n\u00e9n v\u00e0 thi\u1ebft b\u1ecb t\u1ef1 \u0111\u1ed9ng h\u00f3a trong c\u00f4ng nghi\u1ec7p","publisher":{"@id":"https:\/\/omanivietnam.com\/#\/schema\/person\/0ad398a980dc3fd696111c2c5c8fa897"},"potentialAction":[{"@type":"SearchAction","target":{"@type":"EntryPoint","urlTemplate":"https:\/\/omanivietnam.com\/?s={search_term_string}"},"query-input":"required name=search_term_string"}],"inLanguage":"vi"},{"@type":["Person","Organization"],"@id":"https:\/\/omanivietnam.com\/#\/schema\/person\/0ad398a980dc3fd696111c2c5c8fa897","name":"Nguy\u1ec5n V\u0103n Kh\u00e1nh","image":{"@type":"ImageObject","inLanguage":"vi","@id":"https:\/\/omanivietnam.com\/#\/schema\/person\/image\/","url":"https:\/\/omanivietnam.com\/wp-content\/uploads\/2024\/06\/logo-1024x1024.png","contentUrl":"https:\/\/omanivietnam.com\/wp-content\/uploads\/2024\/06\/logo-1024x1024.png","width":1024,"height":1024,"caption":"Nguy\u1ec5n V\u0103n Kh\u00e1nh"},"logo":{"@id":"https:\/\/omanivietnam.com\/#\/schema\/person\/image\/"},"sameAs":["https:\/\/omanivietnam.com"]}]}},"_links":{"self":[{"href":"https:\/\/omanivietnam.com\/index.php\/wp-json\/wp\/v2\/product\/1386","targetHints":{"allow":["GET"]}}],"collection":[{"href":"https:\/\/omanivietnam.com\/index.php\/wp-json\/wp\/v2\/product"}],"about":[{"href":"https:\/\/omanivietnam.com\/index.php\/wp-json\/wp\/v2\/types\/product"}],"replies":[{"embeddable":true,"href":"https:\/\/omanivietnam.com\/index.php\/wp-json\/wp\/v2\/comments?post=1386"}],"wp:featuredmedia":[{"embeddable":true,"href":"https:\/\/omanivietnam.com\/index.php\/wp-json\/wp\/v2\/media\/1387"}],"wp:attachment":[{"href":"https:\/\/omanivietnam.com\/index.php\/wp-json\/wp\/v2\/media?parent=1386"}],"wp:term":[{"taxonomy":"product_cat","embeddable":true,"href":"https:\/\/omanivietnam.com\/index.php\/wp-json\/wp\/v2\/product_cat?post=1386"},{"taxonomy":"product_tag","embeddable":true,"href":"https:\/\/omanivietnam.com\/index.php\/wp-json\/wp\/v2\/product_tag?post=1386"}],"curies":[{"name":"wp","href":"https:\/\/api.w.org\/{rel}","templated":true}]}}