{"id":1396,"date":"2024-08-10T20:22:46","date_gmt":"2024-08-10T13:22:46","guid":{"rendered":"https:\/\/omanivietnam.com\/?post_type=product&#038;p=1396"},"modified":"2024-08-10T20:22:46","modified_gmt":"2024-08-10T13:22:46","slug":"smc-crb1bw50-180s","status":"publish","type":"product","link":"https:\/\/omanivietnam.com\/index.php\/san-pham\/smc-crb1bw50-180s\/","title":{"rendered":"SMC CRB1BW50-180S"},"content":{"rendered":"<p>SMC CRB1BW50-180S<\/p>\n<p class=\"title-product item_name\">Xy lanh xoay SMC CRB1BW50-180S<\/p>\n<p>1. Xy lanh xoay\u00a0CRB1BW50-180S:<\/p>\n<div>\n<div class=\"product-summary product_description\">\n<div class=\"rte description\">\n<p>Lo\u1ea1i B\u1ed9 truy\u1ec1n \u0111\u1ed9ng quay C\u1ea3 hai m\u1eb7t \u0111\u1ea7u ra tr\u1ee5c<br \/>\nH\u00ecnh d\u1ea1ng c\u01a1 th\u1ec3 ch\u00ednh H\u00ecnh Tr\u00f2n<br \/>\nG\u00f3c dao \u0111\u1ed9ng A [180 \u00b0] 00003<br \/>\nM\u00f4-men xo\u1eafn (N \uff65 m) 10 ~ \u00edt h\u01a1n 20<br \/>\nPh\u01b0\u01a1ng th\u1ee9c ho\u1ea1t \u0111\u1ed9ng C\u00e1nh \u0111\u01a1n<br \/>\nM\u00f4i tr\u01b0\u1eddng, \u1ee8ng d\u1ee5ng Ti\u00eau chu\u1ea9n<br \/>\n\u0110\u1ed9 c\u1ee9ng, \u0111\u1ed9 ch\u00ednh x\u00e1c Ti\u00eau chu\u1ea9n<br \/>\n\u1ed0ng N\u1ed1i Dia danh ngh\u0129a. 50<br \/>\n\u0110\u1ed9ng n\u0103ng cho ph\u00e9p (J) 0,005 \u0111\u1ebfn \u00edt h\u01a1n 0,01<br \/>\n\u0110\u1ed9ng n\u0103ng cho ph\u00e9p (J) 0,082<br \/>\nD\u1ea3i \u00e1p su\u1ea5t ho\u1ea1t \u0111\u1ed9ng (MPa)<\/p>\n<\/div>\n<p>[Features]<br \/>\n\u00b7 Works with the model D-M9\u25a1 compact auto switch.<br \/>\n\u00b7 Highly reliable.<br \/>\n&amp; nbspSupports thrust and radial loads and uses bearings.<br \/>\n\u00b7 The body can be mounted directly.<br \/>\n\u00b7 2 types of port location; side ported or axial ported.<\/p>\n<h3 class=\"m-h3\"><span data-lang=\"ENG\">Configured Specifications<\/span><\/h3>\n<table class=\"m-listTable\" summary=\"Price, Spec., etc.\">\n<colgroup>\n<col width=\"20%\" \/>\n<col width=\"30%\" \/>\n<col width=\"20%\" \/>\n<col width=\"30%\" \/><\/colgroup>\n<tbody>\n<tr>\n<th>Type<\/th>\n<td>Rotary Actuator Both Sides Shaft Outputs<\/td>\n<th>Main Body Shape<\/th>\n<td>Round Shape<\/td>\n<\/tr>\n<tr>\n<th>Oscillation Angle A<\/th>\n<td>[180\u00b0] 180\u00b0<\/td>\n<th>Torque(N\uff65m)<\/th>\n<td>10 ~ Less than 20<\/td>\n<\/tr>\n<tr>\n<th>Operation Method<\/th>\n<td>Single Vane<\/td>\n<th>Environment, Applications<\/th>\n<td>Standard<\/td>\n<\/tr>\n<tr>\n<th>Rigidity, Accuracy<\/th>\n<td>Standard<\/td>\n<th>Tube Nominal Dia.<\/th>\n<td>50<\/td>\n<\/tr>\n<tr>\n<th>Valves<\/th>\n<td>N\/A<\/td>\n<th>Allowable Kinetic Energy(J)<\/th>\n<td>0.005 to Less Than 0.01<\/td>\n<\/tr>\n<tr>\n<th>Allowable Kinetic Energy(J)<\/th>\n<td>0.082<\/td>\n<th>Operating Pressure Range(MPa)<\/th>\n<td>0.15\uff5e1<\/td>\n<\/tr>\n<tr class=\"VN_table-row\">\n<th>Connection port location<\/th>\n<td>Body side surface<\/td>\n<th>Switch<\/th>\n<td>None<\/td>\n<\/tr>\n<tr class=\"VN_table-row\">\n<th>Lead wire(m)<\/th>\n<td>None<\/td>\n<th>Number of switches<\/th>\n<td>None<\/td>\n<\/tr>\n<tr class=\"VN_table-row\">\n<th>Port types<\/th>\n<td>Rc<\/td>\n<th>Shaft pattern<\/th>\n<td>Double shaft (long shaft key &amp; 4 chamfers)<\/td>\n<\/tr>\n<tr class=\"VN_table-row\">\n<th>Axial direction<\/th>\n<td>Double shaft<\/td>\n<th>Made to order specifications<\/th>\n<td>Shaft through-hole<\/td>\n<\/tr>\n<tr class=\"VN_table-row\">\n<th>Lead wire electrical entry<\/th>\n<td>Grommet<\/td>\n<th>Mounting style<\/th>\n<td>Basic type<\/td>\n<\/tr>\n<tr class=\"VN_table-row\">\n<th>Starting point of rotation<\/th>\n<td>Left 90\u00b0<\/td>\n<th>Piping method<\/th>\n<td>Screw-in piping type<\/td>\n<\/tr>\n<tr class=\"VN_table-row\">\n<th>Connector type<\/th>\n<td>None<\/td>\n<th>Specifications<\/th>\n<td>Standard type<\/td>\n<\/tr>\n<\/tbody>\n<\/table>\n<\/div>\n<p>2. M\u1ed9t s\u1ed1 d\u00f2ng t\u01b0\u01a1ng \u0111\u01b0\u01a1ng Xy lanh xoay\u00a0CRB1BW50-180S:<\/p>\n<p>CRB1BW100-180S<br \/>\nCRB1BW100-180S-XN<br \/>\nCRB1BW100-270S<br \/>\nCRB1BW100-270S-XF<br \/>\nCRB1BW20-90S<br \/>\nCRB1BW50-180S<br \/>\nCRB1BW50-180S-XF<br \/>\nCRB1BW50-180S-XN<br \/>\nCRB1BW50-90D<br \/>\nCRB1BW50-90DE<br \/>\nCRB1BW50-90D-XF<br \/>\nCRB1BW50-90S<br \/>\nCRB1BW50-90S-XC4<br \/>\nCRB1BW50-90S-XN<br \/>\nCRB1BW80-180S<br \/>\nCRB1BW80-180S-XF<br \/>\nCRB50-PS<br \/>\nCRB80-PS<br \/>\nCRB80-Y-1<\/p>\n<\/div>\n<p>&nbsp;<\/p>\n","protected":false},"excerpt":{"rendered":"<p>SMC CRB1BW50-180S Xy lanh xoay SMC CRB1BW50-180S 1. Xy lanh xoay\u00a0CRB1BW50-180S: Lo\u1ea1i B\u1ed9 truy\u1ec1n \u0111\u1ed9ng quay C\u1ea3 hai m\u1eb7t \u0111\u1ea7u ra tr\u1ee5c H\u00ecnh d\u1ea1ng c\u01a1 th\u1ec3 ch\u00ednh H\u00ecnh Tr\u00f2n G\u00f3c dao \u0111\u1ed9ng A [180 \u00b0] 00003 M\u00f4-men xo\u1eafn (N \uff65 m) 10 ~ \u00edt h\u01a1n 20 Ph\u01b0\u01a1ng th\u1ee9c ho\u1ea1t \u0111\u1ed9ng&hellip; <\/p>\n","protected":false},"featured_media":1397,"comment_status":"open","ping_status":"closed","template":"","meta":[],"product_cat":[283],"product_tag":[93,92,98],"class_list":{"0":"post-1396","1":"product","2":"type-product","3":"status-publish","4":"has-post-thumbnail","6":"product_cat-smc","7":"product_tag-dai-ly-smc-viet-nam","8":"product_tag-smc-viet-nam","9":"product_tag-xy-lanh-khi","11":"first","12":"instock","13":"shipping-taxable","14":"product-type-simple"},"yoast_head":"<!-- This site is optimized with the Yoast SEO plugin v22.8 - https:\/\/yoast.com\/wordpress\/plugins\/seo\/ -->\n<title>SMC CRB1BW50-180S - OMANI VI\u1ec6T NAM<\/title>\n<meta name=\"robots\" content=\"index, follow, max-snippet:-1, max-image-preview:large, max-video-preview:-1\" \/>\n<link rel=\"canonical\" href=\"https:\/\/omanivietnam.com\/index.php\/san-pham\/smc-crb1bw50-180s\/\" \/>\n<meta property=\"og:locale\" content=\"vi_VN\" \/>\n<meta property=\"og:type\" content=\"article\" \/>\n<meta property=\"og:title\" content=\"SMC CRB1BW50-180S - OMANI VI\u1ec6T NAM\" \/>\n<meta property=\"og:description\" content=\"SMC CRB1BW50-180S Xy lanh xoay SMC CRB1BW50-180S 1. Xy lanh xoay\u00a0CRB1BW50-180S: Lo\u1ea1i B\u1ed9 truy\u1ec1n \u0111\u1ed9ng quay C\u1ea3 hai m\u1eb7t \u0111\u1ea7u ra tr\u1ee5c H\u00ecnh d\u1ea1ng c\u01a1 th\u1ec3 ch\u00ednh H\u00ecnh Tr\u00f2n G\u00f3c dao \u0111\u1ed9ng A [180 \u00b0] 00003 M\u00f4-men xo\u1eafn (N \uff65 m) 10 ~ \u00edt h\u01a1n 20 Ph\u01b0\u01a1ng th\u1ee9c ho\u1ea1t \u0111\u1ed9ng&hellip;\" \/>\n<meta property=\"og:url\" content=\"https:\/\/omanivietnam.com\/index.php\/san-pham\/smc-crb1bw50-180s\/\" \/>\n<meta property=\"og:site_name\" content=\"OMANI VI\u1ec6T NAM\" \/>\n<meta property=\"og:image\" content=\"https:\/\/omanivietnam.com\/wp-content\/uploads\/2024\/08\/CRB1BW50-180S.png\" \/>\n\t<meta property=\"og:image:width\" content=\"628\" \/>\n\t<meta property=\"og:image:height\" content=\"693\" \/>\n\t<meta property=\"og:image:type\" content=\"image\/png\" \/>\n<meta name=\"twitter:card\" content=\"summary_large_image\" \/>\n<meta name=\"twitter:label1\" content=\"\u01af\u1edbc t\u00ednh th\u1eddi gian \u0111\u1ecdc\" \/>\n\t<meta name=\"twitter:data1\" content=\"2 ph\u00fat\" \/>\n<script type=\"application\/ld+json\" class=\"yoast-schema-graph\">{\"@context\":\"https:\/\/schema.org\",\"@graph\":[{\"@type\":\"WebPage\",\"@id\":\"https:\/\/omanivietnam.com\/index.php\/san-pham\/smc-crb1bw50-180s\/\",\"url\":\"https:\/\/omanivietnam.com\/index.php\/san-pham\/smc-crb1bw50-180s\/\",\"name\":\"SMC CRB1BW50-180S - OMANI VI\u1ec6T NAM\",\"isPartOf\":{\"@id\":\"https:\/\/omanivietnam.com\/#website\"},\"primaryImageOfPage\":{\"@id\":\"https:\/\/omanivietnam.com\/index.php\/san-pham\/smc-crb1bw50-180s\/#primaryimage\"},\"image\":{\"@id\":\"https:\/\/omanivietnam.com\/index.php\/san-pham\/smc-crb1bw50-180s\/#primaryimage\"},\"thumbnailUrl\":\"https:\/\/omanivietnam.com\/wp-content\/uploads\/2024\/08\/CRB1BW50-180S.png\",\"datePublished\":\"2024-08-10T13:22:46+00:00\",\"dateModified\":\"2024-08-10T13:22:46+00:00\",\"breadcrumb\":{\"@id\":\"https:\/\/omanivietnam.com\/index.php\/san-pham\/smc-crb1bw50-180s\/#breadcrumb\"},\"inLanguage\":\"vi\",\"potentialAction\":[{\"@type\":\"ReadAction\",\"target\":[\"https:\/\/omanivietnam.com\/index.php\/san-pham\/smc-crb1bw50-180s\/\"]}]},{\"@type\":\"ImageObject\",\"inLanguage\":\"vi\",\"@id\":\"https:\/\/omanivietnam.com\/index.php\/san-pham\/smc-crb1bw50-180s\/#primaryimage\",\"url\":\"https:\/\/omanivietnam.com\/wp-content\/uploads\/2024\/08\/CRB1BW50-180S.png\",\"contentUrl\":\"https:\/\/omanivietnam.com\/wp-content\/uploads\/2024\/08\/CRB1BW50-180S.png\",\"width\":628,\"height\":693},{\"@type\":\"BreadcrumbList\",\"@id\":\"https:\/\/omanivietnam.com\/index.php\/san-pham\/smc-crb1bw50-180s\/#breadcrumb\",\"itemListElement\":[{\"@type\":\"ListItem\",\"position\":1,\"name\":\"Home\",\"item\":\"https:\/\/omanivietnam.com\/\"},{\"@type\":\"ListItem\",\"position\":2,\"name\":\"S\u1ea2N PH\u1ea8M\",\"item\":\"https:\/\/omanivietnam.com\/index.php\/cua-hang\/\"},{\"@type\":\"ListItem\",\"position\":3,\"name\":\"SMC CRB1BW50-180S\"}]},{\"@type\":\"WebSite\",\"@id\":\"https:\/\/omanivietnam.com\/#website\",\"url\":\"https:\/\/omanivietnam.com\/\",\"name\":\"OMANI VI\u1ec6T NAM\",\"description\":\"Nh\u00e0 ph\u00e2n ph\u1ed1i thi\u1ebft b\u1ecb kh\u00ed n\u00e9n v\u00e0 thi\u1ebft b\u1ecb t\u1ef1 \u0111\u1ed9ng h\u00f3a trong c\u00f4ng nghi\u1ec7p\",\"publisher\":{\"@id\":\"https:\/\/omanivietnam.com\/#\/schema\/person\/0ad398a980dc3fd696111c2c5c8fa897\"},\"potentialAction\":[{\"@type\":\"SearchAction\",\"target\":{\"@type\":\"EntryPoint\",\"urlTemplate\":\"https:\/\/omanivietnam.com\/?s={search_term_string}\"},\"query-input\":\"required name=search_term_string\"}],\"inLanguage\":\"vi\"},{\"@type\":[\"Person\",\"Organization\"],\"@id\":\"https:\/\/omanivietnam.com\/#\/schema\/person\/0ad398a980dc3fd696111c2c5c8fa897\",\"name\":\"Nguy\u1ec5n V\u0103n Kh\u00e1nh\",\"image\":{\"@type\":\"ImageObject\",\"inLanguage\":\"vi\",\"@id\":\"https:\/\/omanivietnam.com\/#\/schema\/person\/image\/\",\"url\":\"https:\/\/omanivietnam.com\/wp-content\/uploads\/2024\/06\/logo-1024x1024.png\",\"contentUrl\":\"https:\/\/omanivietnam.com\/wp-content\/uploads\/2024\/06\/logo-1024x1024.png\",\"width\":1024,\"height\":1024,\"caption\":\"Nguy\u1ec5n V\u0103n Kh\u00e1nh\"},\"logo\":{\"@id\":\"https:\/\/omanivietnam.com\/#\/schema\/person\/image\/\"},\"sameAs\":[\"https:\/\/omanivietnam.com\"]}]}<\/script>\n<!-- \/ Yoast SEO plugin. -->","yoast_head_json":{"title":"SMC CRB1BW50-180S - OMANI VI\u1ec6T NAM","robots":{"index":"index","follow":"follow","max-snippet":"max-snippet:-1","max-image-preview":"max-image-preview:large","max-video-preview":"max-video-preview:-1"},"canonical":"https:\/\/omanivietnam.com\/index.php\/san-pham\/smc-crb1bw50-180s\/","og_locale":"vi_VN","og_type":"article","og_title":"SMC CRB1BW50-180S - OMANI VI\u1ec6T NAM","og_description":"SMC CRB1BW50-180S Xy lanh xoay SMC CRB1BW50-180S 1. Xy lanh xoay\u00a0CRB1BW50-180S: Lo\u1ea1i B\u1ed9 truy\u1ec1n \u0111\u1ed9ng quay C\u1ea3 hai m\u1eb7t \u0111\u1ea7u ra tr\u1ee5c H\u00ecnh d\u1ea1ng c\u01a1 th\u1ec3 ch\u00ednh H\u00ecnh Tr\u00f2n G\u00f3c dao \u0111\u1ed9ng A [180 \u00b0] 00003 M\u00f4-men xo\u1eafn (N \uff65 m) 10 ~ \u00edt h\u01a1n 20 Ph\u01b0\u01a1ng th\u1ee9c ho\u1ea1t \u0111\u1ed9ng&hellip;","og_url":"https:\/\/omanivietnam.com\/index.php\/san-pham\/smc-crb1bw50-180s\/","og_site_name":"OMANI VI\u1ec6T NAM","og_image":[{"width":628,"height":693,"url":"https:\/\/omanivietnam.com\/wp-content\/uploads\/2024\/08\/CRB1BW50-180S.png","type":"image\/png"}],"twitter_card":"summary_large_image","twitter_misc":{"\u01af\u1edbc t\u00ednh th\u1eddi gian \u0111\u1ecdc":"2 ph\u00fat"},"schema":{"@context":"https:\/\/schema.org","@graph":[{"@type":"WebPage","@id":"https:\/\/omanivietnam.com\/index.php\/san-pham\/smc-crb1bw50-180s\/","url":"https:\/\/omanivietnam.com\/index.php\/san-pham\/smc-crb1bw50-180s\/","name":"SMC CRB1BW50-180S - OMANI VI\u1ec6T NAM","isPartOf":{"@id":"https:\/\/omanivietnam.com\/#website"},"primaryImageOfPage":{"@id":"https:\/\/omanivietnam.com\/index.php\/san-pham\/smc-crb1bw50-180s\/#primaryimage"},"image":{"@id":"https:\/\/omanivietnam.com\/index.php\/san-pham\/smc-crb1bw50-180s\/#primaryimage"},"thumbnailUrl":"https:\/\/omanivietnam.com\/wp-content\/uploads\/2024\/08\/CRB1BW50-180S.png","datePublished":"2024-08-10T13:22:46+00:00","dateModified":"2024-08-10T13:22:46+00:00","breadcrumb":{"@id":"https:\/\/omanivietnam.com\/index.php\/san-pham\/smc-crb1bw50-180s\/#breadcrumb"},"inLanguage":"vi","potentialAction":[{"@type":"ReadAction","target":["https:\/\/omanivietnam.com\/index.php\/san-pham\/smc-crb1bw50-180s\/"]}]},{"@type":"ImageObject","inLanguage":"vi","@id":"https:\/\/omanivietnam.com\/index.php\/san-pham\/smc-crb1bw50-180s\/#primaryimage","url":"https:\/\/omanivietnam.com\/wp-content\/uploads\/2024\/08\/CRB1BW50-180S.png","contentUrl":"https:\/\/omanivietnam.com\/wp-content\/uploads\/2024\/08\/CRB1BW50-180S.png","width":628,"height":693},{"@type":"BreadcrumbList","@id":"https:\/\/omanivietnam.com\/index.php\/san-pham\/smc-crb1bw50-180s\/#breadcrumb","itemListElement":[{"@type":"ListItem","position":1,"name":"Home","item":"https:\/\/omanivietnam.com\/"},{"@type":"ListItem","position":2,"name":"S\u1ea2N PH\u1ea8M","item":"https:\/\/omanivietnam.com\/index.php\/cua-hang\/"},{"@type":"ListItem","position":3,"name":"SMC CRB1BW50-180S"}]},{"@type":"WebSite","@id":"https:\/\/omanivietnam.com\/#website","url":"https:\/\/omanivietnam.com\/","name":"OMANI VI\u1ec6T NAM","description":"Nh\u00e0 ph\u00e2n ph\u1ed1i thi\u1ebft b\u1ecb kh\u00ed n\u00e9n v\u00e0 thi\u1ebft b\u1ecb t\u1ef1 \u0111\u1ed9ng h\u00f3a trong c\u00f4ng nghi\u1ec7p","publisher":{"@id":"https:\/\/omanivietnam.com\/#\/schema\/person\/0ad398a980dc3fd696111c2c5c8fa897"},"potentialAction":[{"@type":"SearchAction","target":{"@type":"EntryPoint","urlTemplate":"https:\/\/omanivietnam.com\/?s={search_term_string}"},"query-input":"required name=search_term_string"}],"inLanguage":"vi"},{"@type":["Person","Organization"],"@id":"https:\/\/omanivietnam.com\/#\/schema\/person\/0ad398a980dc3fd696111c2c5c8fa897","name":"Nguy\u1ec5n V\u0103n Kh\u00e1nh","image":{"@type":"ImageObject","inLanguage":"vi","@id":"https:\/\/omanivietnam.com\/#\/schema\/person\/image\/","url":"https:\/\/omanivietnam.com\/wp-content\/uploads\/2024\/06\/logo-1024x1024.png","contentUrl":"https:\/\/omanivietnam.com\/wp-content\/uploads\/2024\/06\/logo-1024x1024.png","width":1024,"height":1024,"caption":"Nguy\u1ec5n V\u0103n Kh\u00e1nh"},"logo":{"@id":"https:\/\/omanivietnam.com\/#\/schema\/person\/image\/"},"sameAs":["https:\/\/omanivietnam.com"]}]}},"_links":{"self":[{"href":"https:\/\/omanivietnam.com\/index.php\/wp-json\/wp\/v2\/product\/1396","targetHints":{"allow":["GET"]}}],"collection":[{"href":"https:\/\/omanivietnam.com\/index.php\/wp-json\/wp\/v2\/product"}],"about":[{"href":"https:\/\/omanivietnam.com\/index.php\/wp-json\/wp\/v2\/types\/product"}],"replies":[{"embeddable":true,"href":"https:\/\/omanivietnam.com\/index.php\/wp-json\/wp\/v2\/comments?post=1396"}],"wp:featuredmedia":[{"embeddable":true,"href":"https:\/\/omanivietnam.com\/index.php\/wp-json\/wp\/v2\/media\/1397"}],"wp:attachment":[{"href":"https:\/\/omanivietnam.com\/index.php\/wp-json\/wp\/v2\/media?parent=1396"}],"wp:term":[{"taxonomy":"product_cat","embeddable":true,"href":"https:\/\/omanivietnam.com\/index.php\/wp-json\/wp\/v2\/product_cat?post=1396"},{"taxonomy":"product_tag","embeddable":true,"href":"https:\/\/omanivietnam.com\/index.php\/wp-json\/wp\/v2\/product_tag?post=1396"}],"curies":[{"name":"wp","href":"https:\/\/api.w.org\/{rel}","templated":true}]}}