{"id":1428,"date":"2024-08-12T05:37:21","date_gmt":"2024-08-11T22:37:21","guid":{"rendered":"https:\/\/omanivietnam.com\/?post_type=product&#038;p=1428"},"modified":"2024-08-12T05:37:22","modified_gmt":"2024-08-11T22:37:22","slug":"sick-grte18-n1152","status":"publish","type":"product","link":"https:\/\/omanivietnam.com\/index.php\/san-pham\/sick-grte18-n1152\/","title":{"rendered":"SICK GRTE18-N1152"},"content":{"rendered":"<p>SICK GRTE18-N1152 1091354<\/p>\n<p>T\u00ean s\u1ea3n ph\u1ea9m: Cylindrical photoelectric sensors GR18<\/p>\n<p>Danh m\u1ee5c: Photoelectric sensors<\/p>\n<p>Model: GRTE18-N1152<\/p>\n<p>ID: 1091354<\/p>\n<p>Nh\u00e0 s\u1ea3n xu\u1ea5t: SICK<\/p>\n<p>Xu\u1ea5t x\u1ee9: MY<\/p>\n<p>H\u00e0ng m\u1edbi 100%, b\u1ea3o h\u00e0nh 12 th\u00e1ng theo quy \u0111\u1ecbnh nh\u00e0 s\u1ea3n xu\u1ea5t<\/p>\n<p>Photoelectric sensors<\/p>\n<div>Features<\/div>\n<div>\n<table>\n<tbody>\n<tr>\n<td>Sensor\/ detection principle<\/td>\n<td>Photoelectric proximity sensor, Energetic<\/td>\n<\/tr>\n<tr>\n<td>Housing design (light emission)<\/td>\n<td>Cylindrical<\/td>\n<\/tr>\n<tr>\n<td>Thread diameter (housing)<\/td>\n<td>M18 x 1<\/td>\n<\/tr>\n<tr>\n<td>Optical axis<\/td>\n<td>Axial<\/td>\n<\/tr>\n<tr>\n<td>Sensing range max.<\/td>\n<td>5 mm \u2026 550 mm\u00a0<sup>1)<\/sup><\/td>\n<\/tr>\n<tr>\n<td>Sensing range<\/td>\n<td>10 mm \u2026 400 mm\u00a0<sup>1)<\/sup><\/td>\n<\/tr>\n<tr>\n<td>Type of light<\/td>\n<td>Infrared light<\/td>\n<\/tr>\n<tr>\n<td>Light source<\/td>\n<td>LED\u00a0<sup>2)<\/sup><\/td>\n<\/tr>\n<tr>\n<td>Light spot size (distance)<\/td>\n<td>? 26 mm (400 mm)<\/td>\n<\/tr>\n<tr>\n<td>Wave length<\/td>\n<td>850 nm<\/td>\n<\/tr>\n<tr>\n<td>Adjustment<\/td>\n<td>Potentiometer<br \/>\nPotentiometer<\/td>\n<\/tr>\n<\/tbody>\n<\/table>\n<p><sup>1)<\/sup><\/p>\n<ul class=\"footnote\">\n<li style=\"list-style-type: none\">\n<ul class=\"footnote\">\u00a0Object with 90 % reflectance (referred to standard white, DIN 5033).<\/ul>\n<\/li>\n<\/ul>\n<p><sup>2)<\/sup><\/p>\n<ul class=\"footnote\">\n<li style=\"list-style-type: none\">\n<ul class=\"footnote\">\u00a0Average service life: 100,000 h at T<\/ul>\n<\/li>\n<\/ul>\n<p><sub>U<\/sub><\/p>\n<ul class=\"footnote\">\u00a0= +25 ?C.<\/ul>\n<\/div>\n<div>Mechanics\/electronics<\/div>\n<div>\n<table>\n<tbody>\n<tr>\n<td>Supply voltage<\/td>\n<td>10 V DC \u2026 30 V DC\u00a0<sup>1)<\/sup><\/td>\n<\/tr>\n<tr>\n<td>Ripple<\/td>\n<td>? 5 V<sub>pp<\/sub>\u00a0<sup>2)<\/sup><\/td>\n<\/tr>\n<tr>\n<td>Power consumption<\/td>\n<td>30 mA<\/td>\n<\/tr>\n<tr>\n<td>Switching output<\/td>\n<td>NPN<\/td>\n<\/tr>\n<tr>\n<td>Output function<\/td>\n<td>Complementary<\/td>\n<\/tr>\n<tr>\n<td>Switching mode<\/td>\n<td>Light\/dark switching<\/td>\n<\/tr>\n<tr>\n<td>Signal voltage PNP HIGH\/LOW<\/td>\n<td>V<sub>S<\/sub>\u00a0\u2013 (? 3 V) \/ approx. 0 V<\/td>\n<\/tr>\n<tr>\n<td>Output current I<sub>max.<\/sub><\/td>\n<td>100 mA\u00a0<sup>3)<\/sup><\/td>\n<\/tr>\n<tr>\n<td>Response time<\/td>\n<td>&lt; 1,000 ?s\u00a0<sup>4)<\/sup><\/td>\n<\/tr>\n<tr>\n<td>Switching frequency<\/td>\n<td>500 Hz\u00a0<sup>5)<\/sup><\/td>\n<\/tr>\n<tr>\n<td>Connection type<\/td>\n<td>Cable, 4-wire, 2 m\u00a0<sup>6)<\/sup><\/td>\n<\/tr>\n<tr>\n<td>Cable material<\/td>\n<td>PVC<\/td>\n<\/tr>\n<tr>\n<td>Circuit protection<\/td>\n<td>A\u00a0<sup>7)<\/sup><\/p>\n<p>B\u00a0<sup>8)<\/sup><\/p>\n<p>D\u00a0<sup>9)<\/sup><\/td>\n<\/tr>\n<tr>\n<td>Protection class<\/td>\n<td>III<\/td>\n<\/tr>\n<tr>\n<td>Housing material<\/td>\n<td>Metal, Nickel-plated brass and ABS<\/td>\n<\/tr>\n<tr>\n<td>Optics material<\/td>\n<td>Plastic, PMMA<\/td>\n<\/tr>\n<tr>\n<td>Enclosure rating<\/td>\n<td>IP67<\/td>\n<\/tr>\n<tr>\n<td>Items supplied<\/td>\n<td>Fastening nuts (2 x)<\/td>\n<\/tr>\n<tr>\n<td>EMC<\/td>\n<td>EN 60947-5-2<\/td>\n<\/tr>\n<tr>\n<td>Ambient operating temperature<\/td>\n<td>?25 ?C \u2026 +55 ?C\u00a0<sup>10)<\/sup><\/td>\n<\/tr>\n<tr>\n<td>Ambient storage temperature<\/td>\n<td>?40 ?C \u2026 +70 ?C<\/td>\n<\/tr>\n<tr>\n<td>UL File No.<\/td>\n<td>E348498<\/td>\n<\/tr>\n<\/tbody>\n<\/table>\n<p><sup>1)<\/sup><\/p>\n<ul class=\"footnote\">\n<li style=\"list-style-type: none\">\n<ul class=\"footnote\">\u00a0Limit values. Operated in short-circuit protected network: max. 8 A.<\/ul>\n<\/li>\n<\/ul>\n<p><sup>2)<\/sup><\/p>\n<ul class=\"footnote\">\n<li style=\"list-style-type: none\">\n<ul class=\"footnote\">\u00a0May not exceed or fall below U<\/ul>\n<\/li>\n<\/ul>\n<p><sub>v<\/sub><\/p>\n<ul class=\"footnote\">\n<li style=\"list-style-type: none\">\n<ul class=\"footnote\">\u00a0tolerances.<\/ul>\n<\/li>\n<\/ul>\n<p><sup>3)<\/sup><\/p>\n<ul class=\"footnote\">\n<li style=\"list-style-type: none\">\n<ul class=\"footnote\">\u00a0At Uv &gt; 24 V or ambient temperature &gt; 49 ?C, IA max. = 50 mA.<\/ul>\n<\/li>\n<\/ul>\n<p><sup>4)<\/sup><\/p>\n<ul class=\"footnote\">\n<li style=\"list-style-type: none\">\n<ul class=\"footnote\">\u00a0Signal transit time with resistive load.<\/ul>\n<\/li>\n<\/ul>\n<p><sup>5)<\/sup><\/p>\n<ul class=\"footnote\">\n<li style=\"list-style-type: none\">\n<ul class=\"footnote\">\u00a0With light\/dark ratio 1:1.<\/ul>\n<\/li>\n<\/ul>\n<p><sup>6)<\/sup><\/p>\n<ul class=\"footnote\">\n<li style=\"list-style-type: none\">\n<ul class=\"footnote\">\u00a0Do not bend below 0 ?C.<\/ul>\n<\/li>\n<\/ul>\n<p><sup>7)<\/sup><\/p>\n<ul class=\"footnote\">\n<li style=\"list-style-type: none\">\n<ul class=\"footnote\">\u00a0A = V<\/ul>\n<\/li>\n<\/ul>\n<p><sub>S<\/sub><\/p>\n<ul class=\"footnote\">\n<li style=\"list-style-type: none\">\n<ul class=\"footnote\">\u00a0connections reverse-polarity protected.<\/ul>\n<\/li>\n<\/ul>\n<p><sup>8)<\/sup><\/p>\n<ul class=\"footnote\">\n<li style=\"list-style-type: none\">\n<ul class=\"footnote\">\u00a0B = inputs and output reverse-polarity protected.<\/ul>\n<\/li>\n<\/ul>\n<p><sup>9)<\/sup><\/p>\n<ul class=\"footnote\">\n<li style=\"list-style-type: none\">\n<ul class=\"footnote\">\u00a0D = outputs overcurrent and short-circuit protected.<\/ul>\n<\/li>\n<\/ul>\n<p><sup>10)<\/sup><\/p>\n<ul class=\"footnote\">\n<li style=\"list-style-type: none\">\n<ul class=\"footnote\">\u00a0At U<\/ul>\n<\/li>\n<\/ul>\n<p><sub>v<\/sub><\/p>\n<ul class=\"footnote\">\n<li style=\"list-style-type: none\">\n<ul class=\"footnote\">\u00a0&lt;=24V and I<\/ul>\n<\/li>\n<\/ul>\n<p><sub>A<\/sub><\/p>\n<ul class=\"footnote\">&lt;50mA.<\/ul>\n<\/div>\n<p>C\u00e1c s\u1ea3n ph\u1ea9m t\u01b0\u01a1ng t\u1ef1<\/p>\n<p class=\"product-title\">GTE6-N1212<\/p>\n<p class=\"product-title\">WTB9M4-3P2211<\/p>\n<p class=\"product-title\">WTB4S-3P3462<\/p>\n<p class=\"product-title\">WTB4S-3N2232<\/p>\n<p>&nbsp;<\/p>\n<p>\u0110\u1ea1i l\u00fd SICK vietnam, SICK viet nam, SICK vietnam distributor, Ph\u00e2n ph\u1ed1i SICK t\u1ea1i vi\u1ec7t nam<\/p>\n<p>\u0110\u1ea1i l\u00fd SICK vietnam, SICK viet nam, SICK vietnam distributor, Ph\u00e2n ph\u1ed1i SICK t\u1ea1i vi\u1ec7t nam<\/p>\n<p>\u0110\u1ea1i l\u00fd SICK vietnam, SICK viet nam, SICK vietnam distributor, Ph\u00e2n ph\u1ed1i SICK t\u1ea1i vi\u1ec7t nam<\/p>\n<p>\u0110\u1ea1i l\u00fd SICK vietnam, SICK viet nam, SICK vietnam distributor, Ph\u00e2n ph\u1ed1i SICK t\u1ea1i vi\u1ec7t nam<\/p>\n<p>\u0110\u1ea1i l\u00fd SICK vietnam, SICK viet nam, SICK vietnam distributor, Ph\u00e2n ph\u1ed1i SICK t\u1ea1i vi\u1ec7t nam<\/p>\n","protected":false},"excerpt":{"rendered":"<p>SICK GRTE18-N1152 1091354 T\u00ean s\u1ea3n ph\u1ea9m: Cylindrical photoelectric sensors GR18 Danh m\u1ee5c: Photoelectric sensors Model: GRTE18-N1152 ID: 1091354 Nh\u00e0 s\u1ea3n xu\u1ea5t: SICK Xu\u1ea5t x\u1ee9: MY H\u00e0ng m\u1edbi 100%, b\u1ea3o h\u00e0nh 12 th\u00e1ng theo quy \u0111\u1ecbnh nh\u00e0 s\u1ea3n xu\u1ea5t Photoelectric sensors Features Sensor\/ detection principle Photoelectric proximity sensor, Energetic Housing design&hellip; <\/p>\n","protected":false},"featured_media":1429,"comment_status":"open","ping_status":"closed","template":"","meta":[],"product_cat":[297],"product_tag":[88,89,90],"class_list":{"0":"post-1428","1":"product","2":"type-product","3":"status-publish","4":"has-post-thumbnail","6":"product_cat-sick","7":"product_tag-cam-bien","8":"product_tag-dai-ly-sick-viet-nam","9":"product_tag-sick-viet-nam","11":"first","12":"instock","13":"shipping-taxable","14":"product-type-simple"},"yoast_head":"<!-- This site is optimized with the Yoast SEO plugin v22.8 - https:\/\/yoast.com\/wordpress\/plugins\/seo\/ -->\n<title>SICK GRTE18-N1152 - OMANI VI\u1ec6T NAM<\/title>\n<meta name=\"robots\" content=\"index, follow, max-snippet:-1, max-image-preview:large, max-video-preview:-1\" \/>\n<link rel=\"canonical\" href=\"https:\/\/omanivietnam.com\/index.php\/san-pham\/sick-grte18-n1152\/\" \/>\n<meta property=\"og:locale\" content=\"vi_VN\" \/>\n<meta property=\"og:type\" content=\"article\" \/>\n<meta property=\"og:title\" content=\"SICK GRTE18-N1152 - OMANI VI\u1ec6T NAM\" \/>\n<meta property=\"og:description\" content=\"SICK GRTE18-N1152 1091354 T\u00ean s\u1ea3n ph\u1ea9m: Cylindrical photoelectric sensors GR18 Danh m\u1ee5c: Photoelectric sensors Model: GRTE18-N1152 ID: 1091354 Nh\u00e0 s\u1ea3n xu\u1ea5t: SICK Xu\u1ea5t x\u1ee9: MY H\u00e0ng m\u1edbi 100%, b\u1ea3o h\u00e0nh 12 th\u00e1ng theo quy \u0111\u1ecbnh nh\u00e0 s\u1ea3n xu\u1ea5t Photoelectric sensors Features Sensor\/ detection principle Photoelectric proximity sensor, Energetic Housing design&hellip;\" \/>\n<meta property=\"og:url\" content=\"https:\/\/omanivietnam.com\/index.php\/san-pham\/sick-grte18-n1152\/\" \/>\n<meta property=\"og:site_name\" content=\"OMANI VI\u1ec6T NAM\" \/>\n<meta property=\"article:modified_time\" content=\"2024-08-11T22:37:22+00:00\" \/>\n<meta property=\"og:image\" content=\"https:\/\/omanivietnam.com\/wp-content\/uploads\/2024\/08\/GRTE18-N1152.png\" \/>\n\t<meta property=\"og:image:width\" content=\"606\" \/>\n\t<meta property=\"og:image:height\" content=\"449\" \/>\n\t<meta property=\"og:image:type\" content=\"image\/png\" \/>\n<meta name=\"twitter:card\" content=\"summary_large_image\" \/>\n<meta name=\"twitter:label1\" content=\"\u01af\u1edbc t\u00ednh th\u1eddi gian \u0111\u1ecdc\" \/>\n\t<meta name=\"twitter:data1\" content=\"3 ph\u00fat\" \/>\n<script type=\"application\/ld+json\" class=\"yoast-schema-graph\">{\"@context\":\"https:\/\/schema.org\",\"@graph\":[{\"@type\":\"WebPage\",\"@id\":\"https:\/\/omanivietnam.com\/index.php\/san-pham\/sick-grte18-n1152\/\",\"url\":\"https:\/\/omanivietnam.com\/index.php\/san-pham\/sick-grte18-n1152\/\",\"name\":\"SICK GRTE18-N1152 - OMANI VI\u1ec6T NAM\",\"isPartOf\":{\"@id\":\"https:\/\/omanivietnam.com\/#website\"},\"primaryImageOfPage\":{\"@id\":\"https:\/\/omanivietnam.com\/index.php\/san-pham\/sick-grte18-n1152\/#primaryimage\"},\"image\":{\"@id\":\"https:\/\/omanivietnam.com\/index.php\/san-pham\/sick-grte18-n1152\/#primaryimage\"},\"thumbnailUrl\":\"https:\/\/omanivietnam.com\/wp-content\/uploads\/2024\/08\/GRTE18-N1152.png\",\"datePublished\":\"2024-08-11T22:37:21+00:00\",\"dateModified\":\"2024-08-11T22:37:22+00:00\",\"breadcrumb\":{\"@id\":\"https:\/\/omanivietnam.com\/index.php\/san-pham\/sick-grte18-n1152\/#breadcrumb\"},\"inLanguage\":\"vi\",\"potentialAction\":[{\"@type\":\"ReadAction\",\"target\":[\"https:\/\/omanivietnam.com\/index.php\/san-pham\/sick-grte18-n1152\/\"]}]},{\"@type\":\"ImageObject\",\"inLanguage\":\"vi\",\"@id\":\"https:\/\/omanivietnam.com\/index.php\/san-pham\/sick-grte18-n1152\/#primaryimage\",\"url\":\"https:\/\/omanivietnam.com\/wp-content\/uploads\/2024\/08\/GRTE18-N1152.png\",\"contentUrl\":\"https:\/\/omanivietnam.com\/wp-content\/uploads\/2024\/08\/GRTE18-N1152.png\",\"width\":606,\"height\":449},{\"@type\":\"BreadcrumbList\",\"@id\":\"https:\/\/omanivietnam.com\/index.php\/san-pham\/sick-grte18-n1152\/#breadcrumb\",\"itemListElement\":[{\"@type\":\"ListItem\",\"position\":1,\"name\":\"Home\",\"item\":\"https:\/\/omanivietnam.com\/\"},{\"@type\":\"ListItem\",\"position\":2,\"name\":\"S\u1ea2N PH\u1ea8M\",\"item\":\"https:\/\/omanivietnam.com\/index.php\/cua-hang\/\"},{\"@type\":\"ListItem\",\"position\":3,\"name\":\"SICK GRTE18-N1152\"}]},{\"@type\":\"WebSite\",\"@id\":\"https:\/\/omanivietnam.com\/#website\",\"url\":\"https:\/\/omanivietnam.com\/\",\"name\":\"OMANI VI\u1ec6T NAM\",\"description\":\"Nh\u00e0 ph\u00e2n ph\u1ed1i thi\u1ebft b\u1ecb kh\u00ed n\u00e9n v\u00e0 thi\u1ebft b\u1ecb t\u1ef1 \u0111\u1ed9ng h\u00f3a trong c\u00f4ng nghi\u1ec7p\",\"publisher\":{\"@id\":\"https:\/\/omanivietnam.com\/#\/schema\/person\/0ad398a980dc3fd696111c2c5c8fa897\"},\"potentialAction\":[{\"@type\":\"SearchAction\",\"target\":{\"@type\":\"EntryPoint\",\"urlTemplate\":\"https:\/\/omanivietnam.com\/?s={search_term_string}\"},\"query-input\":\"required name=search_term_string\"}],\"inLanguage\":\"vi\"},{\"@type\":[\"Person\",\"Organization\"],\"@id\":\"https:\/\/omanivietnam.com\/#\/schema\/person\/0ad398a980dc3fd696111c2c5c8fa897\",\"name\":\"Nguy\u1ec5n V\u0103n Kh\u00e1nh\",\"image\":{\"@type\":\"ImageObject\",\"inLanguage\":\"vi\",\"@id\":\"https:\/\/omanivietnam.com\/#\/schema\/person\/image\/\",\"url\":\"https:\/\/omanivietnam.com\/wp-content\/uploads\/2024\/06\/logo-1024x1024.png\",\"contentUrl\":\"https:\/\/omanivietnam.com\/wp-content\/uploads\/2024\/06\/logo-1024x1024.png\",\"width\":1024,\"height\":1024,\"caption\":\"Nguy\u1ec5n V\u0103n Kh\u00e1nh\"},\"logo\":{\"@id\":\"https:\/\/omanivietnam.com\/#\/schema\/person\/image\/\"},\"sameAs\":[\"https:\/\/omanivietnam.com\"]}]}<\/script>\n<!-- \/ Yoast SEO plugin. -->","yoast_head_json":{"title":"SICK GRTE18-N1152 - OMANI VI\u1ec6T NAM","robots":{"index":"index","follow":"follow","max-snippet":"max-snippet:-1","max-image-preview":"max-image-preview:large","max-video-preview":"max-video-preview:-1"},"canonical":"https:\/\/omanivietnam.com\/index.php\/san-pham\/sick-grte18-n1152\/","og_locale":"vi_VN","og_type":"article","og_title":"SICK GRTE18-N1152 - OMANI VI\u1ec6T NAM","og_description":"SICK GRTE18-N1152 1091354 T\u00ean s\u1ea3n ph\u1ea9m: Cylindrical photoelectric sensors GR18 Danh m\u1ee5c: Photoelectric sensors Model: GRTE18-N1152 ID: 1091354 Nh\u00e0 s\u1ea3n xu\u1ea5t: SICK Xu\u1ea5t x\u1ee9: MY H\u00e0ng m\u1edbi 100%, b\u1ea3o h\u00e0nh 12 th\u00e1ng theo quy \u0111\u1ecbnh nh\u00e0 s\u1ea3n xu\u1ea5t Photoelectric sensors Features Sensor\/ detection principle Photoelectric proximity sensor, Energetic Housing design&hellip;","og_url":"https:\/\/omanivietnam.com\/index.php\/san-pham\/sick-grte18-n1152\/","og_site_name":"OMANI VI\u1ec6T NAM","article_modified_time":"2024-08-11T22:37:22+00:00","og_image":[{"width":606,"height":449,"url":"https:\/\/omanivietnam.com\/wp-content\/uploads\/2024\/08\/GRTE18-N1152.png","type":"image\/png"}],"twitter_card":"summary_large_image","twitter_misc":{"\u01af\u1edbc t\u00ednh th\u1eddi gian \u0111\u1ecdc":"3 ph\u00fat"},"schema":{"@context":"https:\/\/schema.org","@graph":[{"@type":"WebPage","@id":"https:\/\/omanivietnam.com\/index.php\/san-pham\/sick-grte18-n1152\/","url":"https:\/\/omanivietnam.com\/index.php\/san-pham\/sick-grte18-n1152\/","name":"SICK GRTE18-N1152 - OMANI VI\u1ec6T NAM","isPartOf":{"@id":"https:\/\/omanivietnam.com\/#website"},"primaryImageOfPage":{"@id":"https:\/\/omanivietnam.com\/index.php\/san-pham\/sick-grte18-n1152\/#primaryimage"},"image":{"@id":"https:\/\/omanivietnam.com\/index.php\/san-pham\/sick-grte18-n1152\/#primaryimage"},"thumbnailUrl":"https:\/\/omanivietnam.com\/wp-content\/uploads\/2024\/08\/GRTE18-N1152.png","datePublished":"2024-08-11T22:37:21+00:00","dateModified":"2024-08-11T22:37:22+00:00","breadcrumb":{"@id":"https:\/\/omanivietnam.com\/index.php\/san-pham\/sick-grte18-n1152\/#breadcrumb"},"inLanguage":"vi","potentialAction":[{"@type":"ReadAction","target":["https:\/\/omanivietnam.com\/index.php\/san-pham\/sick-grte18-n1152\/"]}]},{"@type":"ImageObject","inLanguage":"vi","@id":"https:\/\/omanivietnam.com\/index.php\/san-pham\/sick-grte18-n1152\/#primaryimage","url":"https:\/\/omanivietnam.com\/wp-content\/uploads\/2024\/08\/GRTE18-N1152.png","contentUrl":"https:\/\/omanivietnam.com\/wp-content\/uploads\/2024\/08\/GRTE18-N1152.png","width":606,"height":449},{"@type":"BreadcrumbList","@id":"https:\/\/omanivietnam.com\/index.php\/san-pham\/sick-grte18-n1152\/#breadcrumb","itemListElement":[{"@type":"ListItem","position":1,"name":"Home","item":"https:\/\/omanivietnam.com\/"},{"@type":"ListItem","position":2,"name":"S\u1ea2N PH\u1ea8M","item":"https:\/\/omanivietnam.com\/index.php\/cua-hang\/"},{"@type":"ListItem","position":3,"name":"SICK GRTE18-N1152"}]},{"@type":"WebSite","@id":"https:\/\/omanivietnam.com\/#website","url":"https:\/\/omanivietnam.com\/","name":"OMANI VI\u1ec6T NAM","description":"Nh\u00e0 ph\u00e2n ph\u1ed1i thi\u1ebft b\u1ecb kh\u00ed n\u00e9n v\u00e0 thi\u1ebft b\u1ecb t\u1ef1 \u0111\u1ed9ng h\u00f3a trong c\u00f4ng nghi\u1ec7p","publisher":{"@id":"https:\/\/omanivietnam.com\/#\/schema\/person\/0ad398a980dc3fd696111c2c5c8fa897"},"potentialAction":[{"@type":"SearchAction","target":{"@type":"EntryPoint","urlTemplate":"https:\/\/omanivietnam.com\/?s={search_term_string}"},"query-input":"required name=search_term_string"}],"inLanguage":"vi"},{"@type":["Person","Organization"],"@id":"https:\/\/omanivietnam.com\/#\/schema\/person\/0ad398a980dc3fd696111c2c5c8fa897","name":"Nguy\u1ec5n V\u0103n Kh\u00e1nh","image":{"@type":"ImageObject","inLanguage":"vi","@id":"https:\/\/omanivietnam.com\/#\/schema\/person\/image\/","url":"https:\/\/omanivietnam.com\/wp-content\/uploads\/2024\/06\/logo-1024x1024.png","contentUrl":"https:\/\/omanivietnam.com\/wp-content\/uploads\/2024\/06\/logo-1024x1024.png","width":1024,"height":1024,"caption":"Nguy\u1ec5n V\u0103n Kh\u00e1nh"},"logo":{"@id":"https:\/\/omanivietnam.com\/#\/schema\/person\/image\/"},"sameAs":["https:\/\/omanivietnam.com"]}]}},"_links":{"self":[{"href":"https:\/\/omanivietnam.com\/index.php\/wp-json\/wp\/v2\/product\/1428","targetHints":{"allow":["GET"]}}],"collection":[{"href":"https:\/\/omanivietnam.com\/index.php\/wp-json\/wp\/v2\/product"}],"about":[{"href":"https:\/\/omanivietnam.com\/index.php\/wp-json\/wp\/v2\/types\/product"}],"replies":[{"embeddable":true,"href":"https:\/\/omanivietnam.com\/index.php\/wp-json\/wp\/v2\/comments?post=1428"}],"wp:featuredmedia":[{"embeddable":true,"href":"https:\/\/omanivietnam.com\/index.php\/wp-json\/wp\/v2\/media\/1429"}],"wp:attachment":[{"href":"https:\/\/omanivietnam.com\/index.php\/wp-json\/wp\/v2\/media?parent=1428"}],"wp:term":[{"taxonomy":"product_cat","embeddable":true,"href":"https:\/\/omanivietnam.com\/index.php\/wp-json\/wp\/v2\/product_cat?post=1428"},{"taxonomy":"product_tag","embeddable":true,"href":"https:\/\/omanivietnam.com\/index.php\/wp-json\/wp\/v2\/product_tag?post=1428"}],"curies":[{"name":"wp","href":"https:\/\/api.w.org\/{rel}","templated":true}]}}