{"id":1432,"date":"2024-08-12T06:02:13","date_gmt":"2024-08-11T23:02:13","guid":{"rendered":"https:\/\/omanivietnam.com\/?post_type=product&#038;p=1432"},"modified":"2025-05-23T20:38:37","modified_gmt":"2025-05-23T13:38:37","slug":"festo-ovem-10-h-b-qo-ce-n-2n","status":"publish","type":"product","link":"https:\/\/omanivietnam.com\/index.php\/san-pham\/festo-ovem-10-h-b-qo-ce-n-2n\/","title":{"rendered":"FESTO OVEM-10-H-B-QO-CE-N-2N"},"content":{"rendered":"<p>FESTO OVEM-10-H-B-QO-CE-N-2N<\/p>\n<p class=\"m-h2\">Product Description<\/p>\n<p>[Specifications]<br \/>\n&#8211; Nominal width 0.45 to 2 mm<br \/>\n&#8211; Max. vacuum 93%<br \/>\n&#8211; Temperature range 0 to +50 \u00b0C<br \/>\n&#8211; Compact design<br \/>\n&#8211; Minimal installation work required<br \/>\n&#8211; Short switching times<br \/>\n&#8211; Integrated solenoid valves for vacuum ON\/OFF and ejector pulse<br \/>\n&#8211; Filter with display<br \/>\n&#8211; Vacuum sensor with LCD display for continuous monitoring of the entire vacuum system<br \/>\n&#8211; Optional air saving function<br \/>\n&#8211; Reliable setting down of workpieces<br \/>\n&#8211; Blocking of multiple vacuum generators on a common supply manifold<\/p>\n<p>&nbsp;<\/p>\n<p class=\"m-h3\"><span data-lang=\"ENG\">Configured Specifications<\/span><\/p>\n<table class=\"m-listTable\" summary=\"Price, Spec., etc.\">\n<colgroup>\n<col width=\"20%\" \/>\n<col width=\"30%\" \/>\n<col width=\"20%\" \/>\n<col width=\"30%\" \/><\/colgroup>\n<tbody>\n<tr>\n<th>Operating Pressure Range(MPa)<\/th>\n<td>0.2\uff5e0.8<\/td>\n<th>Operating Temp. Range(\u00b0C)<\/th>\n<td>0\uff5e50<\/td>\n<\/tr>\n<tr>\n<th>Nominal width of Laval nozzle<\/th>\n<td>1.4<\/td>\n<th>Switching output<\/th>\n<td>2xNPN<\/td>\n<\/tr>\n<tr>\n<th>Switching function<\/th>\n<td>Window comparator, Threshold value comparator<\/td>\n<th>Switching element function<\/th>\n<td>N\/C contact, N\/O contact<\/td>\n<\/tr>\n<tr>\n<th>DC operating voltage range(V)<\/th>\n<td>20.4-27.6<\/td>\n<th>Housing material<\/th>\n<td>PA-reinforced, Die-cast aluminum<\/td>\n<\/tr>\n<tr>\n<th>Display type<\/th>\n<td>4-character alphanumeric, Back-lit LCD<\/td>\n<th>Setting options<\/th>\n<td>Via display and pushbuttons<\/td>\n<\/tr>\n<tr>\n<th>Degree of protection<\/th>\n<td>IP65<\/td>\n<th>Pneumatic connection 1<\/th>\n<td>QS-8<\/td>\n<\/tr>\n<tr class=\"VN_table-row\">\n<th>Pneumatic connection 3<\/th>\n<td>Pneumatic muffler integrated<\/td>\n<th>Vacuum connection<\/th>\n<td>QS-8<\/td>\n<\/tr>\n<tr class=\"VN_table-row\">\n<th>Product weight(g)<\/th>\n<td>380<\/td>\n<th>RoHS<\/th>\n<td>10<\/td>\n<\/tr>\n<\/tbody>\n<\/table>\n<p>C\u00e1c s\u1ea3n ph\u1ea9m t\u01b0\u01a1ng t\u1ef1<\/p>\n<p>FESTO OVEM-07-H-B-QO-CE-N-LK 8037694<br \/>\nFESTO VAF-DB-1\/4 547261<br \/>\nFESTO VASB-55-1\/4-PUR-B<\/p>\n<p>FESTO CPE24-M1H-5L-3\/8 163166<\/p>\n<p>CPE24-M1H-5L-3\/8, 1 coil<\/p>\n<p>CPE24-M1H-5J-3\/8, 2 coil<\/p>\n<p>FESTO GRLA-1\/2-QS-12-D (193152)<\/p>\n<p>FESTO SMT-8M-A-PS-24V-E-2,5-OE<\/p>\n<p>FESTO PUN-H-12&#215;2-BL , m\u00e0u xanh<\/p>\n<p>FESTO PUN-H-12&#215;2-SW , m\u00e0u \u0111en<\/p>\n<p>FESTO PUN-H-6X1-BL, cu\u1ed9n 50m, m\u00e0u xanh<br \/>\nFESTO PUN-H-8X1,25-BL, cu\u1ed9n 50m, m\u00e0u xanh<br \/>\nFESTO PUN-H-10X1,5-BL , cu\u1ed9n 50m, m\u00e0u xanh<\/p>\n<p>FESTO DSBC-125-250-PPVA-N3<br \/>\nFESTO SNCB-125<br \/>\nFESTO SGS-M27X2<\/p>\n<p>FESTO OVEL-10-H-15-PQ-VQ6-UA-C-A-V1PNLK-H3 8049054<\/p>\n<p>FESTO 542296 MSB4-1\/4:C3J1M1-WP<\/p>\n<p>FESTO 541259 MS4-EM1-1\/4-S<br \/>\nFESTO 529158 MS4-LFR-1\/4-D7-ERV-AS<br \/>\nFESTO 529411 MS4-LOE-1\/4-R<br \/>\nFESTO 532184 MS4-WP<\/p>\n<p>&nbsp;<\/p>\n<p>\u0110\u1ea1i l\u00fd FESTO vietnam, FESTO viet nam, FESTO vietnam distributor, Ph\u00e2n ph\u1ed1i FESTO t\u1ea1i vi\u1ec7t nam<\/p>\n<p>\u0110\u1ea1i l\u00fd FESTO vietnam, FESTO viet nam, FESTO vietnam distributor, Ph\u00e2n ph\u1ed1i FESTO t\u1ea1i vi\u1ec7t nam<\/p>\n<p>\u0110\u1ea1i l\u00fd FESTO vietnam, FESTO viet nam, FESTO vietnam distributor, Ph\u00e2n ph\u1ed1i FESTO t\u1ea1i vi\u1ec7t nam<\/p>\n<p>&nbsp;<\/p>\n","protected":false},"excerpt":{"rendered":"<p>FESTO OVEM-10-H-B-QO-CE-N-2N Product Description [Specifications] &#8211; Nominal width 0.45 to 2 mm &#8211; Max. vacuum 93% &#8211; Temperature range 0 to +50 \u00b0C &#8211; Compact design &#8211; Minimal installation work required &#8211; Short switching times &#8211; Integrated solenoid valves for vacuum ON\/OFF and ejector pulse &#8211; Filter with display &#8211;&hellip; <\/p>\n","protected":false},"featured_media":1433,"comment_status":"open","ping_status":"closed","template":"","meta":[],"product_cat":[284],"product_tag":[312,364,363],"class_list":{"0":"post-1432","1":"product","2":"type-product","3":"status-publish","4":"has-post-thumbnail","6":"product_cat-festo","7":"product_tag-bom-chan-khong","8":"product_tag-dai-ly-festo-viet-nam","9":"product_tag-festo-viet-nam","11":"first","12":"instock","13":"shipping-taxable","14":"product-type-simple"},"yoast_head":"<!-- This site is optimized with the Yoast SEO plugin v22.8 - https:\/\/yoast.com\/wordpress\/plugins\/seo\/ -->\n<title>FESTO OVEM-10-H-B-QO-CE-N-2N - OMANI VI\u1ec6T NAM<\/title>\n<meta name=\"description\" content=\"FESTO OVEM-10-H-B-QO-CE-N-2N Vacuum generator\" \/>\n<meta name=\"robots\" content=\"index, follow, max-snippet:-1, max-image-preview:large, max-video-preview:-1\" \/>\n<link rel=\"canonical\" href=\"https:\/\/omanivietnam.com\/index.php\/san-pham\/festo-ovem-10-h-b-qo-ce-n-2n\/\" \/>\n<meta property=\"og:locale\" content=\"vi_VN\" \/>\n<meta property=\"og:type\" content=\"article\" \/>\n<meta property=\"og:title\" content=\"FESTO OVEM-10-H-B-QO-CE-N-2N - OMANI VI\u1ec6T NAM\" \/>\n<meta property=\"og:description\" content=\"FESTO OVEM-10-H-B-QO-CE-N-2N Vacuum generator\" \/>\n<meta property=\"og:url\" content=\"https:\/\/omanivietnam.com\/index.php\/san-pham\/festo-ovem-10-h-b-qo-ce-n-2n\/\" \/>\n<meta property=\"og:site_name\" content=\"OMANI VI\u1ec6T NAM\" \/>\n<meta property=\"article:modified_time\" content=\"2025-05-23T13:38:37+00:00\" \/>\n<meta property=\"og:image\" content=\"https:\/\/omanivietnam.com\/wp-content\/uploads\/2024\/08\/OVEM-10-H-B-QO-CE-N-2N.png\" \/>\n\t<meta property=\"og:image:width\" content=\"463\" \/>\n\t<meta property=\"og:image:height\" content=\"617\" \/>\n\t<meta property=\"og:image:type\" content=\"image\/png\" \/>\n<meta name=\"twitter:card\" content=\"summary_large_image\" \/>\n<meta name=\"twitter:label1\" content=\"\u01af\u1edbc t\u00ednh th\u1eddi gian \u0111\u1ecdc\" \/>\n\t<meta name=\"twitter:data1\" content=\"2 ph\u00fat\" \/>\n<script type=\"application\/ld+json\" class=\"yoast-schema-graph\">{\"@context\":\"https:\/\/schema.org\",\"@graph\":[{\"@type\":\"WebPage\",\"@id\":\"https:\/\/omanivietnam.com\/index.php\/san-pham\/festo-ovem-10-h-b-qo-ce-n-2n\/\",\"url\":\"https:\/\/omanivietnam.com\/index.php\/san-pham\/festo-ovem-10-h-b-qo-ce-n-2n\/\",\"name\":\"FESTO OVEM-10-H-B-QO-CE-N-2N - OMANI VI\u1ec6T NAM\",\"isPartOf\":{\"@id\":\"https:\/\/omanivietnam.com\/#website\"},\"primaryImageOfPage\":{\"@id\":\"https:\/\/omanivietnam.com\/index.php\/san-pham\/festo-ovem-10-h-b-qo-ce-n-2n\/#primaryimage\"},\"image\":{\"@id\":\"https:\/\/omanivietnam.com\/index.php\/san-pham\/festo-ovem-10-h-b-qo-ce-n-2n\/#primaryimage\"},\"thumbnailUrl\":\"https:\/\/omanivietnam.com\/wp-content\/uploads\/2024\/08\/OVEM-10-H-B-QO-CE-N-2N.png\",\"datePublished\":\"2024-08-11T23:02:13+00:00\",\"dateModified\":\"2025-05-23T13:38:37+00:00\",\"description\":\"FESTO OVEM-10-H-B-QO-CE-N-2N Vacuum generator\",\"breadcrumb\":{\"@id\":\"https:\/\/omanivietnam.com\/index.php\/san-pham\/festo-ovem-10-h-b-qo-ce-n-2n\/#breadcrumb\"},\"inLanguage\":\"vi\",\"potentialAction\":[{\"@type\":\"ReadAction\",\"target\":[\"https:\/\/omanivietnam.com\/index.php\/san-pham\/festo-ovem-10-h-b-qo-ce-n-2n\/\"]}]},{\"@type\":\"ImageObject\",\"inLanguage\":\"vi\",\"@id\":\"https:\/\/omanivietnam.com\/index.php\/san-pham\/festo-ovem-10-h-b-qo-ce-n-2n\/#primaryimage\",\"url\":\"https:\/\/omanivietnam.com\/wp-content\/uploads\/2024\/08\/OVEM-10-H-B-QO-CE-N-2N.png\",\"contentUrl\":\"https:\/\/omanivietnam.com\/wp-content\/uploads\/2024\/08\/OVEM-10-H-B-QO-CE-N-2N.png\",\"width\":463,\"height\":617},{\"@type\":\"BreadcrumbList\",\"@id\":\"https:\/\/omanivietnam.com\/index.php\/san-pham\/festo-ovem-10-h-b-qo-ce-n-2n\/#breadcrumb\",\"itemListElement\":[{\"@type\":\"ListItem\",\"position\":1,\"name\":\"Home\",\"item\":\"https:\/\/omanivietnam.com\/\"},{\"@type\":\"ListItem\",\"position\":2,\"name\":\"S\u1ea2N PH\u1ea8M\",\"item\":\"https:\/\/omanivietnam.com\/index.php\/cua-hang\/\"},{\"@type\":\"ListItem\",\"position\":3,\"name\":\"FESTO OVEM-10-H-B-QO-CE-N-2N\"}]},{\"@type\":\"WebSite\",\"@id\":\"https:\/\/omanivietnam.com\/#website\",\"url\":\"https:\/\/omanivietnam.com\/\",\"name\":\"OMANI VI\u1ec6T NAM\",\"description\":\"Nh\u00e0 ph\u00e2n ph\u1ed1i thi\u1ebft b\u1ecb kh\u00ed n\u00e9n v\u00e0 thi\u1ebft b\u1ecb t\u1ef1 \u0111\u1ed9ng h\u00f3a trong c\u00f4ng nghi\u1ec7p\",\"publisher\":{\"@id\":\"https:\/\/omanivietnam.com\/#\/schema\/person\/0ad398a980dc3fd696111c2c5c8fa897\"},\"potentialAction\":[{\"@type\":\"SearchAction\",\"target\":{\"@type\":\"EntryPoint\",\"urlTemplate\":\"https:\/\/omanivietnam.com\/?s={search_term_string}\"},\"query-input\":\"required name=search_term_string\"}],\"inLanguage\":\"vi\"},{\"@type\":[\"Person\",\"Organization\"],\"@id\":\"https:\/\/omanivietnam.com\/#\/schema\/person\/0ad398a980dc3fd696111c2c5c8fa897\",\"name\":\"Nguy\u1ec5n V\u0103n Kh\u00e1nh\",\"image\":{\"@type\":\"ImageObject\",\"inLanguage\":\"vi\",\"@id\":\"https:\/\/omanivietnam.com\/#\/schema\/person\/image\/\",\"url\":\"https:\/\/omanivietnam.com\/wp-content\/uploads\/2024\/06\/logo-1024x1024.png\",\"contentUrl\":\"https:\/\/omanivietnam.com\/wp-content\/uploads\/2024\/06\/logo-1024x1024.png\",\"width\":1024,\"height\":1024,\"caption\":\"Nguy\u1ec5n V\u0103n Kh\u00e1nh\"},\"logo\":{\"@id\":\"https:\/\/omanivietnam.com\/#\/schema\/person\/image\/\"},\"sameAs\":[\"https:\/\/omanivietnam.com\"]}]}<\/script>\n<!-- \/ Yoast SEO plugin. -->","yoast_head_json":{"title":"FESTO OVEM-10-H-B-QO-CE-N-2N - OMANI VI\u1ec6T NAM","description":"FESTO OVEM-10-H-B-QO-CE-N-2N Vacuum generator","robots":{"index":"index","follow":"follow","max-snippet":"max-snippet:-1","max-image-preview":"max-image-preview:large","max-video-preview":"max-video-preview:-1"},"canonical":"https:\/\/omanivietnam.com\/index.php\/san-pham\/festo-ovem-10-h-b-qo-ce-n-2n\/","og_locale":"vi_VN","og_type":"article","og_title":"FESTO OVEM-10-H-B-QO-CE-N-2N - OMANI VI\u1ec6T NAM","og_description":"FESTO OVEM-10-H-B-QO-CE-N-2N Vacuum generator","og_url":"https:\/\/omanivietnam.com\/index.php\/san-pham\/festo-ovem-10-h-b-qo-ce-n-2n\/","og_site_name":"OMANI VI\u1ec6T NAM","article_modified_time":"2025-05-23T13:38:37+00:00","og_image":[{"width":463,"height":617,"url":"https:\/\/omanivietnam.com\/wp-content\/uploads\/2024\/08\/OVEM-10-H-B-QO-CE-N-2N.png","type":"image\/png"}],"twitter_card":"summary_large_image","twitter_misc":{"\u01af\u1edbc t\u00ednh th\u1eddi gian \u0111\u1ecdc":"2 ph\u00fat"},"schema":{"@context":"https:\/\/schema.org","@graph":[{"@type":"WebPage","@id":"https:\/\/omanivietnam.com\/index.php\/san-pham\/festo-ovem-10-h-b-qo-ce-n-2n\/","url":"https:\/\/omanivietnam.com\/index.php\/san-pham\/festo-ovem-10-h-b-qo-ce-n-2n\/","name":"FESTO OVEM-10-H-B-QO-CE-N-2N - OMANI VI\u1ec6T NAM","isPartOf":{"@id":"https:\/\/omanivietnam.com\/#website"},"primaryImageOfPage":{"@id":"https:\/\/omanivietnam.com\/index.php\/san-pham\/festo-ovem-10-h-b-qo-ce-n-2n\/#primaryimage"},"image":{"@id":"https:\/\/omanivietnam.com\/index.php\/san-pham\/festo-ovem-10-h-b-qo-ce-n-2n\/#primaryimage"},"thumbnailUrl":"https:\/\/omanivietnam.com\/wp-content\/uploads\/2024\/08\/OVEM-10-H-B-QO-CE-N-2N.png","datePublished":"2024-08-11T23:02:13+00:00","dateModified":"2025-05-23T13:38:37+00:00","description":"FESTO OVEM-10-H-B-QO-CE-N-2N Vacuum generator","breadcrumb":{"@id":"https:\/\/omanivietnam.com\/index.php\/san-pham\/festo-ovem-10-h-b-qo-ce-n-2n\/#breadcrumb"},"inLanguage":"vi","potentialAction":[{"@type":"ReadAction","target":["https:\/\/omanivietnam.com\/index.php\/san-pham\/festo-ovem-10-h-b-qo-ce-n-2n\/"]}]},{"@type":"ImageObject","inLanguage":"vi","@id":"https:\/\/omanivietnam.com\/index.php\/san-pham\/festo-ovem-10-h-b-qo-ce-n-2n\/#primaryimage","url":"https:\/\/omanivietnam.com\/wp-content\/uploads\/2024\/08\/OVEM-10-H-B-QO-CE-N-2N.png","contentUrl":"https:\/\/omanivietnam.com\/wp-content\/uploads\/2024\/08\/OVEM-10-H-B-QO-CE-N-2N.png","width":463,"height":617},{"@type":"BreadcrumbList","@id":"https:\/\/omanivietnam.com\/index.php\/san-pham\/festo-ovem-10-h-b-qo-ce-n-2n\/#breadcrumb","itemListElement":[{"@type":"ListItem","position":1,"name":"Home","item":"https:\/\/omanivietnam.com\/"},{"@type":"ListItem","position":2,"name":"S\u1ea2N PH\u1ea8M","item":"https:\/\/omanivietnam.com\/index.php\/cua-hang\/"},{"@type":"ListItem","position":3,"name":"FESTO OVEM-10-H-B-QO-CE-N-2N"}]},{"@type":"WebSite","@id":"https:\/\/omanivietnam.com\/#website","url":"https:\/\/omanivietnam.com\/","name":"OMANI VI\u1ec6T NAM","description":"Nh\u00e0 ph\u00e2n ph\u1ed1i thi\u1ebft b\u1ecb kh\u00ed n\u00e9n v\u00e0 thi\u1ebft b\u1ecb t\u1ef1 \u0111\u1ed9ng h\u00f3a trong c\u00f4ng nghi\u1ec7p","publisher":{"@id":"https:\/\/omanivietnam.com\/#\/schema\/person\/0ad398a980dc3fd696111c2c5c8fa897"},"potentialAction":[{"@type":"SearchAction","target":{"@type":"EntryPoint","urlTemplate":"https:\/\/omanivietnam.com\/?s={search_term_string}"},"query-input":"required name=search_term_string"}],"inLanguage":"vi"},{"@type":["Person","Organization"],"@id":"https:\/\/omanivietnam.com\/#\/schema\/person\/0ad398a980dc3fd696111c2c5c8fa897","name":"Nguy\u1ec5n V\u0103n Kh\u00e1nh","image":{"@type":"ImageObject","inLanguage":"vi","@id":"https:\/\/omanivietnam.com\/#\/schema\/person\/image\/","url":"https:\/\/omanivietnam.com\/wp-content\/uploads\/2024\/06\/logo-1024x1024.png","contentUrl":"https:\/\/omanivietnam.com\/wp-content\/uploads\/2024\/06\/logo-1024x1024.png","width":1024,"height":1024,"caption":"Nguy\u1ec5n V\u0103n Kh\u00e1nh"},"logo":{"@id":"https:\/\/omanivietnam.com\/#\/schema\/person\/image\/"},"sameAs":["https:\/\/omanivietnam.com"]}]}},"_links":{"self":[{"href":"https:\/\/omanivietnam.com\/index.php\/wp-json\/wp\/v2\/product\/1432","targetHints":{"allow":["GET"]}}],"collection":[{"href":"https:\/\/omanivietnam.com\/index.php\/wp-json\/wp\/v2\/product"}],"about":[{"href":"https:\/\/omanivietnam.com\/index.php\/wp-json\/wp\/v2\/types\/product"}],"replies":[{"embeddable":true,"href":"https:\/\/omanivietnam.com\/index.php\/wp-json\/wp\/v2\/comments?post=1432"}],"wp:featuredmedia":[{"embeddable":true,"href":"https:\/\/omanivietnam.com\/index.php\/wp-json\/wp\/v2\/media\/1433"}],"wp:attachment":[{"href":"https:\/\/omanivietnam.com\/index.php\/wp-json\/wp\/v2\/media?parent=1432"}],"wp:term":[{"taxonomy":"product_cat","embeddable":true,"href":"https:\/\/omanivietnam.com\/index.php\/wp-json\/wp\/v2\/product_cat?post=1432"},{"taxonomy":"product_tag","embeddable":true,"href":"https:\/\/omanivietnam.com\/index.php\/wp-json\/wp\/v2\/product_tag?post=1432"}],"curies":[{"name":"wp","href":"https:\/\/api.w.org\/{rel}","templated":true}]}}