{"id":1434,"date":"2024-08-13T05:55:16","date_gmt":"2024-08-12T22:55:16","guid":{"rendered":"https:\/\/omanivietnam.com\/?post_type=product&#038;p=1434"},"modified":"2025-08-21T20:54:06","modified_gmt":"2025-08-21T13:54:06","slug":"panasonic-dp-102-e-p","status":"publish","type":"product","link":"https:\/\/omanivietnam.com\/index.php\/san-pham\/panasonic-dp-102-e-p\/","title":{"rendered":"PANASONIC DP-102-E-P"},"content":{"rendered":"<p>PANASONIC DP-102-E-P<\/p>\n<p>CN-14A Connector<\/p>\n<p>CN-14A-C1 Connector-attached cable<\/p>\n<p>CN-14A-C2 Connector-attached cable<\/p>\n<p>CN-14A-C3 Connector-attached cable<\/p>\n<p>Th\u00f4ng s\u1ed1 k\u1ef9 thu\u1eadt:<\/p>\n<p>Lo\u1ea1i \u00e1p su\u1ea5t M\u00e1y \u0111o \u00e1p su\u1ea5t<br \/>\nD\u1ea3i \u00e1p su\u1ea5t \u0111\u1ecbnh m\u1ee9c -0,100 \u0111\u1ebfn +1,000 MPa<br \/>\n\u0110\u1eb7t ph\u1ea1m vi \u00e1p su\u1ea5t -0,101 \u0111\u1ebfn +1,010 MPa<br \/>\n-101 \u0111\u1ebfn +1.010 kPa<br \/>\n-1,03 \u0111\u1ebfn +10,30 kgf\/cm2<br \/>\n-1,01 \u0111\u1ebfn +10,10 thanh<br \/>\n-14,6 \u0111\u1ebfn +146,4 psi<br \/>\nKh\u1ea3 n\u0103ng ch\u1ecbu \u00e1p l\u1ef1c 1,5 MPa<br \/>\nCh\u1ea5t l\u1ecfng \u00e1p d\u1ee5ng Kh\u00ed kh\u00f4ng \u0103n m\u00f2n<br \/>\n\u0110i\u1ec7n \u00e1p ngu\u1ed3n 12 \u0111\u1ebfn 24 V DC \u00b110 % \u0110\u1ed9 g\u1ee3n P-P 10 % tr\u1edf xu\u1ed1ng<br \/>\n\u0110i\u1ec7n n\u0103ng ti\u00eau th\u1ee5 Ho\u1ea1t \u0111\u1ed9ng b\u00ecnh th\u01b0\u1eddng:<br \/>\n720 mW tr\u1edf xu\u1ed1ng (M\u1ee9c ti\u00eau th\u1ee5 hi\u1ec7n t\u1ea1i 30 mA tr\u1edf xu\u1ed1ng \u1edf \u0111i\u1ec7n \u00e1p ngu\u1ed3n 24 V)<br \/>\nCh\u1ebf \u0111\u1ed9 ti\u1ebft ki\u1ec7m :<br \/>\n480 mW tr\u1edf xu\u1ed1ng \u1edf STD (M\u1ee9c ti\u00eau th\u1ee5 hi\u1ec7n t\u1ea1i 20 mA tr\u1edf xu\u1ed1ng \u1edf \u0111i\u1ec7n \u00e1p ngu\u1ed3n 24 V)<br \/>\n360 mW tr\u1edf xu\u1ed1ng \u1edf m\u1ee9c \u0110\u1ea6Y \u0110\u1ee6 (M\u1ee9c ti\u00eau th\u1ee5 hi\u1ec7n t\u1ea1i 15 mA tr\u1edf xu\u1ed1ng \u1edf \u0111i\u1ec7n \u00e1p ngu\u1ed3n 24 V)<br \/>\n\u0110\u1ea7u ra so s\u00e1nh &lt;\u0111\u1ea7u ra NPN&gt;<br \/>\nTransistor thu h\u1edf NPN<br \/>\n\u2013 D\u00f2ng ch\u00ecm t\u1ed1i \u0111a: 100 mA<br \/>\n\u2013 \u0110i\u1ec7n \u00e1p \u1ee9ng d\u1ee5ng: 30 V DC tr\u1edf xu\u1ed1ng (gi\u1eefa \u0111\u1ea7u ra so s\u00e1nh v\u00e0 0 V)<br \/>\n\u2013 \u0110i\u1ec7n \u00e1p d\u01b0 : 2 V tr\u1edf xu\u1ed1ng (\u1edf d\u00f2ng \u0111i\u1ec7n ch\u00ecm 100 mA)<br \/>\n\u0110\u1ea7u ra so s\u00e1nh: Ho\u1ea1t \u0111\u1ed9ng \u0111\u1ea7u ra NO \/ NC (c\u00f3 th\u1ec3 l\u1ef1a ch\u1ecdn b\u1eb1ng thao t\u00e1c ph\u00edm)<br \/>\n\u0110\u1ea7u ra so s\u00e1nh: Ch\u1ebf \u0111\u1ed9 \u0111\u1ea7u ra Ch\u1ebf \u0111\u1ed9 EASY \/ Ch\u1ebf \u0111\u1ed9 tr\u1ec5 \/ Ch\u1ebf \u0111\u1ed9 so s\u00e1nh c\u1eeda s\u1ed5<br \/>\n\u0110\u1ea7u ra so s\u00e1nh: \u0110\u1ed9 tr\u1ec5 T\u1ed1i thi\u1ec3u 1 ch\u1eef s\u1ed1 (c\u00f3 th\u1ec3 thay \u0111\u1ed5i) (tuy nhi\u00ean, 2 ch\u1eef s\u1ed1 khi s\u1eed d\u1ee5ng \u0111\u01a1n v\u1ecb psi)<br \/>\n\u0110\u1ea7u ra so s\u00e1nh: \u0110\u1ed9 l\u1eb7p l\u1ea1i \u00b10,2 % F.S.<br \/>\n(trong ph\u1ea1m vi \u00b12 ch\u1eef s\u1ed1)<br \/>\n\u0110\u1ea7u ra so s\u00e1nh: Th\u1eddi gian \u0111\u00e1p \u1ee9ng 2,5 ms, 5 ms, 10 ms, 25 ms, 50 ms, 100 ms, 250 ms, 500 ms, 1.000 ms, 5.000 ms, c\u00f3 th\u1ec3 l\u1ef1a ch\u1ecdn b\u1eb1ng thao t\u00e1c ph\u00edm<br \/>\n\u0110\u1ea7u ra so s\u00e1nh: T\u00edch h\u1ee3p b\u1ea3o v\u1ec7 ng\u1eafn m\u1ea1ch<br \/>\nHi\u1ec3n th\u1ecb 4 ch\u1eef s\u1ed1 + 4 ch\u1eef s\u1ed1 M\u00e0n h\u00ecnh LCD 3 m\u00e0u<br \/>\n(T\u1ed1c \u0111\u1ed9 l\u00e0m m\u1edbi m\u00e0n h\u00ecnh: 250 ms, 500 ms, 1.000 ms, c\u00f3 th\u1ec3 ch\u1ecdn b\u1eb1ng thao t\u00e1c ph\u00edm)<br \/>\nHi\u1ec3n th\u1ecb: D\u1ea3i \u00e1p su\u1ea5t hi\u1ec3n th\u1ecb -0,101 \u0111\u1ebfn +1,010 MPa<br \/>\n-101 \u0111\u1ebfn +1.010 kPa<br \/>\n-1,03 \u0111\u1ebfn +10,30 kgf\/cm2<br \/>\n-1,01 \u0111\u1ebfn +10,10 thanh<br \/>\n-14,6 \u0111\u1ebfn +146,4 psi<br \/>\n\u0110\u00e8n b\u00e1o LED m\u00e0u cam<br \/>\n(Ch\u1ec9 b\u00e1o ho\u1ea1t \u0111\u1ed9ng \u0111\u1ea7u ra so s\u00e1nh 1, ch\u1ec9 b\u00e1o ho\u1ea1t \u0111\u1ed9ng \u0111\u1ea7u ra so s\u00e1nh 2 : S\u00e1ng l\u00ean khi m\u1ed7i \u0111\u1ea7u ra so s\u00e1nh \u0111\u01b0\u1ee3c B\u1eacT)<br \/>\nB\u1ea3o v\u1ec7 IP40 (IEC)<br \/>\nNhi\u1ec7t \u0111\u1ed9 m\u00f4i tr\u01b0\u1eddng -10 \u0111\u1ebfn +50 oC +14 \u0111\u1ebfn +122 \u2109, B\u1ea3o qu\u1ea3n: -10 \u0111\u1ebfn +60 oC +14 \u0111\u1ebfn +140 \u2109<br \/>\n\u0110\u1ed9 \u1ea9m m\u00f4i tr\u01b0\u1eddng 35 \u0111\u1ebfn 85 % RH (Kh\u00f4ng cho ph\u00e9p ng\u01b0ng t\u1ee5 s\u01b0\u01a1ng ho\u1eb7c \u0111\u00f3ng b\u0103ng), B\u1ea3o qu\u1ea3n: 35 \u0111\u1ebfn 85 % RH<br \/>\nKh\u1ea3 n\u0103ng ch\u1ecbu \u0111\u01b0\u1ee3c \u0111i\u1ec7n \u00e1p 1.000 V AC trong m\u1ed9t ph\u00fat. gi\u1eefa t\u1ea5t c\u1ea3 c\u00e1c \u0111\u1ea7u n\u1ed1i ngu\u1ed3n \u0111\u01b0\u1ee3c k\u1ebft n\u1ed1i v\u1edbi nhau v\u00e0 v\u1ecf b\u1ecdc<br \/>\n\u0110i\u1ec7n tr\u1edf c\u00e1ch \u0111i\u1ec7n 50M\u03a9 tr\u1edf l\u00ean v\u1edbi megger 500 V DC gi\u1eefa t\u1ea5t c\u1ea3 c\u00e1c \u0111\u1ea7u n\u1ed1i ngu\u1ed3n \u0111\u01b0\u1ee3c k\u1ebft n\u1ed1i v\u1edbi nhau v\u00e0 v\u1ecf b\u1ecdc<br \/>\nKh\u1ea3 n\u0103ng ch\u1ed1ng rung T\u1ea7n s\u1ed1 10 \u0111\u1ebfn 500 Hz, 3 mm 0,118 \u1edf bi\u00ean \u0111\u1ed9 g\u1ea5p \u0111\u00f4i ho\u1eb7c gia t\u1ed1c t\u1ed1i \u0111a 196 m\/s2, theo h\u01b0\u1edbng X, Y v\u00e0 Z trong hai gi\u1edd m\u1ed7i h\u01b0\u1edbng<br \/>\n(khi l\u1eafp b\u1ea3ng \u0111i\u1ec1u khi\u1ec3n: t\u1ea7n s\u1ed1 10 \u0111\u1ebfn 150 Hz, bi\u00ean \u0111\u1ed9 0,75 mm 0,030 ho\u1eb7c gia t\u1ed1c t\u1ed1i \u0111a 49 m\/s2, theo h\u01b0\u1edbng X, Y v\u00e0 Z trong hai gi\u1edd m\u1ed7i h\u01b0\u1edbng)<br \/>\nKh\u1ea3 n\u0103ng ch\u1ed1ng s\u1ed1c Gia t\u1ed1c 100 m\/s2 (kho\u1ea3ng 10 G) theo h\u01b0\u1edbng X, Y v\u00e0 Z ba l\u1ea7n m\u1ed7i h\u01b0\u1edbng<br \/>\n\u0110\u1eb7c t\u00ednh nhi\u1ec7t \u0111\u1ed9 Trong kho\u1ea3ng \u00b11 % F.S.<br \/>\n(\u1edf m\u1ee9c +20oC +68)<br \/>\nC\u1ed5ng \u00e1p ren c\u00e1i M5 + R (PT) ren \u0111\u1ef1c 1\/8<br \/>\nV\u1eadt li\u1ec7u V\u1ecf : PBT (gia c\u1ed1 b\u1eb1ng s\u1ee3i th\u1ee7y tinh), M\u00e0n h\u00ecnh LCD : Acrylic, C\u1ed5ng \u00e1p su\u1ea5t : Th\u00e9p kh\u00f4ng g\u1ec9 (SUS303), Ph\u1ea7n ren l\u1eafp : \u0110\u1ed3ng thau (m\u1ea1 niken), B\u1ed9 ph\u1eadn chuy\u1ec3n m\u1ea1ch : Cao su silicon<br \/>\nPh\u01b0\u01a1ng th\u1ee9c k\u1ebft n\u1ed1i Tr\u00ecnh k\u1ebft n\u1ed1i<br \/>\nChi\u1ec1u d\u00e0i c\u00e1p T\u1ed5ng chi\u1ec1u d\u00e0i l\u00ean t\u1edbi 100 m 328,084 ft (nh\u1ecf h\u01a1n 30 m 98,425 ft khi tu\u00e2n th\u1ee7 d\u1ea5u CE) c\u00f3 th\u1ec3 th\u1ef1c hi\u1ec7n \u0111\u01b0\u1ee3c v\u1edbi c\u00e1p 0,3 mm2 tr\u1edf l\u00ean<\/p>\n<p>\u1ee8ng d\u1ee5ng trong m\u1ed9t s\u1ed1 ng\u00e0nh nh\u01b0: \u00f4 t\u00f4, h\u00e0ng kh\u00f4ng v\u0169 tr\u1ee5, y t\u1ebf, HVAC v\u00e0 ki\u1ec3m so\u00e1t quy tr\u00ecnh c\u00f4ng nghi\u1ec7p,\u2026<\/p>\n<p>&nbsp;<\/p>\n<h3><\/h3>\n<table width=\"344\">\n<tbody>\n<tr>\n<td width=\"175\">DP-101<\/td>\n<td width=\"169\">DP-101A-N<\/td>\n<\/tr>\n<tr>\n<td width=\"175\">DP-102<\/td>\n<td width=\"169\">DP-101A-N-P<\/td>\n<\/tr>\n<tr>\n<td width=\"175\">DP-101A<\/td>\n<td width=\"169\">DP-102A-N<\/td>\n<\/tr>\n<tr>\n<td width=\"175\">DP-102A<\/td>\n<td width=\"169\">DP-102A-N-P<\/td>\n<\/tr>\n<tr>\n<td width=\"175\">DP-101-E-P<\/td>\n<td width=\"169\">DP-101-M<\/td>\n<\/tr>\n<tr>\n<td width=\"175\">DP-102-E-P<\/td>\n<td width=\"169\">DP-101-M-P<\/td>\n<\/tr>\n<tr>\n<td width=\"175\">DP-101A-E-P<\/td>\n<td width=\"169\">DP-102-M<\/td>\n<\/tr>\n<tr>\n<td width=\"175\">DP-102A-E-P<\/td>\n<td width=\"169\">DP-102-M-P<\/td>\n<\/tr>\n<tr>\n<td width=\"175\">DP-111-E-P-J<\/td>\n<td width=\"169\">DP-101A-M<\/td>\n<\/tr>\n<tr>\n<td width=\"175\">DP-112-E-P-J<\/td>\n<td width=\"169\">DP-101A-M-P<\/td>\n<\/tr>\n<tr>\n<td width=\"175\">DP-111A-E-P-J<\/td>\n<td width=\"169\">DP-102A-M<\/td>\n<\/tr>\n<tr>\n<td width=\"175\">DP-112A-E-P-J<\/td>\n<td width=\"169\">DP-102A-M-P<\/td>\n<\/tr>\n<tr>\n<td width=\"175\">DP-101-N<\/td>\n<td width=\"169\"><\/td>\n<\/tr>\n<tr>\n<td width=\"175\">DP-101-N-P<\/td>\n<td width=\"169\"><\/td>\n<\/tr>\n<tr>\n<td width=\"175\">DP-102-N<\/td>\n<td width=\"169\"><\/td>\n<\/tr>\n<tr>\n<td width=\"175\">DP-102-N-P<\/td>\n<\/tr>\n<\/tbody>\n<\/table>\n<p>&nbsp;<\/p>\n<p>\u0110\u1ea1i l\u00fd PANASONIC vietnam, PANASONIC viet nam, PANASONIC vietnam distributor, Ph\u00e2n ph\u1ed1i PANASONIC t\u1ea1i vi\u1ec7t nam<\/p>\n<p>\u0110\u1ea1i l\u00fd PANASONIC vietnam, PANASONIC viet nam, PANASONIC vietnam distributor, Ph\u00e2n ph\u1ed1i PANASONIC t\u1ea1i vi\u1ec7t nam<\/p>\n<p>\u0110\u1ea1i l\u00fd PANASONIC vietnam, PANASONIC viet nam, PANASONIC vietnam distributor, Ph\u00e2n ph\u1ed1i PANASONIC t\u1ea1i vi\u1ec7t nam<\/p>\n<p>\u0110\u1ea1i l\u00fd PANASONIC vietnam, PANASONIC viet nam, PANASONIC vietnam distributor, Ph\u00e2n ph\u1ed1i PANASONIC t\u1ea1i vi\u1ec7t nam<\/p>\n<p>\u0110\u1ea1i l\u00fd PANASONIC vietnam, PANASONIC viet nam, PANASONIC vietnam distributor, Ph\u00e2n ph\u1ed1i PANASONIC t\u1ea1i vi\u1ec7t nam<\/p>\n","protected":false},"excerpt":{"rendered":"<p>PANASONIC DP-102-E-P CN-14A Connector CN-14A-C1 Connector-attached cable CN-14A-C2 Connector-attached cable CN-14A-C3 Connector-attached cable Th\u00f4ng s\u1ed1 k\u1ef9 thu\u1eadt: Lo\u1ea1i \u00e1p su\u1ea5t M\u00e1y \u0111o \u00e1p su\u1ea5t D\u1ea3i \u00e1p su\u1ea5t \u0111\u1ecbnh m\u1ee9c -0,100 \u0111\u1ebfn +1,000 MPa \u0110\u1eb7t ph\u1ea1m vi \u00e1p su\u1ea5t -0,101 \u0111\u1ebfn +1,010 MPa -101 \u0111\u1ebfn +1.010 kPa -1,03 \u0111\u1ebfn +10,30 kgf\/cm2&hellip; <\/p>\n","protected":false},"featured_media":1435,"comment_status":"open","ping_status":"closed","template":"","meta":[],"product_cat":[298],"product_tag":[88,86,87],"class_list":{"0":"post-1434","1":"product","2":"type-product","3":"status-publish","4":"has-post-thumbnail","6":"product_cat-panasonic","7":"product_tag-cam-bien","8":"product_tag-dai-ly-panasonic-viet-nam","9":"product_tag-panasonic-viet-nam","11":"first","12":"instock","13":"shipping-taxable","14":"product-type-simple"},"yoast_head":"<!-- This site is optimized with the Yoast SEO plugin v22.8 - https:\/\/yoast.com\/wordpress\/plugins\/seo\/ -->\n<title>PANASONIC DP-102-E-P - OMANI VI\u1ec6T NAM<\/title>\n<meta name=\"description\" content=\"PANASONIC DP-102-E-P Sensor\" \/>\n<meta name=\"robots\" content=\"index, follow, max-snippet:-1, max-image-preview:large, max-video-preview:-1\" \/>\n<link rel=\"canonical\" href=\"https:\/\/omanivietnam.com\/index.php\/san-pham\/panasonic-dp-102-e-p\/\" \/>\n<meta property=\"og:locale\" content=\"vi_VN\" \/>\n<meta property=\"og:type\" content=\"article\" \/>\n<meta property=\"og:title\" content=\"PANASONIC DP-102-E-P - OMANI VI\u1ec6T NAM\" \/>\n<meta property=\"og:description\" content=\"PANASONIC DP-102-E-P Sensor\" \/>\n<meta property=\"og:url\" content=\"https:\/\/omanivietnam.com\/index.php\/san-pham\/panasonic-dp-102-e-p\/\" \/>\n<meta property=\"og:site_name\" content=\"OMANI VI\u1ec6T NAM\" \/>\n<meta property=\"article:modified_time\" content=\"2025-08-21T13:54:06+00:00\" \/>\n<meta property=\"og:image\" content=\"https:\/\/omanivietnam.com\/wp-content\/uploads\/2024\/08\/DP-102-E-P.png\" \/>\n\t<meta property=\"og:image:width\" content=\"902\" \/>\n\t<meta property=\"og:image:height\" content=\"837\" \/>\n\t<meta property=\"og:image:type\" content=\"image\/png\" \/>\n<meta name=\"twitter:card\" content=\"summary_large_image\" \/>\n<meta name=\"twitter:label1\" content=\"\u01af\u1edbc t\u00ednh th\u1eddi gian \u0111\u1ecdc\" \/>\n\t<meta name=\"twitter:data1\" content=\"5 ph\u00fat\" \/>\n<script type=\"application\/ld+json\" class=\"yoast-schema-graph\">{\"@context\":\"https:\/\/schema.org\",\"@graph\":[{\"@type\":\"WebPage\",\"@id\":\"https:\/\/omanivietnam.com\/index.php\/san-pham\/panasonic-dp-102-e-p\/\",\"url\":\"https:\/\/omanivietnam.com\/index.php\/san-pham\/panasonic-dp-102-e-p\/\",\"name\":\"PANASONIC DP-102-E-P - OMANI VI\u1ec6T NAM\",\"isPartOf\":{\"@id\":\"https:\/\/omanivietnam.com\/#website\"},\"primaryImageOfPage\":{\"@id\":\"https:\/\/omanivietnam.com\/index.php\/san-pham\/panasonic-dp-102-e-p\/#primaryimage\"},\"image\":{\"@id\":\"https:\/\/omanivietnam.com\/index.php\/san-pham\/panasonic-dp-102-e-p\/#primaryimage\"},\"thumbnailUrl\":\"https:\/\/omanivietnam.com\/wp-content\/uploads\/2024\/08\/DP-102-E-P.png\",\"datePublished\":\"2024-08-12T22:55:16+00:00\",\"dateModified\":\"2025-08-21T13:54:06+00:00\",\"description\":\"PANASONIC DP-102-E-P Sensor\",\"breadcrumb\":{\"@id\":\"https:\/\/omanivietnam.com\/index.php\/san-pham\/panasonic-dp-102-e-p\/#breadcrumb\"},\"inLanguage\":\"vi\",\"potentialAction\":[{\"@type\":\"ReadAction\",\"target\":[\"https:\/\/omanivietnam.com\/index.php\/san-pham\/panasonic-dp-102-e-p\/\"]}]},{\"@type\":\"ImageObject\",\"inLanguage\":\"vi\",\"@id\":\"https:\/\/omanivietnam.com\/index.php\/san-pham\/panasonic-dp-102-e-p\/#primaryimage\",\"url\":\"https:\/\/omanivietnam.com\/wp-content\/uploads\/2024\/08\/DP-102-E-P.png\",\"contentUrl\":\"https:\/\/omanivietnam.com\/wp-content\/uploads\/2024\/08\/DP-102-E-P.png\",\"width\":902,\"height\":837},{\"@type\":\"BreadcrumbList\",\"@id\":\"https:\/\/omanivietnam.com\/index.php\/san-pham\/panasonic-dp-102-e-p\/#breadcrumb\",\"itemListElement\":[{\"@type\":\"ListItem\",\"position\":1,\"name\":\"Home\",\"item\":\"https:\/\/omanivietnam.com\/\"},{\"@type\":\"ListItem\",\"position\":2,\"name\":\"S\u1ea2N PH\u1ea8M\",\"item\":\"https:\/\/omanivietnam.com\/index.php\/cua-hang\/\"},{\"@type\":\"ListItem\",\"position\":3,\"name\":\"PANASONIC DP-102-E-P\"}]},{\"@type\":\"WebSite\",\"@id\":\"https:\/\/omanivietnam.com\/#website\",\"url\":\"https:\/\/omanivietnam.com\/\",\"name\":\"OMANI VI\u1ec6T NAM\",\"description\":\"Nh\u00e0 ph\u00e2n ph\u1ed1i thi\u1ebft b\u1ecb kh\u00ed n\u00e9n v\u00e0 thi\u1ebft b\u1ecb t\u1ef1 \u0111\u1ed9ng h\u00f3a trong c\u00f4ng nghi\u1ec7p\",\"publisher\":{\"@id\":\"https:\/\/omanivietnam.com\/#\/schema\/person\/0ad398a980dc3fd696111c2c5c8fa897\"},\"potentialAction\":[{\"@type\":\"SearchAction\",\"target\":{\"@type\":\"EntryPoint\",\"urlTemplate\":\"https:\/\/omanivietnam.com\/?s={search_term_string}\"},\"query-input\":\"required name=search_term_string\"}],\"inLanguage\":\"vi\"},{\"@type\":[\"Person\",\"Organization\"],\"@id\":\"https:\/\/omanivietnam.com\/#\/schema\/person\/0ad398a980dc3fd696111c2c5c8fa897\",\"name\":\"Nguy\u1ec5n V\u0103n Kh\u00e1nh\",\"image\":{\"@type\":\"ImageObject\",\"inLanguage\":\"vi\",\"@id\":\"https:\/\/omanivietnam.com\/#\/schema\/person\/image\/\",\"url\":\"https:\/\/omanivietnam.com\/wp-content\/uploads\/2024\/06\/logo-1024x1024.png\",\"contentUrl\":\"https:\/\/omanivietnam.com\/wp-content\/uploads\/2024\/06\/logo-1024x1024.png\",\"width\":1024,\"height\":1024,\"caption\":\"Nguy\u1ec5n V\u0103n Kh\u00e1nh\"},\"logo\":{\"@id\":\"https:\/\/omanivietnam.com\/#\/schema\/person\/image\/\"},\"sameAs\":[\"https:\/\/omanivietnam.com\"]}]}<\/script>\n<!-- \/ Yoast SEO plugin. -->","yoast_head_json":{"title":"PANASONIC DP-102-E-P - OMANI VI\u1ec6T NAM","description":"PANASONIC DP-102-E-P Sensor","robots":{"index":"index","follow":"follow","max-snippet":"max-snippet:-1","max-image-preview":"max-image-preview:large","max-video-preview":"max-video-preview:-1"},"canonical":"https:\/\/omanivietnam.com\/index.php\/san-pham\/panasonic-dp-102-e-p\/","og_locale":"vi_VN","og_type":"article","og_title":"PANASONIC DP-102-E-P - OMANI VI\u1ec6T NAM","og_description":"PANASONIC DP-102-E-P Sensor","og_url":"https:\/\/omanivietnam.com\/index.php\/san-pham\/panasonic-dp-102-e-p\/","og_site_name":"OMANI VI\u1ec6T NAM","article_modified_time":"2025-08-21T13:54:06+00:00","og_image":[{"width":902,"height":837,"url":"https:\/\/omanivietnam.com\/wp-content\/uploads\/2024\/08\/DP-102-E-P.png","type":"image\/png"}],"twitter_card":"summary_large_image","twitter_misc":{"\u01af\u1edbc t\u00ednh th\u1eddi gian \u0111\u1ecdc":"5 ph\u00fat"},"schema":{"@context":"https:\/\/schema.org","@graph":[{"@type":"WebPage","@id":"https:\/\/omanivietnam.com\/index.php\/san-pham\/panasonic-dp-102-e-p\/","url":"https:\/\/omanivietnam.com\/index.php\/san-pham\/panasonic-dp-102-e-p\/","name":"PANASONIC DP-102-E-P - OMANI VI\u1ec6T NAM","isPartOf":{"@id":"https:\/\/omanivietnam.com\/#website"},"primaryImageOfPage":{"@id":"https:\/\/omanivietnam.com\/index.php\/san-pham\/panasonic-dp-102-e-p\/#primaryimage"},"image":{"@id":"https:\/\/omanivietnam.com\/index.php\/san-pham\/panasonic-dp-102-e-p\/#primaryimage"},"thumbnailUrl":"https:\/\/omanivietnam.com\/wp-content\/uploads\/2024\/08\/DP-102-E-P.png","datePublished":"2024-08-12T22:55:16+00:00","dateModified":"2025-08-21T13:54:06+00:00","description":"PANASONIC DP-102-E-P Sensor","breadcrumb":{"@id":"https:\/\/omanivietnam.com\/index.php\/san-pham\/panasonic-dp-102-e-p\/#breadcrumb"},"inLanguage":"vi","potentialAction":[{"@type":"ReadAction","target":["https:\/\/omanivietnam.com\/index.php\/san-pham\/panasonic-dp-102-e-p\/"]}]},{"@type":"ImageObject","inLanguage":"vi","@id":"https:\/\/omanivietnam.com\/index.php\/san-pham\/panasonic-dp-102-e-p\/#primaryimage","url":"https:\/\/omanivietnam.com\/wp-content\/uploads\/2024\/08\/DP-102-E-P.png","contentUrl":"https:\/\/omanivietnam.com\/wp-content\/uploads\/2024\/08\/DP-102-E-P.png","width":902,"height":837},{"@type":"BreadcrumbList","@id":"https:\/\/omanivietnam.com\/index.php\/san-pham\/panasonic-dp-102-e-p\/#breadcrumb","itemListElement":[{"@type":"ListItem","position":1,"name":"Home","item":"https:\/\/omanivietnam.com\/"},{"@type":"ListItem","position":2,"name":"S\u1ea2N PH\u1ea8M","item":"https:\/\/omanivietnam.com\/index.php\/cua-hang\/"},{"@type":"ListItem","position":3,"name":"PANASONIC DP-102-E-P"}]},{"@type":"WebSite","@id":"https:\/\/omanivietnam.com\/#website","url":"https:\/\/omanivietnam.com\/","name":"OMANI VI\u1ec6T NAM","description":"Nh\u00e0 ph\u00e2n ph\u1ed1i thi\u1ebft b\u1ecb kh\u00ed n\u00e9n v\u00e0 thi\u1ebft b\u1ecb t\u1ef1 \u0111\u1ed9ng h\u00f3a trong c\u00f4ng nghi\u1ec7p","publisher":{"@id":"https:\/\/omanivietnam.com\/#\/schema\/person\/0ad398a980dc3fd696111c2c5c8fa897"},"potentialAction":[{"@type":"SearchAction","target":{"@type":"EntryPoint","urlTemplate":"https:\/\/omanivietnam.com\/?s={search_term_string}"},"query-input":"required name=search_term_string"}],"inLanguage":"vi"},{"@type":["Person","Organization"],"@id":"https:\/\/omanivietnam.com\/#\/schema\/person\/0ad398a980dc3fd696111c2c5c8fa897","name":"Nguy\u1ec5n V\u0103n Kh\u00e1nh","image":{"@type":"ImageObject","inLanguage":"vi","@id":"https:\/\/omanivietnam.com\/#\/schema\/person\/image\/","url":"https:\/\/omanivietnam.com\/wp-content\/uploads\/2024\/06\/logo-1024x1024.png","contentUrl":"https:\/\/omanivietnam.com\/wp-content\/uploads\/2024\/06\/logo-1024x1024.png","width":1024,"height":1024,"caption":"Nguy\u1ec5n V\u0103n Kh\u00e1nh"},"logo":{"@id":"https:\/\/omanivietnam.com\/#\/schema\/person\/image\/"},"sameAs":["https:\/\/omanivietnam.com"]}]}},"_links":{"self":[{"href":"https:\/\/omanivietnam.com\/index.php\/wp-json\/wp\/v2\/product\/1434","targetHints":{"allow":["GET"]}}],"collection":[{"href":"https:\/\/omanivietnam.com\/index.php\/wp-json\/wp\/v2\/product"}],"about":[{"href":"https:\/\/omanivietnam.com\/index.php\/wp-json\/wp\/v2\/types\/product"}],"replies":[{"embeddable":true,"href":"https:\/\/omanivietnam.com\/index.php\/wp-json\/wp\/v2\/comments?post=1434"}],"wp:featuredmedia":[{"embeddable":true,"href":"https:\/\/omanivietnam.com\/index.php\/wp-json\/wp\/v2\/media\/1435"}],"wp:attachment":[{"href":"https:\/\/omanivietnam.com\/index.php\/wp-json\/wp\/v2\/media?parent=1434"}],"wp:term":[{"taxonomy":"product_cat","embeddable":true,"href":"https:\/\/omanivietnam.com\/index.php\/wp-json\/wp\/v2\/product_cat?post=1434"},{"taxonomy":"product_tag","embeddable":true,"href":"https:\/\/omanivietnam.com\/index.php\/wp-json\/wp\/v2\/product_tag?post=1434"}],"curies":[{"name":"wp","href":"https:\/\/api.w.org\/{rel}","templated":true}]}}