{"id":1443,"date":"2024-08-15T05:33:51","date_gmt":"2024-08-14T22:33:51","guid":{"rendered":"https:\/\/omanivietnam.com\/?post_type=product&#038;p=1443"},"modified":"2024-08-15T05:33:51","modified_gmt":"2024-08-14T22:33:51","slug":"carel-spkt0021co","status":"publish","type":"product","link":"https:\/\/omanivietnam.com\/index.php\/san-pham\/carel-spkt0021co\/","title":{"rendered":"CAREL SPKT0021CO"},"content":{"rendered":"<p>CAREL SPKT0021CO<\/p>\n<p class=\"page-title\"><span class=\"base\" data-ui-id=\"page-title-wrapper\">Carel SPKT0021C0 Pressure Transducer<\/span><\/p>\n<p id=\"tab-label-product.info.description\" class=\"data item title\" role=\"tab\" data-role=\"title\" aria-controls=\"product.info.description\" aria-expanded=\"true\"><span id=\"tab-label-product.info.description-title\" class=\"data switch\" data-toggle=\"switch\">Overview<\/span><\/p>\n<div id=\"product.info.description\" class=\"data item content\" role=\"tabpanel\" data-role=\"content\" aria-labelledby=\"tab-label-product.info.description\" aria-hidden=\"false\">\n<div class=\"product attribute description\">\n<div class=\"value\">\n<div data-content-type=\"html\" data-appearance=\"default\" data-element=\"main\" data-decoded=\"true\">Pressure Transducer, C Female Series, -8 to 100 psi, -0.5 to 7 bar<\/div>\n<div data-content-type=\"html\" data-appearance=\"default\" data-element=\"main\" data-decoded=\"true\"><\/div>\n<\/div>\n<\/div>\n<div data-content-type=\"html\" data-appearance=\"default\" data-element=\"main\" data-decoded=\"true\">\n<p id=\"tab-label-product.attributes\" class=\"data item title\" role=\"tab\" data-role=\"title\" aria-controls=\"product.attributes\" aria-expanded=\"true\"><span id=\"tab-label-product.attributes-title\" class=\"data switch\" data-toggle=\"switch\">Specifications<\/span><\/p>\n<div id=\"product.attributes\" class=\"data item content\" role=\"tabpanel\" data-role=\"content\" aria-labelledby=\"tab-label-product.attributes\" aria-hidden=\"false\">\n<div class=\"additional-attributes-wrapper table-wrapper\">\n<table id=\"product-attribute-specs-table\" class=\"data table additional-attributes\">\n<caption class=\"table-caption\">More Information<\/caption>\n<tbody>\n<tr>\n<th class=\"col label\" scope=\"row\">Manufacturer<\/th>\n<td class=\"col data\" data-th=\"Manufacturer\">Carel<\/td>\n<\/tr>\n<tr>\n<th class=\"col label\" scope=\"row\">Product Type<\/th>\n<td class=\"col data\" data-th=\"Product Type\">Refrigeration<\/td>\n<\/tr>\n<tr>\n<th class=\"col label\" scope=\"row\">Product Length<\/th>\n<td class=\"col data\" data-th=\"Product Length\">2.2 inches (5.588 cm)<\/td>\n<\/tr>\n<tr>\n<th class=\"col label\" scope=\"row\">Product Width<\/th>\n<td class=\"col data\" data-th=\"Product Width\">0.6 inches (1.524 cm)<\/td>\n<\/tr>\n<tr>\n<th class=\"col label\" scope=\"row\">Product Height<\/th>\n<td class=\"col data\" data-th=\"Product Height\">0.6 inches (1.524 cm)<\/td>\n<\/tr>\n<tr>\n<th class=\"col label\" scope=\"row\">Product Weight<\/th>\n<td class=\"col data\" data-th=\"Product Weight\">0.05 lbs (0.023 kg)<\/td>\n<\/tr>\n<tr>\n<th class=\"col label\" scope=\"row\">Country of Manufacture<\/th>\n<td class=\"col data\" data-th=\"Country of Manufacture\">Italy<\/td>\n<\/tr>\n<tr>\n<th class=\"col label\" scope=\"row\">Schedule B Number<\/th>\n<td class=\"col data\" data-th=\"Schedule B Number\">9026.90.6000<\/td>\n<\/tr>\n<tr>\n<th class=\"col label\" scope=\"row\">Shipping Length<\/th>\n<td class=\"col data\" data-th=\"Shipping Length\">4.25 inches (10.795 cm)<\/td>\n<\/tr>\n<tr>\n<th class=\"col label\" scope=\"row\">Shipping Width<\/th>\n<td class=\"col data\" data-th=\"Shipping Width\">3.8 inches (9.652 cm)<\/td>\n<\/tr>\n<tr>\n<th class=\"col label\" scope=\"row\">Shipping Height<\/th>\n<td class=\"col data\" data-th=\"Shipping Height\">0.75 inches (1.905 cm)<\/td>\n<\/tr>\n<\/tbody>\n<\/table>\n<\/div>\n<p>C\u00e1c s\u1ea3n ph\u1ea9m t\u01b0\u01a1ng t\u1ef1<\/p>\n<p><span class=\"base\" data-ui-id=\"page-title-wrapper\">Carel SPKT0021C0 Pressure Transducer<\/span><\/p>\n<p class=\"page-title\"><span class=\"base\" data-ui-id=\"page-title-wrapper\">Carel SPKT0011C0 Pressure Transducer<\/span><\/p>\n<p class=\"page-title\"><span class=\"base\" data-ui-id=\"page-title-wrapper\">Carel SPKT0041C0 Pressure Transducer<\/span><\/p>\n<p class=\"page-title\"><span class=\"base\" data-ui-id=\"page-title-wrapper\">Carel SPKT0031C0 Pressure Transducer<\/span><\/p>\n<p class=\"page-title\"><span class=\"base\" data-ui-id=\"page-title-wrapper\">Carel SPKT00B1C0 Pressure Transducer<\/span><\/p>\n<p class=\"page-title\"><span class=\"base\" data-ui-id=\"page-title-wrapper\">Carel SPKT00G1C0 Pressure Transducer<\/span><\/p>\n<\/div>\n<p>SPKT0021CO. SPKTOOF1S0. SPKTOOB6P0. SPKT0051S0. SPKT0033RO. SPKT0021C3. SPKTOOF3PO. SPKT00B6RO. SPKT0053PO. SPKT0033R1. SPKT0021DO. SPKTOOF3RO<\/p>\n<\/div>\n<p>\u0110\u1ea1i l\u00fd CAREL vietnam, CAREL viet nam, CAREL vietnam distributor, Ph\u00e2n ph\u1ed1i CAREL t\u1ea1i vi\u1ec7t nam<\/p>\n<p>\u0110\u1ea1i l\u00fd CAREL vietnam, CAREL viet nam, CAREL vietnam distributor, Ph\u00e2n ph\u1ed1i CAREL t\u1ea1i vi\u1ec7t nam<\/p>\n<p>\u0110\u1ea1i l\u00fd CAREL vietnam, CAREL viet nam, CAREL vietnam distributor, Ph\u00e2n ph\u1ed1i CAREL t\u1ea1i vi\u1ec7t nam<\/p>\n<p>\u0110\u1ea1i l\u00fd CAREL vietnam, CAREL viet nam, CAREL vietnam distributor, Ph\u00e2n ph\u1ed1i CAREL t\u1ea1i vi\u1ec7t nam<\/p>\n<p>\u0110\u1ea1i l\u00fd CAREL vietnam, CAREL viet nam, CAREL vietnam distributor, Ph\u00e2n ph\u1ed1i CAREL t\u1ea1i vi\u1ec7t nam<\/p>\n<\/div>\n","protected":false},"excerpt":{"rendered":"<p>CAREL SPKT0021CO Carel SPKT0021C0 Pressure Transducer Overview Pressure Transducer, C Female Series, -8 to 100 psi, -0.5 to 7 bar Specifications More Information Manufacturer Carel Product Type Refrigeration Product Length 2.2 inches (5.588 cm) Product Width 0.6 inches (1.524 cm) Product Height 0.6 inches (1.524 cm) Product Weight 0.05 lbs&hellip; <\/p>\n","protected":false},"featured_media":1444,"comment_status":"open","ping_status":"closed","template":"","meta":[],"product_cat":[382],"product_tag":[88,383,384],"class_list":{"0":"post-1443","1":"product","2":"type-product","3":"status-publish","4":"has-post-thumbnail","6":"product_cat-carel","7":"product_tag-cam-bien","8":"product_tag-carel-viet-nam","9":"product_tag-dai-ly-carel-viet-nam","11":"first","12":"instock","13":"shipping-taxable","14":"product-type-simple"},"yoast_head":"<!-- This site is optimized with the Yoast SEO plugin v22.8 - https:\/\/yoast.com\/wordpress\/plugins\/seo\/ -->\n<title>CAREL SPKT0021CO - OMANI VI\u1ec6T NAM<\/title>\n<meta name=\"robots\" content=\"index, follow, max-snippet:-1, max-image-preview:large, max-video-preview:-1\" \/>\n<link rel=\"canonical\" href=\"https:\/\/omanivietnam.com\/index.php\/san-pham\/carel-spkt0021co\/\" \/>\n<meta property=\"og:locale\" content=\"vi_VN\" \/>\n<meta property=\"og:type\" content=\"article\" \/>\n<meta property=\"og:title\" content=\"CAREL SPKT0021CO - OMANI VI\u1ec6T NAM\" \/>\n<meta property=\"og:description\" content=\"CAREL SPKT0021CO Carel SPKT0021C0 Pressure Transducer Overview Pressure Transducer, C Female Series, -8 to 100 psi, -0.5 to 7 bar Specifications More Information Manufacturer Carel Product Type Refrigeration Product Length 2.2 inches (5.588 cm) Product Width 0.6 inches (1.524 cm) Product Height 0.6 inches (1.524 cm) Product Weight 0.05 lbs&hellip;\" \/>\n<meta property=\"og:url\" content=\"https:\/\/omanivietnam.com\/index.php\/san-pham\/carel-spkt0021co\/\" \/>\n<meta property=\"og:site_name\" content=\"OMANI VI\u1ec6T NAM\" \/>\n<meta property=\"og:image\" content=\"https:\/\/omanivietnam.com\/wp-content\/uploads\/2024\/08\/SPKT0021C0.png\" \/>\n\t<meta property=\"og:image:width\" content=\"447\" \/>\n\t<meta property=\"og:image:height\" content=\"442\" \/>\n\t<meta property=\"og:image:type\" content=\"image\/png\" \/>\n<meta name=\"twitter:card\" content=\"summary_large_image\" \/>\n<meta name=\"twitter:label1\" content=\"\u01af\u1edbc t\u00ednh th\u1eddi gian \u0111\u1ecdc\" \/>\n\t<meta name=\"twitter:data1\" content=\"2 ph\u00fat\" \/>\n<script type=\"application\/ld+json\" class=\"yoast-schema-graph\">{\"@context\":\"https:\/\/schema.org\",\"@graph\":[{\"@type\":\"WebPage\",\"@id\":\"https:\/\/omanivietnam.com\/index.php\/san-pham\/carel-spkt0021co\/\",\"url\":\"https:\/\/omanivietnam.com\/index.php\/san-pham\/carel-spkt0021co\/\",\"name\":\"CAREL SPKT0021CO - OMANI VI\u1ec6T NAM\",\"isPartOf\":{\"@id\":\"https:\/\/omanivietnam.com\/#website\"},\"primaryImageOfPage\":{\"@id\":\"https:\/\/omanivietnam.com\/index.php\/san-pham\/carel-spkt0021co\/#primaryimage\"},\"image\":{\"@id\":\"https:\/\/omanivietnam.com\/index.php\/san-pham\/carel-spkt0021co\/#primaryimage\"},\"thumbnailUrl\":\"https:\/\/omanivietnam.com\/wp-content\/uploads\/2024\/08\/SPKT0021C0.png\",\"datePublished\":\"2024-08-14T22:33:51+00:00\",\"dateModified\":\"2024-08-14T22:33:51+00:00\",\"breadcrumb\":{\"@id\":\"https:\/\/omanivietnam.com\/index.php\/san-pham\/carel-spkt0021co\/#breadcrumb\"},\"inLanguage\":\"vi\",\"potentialAction\":[{\"@type\":\"ReadAction\",\"target\":[\"https:\/\/omanivietnam.com\/index.php\/san-pham\/carel-spkt0021co\/\"]}]},{\"@type\":\"ImageObject\",\"inLanguage\":\"vi\",\"@id\":\"https:\/\/omanivietnam.com\/index.php\/san-pham\/carel-spkt0021co\/#primaryimage\",\"url\":\"https:\/\/omanivietnam.com\/wp-content\/uploads\/2024\/08\/SPKT0021C0.png\",\"contentUrl\":\"https:\/\/omanivietnam.com\/wp-content\/uploads\/2024\/08\/SPKT0021C0.png\",\"width\":447,\"height\":442},{\"@type\":\"BreadcrumbList\",\"@id\":\"https:\/\/omanivietnam.com\/index.php\/san-pham\/carel-spkt0021co\/#breadcrumb\",\"itemListElement\":[{\"@type\":\"ListItem\",\"position\":1,\"name\":\"Home\",\"item\":\"https:\/\/omanivietnam.com\/\"},{\"@type\":\"ListItem\",\"position\":2,\"name\":\"S\u1ea2N PH\u1ea8M\",\"item\":\"https:\/\/omanivietnam.com\/index.php\/cua-hang\/\"},{\"@type\":\"ListItem\",\"position\":3,\"name\":\"CAREL SPKT0021CO\"}]},{\"@type\":\"WebSite\",\"@id\":\"https:\/\/omanivietnam.com\/#website\",\"url\":\"https:\/\/omanivietnam.com\/\",\"name\":\"OMANI VI\u1ec6T NAM\",\"description\":\"Nh\u00e0 ph\u00e2n ph\u1ed1i thi\u1ebft b\u1ecb kh\u00ed n\u00e9n v\u00e0 thi\u1ebft b\u1ecb t\u1ef1 \u0111\u1ed9ng h\u00f3a trong c\u00f4ng nghi\u1ec7p\",\"publisher\":{\"@id\":\"https:\/\/omanivietnam.com\/#\/schema\/person\/0ad398a980dc3fd696111c2c5c8fa897\"},\"potentialAction\":[{\"@type\":\"SearchAction\",\"target\":{\"@type\":\"EntryPoint\",\"urlTemplate\":\"https:\/\/omanivietnam.com\/?s={search_term_string}\"},\"query-input\":\"required name=search_term_string\"}],\"inLanguage\":\"vi\"},{\"@type\":[\"Person\",\"Organization\"],\"@id\":\"https:\/\/omanivietnam.com\/#\/schema\/person\/0ad398a980dc3fd696111c2c5c8fa897\",\"name\":\"Nguy\u1ec5n V\u0103n Kh\u00e1nh\",\"image\":{\"@type\":\"ImageObject\",\"inLanguage\":\"vi\",\"@id\":\"https:\/\/omanivietnam.com\/#\/schema\/person\/image\/\",\"url\":\"https:\/\/omanivietnam.com\/wp-content\/uploads\/2024\/06\/logo-1024x1024.png\",\"contentUrl\":\"https:\/\/omanivietnam.com\/wp-content\/uploads\/2024\/06\/logo-1024x1024.png\",\"width\":1024,\"height\":1024,\"caption\":\"Nguy\u1ec5n V\u0103n Kh\u00e1nh\"},\"logo\":{\"@id\":\"https:\/\/omanivietnam.com\/#\/schema\/person\/image\/\"},\"sameAs\":[\"https:\/\/omanivietnam.com\"]}]}<\/script>\n<!-- \/ Yoast SEO plugin. -->","yoast_head_json":{"title":"CAREL SPKT0021CO - OMANI VI\u1ec6T NAM","robots":{"index":"index","follow":"follow","max-snippet":"max-snippet:-1","max-image-preview":"max-image-preview:large","max-video-preview":"max-video-preview:-1"},"canonical":"https:\/\/omanivietnam.com\/index.php\/san-pham\/carel-spkt0021co\/","og_locale":"vi_VN","og_type":"article","og_title":"CAREL SPKT0021CO - OMANI VI\u1ec6T NAM","og_description":"CAREL SPKT0021CO Carel SPKT0021C0 Pressure Transducer Overview Pressure Transducer, C Female Series, -8 to 100 psi, -0.5 to 7 bar Specifications More Information Manufacturer Carel Product Type Refrigeration Product Length 2.2 inches (5.588 cm) Product Width 0.6 inches (1.524 cm) Product Height 0.6 inches (1.524 cm) Product Weight 0.05 lbs&hellip;","og_url":"https:\/\/omanivietnam.com\/index.php\/san-pham\/carel-spkt0021co\/","og_site_name":"OMANI VI\u1ec6T NAM","og_image":[{"width":447,"height":442,"url":"https:\/\/omanivietnam.com\/wp-content\/uploads\/2024\/08\/SPKT0021C0.png","type":"image\/png"}],"twitter_card":"summary_large_image","twitter_misc":{"\u01af\u1edbc t\u00ednh th\u1eddi gian \u0111\u1ecdc":"2 ph\u00fat"},"schema":{"@context":"https:\/\/schema.org","@graph":[{"@type":"WebPage","@id":"https:\/\/omanivietnam.com\/index.php\/san-pham\/carel-spkt0021co\/","url":"https:\/\/omanivietnam.com\/index.php\/san-pham\/carel-spkt0021co\/","name":"CAREL SPKT0021CO - OMANI VI\u1ec6T NAM","isPartOf":{"@id":"https:\/\/omanivietnam.com\/#website"},"primaryImageOfPage":{"@id":"https:\/\/omanivietnam.com\/index.php\/san-pham\/carel-spkt0021co\/#primaryimage"},"image":{"@id":"https:\/\/omanivietnam.com\/index.php\/san-pham\/carel-spkt0021co\/#primaryimage"},"thumbnailUrl":"https:\/\/omanivietnam.com\/wp-content\/uploads\/2024\/08\/SPKT0021C0.png","datePublished":"2024-08-14T22:33:51+00:00","dateModified":"2024-08-14T22:33:51+00:00","breadcrumb":{"@id":"https:\/\/omanivietnam.com\/index.php\/san-pham\/carel-spkt0021co\/#breadcrumb"},"inLanguage":"vi","potentialAction":[{"@type":"ReadAction","target":["https:\/\/omanivietnam.com\/index.php\/san-pham\/carel-spkt0021co\/"]}]},{"@type":"ImageObject","inLanguage":"vi","@id":"https:\/\/omanivietnam.com\/index.php\/san-pham\/carel-spkt0021co\/#primaryimage","url":"https:\/\/omanivietnam.com\/wp-content\/uploads\/2024\/08\/SPKT0021C0.png","contentUrl":"https:\/\/omanivietnam.com\/wp-content\/uploads\/2024\/08\/SPKT0021C0.png","width":447,"height":442},{"@type":"BreadcrumbList","@id":"https:\/\/omanivietnam.com\/index.php\/san-pham\/carel-spkt0021co\/#breadcrumb","itemListElement":[{"@type":"ListItem","position":1,"name":"Home","item":"https:\/\/omanivietnam.com\/"},{"@type":"ListItem","position":2,"name":"S\u1ea2N PH\u1ea8M","item":"https:\/\/omanivietnam.com\/index.php\/cua-hang\/"},{"@type":"ListItem","position":3,"name":"CAREL SPKT0021CO"}]},{"@type":"WebSite","@id":"https:\/\/omanivietnam.com\/#website","url":"https:\/\/omanivietnam.com\/","name":"OMANI VI\u1ec6T NAM","description":"Nh\u00e0 ph\u00e2n ph\u1ed1i thi\u1ebft b\u1ecb kh\u00ed n\u00e9n v\u00e0 thi\u1ebft b\u1ecb t\u1ef1 \u0111\u1ed9ng h\u00f3a trong c\u00f4ng nghi\u1ec7p","publisher":{"@id":"https:\/\/omanivietnam.com\/#\/schema\/person\/0ad398a980dc3fd696111c2c5c8fa897"},"potentialAction":[{"@type":"SearchAction","target":{"@type":"EntryPoint","urlTemplate":"https:\/\/omanivietnam.com\/?s={search_term_string}"},"query-input":"required name=search_term_string"}],"inLanguage":"vi"},{"@type":["Person","Organization"],"@id":"https:\/\/omanivietnam.com\/#\/schema\/person\/0ad398a980dc3fd696111c2c5c8fa897","name":"Nguy\u1ec5n V\u0103n Kh\u00e1nh","image":{"@type":"ImageObject","inLanguage":"vi","@id":"https:\/\/omanivietnam.com\/#\/schema\/person\/image\/","url":"https:\/\/omanivietnam.com\/wp-content\/uploads\/2024\/06\/logo-1024x1024.png","contentUrl":"https:\/\/omanivietnam.com\/wp-content\/uploads\/2024\/06\/logo-1024x1024.png","width":1024,"height":1024,"caption":"Nguy\u1ec5n V\u0103n Kh\u00e1nh"},"logo":{"@id":"https:\/\/omanivietnam.com\/#\/schema\/person\/image\/"},"sameAs":["https:\/\/omanivietnam.com"]}]}},"_links":{"self":[{"href":"https:\/\/omanivietnam.com\/index.php\/wp-json\/wp\/v2\/product\/1443","targetHints":{"allow":["GET"]}}],"collection":[{"href":"https:\/\/omanivietnam.com\/index.php\/wp-json\/wp\/v2\/product"}],"about":[{"href":"https:\/\/omanivietnam.com\/index.php\/wp-json\/wp\/v2\/types\/product"}],"replies":[{"embeddable":true,"href":"https:\/\/omanivietnam.com\/index.php\/wp-json\/wp\/v2\/comments?post=1443"}],"wp:featuredmedia":[{"embeddable":true,"href":"https:\/\/omanivietnam.com\/index.php\/wp-json\/wp\/v2\/media\/1444"}],"wp:attachment":[{"href":"https:\/\/omanivietnam.com\/index.php\/wp-json\/wp\/v2\/media?parent=1443"}],"wp:term":[{"taxonomy":"product_cat","embeddable":true,"href":"https:\/\/omanivietnam.com\/index.php\/wp-json\/wp\/v2\/product_cat?post=1443"},{"taxonomy":"product_tag","embeddable":true,"href":"https:\/\/omanivietnam.com\/index.php\/wp-json\/wp\/v2\/product_tag?post=1443"}],"curies":[{"name":"wp","href":"https:\/\/api.w.org\/{rel}","templated":true}]}}