{"id":1461,"date":"2024-08-16T21:55:58","date_gmt":"2024-08-16T14:55:58","guid":{"rendered":"https:\/\/omanivietnam.com\/?post_type=product&#038;p=1461"},"modified":"2024-08-16T21:55:58","modified_gmt":"2024-08-16T14:55:58","slug":"autonics-fx4s-1p2","status":"publish","type":"product","link":"https:\/\/omanivietnam.com\/index.php\/san-pham\/autonics-fx4s-1p2\/","title":{"rendered":"AUTONICS FX4S-1P2"},"content":{"rendered":"<p>AUTONICS FX4S-1P2<\/p>\n<div class=\"title-box\">\n<p class=\"title f-titi-rgr fc0\">FX4S-1P2<\/p>\n<\/div>\n<ul class=\"dot-list\">\n<li class=\"modl-mainSfe\">Ph\u01b0\u01a1ng ph\u00e1p hi\u1ec3n th\u1ecb : LED 7 \u0111o\u1ea1n 4 s\u1ed1<\/li>\n<li class=\"modl-mainSfe\">Ph\u01b0\u01a1ng th\u1ee9c ho\u1ea1t \u0111\u1ed9ng : B\u1ed9 \u0111\u1ebfm: \u0110\u1ebfm xu\u00f4i, \u0111\u1ebfm ng\u01b0\u1ee3c, \u0111\u1ebfm xu\u00f4i\/ng\u01b0\u1ee3c<br \/>\nB\u1ed9 \u0111\u1ecbnh th\u1eddi: \u0110\u1ebfm xu\u00f4i, \u0110\u1ebfm ng\u01b0\u1ee3c<\/li>\n<li class=\"modl-mainSfe\">Terminal : Terminal block<\/li>\n<li class=\"modl-mainSfe\">Ho\u1ea1t \u0111\u1ed9ng ng\u00f5 ra : POWER ON DELAY, FLICKER<\/li>\n<li class=\"modl-mainSfe\">Ngu\u1ed3n c\u1ea5p : 24VAC~ 50\/60Hz, 24-48VDC\u00a0<img decoding=\"async\" class=\"specialstring\" src=\"https:\/\/www.autonics.com\/images\/special\/EQ.svg\" \/><\/li>\n<li class=\"modl-mainSfe\">Ng\u00f5 ra \u0111i\u1ec1u khi\u1ec3n_Relay : SPDT (1c): 1<\/li>\n<li class=\"modl-mainSfe\">C\u1ea5u tr\u00fac b\u1ea3o v\u1ec7 : IP20(b\u1ea3ng \u0111i\u1ec1u khi\u1ec3n ph\u00eda tr\u01b0\u1edbc)<\/li>\n<\/ul>\n<table class=\"table table-m-row1\">\n<tbody>\n<tr>\n<th class=\"col-3 bg4\" scope=\"row\">Ph\u01b0\u01a1ng ph\u00e1p hi\u1ec3n th\u1ecb<\/th>\n<td class=\"col-9\">LED 7 \u0111o\u1ea1n 4 s\u1ed1<\/td>\n<\/tr>\n<tr>\n<th class=\"col-3 bg4\" scope=\"row\">Ph\u01b0\u01a1ng th\u1ee9c ho\u1ea1t \u0111\u1ed9ng<\/th>\n<td class=\"col-9\">B\u1ed9 \u0111\u1ebfm: \u0110\u1ebfm xu\u00f4i, \u0111\u1ebfm ng\u01b0\u1ee3c, \u0111\u1ebfm xu\u00f4i\/ng\u01b0\u1ee3c<br \/>\nB\u1ed9 \u0111\u1ecbnh th\u1eddi: \u0110\u1ebfm xu\u00f4i, \u0110\u1ebfm ng\u01b0\u1ee3c<\/td>\n<\/tr>\n<tr>\n<th class=\"col-3 bg4\" scope=\"row\">Terminal<\/th>\n<td class=\"col-9\">Terminal block<\/td>\n<\/tr>\n<tr>\n<th class=\"col-3 bg4\" scope=\"row\">Ho\u1ea1t \u0111\u1ed9ng ng\u00f5 ra<\/th>\n<td class=\"col-9\">POWER ON DELAY, FLICKER<\/td>\n<\/tr>\n<tr>\n<th class=\"col-3 bg4\" scope=\"row\">Ngu\u1ed3n c\u1ea5p<\/th>\n<td class=\"col-9\">24VAC~ 50\/60Hz, 24-48VDC\u00a0<img decoding=\"async\" class=\"specialstring\" src=\"https:\/\/www.autonics.com\/images\/special\/EQ.svg\" \/><\/td>\n<\/tr>\n<tr>\n<th class=\"col-3 bg4\" scope=\"row\">Th\u1eddi gian ho\u1ea1t \u0111\u1ed9ng<\/th>\n<td class=\"col-9\">POWER ON START<\/td>\n<\/tr>\n<tr>\n<th class=\"col-3 bg4\" scope=\"row\">Ngu\u1ed3n c\u1ea5p b\u00ean ngo\u00e0i<\/th>\n<td class=\"col-9\">Max. 12VDC\u00a0<img decoding=\"async\" class=\"specialstring\" src=\"https:\/\/www.autonics.com\/images\/special\/EQ.svg\" \/>\u00a0\u00b110% 50mA<\/td>\n<\/tr>\n<tr>\n<th class=\"col-3 bg4\" scope=\"row\">Ph\u01b0\u01a1ng ph\u00e1p ng\u00f5 v\u00e0o t\u00edn hi\u1ec7u<\/th>\n<td class=\"col-9\">Ng\u00f5 v\u00e0o \u0111i\u1ec7n \u00e1p (PNP), Kh\u00f4ng c\u00f3 ng\u00f5 v\u00e0o \u0111i\u1ec7n \u00e1p (NPN)<\/td>\n<\/tr>\n<tr>\n<th class=\"col-3 bg4\" scope=\"row\">T\u1ed1c \u0111\u1ed9 \u0111\u1ebfm t\u1ed1i \u0111a<\/th>\n<td class=\"col-9\">1, 30, 2k, 5k [cps]<\/td>\n<\/tr>\n<tr>\n<th class=\"col-3 bg4\" scope=\"row\">\u0110\u1ed9 r\u1ed9ng t\u00edn hi\u1ec7u t\u1ed1i thi\u1ec3u<\/th>\n<td class=\"col-9\">20ms<\/td>\n<\/tr>\n<tr>\n<th class=\"col-3 bg4\" scope=\"row\">B\u1ea3o v\u1ec7 b\u1ed9 nh\u1edb<\/th>\n<td class=\"col-9\">X\u1ea5p x\u1ec9 10 n\u0103m<\/td>\n<\/tr>\n<tr>\n<th class=\"col-3 bg4\" scope=\"row\">D\u1ea3i c\u00e0i \u0111\u1eb7t<\/th>\n<td class=\"col-9\">0.01 gi\u00e2y \u0111\u1ebfn 99.99 gi\u00e2y, 0.1 gi\u00e2y \u0111\u1ebfn 999.9 gi\u00e2y, 1 gi\u00e2y \u0111\u1ebfn 9999 gi\u00e2y, 1 gi\u00e2y \u0111\u1ebfn 99 ph\u00fat 59 gi\u00e2y, 0.1 ph\u00fat \u0111\u1ebfn 999.9 ph\u00fat, 1 ph\u00fat \u0111\u1ebfn 99 gi\u1edd 59 ph\u00fat, 0.1 gi\u1edd \u0111\u1ebfn 999.9 gi\u1edd, 1 gi\u1edd \u0111\u1ebfn 9999 gi\u1edd<\/td>\n<\/tr>\n<tr>\n<th class=\"col-3 bg4\" scope=\"row\">Ng\u00f5 ra \u0111i\u1ec1u khi\u1ec3n_Lo\u1ea1i<\/th>\n<td class=\"col-9\">1 b\u01b0\u1edbc preset<\/td>\n<\/tr>\n<tr>\n<th class=\"col-3 bg4\" scope=\"row\">Ng\u00f5 ra \u0111i\u1ec1u khi\u1ec3n_Relay<\/th>\n<td class=\"col-9\">SPDT (1c): 1<\/td>\n<\/tr>\n<tr>\n<th class=\"col-3 bg4\" scope=\"row\">Ng\u00f5 ra \u0111i\u1ec1u khi\u1ec3n_NPN m\u1ea1ch thu h\u1edf<\/th>\n<td class=\"col-9\">1<\/td>\n<\/tr>\n<tr>\n<th class=\"col-3 bg4\" scope=\"row\">C\u1ea5u tr\u00fac b\u1ea3o v\u1ec7<\/th>\n<td class=\"col-9\">IP20(b\u1ea3ng \u0111i\u1ec1u khi\u1ec3n ph\u00eda tr\u01b0\u1edbc)<\/td>\n<\/tr>\n<tr>\n<th class=\"col-3 bg4\" scope=\"row\">M\u00f4i tr\u01b0\u1eddng_Nhi\u1ec7t \u0111\u1ed9 xung quanh<\/th>\n<td class=\"col-9\">-10 \u0111\u1ebfn 55\u2103, b\u1ea3o qu\u1ea3n: -25 \u0111\u1ebfn 65\u2103<\/td>\n<\/tr>\n<tr>\n<th class=\"col-3 bg4\" scope=\"row\">M\u00f4i tr\u01b0\u1eddng_\u0110\u1ed9 \u1ea9m xung quanh<\/th>\n<td class=\"col-9\">35 \u0111\u1ebfn 85%RH, b\u1ea3o qu\u1ea3n : 35 \u0111\u1ebfn 85%RH<\/td>\n<\/tr>\n<tr>\n<th class=\"col-3 bg4\" scope=\"row\">Tr\u1ecdng l\u01b0\u1ee3ng<\/th>\n<td class=\"col-9\">X\u1ea5p x\u1ec9 171g (X\u1ea5p x\u1ec9 110g)<\/td>\n<\/tr>\n<\/tbody>\n<\/table>\n<p>&nbsp;<\/p>\n<p>\u0110\u1ea1i l\u00fd AUTONICS vietnam, AUTONICS viet nam, AUTONICS vietnam distributor, Ph\u00e2n ph\u1ed1i AUTONICS t\u1ea1i vi\u1ec7t nam<\/p>\n<p>\u0110\u1ea1i l\u00fd AUTONICS vietnam, AUTONICS viet nam, AUTONICS vietnam distributor, Ph\u00e2n ph\u1ed1i AUTONICS t\u1ea1i vi\u1ec7t nam<\/p>\n<p>\u0110\u1ea1i l\u00fd AUTONICS vietnam, AUTONICS viet nam, AUTONICS vietnam distributor, Ph\u00e2n ph\u1ed1i AUTONICS t\u1ea1i vi\u1ec7t nam<\/p>\n<p>\u0110\u1ea1i l\u00fd AUTONICS vietnam, AUTONICS viet nam, AUTONICS vietnam distributor, Ph\u00e2n ph\u1ed1i AUTONICS t\u1ea1i vi\u1ec7t nam<\/p>\n<p>\u0110\u1ea1i l\u00fd AUTONICS vietnam, AUTONICS viet nam, AUTONICS vietnam distributor, Ph\u00e2n ph\u1ed1i AUTONICS t\u1ea1i vi\u1ec7t nam<\/p>\n","protected":false},"excerpt":{"rendered":"<p>AUTONICS FX4S-1P2 FX4S-1P2 Ph\u01b0\u01a1ng ph\u00e1p hi\u1ec3n th\u1ecb : LED 7 \u0111o\u1ea1n 4 s\u1ed1 Ph\u01b0\u01a1ng th\u1ee9c ho\u1ea1t \u0111\u1ed9ng : B\u1ed9 \u0111\u1ebfm: \u0110\u1ebfm xu\u00f4i, \u0111\u1ebfm ng\u01b0\u1ee3c, \u0111\u1ebfm xu\u00f4i\/ng\u01b0\u1ee3c B\u1ed9 \u0111\u1ecbnh th\u1eddi: \u0110\u1ebfm xu\u00f4i, \u0110\u1ebfm ng\u01b0\u1ee3c Terminal : Terminal block Ho\u1ea1t \u0111\u1ed9ng ng\u00f5 ra : POWER ON DELAY, FLICKER Ngu\u1ed3n c\u1ea5p : 24VAC~&hellip; <\/p>\n","protected":false},"featured_media":1462,"comment_status":"open","ping_status":"closed","template":"","meta":[],"product_cat":[304],"product_tag":[275,106,276],"class_list":{"0":"post-1461","1":"product","2":"type-product","3":"status-publish","4":"has-post-thumbnail","6":"product_cat-autonics","7":"product_tag-autonics-viet-nam","8":"product_tag-bo-dem","9":"product_tag-dai-ly-autonics-viet-nam","11":"first","12":"instock","13":"shipping-taxable","14":"product-type-simple"},"yoast_head":"<!-- This site is optimized with the Yoast SEO plugin v22.8 - https:\/\/yoast.com\/wordpress\/plugins\/seo\/ -->\n<title>AUTONICS FX4S-1P2 - OMANI VI\u1ec6T NAM<\/title>\n<meta name=\"robots\" content=\"index, follow, max-snippet:-1, max-image-preview:large, max-video-preview:-1\" \/>\n<link rel=\"canonical\" href=\"https:\/\/omanivietnam.com\/index.php\/san-pham\/autonics-fx4s-1p2\/\" \/>\n<meta property=\"og:locale\" content=\"vi_VN\" \/>\n<meta property=\"og:type\" content=\"article\" \/>\n<meta property=\"og:title\" content=\"AUTONICS FX4S-1P2 - OMANI VI\u1ec6T NAM\" \/>\n<meta property=\"og:description\" content=\"AUTONICS FX4S-1P2 FX4S-1P2 Ph\u01b0\u01a1ng ph\u00e1p hi\u1ec3n th\u1ecb : LED 7 \u0111o\u1ea1n 4 s\u1ed1 Ph\u01b0\u01a1ng th\u1ee9c ho\u1ea1t \u0111\u1ed9ng : B\u1ed9 \u0111\u1ebfm: \u0110\u1ebfm xu\u00f4i, \u0111\u1ebfm ng\u01b0\u1ee3c, \u0111\u1ebfm xu\u00f4i\/ng\u01b0\u1ee3c B\u1ed9 \u0111\u1ecbnh th\u1eddi: \u0110\u1ebfm xu\u00f4i, \u0110\u1ebfm ng\u01b0\u1ee3c Terminal : Terminal block Ho\u1ea1t \u0111\u1ed9ng ng\u00f5 ra : POWER ON DELAY, FLICKER Ngu\u1ed3n c\u1ea5p : 24VAC~&hellip;\" \/>\n<meta property=\"og:url\" content=\"https:\/\/omanivietnam.com\/index.php\/san-pham\/autonics-fx4s-1p2\/\" \/>\n<meta property=\"og:site_name\" content=\"OMANI VI\u1ec6T NAM\" \/>\n<meta property=\"og:image\" content=\"https:\/\/omanivietnam.com\/wp-content\/uploads\/2024\/08\/FX4S-1P2.png\" \/>\n\t<meta property=\"og:image:width\" content=\"444\" \/>\n\t<meta property=\"og:image:height\" content=\"616\" \/>\n\t<meta property=\"og:image:type\" content=\"image\/png\" \/>\n<meta name=\"twitter:card\" content=\"summary_large_image\" \/>\n<meta name=\"twitter:label1\" content=\"\u01af\u1edbc t\u00ednh th\u1eddi gian \u0111\u1ecdc\" \/>\n\t<meta name=\"twitter:data1\" content=\"3 ph\u00fat\" \/>\n<script type=\"application\/ld+json\" class=\"yoast-schema-graph\">{\"@context\":\"https:\/\/schema.org\",\"@graph\":[{\"@type\":\"WebPage\",\"@id\":\"https:\/\/omanivietnam.com\/index.php\/san-pham\/autonics-fx4s-1p2\/\",\"url\":\"https:\/\/omanivietnam.com\/index.php\/san-pham\/autonics-fx4s-1p2\/\",\"name\":\"AUTONICS FX4S-1P2 - OMANI VI\u1ec6T NAM\",\"isPartOf\":{\"@id\":\"https:\/\/omanivietnam.com\/#website\"},\"primaryImageOfPage\":{\"@id\":\"https:\/\/omanivietnam.com\/index.php\/san-pham\/autonics-fx4s-1p2\/#primaryimage\"},\"image\":{\"@id\":\"https:\/\/omanivietnam.com\/index.php\/san-pham\/autonics-fx4s-1p2\/#primaryimage\"},\"thumbnailUrl\":\"https:\/\/omanivietnam.com\/wp-content\/uploads\/2024\/08\/FX4S-1P2.png\",\"datePublished\":\"2024-08-16T14:55:58+00:00\",\"dateModified\":\"2024-08-16T14:55:58+00:00\",\"breadcrumb\":{\"@id\":\"https:\/\/omanivietnam.com\/index.php\/san-pham\/autonics-fx4s-1p2\/#breadcrumb\"},\"inLanguage\":\"vi\",\"potentialAction\":[{\"@type\":\"ReadAction\",\"target\":[\"https:\/\/omanivietnam.com\/index.php\/san-pham\/autonics-fx4s-1p2\/\"]}]},{\"@type\":\"ImageObject\",\"inLanguage\":\"vi\",\"@id\":\"https:\/\/omanivietnam.com\/index.php\/san-pham\/autonics-fx4s-1p2\/#primaryimage\",\"url\":\"https:\/\/omanivietnam.com\/wp-content\/uploads\/2024\/08\/FX4S-1P2.png\",\"contentUrl\":\"https:\/\/omanivietnam.com\/wp-content\/uploads\/2024\/08\/FX4S-1P2.png\",\"width\":444,\"height\":616},{\"@type\":\"BreadcrumbList\",\"@id\":\"https:\/\/omanivietnam.com\/index.php\/san-pham\/autonics-fx4s-1p2\/#breadcrumb\",\"itemListElement\":[{\"@type\":\"ListItem\",\"position\":1,\"name\":\"Home\",\"item\":\"https:\/\/omanivietnam.com\/\"},{\"@type\":\"ListItem\",\"position\":2,\"name\":\"S\u1ea2N PH\u1ea8M\",\"item\":\"https:\/\/omanivietnam.com\/index.php\/cua-hang\/\"},{\"@type\":\"ListItem\",\"position\":3,\"name\":\"AUTONICS FX4S-1P2\"}]},{\"@type\":\"WebSite\",\"@id\":\"https:\/\/omanivietnam.com\/#website\",\"url\":\"https:\/\/omanivietnam.com\/\",\"name\":\"OMANI VI\u1ec6T NAM\",\"description\":\"Nh\u00e0 ph\u00e2n ph\u1ed1i thi\u1ebft b\u1ecb kh\u00ed n\u00e9n v\u00e0 thi\u1ebft b\u1ecb t\u1ef1 \u0111\u1ed9ng h\u00f3a trong c\u00f4ng nghi\u1ec7p\",\"publisher\":{\"@id\":\"https:\/\/omanivietnam.com\/#\/schema\/person\/0ad398a980dc3fd696111c2c5c8fa897\"},\"potentialAction\":[{\"@type\":\"SearchAction\",\"target\":{\"@type\":\"EntryPoint\",\"urlTemplate\":\"https:\/\/omanivietnam.com\/?s={search_term_string}\"},\"query-input\":\"required name=search_term_string\"}],\"inLanguage\":\"vi\"},{\"@type\":[\"Person\",\"Organization\"],\"@id\":\"https:\/\/omanivietnam.com\/#\/schema\/person\/0ad398a980dc3fd696111c2c5c8fa897\",\"name\":\"Nguy\u1ec5n V\u0103n Kh\u00e1nh\",\"image\":{\"@type\":\"ImageObject\",\"inLanguage\":\"vi\",\"@id\":\"https:\/\/omanivietnam.com\/#\/schema\/person\/image\/\",\"url\":\"https:\/\/omanivietnam.com\/wp-content\/uploads\/2024\/06\/logo-1024x1024.png\",\"contentUrl\":\"https:\/\/omanivietnam.com\/wp-content\/uploads\/2024\/06\/logo-1024x1024.png\",\"width\":1024,\"height\":1024,\"caption\":\"Nguy\u1ec5n V\u0103n Kh\u00e1nh\"},\"logo\":{\"@id\":\"https:\/\/omanivietnam.com\/#\/schema\/person\/image\/\"},\"sameAs\":[\"https:\/\/omanivietnam.com\"]}]}<\/script>\n<!-- \/ Yoast SEO plugin. -->","yoast_head_json":{"title":"AUTONICS FX4S-1P2 - OMANI VI\u1ec6T NAM","robots":{"index":"index","follow":"follow","max-snippet":"max-snippet:-1","max-image-preview":"max-image-preview:large","max-video-preview":"max-video-preview:-1"},"canonical":"https:\/\/omanivietnam.com\/index.php\/san-pham\/autonics-fx4s-1p2\/","og_locale":"vi_VN","og_type":"article","og_title":"AUTONICS FX4S-1P2 - OMANI VI\u1ec6T NAM","og_description":"AUTONICS FX4S-1P2 FX4S-1P2 Ph\u01b0\u01a1ng ph\u00e1p hi\u1ec3n th\u1ecb : LED 7 \u0111o\u1ea1n 4 s\u1ed1 Ph\u01b0\u01a1ng th\u1ee9c ho\u1ea1t \u0111\u1ed9ng : B\u1ed9 \u0111\u1ebfm: \u0110\u1ebfm xu\u00f4i, \u0111\u1ebfm ng\u01b0\u1ee3c, \u0111\u1ebfm xu\u00f4i\/ng\u01b0\u1ee3c B\u1ed9 \u0111\u1ecbnh th\u1eddi: \u0110\u1ebfm xu\u00f4i, \u0110\u1ebfm ng\u01b0\u1ee3c Terminal : Terminal block Ho\u1ea1t \u0111\u1ed9ng ng\u00f5 ra : POWER ON DELAY, FLICKER Ngu\u1ed3n c\u1ea5p : 24VAC~&hellip;","og_url":"https:\/\/omanivietnam.com\/index.php\/san-pham\/autonics-fx4s-1p2\/","og_site_name":"OMANI VI\u1ec6T NAM","og_image":[{"width":444,"height":616,"url":"https:\/\/omanivietnam.com\/wp-content\/uploads\/2024\/08\/FX4S-1P2.png","type":"image\/png"}],"twitter_card":"summary_large_image","twitter_misc":{"\u01af\u1edbc t\u00ednh th\u1eddi gian \u0111\u1ecdc":"3 ph\u00fat"},"schema":{"@context":"https:\/\/schema.org","@graph":[{"@type":"WebPage","@id":"https:\/\/omanivietnam.com\/index.php\/san-pham\/autonics-fx4s-1p2\/","url":"https:\/\/omanivietnam.com\/index.php\/san-pham\/autonics-fx4s-1p2\/","name":"AUTONICS FX4S-1P2 - OMANI VI\u1ec6T NAM","isPartOf":{"@id":"https:\/\/omanivietnam.com\/#website"},"primaryImageOfPage":{"@id":"https:\/\/omanivietnam.com\/index.php\/san-pham\/autonics-fx4s-1p2\/#primaryimage"},"image":{"@id":"https:\/\/omanivietnam.com\/index.php\/san-pham\/autonics-fx4s-1p2\/#primaryimage"},"thumbnailUrl":"https:\/\/omanivietnam.com\/wp-content\/uploads\/2024\/08\/FX4S-1P2.png","datePublished":"2024-08-16T14:55:58+00:00","dateModified":"2024-08-16T14:55:58+00:00","breadcrumb":{"@id":"https:\/\/omanivietnam.com\/index.php\/san-pham\/autonics-fx4s-1p2\/#breadcrumb"},"inLanguage":"vi","potentialAction":[{"@type":"ReadAction","target":["https:\/\/omanivietnam.com\/index.php\/san-pham\/autonics-fx4s-1p2\/"]}]},{"@type":"ImageObject","inLanguage":"vi","@id":"https:\/\/omanivietnam.com\/index.php\/san-pham\/autonics-fx4s-1p2\/#primaryimage","url":"https:\/\/omanivietnam.com\/wp-content\/uploads\/2024\/08\/FX4S-1P2.png","contentUrl":"https:\/\/omanivietnam.com\/wp-content\/uploads\/2024\/08\/FX4S-1P2.png","width":444,"height":616},{"@type":"BreadcrumbList","@id":"https:\/\/omanivietnam.com\/index.php\/san-pham\/autonics-fx4s-1p2\/#breadcrumb","itemListElement":[{"@type":"ListItem","position":1,"name":"Home","item":"https:\/\/omanivietnam.com\/"},{"@type":"ListItem","position":2,"name":"S\u1ea2N PH\u1ea8M","item":"https:\/\/omanivietnam.com\/index.php\/cua-hang\/"},{"@type":"ListItem","position":3,"name":"AUTONICS FX4S-1P2"}]},{"@type":"WebSite","@id":"https:\/\/omanivietnam.com\/#website","url":"https:\/\/omanivietnam.com\/","name":"OMANI VI\u1ec6T NAM","description":"Nh\u00e0 ph\u00e2n ph\u1ed1i thi\u1ebft b\u1ecb kh\u00ed n\u00e9n v\u00e0 thi\u1ebft b\u1ecb t\u1ef1 \u0111\u1ed9ng h\u00f3a trong c\u00f4ng nghi\u1ec7p","publisher":{"@id":"https:\/\/omanivietnam.com\/#\/schema\/person\/0ad398a980dc3fd696111c2c5c8fa897"},"potentialAction":[{"@type":"SearchAction","target":{"@type":"EntryPoint","urlTemplate":"https:\/\/omanivietnam.com\/?s={search_term_string}"},"query-input":"required name=search_term_string"}],"inLanguage":"vi"},{"@type":["Person","Organization"],"@id":"https:\/\/omanivietnam.com\/#\/schema\/person\/0ad398a980dc3fd696111c2c5c8fa897","name":"Nguy\u1ec5n V\u0103n Kh\u00e1nh","image":{"@type":"ImageObject","inLanguage":"vi","@id":"https:\/\/omanivietnam.com\/#\/schema\/person\/image\/","url":"https:\/\/omanivietnam.com\/wp-content\/uploads\/2024\/06\/logo-1024x1024.png","contentUrl":"https:\/\/omanivietnam.com\/wp-content\/uploads\/2024\/06\/logo-1024x1024.png","width":1024,"height":1024,"caption":"Nguy\u1ec5n V\u0103n Kh\u00e1nh"},"logo":{"@id":"https:\/\/omanivietnam.com\/#\/schema\/person\/image\/"},"sameAs":["https:\/\/omanivietnam.com"]}]}},"_links":{"self":[{"href":"https:\/\/omanivietnam.com\/index.php\/wp-json\/wp\/v2\/product\/1461","targetHints":{"allow":["GET"]}}],"collection":[{"href":"https:\/\/omanivietnam.com\/index.php\/wp-json\/wp\/v2\/product"}],"about":[{"href":"https:\/\/omanivietnam.com\/index.php\/wp-json\/wp\/v2\/types\/product"}],"replies":[{"embeddable":true,"href":"https:\/\/omanivietnam.com\/index.php\/wp-json\/wp\/v2\/comments?post=1461"}],"wp:featuredmedia":[{"embeddable":true,"href":"https:\/\/omanivietnam.com\/index.php\/wp-json\/wp\/v2\/media\/1462"}],"wp:attachment":[{"href":"https:\/\/omanivietnam.com\/index.php\/wp-json\/wp\/v2\/media?parent=1461"}],"wp:term":[{"taxonomy":"product_cat","embeddable":true,"href":"https:\/\/omanivietnam.com\/index.php\/wp-json\/wp\/v2\/product_cat?post=1461"},{"taxonomy":"product_tag","embeddable":true,"href":"https:\/\/omanivietnam.com\/index.php\/wp-json\/wp\/v2\/product_tag?post=1461"}],"curies":[{"name":"wp","href":"https:\/\/api.w.org\/{rel}","templated":true}]}}