{"id":1472,"date":"2024-08-17T05:47:02","date_gmt":"2024-08-16T22:47:02","guid":{"rendered":"https:\/\/omanivietnam.com\/?post_type=product&#038;p=1472"},"modified":"2024-08-17T05:47:02","modified_gmt":"2024-08-16T22:47:02","slug":"oriental-ubm590-503","status":"publish","type":"product","link":"https:\/\/omanivietnam.com\/index.php\/san-pham\/oriental-ubm590-503\/","title":{"rendered":"ORIENTAL UBM590-503"},"content":{"rendered":"<p>ORIENTAL UBM590-503<\/p>\n<p class=\"m-h1\">Induction Motor With Switch Enclosure UB Series (UBM590-503)<\/p>\n<p class=\"mc-text\">\u2013 Induction Motor with Switch Enclosure UB Series from ORIENTAL MOTOR.<br \/>\n\u2013 Switch enclosure with built-in capacitors and switches.<br \/>\n\u2013 A lineup that includes single-phase 100 VAC, single-phase 200 VAC, and three-phase 200 VAC specifications as well as output power of 5.5 to 90 W is provided.<br \/>\n\u2013 The dimension of square flange can be selected from 60 to 90 mm.<br \/>\n\u2013 Overheat protection device type can be selected Impedance protection or Thermal protector.<\/p>\n<p>&nbsp;<\/p>\n<table class=\"m-listTable\" summary=\"Price, Spec., etc.\">\n<tbody>\n<tr>\n<th>Type<\/th>\n<td>[Set] Motor Unit<\/td>\n<th>Motor Type<\/th>\n<td>Induction<\/td>\n<\/tr>\n<tr>\n<th>Square Flange Dim. A(mm)<\/th>\n<td>90<\/td>\n<th>Rated Output(W)<\/th>\n<td>90<\/td>\n<\/tr>\n<tr>\n<th>Power Supply<\/th>\n<td>Three-Phase<\/td>\n<th>Environment<\/th>\n<td>Standard<\/td>\n<\/tr>\n<tr>\n<th>Gear Head Type<\/th>\n<td>Parallel Shafts<\/td>\n<th>Electromagnetic Brakes, Clutches<\/th>\n<td>No<\/td>\n<\/tr>\n<tr>\n<th>Voltage(V)<\/th>\n<td>200<\/td>\n<th>Shaft end shape<\/th>\n<td>Pinion shaft type<\/td>\n<\/tr>\n<tr>\n<th>Overheat protection device type<\/th>\n<td>Thermal protector<\/td>\n<th>Applicable Motor<\/th>\n<\/tr>\n<\/tbody>\n<\/table>\n<div><\/div>\n<div class=\"m-media--product\">\n<p><strong>M\u1ed9t s\u1ed1 m\u00e3 h\u00e0ng t\u01b0\u01a1ng t\u1ef1:<\/strong><\/p>\n<p class=\"product_title entry-title\">UBM425-402 UBM540-403 UBM560-502 UBM590-503 UB590 UB590-03<\/p>\n<\/div>\n<p>UB590-503 UBM590-503 UB590-03 5GU5KB<br \/>\nUS2-425EC-15-1 SCM425GV-EC 4GV15B US2D25-EC<br \/>\nUS2-425EC-25-3 SCM425GV-EC 4GV25B US2D25-EC<\/p>\n<div class=\"m-media--product\">\n<p>TM410C-6SE TM410C-6SJ\u00a0 TM410C-7.5SE\u00a0\u00a0\u00a0\u00a0\u00a0\u00a0\u00a0\u00a0\u00a0 TM410C-7.5SJ\u00a0\u00a0\u00a0\u00a0\u00a0\u00a0\u00a0\u00a0\u00a0\u00a0 TM410C-75SE\u00a0\u00a0\u00a0\u00a0\u00a0\u00a0\u00a0\u00a0\u00a0\u00a0 TM410C-75SJ\u00a0\u00a0\u00a0\u00a0\u00a0\u00a0\u00a0\u00a0\u00a0\u00a0\u00a0 TM410C-90SE\u00a0\u00a0\u00a0\u00a0\u00a0\u00a0\u00a0\u00a0\u00a0\u00a0 TM410C-90SJ\u00a0\u00a0\u00a0\u00a0\u00a0\u00a0\u00a0\u00a0\u00a0\u00a0\u00a0 TM410C-9SE TM410C-9SJ\u00a0 TM410C-AE\u00a0\u00a0 TM410C-AJ\u00a0\u00a0\u00a0\u00a0\u00a0\u00a0\u00a0\u00a0\u00a0\u00a0\u00a0 TM410C-GNE\u00a0\u00a0\u00a0\u00a0\u00a0\u00a0\u00a0\u00a0\u00a0\u00a0\u00a0 TM410C-GNJ TM520A-100SJ\u00a0\u00a0\u00a0\u00a0\u00a0\u00a0\u00a0\u00a0\u00a0 TM520A-100SU\u00a0\u00a0\u00a0\u00a0\u00a0\u00a0\u00a0\u00a0 TM520A-12.5SJ\u00a0\u00a0\u00a0\u00a0\u00a0\u00a0\u00a0\u00a0\u00a0\u00a0\u00a0 TM520A-12.5SU\u00a0\u00a0\u00a0\u00a0\u00a0\u00a0\u00a0 TM520A-120SJ\u00a0\u00a0\u00a0\u00a0\u00a0\u00a0\u00a0\u00a0\u00a0 TM520A-120SU\u00a0\u00a0\u00a0\u00a0\u00a0\u00a0\u00a0\u00a0 TM520A-150SJ\u00a0\u00a0\u00a0\u00a0\u00a0\u00a0\u00a0\u00a0\u00a0 TM520A-150SU\u00a0\u00a0\u00a0\u00a0\u00a0\u00a0\u00a0\u00a0\u00a0\u00a0\u00a0 TM520A-15SJ\u00a0\u00a0\u00a0\u00a0\u00a0\u00a0\u00a0\u00a0\u00a0\u00a0\u00a0 TM520A-15SU\u00a0\u00a0\u00a0\u00a0\u00a0\u00a0\u00a0\u00a0\u00a0\u00a0 TM520A-180SJ\u00a0\u00a0\u00a0\u00a0\u00a0\u00a0\u00a0\u00a0\u00a0 TM520A-180SU\u00a0\u00a0\u00a0\u00a0\u00a0\u00a0\u00a0\u00a0 TM520A-18SJ\u00a0\u00a0\u00a0\u00a0\u00a0\u00a0\u00a0\u00a0\u00a0\u00a0\u00a0 TM520A-18SU\u00a0\u00a0\u00a0\u00a0\u00a0\u00a0\u00a0\u00a0\u00a0\u00a0 TM520A-25SJ\u00a0\u00a0\u00a0\u00a0\u00a0\u00a0\u00a0\u00a0\u00a0\u00a0\u00a0 TM520A-25SU\u00a0\u00a0\u00a0\u00a0\u00a0\u00a0\u00a0\u00a0\u00a0\u00a0 TM520A-3.6SJ\u00a0\u00a0\u00a0\u00a0\u00a0\u00a0\u00a0\u00a0\u00a0\u00a0 TM520A-3.6SU\u00a0\u00a0\u00a0\u00a0\u00a0\u00a0\u00a0\u00a0\u00a0\u00a0\u00a0 TM520A-30SJ\u00a0\u00a0\u00a0\u00a0\u00a0\u00a0\u00a0\u00a0\u00a0\u00a0\u00a0 TM520A-30SU\u00a0\u00a0\u00a0\u00a0\u00a0\u00a0\u00a0\u00a0\u00a0\u00a0 TM520A-36SJ\u00a0\u00a0\u00a0\u00a0\u00a0\u00a0\u00a0\u00a0\u00a0\u00a0\u00a0 TM520A-36SU\u00a0\u00a0\u00a0\u00a0\u00a0\u00a0\u00a0\u00a0\u00a0\u00a0 TM520A-3SJ\u00a0\u00a0\u00a0\u00a0\u00a0\u00a0\u00a0\u00a0\u00a0\u00a0\u00a0 TM520A-3SU TM520A-50SJ\u00a0\u00a0\u00a0\u00a0\u00a0\u00a0\u00a0\u00a0\u00a0\u00a0\u00a0 TM520A-50SU\u00a0\u00a0\u00a0\u00a0\u00a0\u00a0\u00a0\u00a0\u00a0\u00a0 TM520A-5SJ\u00a0 TM520A-5SU TM520A-60SJ\u00a0\u00a0\u00a0\u00a0\u00a0\u00a0\u00a0\u00a0\u00a0\u00a0\u00a0 TM520A-60SU\u00a0\u00a0\u00a0\u00a0\u00a0\u00a0\u00a0\u00a0\u00a0\u00a0 TM520A-6SJ\u00a0 TM520A-6SU TM520A-7.5SJ\u00a0\u00a0\u00a0\u00a0\u00a0\u00a0\u00a0\u00a0\u00a0\u00a0 TM520A-7.5SU\u00a0\u00a0\u00a0\u00a0\u00a0\u00a0\u00a0\u00a0\u00a0 TM520A-75SJ\u00a0\u00a0\u00a0 TM520A-75SU\u00a0\u00a0\u00a0\u00a0\u00a0\u00a0\u00a0\u00a0\u00a0\u00a0 TM520A-90SJ\u00a0\u00a0\u00a0\u00a0\u00a0\u00a0\u00a0\u00a0\u00a0\u00a0\u00a0 TM520A-90SU\u00a0\u00a0\u00a0\u00a0\u00a0\u00a0\u00a0\u00a0\u00a0\u00a0 TM520A-9SJ\u00a0 TM520A-9SU TM520A-AJ\u00a0\u00a0\u00a0\u00a0\u00a0\u00a0\u00a0 TM520A-AU\u00a0 TM520A-GNJ\u00a0\u00a0\u00a0\u00a0\u00a0\u00a0\u00a0\u00a0\u00a0\u00a0\u00a0 TM520A-GNU\u00a0\u00a0\u00a0\u00a0\u00a0\u00a0\u00a0\u00a0\u00a0\u00a0 TM520C-100SE\u00a0\u00a0\u00a0\u00a0\u00a0\u00a0\u00a0\u00a0 TM520C-100SJ\u00a0\u00a0\u00a0\u00a0\u00a0\u00a0\u00a0\u00a0\u00a0\u00a0\u00a0 TM520C-12.5SE\u00a0\u00a0\u00a0\u00a0\u00a0\u00a0\u00a0 TM520C-12.5SJ\u00a0\u00a0\u00a0\u00a0\u00a0\u00a0\u00a0\u00a0 TM520C-120SE\u00a0\u00a0\u00a0\u00a0\u00a0\u00a0\u00a0\u00a0 TM520C-120SJ\u00a0\u00a0\u00a0\u00a0\u00a0\u00a0\u00a0\u00a0\u00a0 TM520C-150SE\u00a0\u00a0\u00a0\u00a0\u00a0\u00a0\u00a0\u00a0\u00a0\u00a0\u00a0 TM520C-150SJ\u00a0\u00a0\u00a0\u00a0\u00a0\u00a0\u00a0\u00a0\u00a0 TM520C-15SE\u00a0\u00a0\u00a0\u00a0\u00a0\u00a0\u00a0\u00a0\u00a0\u00a0 TM520C-15SJ\u00a0\u00a0\u00a0\u00a0\u00a0\u00a0\u00a0\u00a0\u00a0\u00a0\u00a0 TM520C-180SE\u00a0\u00a0\u00a0\u00a0\u00a0\u00a0\u00a0\u00a0 TM520C-180SJ\u00a0\u00a0\u00a0\u00a0\u00a0\u00a0\u00a0\u00a0\u00a0\u00a0\u00a0 TM520C-18SE\u00a0\u00a0\u00a0\u00a0\u00a0\u00a0\u00a0\u00a0\u00a0\u00a0 TM520C-18SJ<\/p>\n<p>TM520C-25SE\u00a0\u00a0\u00a0\u00a0\u00a0\u00a0\u00a0\u00a0\u00a0\u00a0 TM520C-25SJ\u00a0\u00a0\u00a0\u00a0\u00a0\u00a0\u00a0\u00a0\u00a0\u00a0\u00a0 TM520C-3.6SE\u00a0\u00a0\u00a0\u00a0\u00a0\u00a0\u00a0\u00a0\u00a0 TM520C-3.6SJ\u00a0\u00a0\u00a0\u00a0\u00a0\u00a0\u00a0\u00a0\u00a0\u00a0 TM520C-30SE\u00a0\u00a0\u00a0\u00a0\u00a0\u00a0\u00a0\u00a0\u00a0\u00a0\u00a0 TM520C-30SJ\u00a0\u00a0\u00a0\u00a0\u00a0\u00a0\u00a0\u00a0\u00a0\u00a0\u00a0 TM520C-36SE\u00a0\u00a0\u00a0\u00a0\u00a0\u00a0\u00a0\u00a0\u00a0\u00a0 TM520C-36SJ\u00a0\u00a0\u00a0\u00a0\u00a0\u00a0\u00a0\u00a0\u00a0\u00a0\u00a0 TM520C-3SE TM520C-3SJ\u00a0 TM520C-50SE\u00a0\u00a0 TM520C-50SJ\u00a0\u00a0\u00a0\u00a0\u00a0\u00a0\u00a0\u00a0\u00a0\u00a0\u00a0 TM520C-5SE TM520C-5SJ\u00a0 TM520C-60SE\u00a0\u00a0\u00a0\u00a0\u00a0\u00a0\u00a0\u00a0\u00a0\u00a0 TM520C-60SJ\u00a0\u00a0\u00a0\u00a0\u00a0\u00a0\u00a0\u00a0\u00a0\u00a0\u00a0 TM520C-6SE\u00a0\u00a0\u00a0\u00a0 TM520C-6SJ\u00a0 TM520C-7.5SE\u00a0\u00a0\u00a0\u00a0\u00a0\u00a0\u00a0\u00a0\u00a0 TM520C-7.5SJ\u00a0\u00a0\u00a0\u00a0\u00a0\u00a0\u00a0\u00a0\u00a0\u00a0 TM520C-75SE\u00a0\u00a0\u00a0\u00a0\u00a0\u00a0\u00a0\u00a0\u00a0\u00a0 TM520C-75SJ\u00a0\u00a0\u00a0\u00a0\u00a0\u00a0\u00a0\u00a0\u00a0\u00a0\u00a0 TM520C-90SE\u00a0\u00a0\u00a0\u00a0\u00a0\u00a0\u00a0\u00a0\u00a0\u00a0 TM520C-90SJ\u00a0\u00a0\u00a0\u00a0\u00a0\u00a0\u00a0\u00a0\u00a0\u00a0\u00a0 TM520C-9SE TM520C-9SJ\u00a0 TM520C-AE\u00a0\u00a0 TM520C-AJ\u00a0\u00a0\u00a0\u00a0\u00a0\u00a0\u00a0\u00a0\u00a0\u00a0\u00a0 TM520C-GNE\u00a0\u00a0\u00a0\u00a0\u00a0\u00a0\u00a0\u00a0\u00a0\u00a0\u00a0 TM520C-GNJ TMP-1 UB206-01\u00a0\u00a0\u00a0\u00a0\u00a0\u00a0 UB206-02\u00a0\u00a0\u00a0\u00a0\u00a0\u00a0 UB206-401\u00a0\u00a0\u00a0\u00a0 UB206-402\u00a0\u00a0\u00a0\u00a0\u00a0\u00a0\u00a0\u00a0\u00a0\u00a0\u00a0 UB315-01\u00a0\u00a0\u00a0\u00a0\u00a0\u00a0 UB315-02\u00a0\u00a0\u00a0\u00a0\u00a0\u00a0 UB315-401\u00a0\u00a0\u00a0\u00a0 UB315-402\u00a0\u00a0\u00a0\u00a0 UB425-01\u00a0\u00a0\u00a0\u00a0\u00a0\u00a0 UB425-02\u00a0\u00a0\u00a0\u00a0\u00a0\u00a0 UB425-03\u00a0\u00a0\u00a0\u00a0\u00a0\u00a0\u00a0\u00a0\u00a0\u00a0\u00a0 UB425-401\u00a0\u00a0\u00a0\u00a0 UB425-402\u00a0\u00a0\u00a0\u00a0 UB425-403\u00a0\u00a0\u00a0\u00a0 UB540-01\u00a0\u00a0\u00a0\u00a0\u00a0\u00a0 UB540-02\u00a0\u00a0\u00a0\u00a0\u00a0\u00a0 UB540-03\u00a0\u00a0\u00a0\u00a0\u00a0\u00a0 UB540-401\u00a0\u00a0\u00a0\u00a0\u00a0\u00a0\u00a0\u00a0\u00a0\u00a0\u00a0 UB540-402\u00a0\u00a0\u00a0\u00a0 UB540-403\u00a0\u00a0\u00a0\u00a0 UB560-01\u00a0\u00a0\u00a0\u00a0\u00a0\u00a0 UB560-02\u00a0\u00a0\u00a0\u00a0\u00a0\u00a0 UB560-03\u00a0\u00a0\u00a0\u00a0\u00a0\u00a0 UB560-501\u00a0\u00a0\u00a0\u00a0 UB560-502\u00a0\u00a0\u00a0\u00a0\u00a0\u00a0\u00a0\u00a0\u00a0\u00a0\u00a0 UB560-503\u00a0\u00a0\u00a0\u00a0 UB590-01\u00a0\u00a0\u00a0\u00a0\u00a0\u00a0 UB590-02\u00a0\u00a0\u00a0\u00a0\u00a0\u00a0 UB590-03\u00a0\u00a0\u00a0\u00a0\u00a0\u00a0 UB590-501\u00a0\u00a0\u00a0\u00a0 UB590-502\u00a0\u00a0\u00a0\u00a0 UB590-503\u00a0\u00a0\u00a0\u00a0\u00a0\u00a0\u00a0\u00a0\u00a0\u00a0\u00a0 UBM206-401\u00a0 UBM206-402\u00a0 UBM315-401\u00a0 UBM315-402<\/p>\n<p>UBM425-401\u00a0 UBM425-402\u00a0 UBM425-403\u00a0 UBM540-401\u00a0 UBM540-402\u00a0 UBM540-403\u00a0 UBM560-501\u00a0\u00a0\u00a0\u00a0\u00a0\u00a0\u00a0\u00a0\u00a0\u00a0\u00a0 UBM560-502\u00a0 UBM560-503\u00a0 UBM590-501\u00a0 UBM590-502\u00a0 UBM590-503\u00a0 US206-001\u00a0\u00a0\u00a0\u00a0\u00a0 US206-001U2\u00a0\u00a0\u00a0\u00a0\u00a0\u00a0\u00a0\u00a0\u00a0\u00a0\u00a0 US206-002\u00a0\u00a0\u00a0\u00a0\u00a0 US206-002E2 US206-01T\u00a0\u00a0\u00a0\u00a0 US206-02T\u00a0\u00a0\u00a0\u00a0 US206-401\u00a0\u00a0\u00a0\u00a0\u00a0 US206-401U2 US206-402\u00a0\u00a0\u00a0\u00a0\u00a0\u00a0\u00a0\u00a0\u00a0\u00a0\u00a0 US206-402E2 US2-26EC-100\u00a0\u00a0\u00a0\u00a0\u00a0\u00a0\u00a0\u00a0\u00a0\u00a0 US2-26EC-100-1\u00a0\u00a0\u00a0\u00a0\u00a0\u00a0\u00a0 US2-26EC-100-1N\u00a0\u00a0\u00a0\u00a0 US2-26EC-100-2\u00a0\u00a0\u00a0\u00a0\u00a0\u00a0\u00a0\u00a0\u00a0\u00a0\u00a0 US2-26EC-100-2N\u00a0\u00a0\u00a0\u00a0 US2-26EC-100-3\u00a0\u00a0\u00a0\u00a0\u00a0\u00a0\u00a0 US2-26EC-100-3N\u00a0\u00a0\u00a0\u00a0 US2-26EC-100-N\u00a0\u00a0\u00a0\u00a0\u00a0\u00a0 US2-26EC-12.5\u00a0\u00a0\u00a0\u00a0\u00a0\u00a0\u00a0\u00a0\u00a0\u00a0\u00a0 US2-26EC-12.5-1\u00a0\u00a0\u00a0\u00a0\u00a0\u00a0 US2-26EC-12.5-1N\u00a0\u00a0\u00a0 US2-26EC-12.5-2\u00a0\u00a0\u00a0\u00a0\u00a0\u00a0 US2-26EC-12.5-2N\u00a0\u00a0\u00a0 US2-26EC-12.5-3\u00a0\u00a0\u00a0\u00a0\u00a0\u00a0\u00a0\u00a0\u00a0\u00a0\u00a0 US2-26EC-12.5-3N\u00a0\u00a0\u00a0 US2-26EC-12.5-N\u00a0\u00a0\u00a0\u00a0\u00a0 US2-26EC-120\u00a0\u00a0\u00a0\u00a0\u00a0\u00a0\u00a0\u00a0\u00a0\u00a0 US2-26EC-120-1\u00a0\u00a0\u00a0\u00a0\u00a0\u00a0\u00a0 US2-26EC-120-1N\u00a0\u00a0\u00a0\u00a0\u00a0\u00a0 US2-26EC-120-2\u00a0\u00a0\u00a0\u00a0\u00a0\u00a0\u00a0 US2-26EC-120-2N\u00a0\u00a0\u00a0\u00a0 US2-26EC-120-3\u00a0\u00a0\u00a0\u00a0\u00a0\u00a0\u00a0 US2-26EC-120-3N\u00a0\u00a0\u00a0\u00a0 US2-26EC-120-N\u00a0\u00a0\u00a0\u00a0\u00a0\u00a0\u00a0\u00a0\u00a0\u00a0\u00a0 US2-26EC-15 US2-26EC-150\u00a0\u00a0\u00a0\u00a0\u00a0\u00a0\u00a0\u00a0\u00a0\u00a0 US2-26EC-150-1\u00a0\u00a0\u00a0\u00a0\u00a0\u00a0\u00a0 US2-26EC-150-1N\u00a0\u00a0\u00a0\u00a0 US2-26EC-150-2\u00a0\u00a0\u00a0\u00a0\u00a0\u00a0\u00a0\u00a0\u00a0\u00a0\u00a0 US2-26EC-150-2N\u00a0\u00a0\u00a0\u00a0 US2-26EC-150-3\u00a0\u00a0\u00a0\u00a0\u00a0\u00a0\u00a0 US2-26EC-150-3N\u00a0\u00a0\u00a0\u00a0 US2-26EC-150-N\u00a0\u00a0\u00a0\u00a0\u00a0\u00a0 US2-26EC-15-1\u00a0\u00a0\u00a0\u00a0\u00a0\u00a0\u00a0\u00a0\u00a0\u00a0\u00a0 US2-26EC-15-1N\u00a0\u00a0\u00a0\u00a0\u00a0\u00a0 US2-26EC-15-2\u00a0\u00a0\u00a0\u00a0\u00a0\u00a0\u00a0\u00a0\u00a0 US2-26EC-15-2N\u00a0\u00a0\u00a0\u00a0\u00a0\u00a0 US2-26EC-15-3\u00a0\u00a0\u00a0\u00a0\u00a0\u00a0\u00a0\u00a0\u00a0 US2-26EC-15-3N\u00a0\u00a0\u00a0\u00a0\u00a0\u00a0\u00a0\u00a0\u00a0\u00a0\u00a0 US2-26EC-15-N\u00a0\u00a0\u00a0\u00a0\u00a0\u00a0\u00a0\u00a0 US2-26EC-18 US2-26EC-180\u00a0\u00a0\u00a0\u00a0\u00a0\u00a0\u00a0\u00a0\u00a0\u00a0 US2-26EC-180-1<\/p>\n<\/div>\n<p>&nbsp;<\/p>\n<p>\u0110\u1ea1i l\u00fd ORIENTAL vietnam, ORIENTAL viet nam, ORIENTAL vietnam distributor, Ph\u00e2n ph\u1ed1i ORIENTAL t\u1ea1i vi\u1ec7t nam<\/p>\n<p>\u0110\u1ea1i l\u00fd ORIENTAL vietnam, ORIENTAL viet nam, ORIENTAL vietnam distributor, Ph\u00e2n ph\u1ed1i ORIENTAL t\u1ea1i vi\u1ec7t nam<\/p>\n<p>\u0110\u1ea1i l\u00fd ORIENTAL vietnam, ORIENTAL viet nam, ORIENTAL vietnam distributor, Ph\u00e2n ph\u1ed1i ORIENTAL t\u1ea1i vi\u1ec7t nam<\/p>\n<p>\u0110\u1ea1i l\u00fd ORIENTAL vietnam, ORIENTAL viet nam, ORIENTAL vietnam distributor, Ph\u00e2n ph\u1ed1i ORIENTAL t\u1ea1i vi\u1ec7t nam<\/p>\n<p>\u0110\u1ea1i l\u00fd ORIENTAL vietnam, ORIENTAL viet nam, ORIENTAL vietnam distributor, Ph\u00e2n ph\u1ed1i ORIENTAL t\u1ea1i vi\u1ec7t nam<\/p>\n","protected":false},"excerpt":{"rendered":"<p>ORIENTAL UBM590-503 Induction Motor With Switch Enclosure UB Series (UBM590-503) \u2013 Induction Motor with Switch Enclosure UB Series from ORIENTAL MOTOR. \u2013 Switch enclosure with built-in capacitors and switches. \u2013 A lineup that includes single-phase 100 VAC, single-phase 200 VAC, and three-phase 200 VAC specifications as well as output power&hellip; <\/p>\n","protected":false},"featured_media":1473,"comment_status":"open","ping_status":"closed","template":"","meta":[],"product_cat":[376],"product_tag":[119,120,118],"class_list":{"0":"post-1472","1":"product","2":"type-product","3":"status-publish","4":"has-post-thumbnail","6":"product_cat-oriental","7":"product_tag-dai-ly-oriental-viet-nam","8":"product_tag-dong-co","9":"product_tag-oriental-viet-nam","11":"first","12":"instock","13":"shipping-taxable","14":"product-type-simple"},"yoast_head":"<!-- This site is optimized with the Yoast SEO plugin v22.8 - https:\/\/yoast.com\/wordpress\/plugins\/seo\/ -->\n<title>ORIENTAL UBM590-503 - OMANI VI\u1ec6T NAM<\/title>\n<meta name=\"robots\" content=\"index, follow, max-snippet:-1, max-image-preview:large, max-video-preview:-1\" \/>\n<link rel=\"canonical\" href=\"https:\/\/omanivietnam.com\/index.php\/san-pham\/oriental-ubm590-503\/\" \/>\n<meta property=\"og:locale\" content=\"vi_VN\" \/>\n<meta property=\"og:type\" content=\"article\" \/>\n<meta property=\"og:title\" content=\"ORIENTAL UBM590-503 - OMANI VI\u1ec6T NAM\" \/>\n<meta property=\"og:description\" content=\"ORIENTAL UBM590-503 Induction Motor With Switch Enclosure UB Series (UBM590-503) \u2013 Induction Motor with Switch Enclosure UB Series from ORIENTAL MOTOR. \u2013 Switch enclosure with built-in capacitors and switches. \u2013 A lineup that includes single-phase 100 VAC, single-phase 200 VAC, and three-phase 200 VAC specifications as well as output power&hellip;\" \/>\n<meta property=\"og:url\" content=\"https:\/\/omanivietnam.com\/index.php\/san-pham\/oriental-ubm590-503\/\" \/>\n<meta property=\"og:site_name\" content=\"OMANI VI\u1ec6T NAM\" \/>\n<meta property=\"og:image\" content=\"https:\/\/omanivietnam.com\/wp-content\/uploads\/2024\/08\/UBM590-503.png\" \/>\n\t<meta property=\"og:image:width\" content=\"485\" \/>\n\t<meta property=\"og:image:height\" content=\"438\" \/>\n\t<meta property=\"og:image:type\" content=\"image\/png\" \/>\n<meta name=\"twitter:card\" content=\"summary_large_image\" \/>\n<meta name=\"twitter:label1\" content=\"\u01af\u1edbc t\u00ednh th\u1eddi gian \u0111\u1ecdc\" \/>\n\t<meta name=\"twitter:data1\" content=\"3 ph\u00fat\" \/>\n<script type=\"application\/ld+json\" class=\"yoast-schema-graph\">{\"@context\":\"https:\/\/schema.org\",\"@graph\":[{\"@type\":\"WebPage\",\"@id\":\"https:\/\/omanivietnam.com\/index.php\/san-pham\/oriental-ubm590-503\/\",\"url\":\"https:\/\/omanivietnam.com\/index.php\/san-pham\/oriental-ubm590-503\/\",\"name\":\"ORIENTAL UBM590-503 - OMANI VI\u1ec6T NAM\",\"isPartOf\":{\"@id\":\"https:\/\/omanivietnam.com\/#website\"},\"primaryImageOfPage\":{\"@id\":\"https:\/\/omanivietnam.com\/index.php\/san-pham\/oriental-ubm590-503\/#primaryimage\"},\"image\":{\"@id\":\"https:\/\/omanivietnam.com\/index.php\/san-pham\/oriental-ubm590-503\/#primaryimage\"},\"thumbnailUrl\":\"https:\/\/omanivietnam.com\/wp-content\/uploads\/2024\/08\/UBM590-503.png\",\"datePublished\":\"2024-08-16T22:47:02+00:00\",\"dateModified\":\"2024-08-16T22:47:02+00:00\",\"breadcrumb\":{\"@id\":\"https:\/\/omanivietnam.com\/index.php\/san-pham\/oriental-ubm590-503\/#breadcrumb\"},\"inLanguage\":\"vi\",\"potentialAction\":[{\"@type\":\"ReadAction\",\"target\":[\"https:\/\/omanivietnam.com\/index.php\/san-pham\/oriental-ubm590-503\/\"]}]},{\"@type\":\"ImageObject\",\"inLanguage\":\"vi\",\"@id\":\"https:\/\/omanivietnam.com\/index.php\/san-pham\/oriental-ubm590-503\/#primaryimage\",\"url\":\"https:\/\/omanivietnam.com\/wp-content\/uploads\/2024\/08\/UBM590-503.png\",\"contentUrl\":\"https:\/\/omanivietnam.com\/wp-content\/uploads\/2024\/08\/UBM590-503.png\",\"width\":485,\"height\":438},{\"@type\":\"BreadcrumbList\",\"@id\":\"https:\/\/omanivietnam.com\/index.php\/san-pham\/oriental-ubm590-503\/#breadcrumb\",\"itemListElement\":[{\"@type\":\"ListItem\",\"position\":1,\"name\":\"Home\",\"item\":\"https:\/\/omanivietnam.com\/\"},{\"@type\":\"ListItem\",\"position\":2,\"name\":\"S\u1ea2N PH\u1ea8M\",\"item\":\"https:\/\/omanivietnam.com\/index.php\/cua-hang\/\"},{\"@type\":\"ListItem\",\"position\":3,\"name\":\"ORIENTAL UBM590-503\"}]},{\"@type\":\"WebSite\",\"@id\":\"https:\/\/omanivietnam.com\/#website\",\"url\":\"https:\/\/omanivietnam.com\/\",\"name\":\"OMANI VI\u1ec6T NAM\",\"description\":\"Nh\u00e0 ph\u00e2n ph\u1ed1i thi\u1ebft b\u1ecb kh\u00ed n\u00e9n v\u00e0 thi\u1ebft b\u1ecb t\u1ef1 \u0111\u1ed9ng h\u00f3a trong c\u00f4ng nghi\u1ec7p\",\"publisher\":{\"@id\":\"https:\/\/omanivietnam.com\/#\/schema\/person\/0ad398a980dc3fd696111c2c5c8fa897\"},\"potentialAction\":[{\"@type\":\"SearchAction\",\"target\":{\"@type\":\"EntryPoint\",\"urlTemplate\":\"https:\/\/omanivietnam.com\/?s={search_term_string}\"},\"query-input\":\"required name=search_term_string\"}],\"inLanguage\":\"vi\"},{\"@type\":[\"Person\",\"Organization\"],\"@id\":\"https:\/\/omanivietnam.com\/#\/schema\/person\/0ad398a980dc3fd696111c2c5c8fa897\",\"name\":\"Nguy\u1ec5n V\u0103n Kh\u00e1nh\",\"image\":{\"@type\":\"ImageObject\",\"inLanguage\":\"vi\",\"@id\":\"https:\/\/omanivietnam.com\/#\/schema\/person\/image\/\",\"url\":\"https:\/\/omanivietnam.com\/wp-content\/uploads\/2024\/06\/logo-1024x1024.png\",\"contentUrl\":\"https:\/\/omanivietnam.com\/wp-content\/uploads\/2024\/06\/logo-1024x1024.png\",\"width\":1024,\"height\":1024,\"caption\":\"Nguy\u1ec5n V\u0103n Kh\u00e1nh\"},\"logo\":{\"@id\":\"https:\/\/omanivietnam.com\/#\/schema\/person\/image\/\"},\"sameAs\":[\"https:\/\/omanivietnam.com\"]}]}<\/script>\n<!-- \/ Yoast SEO plugin. -->","yoast_head_json":{"title":"ORIENTAL UBM590-503 - OMANI VI\u1ec6T NAM","robots":{"index":"index","follow":"follow","max-snippet":"max-snippet:-1","max-image-preview":"max-image-preview:large","max-video-preview":"max-video-preview:-1"},"canonical":"https:\/\/omanivietnam.com\/index.php\/san-pham\/oriental-ubm590-503\/","og_locale":"vi_VN","og_type":"article","og_title":"ORIENTAL UBM590-503 - OMANI VI\u1ec6T NAM","og_description":"ORIENTAL UBM590-503 Induction Motor With Switch Enclosure UB Series (UBM590-503) \u2013 Induction Motor with Switch Enclosure UB Series from ORIENTAL MOTOR. \u2013 Switch enclosure with built-in capacitors and switches. \u2013 A lineup that includes single-phase 100 VAC, single-phase 200 VAC, and three-phase 200 VAC specifications as well as output power&hellip;","og_url":"https:\/\/omanivietnam.com\/index.php\/san-pham\/oriental-ubm590-503\/","og_site_name":"OMANI VI\u1ec6T NAM","og_image":[{"width":485,"height":438,"url":"https:\/\/omanivietnam.com\/wp-content\/uploads\/2024\/08\/UBM590-503.png","type":"image\/png"}],"twitter_card":"summary_large_image","twitter_misc":{"\u01af\u1edbc t\u00ednh th\u1eddi gian \u0111\u1ecdc":"3 ph\u00fat"},"schema":{"@context":"https:\/\/schema.org","@graph":[{"@type":"WebPage","@id":"https:\/\/omanivietnam.com\/index.php\/san-pham\/oriental-ubm590-503\/","url":"https:\/\/omanivietnam.com\/index.php\/san-pham\/oriental-ubm590-503\/","name":"ORIENTAL UBM590-503 - OMANI VI\u1ec6T NAM","isPartOf":{"@id":"https:\/\/omanivietnam.com\/#website"},"primaryImageOfPage":{"@id":"https:\/\/omanivietnam.com\/index.php\/san-pham\/oriental-ubm590-503\/#primaryimage"},"image":{"@id":"https:\/\/omanivietnam.com\/index.php\/san-pham\/oriental-ubm590-503\/#primaryimage"},"thumbnailUrl":"https:\/\/omanivietnam.com\/wp-content\/uploads\/2024\/08\/UBM590-503.png","datePublished":"2024-08-16T22:47:02+00:00","dateModified":"2024-08-16T22:47:02+00:00","breadcrumb":{"@id":"https:\/\/omanivietnam.com\/index.php\/san-pham\/oriental-ubm590-503\/#breadcrumb"},"inLanguage":"vi","potentialAction":[{"@type":"ReadAction","target":["https:\/\/omanivietnam.com\/index.php\/san-pham\/oriental-ubm590-503\/"]}]},{"@type":"ImageObject","inLanguage":"vi","@id":"https:\/\/omanivietnam.com\/index.php\/san-pham\/oriental-ubm590-503\/#primaryimage","url":"https:\/\/omanivietnam.com\/wp-content\/uploads\/2024\/08\/UBM590-503.png","contentUrl":"https:\/\/omanivietnam.com\/wp-content\/uploads\/2024\/08\/UBM590-503.png","width":485,"height":438},{"@type":"BreadcrumbList","@id":"https:\/\/omanivietnam.com\/index.php\/san-pham\/oriental-ubm590-503\/#breadcrumb","itemListElement":[{"@type":"ListItem","position":1,"name":"Home","item":"https:\/\/omanivietnam.com\/"},{"@type":"ListItem","position":2,"name":"S\u1ea2N PH\u1ea8M","item":"https:\/\/omanivietnam.com\/index.php\/cua-hang\/"},{"@type":"ListItem","position":3,"name":"ORIENTAL UBM590-503"}]},{"@type":"WebSite","@id":"https:\/\/omanivietnam.com\/#website","url":"https:\/\/omanivietnam.com\/","name":"OMANI VI\u1ec6T NAM","description":"Nh\u00e0 ph\u00e2n ph\u1ed1i thi\u1ebft b\u1ecb kh\u00ed n\u00e9n v\u00e0 thi\u1ebft b\u1ecb t\u1ef1 \u0111\u1ed9ng h\u00f3a trong c\u00f4ng nghi\u1ec7p","publisher":{"@id":"https:\/\/omanivietnam.com\/#\/schema\/person\/0ad398a980dc3fd696111c2c5c8fa897"},"potentialAction":[{"@type":"SearchAction","target":{"@type":"EntryPoint","urlTemplate":"https:\/\/omanivietnam.com\/?s={search_term_string}"},"query-input":"required name=search_term_string"}],"inLanguage":"vi"},{"@type":["Person","Organization"],"@id":"https:\/\/omanivietnam.com\/#\/schema\/person\/0ad398a980dc3fd696111c2c5c8fa897","name":"Nguy\u1ec5n V\u0103n Kh\u00e1nh","image":{"@type":"ImageObject","inLanguage":"vi","@id":"https:\/\/omanivietnam.com\/#\/schema\/person\/image\/","url":"https:\/\/omanivietnam.com\/wp-content\/uploads\/2024\/06\/logo-1024x1024.png","contentUrl":"https:\/\/omanivietnam.com\/wp-content\/uploads\/2024\/06\/logo-1024x1024.png","width":1024,"height":1024,"caption":"Nguy\u1ec5n V\u0103n Kh\u00e1nh"},"logo":{"@id":"https:\/\/omanivietnam.com\/#\/schema\/person\/image\/"},"sameAs":["https:\/\/omanivietnam.com"]}]}},"_links":{"self":[{"href":"https:\/\/omanivietnam.com\/index.php\/wp-json\/wp\/v2\/product\/1472","targetHints":{"allow":["GET"]}}],"collection":[{"href":"https:\/\/omanivietnam.com\/index.php\/wp-json\/wp\/v2\/product"}],"about":[{"href":"https:\/\/omanivietnam.com\/index.php\/wp-json\/wp\/v2\/types\/product"}],"replies":[{"embeddable":true,"href":"https:\/\/omanivietnam.com\/index.php\/wp-json\/wp\/v2\/comments?post=1472"}],"wp:featuredmedia":[{"embeddable":true,"href":"https:\/\/omanivietnam.com\/index.php\/wp-json\/wp\/v2\/media\/1473"}],"wp:attachment":[{"href":"https:\/\/omanivietnam.com\/index.php\/wp-json\/wp\/v2\/media?parent=1472"}],"wp:term":[{"taxonomy":"product_cat","embeddable":true,"href":"https:\/\/omanivietnam.com\/index.php\/wp-json\/wp\/v2\/product_cat?post=1472"},{"taxonomy":"product_tag","embeddable":true,"href":"https:\/\/omanivietnam.com\/index.php\/wp-json\/wp\/v2\/product_tag?post=1472"}],"curies":[{"name":"wp","href":"https:\/\/api.w.org\/{rel}","templated":true}]}}