{"id":1477,"date":"2024-08-18T05:34:02","date_gmt":"2024-08-17T22:34:02","guid":{"rendered":"https:\/\/omanivietnam.com\/?post_type=product&#038;p=1477"},"modified":"2024-08-18T05:34:56","modified_gmt":"2024-08-17T22:34:56","slug":"allen-bradley-872c-d3np12-e2","status":"publish","type":"product","link":"https:\/\/omanivietnam.com\/index.php\/san-pham\/allen-bradley-872c-d3np12-e2\/","title":{"rendered":"ALLEN BRADLEY 872C-D3NP12-E2"},"content":{"rendered":"<p>ALLEN BRADLEY 872C-D3NP12-E2<\/p>\n<p class=\"description\">RightSight Photosensor, 18 mm Cylindrical, Front Through Hole, Standard Diffuse, Visible Red, 500 mm, Manually Adjustable, PNP, DC Complementary LO\/DO, 2 m (6.5 ft) Cable<\/p>\n<div>\n<p class=\"productTable__tableHeader\">Technical Specifications<\/p>\n<\/div>\n<div class=\"productTable__tableSectionContainer\">\n<p class=\"productTable__tableSectionHeader\">Mechanical<\/p>\n<table class=\"productTable__tableSection\">\n<tbody>\n<tr>\n<th class=\"productTable__tableCell\">Degree of protection (NEMA)<\/th>\n<td class=\"productTable__tableCell\">6P<\/td>\n<\/tr>\n<tr>\n<th class=\"productTable__tableCell\">Degree of protection (IP)<\/th>\n<td class=\"productTable__tableCell\">IP67<\/td>\n<\/tr>\n<tr>\n<th class=\"productTable__tableCell\">Width sensor<\/th>\n<td class=\"productTable__tableCell\">27 mm<\/td>\n<\/tr>\n<tr>\n<th class=\"productTable__tableCell\">Height of sensor<\/th>\n<td class=\"productTable__tableCell\">46.7 mm<\/td>\n<\/tr>\n<tr>\n<th class=\"productTable__tableCell\">Length of sensor<\/th>\n<td class=\"productTable__tableCell\">34.5 mm<\/td>\n<\/tr>\n<tr>\n<th class=\"productTable__tableCell\">Spot size<\/th>\n<td class=\"productTable__tableCell\">48.3 mm @ 500 mm<\/td>\n<\/tr>\n<tr>\n<th class=\"productTable__tableCell\">Sensing mode<\/th>\n<td class=\"productTable__tableCell\">Standard diffuse<\/td>\n<\/tr>\n<tr>\n<th class=\"productTable__tableCell\">List of degrees of protection (NEMA)<\/th>\n<td class=\"productTable__tableCell\">4X, 6P<\/td>\n<\/tr>\n<tr>\n<th class=\"productTable__tableCell\">Vibration<\/th>\n<td class=\"productTable__tableCell\">10&#8230;55 Hz, 1 mm amplitude, meets or exceeds IEC 60947-5-2<\/td>\n<\/tr>\n<tr>\n<th class=\"productTable__tableCell\">Shock<\/th>\n<td class=\"productTable__tableCell\">30 G with 1 ms pulse duration, meets or exceeds IEC 60947-5-2<\/td>\n<\/tr>\n<tr>\n<th class=\"productTable__tableCell\">AWG-number<\/th>\n<td class=\"productTable__tableCell\">22<\/td>\n<\/tr>\n<tr>\n<th class=\"productTable__tableCell\">Sensing distance designator<\/th>\n<td class=\"productTable__tableCell\">TBD<\/td>\n<\/tr>\n<tr>\n<th class=\"productTable__tableCell\">List of degrees of protection (IP)<\/th>\n<td class=\"productTable__tableCell\">IP67 (IEC 529), 1200 psi (8270 kPa) washdown<\/td>\n<\/tr>\n<\/tbody>\n<\/table>\n<div><\/div>\n<div class=\"productTable__sectionGap\"><\/div>\n<h3 class=\"productTable__tableSectionHeader\">Electrical<\/h3>\n<table class=\"productTable__tableSection\">\n<tbody>\n<tr>\n<th class=\"productTable__tableCell\">Max. output current<\/th>\n<td class=\"productTable__tableCell\">100 mA<\/td>\n<\/tr>\n<tr>\n<th class=\"productTable__tableCell\">Response time<\/th>\n<td class=\"productTable__tableCell\">1 ms<\/td>\n<\/tr>\n<tr>\n<th class=\"productTable__tableCell\">Voltage type<\/th>\n<td class=\"productTable__tableCell\">DC<\/td>\n<\/tr>\n<tr>\n<th class=\"productTable__tableCell\">Rated control supply voltage at DC<\/th>\n<td class=\"productTable__tableCell\">10.8 V<\/td>\n<\/tr>\n<tr>\n<th class=\"productTable__tableCell\">Type of switching output<\/th>\n<td class=\"productTable__tableCell\">PNP<\/td>\n<\/tr>\n<tr>\n<th class=\"productTable__tableCell\">Type of electric connection<\/th>\n<td class=\"productTable__tableCell\">Cable<\/td>\n<\/tr>\n<tr>\n<th class=\"productTable__tableCell\">Type of light<\/th>\n<td class=\"productTable__tableCell\">Other<\/td>\n<\/tr>\n<tr>\n<th class=\"productTable__tableCell\">Lens material<\/th>\n<td class=\"productTable__tableCell\">Acrylic<\/td>\n<\/tr>\n<tr>\n<th class=\"productTable__tableCell\">Light source<\/th>\n<td class=\"productTable__tableCell\">Visible red<\/td>\n<\/tr>\n<tr>\n<th class=\"productTable__tableCell\">Operating voltage\/mode<\/th>\n<td class=\"productTable__tableCell\">DC &#8211; complementary light or dark operate<\/td>\n<\/tr>\n<tr>\n<th class=\"productTable__tableCell\">Output type<\/th>\n<td class=\"productTable__tableCell\">PNP<\/td>\n<\/tr>\n<tr>\n<th class=\"productTable__tableCell\">Connection type<\/th>\n<td class=\"productTable__tableCell\">2 m cable<\/td>\n<\/tr>\n<tr>\n<th class=\"productTable__tableCell\">Sensitivity adjustment<\/th>\n<td class=\"productTable__tableCell\">Manually adjustable<\/td>\n<\/tr>\n<tr>\n<th class=\"productTable__tableCell\">Protection type<\/th>\n<td class=\"productTable__tableCell\">Short circuit, reverse polarity, false pulse, overload<\/td>\n<\/tr>\n<tr>\n<th class=\"productTable__tableCell\">Leakage current<\/th>\n<td class=\"productTable__tableCell\">DC: 0.1 mA, max, AC: 0.4 mA, max<\/td>\n<\/tr>\n<tr>\n<th class=\"productTable__tableCell\">LED status<\/th>\n<td class=\"productTable__tableCell\">Yellow (for DC models, output and margin LEDs alternate flashing when SCP is active), OFF: output de-energized, label: output de-energized, ON: output energized, label: output energized, Flashing: short circuit protection (SCP) active<\/td>\n<\/tr>\n<tr>\n<th class=\"productTable__tableCell\">Current consumption<\/th>\n<td class=\"productTable__tableCell\">35 mA DC max, 15 mA AC max<\/td>\n<\/tr>\n<\/tbody>\n<\/table>\n<div><\/div>\n<div class=\"productTable__sectionGap\"><\/div>\n<h3 class=\"productTable__tableSectionHeader\">Construction<\/h3>\n<table class=\"productTable__tableSection\">\n<tbody>\n<tr>\n<th class=\"productTable__tableCell\">Material housing<\/th>\n<td class=\"productTable__tableCell\">Other<\/td>\n<\/tr>\n<tr>\n<th class=\"productTable__tableCell\">Housing material<\/th>\n<td class=\"productTable__tableCell\">Mindel\u2122<\/td>\n<\/tr>\n<tr>\n<th class=\"productTable__tableCell\">Material of cable sheath<\/th>\n<td class=\"productTable__tableCell\">Polyvinyl chloride (PVC)<\/td>\n<\/tr>\n<tr>\n<th class=\"productTable__tableCell\">Cover material<\/th>\n<td class=\"productTable__tableCell\">Udel\u2122<\/td>\n<\/tr>\n<\/tbody>\n<\/table>\n<div><\/div>\n<div class=\"productTable__sectionGap\"><\/div>\n<h3 class=\"productTable__tableSectionHeader\">Environmental<\/h3>\n<table class=\"productTable__tableSection\">\n<tbody>\n<tr>\n<th class=\"productTable__tableCell\">Field of view<\/th>\n<td class=\"productTable__tableCell\">5 \u00b0<\/td>\n<\/tr>\n<tr>\n<th class=\"productTable__tableCell\">Relative humidity<\/th>\n<td class=\"productTable__tableCell\">5&#8230;95% (noncondensing)<\/td>\n<\/tr>\n<tr>\n<th class=\"productTable__tableCell\">Ambient light immunity<\/th>\n<td class=\"productTable__tableCell\">Incandescent light 5000 lux<\/td>\n<\/tr>\n<tr>\n<th class=\"productTable__tableCell\">Operating temperature<\/th>\n<td class=\"productTable__tableCell\">-25 to 70 \u00b0C (-13 to 158 \u00b0F) @ 132V AC\/DC<\/td>\n<\/tr>\n<\/tbody>\n<\/table>\n<\/div>\n<div class=\"productTable__tableSectionContainer\">\n<div>C\u00e1c m\u00e3 h\u00e0ng t\u01b0\u01a1ng t\u1ef1:<\/div>\n<\/div>\n<div><\/div>\n<div>42GRU-9001<\/div>\n<div>42EF-D1MPAK-A2<\/div>\n<div>42EF-D2MPAK-A2<\/div>\n<div>872C-D3NP12-E2<\/div>\n<div>872C-D2NP8-E2<\/div>\n<div><\/div>\n<div>\n<p>\u0110\u1ea1i l\u00fd ALLEN BRADLEY vietnam, ALLEN BRADLEY viet nam, ALLEN BRADLEY vietnam distributor, Ph\u00e2n ph\u1ed1i ALLEN BRADLEY t\u1ea1i vi\u1ec7t nam<\/p>\n<p>\u0110\u1ea1i l\u00fd ALLEN BRADLEY vietnam, ALLEN BRADLEY viet nam, ALLEN BRADLEY vietnam distributor, Ph\u00e2n ph\u1ed1i ALLEN BRADLEY t\u1ea1i vi\u1ec7t nam<\/p>\n<p>\u0110\u1ea1i l\u00fd ALLEN BRADLEY vietnam, ALLEN BRADLEY viet nam, ALLEN BRADLEY vietnam distributor, Ph\u00e2n ph\u1ed1i ALLEN BRADLEY t\u1ea1i vi\u1ec7t nam<\/p>\n<p>\u0110\u1ea1i l\u00fd ALLEN BRADLEY vietnam, ALLEN BRADLEY viet nam, ALLEN BRADLEY vietnam distributor, Ph\u00e2n ph\u1ed1i ALLEN BRADLEY t\u1ea1i vi\u1ec7t nam<\/p>\n<p>\u0110\u1ea1i l\u00fd ALLEN BRADLEY vietnam, ALLEN BRADLEY viet nam, ALLEN BRADLEY vietnam distributor, Ph\u00e2n ph\u1ed1i ALLEN BRADLEY t\u1ea1i vi\u1ec7t nam<\/p>\n<\/div>\n","protected":false},"excerpt":{"rendered":"<p>ALLEN BRADLEY 872C-D3NP12-E2 RightSight Photosensor, 18 mm Cylindrical, Front Through Hole, Standard Diffuse, Visible Red, 500 mm, Manually Adjustable, PNP, DC Complementary LO\/DO, 2 m (6.5 ft) Cable Technical Specifications Mechanical Degree of protection (NEMA) 6P Degree of protection (IP) IP67 Width sensor 27 mm Height of sensor 46.7 mm&hellip; <\/p>\n","protected":false},"featured_media":1478,"comment_status":"open","ping_status":"closed","template":"","meta":[],"product_cat":[295],"product_tag":[178,88,179],"class_list":{"0":"post-1477","1":"product","2":"type-product","3":"status-publish","4":"has-post-thumbnail","6":"product_cat-allen-bradley","7":"product_tag-allen-bradley-viet-nam","8":"product_tag-cam-bien","9":"product_tag-dai-ly-allen-bradley-viet-nam","11":"first","12":"instock","13":"shipping-taxable","14":"product-type-simple"},"yoast_head":"<!-- This site is optimized with the Yoast SEO plugin v22.8 - https:\/\/yoast.com\/wordpress\/plugins\/seo\/ -->\n<title>ALLEN BRADLEY 872C-D3NP12-E2 - OMANI VI\u1ec6T NAM<\/title>\n<meta name=\"robots\" content=\"index, follow, max-snippet:-1, max-image-preview:large, max-video-preview:-1\" \/>\n<link rel=\"canonical\" href=\"https:\/\/omanivietnam.com\/index.php\/san-pham\/allen-bradley-872c-d3np12-e2\/\" \/>\n<meta property=\"og:locale\" content=\"vi_VN\" \/>\n<meta property=\"og:type\" content=\"article\" \/>\n<meta property=\"og:title\" content=\"ALLEN BRADLEY 872C-D3NP12-E2 - OMANI VI\u1ec6T NAM\" \/>\n<meta property=\"og:description\" content=\"ALLEN BRADLEY 872C-D3NP12-E2 RightSight Photosensor, 18 mm Cylindrical, Front Through Hole, Standard Diffuse, Visible Red, 500 mm, Manually Adjustable, PNP, DC Complementary LO\/DO, 2 m (6.5 ft) Cable Technical Specifications Mechanical Degree of protection (NEMA) 6P Degree of protection (IP) IP67 Width sensor 27 mm Height of sensor 46.7 mm&hellip;\" \/>\n<meta property=\"og:url\" content=\"https:\/\/omanivietnam.com\/index.php\/san-pham\/allen-bradley-872c-d3np12-e2\/\" \/>\n<meta property=\"og:site_name\" content=\"OMANI VI\u1ec6T NAM\" \/>\n<meta property=\"article:modified_time\" content=\"2024-08-17T22:34:56+00:00\" \/>\n<meta property=\"og:image\" content=\"https:\/\/omanivietnam.com\/wp-content\/uploads\/2024\/08\/872C-D3NP12-E2.png\" \/>\n\t<meta property=\"og:image:width\" content=\"615\" \/>\n\t<meta property=\"og:image:height\" content=\"431\" \/>\n\t<meta property=\"og:image:type\" content=\"image\/png\" \/>\n<meta name=\"twitter:card\" content=\"summary_large_image\" \/>\n<meta name=\"twitter:label1\" content=\"\u01af\u1edbc t\u00ednh th\u1eddi gian \u0111\u1ecdc\" \/>\n\t<meta name=\"twitter:data1\" content=\"3 ph\u00fat\" \/>\n<script type=\"application\/ld+json\" class=\"yoast-schema-graph\">{\"@context\":\"https:\/\/schema.org\",\"@graph\":[{\"@type\":\"WebPage\",\"@id\":\"https:\/\/omanivietnam.com\/index.php\/san-pham\/allen-bradley-872c-d3np12-e2\/\",\"url\":\"https:\/\/omanivietnam.com\/index.php\/san-pham\/allen-bradley-872c-d3np12-e2\/\",\"name\":\"ALLEN BRADLEY 872C-D3NP12-E2 - OMANI VI\u1ec6T NAM\",\"isPartOf\":{\"@id\":\"https:\/\/omanivietnam.com\/#website\"},\"primaryImageOfPage\":{\"@id\":\"https:\/\/omanivietnam.com\/index.php\/san-pham\/allen-bradley-872c-d3np12-e2\/#primaryimage\"},\"image\":{\"@id\":\"https:\/\/omanivietnam.com\/index.php\/san-pham\/allen-bradley-872c-d3np12-e2\/#primaryimage\"},\"thumbnailUrl\":\"https:\/\/omanivietnam.com\/wp-content\/uploads\/2024\/08\/872C-D3NP12-E2.png\",\"datePublished\":\"2024-08-17T22:34:02+00:00\",\"dateModified\":\"2024-08-17T22:34:56+00:00\",\"breadcrumb\":{\"@id\":\"https:\/\/omanivietnam.com\/index.php\/san-pham\/allen-bradley-872c-d3np12-e2\/#breadcrumb\"},\"inLanguage\":\"vi\",\"potentialAction\":[{\"@type\":\"ReadAction\",\"target\":[\"https:\/\/omanivietnam.com\/index.php\/san-pham\/allen-bradley-872c-d3np12-e2\/\"]}]},{\"@type\":\"ImageObject\",\"inLanguage\":\"vi\",\"@id\":\"https:\/\/omanivietnam.com\/index.php\/san-pham\/allen-bradley-872c-d3np12-e2\/#primaryimage\",\"url\":\"https:\/\/omanivietnam.com\/wp-content\/uploads\/2024\/08\/872C-D3NP12-E2.png\",\"contentUrl\":\"https:\/\/omanivietnam.com\/wp-content\/uploads\/2024\/08\/872C-D3NP12-E2.png\",\"width\":615,\"height\":431},{\"@type\":\"BreadcrumbList\",\"@id\":\"https:\/\/omanivietnam.com\/index.php\/san-pham\/allen-bradley-872c-d3np12-e2\/#breadcrumb\",\"itemListElement\":[{\"@type\":\"ListItem\",\"position\":1,\"name\":\"Home\",\"item\":\"https:\/\/omanivietnam.com\/\"},{\"@type\":\"ListItem\",\"position\":2,\"name\":\"S\u1ea2N PH\u1ea8M\",\"item\":\"https:\/\/omanivietnam.com\/index.php\/cua-hang\/\"},{\"@type\":\"ListItem\",\"position\":3,\"name\":\"ALLEN BRADLEY 872C-D3NP12-E2\"}]},{\"@type\":\"WebSite\",\"@id\":\"https:\/\/omanivietnam.com\/#website\",\"url\":\"https:\/\/omanivietnam.com\/\",\"name\":\"OMANI VI\u1ec6T NAM\",\"description\":\"Nh\u00e0 ph\u00e2n ph\u1ed1i thi\u1ebft b\u1ecb kh\u00ed n\u00e9n v\u00e0 thi\u1ebft b\u1ecb t\u1ef1 \u0111\u1ed9ng h\u00f3a trong c\u00f4ng nghi\u1ec7p\",\"publisher\":{\"@id\":\"https:\/\/omanivietnam.com\/#\/schema\/person\/0ad398a980dc3fd696111c2c5c8fa897\"},\"potentialAction\":[{\"@type\":\"SearchAction\",\"target\":{\"@type\":\"EntryPoint\",\"urlTemplate\":\"https:\/\/omanivietnam.com\/?s={search_term_string}\"},\"query-input\":\"required name=search_term_string\"}],\"inLanguage\":\"vi\"},{\"@type\":[\"Person\",\"Organization\"],\"@id\":\"https:\/\/omanivietnam.com\/#\/schema\/person\/0ad398a980dc3fd696111c2c5c8fa897\",\"name\":\"Nguy\u1ec5n V\u0103n Kh\u00e1nh\",\"image\":{\"@type\":\"ImageObject\",\"inLanguage\":\"vi\",\"@id\":\"https:\/\/omanivietnam.com\/#\/schema\/person\/image\/\",\"url\":\"https:\/\/omanivietnam.com\/wp-content\/uploads\/2024\/06\/logo-1024x1024.png\",\"contentUrl\":\"https:\/\/omanivietnam.com\/wp-content\/uploads\/2024\/06\/logo-1024x1024.png\",\"width\":1024,\"height\":1024,\"caption\":\"Nguy\u1ec5n V\u0103n Kh\u00e1nh\"},\"logo\":{\"@id\":\"https:\/\/omanivietnam.com\/#\/schema\/person\/image\/\"},\"sameAs\":[\"https:\/\/omanivietnam.com\"]}]}<\/script>\n<!-- \/ Yoast SEO plugin. -->","yoast_head_json":{"title":"ALLEN BRADLEY 872C-D3NP12-E2 - OMANI VI\u1ec6T NAM","robots":{"index":"index","follow":"follow","max-snippet":"max-snippet:-1","max-image-preview":"max-image-preview:large","max-video-preview":"max-video-preview:-1"},"canonical":"https:\/\/omanivietnam.com\/index.php\/san-pham\/allen-bradley-872c-d3np12-e2\/","og_locale":"vi_VN","og_type":"article","og_title":"ALLEN BRADLEY 872C-D3NP12-E2 - OMANI VI\u1ec6T NAM","og_description":"ALLEN BRADLEY 872C-D3NP12-E2 RightSight Photosensor, 18 mm Cylindrical, Front Through Hole, Standard Diffuse, Visible Red, 500 mm, Manually Adjustable, PNP, DC Complementary LO\/DO, 2 m (6.5 ft) Cable Technical Specifications Mechanical Degree of protection (NEMA) 6P Degree of protection (IP) IP67 Width sensor 27 mm Height of sensor 46.7 mm&hellip;","og_url":"https:\/\/omanivietnam.com\/index.php\/san-pham\/allen-bradley-872c-d3np12-e2\/","og_site_name":"OMANI VI\u1ec6T NAM","article_modified_time":"2024-08-17T22:34:56+00:00","og_image":[{"width":615,"height":431,"url":"https:\/\/omanivietnam.com\/wp-content\/uploads\/2024\/08\/872C-D3NP12-E2.png","type":"image\/png"}],"twitter_card":"summary_large_image","twitter_misc":{"\u01af\u1edbc t\u00ednh th\u1eddi gian \u0111\u1ecdc":"3 ph\u00fat"},"schema":{"@context":"https:\/\/schema.org","@graph":[{"@type":"WebPage","@id":"https:\/\/omanivietnam.com\/index.php\/san-pham\/allen-bradley-872c-d3np12-e2\/","url":"https:\/\/omanivietnam.com\/index.php\/san-pham\/allen-bradley-872c-d3np12-e2\/","name":"ALLEN BRADLEY 872C-D3NP12-E2 - OMANI VI\u1ec6T NAM","isPartOf":{"@id":"https:\/\/omanivietnam.com\/#website"},"primaryImageOfPage":{"@id":"https:\/\/omanivietnam.com\/index.php\/san-pham\/allen-bradley-872c-d3np12-e2\/#primaryimage"},"image":{"@id":"https:\/\/omanivietnam.com\/index.php\/san-pham\/allen-bradley-872c-d3np12-e2\/#primaryimage"},"thumbnailUrl":"https:\/\/omanivietnam.com\/wp-content\/uploads\/2024\/08\/872C-D3NP12-E2.png","datePublished":"2024-08-17T22:34:02+00:00","dateModified":"2024-08-17T22:34:56+00:00","breadcrumb":{"@id":"https:\/\/omanivietnam.com\/index.php\/san-pham\/allen-bradley-872c-d3np12-e2\/#breadcrumb"},"inLanguage":"vi","potentialAction":[{"@type":"ReadAction","target":["https:\/\/omanivietnam.com\/index.php\/san-pham\/allen-bradley-872c-d3np12-e2\/"]}]},{"@type":"ImageObject","inLanguage":"vi","@id":"https:\/\/omanivietnam.com\/index.php\/san-pham\/allen-bradley-872c-d3np12-e2\/#primaryimage","url":"https:\/\/omanivietnam.com\/wp-content\/uploads\/2024\/08\/872C-D3NP12-E2.png","contentUrl":"https:\/\/omanivietnam.com\/wp-content\/uploads\/2024\/08\/872C-D3NP12-E2.png","width":615,"height":431},{"@type":"BreadcrumbList","@id":"https:\/\/omanivietnam.com\/index.php\/san-pham\/allen-bradley-872c-d3np12-e2\/#breadcrumb","itemListElement":[{"@type":"ListItem","position":1,"name":"Home","item":"https:\/\/omanivietnam.com\/"},{"@type":"ListItem","position":2,"name":"S\u1ea2N PH\u1ea8M","item":"https:\/\/omanivietnam.com\/index.php\/cua-hang\/"},{"@type":"ListItem","position":3,"name":"ALLEN BRADLEY 872C-D3NP12-E2"}]},{"@type":"WebSite","@id":"https:\/\/omanivietnam.com\/#website","url":"https:\/\/omanivietnam.com\/","name":"OMANI VI\u1ec6T NAM","description":"Nh\u00e0 ph\u00e2n ph\u1ed1i thi\u1ebft b\u1ecb kh\u00ed n\u00e9n v\u00e0 thi\u1ebft b\u1ecb t\u1ef1 \u0111\u1ed9ng h\u00f3a trong c\u00f4ng nghi\u1ec7p","publisher":{"@id":"https:\/\/omanivietnam.com\/#\/schema\/person\/0ad398a980dc3fd696111c2c5c8fa897"},"potentialAction":[{"@type":"SearchAction","target":{"@type":"EntryPoint","urlTemplate":"https:\/\/omanivietnam.com\/?s={search_term_string}"},"query-input":"required name=search_term_string"}],"inLanguage":"vi"},{"@type":["Person","Organization"],"@id":"https:\/\/omanivietnam.com\/#\/schema\/person\/0ad398a980dc3fd696111c2c5c8fa897","name":"Nguy\u1ec5n V\u0103n Kh\u00e1nh","image":{"@type":"ImageObject","inLanguage":"vi","@id":"https:\/\/omanivietnam.com\/#\/schema\/person\/image\/","url":"https:\/\/omanivietnam.com\/wp-content\/uploads\/2024\/06\/logo-1024x1024.png","contentUrl":"https:\/\/omanivietnam.com\/wp-content\/uploads\/2024\/06\/logo-1024x1024.png","width":1024,"height":1024,"caption":"Nguy\u1ec5n V\u0103n Kh\u00e1nh"},"logo":{"@id":"https:\/\/omanivietnam.com\/#\/schema\/person\/image\/"},"sameAs":["https:\/\/omanivietnam.com"]}]}},"_links":{"self":[{"href":"https:\/\/omanivietnam.com\/index.php\/wp-json\/wp\/v2\/product\/1477","targetHints":{"allow":["GET"]}}],"collection":[{"href":"https:\/\/omanivietnam.com\/index.php\/wp-json\/wp\/v2\/product"}],"about":[{"href":"https:\/\/omanivietnam.com\/index.php\/wp-json\/wp\/v2\/types\/product"}],"replies":[{"embeddable":true,"href":"https:\/\/omanivietnam.com\/index.php\/wp-json\/wp\/v2\/comments?post=1477"}],"wp:featuredmedia":[{"embeddable":true,"href":"https:\/\/omanivietnam.com\/index.php\/wp-json\/wp\/v2\/media\/1478"}],"wp:attachment":[{"href":"https:\/\/omanivietnam.com\/index.php\/wp-json\/wp\/v2\/media?parent=1477"}],"wp:term":[{"taxonomy":"product_cat","embeddable":true,"href":"https:\/\/omanivietnam.com\/index.php\/wp-json\/wp\/v2\/product_cat?post=1477"},{"taxonomy":"product_tag","embeddable":true,"href":"https:\/\/omanivietnam.com\/index.php\/wp-json\/wp\/v2\/product_tag?post=1477"}],"curies":[{"name":"wp","href":"https:\/\/api.w.org\/{rel}","templated":true}]}}