{"id":1483,"date":"2024-08-18T20:12:01","date_gmt":"2024-08-18T13:12:01","guid":{"rendered":"https:\/\/omanivietnam.com\/?post_type=product&#038;p=1483"},"modified":"2024-08-18T20:12:01","modified_gmt":"2024-08-18T13:12:01","slug":"festo-qsm-m7-6-i","status":"publish","type":"product","link":"https:\/\/omanivietnam.com\/index.php\/san-pham\/festo-qsm-m7-6-i\/","title":{"rendered":"FESTO QSM-M7-6-I"},"content":{"rendered":"<p>FESTO QSM-M7-6-I<\/p>\n<p class=\"m-h1\">Push-in Fitting, QSM Series\u301010 Pieces Per Package\u3011 (QSM-M7-6-I)<\/p>\n<p class=\"m-h2\">Product Description<\/p>\n<p>Push-in Fitting, QSM Series<br \/>\nOne-Touch Fitting is a joint used for connecting hoses, pipes, or tools. It offers a wide variety of sizes to choose from.<br \/>\n[Feature]<br \/>\n\u25cf Shape : Straight<br \/>\n\u25cf Applicable Tube O.D. (mm.) : 2, 3, 4 and 6<br \/>\n\u25cf Thread size : G1\/8, R1\/8, M3, M5, M6 and M7<br \/>\n\u25cf Operating Pressure Range (MPa) : -0.095 to 0.6<br \/>\n\u25cf Material<br \/>\nBody &#8211; PBT, Brass, Nickel-plated and Steel, Nickel-plated<br \/>\nReleasing ring material &#8211; POM<br \/>\n[Application]<br \/>\nIt is suitable for automation machine in pneumatic system<\/p>\n<p>&nbsp;<\/p>\n<p class=\"m-h3\"><span data-lang=\"ENG\">Configured Specifications<\/span><\/p>\n<table class=\"m-listTable\" summary=\"Price, Spec., etc.\">\n<colgroup>\n<col width=\"20%\" \/>\n<col width=\"30%\" \/>\n<col width=\"20%\" \/>\n<col width=\"30%\" \/><\/colgroup>\n<tbody>\n<tr>\n<th>Housing material<\/th>\n<td>Brass, Nickel-plated<\/td>\n<th>Nominal width(mm)<\/th>\n<td>4.1<\/td>\n<\/tr>\n<tr>\n<th>Size<\/th>\n<td>Mini<\/td>\n<th>Pack size<\/th>\n<td>10<\/td>\n<\/tr>\n<tr>\n<th>Min. Operating pressure(bar)<\/th>\n<td>-0.95<\/td>\n<th>Max. Operating pressure(bar)<\/th>\n<td>6<\/td>\n<\/tr>\n<tr>\n<th>Min. Ambient temperature(\u00b0C)<\/th>\n<td>-10<\/td>\n<th>Max. Ambient temperature(\u00b0C)<\/th>\n<td>80<\/td>\n<\/tr>\n<tr>\n<th>Pneumatic connection 1<\/th>\n<td>External thread M7<\/td>\n<th>Pneumatic connection 2<\/th>\n<td>for pneumatic tubing outside diameter 6 mm<\/td>\n<\/tr>\n<tr>\n<th>Releasing ring color<\/th>\n<td>Blue<\/td>\n<th>Nominal tightening torque(Nm)<\/th>\n<td>3.35<\/td>\n<\/tr>\n<tr class=\"VN_table-row\">\n<th>Operating medium<\/th>\n<td>Compressed air as per ISO 8573-1:2010 [7:-:-]<\/td>\n<th>Corrosion resistance class (CRC)<\/th>\n<td>1 &#8211; Low corrosion stress<\/td>\n<\/tr>\n<tr class=\"VN_table-row\">\n<th>Manufacturer part #<\/th>\n<td>153321<\/td>\n<th>Weight(g)<\/th>\n<td>6.4<\/td>\n<\/tr>\n<tr class=\"VN_table-row\">\n<th>RoHS<\/th>\n<td>10<\/td>\n<th>&#8211;<\/th>\n<td>&#8211;<\/td>\n<\/tr>\n<tr class=\"VN_table-row\">\n<td colspan=\"4\"><\/td>\n<\/tr>\n<\/tbody>\n<\/table>\n<p>&nbsp;<\/p>\n<p data-spm-anchor-id=\"a2o4n.pdp_revamp.0.i0.172f94f2nOxU9o\">C\u00e1c m\u00e3 h\u00e0ng t\u01b0\u01a1ng t\u1ef1:<\/p>\n<p class=\"pdp-mod-product-badge-title\" data-spm-anchor-id=\"a2o4n.pdp_revamp.0.i0.172f94f2nOxU9o\">QSM-M7-4-I 153319 QSM-M7-6-I 153321<\/p>\n<p>\u0110\u1ea1i l\u00fd FESTO vietnam, FESTO viet nam, FESTO vietnam distributor, Ph\u00e2n ph\u1ed1i FESTO t\u1ea1i vi\u1ec7t nam<\/p>\n<p>\u0110\u1ea1i l\u00fd FESTO vietnam, FESTO viet nam, FESTO vietnam distributor, Ph\u00e2n ph\u1ed1i FESTO t\u1ea1i vi\u1ec7t nam<\/p>\n<p>\u0110\u1ea1i l\u00fd FESTO vietnam, FESTO viet nam, FESTO vietnam distributor, Ph\u00e2n ph\u1ed1i FESTO t\u1ea1i vi\u1ec7t nam<\/p>\n<p>\u0110\u1ea1i l\u00fd FESTO vietnam, FESTO viet nam, FESTO vietnam distributor, Ph\u00e2n ph\u1ed1i FESTO t\u1ea1i vi\u1ec7t nam<\/p>\n<p>\u0110\u1ea1i l\u00fd FESTO vietnam, FESTO viet nam, FESTO vietnam distributor, Ph\u00e2n ph\u1ed1i FESTO t\u1ea1i vi\u1ec7t nam<\/p>\n","protected":false},"excerpt":{"rendered":"<p>FESTO QSM-M7-6-I Push-in Fitting, QSM Series\u301010 Pieces Per Package\u3011 (QSM-M7-6-I) Product Description Push-in Fitting, QSM Series One-Touch Fitting is a joint used for connecting hoses, pipes, or tools. It offers a wide variety of sizes to choose from. [Feature] \u25cf Shape : Straight \u25cf Applicable Tube O.D. (mm.) : 2,&hellip; <\/p>\n","protected":false},"featured_media":1484,"comment_status":"open","ping_status":"closed","template":"","meta":[],"product_cat":[284],"product_tag":[364,389,363],"class_list":{"0":"post-1483","1":"product","2":"type-product","3":"status-publish","4":"has-post-thumbnail","6":"product_cat-festo","7":"product_tag-dai-ly-festo-viet-nam","8":"product_tag-dau-noi-ong","9":"product_tag-festo-viet-nam","11":"first","12":"instock","13":"shipping-taxable","14":"product-type-simple"},"yoast_head":"<!-- This site is optimized with the Yoast SEO plugin v22.8 - https:\/\/yoast.com\/wordpress\/plugins\/seo\/ -->\n<title>FESTO QSM-M7-6-I - OMANI VI\u1ec6T NAM<\/title>\n<meta name=\"robots\" content=\"index, follow, max-snippet:-1, max-image-preview:large, max-video-preview:-1\" \/>\n<link rel=\"canonical\" href=\"https:\/\/omanivietnam.com\/index.php\/san-pham\/festo-qsm-m7-6-i\/\" \/>\n<meta property=\"og:locale\" content=\"vi_VN\" \/>\n<meta property=\"og:type\" content=\"article\" \/>\n<meta property=\"og:title\" content=\"FESTO QSM-M7-6-I - OMANI VI\u1ec6T NAM\" \/>\n<meta property=\"og:description\" content=\"FESTO QSM-M7-6-I Push-in Fitting, QSM Series\u301010 Pieces Per Package\u3011 (QSM-M7-6-I) Product Description Push-in Fitting, QSM Series One-Touch Fitting is a joint used for connecting hoses, pipes, or tools. It offers a wide variety of sizes to choose from. [Feature] \u25cf Shape : Straight \u25cf Applicable Tube O.D. (mm.) : 2,&hellip;\" \/>\n<meta property=\"og:url\" content=\"https:\/\/omanivietnam.com\/index.php\/san-pham\/festo-qsm-m7-6-i\/\" \/>\n<meta property=\"og:site_name\" content=\"OMANI VI\u1ec6T NAM\" \/>\n<meta property=\"og:image\" content=\"https:\/\/omanivietnam.com\/wp-content\/uploads\/2024\/08\/QSM-M7-6-I.png\" \/>\n\t<meta property=\"og:image:width\" content=\"521\" \/>\n\t<meta property=\"og:image:height\" content=\"529\" \/>\n\t<meta property=\"og:image:type\" content=\"image\/png\" \/>\n<meta name=\"twitter:card\" content=\"summary_large_image\" \/>\n<meta name=\"twitter:label1\" content=\"\u01af\u1edbc t\u00ednh th\u1eddi gian \u0111\u1ecdc\" \/>\n\t<meta name=\"twitter:data1\" content=\"2 ph\u00fat\" \/>\n<script type=\"application\/ld+json\" class=\"yoast-schema-graph\">{\"@context\":\"https:\/\/schema.org\",\"@graph\":[{\"@type\":\"WebPage\",\"@id\":\"https:\/\/omanivietnam.com\/index.php\/san-pham\/festo-qsm-m7-6-i\/\",\"url\":\"https:\/\/omanivietnam.com\/index.php\/san-pham\/festo-qsm-m7-6-i\/\",\"name\":\"FESTO QSM-M7-6-I - OMANI VI\u1ec6T NAM\",\"isPartOf\":{\"@id\":\"https:\/\/omanivietnam.com\/#website\"},\"primaryImageOfPage\":{\"@id\":\"https:\/\/omanivietnam.com\/index.php\/san-pham\/festo-qsm-m7-6-i\/#primaryimage\"},\"image\":{\"@id\":\"https:\/\/omanivietnam.com\/index.php\/san-pham\/festo-qsm-m7-6-i\/#primaryimage\"},\"thumbnailUrl\":\"https:\/\/omanivietnam.com\/wp-content\/uploads\/2024\/08\/QSM-M7-6-I.png\",\"datePublished\":\"2024-08-18T13:12:01+00:00\",\"dateModified\":\"2024-08-18T13:12:01+00:00\",\"breadcrumb\":{\"@id\":\"https:\/\/omanivietnam.com\/index.php\/san-pham\/festo-qsm-m7-6-i\/#breadcrumb\"},\"inLanguage\":\"vi\",\"potentialAction\":[{\"@type\":\"ReadAction\",\"target\":[\"https:\/\/omanivietnam.com\/index.php\/san-pham\/festo-qsm-m7-6-i\/\"]}]},{\"@type\":\"ImageObject\",\"inLanguage\":\"vi\",\"@id\":\"https:\/\/omanivietnam.com\/index.php\/san-pham\/festo-qsm-m7-6-i\/#primaryimage\",\"url\":\"https:\/\/omanivietnam.com\/wp-content\/uploads\/2024\/08\/QSM-M7-6-I.png\",\"contentUrl\":\"https:\/\/omanivietnam.com\/wp-content\/uploads\/2024\/08\/QSM-M7-6-I.png\",\"width\":521,\"height\":529},{\"@type\":\"BreadcrumbList\",\"@id\":\"https:\/\/omanivietnam.com\/index.php\/san-pham\/festo-qsm-m7-6-i\/#breadcrumb\",\"itemListElement\":[{\"@type\":\"ListItem\",\"position\":1,\"name\":\"Home\",\"item\":\"https:\/\/omanivietnam.com\/\"},{\"@type\":\"ListItem\",\"position\":2,\"name\":\"S\u1ea2N PH\u1ea8M\",\"item\":\"https:\/\/omanivietnam.com\/index.php\/cua-hang\/\"},{\"@type\":\"ListItem\",\"position\":3,\"name\":\"FESTO QSM-M7-6-I\"}]},{\"@type\":\"WebSite\",\"@id\":\"https:\/\/omanivietnam.com\/#website\",\"url\":\"https:\/\/omanivietnam.com\/\",\"name\":\"OMANI VI\u1ec6T NAM\",\"description\":\"Nh\u00e0 ph\u00e2n ph\u1ed1i thi\u1ebft b\u1ecb kh\u00ed n\u00e9n v\u00e0 thi\u1ebft b\u1ecb t\u1ef1 \u0111\u1ed9ng h\u00f3a trong c\u00f4ng nghi\u1ec7p\",\"publisher\":{\"@id\":\"https:\/\/omanivietnam.com\/#\/schema\/person\/0ad398a980dc3fd696111c2c5c8fa897\"},\"potentialAction\":[{\"@type\":\"SearchAction\",\"target\":{\"@type\":\"EntryPoint\",\"urlTemplate\":\"https:\/\/omanivietnam.com\/?s={search_term_string}\"},\"query-input\":\"required name=search_term_string\"}],\"inLanguage\":\"vi\"},{\"@type\":[\"Person\",\"Organization\"],\"@id\":\"https:\/\/omanivietnam.com\/#\/schema\/person\/0ad398a980dc3fd696111c2c5c8fa897\",\"name\":\"Nguy\u1ec5n V\u0103n Kh\u00e1nh\",\"image\":{\"@type\":\"ImageObject\",\"inLanguage\":\"vi\",\"@id\":\"https:\/\/omanivietnam.com\/#\/schema\/person\/image\/\",\"url\":\"https:\/\/omanivietnam.com\/wp-content\/uploads\/2024\/06\/logo-1024x1024.png\",\"contentUrl\":\"https:\/\/omanivietnam.com\/wp-content\/uploads\/2024\/06\/logo-1024x1024.png\",\"width\":1024,\"height\":1024,\"caption\":\"Nguy\u1ec5n V\u0103n Kh\u00e1nh\"},\"logo\":{\"@id\":\"https:\/\/omanivietnam.com\/#\/schema\/person\/image\/\"},\"sameAs\":[\"https:\/\/omanivietnam.com\"]}]}<\/script>\n<!-- \/ Yoast SEO plugin. -->","yoast_head_json":{"title":"FESTO QSM-M7-6-I - OMANI VI\u1ec6T NAM","robots":{"index":"index","follow":"follow","max-snippet":"max-snippet:-1","max-image-preview":"max-image-preview:large","max-video-preview":"max-video-preview:-1"},"canonical":"https:\/\/omanivietnam.com\/index.php\/san-pham\/festo-qsm-m7-6-i\/","og_locale":"vi_VN","og_type":"article","og_title":"FESTO QSM-M7-6-I - OMANI VI\u1ec6T NAM","og_description":"FESTO QSM-M7-6-I Push-in Fitting, QSM Series\u301010 Pieces Per Package\u3011 (QSM-M7-6-I) Product Description Push-in Fitting, QSM Series One-Touch Fitting is a joint used for connecting hoses, pipes, or tools. It offers a wide variety of sizes to choose from. [Feature] \u25cf Shape : Straight \u25cf Applicable Tube O.D. (mm.) : 2,&hellip;","og_url":"https:\/\/omanivietnam.com\/index.php\/san-pham\/festo-qsm-m7-6-i\/","og_site_name":"OMANI VI\u1ec6T NAM","og_image":[{"width":521,"height":529,"url":"https:\/\/omanivietnam.com\/wp-content\/uploads\/2024\/08\/QSM-M7-6-I.png","type":"image\/png"}],"twitter_card":"summary_large_image","twitter_misc":{"\u01af\u1edbc t\u00ednh th\u1eddi gian \u0111\u1ecdc":"2 ph\u00fat"},"schema":{"@context":"https:\/\/schema.org","@graph":[{"@type":"WebPage","@id":"https:\/\/omanivietnam.com\/index.php\/san-pham\/festo-qsm-m7-6-i\/","url":"https:\/\/omanivietnam.com\/index.php\/san-pham\/festo-qsm-m7-6-i\/","name":"FESTO QSM-M7-6-I - OMANI VI\u1ec6T NAM","isPartOf":{"@id":"https:\/\/omanivietnam.com\/#website"},"primaryImageOfPage":{"@id":"https:\/\/omanivietnam.com\/index.php\/san-pham\/festo-qsm-m7-6-i\/#primaryimage"},"image":{"@id":"https:\/\/omanivietnam.com\/index.php\/san-pham\/festo-qsm-m7-6-i\/#primaryimage"},"thumbnailUrl":"https:\/\/omanivietnam.com\/wp-content\/uploads\/2024\/08\/QSM-M7-6-I.png","datePublished":"2024-08-18T13:12:01+00:00","dateModified":"2024-08-18T13:12:01+00:00","breadcrumb":{"@id":"https:\/\/omanivietnam.com\/index.php\/san-pham\/festo-qsm-m7-6-i\/#breadcrumb"},"inLanguage":"vi","potentialAction":[{"@type":"ReadAction","target":["https:\/\/omanivietnam.com\/index.php\/san-pham\/festo-qsm-m7-6-i\/"]}]},{"@type":"ImageObject","inLanguage":"vi","@id":"https:\/\/omanivietnam.com\/index.php\/san-pham\/festo-qsm-m7-6-i\/#primaryimage","url":"https:\/\/omanivietnam.com\/wp-content\/uploads\/2024\/08\/QSM-M7-6-I.png","contentUrl":"https:\/\/omanivietnam.com\/wp-content\/uploads\/2024\/08\/QSM-M7-6-I.png","width":521,"height":529},{"@type":"BreadcrumbList","@id":"https:\/\/omanivietnam.com\/index.php\/san-pham\/festo-qsm-m7-6-i\/#breadcrumb","itemListElement":[{"@type":"ListItem","position":1,"name":"Home","item":"https:\/\/omanivietnam.com\/"},{"@type":"ListItem","position":2,"name":"S\u1ea2N PH\u1ea8M","item":"https:\/\/omanivietnam.com\/index.php\/cua-hang\/"},{"@type":"ListItem","position":3,"name":"FESTO QSM-M7-6-I"}]},{"@type":"WebSite","@id":"https:\/\/omanivietnam.com\/#website","url":"https:\/\/omanivietnam.com\/","name":"OMANI VI\u1ec6T NAM","description":"Nh\u00e0 ph\u00e2n ph\u1ed1i thi\u1ebft b\u1ecb kh\u00ed n\u00e9n v\u00e0 thi\u1ebft b\u1ecb t\u1ef1 \u0111\u1ed9ng h\u00f3a trong c\u00f4ng nghi\u1ec7p","publisher":{"@id":"https:\/\/omanivietnam.com\/#\/schema\/person\/0ad398a980dc3fd696111c2c5c8fa897"},"potentialAction":[{"@type":"SearchAction","target":{"@type":"EntryPoint","urlTemplate":"https:\/\/omanivietnam.com\/?s={search_term_string}"},"query-input":"required name=search_term_string"}],"inLanguage":"vi"},{"@type":["Person","Organization"],"@id":"https:\/\/omanivietnam.com\/#\/schema\/person\/0ad398a980dc3fd696111c2c5c8fa897","name":"Nguy\u1ec5n V\u0103n Kh\u00e1nh","image":{"@type":"ImageObject","inLanguage":"vi","@id":"https:\/\/omanivietnam.com\/#\/schema\/person\/image\/","url":"https:\/\/omanivietnam.com\/wp-content\/uploads\/2024\/06\/logo-1024x1024.png","contentUrl":"https:\/\/omanivietnam.com\/wp-content\/uploads\/2024\/06\/logo-1024x1024.png","width":1024,"height":1024,"caption":"Nguy\u1ec5n V\u0103n Kh\u00e1nh"},"logo":{"@id":"https:\/\/omanivietnam.com\/#\/schema\/person\/image\/"},"sameAs":["https:\/\/omanivietnam.com"]}]}},"_links":{"self":[{"href":"https:\/\/omanivietnam.com\/index.php\/wp-json\/wp\/v2\/product\/1483","targetHints":{"allow":["GET"]}}],"collection":[{"href":"https:\/\/omanivietnam.com\/index.php\/wp-json\/wp\/v2\/product"}],"about":[{"href":"https:\/\/omanivietnam.com\/index.php\/wp-json\/wp\/v2\/types\/product"}],"replies":[{"embeddable":true,"href":"https:\/\/omanivietnam.com\/index.php\/wp-json\/wp\/v2\/comments?post=1483"}],"wp:featuredmedia":[{"embeddable":true,"href":"https:\/\/omanivietnam.com\/index.php\/wp-json\/wp\/v2\/media\/1484"}],"wp:attachment":[{"href":"https:\/\/omanivietnam.com\/index.php\/wp-json\/wp\/v2\/media?parent=1483"}],"wp:term":[{"taxonomy":"product_cat","embeddable":true,"href":"https:\/\/omanivietnam.com\/index.php\/wp-json\/wp\/v2\/product_cat?post=1483"},{"taxonomy":"product_tag","embeddable":true,"href":"https:\/\/omanivietnam.com\/index.php\/wp-json\/wp\/v2\/product_tag?post=1483"}],"curies":[{"name":"wp","href":"https:\/\/api.w.org\/{rel}","templated":true}]}}