{"id":1487,"date":"2024-08-19T05:34:43","date_gmt":"2024-08-18T22:34:43","guid":{"rendered":"https:\/\/omanivietnam.com\/?post_type=product&#038;p=1487"},"modified":"2025-04-19T16:54:09","modified_gmt":"2025-04-19T09:54:09","slug":"hbm1-z6fc3-50kg-1","status":"publish","type":"product","link":"https:\/\/omanivietnam.com\/index.php\/san-pham\/hbm1-z6fc3-50kg-1\/","title":{"rendered":"HBM 1-Z6FC3-50KG-1"},"content":{"rendered":"<p>HBM 1-Z6FC3-50KG-1<\/p>\n<p class=\"mj-productheading\">C\u1ea3m bi\u1ebfn 1-Z6FC3-50KG-1<\/p>\n<p>Th\u00f4ng s\u1ed1 k\u1ef9 thu\u1eadt c\u1ea3m bi\u1ebfn l\u1ef1c HBM 1-Z6FC3-50KG-1 HBM beam<\/p>\n<div class=\"tabcontents\">\n<div id=\"view1\">\n<p>50 kg capacity<br \/>\nStrain gauge load cell<br \/>\n2 mv\/v, 350 ohm input, 350 ohm output<br \/>\n10 ft 6 wire cable<br \/>\nIP68 stainless steel. hermetically sealed<br \/>\nOIML Class C3 3,000 div<br \/>\nHermetically sealed, low profile, stainless steel bellows and element make this cell ideal for harsh or caustic environments as well as washdown applications.<\/p>\n<\/div>\n<p>C\u00e1c m\u00e3 h\u00e0ng t\u01b0\u01a1ng t\u1ef1<\/p>\n<\/div>\n<p>1-Z6FC3-200KG-1<\/p>\n<p>1-Z6FC3-100KG-1<\/p>\n<p>1-Z6FC3-200KG-1<\/p>\n<p>Z6FC3 50KG<\/p>\n<p>Z6FC3 100KG<\/p>\n<p>Z6FC3 200KG<\/p>\n<p>\u0110\u1ea1i l\u00fd HBM vietnam, HBM viet nam, HBM vietnam distributor, Ph\u00e2n ph\u1ed1i HBM t\u1ea1i vi\u1ec7t nam<\/p>\n<p>\u0110\u1ea1i l\u00fd HBM vietnam, HBM viet nam, HBM vietnam distributor, Ph\u00e2n ph\u1ed1i HBM t\u1ea1i vi\u1ec7t nam<\/p>\n<p>\u0110\u1ea1i l\u00fd HBM vietnam, HBM viet nam, HBM vietnam distributor, Ph\u00e2n ph\u1ed1i HBM t\u1ea1i vi\u1ec7t nam<\/p>\n<p>\u0110\u1ea1i l\u00fd HBM vietnam, HBM viet nam, HBM vietnam distributor, Ph\u00e2n ph\u1ed1i HBM t\u1ea1i vi\u1ec7t nam<\/p>\n<p>\u0110\u1ea1i l\u00fd HBM vietnam, HBM viet nam, HBM vietnam distributor, Ph\u00e2n ph\u1ed1i HBM t\u1ea1i vi\u1ec7t nam<\/p>\n","protected":false},"excerpt":{"rendered":"<p>HBM 1-Z6FC3-50KG-1 C\u1ea3m bi\u1ebfn 1-Z6FC3-50KG-1 Th\u00f4ng s\u1ed1 k\u1ef9 thu\u1eadt c\u1ea3m bi\u1ebfn l\u1ef1c HBM 1-Z6FC3-50KG-1 HBM beam 50 kg capacity Strain gauge load cell 2 mv\/v, 350 ohm input, 350 ohm output 10 ft 6 wire cable IP68 stainless steel. hermetically sealed OIML Class C3 3,000 div Hermetically sealed, low profile,&hellip; <\/p>\n","protected":false},"featured_media":1488,"comment_status":"open","ping_status":"closed","template":"","meta":[],"product_cat":[390],"product_tag":[88,392,391],"class_list":{"0":"post-1487","1":"product","2":"type-product","3":"status-publish","4":"has-post-thumbnail","6":"product_cat-hbm","7":"product_tag-cam-bien","8":"product_tag-dai-ly-hbm-viet-nam","9":"product_tag-hbm-viet-nam","11":"first","12":"instock","13":"shipping-taxable","14":"product-type-simple"},"yoast_head":"<!-- This site is optimized with the Yoast SEO plugin v22.8 - https:\/\/yoast.com\/wordpress\/plugins\/seo\/ -->\n<title>HBM 1-Z6FC3-50KG-1 - OMANI VI\u1ec6T NAM<\/title>\n<meta name=\"description\" content=\"HBM 1-Z6FC3-50KG-1 Loadcell\" \/>\n<meta name=\"robots\" content=\"index, follow, max-snippet:-1, max-image-preview:large, max-video-preview:-1\" \/>\n<link rel=\"canonical\" href=\"https:\/\/omanivietnam.com\/index.php\/san-pham\/hbm1-z6fc3-50kg-1\/\" \/>\n<meta property=\"og:locale\" content=\"vi_VN\" \/>\n<meta property=\"og:type\" content=\"article\" \/>\n<meta property=\"og:title\" content=\"HBM 1-Z6FC3-50KG-1 - OMANI VI\u1ec6T NAM\" \/>\n<meta property=\"og:description\" content=\"HBM 1-Z6FC3-50KG-1 Loadcell\" \/>\n<meta property=\"og:url\" content=\"https:\/\/omanivietnam.com\/index.php\/san-pham\/hbm1-z6fc3-50kg-1\/\" \/>\n<meta property=\"og:site_name\" content=\"OMANI VI\u1ec6T NAM\" \/>\n<meta property=\"article:modified_time\" content=\"2025-04-19T09:54:09+00:00\" \/>\n<meta property=\"og:image\" content=\"https:\/\/omanivietnam.com\/wp-content\/uploads\/2024\/08\/1-Z6FC3-50KG-1.png\" \/>\n\t<meta property=\"og:image:width\" content=\"454\" \/>\n\t<meta property=\"og:image:height\" content=\"332\" \/>\n\t<meta property=\"og:image:type\" content=\"image\/png\" \/>\n<meta name=\"twitter:card\" content=\"summary_large_image\" \/>\n<meta name=\"twitter:label1\" content=\"\u01af\u1edbc t\u00ednh th\u1eddi gian \u0111\u1ecdc\" \/>\n\t<meta name=\"twitter:data1\" content=\"2 ph\u00fat\" \/>\n<script type=\"application\/ld+json\" class=\"yoast-schema-graph\">{\"@context\":\"https:\/\/schema.org\",\"@graph\":[{\"@type\":\"WebPage\",\"@id\":\"https:\/\/omanivietnam.com\/index.php\/san-pham\/hbm1-z6fc3-50kg-1\/\",\"url\":\"https:\/\/omanivietnam.com\/index.php\/san-pham\/hbm1-z6fc3-50kg-1\/\",\"name\":\"HBM 1-Z6FC3-50KG-1 - OMANI VI\u1ec6T NAM\",\"isPartOf\":{\"@id\":\"https:\/\/omanivietnam.com\/#website\"},\"primaryImageOfPage\":{\"@id\":\"https:\/\/omanivietnam.com\/index.php\/san-pham\/hbm1-z6fc3-50kg-1\/#primaryimage\"},\"image\":{\"@id\":\"https:\/\/omanivietnam.com\/index.php\/san-pham\/hbm1-z6fc3-50kg-1\/#primaryimage\"},\"thumbnailUrl\":\"https:\/\/omanivietnam.com\/wp-content\/uploads\/2024\/08\/1-Z6FC3-50KG-1.png\",\"datePublished\":\"2024-08-18T22:34:43+00:00\",\"dateModified\":\"2025-04-19T09:54:09+00:00\",\"description\":\"HBM 1-Z6FC3-50KG-1 Loadcell\",\"breadcrumb\":{\"@id\":\"https:\/\/omanivietnam.com\/index.php\/san-pham\/hbm1-z6fc3-50kg-1\/#breadcrumb\"},\"inLanguage\":\"vi\",\"potentialAction\":[{\"@type\":\"ReadAction\",\"target\":[\"https:\/\/omanivietnam.com\/index.php\/san-pham\/hbm1-z6fc3-50kg-1\/\"]}]},{\"@type\":\"ImageObject\",\"inLanguage\":\"vi\",\"@id\":\"https:\/\/omanivietnam.com\/index.php\/san-pham\/hbm1-z6fc3-50kg-1\/#primaryimage\",\"url\":\"https:\/\/omanivietnam.com\/wp-content\/uploads\/2024\/08\/1-Z6FC3-50KG-1.png\",\"contentUrl\":\"https:\/\/omanivietnam.com\/wp-content\/uploads\/2024\/08\/1-Z6FC3-50KG-1.png\",\"width\":454,\"height\":332},{\"@type\":\"BreadcrumbList\",\"@id\":\"https:\/\/omanivietnam.com\/index.php\/san-pham\/hbm1-z6fc3-50kg-1\/#breadcrumb\",\"itemListElement\":[{\"@type\":\"ListItem\",\"position\":1,\"name\":\"Home\",\"item\":\"https:\/\/omanivietnam.com\/\"},{\"@type\":\"ListItem\",\"position\":2,\"name\":\"S\u1ea2N PH\u1ea8M\",\"item\":\"https:\/\/omanivietnam.com\/index.php\/cua-hang\/\"},{\"@type\":\"ListItem\",\"position\":3,\"name\":\"HBM 1-Z6FC3-50KG-1\"}]},{\"@type\":\"WebSite\",\"@id\":\"https:\/\/omanivietnam.com\/#website\",\"url\":\"https:\/\/omanivietnam.com\/\",\"name\":\"OMANI VI\u1ec6T NAM\",\"description\":\"Nh\u00e0 ph\u00e2n ph\u1ed1i thi\u1ebft b\u1ecb kh\u00ed n\u00e9n v\u00e0 thi\u1ebft b\u1ecb t\u1ef1 \u0111\u1ed9ng h\u00f3a trong c\u00f4ng nghi\u1ec7p\",\"publisher\":{\"@id\":\"https:\/\/omanivietnam.com\/#\/schema\/person\/0ad398a980dc3fd696111c2c5c8fa897\"},\"potentialAction\":[{\"@type\":\"SearchAction\",\"target\":{\"@type\":\"EntryPoint\",\"urlTemplate\":\"https:\/\/omanivietnam.com\/?s={search_term_string}\"},\"query-input\":\"required name=search_term_string\"}],\"inLanguage\":\"vi\"},{\"@type\":[\"Person\",\"Organization\"],\"@id\":\"https:\/\/omanivietnam.com\/#\/schema\/person\/0ad398a980dc3fd696111c2c5c8fa897\",\"name\":\"Nguy\u1ec5n V\u0103n Kh\u00e1nh\",\"image\":{\"@type\":\"ImageObject\",\"inLanguage\":\"vi\",\"@id\":\"https:\/\/omanivietnam.com\/#\/schema\/person\/image\/\",\"url\":\"https:\/\/omanivietnam.com\/wp-content\/uploads\/2024\/06\/logo-1024x1024.png\",\"contentUrl\":\"https:\/\/omanivietnam.com\/wp-content\/uploads\/2024\/06\/logo-1024x1024.png\",\"width\":1024,\"height\":1024,\"caption\":\"Nguy\u1ec5n V\u0103n Kh\u00e1nh\"},\"logo\":{\"@id\":\"https:\/\/omanivietnam.com\/#\/schema\/person\/image\/\"},\"sameAs\":[\"https:\/\/omanivietnam.com\"]}]}<\/script>\n<!-- \/ Yoast SEO plugin. -->","yoast_head_json":{"title":"HBM 1-Z6FC3-50KG-1 - OMANI VI\u1ec6T NAM","description":"HBM 1-Z6FC3-50KG-1 Loadcell","robots":{"index":"index","follow":"follow","max-snippet":"max-snippet:-1","max-image-preview":"max-image-preview:large","max-video-preview":"max-video-preview:-1"},"canonical":"https:\/\/omanivietnam.com\/index.php\/san-pham\/hbm1-z6fc3-50kg-1\/","og_locale":"vi_VN","og_type":"article","og_title":"HBM 1-Z6FC3-50KG-1 - OMANI VI\u1ec6T NAM","og_description":"HBM 1-Z6FC3-50KG-1 Loadcell","og_url":"https:\/\/omanivietnam.com\/index.php\/san-pham\/hbm1-z6fc3-50kg-1\/","og_site_name":"OMANI VI\u1ec6T NAM","article_modified_time":"2025-04-19T09:54:09+00:00","og_image":[{"width":454,"height":332,"url":"https:\/\/omanivietnam.com\/wp-content\/uploads\/2024\/08\/1-Z6FC3-50KG-1.png","type":"image\/png"}],"twitter_card":"summary_large_image","twitter_misc":{"\u01af\u1edbc t\u00ednh th\u1eddi gian \u0111\u1ecdc":"2 ph\u00fat"},"schema":{"@context":"https:\/\/schema.org","@graph":[{"@type":"WebPage","@id":"https:\/\/omanivietnam.com\/index.php\/san-pham\/hbm1-z6fc3-50kg-1\/","url":"https:\/\/omanivietnam.com\/index.php\/san-pham\/hbm1-z6fc3-50kg-1\/","name":"HBM 1-Z6FC3-50KG-1 - OMANI VI\u1ec6T NAM","isPartOf":{"@id":"https:\/\/omanivietnam.com\/#website"},"primaryImageOfPage":{"@id":"https:\/\/omanivietnam.com\/index.php\/san-pham\/hbm1-z6fc3-50kg-1\/#primaryimage"},"image":{"@id":"https:\/\/omanivietnam.com\/index.php\/san-pham\/hbm1-z6fc3-50kg-1\/#primaryimage"},"thumbnailUrl":"https:\/\/omanivietnam.com\/wp-content\/uploads\/2024\/08\/1-Z6FC3-50KG-1.png","datePublished":"2024-08-18T22:34:43+00:00","dateModified":"2025-04-19T09:54:09+00:00","description":"HBM 1-Z6FC3-50KG-1 Loadcell","breadcrumb":{"@id":"https:\/\/omanivietnam.com\/index.php\/san-pham\/hbm1-z6fc3-50kg-1\/#breadcrumb"},"inLanguage":"vi","potentialAction":[{"@type":"ReadAction","target":["https:\/\/omanivietnam.com\/index.php\/san-pham\/hbm1-z6fc3-50kg-1\/"]}]},{"@type":"ImageObject","inLanguage":"vi","@id":"https:\/\/omanivietnam.com\/index.php\/san-pham\/hbm1-z6fc3-50kg-1\/#primaryimage","url":"https:\/\/omanivietnam.com\/wp-content\/uploads\/2024\/08\/1-Z6FC3-50KG-1.png","contentUrl":"https:\/\/omanivietnam.com\/wp-content\/uploads\/2024\/08\/1-Z6FC3-50KG-1.png","width":454,"height":332},{"@type":"BreadcrumbList","@id":"https:\/\/omanivietnam.com\/index.php\/san-pham\/hbm1-z6fc3-50kg-1\/#breadcrumb","itemListElement":[{"@type":"ListItem","position":1,"name":"Home","item":"https:\/\/omanivietnam.com\/"},{"@type":"ListItem","position":2,"name":"S\u1ea2N PH\u1ea8M","item":"https:\/\/omanivietnam.com\/index.php\/cua-hang\/"},{"@type":"ListItem","position":3,"name":"HBM 1-Z6FC3-50KG-1"}]},{"@type":"WebSite","@id":"https:\/\/omanivietnam.com\/#website","url":"https:\/\/omanivietnam.com\/","name":"OMANI VI\u1ec6T NAM","description":"Nh\u00e0 ph\u00e2n ph\u1ed1i thi\u1ebft b\u1ecb kh\u00ed n\u00e9n v\u00e0 thi\u1ebft b\u1ecb t\u1ef1 \u0111\u1ed9ng h\u00f3a trong c\u00f4ng nghi\u1ec7p","publisher":{"@id":"https:\/\/omanivietnam.com\/#\/schema\/person\/0ad398a980dc3fd696111c2c5c8fa897"},"potentialAction":[{"@type":"SearchAction","target":{"@type":"EntryPoint","urlTemplate":"https:\/\/omanivietnam.com\/?s={search_term_string}"},"query-input":"required name=search_term_string"}],"inLanguage":"vi"},{"@type":["Person","Organization"],"@id":"https:\/\/omanivietnam.com\/#\/schema\/person\/0ad398a980dc3fd696111c2c5c8fa897","name":"Nguy\u1ec5n V\u0103n Kh\u00e1nh","image":{"@type":"ImageObject","inLanguage":"vi","@id":"https:\/\/omanivietnam.com\/#\/schema\/person\/image\/","url":"https:\/\/omanivietnam.com\/wp-content\/uploads\/2024\/06\/logo-1024x1024.png","contentUrl":"https:\/\/omanivietnam.com\/wp-content\/uploads\/2024\/06\/logo-1024x1024.png","width":1024,"height":1024,"caption":"Nguy\u1ec5n V\u0103n Kh\u00e1nh"},"logo":{"@id":"https:\/\/omanivietnam.com\/#\/schema\/person\/image\/"},"sameAs":["https:\/\/omanivietnam.com"]}]}},"_links":{"self":[{"href":"https:\/\/omanivietnam.com\/index.php\/wp-json\/wp\/v2\/product\/1487","targetHints":{"allow":["GET"]}}],"collection":[{"href":"https:\/\/omanivietnam.com\/index.php\/wp-json\/wp\/v2\/product"}],"about":[{"href":"https:\/\/omanivietnam.com\/index.php\/wp-json\/wp\/v2\/types\/product"}],"replies":[{"embeddable":true,"href":"https:\/\/omanivietnam.com\/index.php\/wp-json\/wp\/v2\/comments?post=1487"}],"wp:featuredmedia":[{"embeddable":true,"href":"https:\/\/omanivietnam.com\/index.php\/wp-json\/wp\/v2\/media\/1488"}],"wp:attachment":[{"href":"https:\/\/omanivietnam.com\/index.php\/wp-json\/wp\/v2\/media?parent=1487"}],"wp:term":[{"taxonomy":"product_cat","embeddable":true,"href":"https:\/\/omanivietnam.com\/index.php\/wp-json\/wp\/v2\/product_cat?post=1487"},{"taxonomy":"product_tag","embeddable":true,"href":"https:\/\/omanivietnam.com\/index.php\/wp-json\/wp\/v2\/product_tag?post=1487"}],"curies":[{"name":"wp","href":"https:\/\/api.w.org\/{rel}","templated":true}]}}