{"id":1491,"date":"2024-08-20T05:24:20","date_gmt":"2024-08-19T22:24:20","guid":{"rendered":"https:\/\/omanivietnam.com\/?post_type=product&#038;p=1491"},"modified":"2024-08-20T05:26:05","modified_gmt":"2024-08-19T22:26:05","slug":"hengstler-ri76td-900ad-4a42tf-n0-xs-p-n-0533754","status":"publish","type":"product","link":"https:\/\/omanivietnam.com\/index.php\/san-pham\/hengstler-ri76td-900ad-4a42tf-n0-xs-p-n-0533754\/","title":{"rendered":"HENGSTLER RI76TD\/ 900AD.4A42TF-N0-XS P\/N 0533754"},"content":{"rendered":"<p>HENGSTLER RI76TD\/ 900AD.4A42TF-N0-XS P\/N 0533754<\/p>\n<p>The high-accuracy RI76 hollow shaft incremental encoder has been specially designed for large shaft diameters up to 42 mm. The housing diameter is only 76 mm, which makes this encoder ideal for use in motors, lifts and printing machines.<\/p>\n<table>\n<tbody>\n<tr>\n<td>Product Family<\/td>\n<td>RI76<\/td>\n<\/tr>\n<tr>\n<td>Ordering Information<\/td>\n<td>RotaryEncoderRI76<\/td>\n<\/tr>\n<tr>\n<td>Fuction \/ Application<\/td>\n<td>Incremental<\/td>\n<\/tr>\n<tr>\n<td>Technology<\/td>\n<td>Optical<\/td>\n<\/tr>\n<tr>\n<td>Approval<\/td>\n<td>\n<ul>\n<li>UL<\/li>\n<li>CE<\/li>\n<\/ul>\n<\/td>\n<\/tr>\n<\/tbody>\n<\/table>\n<table>\n<tbody>\n<tr>\n<td>Housing Diameter [mm]<\/td>\n<td>76 mm<\/td>\n<\/tr>\n<tr>\n<td>Solid- \/ Hollow Shaft<\/td>\n<td>Hollow 15 &#8230; 42 mm<\/td>\n<\/tr>\n<tr>\n<td>Protection Rating Housing<\/td>\n<td>IP50 \/ IP64<\/td>\n<\/tr>\n<tr>\n<td>Operating Temperatur [\u00b0C]<\/td>\n<td>-25 &#8230; +100 \u00b0C<\/td>\n<\/tr>\n<tr>\n<td>Housing Option<\/td>\n<td>Aluminium<\/td>\n<\/tr>\n<tr>\n<td>Connection<\/td>\n<td>Cable<\/td>\n<\/tr>\n<\/tbody>\n<\/table>\n<table>\n<tbody>\n<tr>\n<td>Revolutions [rpm]<\/td>\n<td>1,800 &#8230; 6,000 rpm<\/td>\n<\/tr>\n<tr>\n<td>Number of Pulses<\/td>\n<td>20 &#8230; 10000<\/td>\n<\/tr>\n<tr>\n<td>Interface<\/td>\n<td>\n<ul>\n<li>Push-pull<\/li>\n<li>Push-pull complementary<\/li>\n<li>RS422<\/li>\n<\/ul>\n<\/td>\n<\/tr>\n<\/tbody>\n<\/table>\n<p>&nbsp;<\/p>\n<p>\u0110\u1ea1i l\u00fd HENGSTLER vietnam, HENGSTLER viet nam, HENGSTLER vietnam distributor, Ph\u00e2n ph\u1ed1i HENGSTLER t\u1ea1i vi\u1ec7t nam<\/p>\n<p>\u0110\u1ea1i l\u00fd HENGSTLER vietnam, HENGSTLER viet nam, HENGSTLER vietnam distributor, Ph\u00e2n ph\u1ed1i HENGSTLER t\u1ea1i vi\u1ec7t nam<\/p>\n<p>\u0110\u1ea1i l\u00fd HENGSTLER vietnam, HENGSTLER viet nam, HENGSTLER vietnam distributor, Ph\u00e2n ph\u1ed1i HENGSTLER t\u1ea1i vi\u1ec7t nam<\/p>\n<p>\u0110\u1ea1i l\u00fd HENGSTLER vietnam, HENGSTLER viet nam, HENGSTLER vietnam distributor, Ph\u00e2n ph\u1ed1i HENGSTLER t\u1ea1i vi\u1ec7t nam<\/p>\n<p>\u0110\u1ea1i l\u00fd HENGSTLER vietnam, HENGSTLER viet nam, HENGSTLER vietnam distributor, Ph\u00e2n ph\u1ed1i HENGSTLER t\u1ea1i vi\u1ec7t nam<\/p>\n","protected":false},"excerpt":{"rendered":"<p>HENGSTLER RI76TD\/ 900AD.4A42TF-N0-XS P\/N 0533754 The high-accuracy RI76 hollow shaft incremental encoder has been specially designed for large shaft diameters up to 42 mm. The housing diameter is only 76 mm, which makes this encoder ideal for use in motors, lifts and printing machines. Product Family RI76 Ordering Information RotaryEncoderRI76&hellip; <\/p>\n","protected":false},"featured_media":1492,"comment_status":"open","ping_status":"closed","template":"","meta":[],"product_cat":[393],"product_tag":[174,395,394],"class_list":{"0":"post-1491","1":"product","2":"type-product","3":"status-publish","4":"has-post-thumbnail","6":"product_cat-hengstler","7":"product_tag-bo-ma-hoa","8":"product_tag-dai-ly-hengstler-viet-nam","9":"product_tag-hengstler-viet-nam","11":"first","12":"instock","13":"shipping-taxable","14":"product-type-simple"},"yoast_head":"<!-- This site is optimized with the Yoast SEO plugin v22.8 - https:\/\/yoast.com\/wordpress\/plugins\/seo\/ -->\n<title>HENGSTLER RI76TD\/ 900AD.4A42TF-N0-XS P\/N 0533754 - OMANI VI\u1ec6T NAM<\/title>\n<meta name=\"robots\" content=\"index, follow, max-snippet:-1, max-image-preview:large, max-video-preview:-1\" \/>\n<link rel=\"canonical\" href=\"https:\/\/omanivietnam.com\/index.php\/san-pham\/hengstler-ri76td-900ad-4a42tf-n0-xs-p-n-0533754\/\" \/>\n<meta property=\"og:locale\" content=\"vi_VN\" \/>\n<meta property=\"og:type\" content=\"article\" \/>\n<meta property=\"og:title\" content=\"HENGSTLER RI76TD\/ 900AD.4A42TF-N0-XS P\/N 0533754 - OMANI VI\u1ec6T NAM\" \/>\n<meta property=\"og:description\" content=\"HENGSTLER RI76TD\/ 900AD.4A42TF-N0-XS P\/N 0533754 The high-accuracy RI76 hollow shaft incremental encoder has been specially designed for large shaft diameters up to 42 mm. The housing diameter is only 76 mm, which makes this encoder ideal for use in motors, lifts and printing machines. Product Family RI76 Ordering Information RotaryEncoderRI76&hellip;\" \/>\n<meta property=\"og:url\" content=\"https:\/\/omanivietnam.com\/index.php\/san-pham\/hengstler-ri76td-900ad-4a42tf-n0-xs-p-n-0533754\/\" \/>\n<meta property=\"og:site_name\" content=\"OMANI VI\u1ec6T NAM\" \/>\n<meta property=\"article:modified_time\" content=\"2024-08-19T22:26:05+00:00\" \/>\n<meta property=\"og:image\" content=\"https:\/\/omanivietnam.com\/wp-content\/uploads\/2024\/08\/RI76TD-900AD.4A42TF-N0-XS.png\" \/>\n\t<meta property=\"og:image:width\" content=\"704\" \/>\n\t<meta property=\"og:image:height\" content=\"588\" \/>\n\t<meta property=\"og:image:type\" content=\"image\/png\" \/>\n<meta name=\"twitter:card\" content=\"summary_large_image\" \/>\n<meta name=\"twitter:label1\" content=\"\u01af\u1edbc t\u00ednh th\u1eddi gian \u0111\u1ecdc\" \/>\n\t<meta name=\"twitter:data1\" content=\"2 ph\u00fat\" \/>\n<script type=\"application\/ld+json\" class=\"yoast-schema-graph\">{\"@context\":\"https:\/\/schema.org\",\"@graph\":[{\"@type\":\"WebPage\",\"@id\":\"https:\/\/omanivietnam.com\/index.php\/san-pham\/hengstler-ri76td-900ad-4a42tf-n0-xs-p-n-0533754\/\",\"url\":\"https:\/\/omanivietnam.com\/index.php\/san-pham\/hengstler-ri76td-900ad-4a42tf-n0-xs-p-n-0533754\/\",\"name\":\"HENGSTLER RI76TD\/ 900AD.4A42TF-N0-XS P\/N 0533754 - OMANI VI\u1ec6T NAM\",\"isPartOf\":{\"@id\":\"https:\/\/omanivietnam.com\/#website\"},\"primaryImageOfPage\":{\"@id\":\"https:\/\/omanivietnam.com\/index.php\/san-pham\/hengstler-ri76td-900ad-4a42tf-n0-xs-p-n-0533754\/#primaryimage\"},\"image\":{\"@id\":\"https:\/\/omanivietnam.com\/index.php\/san-pham\/hengstler-ri76td-900ad-4a42tf-n0-xs-p-n-0533754\/#primaryimage\"},\"thumbnailUrl\":\"https:\/\/omanivietnam.com\/wp-content\/uploads\/2024\/08\/RI76TD-900AD.4A42TF-N0-XS.png\",\"datePublished\":\"2024-08-19T22:24:20+00:00\",\"dateModified\":\"2024-08-19T22:26:05+00:00\",\"breadcrumb\":{\"@id\":\"https:\/\/omanivietnam.com\/index.php\/san-pham\/hengstler-ri76td-900ad-4a42tf-n0-xs-p-n-0533754\/#breadcrumb\"},\"inLanguage\":\"vi\",\"potentialAction\":[{\"@type\":\"ReadAction\",\"target\":[\"https:\/\/omanivietnam.com\/index.php\/san-pham\/hengstler-ri76td-900ad-4a42tf-n0-xs-p-n-0533754\/\"]}]},{\"@type\":\"ImageObject\",\"inLanguage\":\"vi\",\"@id\":\"https:\/\/omanivietnam.com\/index.php\/san-pham\/hengstler-ri76td-900ad-4a42tf-n0-xs-p-n-0533754\/#primaryimage\",\"url\":\"https:\/\/omanivietnam.com\/wp-content\/uploads\/2024\/08\/RI76TD-900AD.4A42TF-N0-XS.png\",\"contentUrl\":\"https:\/\/omanivietnam.com\/wp-content\/uploads\/2024\/08\/RI76TD-900AD.4A42TF-N0-XS.png\",\"width\":704,\"height\":588},{\"@type\":\"BreadcrumbList\",\"@id\":\"https:\/\/omanivietnam.com\/index.php\/san-pham\/hengstler-ri76td-900ad-4a42tf-n0-xs-p-n-0533754\/#breadcrumb\",\"itemListElement\":[{\"@type\":\"ListItem\",\"position\":1,\"name\":\"Home\",\"item\":\"https:\/\/omanivietnam.com\/\"},{\"@type\":\"ListItem\",\"position\":2,\"name\":\"S\u1ea2N PH\u1ea8M\",\"item\":\"https:\/\/omanivietnam.com\/index.php\/cua-hang\/\"},{\"@type\":\"ListItem\",\"position\":3,\"name\":\"HENGSTLER RI76TD\/ 900AD.4A42TF-N0-XS P\/N 0533754\"}]},{\"@type\":\"WebSite\",\"@id\":\"https:\/\/omanivietnam.com\/#website\",\"url\":\"https:\/\/omanivietnam.com\/\",\"name\":\"OMANI VI\u1ec6T NAM\",\"description\":\"Nh\u00e0 ph\u00e2n ph\u1ed1i thi\u1ebft b\u1ecb kh\u00ed n\u00e9n v\u00e0 thi\u1ebft b\u1ecb t\u1ef1 \u0111\u1ed9ng h\u00f3a trong c\u00f4ng nghi\u1ec7p\",\"publisher\":{\"@id\":\"https:\/\/omanivietnam.com\/#\/schema\/person\/0ad398a980dc3fd696111c2c5c8fa897\"},\"potentialAction\":[{\"@type\":\"SearchAction\",\"target\":{\"@type\":\"EntryPoint\",\"urlTemplate\":\"https:\/\/omanivietnam.com\/?s={search_term_string}\"},\"query-input\":\"required name=search_term_string\"}],\"inLanguage\":\"vi\"},{\"@type\":[\"Person\",\"Organization\"],\"@id\":\"https:\/\/omanivietnam.com\/#\/schema\/person\/0ad398a980dc3fd696111c2c5c8fa897\",\"name\":\"Nguy\u1ec5n V\u0103n Kh\u00e1nh\",\"image\":{\"@type\":\"ImageObject\",\"inLanguage\":\"vi\",\"@id\":\"https:\/\/omanivietnam.com\/#\/schema\/person\/image\/\",\"url\":\"https:\/\/omanivietnam.com\/wp-content\/uploads\/2024\/06\/logo-1024x1024.png\",\"contentUrl\":\"https:\/\/omanivietnam.com\/wp-content\/uploads\/2024\/06\/logo-1024x1024.png\",\"width\":1024,\"height\":1024,\"caption\":\"Nguy\u1ec5n V\u0103n Kh\u00e1nh\"},\"logo\":{\"@id\":\"https:\/\/omanivietnam.com\/#\/schema\/person\/image\/\"},\"sameAs\":[\"https:\/\/omanivietnam.com\"]}]}<\/script>\n<!-- \/ Yoast SEO plugin. -->","yoast_head_json":{"title":"HENGSTLER RI76TD\/ 900AD.4A42TF-N0-XS P\/N 0533754 - OMANI VI\u1ec6T NAM","robots":{"index":"index","follow":"follow","max-snippet":"max-snippet:-1","max-image-preview":"max-image-preview:large","max-video-preview":"max-video-preview:-1"},"canonical":"https:\/\/omanivietnam.com\/index.php\/san-pham\/hengstler-ri76td-900ad-4a42tf-n0-xs-p-n-0533754\/","og_locale":"vi_VN","og_type":"article","og_title":"HENGSTLER RI76TD\/ 900AD.4A42TF-N0-XS P\/N 0533754 - OMANI VI\u1ec6T NAM","og_description":"HENGSTLER RI76TD\/ 900AD.4A42TF-N0-XS P\/N 0533754 The high-accuracy RI76 hollow shaft incremental encoder has been specially designed for large shaft diameters up to 42 mm. The housing diameter is only 76 mm, which makes this encoder ideal for use in motors, lifts and printing machines. Product Family RI76 Ordering Information RotaryEncoderRI76&hellip;","og_url":"https:\/\/omanivietnam.com\/index.php\/san-pham\/hengstler-ri76td-900ad-4a42tf-n0-xs-p-n-0533754\/","og_site_name":"OMANI VI\u1ec6T NAM","article_modified_time":"2024-08-19T22:26:05+00:00","og_image":[{"width":704,"height":588,"url":"https:\/\/omanivietnam.com\/wp-content\/uploads\/2024\/08\/RI76TD-900AD.4A42TF-N0-XS.png","type":"image\/png"}],"twitter_card":"summary_large_image","twitter_misc":{"\u01af\u1edbc t\u00ednh th\u1eddi gian \u0111\u1ecdc":"2 ph\u00fat"},"schema":{"@context":"https:\/\/schema.org","@graph":[{"@type":"WebPage","@id":"https:\/\/omanivietnam.com\/index.php\/san-pham\/hengstler-ri76td-900ad-4a42tf-n0-xs-p-n-0533754\/","url":"https:\/\/omanivietnam.com\/index.php\/san-pham\/hengstler-ri76td-900ad-4a42tf-n0-xs-p-n-0533754\/","name":"HENGSTLER RI76TD\/ 900AD.4A42TF-N0-XS P\/N 0533754 - OMANI VI\u1ec6T NAM","isPartOf":{"@id":"https:\/\/omanivietnam.com\/#website"},"primaryImageOfPage":{"@id":"https:\/\/omanivietnam.com\/index.php\/san-pham\/hengstler-ri76td-900ad-4a42tf-n0-xs-p-n-0533754\/#primaryimage"},"image":{"@id":"https:\/\/omanivietnam.com\/index.php\/san-pham\/hengstler-ri76td-900ad-4a42tf-n0-xs-p-n-0533754\/#primaryimage"},"thumbnailUrl":"https:\/\/omanivietnam.com\/wp-content\/uploads\/2024\/08\/RI76TD-900AD.4A42TF-N0-XS.png","datePublished":"2024-08-19T22:24:20+00:00","dateModified":"2024-08-19T22:26:05+00:00","breadcrumb":{"@id":"https:\/\/omanivietnam.com\/index.php\/san-pham\/hengstler-ri76td-900ad-4a42tf-n0-xs-p-n-0533754\/#breadcrumb"},"inLanguage":"vi","potentialAction":[{"@type":"ReadAction","target":["https:\/\/omanivietnam.com\/index.php\/san-pham\/hengstler-ri76td-900ad-4a42tf-n0-xs-p-n-0533754\/"]}]},{"@type":"ImageObject","inLanguage":"vi","@id":"https:\/\/omanivietnam.com\/index.php\/san-pham\/hengstler-ri76td-900ad-4a42tf-n0-xs-p-n-0533754\/#primaryimage","url":"https:\/\/omanivietnam.com\/wp-content\/uploads\/2024\/08\/RI76TD-900AD.4A42TF-N0-XS.png","contentUrl":"https:\/\/omanivietnam.com\/wp-content\/uploads\/2024\/08\/RI76TD-900AD.4A42TF-N0-XS.png","width":704,"height":588},{"@type":"BreadcrumbList","@id":"https:\/\/omanivietnam.com\/index.php\/san-pham\/hengstler-ri76td-900ad-4a42tf-n0-xs-p-n-0533754\/#breadcrumb","itemListElement":[{"@type":"ListItem","position":1,"name":"Home","item":"https:\/\/omanivietnam.com\/"},{"@type":"ListItem","position":2,"name":"S\u1ea2N PH\u1ea8M","item":"https:\/\/omanivietnam.com\/index.php\/cua-hang\/"},{"@type":"ListItem","position":3,"name":"HENGSTLER RI76TD\/ 900AD.4A42TF-N0-XS P\/N 0533754"}]},{"@type":"WebSite","@id":"https:\/\/omanivietnam.com\/#website","url":"https:\/\/omanivietnam.com\/","name":"OMANI VI\u1ec6T NAM","description":"Nh\u00e0 ph\u00e2n ph\u1ed1i thi\u1ebft b\u1ecb kh\u00ed n\u00e9n v\u00e0 thi\u1ebft b\u1ecb t\u1ef1 \u0111\u1ed9ng h\u00f3a trong c\u00f4ng nghi\u1ec7p","publisher":{"@id":"https:\/\/omanivietnam.com\/#\/schema\/person\/0ad398a980dc3fd696111c2c5c8fa897"},"potentialAction":[{"@type":"SearchAction","target":{"@type":"EntryPoint","urlTemplate":"https:\/\/omanivietnam.com\/?s={search_term_string}"},"query-input":"required name=search_term_string"}],"inLanguage":"vi"},{"@type":["Person","Organization"],"@id":"https:\/\/omanivietnam.com\/#\/schema\/person\/0ad398a980dc3fd696111c2c5c8fa897","name":"Nguy\u1ec5n V\u0103n Kh\u00e1nh","image":{"@type":"ImageObject","inLanguage":"vi","@id":"https:\/\/omanivietnam.com\/#\/schema\/person\/image\/","url":"https:\/\/omanivietnam.com\/wp-content\/uploads\/2024\/06\/logo-1024x1024.png","contentUrl":"https:\/\/omanivietnam.com\/wp-content\/uploads\/2024\/06\/logo-1024x1024.png","width":1024,"height":1024,"caption":"Nguy\u1ec5n V\u0103n Kh\u00e1nh"},"logo":{"@id":"https:\/\/omanivietnam.com\/#\/schema\/person\/image\/"},"sameAs":["https:\/\/omanivietnam.com"]}]}},"_links":{"self":[{"href":"https:\/\/omanivietnam.com\/index.php\/wp-json\/wp\/v2\/product\/1491","targetHints":{"allow":["GET"]}}],"collection":[{"href":"https:\/\/omanivietnam.com\/index.php\/wp-json\/wp\/v2\/product"}],"about":[{"href":"https:\/\/omanivietnam.com\/index.php\/wp-json\/wp\/v2\/types\/product"}],"replies":[{"embeddable":true,"href":"https:\/\/omanivietnam.com\/index.php\/wp-json\/wp\/v2\/comments?post=1491"}],"wp:featuredmedia":[{"embeddable":true,"href":"https:\/\/omanivietnam.com\/index.php\/wp-json\/wp\/v2\/media\/1492"}],"wp:attachment":[{"href":"https:\/\/omanivietnam.com\/index.php\/wp-json\/wp\/v2\/media?parent=1491"}],"wp:term":[{"taxonomy":"product_cat","embeddable":true,"href":"https:\/\/omanivietnam.com\/index.php\/wp-json\/wp\/v2\/product_cat?post=1491"},{"taxonomy":"product_tag","embeddable":true,"href":"https:\/\/omanivietnam.com\/index.php\/wp-json\/wp\/v2\/product_tag?post=1491"}],"curies":[{"name":"wp","href":"https:\/\/api.w.org\/{rel}","templated":true}]}}