{"id":1495,"date":"2024-08-20T05:37:35","date_gmt":"2024-08-19T22:37:35","guid":{"rendered":"https:\/\/omanivietnam.com\/?post_type=product&#038;p=1495"},"modified":"2024-08-20T05:38:39","modified_gmt":"2024-08-19T22:38:39","slug":"sick-vte180-2f32342","status":"publish","type":"product","link":"https:\/\/omanivietnam.com\/index.php\/san-pham\/sick-vte180-2f32342\/","title":{"rendered":"SICK VTE180-2F32342"},"content":{"rendered":"<p>SICK VTE180-2F32342<\/p>\n<ul>\n<li style=\"list-style-type: none\">\n<ul>\n<li>Lowest-cost M18 housing sensor on the market<\/li>\n<li>Long sensing distances: 100 mm, 400 mm, 800 mm (max. 1,100 mm)<\/li>\n<li>Bright power and signal LEDs with 360\u00b0 visibility<\/li>\n<li>Wide product portfolio solves a broad range of applications<\/li>\n<li>High switching frequencies up to 1000 Hz<\/li>\n<li>Available in a metal housing for applications in harsh environments<\/li>\n<li>Optical axis selectively axial or radial (90\u00b0)<\/li>\n<\/ul>\n<\/li>\n<\/ul>\n<p>Your benefits<\/p>\n<ul>\n<li>Lowest-cost M18 cylindrical sensor on the market reduces installation costs<\/li>\n<li>Bright red sender LED simplifies alignment and saves installation time<\/li>\n<li>Bright power and signal LEDs with 360\u00b0 visibility offer quick and simple troubleshooting, reducing installation and maintenance costs<\/li>\n<li>The flat and smooth lens reduces the collection of dust and dirt, ensuring safe operation with less maintenance and fewer costs<\/li>\n<\/ul>\n<div class=\"product-essential\">\n<div class=\"full-description\">\n<p>Features<\/p>\n<table class=\"technicalinfo\">\n<tbody>\n<tr>\n<td class=\"label\">Sensor\/detection principle:<\/td>\n<td>Photoelectric proximity sensor, Background blanking<\/td>\n<\/tr>\n<tr>\n<td class=\"label\">Housing design (light emission):<\/td>\n<td>Cylindrical, straight<\/td>\n<\/tr>\n<tr>\n<td class=\"label\">Housing length:<\/td>\n<td>69.8 mm<\/td>\n<\/tr>\n<tr>\n<td class=\"label\">Thread diameter (housing):<\/td>\n<td>M18 x 1<\/td>\n<\/tr>\n<tr>\n<td class=\"label\">Optical axis:<\/td>\n<td>Axial<\/td>\n<\/tr>\n<tr>\n<td class=\"label\">Sensing range max.:<\/td>\n<td>1 mm &#8230; 500 mm\u00a0<sup>1)<\/sup><\/td>\n<\/tr>\n<tr>\n<td class=\"label\">Sensing range:<\/td>\n<td>1 mm &#8230; 350 mm\u00a0<sup>2)<\/sup><\/td>\n<\/tr>\n<tr>\n<td class=\"label\">Type of light:<\/td>\n<td>Visible red light<\/td>\n<\/tr>\n<tr>\n<td class=\"label\">Light source:<\/td>\n<td>LED\u00a0<sup>3)<\/sup><\/td>\n<\/tr>\n<tr>\n<td class=\"label\">Wave length:<\/td>\n<td>645 nm<\/td>\n<\/tr>\n<tr>\n<td class=\"label\">Angle of dispersion:<\/td>\n<td>Ca. 1.5 \u00b0<\/td>\n<\/tr>\n<tr>\n<td class=\"label\">Adjustment:<\/td>\n<td>Potentiometer, 270\u00b0<\/td>\n<\/tr>\n<tr>\n<td class=\"label\">Light spot size (distance):<\/td>\n<td>\u00d8 20 mm (400 mm)<\/td>\n<\/tr>\n<tr>\n<td class=\"footnote\" colspan=\"2\"><sup>1)<\/sup>\u00a0<sup>2)<\/sup>\u00a0Object with 90 % reflectance (referred to standard white, DIN 5033)\u00a0\u00a0<sup>3)<\/sup>\u00a0Average service life of 100,000 h at T<sub>A<\/sub>\u00a0= +25 \u00b0C<\/td>\n<\/tr>\n<tr>\n<td class=\"labelgroup\" colspan=\"2\">Mechanics\/electronics<\/td>\n<\/tr>\n<tr>\n<td class=\"label\">Supply voltage:<\/td>\n<td>10 V DC &#8230; 30 V DC\u00a0<sup>1)<\/sup><\/td>\n<\/tr>\n<tr>\n<td class=\"label\">Ripple:<\/td>\n<td>\u00b1 10 %\u00a0<sup>2)<\/sup><\/td>\n<\/tr>\n<tr>\n<td class=\"label\">Power consumption:<\/td>\n<td>\u2264 30 mA\u00a0<sup>3)<\/sup><\/td>\n<\/tr>\n<tr>\n<td class=\"label\">Switching output:<\/td>\n<td>PNP<\/td>\n<\/tr>\n<tr>\n<td class=\"label\">Switching mode:<\/td>\n<td>Light switching<\/td>\n<\/tr>\n<tr>\n<td class=\"label\">Output current Imax.:<\/td>\n<td>\u2264 100 mA<\/td>\n<\/tr>\n<tr>\n<td class=\"label\">Response time:<\/td>\n<td>\u2264 0.5 ms\u00a0<sup>4)<\/sup><\/td>\n<\/tr>\n<tr>\n<td class=\"label\">Switching frequency:<\/td>\n<td>\u00b1 1,000 Hz\u00a0<sup>5)<\/sup><\/td>\n<\/tr>\n<tr>\n<td class=\"label\">Connection type:<\/td>\n<td>Connector M12, 3-pin<\/td>\n<\/tr>\n<tr>\n<td class=\"label\">Circuit protection:<\/td>\n<td>A, B, D\u00a0<sup>6)<\/sup>\u00a0<sup>7)<\/sup>\u00a0<sup>8)<\/sup><\/td>\n<\/tr>\n<tr>\n<td class=\"label\">Protection class:<\/td>\n<td>III<\/td>\n<\/tr>\n<tr>\n<td class=\"label\">Weight:<\/td>\n<td>47 g<\/td>\n<\/tr>\n<tr>\n<td class=\"label\">Housing material:<\/td>\n<td>Nickel-plated brass and PC, Metal<\/td>\n<\/tr>\n<tr>\n<td class=\"label\">Optics material:<\/td>\n<td>PMMA<\/td>\n<\/tr>\n<tr>\n<td class=\"label\">Enclosure rating:<\/td>\n<td>IP 67<\/td>\n<\/tr>\n<tr>\n<td class=\"label\">Items supplied:<\/td>\n<td>Fastening nuts (2 x)<\/td>\n<\/tr>\n<tr>\n<td class=\"label\">Ambient operating temperature:<\/td>\n<td>-25 \u00b0C &#8230; +55 \u00b0C<\/td>\n<\/tr>\n<tr>\n<td class=\"label\">Ambient storage temperature:<\/td>\n<td>-40 \u00b0C &#8230; +70 \u00b0C<\/td>\n<\/tr>\n<tr>\n<td class=\"label\">Signal voltage PNP HIGH\/LOW:<\/td>\n<td>Approx. VS &#8211; 1.8 V \/ 0 V<\/td>\n<\/tr>\n<tr>\n<td class=\"footnote\" colspan=\"2\"><sup>1)<\/sup>\u00a0Limit values, operation in short-circuit protected network max. 8 A\u00a0\u00a0<sup>2)<\/sup>\u00a0May not exceed or fall short of V<sub>S<\/sub>\u00a0tolerances\u00a0\u00a0<sup>3)<\/sup>\u00a0Without load\u00a0\u00a0<sup>4)<\/sup>\u00a0Signal transit time with resistive load\u00a0\u00a0<sup>5)<\/sup>\u00a0With light\/dark ratio 1:1\u00a0\u00a0<sup>6)<\/sup>\u00a0A = V<sub>S<\/sub>\u00a0connections reverse-polarity protected\u00a0\u00a0<sup>7)<\/sup>\u00a0B = inputs and output reverse-polarity protected\u00a0\u00a0<sup>8)<\/sup>\u00a0D = outputs overcurrent and short-circuit protected<\/td>\n<\/tr>\n<\/tbody>\n<\/table>\n<\/div>\n<\/div>\n<div class=\"product-collateral\">\n<div class=\"product-specs-box\">\n<div class=\"title\"><strong>Products specifications<\/strong><\/div>\n<div class=\"table-wrapper\">\n<table class=\"data-table\">\n<colgroup>\n<col width=\"25%\" \/>\n<col \/><\/colgroup>\n<tbody>\n<tr class=\"odd\">\n<td class=\"spec-name\">Manufacturer category<\/td>\n<td class=\"spec-value\">Sick V180<\/td>\n<\/tr>\n<tr class=\"even\">\n<td class=\"spec-name\">Manufacturer<\/td>\n<td class=\"spec-value\">Sick<\/td>\n<\/tr>\n<\/tbody>\n<\/table>\n<\/div>\n<\/div>\n<\/div>\n<div class=\"related-products-grid product-grid\"><\/div>\n<div>\n<p>\u0110\u1ea1i l\u00fd SICK vietnam, SICK viet nam, SICK vietnam distributor, Ph\u00e2n ph\u1ed1i SICK t\u1ea1i vi\u1ec7t nam<\/p>\n<p>\u0110\u1ea1i l\u00fd SICK vietnam, SICK viet nam, SICK vietnam distributor, Ph\u00e2n ph\u1ed1i SICK t\u1ea1i vi\u1ec7t nam<\/p>\n<p>\u0110\u1ea1i l\u00fd SICK vietnam, SICK viet nam, SICK vietnam distributor, Ph\u00e2n ph\u1ed1i SICK t\u1ea1i vi\u1ec7t nam<\/p>\n<p>\u0110\u1ea1i l\u00fd SICK vietnam, SICK viet nam, SICK vietnam distributor, Ph\u00e2n ph\u1ed1i SICK t\u1ea1i vi\u1ec7t nam<\/p>\n<p>\u0110\u1ea1i l\u00fd SICK vietnam, SICK viet nam, SICK vietnam distributor, Ph\u00e2n ph\u1ed1i SICK t\u1ea1i vi\u1ec7t nam<\/p>\n<\/div>\n","protected":false},"excerpt":{"rendered":"<p>SICK VTE180-2F32342 Lowest-cost M18 housing sensor on the market Long sensing distances: 100 mm, 400 mm, 800 mm (max. 1,100 mm) Bright power and signal LEDs with 360\u00b0 visibility Wide product portfolio solves a broad range of applications High switching frequencies up to 1000 Hz Available in a metal housing&hellip; <\/p>\n","protected":false},"featured_media":1496,"comment_status":"open","ping_status":"closed","template":"","meta":[],"product_cat":[297],"product_tag":[88,89,90],"class_list":{"0":"post-1495","1":"product","2":"type-product","3":"status-publish","4":"has-post-thumbnail","6":"product_cat-sick","7":"product_tag-cam-bien","8":"product_tag-dai-ly-sick-viet-nam","9":"product_tag-sick-viet-nam","11":"first","12":"instock","13":"shipping-taxable","14":"product-type-simple"},"yoast_head":"<!-- This site is optimized with the Yoast SEO plugin v22.8 - https:\/\/yoast.com\/wordpress\/plugins\/seo\/ -->\n<title>SICK VTE180-2F32342 - OMANI VI\u1ec6T NAM<\/title>\n<meta name=\"robots\" content=\"index, follow, max-snippet:-1, max-image-preview:large, max-video-preview:-1\" \/>\n<link rel=\"canonical\" href=\"https:\/\/omanivietnam.com\/index.php\/san-pham\/sick-vte180-2f32342\/\" \/>\n<meta property=\"og:locale\" content=\"vi_VN\" \/>\n<meta property=\"og:type\" content=\"article\" \/>\n<meta property=\"og:title\" content=\"SICK VTE180-2F32342 - OMANI VI\u1ec6T NAM\" \/>\n<meta property=\"og:description\" content=\"SICK VTE180-2F32342 Lowest-cost M18 housing sensor on the market Long sensing distances: 100 mm, 400 mm, 800 mm (max. 1,100 mm) Bright power and signal LEDs with 360\u00b0 visibility Wide product portfolio solves a broad range of applications High switching frequencies up to 1000 Hz Available in a metal housing&hellip;\" \/>\n<meta property=\"og:url\" content=\"https:\/\/omanivietnam.com\/index.php\/san-pham\/sick-vte180-2f32342\/\" \/>\n<meta property=\"og:site_name\" content=\"OMANI VI\u1ec6T NAM\" \/>\n<meta property=\"article:modified_time\" content=\"2024-08-19T22:38:39+00:00\" \/>\n<meta property=\"og:image\" content=\"https:\/\/omanivietnam.com\/wp-content\/uploads\/2024\/08\/VTE180-2F32342.png\" \/>\n\t<meta property=\"og:image:width\" content=\"253\" \/>\n\t<meta property=\"og:image:height\" content=\"361\" \/>\n\t<meta property=\"og:image:type\" content=\"image\/png\" \/>\n<meta name=\"twitter:card\" content=\"summary_large_image\" \/>\n<meta name=\"twitter:label1\" content=\"\u01af\u1edbc t\u00ednh th\u1eddi gian \u0111\u1ecdc\" \/>\n\t<meta name=\"twitter:data1\" content=\"3 ph\u00fat\" \/>\n<script type=\"application\/ld+json\" class=\"yoast-schema-graph\">{\"@context\":\"https:\/\/schema.org\",\"@graph\":[{\"@type\":\"WebPage\",\"@id\":\"https:\/\/omanivietnam.com\/index.php\/san-pham\/sick-vte180-2f32342\/\",\"url\":\"https:\/\/omanivietnam.com\/index.php\/san-pham\/sick-vte180-2f32342\/\",\"name\":\"SICK VTE180-2F32342 - OMANI VI\u1ec6T NAM\",\"isPartOf\":{\"@id\":\"https:\/\/omanivietnam.com\/#website\"},\"primaryImageOfPage\":{\"@id\":\"https:\/\/omanivietnam.com\/index.php\/san-pham\/sick-vte180-2f32342\/#primaryimage\"},\"image\":{\"@id\":\"https:\/\/omanivietnam.com\/index.php\/san-pham\/sick-vte180-2f32342\/#primaryimage\"},\"thumbnailUrl\":\"https:\/\/omanivietnam.com\/wp-content\/uploads\/2024\/08\/VTE180-2F32342.png\",\"datePublished\":\"2024-08-19T22:37:35+00:00\",\"dateModified\":\"2024-08-19T22:38:39+00:00\",\"breadcrumb\":{\"@id\":\"https:\/\/omanivietnam.com\/index.php\/san-pham\/sick-vte180-2f32342\/#breadcrumb\"},\"inLanguage\":\"vi\",\"potentialAction\":[{\"@type\":\"ReadAction\",\"target\":[\"https:\/\/omanivietnam.com\/index.php\/san-pham\/sick-vte180-2f32342\/\"]}]},{\"@type\":\"ImageObject\",\"inLanguage\":\"vi\",\"@id\":\"https:\/\/omanivietnam.com\/index.php\/san-pham\/sick-vte180-2f32342\/#primaryimage\",\"url\":\"https:\/\/omanivietnam.com\/wp-content\/uploads\/2024\/08\/VTE180-2F32342.png\",\"contentUrl\":\"https:\/\/omanivietnam.com\/wp-content\/uploads\/2024\/08\/VTE180-2F32342.png\",\"width\":253,\"height\":361},{\"@type\":\"BreadcrumbList\",\"@id\":\"https:\/\/omanivietnam.com\/index.php\/san-pham\/sick-vte180-2f32342\/#breadcrumb\",\"itemListElement\":[{\"@type\":\"ListItem\",\"position\":1,\"name\":\"Home\",\"item\":\"https:\/\/omanivietnam.com\/\"},{\"@type\":\"ListItem\",\"position\":2,\"name\":\"S\u1ea2N PH\u1ea8M\",\"item\":\"https:\/\/omanivietnam.com\/index.php\/cua-hang\/\"},{\"@type\":\"ListItem\",\"position\":3,\"name\":\"SICK VTE180-2F32342\"}]},{\"@type\":\"WebSite\",\"@id\":\"https:\/\/omanivietnam.com\/#website\",\"url\":\"https:\/\/omanivietnam.com\/\",\"name\":\"OMANI VI\u1ec6T NAM\",\"description\":\"Nh\u00e0 ph\u00e2n ph\u1ed1i thi\u1ebft b\u1ecb kh\u00ed n\u00e9n v\u00e0 thi\u1ebft b\u1ecb t\u1ef1 \u0111\u1ed9ng h\u00f3a trong c\u00f4ng nghi\u1ec7p\",\"publisher\":{\"@id\":\"https:\/\/omanivietnam.com\/#\/schema\/person\/0ad398a980dc3fd696111c2c5c8fa897\"},\"potentialAction\":[{\"@type\":\"SearchAction\",\"target\":{\"@type\":\"EntryPoint\",\"urlTemplate\":\"https:\/\/omanivietnam.com\/?s={search_term_string}\"},\"query-input\":\"required name=search_term_string\"}],\"inLanguage\":\"vi\"},{\"@type\":[\"Person\",\"Organization\"],\"@id\":\"https:\/\/omanivietnam.com\/#\/schema\/person\/0ad398a980dc3fd696111c2c5c8fa897\",\"name\":\"Nguy\u1ec5n V\u0103n Kh\u00e1nh\",\"image\":{\"@type\":\"ImageObject\",\"inLanguage\":\"vi\",\"@id\":\"https:\/\/omanivietnam.com\/#\/schema\/person\/image\/\",\"url\":\"https:\/\/omanivietnam.com\/wp-content\/uploads\/2024\/06\/logo-1024x1024.png\",\"contentUrl\":\"https:\/\/omanivietnam.com\/wp-content\/uploads\/2024\/06\/logo-1024x1024.png\",\"width\":1024,\"height\":1024,\"caption\":\"Nguy\u1ec5n V\u0103n Kh\u00e1nh\"},\"logo\":{\"@id\":\"https:\/\/omanivietnam.com\/#\/schema\/person\/image\/\"},\"sameAs\":[\"https:\/\/omanivietnam.com\"]}]}<\/script>\n<!-- \/ Yoast SEO plugin. -->","yoast_head_json":{"title":"SICK VTE180-2F32342 - OMANI VI\u1ec6T NAM","robots":{"index":"index","follow":"follow","max-snippet":"max-snippet:-1","max-image-preview":"max-image-preview:large","max-video-preview":"max-video-preview:-1"},"canonical":"https:\/\/omanivietnam.com\/index.php\/san-pham\/sick-vte180-2f32342\/","og_locale":"vi_VN","og_type":"article","og_title":"SICK VTE180-2F32342 - OMANI VI\u1ec6T NAM","og_description":"SICK VTE180-2F32342 Lowest-cost M18 housing sensor on the market Long sensing distances: 100 mm, 400 mm, 800 mm (max. 1,100 mm) Bright power and signal LEDs with 360\u00b0 visibility Wide product portfolio solves a broad range of applications High switching frequencies up to 1000 Hz Available in a metal housing&hellip;","og_url":"https:\/\/omanivietnam.com\/index.php\/san-pham\/sick-vte180-2f32342\/","og_site_name":"OMANI VI\u1ec6T NAM","article_modified_time":"2024-08-19T22:38:39+00:00","og_image":[{"width":253,"height":361,"url":"https:\/\/omanivietnam.com\/wp-content\/uploads\/2024\/08\/VTE180-2F32342.png","type":"image\/png"}],"twitter_card":"summary_large_image","twitter_misc":{"\u01af\u1edbc t\u00ednh th\u1eddi gian \u0111\u1ecdc":"3 ph\u00fat"},"schema":{"@context":"https:\/\/schema.org","@graph":[{"@type":"WebPage","@id":"https:\/\/omanivietnam.com\/index.php\/san-pham\/sick-vte180-2f32342\/","url":"https:\/\/omanivietnam.com\/index.php\/san-pham\/sick-vte180-2f32342\/","name":"SICK VTE180-2F32342 - OMANI VI\u1ec6T NAM","isPartOf":{"@id":"https:\/\/omanivietnam.com\/#website"},"primaryImageOfPage":{"@id":"https:\/\/omanivietnam.com\/index.php\/san-pham\/sick-vte180-2f32342\/#primaryimage"},"image":{"@id":"https:\/\/omanivietnam.com\/index.php\/san-pham\/sick-vte180-2f32342\/#primaryimage"},"thumbnailUrl":"https:\/\/omanivietnam.com\/wp-content\/uploads\/2024\/08\/VTE180-2F32342.png","datePublished":"2024-08-19T22:37:35+00:00","dateModified":"2024-08-19T22:38:39+00:00","breadcrumb":{"@id":"https:\/\/omanivietnam.com\/index.php\/san-pham\/sick-vte180-2f32342\/#breadcrumb"},"inLanguage":"vi","potentialAction":[{"@type":"ReadAction","target":["https:\/\/omanivietnam.com\/index.php\/san-pham\/sick-vte180-2f32342\/"]}]},{"@type":"ImageObject","inLanguage":"vi","@id":"https:\/\/omanivietnam.com\/index.php\/san-pham\/sick-vte180-2f32342\/#primaryimage","url":"https:\/\/omanivietnam.com\/wp-content\/uploads\/2024\/08\/VTE180-2F32342.png","contentUrl":"https:\/\/omanivietnam.com\/wp-content\/uploads\/2024\/08\/VTE180-2F32342.png","width":253,"height":361},{"@type":"BreadcrumbList","@id":"https:\/\/omanivietnam.com\/index.php\/san-pham\/sick-vte180-2f32342\/#breadcrumb","itemListElement":[{"@type":"ListItem","position":1,"name":"Home","item":"https:\/\/omanivietnam.com\/"},{"@type":"ListItem","position":2,"name":"S\u1ea2N PH\u1ea8M","item":"https:\/\/omanivietnam.com\/index.php\/cua-hang\/"},{"@type":"ListItem","position":3,"name":"SICK VTE180-2F32342"}]},{"@type":"WebSite","@id":"https:\/\/omanivietnam.com\/#website","url":"https:\/\/omanivietnam.com\/","name":"OMANI VI\u1ec6T NAM","description":"Nh\u00e0 ph\u00e2n ph\u1ed1i thi\u1ebft b\u1ecb kh\u00ed n\u00e9n v\u00e0 thi\u1ebft b\u1ecb t\u1ef1 \u0111\u1ed9ng h\u00f3a trong c\u00f4ng nghi\u1ec7p","publisher":{"@id":"https:\/\/omanivietnam.com\/#\/schema\/person\/0ad398a980dc3fd696111c2c5c8fa897"},"potentialAction":[{"@type":"SearchAction","target":{"@type":"EntryPoint","urlTemplate":"https:\/\/omanivietnam.com\/?s={search_term_string}"},"query-input":"required name=search_term_string"}],"inLanguage":"vi"},{"@type":["Person","Organization"],"@id":"https:\/\/omanivietnam.com\/#\/schema\/person\/0ad398a980dc3fd696111c2c5c8fa897","name":"Nguy\u1ec5n V\u0103n Kh\u00e1nh","image":{"@type":"ImageObject","inLanguage":"vi","@id":"https:\/\/omanivietnam.com\/#\/schema\/person\/image\/","url":"https:\/\/omanivietnam.com\/wp-content\/uploads\/2024\/06\/logo-1024x1024.png","contentUrl":"https:\/\/omanivietnam.com\/wp-content\/uploads\/2024\/06\/logo-1024x1024.png","width":1024,"height":1024,"caption":"Nguy\u1ec5n V\u0103n Kh\u00e1nh"},"logo":{"@id":"https:\/\/omanivietnam.com\/#\/schema\/person\/image\/"},"sameAs":["https:\/\/omanivietnam.com"]}]}},"_links":{"self":[{"href":"https:\/\/omanivietnam.com\/index.php\/wp-json\/wp\/v2\/product\/1495","targetHints":{"allow":["GET"]}}],"collection":[{"href":"https:\/\/omanivietnam.com\/index.php\/wp-json\/wp\/v2\/product"}],"about":[{"href":"https:\/\/omanivietnam.com\/index.php\/wp-json\/wp\/v2\/types\/product"}],"replies":[{"embeddable":true,"href":"https:\/\/omanivietnam.com\/index.php\/wp-json\/wp\/v2\/comments?post=1495"}],"wp:featuredmedia":[{"embeddable":true,"href":"https:\/\/omanivietnam.com\/index.php\/wp-json\/wp\/v2\/media\/1496"}],"wp:attachment":[{"href":"https:\/\/omanivietnam.com\/index.php\/wp-json\/wp\/v2\/media?parent=1495"}],"wp:term":[{"taxonomy":"product_cat","embeddable":true,"href":"https:\/\/omanivietnam.com\/index.php\/wp-json\/wp\/v2\/product_cat?post=1495"},{"taxonomy":"product_tag","embeddable":true,"href":"https:\/\/omanivietnam.com\/index.php\/wp-json\/wp\/v2\/product_tag?post=1495"}],"curies":[{"name":"wp","href":"https:\/\/api.w.org\/{rel}","templated":true}]}}