{"id":1521,"date":"2024-08-25T05:43:39","date_gmt":"2024-08-24T22:43:39","guid":{"rendered":"https:\/\/omanivietnam.com\/?post_type=product&#038;p=1521"},"modified":"2025-11-23T14:14:46","modified_gmt":"2025-11-23T07:14:46","slug":"ifm-lmt102","status":"publish","type":"product","link":"https:\/\/omanivietnam.com\/index.php\/san-pham\/ifm-lmt102\/","title":{"rendered":"IFM LMT102"},"content":{"rendered":"<p>IFM LMT102<\/p>\n<p>C\u1ea3m bi\u1ebfn\u00a0LMT102:<\/p>\n<div>\n<div>S\u1ed1 l\u01b0\u1ee3ng \u0111\u1ea7u v\u00e0o v\u00e0 \u0111\u1ea7u ra S\u1ed1 \u0111\u1ea7u ra k\u1ef9 thu\u1eadt s\u1ed1: 2<\/div>\n<div>C\u00e0i \u0111\u1eb7t g\u1ed1c ph\u01b0\u01a1ng ti\u1ec7n th\u1ee7y l\u1ef1c<\/div>\n<div>K\u1ebft n\u1ed1i qu\u00e1 tr\u00ecnh k\u1ebft n\u1ed1i ren G 1\/2 h\u00ecnh n\u00f3n ni\u00eam phong<\/div>\n<div>T\u00ednh n\u0103ng \u0111\u1eb7c bi\u1ec7t M\u1eb7t ti\u1ebfp x\u00fac m\u1ea1 v\u00e0ng<\/div>\n<div>Ph\u01b0\u01a1ng ti\u1ec7n truy\u1ec1n th\u00f4ng Ch\u1ea5t l\u1ecfng; m\u00f4i tr\u01b0\u1eddng nh\u1edbt; b\u1ed9t<\/div>\n<div>Ph\u01b0\u01a1ng ti\u1ec7n \u0111\u01b0\u1ee3c \u0111\u1ec1 xu\u1ea5t n\u01b0\u1edbc; m\u00f4i tr\u01b0\u1eddng hydrous; c\u00e1c lo\u1ea1i d\u1ea7u; ph\u01b0\u01a1ng ti\u1ec7n truy\u1ec1n th\u00f4ng g\u1ed1c d\u1ea7u; b\u1ed9t<\/div>\n<div>Kh\u00f4ng th\u1ec3 \u0111\u01b0\u1ee3c s\u1eed d\u1ee5ng cho Xem h\u01b0\u1edbng d\u1eabn v\u1eadn h\u00e0nh, ch\u01b0\u01a1ng \u201cCh\u1ee9c n\u0103ng v\u00e0 t\u00ednh n\u0103ng\u201d.<\/div>\n<div>Chi\u1ec1u d\u00e0i \u0111\u1ea7u d\u00f2 [mm] 38<\/div>\n<div>\u00c1p su\u1ea5t b\u00ecnh [bar] -1 \u2026 40; (MAWP (cho c\u00e1c \u1ee9ng d\u1ee5ng theo CRN): 40 bar \/ 4 MPa)<\/div>\n<div>D\u1ea7u<\/div>\n<div>Nhi\u1ec7t \u0111\u1ed9 trung b\u00ecnh [\u00b0 C] -20 \u2026 100<\/div>\n<div>Nhi\u1ec7t \u0111\u1ed9 trung b\u00ecnh th\u1eddi gian ng\u1eafn [\u00b0 C] -20 \u2026 150; (1 gi\u1edd)<\/div>\n<div>N\u01b0\u1edbc u\u1ed1ng<\/div>\n<div>Nhi\u1ec7t \u0111\u1ed9 trung b\u00ecnh [\u00b0 C] -20 \u2026 100<\/div>\n<div>Nhi\u1ec7t \u0111\u1ed9 trung b\u00ecnh th\u1eddi gian ng\u1eafn [\u00b0 C] -20 \u2026 150; (1 gi\u1edd)<\/div>\n<div>D\u1eef li\u1ec7u \u0111i\u1ec7n<\/div>\n<div>\u0110i\u1ec7n \u00e1p ho\u1ea1t \u0111\u1ed9ng [V] 18 \u2026 30 DC<\/div>\n<div>M\u1ee9c ti\u00eau th\u1ee5 hi\u1ec7n t\u1ea1i [mA] &lt;50<\/div>\n<div>L\u1edbp b\u1ea3o v\u1ec7 III<\/div>\n<div>B\u1ea3o v\u1ec7 ph\u00e2n c\u1ef1c ng\u01b0\u1ee3c V\u00e2ng<\/div>\n<div>nguy\u00ean t\u1eafc \u0111o l\u01b0\u1eddng \u0111i\u1ec7n dung<\/div>\n<div>S\u1ed1 l\u01b0\u1ee3ng \u0111\u1ea7u v\u00e0o v\u00e0 \u0111\u1ea7u ra S\u1ed1 \u0111\u1ea7u ra k\u1ef9 thu\u1eadt s\u1ed1: 2<\/div>\n<\/div>\n<div class=\"product-header product-header--desktop\">\n<p class=\"product-header__category\">Sensor for point level detection<\/p>\n<div class=\"product-header__wrapper\">\n<p class=\"product-header__article\">LMT102<\/p>\n<p class=\"product-header__typekey\">LMCCE-A12E-QSKG-2\/US<\/p>\n<\/div>\n<\/div>\n<div class=\"bulletpoint-list\">\n<ul class=\"bulletpoint-list__entries\">\n<li>For the reliable level control in tanks and containers<\/li>\n<li>Hygienic design for the requirements of the food and beverage industry<\/li>\n<li>Use in liquid and viscous media and bulk materials<\/li>\n<li>Differentiation of media by parameterisation of the switching outputs<\/li>\n<li>Reliable suppression of deposits or foam<\/li>\n<\/ul>\n<div class=\"bulletpoint-list__seperator\"><\/div>\n<ul class=\"bulletpoint-list__entries\">\n<li>User-friendly communication and parameterisation via IO-Link<\/li>\n<\/ul>\n<\/div>\n<table class=\"woocommerce-product-attributes shop_attributes\">\n<tbody>\n<tr>\n<th class=\"pd-table-h1\" colspan=\"2\">Product characteristics<\/th>\n<\/tr>\n<tr>\n<td>Number of inputs and outputs<\/td>\n<td>Number of digital outputs: 2<\/td>\n<\/tr>\n<tr>\n<td>Factory setting<\/td>\n<td>hydrous media<\/td>\n<\/tr>\n<tr>\n<td>Process connection<\/td>\n<td>threaded connection G 1\/2 sealing cone<\/td>\n<\/tr>\n<tr>\n<th class=\"pd-table-h1\" colspan=\"2\">Application<\/th>\n<\/tr>\n<tr>\n<td>Special feature<\/td>\n<td>Gold-plated contacts<\/td>\n<\/tr>\n<tr>\n<td>Media<\/td>\n<td>Liquids; viscous media; powder<\/td>\n<\/tr>\n<tr>\n<td>Recommended media<\/td>\n<td>water; hydrous media; oils; oil-based media; powder<\/td>\n<\/tr>\n<tr>\n<td>Cannot be used for<\/td>\n<td>See the operating instructions, chapter \u201cFunction and features\u201d.<\/td>\n<\/tr>\n<tr>\n<td>Probe length [mm]<\/td>\n<td>38<\/td>\n<\/tr>\n<tr>\n<td>Tank pressure [bar]<\/td>\n<td>-1\u202640; (MAWP (for applications according to CRN): 40 bar \/ 4 MPa)<\/td>\n<\/tr>\n<tr>\n<th class=\"pd-table-h2\" colspan=\"2\">Oil<\/th>\n<\/tr>\n<tr>\n<td>Medium temperature [\u00b0C]<\/td>\n<td>-20\u2026100<\/td>\n<\/tr>\n<tr>\n<td>Medium temperature short time [\u00b0C]<\/td>\n<td>-20\u2026150; (1 h)<\/td>\n<\/tr>\n<tr>\n<th class=\"pd-table-h2\" colspan=\"2\">Water<\/th>\n<\/tr>\n<tr>\n<td>Medium temperature [\u00b0C]<\/td>\n<td>-20\u2026100<\/td>\n<\/tr>\n<tr>\n<td>Medium temperature short time [\u00b0C]<\/td>\n<td>-20\u2026150; (1 h)<\/td>\n<\/tr>\n<tr>\n<th class=\"pd-table-h1\" colspan=\"2\">Electrical data<\/th>\n<\/tr>\n<tr>\n<td>Operating voltage [V]<\/td>\n<td>18\u202630 DC<\/td>\n<\/tr>\n<tr>\n<td>Current consumption [mA]<\/td>\n<td>&lt; 50<\/td>\n<\/tr>\n<tr>\n<td>Protection class<\/td>\n<td>III<\/td>\n<\/tr>\n<tr>\n<td>Reverse polarity protection<\/td>\n<td>yes<\/td>\n<\/tr>\n<tr>\n<th class=\"pd-table-h1\" colspan=\"2\">Inputs \/ outputs<\/th>\n<\/tr>\n<tr>\n<td>Number of inputs and outputs<\/td>\n<td>Number of digital outputs: 2<\/td>\n<\/tr>\n<tr>\n<th class=\"pd-table-h1\" colspan=\"2\">Outputs<\/th>\n<\/tr>\n<tr>\n<td>Total number of outputs<\/td>\n<td>2<\/td>\n<\/tr>\n<tr>\n<td>Output signal<\/td>\n<td>switching signal; IO-Link<\/td>\n<\/tr>\n<tr>\n<td>Electrical design<\/td>\n<td>PNP\/NPN<\/td>\n<\/tr>\n<tr>\n<td>Number of digital outputs<\/td>\n<td>2<\/td>\n<\/tr>\n<tr>\n<td>Output function<\/td>\n<td>normally open \/ normally closed; (parameterisable)<\/td>\n<\/tr>\n<tr>\n<td>Max. voltage drop switching output DC [V]<\/td>\n<td>2.5<\/td>\n<\/tr>\n<tr>\n<td>Permanent current rating of switching output DC [mA]<\/td>\n<td>100<\/td>\n<\/tr>\n<tr>\n<td>Short-circuit protection<\/td>\n<td>yes<\/td>\n<\/tr>\n<tr>\n<td>Type of short-circuit protection<\/td>\n<td>pulsed<\/td>\n<\/tr>\n<tr>\n<td>Overload protection<\/td>\n<td>yes<\/td>\n<\/tr>\n<tr>\n<th class=\"pd-table-h1\" colspan=\"2\">Measuring\/setting range<\/th>\n<\/tr>\n<tr>\n<td>Factory setting<\/td>\n<td>hydrous media<\/td>\n<\/tr>\n<tr>\n<th class=\"pd-table-h1\" colspan=\"2\">Response times<\/th>\n<\/tr>\n<tr>\n<td>Response time [s]<\/td>\n<td>&lt; 0.5<\/td>\n<\/tr>\n<tr>\n<th class=\"pd-table-h1\" colspan=\"2\">Interfaces<\/th>\n<\/tr>\n<tr>\n<td>Communication interface<\/td>\n<td>IO-Link<\/td>\n<\/tr>\n<tr>\n<td>Transmission type<\/td>\n<td>COM2 (38,4 kBaud)<\/td>\n<\/tr>\n<tr>\n<td>IO-Link revision<\/td>\n<td>1.1<\/td>\n<\/tr>\n<tr>\n<td>SDCI standard<\/td>\n<td>IEC 61131-9<\/td>\n<\/tr>\n<tr>\n<td>Profiles<\/td>\n<td>Smart Sensor: Process Data Variable; Device Identification<\/td>\n<\/tr>\n<tr>\n<td>SIO mode<\/td>\n<td>yes<\/td>\n<\/tr>\n<tr>\n<td>Required master port type<\/td>\n<td>A<\/td>\n<\/tr>\n<tr>\n<td>Process data analogue<\/td>\n<td>1<\/td>\n<\/tr>\n<tr>\n<td>Process data binary<\/td>\n<td>2<\/td>\n<\/tr>\n<tr>\n<td>Min. process cycle time [ms]<\/td>\n<td>2.3<\/td>\n<\/tr>\n<tr>\n<td>Supported DeviceIDs<\/td>\n<td>\n<table>\n<caption>\u00a0<\/caption>\n<colgroup class=\"pd-table-cols-2\">\n<col class=\"pd-table-col-1\" \/>\n<col class=\"pd-table-col-2\" \/><\/colgroup>\n<tbody>\n<tr>\n<td>Type of operation<\/td>\n<td>DeviceID<\/td>\n<\/tr>\n<tr>\n<td>Default<\/td>\n<td>370<\/td>\n<\/tr>\n<\/tbody>\n<\/table>\n<\/td>\n<\/tr>\n<tr>\n<th class=\"pd-table-h1\" colspan=\"2\">Operating conditions<\/th>\n<\/tr>\n<tr>\n<td>Ambient temperature [\u00b0C]<\/td>\n<td>-20\u202685<\/td>\n<\/tr>\n<tr>\n<td>Note on ambient temperature<\/td>\n<td>\n<table>\n<caption>\u00a0<\/caption>\n<colgroup class=\"pd-table-cols-1\">\n<col class=\"pd-table-col-1\" \/><\/colgroup>\n<tbody>\n<tr>\n<td>Medium temperature: &lt; 100 \u00b0C<\/td>\n<\/tr>\n<tr>\n<td>-20\u202660 \u00b0C<\/td>\n<\/tr>\n<tr>\n<td>Medium temperature: &lt; 150 \u00b0C<\/td>\n<\/tr>\n<\/tbody>\n<\/table>\n<\/td>\n<\/tr>\n<tr>\n<td>Storage temperature [\u00b0C]<\/td>\n<td>-40\u202685<\/td>\n<\/tr>\n<tr>\n<td>Protection<\/td>\n<td>IP 68; IP 69K<\/td>\n<\/tr>\n<tr>\n<th class=\"pd-table-h1\" colspan=\"2\">Mechanical data<\/th>\n<\/tr>\n<tr>\n<td>Weight [g]<\/td>\n<td>240<\/td>\n<\/tr>\n<tr>\n<td>Dimensions [mm]<\/td>\n<td>\u00d8 30 \/ L = 125<\/td>\n<\/tr>\n<tr>\n<td>Materials<\/td>\n<td>stainless steel (1.4404 \/ 316L); PEEK; PEI; FKM<\/td>\n<\/tr>\n<tr>\n<td>Materials (wetted parts)<\/td>\n<td>PEEK; surface characteristics : Ra &lt; 0,8 \/ Rz 4<\/td>\n<\/tr>\n<tr>\n<td>Process connection<\/td>\n<td>threaded connection G 1\/2 sealing cone<\/td>\n<\/tr>\n<tr>\n<th class=\"pd-table-h1\" colspan=\"2\">Displays \/ operating elements<\/th>\n<\/tr>\n<tr>\n<td>Display<\/td>\n<td>\n<table>\n<caption>\u00a0<\/caption>\n<colgroup class=\"pd-table-cols-2\">\n<col class=\"pd-table-col-1\" \/>\n<col class=\"pd-table-col-2\" \/><\/colgroup>\n<tbody>\n<tr>\n<td>switching status<\/td>\n<td>LED, yellow<\/td>\n<\/tr>\n<tr>\n<td>operating status<\/td>\n<td>LED, green<\/td>\n<\/tr>\n<\/tbody>\n<\/table>\n<\/td>\n<\/tr>\n<tr>\n<th class=\"pd-table-h1\" colspan=\"2\">Remarks<\/th>\n<\/tr>\n<tr>\n<td>Pack quantity<\/td>\n<td>1 pcs.<\/td>\n<\/tr>\n<tr>\n<th class=\"pd-table-h1\" colspan=\"2\">Electrical connection<\/th>\n<\/tr>\n<tr>\n<td>Connection<\/td>\n<td>Connector: 1 x M12; Contacts: gold-plated<\/td>\n<\/tr>\n<\/tbody>\n<\/table>\n<p>&nbsp;<\/p>\n<p>\u0110\u1ea1i l\u00fd IFM vietnam, IFM viet nam, IFM vietnam distributor, Ph\u00e2n ph\u1ed1i IFM t\u1ea1i vi\u1ec7t nam<\/p>\n<p>\u0110\u1ea1i l\u00fd IFM vietnam, IFM viet nam, IFM vietnam distributor, Ph\u00e2n ph\u1ed1i IFM t\u1ea1i vi\u1ec7t nam<\/p>\n<p>\u0110\u1ea1i l\u00fd IFM vietnam, IFM viet nam, IFM vietnam distributor, Ph\u00e2n ph\u1ed1i IFM t\u1ea1i vi\u1ec7t nam<\/p>\n<p>\u0110\u1ea1i l\u00fd IFM vietnam, IFM viet nam, IFM vietnam distributor, Ph\u00e2n ph\u1ed1i IFM t\u1ea1i vi\u1ec7t nam<\/p>\n<p>\u0110\u1ea1i l\u00fd IFM vietnam, IFM viet nam, IFM vietnam distributor, Ph\u00e2n ph\u1ed1i IFM t\u1ea1i vi\u1ec7t nam<\/p>\n","protected":false},"excerpt":{"rendered":"<p>IFM LMT102 C\u1ea3m bi\u1ebfn\u00a0LMT102: S\u1ed1 l\u01b0\u1ee3ng \u0111\u1ea7u v\u00e0o v\u00e0 \u0111\u1ea7u ra S\u1ed1 \u0111\u1ea7u ra k\u1ef9 thu\u1eadt s\u1ed1: 2 C\u00e0i \u0111\u1eb7t g\u1ed1c ph\u01b0\u01a1ng ti\u1ec7n th\u1ee7y l\u1ef1c K\u1ebft n\u1ed1i qu\u00e1 tr\u00ecnh k\u1ebft n\u1ed1i ren G 1\/2 h\u00ecnh n\u00f3n ni\u00eam phong T\u00ednh n\u0103ng \u0111\u1eb7c bi\u1ec7t M\u1eb7t ti\u1ebfp x\u00fac m\u1ea1 v\u00e0ng Ph\u01b0\u01a1ng ti\u1ec7n truy\u1ec1n&hellip; <\/p>\n","protected":false},"featured_media":1522,"comment_status":"open","ping_status":"closed","template":"","meta":[],"product_cat":[300],"product_tag":[88,166,165],"class_list":{"0":"post-1521","1":"product","2":"type-product","3":"status-publish","4":"has-post-thumbnail","6":"product_cat-ifm","7":"product_tag-cam-bien","8":"product_tag-dai-ly-ifm-viet-nam","9":"product_tag-ifm-viet-nam","11":"first","12":"instock","13":"shipping-taxable","14":"product-type-simple"},"yoast_head":"<!-- This site is optimized with the Yoast SEO plugin v22.8 - https:\/\/yoast.com\/wordpress\/plugins\/seo\/ -->\n<title>IFM LMT102 - OMANI VI\u1ec6T NAM<\/title>\n<meta name=\"description\" content=\"IFM LMT102 Sensor\" \/>\n<meta name=\"robots\" content=\"index, follow, max-snippet:-1, max-image-preview:large, max-video-preview:-1\" \/>\n<link rel=\"canonical\" href=\"https:\/\/omanivietnam.com\/index.php\/san-pham\/ifm-lmt102\/\" \/>\n<meta property=\"og:locale\" content=\"vi_VN\" \/>\n<meta property=\"og:type\" content=\"article\" \/>\n<meta property=\"og:title\" content=\"IFM LMT102 - OMANI VI\u1ec6T NAM\" \/>\n<meta property=\"og:description\" content=\"IFM LMT102 Sensor\" \/>\n<meta property=\"og:url\" content=\"https:\/\/omanivietnam.com\/index.php\/san-pham\/ifm-lmt102\/\" \/>\n<meta property=\"og:site_name\" content=\"OMANI VI\u1ec6T NAM\" \/>\n<meta property=\"article:modified_time\" content=\"2025-11-23T07:14:46+00:00\" \/>\n<meta property=\"og:image\" content=\"https:\/\/omanivietnam.com\/wp-content\/uploads\/2024\/08\/LMT102.png\" \/>\n\t<meta property=\"og:image:width\" content=\"1145\" \/>\n\t<meta property=\"og:image:height\" content=\"929\" \/>\n\t<meta property=\"og:image:type\" content=\"image\/png\" \/>\n<meta name=\"twitter:card\" content=\"summary_large_image\" \/>\n<meta name=\"twitter:label1\" content=\"\u01af\u1edbc t\u00ednh th\u1eddi gian \u0111\u1ecdc\" \/>\n\t<meta name=\"twitter:data1\" content=\"4 ph\u00fat\" \/>\n<script type=\"application\/ld+json\" class=\"yoast-schema-graph\">{\"@context\":\"https:\/\/schema.org\",\"@graph\":[{\"@type\":\"WebPage\",\"@id\":\"https:\/\/omanivietnam.com\/index.php\/san-pham\/ifm-lmt102\/\",\"url\":\"https:\/\/omanivietnam.com\/index.php\/san-pham\/ifm-lmt102\/\",\"name\":\"IFM LMT102 - OMANI VI\u1ec6T NAM\",\"isPartOf\":{\"@id\":\"https:\/\/omanivietnam.com\/#website\"},\"primaryImageOfPage\":{\"@id\":\"https:\/\/omanivietnam.com\/index.php\/san-pham\/ifm-lmt102\/#primaryimage\"},\"image\":{\"@id\":\"https:\/\/omanivietnam.com\/index.php\/san-pham\/ifm-lmt102\/#primaryimage\"},\"thumbnailUrl\":\"https:\/\/omanivietnam.com\/wp-content\/uploads\/2024\/08\/LMT102.png\",\"datePublished\":\"2024-08-24T22:43:39+00:00\",\"dateModified\":\"2025-11-23T07:14:46+00:00\",\"description\":\"IFM LMT102 Sensor\",\"breadcrumb\":{\"@id\":\"https:\/\/omanivietnam.com\/index.php\/san-pham\/ifm-lmt102\/#breadcrumb\"},\"inLanguage\":\"vi\",\"potentialAction\":[{\"@type\":\"ReadAction\",\"target\":[\"https:\/\/omanivietnam.com\/index.php\/san-pham\/ifm-lmt102\/\"]}]},{\"@type\":\"ImageObject\",\"inLanguage\":\"vi\",\"@id\":\"https:\/\/omanivietnam.com\/index.php\/san-pham\/ifm-lmt102\/#primaryimage\",\"url\":\"https:\/\/omanivietnam.com\/wp-content\/uploads\/2024\/08\/LMT102.png\",\"contentUrl\":\"https:\/\/omanivietnam.com\/wp-content\/uploads\/2024\/08\/LMT102.png\",\"width\":1145,\"height\":929},{\"@type\":\"BreadcrumbList\",\"@id\":\"https:\/\/omanivietnam.com\/index.php\/san-pham\/ifm-lmt102\/#breadcrumb\",\"itemListElement\":[{\"@type\":\"ListItem\",\"position\":1,\"name\":\"Home\",\"item\":\"https:\/\/omanivietnam.com\/\"},{\"@type\":\"ListItem\",\"position\":2,\"name\":\"S\u1ea2N PH\u1ea8M\",\"item\":\"https:\/\/omanivietnam.com\/index.php\/cua-hang\/\"},{\"@type\":\"ListItem\",\"position\":3,\"name\":\"IFM LMT102\"}]},{\"@type\":\"WebSite\",\"@id\":\"https:\/\/omanivietnam.com\/#website\",\"url\":\"https:\/\/omanivietnam.com\/\",\"name\":\"OMANI VI\u1ec6T NAM\",\"description\":\"Nh\u00e0 ph\u00e2n ph\u1ed1i thi\u1ebft b\u1ecb kh\u00ed n\u00e9n v\u00e0 thi\u1ebft b\u1ecb t\u1ef1 \u0111\u1ed9ng h\u00f3a trong c\u00f4ng nghi\u1ec7p\",\"publisher\":{\"@id\":\"https:\/\/omanivietnam.com\/#\/schema\/person\/0ad398a980dc3fd696111c2c5c8fa897\"},\"potentialAction\":[{\"@type\":\"SearchAction\",\"target\":{\"@type\":\"EntryPoint\",\"urlTemplate\":\"https:\/\/omanivietnam.com\/?s={search_term_string}\"},\"query-input\":\"required name=search_term_string\"}],\"inLanguage\":\"vi\"},{\"@type\":[\"Person\",\"Organization\"],\"@id\":\"https:\/\/omanivietnam.com\/#\/schema\/person\/0ad398a980dc3fd696111c2c5c8fa897\",\"name\":\"Nguy\u1ec5n V\u0103n Kh\u00e1nh\",\"image\":{\"@type\":\"ImageObject\",\"inLanguage\":\"vi\",\"@id\":\"https:\/\/omanivietnam.com\/#\/schema\/person\/image\/\",\"url\":\"https:\/\/omanivietnam.com\/wp-content\/uploads\/2024\/06\/logo-1024x1024.png\",\"contentUrl\":\"https:\/\/omanivietnam.com\/wp-content\/uploads\/2024\/06\/logo-1024x1024.png\",\"width\":1024,\"height\":1024,\"caption\":\"Nguy\u1ec5n V\u0103n Kh\u00e1nh\"},\"logo\":{\"@id\":\"https:\/\/omanivietnam.com\/#\/schema\/person\/image\/\"},\"sameAs\":[\"https:\/\/omanivietnam.com\"]}]}<\/script>\n<!-- \/ Yoast SEO plugin. -->","yoast_head_json":{"title":"IFM LMT102 - OMANI VI\u1ec6T NAM","description":"IFM LMT102 Sensor","robots":{"index":"index","follow":"follow","max-snippet":"max-snippet:-1","max-image-preview":"max-image-preview:large","max-video-preview":"max-video-preview:-1"},"canonical":"https:\/\/omanivietnam.com\/index.php\/san-pham\/ifm-lmt102\/","og_locale":"vi_VN","og_type":"article","og_title":"IFM LMT102 - OMANI VI\u1ec6T NAM","og_description":"IFM LMT102 Sensor","og_url":"https:\/\/omanivietnam.com\/index.php\/san-pham\/ifm-lmt102\/","og_site_name":"OMANI VI\u1ec6T NAM","article_modified_time":"2025-11-23T07:14:46+00:00","og_image":[{"width":1145,"height":929,"url":"https:\/\/omanivietnam.com\/wp-content\/uploads\/2024\/08\/LMT102.png","type":"image\/png"}],"twitter_card":"summary_large_image","twitter_misc":{"\u01af\u1edbc t\u00ednh th\u1eddi gian \u0111\u1ecdc":"4 ph\u00fat"},"schema":{"@context":"https:\/\/schema.org","@graph":[{"@type":"WebPage","@id":"https:\/\/omanivietnam.com\/index.php\/san-pham\/ifm-lmt102\/","url":"https:\/\/omanivietnam.com\/index.php\/san-pham\/ifm-lmt102\/","name":"IFM LMT102 - OMANI VI\u1ec6T NAM","isPartOf":{"@id":"https:\/\/omanivietnam.com\/#website"},"primaryImageOfPage":{"@id":"https:\/\/omanivietnam.com\/index.php\/san-pham\/ifm-lmt102\/#primaryimage"},"image":{"@id":"https:\/\/omanivietnam.com\/index.php\/san-pham\/ifm-lmt102\/#primaryimage"},"thumbnailUrl":"https:\/\/omanivietnam.com\/wp-content\/uploads\/2024\/08\/LMT102.png","datePublished":"2024-08-24T22:43:39+00:00","dateModified":"2025-11-23T07:14:46+00:00","description":"IFM LMT102 Sensor","breadcrumb":{"@id":"https:\/\/omanivietnam.com\/index.php\/san-pham\/ifm-lmt102\/#breadcrumb"},"inLanguage":"vi","potentialAction":[{"@type":"ReadAction","target":["https:\/\/omanivietnam.com\/index.php\/san-pham\/ifm-lmt102\/"]}]},{"@type":"ImageObject","inLanguage":"vi","@id":"https:\/\/omanivietnam.com\/index.php\/san-pham\/ifm-lmt102\/#primaryimage","url":"https:\/\/omanivietnam.com\/wp-content\/uploads\/2024\/08\/LMT102.png","contentUrl":"https:\/\/omanivietnam.com\/wp-content\/uploads\/2024\/08\/LMT102.png","width":1145,"height":929},{"@type":"BreadcrumbList","@id":"https:\/\/omanivietnam.com\/index.php\/san-pham\/ifm-lmt102\/#breadcrumb","itemListElement":[{"@type":"ListItem","position":1,"name":"Home","item":"https:\/\/omanivietnam.com\/"},{"@type":"ListItem","position":2,"name":"S\u1ea2N PH\u1ea8M","item":"https:\/\/omanivietnam.com\/index.php\/cua-hang\/"},{"@type":"ListItem","position":3,"name":"IFM LMT102"}]},{"@type":"WebSite","@id":"https:\/\/omanivietnam.com\/#website","url":"https:\/\/omanivietnam.com\/","name":"OMANI VI\u1ec6T NAM","description":"Nh\u00e0 ph\u00e2n ph\u1ed1i thi\u1ebft b\u1ecb kh\u00ed n\u00e9n v\u00e0 thi\u1ebft b\u1ecb t\u1ef1 \u0111\u1ed9ng h\u00f3a trong c\u00f4ng nghi\u1ec7p","publisher":{"@id":"https:\/\/omanivietnam.com\/#\/schema\/person\/0ad398a980dc3fd696111c2c5c8fa897"},"potentialAction":[{"@type":"SearchAction","target":{"@type":"EntryPoint","urlTemplate":"https:\/\/omanivietnam.com\/?s={search_term_string}"},"query-input":"required name=search_term_string"}],"inLanguage":"vi"},{"@type":["Person","Organization"],"@id":"https:\/\/omanivietnam.com\/#\/schema\/person\/0ad398a980dc3fd696111c2c5c8fa897","name":"Nguy\u1ec5n V\u0103n Kh\u00e1nh","image":{"@type":"ImageObject","inLanguage":"vi","@id":"https:\/\/omanivietnam.com\/#\/schema\/person\/image\/","url":"https:\/\/omanivietnam.com\/wp-content\/uploads\/2024\/06\/logo-1024x1024.png","contentUrl":"https:\/\/omanivietnam.com\/wp-content\/uploads\/2024\/06\/logo-1024x1024.png","width":1024,"height":1024,"caption":"Nguy\u1ec5n V\u0103n Kh\u00e1nh"},"logo":{"@id":"https:\/\/omanivietnam.com\/#\/schema\/person\/image\/"},"sameAs":["https:\/\/omanivietnam.com"]}]}},"_links":{"self":[{"href":"https:\/\/omanivietnam.com\/index.php\/wp-json\/wp\/v2\/product\/1521","targetHints":{"allow":["GET"]}}],"collection":[{"href":"https:\/\/omanivietnam.com\/index.php\/wp-json\/wp\/v2\/product"}],"about":[{"href":"https:\/\/omanivietnam.com\/index.php\/wp-json\/wp\/v2\/types\/product"}],"replies":[{"embeddable":true,"href":"https:\/\/omanivietnam.com\/index.php\/wp-json\/wp\/v2\/comments?post=1521"}],"wp:featuredmedia":[{"embeddable":true,"href":"https:\/\/omanivietnam.com\/index.php\/wp-json\/wp\/v2\/media\/1522"}],"wp:attachment":[{"href":"https:\/\/omanivietnam.com\/index.php\/wp-json\/wp\/v2\/media?parent=1521"}],"wp:term":[{"taxonomy":"product_cat","embeddable":true,"href":"https:\/\/omanivietnam.com\/index.php\/wp-json\/wp\/v2\/product_cat?post=1521"},{"taxonomy":"product_tag","embeddable":true,"href":"https:\/\/omanivietnam.com\/index.php\/wp-json\/wp\/v2\/product_tag?post=1521"}],"curies":[{"name":"wp","href":"https:\/\/api.w.org\/{rel}","templated":true}]}}